{"id":9960,"date":"2022-05-06T14:27:29","date_gmt":"2022-05-06T11:27:29","guid":{"rendered":"http:\/\/isimmedya.com\/?post_type=product&#038;p=9960"},"modified":"2026-02-18T15:33:04","modified_gmt":"2026-02-18T12:33:04","slug":"kanal-kamerasi","status":"publish","type":"product","link":"https:\/\/enermak.com\/en\/urunler\/kanal-kamerasi\/","title":{"rendered":"IBAK ORPHEUS: Kanal Kameras\u0131"},"content":{"rendered":"<h2><span style=\"color: #000000;\"><strong>IBAK ORPHEUS 2\/3 HD Kanal Kameras\u0131<\/strong><\/span><\/h2>\n<h3><span style=\"color: #000000;\">\u0130leri Teknoloji: IBAK ORPHEUS Kanal Kameras\u0131 ile Kesintisiz ve Keskin Kanal \u0130ncelemeleri<\/span><\/h3>\n<p><span style=\"color: #000000;\">Kanal kameras\u0131, altyap\u0131 sistemlerini geli\u015ftirmek ve s\u00fcrd\u00fcr\u00fclebilirli\u011fi sa\u011flamak ad\u0131na s\u00fcrekli olarak yeni teknolojilere y\u00f6nelmektedir. Bu ba\u011flamda, IBAK&#8217;\u0131n \u00f6nc\u00fc \u00fcr\u00fcnlerinden biri olan IBAK ORPHEUS, kanalizasyon sistemlerinde \u00e7\u0131\u011f\u0131r a\u00e7an bir teknoloji sunmaktad\u0131r.<\/span><\/p>\n<p><span style=\"color: #000000;\">IBAK, pazardaki bu teknolojinin \u00f6nc\u00fcs\u00fcd\u00fcr ve videolar\u0131n tam HD kalitesinde olu\u015fturulabilmesi, iletilebilmesi, g\u00f6r\u00fcnt\u00fclenmesi, i\u015flenmesi ve ar\u015fivlenmesi i\u00e7in bir sistem sunmaktad\u0131r.\u00a0ORPHEUS 2\/3 HD kamera, tam HD format\u0131nda (1920 x 1080 = 2.08 milyon piksel), geleneksel PAL sens\u00f6r\u00fc olarak yakla\u015f\u0131k 5 kat piksele sahip bir g\u00f6r\u00fcnt\u00fc sens\u00f6r\u00fc ile donat\u0131lm\u0131\u015ft\u0131r.<\/span><\/p>\n<p><span style=\"color: #000000;\">G\u00f6r\u00fcnt\u00fc aktar\u0131m\u0131, kamera kafas\u0131ndaki g\u00f6r\u00fcnt\u00fcn\u00fcn olu\u015fturulmas\u0131ndan kontrol \u00fcnitesinde g\u00f6r\u00fcnt\u00fclenmesi ve saklanmas\u0131na kadar tamamen dijitaldir.\u00a0B\u00f6ylece \u00fcretilen kamera g\u00f6r\u00fcnt\u00fcs\u00fc, \u00e7\u00f6z\u00fcn\u00fcrl\u00fck ve renk kalitesi a\u00e7\u0131s\u0131ndan rakipsiz kaliteye sahiptir.\u00a0ORPHEUS 2\/3 HD&#8217;nin tam HD \u00e7\u00f6z\u00fcn\u00fcrl\u00fc\u011f\u00fc, optik fiber \u00fczerinden iletilir ve H.264 standard\u0131 kullan\u0131larak y\u00fcksek oranda s\u0131k\u0131\u015ft\u0131r\u0131l\u0131r.<\/span><\/p>\n<p><span style=\"color: #000000;\">1080 piksel dikey g\u00f6r\u00fcnt\u00fc \u00e7\u00f6z\u00fcn\u00fcrl\u00fc\u011f\u00fc ile ORPHEUS 2\/3 HD, geni\u015f \u00e7apl\u0131 borular\u0131n incelenmesi i\u00e7in DWA dan\u0131\u015fma bro\u015f\u00fcr\u00fc M149-5 gereksinimlerini kar\u015f\u0131lar (\u00f6rn. DN 1000 borular i\u00e7in en az 1000 piksel gereken dikey \u00e7\u00f6z\u00fcn\u00fcrl\u00fck).\u00a0Y\u00fcksek \u00e7\u00f6z\u00fcn\u00fcrl\u00fckl\u00fc dijital g\u00f6r\u00fcnt\u00fc \u00fcretiminin yan\u0131 s\u0131ra, ORPHEUS 2\/3 HD, kanalizasyondaki incelemeler s\u0131ras\u0131nda 10x optik zum, otomatik g\u00f6r\u00fcnt\u00fc rutini ve kolay anla\u015f\u0131l\u0131r kusur \u00f6l\u00e7\u00fcm\u00fc gibi geleneksel bir d\u00f6ner kameran\u0131n t\u00fcm \u00f6nemli i\u015flevlerine sahiptir.<\/span><\/p>\n<figure id=\"attachment_26599\" aria-describedby=\"caption-attachment-26599\" style=\"width: 1080px\" class=\"wp-caption alignnone\"><img fetchpriority=\"high\" decoding=\"async\" class=\"wp-image-26599 size-full\" src=\"https:\/\/enermak.com\/wp-content\/uploads\/2022\/05\/Ekran-goruntusu-2023-11-15-180316.png\" alt=\"Ibak Orpheus Kanal kameras\u0131\" width=\"1080\" height=\"453\" \/><figcaption id=\"caption-attachment-26599\" class=\"wp-caption-text\"><span style=\"color: #000000;\">Ibak Orpheus Kanal kameras\u0131 ile hd bir g\u00f6r\u00fcnt\u00fcleme yapabilirsiniz. ORPHEUS 3 HD\u2019de patlama korumas\u0131 ile sunulmaktad\u0131r.\u00a0T\u00fcm veriler IKAS evrim yaz\u0131l\u0131m\u0131nda g\u00f6r\u00fcnt\u00fclenir ve i\u015flenir.<\/span><\/figcaption><\/figure>\n<h2><span style=\"color: #000000;\"><strong>\u00d6zellikler:<\/strong><\/span><\/h2>\n<ol>\n<li><span style=\"color: #000000;\"><em>Y\u00fcksek \u00c7\u00f6z\u00fcn\u00fcrl\u00fck:<\/em> IBAK ORPHEUS, y\u00fcksek \u00e7\u00f6z\u00fcn\u00fcrl\u00fckl\u00fc kameras\u0131yla kanalizasyon sistemlerinde inan\u0131lmaz ayr\u0131nt\u0131lar\u0131 yakalayabilir. Bu, sorunlar\u0131 h\u0131zl\u0131 ve do\u011fru bir \u015fekilde tespit etmeyi sa\u011flar.<\/span><\/li>\n<li><span style=\"color: #000000;\"><em>Esnek Tasar\u0131m:<\/em> Orpheus, esnek ve mod\u00fcler tasar\u0131m\u0131 sayesinde farkl\u0131 kanalizasyon sistemlerine kolayca adapte olabilir. Dar alanlarda bile etkili bir \u015fekilde kullan\u0131labilir.<\/span><\/li>\n<li><span style=\"color: #000000;\"><em>Uzaktan Kontrol:<\/em> Uzaktan kontrol yetene\u011fi, operat\u00f6rlere b\u00fcy\u00fck bir esneklik sa\u011flar. Cihaz\u0131 uzaktan y\u00f6netme \u00f6zelli\u011fi, kullan\u0131c\u0131lara g\u00fcvenli bir uzak mesafeden \u00e7al\u0131\u015fma imkan\u0131 tan\u0131r.<\/span><\/li>\n<li><span style=\"color: #000000;\"><em>Veri Kayd\u0131:<\/em> IBAK ORPHEUS, \u00e7ekilen g\u00f6r\u00fcnt\u00fcleri ve verileri kaydederek daha sonra analiz edilmesi i\u00e7in kullan\u0131c\u0131ya sunar. Bu, sorunlar\u0131n daha derinlemesine incelenmesine olanak tan\u0131r.<\/span><\/li>\n<\/ol>\n<h2><span style=\"color: #000000;\"><strong>Avantajlar:<\/strong><\/span><\/h2>\n<ul>\n<li><span style=\"color: #000000;\">H\u0131zl\u0131 Sorun Tespiti: Y\u00fcksek \u00e7\u00f6z\u00fcn\u00fcrl\u00fckl\u00fc kameras\u0131yla IBAK ORPHEUS, kanalizasyon sistemlerindeki sorunlar\u0131 h\u0131zl\u0131 bir \u015fekilde tespit eder.<\/span><\/li>\n<li><span style=\"color: #000000;\">Maliyet Tasarrufu: Do\u011fru te\u015fhis ve h\u0131zl\u0131 \u00e7\u00f6z\u00fcmler, i\u015fletmeler i\u00e7in maliyet tasarrufu sa\u011flar.<\/span><\/li>\n<li><span style=\"color: #000000;\">S\u00fcrd\u00fcr\u00fclebilirlik: Problemleri erken tespit etmek, \u00e7evresel etkileri azaltabilir ve altyap\u0131 sistemlerinin s\u00fcrd\u00fcr\u00fclebilirli\u011fini art\u0131rabilir.<\/span><\/li>\n<\/ul>\n<h2><span style=\"color: #000000;\"><strong>Sonu\u00e7:<\/strong><\/span><\/h2>\n<div class=\"flex-1 overflow-hidden\">\n<div class=\"react-scroll-to-bottom--css-dvnyz-79elbk h-full\">\n<div class=\"react-scroll-to-bottom--css-dvnyz-1n7m0yu targeted-reply-thread-scroller relative\">\n<div class=\"flex flex-col text-sm gizmo:pb-9 dark:bg-gray-800 gizmo:dark:bg-transparent\">\n<div class=\"w-full text-token-text-primary border-b border-black\/10 gizmo:border-0 dark:border-gray-900\/50 gizmo:dark:border-0 bg-gray-50 gizmo:bg-transparent dark:bg-[#444654] gizmo:dark:bg-transparent\" data-testid=\"conversation-turn-5\">\n<div class=\"p-4 gizmo:py-2 justify-center text-base md:gap-6 md:py-6 m-auto\">\n<div class=\"flex flex-1 gap-4 text-base mx-auto md:gap-6 gizmo:gap-3 gizmo:md:px-5 gizmo:lg:px-1 gizmo:xl:px-5 md:max-w-2xl lg:max-w-[38rem] gizmo:md:max-w-3xl gizmo:lg:max-w-[40rem] gizmo:xl:max-w-[48rem] xl:max-w-3xl } group final-completion\">\n<div class=\"relative flex w-[calc(100%-50px)] flex-col gizmo:w-full lg:w-[calc(100%-115px)] agent-turn\">\n<div class=\"flex-col gap-1 md:gap-3\">\n<div class=\"flex flex-grow flex-col max-w-full gap-3 gizmo:gap-0\">\n<div class=\"min-h-[20px] text-message peer flex flex-col items-start gap-3 whitespace-pre-wrap break-words peer-[.text-message]:mt-5 overflow-x-auto\" data-message-author-role=\"assistant\" data-message-id=\"6fa94e5d-d4e7-4732-afc8-ae81d28530d1\">\n<div class=\"markdown prose w-full break-words dark:prose-invert dark\">\n<p><span style=\"color: #000000;\">IBAK ORPHEUS, kanalizasyon sistemlerinde devrim niteli\u011finde bir \u00e7\u00f6z\u00fcm sunarak altyap\u0131 y\u00f6netimini daha etkili ve s\u00fcrd\u00fcr\u00fclebilir hale getiriyor. Y\u00fcksek performans\u0131, esnek tasar\u0131m\u0131 ve uzaktan kontrol \u00f6zellikleriyle, ORPHEUS, altyap\u0131 y\u00f6netimine yeni bir perspektif kazand\u0131r\u0131yor ve sorunlara h\u0131zl\u0131 ve etkili \u00e7\u00f6z\u00fcmler sunuyor. &#8220;<a style=\"color: #000000;\" href=\"https:\/\/enermak.com\/eski\/uploads\/dokuman\/IBAK%20ORPHEUS.pdf\" target=\"_blank\" rel=\"noopener sponsored\">\u0130bak Orpheus katalo\u011funu g\u00f6r\u00fcnt\u00fcleyin<\/a>&#8220;<\/span><\/p>\n<p><span style=\"color: #000000;\"><a style=\"color: #000000;\" href=\"https:\/\/www.youtube.com\/watch?v=tUZEeg6vH7I\" target=\"_blank\" rel=\"nofollow noopener\">\u0130lgili video<\/a><\/span><\/p>\n<\/div>\n<\/div>\n<\/div>\n<\/div>\n<\/div>\n<\/div>\n<\/div>\n<\/div>\n<\/div>\n<\/div>\n<\/div>\n<\/div>\n","protected":false},"excerpt":{"rendered":"<h3><span style=\"color: #000000;\">IBAK ORPHEUS 2\/3 Kanal Kameras\u0131<\/span><\/h3>\n<h4><span style=\"color: #000000;\">\u0130leri Teknoloji: IBAK ORPHEUS Kanal Kameras\u0131 ile Kesintisiz ve Keskin Kanal \u0130ncelemeleri<\/span><\/h4>\n<p><span style=\"color: #000000;\">IBAK, pazardaki bu teknolojinin \u00f6nc\u00fcs\u00fcd\u00fcr ve videolar\u0131n tam HD kalitesinde olu\u015fturulabilmesi, iletilebilmesi, g\u00f6r\u00fcnt\u00fclenmesi, i\u015flenmesi ve ar\u015fivlenmesi i\u00e7in bir sistem sunmaktad\u0131r.\u00a0ORPHEUS 2\/3 HD kamera, tam HD format\u0131nda (1920 x 1080 = 2.08 milyon piksel), geleneksel PAL sens\u00f6r\u00fc olarak yakla\u015f\u0131k 5 kat piksele sahip bir g\u00f6r\u00fcnt\u00fc sens\u00f6r\u00fc ile donat\u0131lm\u0131\u015ft\u0131r.<\/span><\/p>","protected":false},"featured_media":31951,"template":"","meta":{"_bst_post_transparent":"default","_bst_post_title":"","_bst_post_layout":"default","_bst_post_sidebar_id":"","_bst_post_content_style":"default","_bst_post_vertical_padding":"default","_bst_post_feature":"","_bst_post_feature_position":"","_bst_post_header":false,"_bst_post_footer":false},"product_brand":[2001],"product_cat":[157],"product_tag":[201,1348,195,202,197,1262,200],"product_brands":[],"class_list":{"0":"post-9960","1":"product","2":"type-product","3":"status-publish","4":"has-post-thumbnail","6":"product_brand-ibak","7":"product_cat-kanal-goruntuleme","8":"product_tag-full-hd","9":"product_tag-hd-kanal-kamerasi","10":"product_tag-ibak","11":"product_tag-ikas","12":"product_tag-kanal-goruntuleme","13":"product_tag-kanal-kamerasi","14":"product_tag-orpheus-2-3","16":"first","17":"instock","18":"featured","19":"shipping-taxable","20":"product-type-simple","21":"entry","22":"content-bg","23":"loop-entry"},"aioseo_notices":[],"_links":{"self":[{"href":"https:\/\/enermak.com\/en\/wp-json\/wp\/v2\/product\/9960","targetHints":{"allow":["GET"]}}],"collection":[{"href":"https:\/\/enermak.com\/en\/wp-json\/wp\/v2\/product"}],"about":[{"href":"https:\/\/enermak.com\/en\/wp-json\/wp\/v2\/types\/product"}],"version-history":[{"count":0,"href":"https:\/\/enermak.com\/en\/wp-json\/wp\/v2\/product\/9960\/revisions"}],"wp:featuredmedia":[{"embeddable":true,"href":"https:\/\/enermak.com\/en\/wp-json\/wp\/v2\/media\/31951"}],"wp:attachment":[{"href":"https:\/\/enermak.com\/en\/wp-json\/wp\/v2\/media?parent=9960"}],"wp:term":[{"taxonomy":"product_brand","embeddable":true,"href":"https:\/\/enermak.com\/en\/wp-json\/wp\/v2\/product_brand?post=9960"},{"taxonomy":"product_cat","embeddable":true,"href":"https:\/\/enermak.com\/en\/wp-json\/wp\/v2\/product_cat?post=9960"},{"taxonomy":"product_tag","embeddable":true,"href":"https:\/\/enermak.com\/en\/wp-json\/wp\/v2\/product_tag?post=9960"},{"taxonomy":"product_brands","embeddable":true,"href":"https:\/\/enermak.com\/en\/wp-json\/wp\/v2\/product_brands?post=9960"}],"curies":[{"name":"wp","href":"https:\/\/api.w.org\/{rel}","templated":true}]}}