{"id":9954,"date":"2024-02-19T14:25:07","date_gmt":"2024-02-19T11:25:07","guid":{"rendered":"http:\/\/isimmedya.com\/?post_type=product&#038;p=9954"},"modified":"2026-02-18T14:19:36","modified_gmt":"2026-02-18T11:19:36","slug":"ibak-mainlite-kompakt-kamerali-traktor-sistemi","status":"publish","type":"product","link":"https:\/\/enermak.com\/en\/urunler\/ibak-mainlite-kompakt-kamerali-traktor-sistemi\/","title":{"rendered":"IBAK &#8211; MainLite Kompakt kameral\u0131 trakt\u00f6r sistemi"},"content":{"rendered":"<h2 class=\"wp-block-heading has-medium-font-size\"><span style=\"color: #000000;\"><strong>IBAK &#8211; MainLite<\/strong><\/span><\/h2>\n<p><span style=\"color: #000000;\"><strong> Kompakt kameral\u0131 trakt\u00f6r sistemi<\/strong><\/span><\/p>\n<p><span style=\"color: #000000;\">IBAK\u2019\u0131n yeni kompakt kameral\u0131 trakt\u00f6r sistemidir.\u00a0Hem ara\u00e7 montajl\u0131 (MainLite sabit) hem de portatif bir sistem (MainLite fit) olarak sunulmu\u015ftur ve performans\u0131na g\u00f6re benzersiz bir fiyat sunar.<\/span><\/p>\n<p><span style=\"color: #000000;\">Sistem t\u00fcm analog IBAK \u00a0trakt\u00f6rler ve kameralar ile \u00e7al\u0131\u015ft\u0131r\u0131labildi\u011fi i\u00e7in olduk\u00e7a esnektir.\u00a0\u00d6rne\u011fin, bir T66.1 ile DN 100 ve \u00fczeri k\u00fc\u00e7\u00fck \u00e7apl\u0131 borularda, ORION kamera ile veya DN150&#8217;den daha b\u00fcy\u00fck \u00e7aplarda bir ORPHEUS ile bir T76 kameral\u0131 trakt\u00f6rle \u00e7al\u0131\u015ft\u0131r\u0131labilir.\u00a0MainLite fit, 10 in\u00e7 dokunmatik ekranl\u0131 \u00e7ok y\u00f6nl\u00fc i\u015flem i\u00e7in BP100 kontrol konsolundan ve kamera ile kamera trakt\u00f6r\u00fcn\u00fc \u00e7al\u0131\u015ft\u0131rmak i\u00e7in iki joystickten olu\u015fur.<\/span><\/p>\n<p><span style=\"color: #000000;\">Ekran, \u00e7izilmez cam ile korunur, b\u00f6ylece \u00e7izilmez ve ayn\u0131 zamanda ya\u011fmurdan korunur. Kontrol konsolu verimli bir PC ile donat\u0131lm\u0131\u015ft\u0131r, b\u00f6ylece t\u00fcm kapsaml\u0131 fonksiyonlar\u0131na sahip eksiksiz kanalizasyon analiz yaz\u0131l\u0131m\u0131 sorunsuz bir \u015fekilde kullan\u0131labilir. Kompakt kameral\u0131 trakt\u00f6r sistemi<\/span><\/p>\n<p><span style=\"color: #000000;\">Tekerlekli yap\u0131s\u0131 sayesinde, 200 metre kamera kablosuna (KW206) sahip motorlu vin\u00e7, bir ara\u00e7la eri\u015filmesi zor olan yerlere de kolayca ta\u015f\u0131nabilir. Entegre koltuk ile, muayene arac\u0131n\u0131n d\u0131\u015f\u0131nda rahat\u00e7a \u00e7al\u0131\u015fabilirsiniz. Kompakt kameral\u0131 trakt\u00f6r sistemi<\/span><\/p>","protected":false},"excerpt":{"rendered":"<h3><span style=\"color: #000000;\">IBAK<\/span><\/h3>\n<h4><span style=\"color: #000000;\">IBAK &#8211; MainLite<\/span><\/h4>\n<p><span style=\"color: #000000;\"><strong>Kompakt kameral\u0131 trakt\u00f6r sistemi<\/strong><\/span><\/p>\n<p><span style=\"color: #000000;\">IBAK\u2019\u0131n yeni kompakt kameral\u0131 trakt\u00f6r sistemidir.\u00a0Hem ara\u00e7 montajl\u0131 (MainLite sabit) hem de portatif bir sistem (MainLite fit) olarak sunulmu\u015ftur ve performans\u0131na g\u00f6re benzersiz bir fiyat sunar.<\/span><\/p>","protected":false},"featured_media":29551,"template":"","meta":{"_bst_post_transparent":"default","_bst_post_title":"","_bst_post_layout":"default","_bst_post_sidebar_id":"","_bst_post_content_style":"default","_bst_post_vertical_padding":"default","_bst_post_feature":"","_bst_post_feature_position":"","_bst_post_header":false,"_bst_post_footer":false},"product_brand":[2001],"product_cat":[157],"product_tag":[195,197,1262,1349,203,204],"product_brands":[],"class_list":{"0":"post-9954","1":"product","2":"type-product","3":"status-publish","4":"has-post-thumbnail","6":"product_brand-ibak","7":"product_cat-kanal-goruntuleme","8":"product_tag-ibak","9":"product_tag-kanal-goruntuleme","10":"product_tag-kanal-kamerasi","11":"product_tag-kompakt-kamerali-traktor-sistemi","12":"product_tag-mainlite","13":"product_tag-mainlite-fit","15":"first","16":"outofstock","17":"featured","18":"shipping-taxable","19":"product-type-simple","20":"entry","21":"content-bg","22":"loop-entry"},"aioseo_notices":[],"aioseo_head":"\n\t\t<!-- All in One SEO Pro 4.9.6.2 - aioseo.com -->\n\t<meta name=\"description\" content=\"Kanal g\u00f6r\u00fcnt\u00fcleme sistemlerimiz ile i\u015finizi kolayla\u015ft\u0131r\u0131n ve profesy\u00f6nelli\u011fnizi bir ad\u0131m ileri ta\u015f\u0131y\u0131n.Kompakt kameral\u0131 trakt\u00f6r sistemi\" \/>\n\t<meta name=\"robots\" content=\"max-snippet:-1, max-image-preview:large, max-video-preview:-1\" \/>\n\t<meta name=\"yandex-verification\" content=\"yandex-verification: 61c39bc218eec6a9\" \/>\n\t<link rel=\"canonical\" href=\"https:\/\/enermak.com\/en\/urunler\/ibak-mainlite-kompakt-kamerali-traktor-sistemi\/\" \/>\n\t<meta name=\"generator\" content=\"All in One SEO Pro (AIOSEO) 4.9.6.2\" \/>\n\t\t<meta property=\"og:locale\" content=\"en_US\" \/>\n\t\t<meta property=\"og:site_name\" content=\"Enermak Enerji - Yeralt\u0131ndan Haberler\" \/>\n\t\t<meta property=\"og:type\" content=\"article\" \/>\n\t\t<meta property=\"og:title\" content=\"IBAK \u2013 MainLite Kompakt kameral\u0131 trakt\u00f6r sistemi\" \/>\n\t\t<meta property=\"og:description\" content=\"Kanal g\u00f6r\u00fcnt\u00fcleme sistemlerimiz ile i\u015finizi kolayla\u015ft\u0131r\u0131n ve profesy\u00f6nelli\u011fnizi bir ad\u0131m ileri ta\u015f\u0131y\u0131n.Kompakt kameral\u0131 trakt\u00f6r sistemi\" \/>\n\t\t<meta property=\"og:url\" content=\"https:\/\/enermak.com\/en\/urunler\/ibak-mainlite-kompakt-kamerali-traktor-sistemi\/\" \/>\n\t\t<meta property=\"og:image\" content=\"https:\/\/enermak.com\/wp-content\/uploads\/2022\/03\/logo-tr-1.png\" \/>\n\t\t<meta property=\"og:image:secure_url\" content=\"https:\/\/enermak.com\/wp-content\/uploads\/2022\/03\/logo-tr-1.png\" \/>\n\t\t<meta property=\"article:published_time\" content=\"2024-02-19T11:25:07+00:00\" \/>\n\t\t<meta property=\"article:modified_time\" content=\"2026-02-18T11:19:36+00:00\" \/>\n\t\t<meta property=\"article:publisher\" content=\"https:\/\/www.facebook.com\/YERALTINDANHABERLER\/\" \/>\n\t\t<meta name=\"twitter:card\" content=\"summary_large_image\" \/>\n\t\t<meta name=\"twitter:site\" content=\"@enerjienermak\" \/>\n\t\t<meta name=\"twitter:title\" content=\"IBAK \u2013 MainLite Kompakt kameral\u0131 trakt\u00f6r sistemi\" \/>\n\t\t<meta name=\"twitter:description\" content=\"Kanal g\u00f6r\u00fcnt\u00fcleme sistemlerimiz ile i\u015finizi kolayla\u015ft\u0131r\u0131n ve profesy\u00f6nelli\u011fnizi bir ad\u0131m ileri ta\u015f\u0131y\u0131n.Kompakt kameral\u0131 trakt\u00f6r sistemi\" \/>\n\t\t<meta name=\"twitter:image\" content=\"https:\/\/enermak.com\/wp-content\/uploads\/2022\/03\/logo-tr-1.png\" \/>\n\t\t<script type=\"application\/ld+json\" class=\"aioseo-schema\">\n\t\t\t{\"@context\":\"https:\\\/\\\/schema.org\",\"@graph\":[{\"@type\":\"BreadcrumbList\",\"@id\":\"https:\\\/\\\/enermak.com\\\/en\\\/urunler\\\/ibak-mainlite-kompakt-kamerali-traktor-sistemi\\\/#breadcrumblist\",\"itemListElement\":[{\"@type\":\"ListItem\",\"@id\":\"https:\\\/\\\/enermak.com\\\/en#listItem\",\"position\":1,\"name\":\"Home\",\"item\":\"https:\\\/\\\/enermak.com\\\/en\",\"nextItem\":{\"@type\":\"ListItem\",\"@id\":\"https:\\\/\\\/enermak.com\\\/en\\\/urunler\\\/#listItem\",\"name\":\"\\u00dcr\\u00fcnler\"}},{\"@type\":\"ListItem\",\"@id\":\"https:\\\/\\\/enermak.com\\\/en\\\/urunler\\\/#listItem\",\"position\":2,\"name\":\"\\u00dcr\\u00fcnler\",\"item\":\"https:\\\/\\\/enermak.com\\\/en\\\/urunler\\\/\",\"nextItem\":{\"@type\":\"ListItem\",\"@id\":\"https:\\\/\\\/enermak.com\\\/en\\\/brand\\\/ibak\\\/#listItem\",\"name\":\"IBAK\"},\"previousItem\":{\"@type\":\"ListItem\",\"@id\":\"https:\\\/\\\/enermak.com\\\/en#listItem\",\"name\":\"Home\"}},{\"@type\":\"ListItem\",\"@id\":\"https:\\\/\\\/enermak.com\\\/en\\\/brand\\\/ibak\\\/#listItem\",\"position\":3,\"name\":\"IBAK\",\"item\":\"https:\\\/\\\/enermak.com\\\/en\\\/brand\\\/ibak\\\/\",\"nextItem\":{\"@type\":\"ListItem\",\"@id\":\"https:\\\/\\\/enermak.com\\\/en\\\/urunler\\\/ibak-mainlite-kompakt-kamerali-traktor-sistemi\\\/#listItem\",\"name\":\"IBAK &#8211; MainLite Kompakt kameral\\u0131 trakt\\u00f6r sistemi\"},\"previousItem\":{\"@type\":\"ListItem\",\"@id\":\"https:\\\/\\\/enermak.com\\\/en\\\/urunler\\\/#listItem\",\"name\":\"\\u00dcr\\u00fcnler\"}},{\"@type\":\"ListItem\",\"@id\":\"https:\\\/\\\/enermak.com\\\/en\\\/urunler\\\/ibak-mainlite-kompakt-kamerali-traktor-sistemi\\\/#listItem\",\"position\":4,\"name\":\"IBAK &#8211; MainLite Kompakt kameral\\u0131 trakt\\u00f6r sistemi\",\"previousItem\":{\"@type\":\"ListItem\",\"@id\":\"https:\\\/\\\/enermak.com\\\/en\\\/brand\\\/ibak\\\/#listItem\",\"name\":\"IBAK\"}}]},{\"@type\":\"ItemPage\",\"@id\":\"https:\\\/\\\/enermak.com\\\/en\\\/urunler\\\/ibak-mainlite-kompakt-kamerali-traktor-sistemi\\\/#itempage\",\"url\":\"https:\\\/\\\/enermak.com\\\/en\\\/urunler\\\/ibak-mainlite-kompakt-kamerali-traktor-sistemi\\\/\",\"name\":\"IBAK \\u2013 MainLite Kompakt kameral\\u0131 trakt\\u00f6r sistemi\",\"description\":\"Kanal g\\u00f6r\\u00fcnt\\u00fcleme sistemlerimiz ile i\\u015finizi kolayla\\u015ft\\u0131r\\u0131n ve profesy\\u00f6nelli\\u011fnizi bir ad\\u0131m ileri ta\\u015f\\u0131y\\u0131n.Kompakt kameral\\u0131 trakt\\u00f6r sistemi\",\"inLanguage\":\"en-US\",\"isPartOf\":{\"@id\":\"https:\\\/\\\/enermak.com\\\/en\\\/#website\"},\"breadcrumb\":{\"@id\":\"https:\\\/\\\/enermak.com\\\/en\\\/urunler\\\/ibak-mainlite-kompakt-kamerali-traktor-sistemi\\\/#breadcrumblist\"},\"image\":{\"@type\":\"ImageObject\",\"url\":\"https:\\\/\\\/enermak.com\\\/wp-content\\\/uploads\\\/2024\\\/02\\\/Kompakt-kamerali-traktor-sistemi.jpg\",\"@id\":\"https:\\\/\\\/enermak.com\\\/en\\\/urunler\\\/ibak-mainlite-kompakt-kamerali-traktor-sistemi\\\/#mainImage\",\"width\":497,\"height\":480,\"caption\":\"Kompakt kameral\\u0131 trakt\\u00f6r sistemi\"},\"primaryImageOfPage\":{\"@id\":\"https:\\\/\\\/enermak.com\\\/en\\\/urunler\\\/ibak-mainlite-kompakt-kamerali-traktor-sistemi\\\/#mainImage\"},\"datePublished\":\"2024-02-19T14:25:07+03:00\",\"dateModified\":\"2026-02-18T14:19:36+03:00\"},{\"@type\":\"Organization\",\"@id\":\"https:\\\/\\\/enermak.com\\\/en\\\/#organization\",\"name\":\"Enermak Enerji\",\"description\":\"Yeralt\\u0131ndan Haberler\",\"url\":\"https:\\\/\\\/enermak.com\\\/en\\\/\",\"telephone\":\"+903123851102\",\"logo\":{\"@type\":\"ImageObject\",\"url\":\"https:\\\/\\\/enermak.com\\\/wp-content\\\/uploads\\\/2022\\\/03\\\/logo-tr-1.png\",\"@id\":\"https:\\\/\\\/enermak.com\\\/en\\\/urunler\\\/ibak-mainlite-kompakt-kamerali-traktor-sistemi\\\/#organizationLogo\"},\"image\":{\"@id\":\"https:\\\/\\\/enermak.com\\\/en\\\/urunler\\\/ibak-mainlite-kompakt-kamerali-traktor-sistemi\\\/#organizationLogo\"},\"sameAs\":[\"https:\\\/\\\/www.facebook.com\\\/YERALTINDANHABERLER\\\/\",\"https:\\\/\\\/twitter.com\\\/enerjienermak\",\"https:\\\/\\\/www.instagram.com\\\/enermakenerji\\\/\",\"https:\\\/\\\/www.youtube.com\\\/c\\\/EnermakEnerji\",\"https:\\\/\\\/www.linkedin.com\\\/in\\\/enermak\"]},{\"@type\":\"WebPage\",\"@id\":\"https:\\\/\\\/enermak.com\\\/en\\\/urunler\\\/ibak-mainlite-kompakt-kamerali-traktor-sistemi\\\/#webpage\",\"url\":\"https:\\\/\\\/enermak.com\\\/en\\\/urunler\\\/ibak-mainlite-kompakt-kamerali-traktor-sistemi\\\/\",\"name\":\"IBAK \\u2013 MainLite Kompakt kameral\\u0131 trakt\\u00f6r sistemi\",\"description\":\"Kanal g\\u00f6r\\u00fcnt\\u00fcleme sistemlerimiz ile i\\u015finizi kolayla\\u015ft\\u0131r\\u0131n ve profesy\\u00f6nelli\\u011fnizi bir ad\\u0131m ileri ta\\u015f\\u0131y\\u0131n.Kompakt kameral\\u0131 trakt\\u00f6r sistemi\",\"inLanguage\":\"en-US\",\"isPartOf\":{\"@id\":\"https:\\\/\\\/enermak.com\\\/en\\\/#website\"},\"breadcrumb\":{\"@id\":\"https:\\\/\\\/enermak.com\\\/en\\\/urunler\\\/ibak-mainlite-kompakt-kamerali-traktor-sistemi\\\/#breadcrumblist\"},\"image\":{\"@type\":\"ImageObject\",\"url\":\"https:\\\/\\\/enermak.com\\\/wp-content\\\/uploads\\\/2024\\\/02\\\/Kompakt-kamerali-traktor-sistemi.jpg\",\"@id\":\"https:\\\/\\\/enermak.com\\\/en\\\/urunler\\\/ibak-mainlite-kompakt-kamerali-traktor-sistemi\\\/#mainImage\",\"width\":497,\"height\":480,\"caption\":\"Kompakt kameral\\u0131 trakt\\u00f6r sistemi\"},\"primaryImageOfPage\":{\"@id\":\"https:\\\/\\\/enermak.com\\\/en\\\/urunler\\\/ibak-mainlite-kompakt-kamerali-traktor-sistemi\\\/#mainImage\"},\"datePublished\":\"2024-02-19T14:25:07+03:00\",\"dateModified\":\"2026-02-18T14:19:36+03:00\"},{\"@type\":\"WebSite\",\"@id\":\"https:\\\/\\\/enermak.com\\\/en\\\/#website\",\"url\":\"https:\\\/\\\/enermak.com\\\/en\\\/\",\"name\":\"Enermak Enerji\",\"alternateName\":\"Yeralt\\u0131ndan Haberler\",\"description\":\"Yeralt\\u0131ndan Haberler\",\"inLanguage\":\"en-US\",\"publisher\":{\"@id\":\"https:\\\/\\\/enermak.com\\\/en\\\/#organization\"}}]}\n\t\t<\/script>\n\t\t<!-- All in One SEO Pro -->\r\n\t\t<title>IBAK \u2013 MainLite Kompakt kameral\u0131 trakt\u00f6r sistemi<\/title>\n\n","aioseo_head_json":{"title":"IBAK \u2013 MainLite Kompakt kameral\u0131 trakt\u00f6r sistemi","description":"Kanal g\u00f6r\u00fcnt\u00fcleme sistemlerimiz ile i\u015finizi kolayla\u015ft\u0131r\u0131n ve profesy\u00f6nelli\u011fnizi bir ad\u0131m ileri ta\u015f\u0131y\u0131n.Kompakt kameral\u0131 trakt\u00f6r sistemi","canonical_url":"https:\/\/enermak.com\/en\/urunler\/ibak-mainlite-kompakt-kamerali-traktor-sistemi\/","robots":"max-snippet:-1, max-image-preview:large, max-video-preview:-1","keywords":"","webmasterTools":{"yandex-verification":"yandex-verification: 61c39bc218eec6a9","miscellaneous":""},"schema":{"@context":"https:\/\/schema.org","@graph":[{"@type":"BreadcrumbList","@id":"https:\/\/enermak.com\/en\/urunler\/ibak-mainlite-kompakt-kamerali-traktor-sistemi\/#breadcrumblist","itemListElement":[{"@type":"ListItem","@id":"https:\/\/enermak.com\/en#listItem","position":1,"name":"Home","item":"https:\/\/enermak.com\/en","nextItem":{"@type":"ListItem","@id":"https:\/\/enermak.com\/en\/urunler\/#listItem","name":"\u00dcr\u00fcnler"}},{"@type":"ListItem","@id":"https:\/\/enermak.com\/en\/urunler\/#listItem","position":2,"name":"\u00dcr\u00fcnler","item":"https:\/\/enermak.com\/en\/urunler\/","nextItem":{"@type":"ListItem","@id":"https:\/\/enermak.com\/en\/brand\/ibak\/#listItem","name":"IBAK"},"previousItem":{"@type":"ListItem","@id":"https:\/\/enermak.com\/en#listItem","name":"Home"}},{"@type":"ListItem","@id":"https:\/\/enermak.com\/en\/brand\/ibak\/#listItem","position":3,"name":"IBAK","item":"https:\/\/enermak.com\/en\/brand\/ibak\/","nextItem":{"@type":"ListItem","@id":"https:\/\/enermak.com\/en\/urunler\/ibak-mainlite-kompakt-kamerali-traktor-sistemi\/#listItem","name":"IBAK &#8211; MainLite Kompakt kameral\u0131 trakt\u00f6r sistemi"},"previousItem":{"@type":"ListItem","@id":"https:\/\/enermak.com\/en\/urunler\/#listItem","name":"\u00dcr\u00fcnler"}},{"@type":"ListItem","@id":"https:\/\/enermak.com\/en\/urunler\/ibak-mainlite-kompakt-kamerali-traktor-sistemi\/#listItem","position":4,"name":"IBAK &#8211; MainLite Kompakt kameral\u0131 trakt\u00f6r sistemi","previousItem":{"@type":"ListItem","@id":"https:\/\/enermak.com\/en\/brand\/ibak\/#listItem","name":"IBAK"}}]},{"@type":"ItemPage","@id":"https:\/\/enermak.com\/en\/urunler\/ibak-mainlite-kompakt-kamerali-traktor-sistemi\/#itempage","url":"https:\/\/enermak.com\/en\/urunler\/ibak-mainlite-kompakt-kamerali-traktor-sistemi\/","name":"IBAK \u2013 MainLite Kompakt kameral\u0131 trakt\u00f6r sistemi","description":"Kanal g\u00f6r\u00fcnt\u00fcleme sistemlerimiz ile i\u015finizi kolayla\u015ft\u0131r\u0131n ve profesy\u00f6nelli\u011fnizi bir ad\u0131m ileri ta\u015f\u0131y\u0131n.Kompakt kameral\u0131 trakt\u00f6r sistemi","inLanguage":"en-US","isPartOf":{"@id":"https:\/\/enermak.com\/en\/#website"},"breadcrumb":{"@id":"https:\/\/enermak.com\/en\/urunler\/ibak-mainlite-kompakt-kamerali-traktor-sistemi\/#breadcrumblist"},"image":{"@type":"ImageObject","url":"https:\/\/enermak.com\/wp-content\/uploads\/2024\/02\/Kompakt-kamerali-traktor-sistemi.jpg","@id":"https:\/\/enermak.com\/en\/urunler\/ibak-mainlite-kompakt-kamerali-traktor-sistemi\/#mainImage","width":497,"height":480,"caption":"Kompakt kameral\u0131 trakt\u00f6r sistemi"},"primaryImageOfPage":{"@id":"https:\/\/enermak.com\/en\/urunler\/ibak-mainlite-kompakt-kamerali-traktor-sistemi\/#mainImage"},"datePublished":"2024-02-19T14:25:07+03:00","dateModified":"2026-02-18T14:19:36+03:00"},{"@type":"Organization","@id":"https:\/\/enermak.com\/en\/#organization","name":"Enermak Enerji","description":"Yeralt\u0131ndan Haberler","url":"https:\/\/enermak.com\/en\/","telephone":"+903123851102","logo":{"@type":"ImageObject","url":"https:\/\/enermak.com\/wp-content\/uploads\/2022\/03\/logo-tr-1.png","@id":"https:\/\/enermak.com\/en\/urunler\/ibak-mainlite-kompakt-kamerali-traktor-sistemi\/#organizationLogo"},"image":{"@id":"https:\/\/enermak.com\/en\/urunler\/ibak-mainlite-kompakt-kamerali-traktor-sistemi\/#organizationLogo"},"sameAs":["https:\/\/www.facebook.com\/YERALTINDANHABERLER\/","https:\/\/twitter.com\/enerjienermak","https:\/\/www.instagram.com\/enermakenerji\/","https:\/\/www.youtube.com\/c\/EnermakEnerji","https:\/\/www.linkedin.com\/in\/enermak"]},{"@type":"WebPage","@id":"https:\/\/enermak.com\/en\/urunler\/ibak-mainlite-kompakt-kamerali-traktor-sistemi\/#webpage","url":"https:\/\/enermak.com\/en\/urunler\/ibak-mainlite-kompakt-kamerali-traktor-sistemi\/","name":"IBAK \u2013 MainLite Kompakt kameral\u0131 trakt\u00f6r sistemi","description":"Kanal g\u00f6r\u00fcnt\u00fcleme sistemlerimiz ile i\u015finizi kolayla\u015ft\u0131r\u0131n ve profesy\u00f6nelli\u011fnizi bir ad\u0131m ileri ta\u015f\u0131y\u0131n.Kompakt kameral\u0131 trakt\u00f6r sistemi","inLanguage":"en-US","isPartOf":{"@id":"https:\/\/enermak.com\/en\/#website"},"breadcrumb":{"@id":"https:\/\/enermak.com\/en\/urunler\/ibak-mainlite-kompakt-kamerali-traktor-sistemi\/#breadcrumblist"},"image":{"@type":"ImageObject","url":"https:\/\/enermak.com\/wp-content\/uploads\/2024\/02\/Kompakt-kamerali-traktor-sistemi.jpg","@id":"https:\/\/enermak.com\/en\/urunler\/ibak-mainlite-kompakt-kamerali-traktor-sistemi\/#mainImage","width":497,"height":480,"caption":"Kompakt kameral\u0131 trakt\u00f6r sistemi"},"primaryImageOfPage":{"@id":"https:\/\/enermak.com\/en\/urunler\/ibak-mainlite-kompakt-kamerali-traktor-sistemi\/#mainImage"},"datePublished":"2024-02-19T14:25:07+03:00","dateModified":"2026-02-18T14:19:36+03:00"},{"@type":"WebSite","@id":"https:\/\/enermak.com\/en\/#website","url":"https:\/\/enermak.com\/en\/","name":"Enermak Enerji","alternateName":"Yeralt\u0131ndan Haberler","description":"Yeralt\u0131ndan Haberler","inLanguage":"en-US","publisher":{"@id":"https:\/\/enermak.com\/en\/#organization"}}]},"og:locale":"en_US","og:site_name":"Enermak Enerji - Yeralt\u0131ndan Haberler","og:type":"article","og:title":"IBAK \u2013 MainLite Kompakt kameral\u0131 trakt\u00f6r sistemi","og:description":"Kanal g\u00f6r\u00fcnt\u00fcleme sistemlerimiz ile i\u015finizi kolayla\u015ft\u0131r\u0131n ve profesy\u00f6nelli\u011fnizi bir ad\u0131m ileri ta\u015f\u0131y\u0131n.Kompakt kameral\u0131 trakt\u00f6r sistemi","og:url":"https:\/\/enermak.com\/en\/urunler\/ibak-mainlite-kompakt-kamerali-traktor-sistemi\/","og:image":"https:\/\/enermak.com\/wp-content\/uploads\/2022\/03\/logo-tr-1.png","og:image:secure_url":"https:\/\/enermak.com\/wp-content\/uploads\/2022\/03\/logo-tr-1.png","article:published_time":"2024-02-19T11:25:07+00:00","article:modified_time":"2026-02-18T11:19:36+00:00","article:publisher":"https:\/\/www.facebook.com\/YERALTINDANHABERLER\/","twitter:card":"summary_large_image","twitter:site":"@enerjienermak","twitter:title":"IBAK \u2013 MainLite Kompakt kameral\u0131 trakt\u00f6r sistemi","twitter:description":"Kanal g\u00f6r\u00fcnt\u00fcleme sistemlerimiz ile i\u015finizi kolayla\u015ft\u0131r\u0131n ve profesy\u00f6nelli\u011fnizi bir ad\u0131m ileri ta\u015f\u0131y\u0131n.Kompakt kameral\u0131 trakt\u00f6r sistemi","twitter:image":"https:\/\/enermak.com\/wp-content\/uploads\/2022\/03\/logo-tr-1.png"},"aioseo_meta_data":{"post_id":"9954","title":"#post_title","description":"Kanal g\u00f6r\u00fcnt\u00fcleme sistemlerimiz ile i\u015finizi kolayla\u015ft\u0131r\u0131n ve profesy\u00f6nelli\u011fnizi bir ad\u0131m ileri ta\u015f\u0131y\u0131n.Kompakt kameral\u0131 trakt\u00f6r sistemi","keywords":null,"keyphrases":{"focus":{"keyphrase":"Kompakt kameral\u0131 trakt\u00f6r sistemi","analysis":{"keyphraseInTitle":{"score":9,"maxScore":9,"error":0},"keyphraseInDescription":{"score":9,"maxScore":9,"error":0},"keyphraseLength":{"score":6,"maxScore":9,"error":1,"length":5},"keyphraseInURL":{"score":5,"maxScore":5,"error":0},"keyphraseInIntroduction":{"score":9,"maxScore":9,"error":0},"keyphraseInSubHeadings":{"score":3,"maxScore":9,"error":1},"keyphraseInImageAlt":[],"keywordDensity":{"type":"best","score":9,"maxScore":9,"error":0}},"score":85},"additional":[]},"primary_term":null,"canonical_url":null,"og_title":null,"og_description":null,"og_object_type":"default","og_image_type":"default","og_image_url":null,"og_image_width":null,"og_image_height":null,"og_image_custom_url":null,"og_image_custom_fields":null,"og_video":"","og_custom_url":null,"og_article_section":null,"og_article_tags":null,"twitter_use_og":false,"twitter_card":"default","twitter_image_type":"default","twitter_image_url":null,"twitter_image_custom_url":null,"twitter_image_custom_fields":null,"twitter_title":null,"twitter_description":null,"schema":{"blockGraphs":[],"customGraphs":[],"default":{"data":{"Article":[],"Course":[],"Dataset":[],"FAQPage":[],"Movie":[],"Person":[],"Product":[],"ProductReview":[],"Car":[],"Recipe":[],"Service":[],"SoftwareApplication":[],"WebPage":[]},"graphName":"ItemPage","isEnabled":true},"graphs":[]},"schema_type":"default","schema_type_options":"{\"article\":{\"articleType\":\"BlogPosting\"},\"course\":{\"name\":\"\",\"description\":\"\",\"provider\":\"\"},\"faq\":{\"pages\":[]},\"product\":{\"reviews\":[]},\"recipe\":{\"ingredients\":[],\"instructions\":[],\"keywords\":[]},\"software\":{\"reviews\":[],\"operatingSystems\":[]},\"webPage\":{\"webPageType\":\"WebPage\"},\"blockGraphs\":[]}","pillar_content":false,"robots_default":false,"robots_noindex":false,"robots_noarchive":false,"robots_nosnippet":false,"robots_nofollow":false,"robots_noimageindex":false,"robots_noodp":false,"robots_notranslate":false,"robots_max_snippet":"-1","robots_max_videopreview":"-1","robots_max_imagepreview":"large","priority":null,"frequency":"default","local_seo":null,"seo_analyzer_scan_date":"2026-02-18 11:20:29","breadcrumb_settings":null,"limit_modified_date":false,"reviewed_by":null,"open_ai":"{\"title\":{\"suggestions\":[],\"usage\":0},\"description\":{\"suggestions\":[],\"usage\":0}}","ai":{"faqs":[],"keyPoints":[],"titles":[],"descriptions":[],"socialPosts":{"email":[],"linkedin":[],"twitter":[],"facebook":[],"instagram":[]}},"created":"2022-09-12 10:38:05","updated":"2026-02-18 11:20:29"},"aioseo_breadcrumb":"<div class=\"aioseo-breadcrumbs\"><span class=\"aioseo-breadcrumb\">\n\t<a href=\"https:\/\/enermak.com\/en\" title=\"Home\">Home<\/a>\n<\/span><span class=\"aioseo-breadcrumb-separator\">\u00bb<\/span><span class=\"aioseo-breadcrumb\">\n\t<a href=\"https:\/\/enermak.com\/en\/urunler\/\" title=\"\u00dcr\u00fcnler\">\u00dcr\u00fcnler<\/a>\n<\/span><span class=\"aioseo-breadcrumb-separator\">\u00bb<\/span><span class=\"aioseo-breadcrumb\">\n\t<a href=\"https:\/\/enermak.com\/en\/brand\/ibak\/\" title=\"IBAK\">IBAK<\/a>\n<\/span><span class=\"aioseo-breadcrumb-separator\">\u00bb<\/span><span class=\"aioseo-breadcrumb\">\n\tIBAK \u2013 MainLite Kompakt kameral\u0131 trakt\u00f6r sistemi\n<\/span><\/div>","aioseo_breadcrumb_json":[{"label":"Home","link":"https:\/\/enermak.com\/en"},{"label":"\u00dcr\u00fcnler","link":"https:\/\/enermak.com\/en\/urunler\/"},{"label":"IBAK","link":"https:\/\/enermak.com\/en\/brand\/ibak\/"},{"label":"IBAK &#8211; MainLite Kompakt kameral\u0131 trakt\u00f6r sistemi","link":"https:\/\/enermak.com\/en\/urunler\/ibak-mainlite-kompakt-kamerali-traktor-sistemi\/"}],"_links":{"self":[{"href":"https:\/\/enermak.com\/en\/wp-json\/wp\/v2\/product\/9954","targetHints":{"allow":["GET"]}}],"collection":[{"href":"https:\/\/enermak.com\/en\/wp-json\/wp\/v2\/product"}],"about":[{"href":"https:\/\/enermak.com\/en\/wp-json\/wp\/v2\/types\/product"}],"version-history":[{"count":0,"href":"https:\/\/enermak.com\/en\/wp-json\/wp\/v2\/product\/9954\/revisions"}],"wp:featuredmedia":[{"embeddable":true,"href":"https:\/\/enermak.com\/en\/wp-json\/wp\/v2\/media\/29551"}],"wp:attachment":[{"href":"https:\/\/enermak.com\/en\/wp-json\/wp\/v2\/media?parent=9954"}],"wp:term":[{"taxonomy":"product_brand","embeddable":true,"href":"https:\/\/enermak.com\/en\/wp-json\/wp\/v2\/product_brand?post=9954"},{"taxonomy":"product_cat","embeddable":true,"href":"https:\/\/enermak.com\/en\/wp-json\/wp\/v2\/product_cat?post=9954"},{"taxonomy":"product_tag","embeddable":true,"href":"https:\/\/enermak.com\/en\/wp-json\/wp\/v2\/product_tag?post=9954"},{"taxonomy":"product_brands","embeddable":true,"href":"https:\/\/enermak.com\/en\/wp-json\/wp\/v2\/product_brands?post=9954"}],"curies":[{"name":"wp","href":"https:\/\/api.w.org\/{rel}","templated":true}]}}