{"id":9946,"date":"2022-05-06T14:17:39","date_gmt":"2022-05-06T11:17:39","guid":{"rendered":"http:\/\/isimmedya.com\/?post_type=product&#038;p=9946"},"modified":"2026-02-18T15:08:12","modified_gmt":"2026-02-18T12:08:12","slug":"kanal-goruntuleme-robotu","status":"publish","type":"product","link":"https:\/\/enermak.com\/en\/urunler\/kanal-goruntuleme-robotu\/","title":{"rendered":"Pegasus HD &#8211; Kanal G\u00f6r\u00fcnt\u00fcleme Robotu"},"content":{"rendered":"<h2><span style=\"color: #000000;\"><strong>Pegasus HD &#8211; Kanal G\u00f6r\u00fcnt\u00fcleme Robotu<\/strong><\/span><\/h2>\n<p><span style=\"color: #000000;\">Kanal g\u00f6r\u00fcnt\u00fcleme robotu IBAK PEGASUS HD tamamen y\u00fcksek \u00e7\u00f6z\u00fcn\u00fcrl\u00fckl\u00fc boru hatt\u0131 kontrol amac\u0131yla y\u00fcksek \u00e7\u00f6z\u00fcn\u00fcrl\u00fckl\u00fc panaromik kamera sistemidir.IBAK bu teknolojisi ile sekt\u00f6r\u00fcnde \u00f6nc\u00fcd\u00fcr ve bu sistem ile video kayd\u0131, veri iletimi, g\u00f6r\u00fcnt\u00fc, i\u015flem yapma ve y\u00fcksek \u00e7\u00f6z\u00fcn\u00fcrl\u00fckl\u00fc ar\u015fivleme olana\u011f\u0131 sa\u011flar.<\/span><\/p>\n<h4><span style=\"color: #000000;\">Pegasus HD &#8211; Kanal G\u00f6r\u00fcnt\u00fcleme Robotu<\/span><\/h4>\n<p><span style=\"color: #000000;\">PEGASUS HD kamera tamamen y\u00fcksek \u00e7\u00f6z\u00fcn\u00fcrl\u00fckl\u00fc (1920 x 1080 = 2.08 Milyon piksel) g\u00f6r\u00fcnt\u00fc sens\u00f6re sahiptir ki bu sens\u00f6r konvansiyonel PAL sensorlerinden be\u015f kat daha fazla g\u00f6r\u00fcnt\u00fc alabilmektedir.<\/span><\/p>\n<p><span style=\"color: #000000;\">Yakalad\u0131\u011f\u0131 g\u00f6r\u00fcnt\u00fcden g\u00f6r\u00fcnt\u00fc transferine, b\u00fct\u00fcn g\u00f6r\u00fcnt\u00fcler ve operasyon panelinde ki kay\u0131tlar\u0131n hepsi dijitaldir. Bu kamera g\u00f6r\u00fcnt\u00fcs\u00fcn\u00fcn e\u015fsiz y\u00fcksek \u00e7\u00f6z\u00fcn\u00fcrl\u00fc\u011fe ve renk temizli\u011fine sahip olmas\u0131n\u0131 sa\u011flar.<\/span><\/p>\n<p><span style=\"color: #000000;\">PEGASUS HD fiber optik kablolar arac\u0131l\u0131\u011f\u0131 y\u00fcksek etkili H. 264 standartlar\u0131nda s\u0131k\u0131\u015ft\u0131r\u0131lm\u0131\u015f veri \u00e7\u0131k\u0131\u015f\u0131 sa\u011flar.Dikey g\u00f6r\u00fcnt\u00fc \u00e7\u00f6z\u00fcn\u00fcrl\u00fc\u011f\u00fc 1080 pixeldir ve PEGASUS HD&#8217;nin DWA veri ka\u011f\u0131d\u0131 M149-5 gerekliliklerini sa\u011flar. (\u00d6rnek DN 1000 dik \u00e7\u00f6z\u00fcn\u00fcrl\u00fck gereksinimi en az 1000 pikseldir.)<\/span><\/p>\n<p><span style=\"color: #000000;\">Bu \u00f6zelliklerine ek olarak PEGASUS HD di\u011fer konvansiyonel panoramik kameralar\u0131n t\u00fcm \u00f6zelliklerine sahiptir. \u00d6rnek olarak 10x optik zoom ve 4x dijital zoom, otomatik g\u00f6r\u00fcnt\u00fc d\u00f6nd\u00fcrme,kanalizasyon kontrollerinde kolay kullan\u0131ml\u0131 \u00e7ap ve deformasyon belirleme ve hasar \u00f6l\u00e7\u00fcmleri yapma gibi. IKAS yaz\u0131l\u0131m paketi ile t\u00fcm veriler gerekli i\u015flem\u015flerden ge\u00e7ip sunuma haz\u0131r olur.<\/span><\/p>\n<p><span style=\"color: #000000;\"><a style=\"color: #000000;\" title=\"Kanal g\u00f6r\u00fcnt\u00fcleme robotu bro\u015f\u00fcr\" href=\"https:\/\/enermak.com\/en\/eski\/uploads\/dokuman\/IBAK%20PEGASUS%20HD%20%28ID%20265404%29.pdf\/\" target=\"_blank\" rel=\"noopener sponsored\">Kanal g\u00f6r\u00fcnt\u00fcleme robotu<\/a> &#8211; Kanal g\u00f6r\u00fcnt\u00fcleme kameras\u0131 &#8211; Kanal g\u00f6r\u00fcnt\u00fcleme<\/span><\/p>","protected":false},"excerpt":{"rendered":"<h3><span style=\"color: #000000;\">IBAK<\/span><\/h3>\n<h4><span style=\"color: #000000;\">Pegasus HD<\/span><\/h4>\n<p><span style=\"color: #000000;\"><strong>IBAK PEGASUS HD<\/strong>\u00a0tamamen y\u00fcksek \u00e7\u00f6z\u00fcn\u00fcrl\u00fckl\u00fc boru hatt\u0131 kontrol amac\u0131yla y\u00fcksek \u00e7\u00f6z\u00fcn\u00fcrl\u00fckl\u00fc panaromik kamera sistemidir.IBAK bu teknolojisi ile sekt\u00f6r\u00fcnde \u00f6nc\u00fcd\u00fcr ve bu sistem ile video kayd\u0131, veri iletimi, g\u00f6r\u00fcnt\u00fc, i\u015flem yapma ve y\u00fcksek \u00e7\u00f6z\u00fcn\u00fcrl\u00fckl\u00fc ar\u015fivleme olana\u011f\u0131 sa\u011flar.PEGASUS HD kamera tamamen y\u00fcksek \u00e7\u00f6z\u00fcn\u00fcrl\u00fckl\u00fc (1920 x 1080 = 2.08 Milyon piksel) g\u00f6r\u00fcnt\u00fc sens\u00f6re sahiptir ki bu sens\u00f6r konvansiyonel PAL sensorlerinden be\u015f kat daha fazla g\u00f6r\u00fcnt\u00fc alabilmektedir.<\/span><\/p>\n<p>&nbsp;<\/p>","protected":false},"featured_media":9947,"template":"","meta":{"_bst_post_transparent":"default","_bst_post_title":"","_bst_post_layout":"default","_bst_post_sidebar_id":"","_bst_post_content_style":"default","_bst_post_vertical_padding":"default","_bst_post_feature":"","_bst_post_feature_position":"","_bst_post_header":false,"_bst_post_footer":false},"product_brand":[2001],"product_cat":[157],"product_tag":[195,197,1397,1262,210],"product_brands":[],"class_list":{"0":"post-9946","1":"product","2":"type-product","3":"status-publish","4":"has-post-thumbnail","6":"product_brand-ibak","7":"product_cat-kanal-goruntuleme","8":"product_tag-ibak","9":"product_tag-kanal-goruntuleme","10":"product_tag-kanal-goruntuleme-robotu","11":"product_tag-kanal-kamerasi","12":"product_tag-pegasus-hd","14":"first","15":"instock","16":"featured","17":"shipping-taxable","18":"product-type-simple","19":"entry","20":"content-bg","21":"loop-entry"},"aioseo_notices":[],"_links":{"self":[{"href":"https:\/\/enermak.com\/en\/wp-json\/wp\/v2\/product\/9946","targetHints":{"allow":["GET"]}}],"collection":[{"href":"https:\/\/enermak.com\/en\/wp-json\/wp\/v2\/product"}],"about":[{"href":"https:\/\/enermak.com\/en\/wp-json\/wp\/v2\/types\/product"}],"version-history":[{"count":0,"href":"https:\/\/enermak.com\/en\/wp-json\/wp\/v2\/product\/9946\/revisions"}],"wp:featuredmedia":[{"embeddable":true,"href":"https:\/\/enermak.com\/en\/wp-json\/wp\/v2\/media\/9947"}],"wp:attachment":[{"href":"https:\/\/enermak.com\/en\/wp-json\/wp\/v2\/media?parent=9946"}],"wp:term":[{"taxonomy":"product_brand","embeddable":true,"href":"https:\/\/enermak.com\/en\/wp-json\/wp\/v2\/product_brand?post=9946"},{"taxonomy":"product_cat","embeddable":true,"href":"https:\/\/enermak.com\/en\/wp-json\/wp\/v2\/product_cat?post=9946"},{"taxonomy":"product_tag","embeddable":true,"href":"https:\/\/enermak.com\/en\/wp-json\/wp\/v2\/product_tag?post=9946"},{"taxonomy":"product_brands","embeddable":true,"href":"https:\/\/enermak.com\/en\/wp-json\/wp\/v2\/product_brands?post=9946"}],"curies":[{"name":"wp","href":"https:\/\/api.w.org\/{rel}","templated":true}]}}