{"id":9889,"date":"2022-05-06T11:18:01","date_gmt":"2022-05-06T08:18:01","guid":{"rendered":"http:\/\/isimmedya.com\/?post_type=product&#038;p=9889"},"modified":"2026-02-18T15:08:40","modified_gmt":"2026-02-18T12:08:40","slug":"ibak-lisy-baglanti-denetleme-kamerasi","status":"publish","type":"product","link":"https:\/\/enermak.com\/en\/urunler\/ibak-lisy-baglanti-denetleme-kamerasi\/","title":{"rendered":"IBAK LISY"},"content":{"rendered":"<h3><span style=\"color: #000000;\"><strong>BA\u011eLANTI DENETLEME KAMERASI<\/strong><\/span><\/h3>\n<p><span style=\"color: #000000;\">IBAK LISY 3 m\u00f6d\u00fcl\u00fc T76 ve T86 kamera trakt\u00f6r\u00fcn\u00fc yan ba\u011flant\u0131 kontrol sistemine d\u00f6n\u00fc\u015ft\u00fcr\u00fcr. DN 150 ve \u00fczeri borularda kullan\u0131labilir. Eklem \u015feklindeki birle\u015fme yerleri kanalizasyonlarda b\u00fck\u00fclme olsa bile kolay giri\u015f imkan\u0131 sa\u011flar. Montaj kitinde bulunan ba\u011flant\u0131 y\u00fcksekli\u011fi ayarlanabilir kamera trakt\u00f6r\u00fcn\u00fcn LISY 3 ile birlikte boruya rahat\u00e7a adapte olmas\u0131n\u0131 sa\u011flar.<\/span><\/p>\n<p><span style=\"color: #000000;\">LISY 3&#8217;\u00fc kullanarak,DN 100&#8217;\u00fcn yan ba\u011flant\u0131 taraflar\u0131 kanalizasyonun ana hatlar\u0131ndan kontrol edilebilir. LISYCam 3 tak\u0131labilir kontrol kameras\u0131 (Cihaz\u0131n s\u00fcrekli konumunu g\u00f6sterir ve i\u00e7eri sokma ve ileri besleme ile kontrol kameras\u0131na yard\u0131m eder.) kusursuz bir i\u015f ak\u0131\u015f\u0131 sa\u011flar.<\/span><\/p>\n<p><span style=\"color: #000000;\">Temizleme ve kontrol i\u015flerini tek i\u015flemde yapmak i\u00e7in PHOBOS serisi g\u00f6r\u00fcnt\u00fcleme ucu KW LISY senkron vincin itici koluna veya KT 220&#8217;ye ba\u011flanabilir.<\/span><\/p>\n<p><span style=\"color: #000000;\">LISY 3 (T 76 veya T 86 ile birle\u015ftirildi\u011finde) diren\u00e7li ve dayan\u0131kl\u0131 kontrol sistemi olup h\u0131zl\u0131 olmas\u0131 ve ayn\u0131 zamanda rahat kullan\u0131lmas\u0131 bu \u00fcr\u00fcn\u00fc \u00e7ekici k\u0131lar.<\/span><\/p>","protected":false},"excerpt":{"rendered":"<h3><span style=\"color: #000000;\">IBAK<\/span><\/h3>\n<h4><span style=\"color: #000000;\">IBAK &#8211; LISY BA\u011eLANTI DENETLEME KAMERASI<\/span><\/h4>\n<p><span style=\"color: #000000;\">IBAK LISY 3 m\u00f6d\u00fcl\u00fc T 76 ve T 86 kamera trakt\u00f6r\u00fcn\u00fc yan ba\u011flant\u0131 kontrol sistemine d\u00f6n\u00fc\u015ft\u00fcr\u00fcr. DN 150 ve \u00fczeri borularda kullan\u0131labilir. Eklem \u015feklindeki birle\u015fme yerleri kanalizasyonlarda b\u00fck\u00fclme olsa bile kolay giri\u015f imkan\u0131 sa\u011flar. Montaj kitinde bulunan ba\u011flant\u0131 y\u00fcksekli\u011fi ayarlanabilir kamera trakt\u00f6r\u00fcn\u00fcn LISY 3 ile birlikte boruya rahat\u00e7a adapte olmas\u0131n\u0131 sa\u011flar.<\/span><\/p>\n<p>&nbsp;<\/p>","protected":false},"featured_media":32121,"template":"","meta":{"_bst_post_transparent":"default","_bst_post_title":"","_bst_post_layout":"default","_bst_post_sidebar_id":"","_bst_post_content_style":"default","_bst_post_vertical_padding":"default","_bst_post_feature":"","_bst_post_feature_position":"","_bst_post_header":false,"_bst_post_footer":false},"product_brand":[2001],"product_cat":[157],"product_tag":[1328,231,195,197,1262,252,253,250,251],"product_brands":[],"class_list":{"0":"post-9889","1":"product","2":"type-product","3":"status-publish","4":"has-post-thumbnail","6":"product_brand-ibak","7":"product_cat-kanal-goruntuleme","8":"product_tag-baglanti-denetleme-kamerasi","9":"product_tag-dn-150","10":"product_tag-ibak","11":"product_tag-kanal-goruntuleme","12":"product_tag-kanal-kamerasi","13":"product_tag-kt-220","14":"product_tag-kw-lisy","15":"product_tag-lisy","16":"product_tag-lisycam-3","18":"first","19":"instock","20":"shipping-taxable","21":"product-type-simple","22":"entry","23":"content-bg","24":"loop-entry"},"aioseo_notices":[],"_links":{"self":[{"href":"https:\/\/enermak.com\/en\/wp-json\/wp\/v2\/product\/9889","targetHints":{"allow":["GET"]}}],"collection":[{"href":"https:\/\/enermak.com\/en\/wp-json\/wp\/v2\/product"}],"about":[{"href":"https:\/\/enermak.com\/en\/wp-json\/wp\/v2\/types\/product"}],"version-history":[{"count":0,"href":"https:\/\/enermak.com\/en\/wp-json\/wp\/v2\/product\/9889\/revisions"}],"wp:featuredmedia":[{"embeddable":true,"href":"https:\/\/enermak.com\/en\/wp-json\/wp\/v2\/media\/32121"}],"wp:attachment":[{"href":"https:\/\/enermak.com\/en\/wp-json\/wp\/v2\/media?parent=9889"}],"wp:term":[{"taxonomy":"product_brand","embeddable":true,"href":"https:\/\/enermak.com\/en\/wp-json\/wp\/v2\/product_brand?post=9889"},{"taxonomy":"product_cat","embeddable":true,"href":"https:\/\/enermak.com\/en\/wp-json\/wp\/v2\/product_cat?post=9889"},{"taxonomy":"product_tag","embeddable":true,"href":"https:\/\/enermak.com\/en\/wp-json\/wp\/v2\/product_tag?post=9889"},{"taxonomy":"product_brands","embeddable":true,"href":"https:\/\/enermak.com\/en\/wp-json\/wp\/v2\/product_brands?post=9889"}],"curies":[{"name":"wp","href":"https:\/\/api.w.org\/{rel}","templated":true}]}}