{"id":9883,"date":"2022-05-06T10:59:12","date_gmt":"2022-05-06T07:59:12","guid":{"rendered":"http:\/\/isimmedya.com\/?post_type=product&#038;p=9883"},"modified":"2026-02-18T15:08:46","modified_gmt":"2026-02-18T12:08:46","slug":"orpheus-panaromik-kamera","status":"publish","type":"product","link":"https:\/\/enermak.com\/en\/urunler\/orpheus-panaromik-kamera\/","title":{"rendered":"Orpheus Panoramik Kamera"},"content":{"rendered":"<h2><span style=\"color: #000000;\">Orpheus Panaromik Kamera<\/span><\/h2>\n<p><span style=\"color: #000000;\">IBAK ORPHEUS, DN 150 ve \u00fcst\u00fc borular i\u00e7in panaromik ve e\u011filebilir kamerad\u0131r. IBAK ORION kan\u0131tlanm\u0131\u015f fonksiyonellikleri birle\u015ftirir, \u00f6rnek olarak kamera ba\u015fl\u0131\u011f\u0131n\u0131n d\u00f6nme yetene\u011fi, zoom \u00f6zellikli lensi ve lazer referans \u00f6l\u00e7\u00fcm\u00fcyle otomatik birle\u015fim yeri kontrol\u00fc. \u0130ki engtegre edilmi\u015f lazer ile IBAK&#8217;\u0131n IKAS yaz\u0131l\u0131m\u0131 sayesinde ar\u0131za \u00f6l\u00e7\u00fcm\u00fc kolayl\u0131kla yap\u0131labilir. 10x optik zoom ve otomatik s\u0131f\u0131r noktas\u0131na d\u00f6n\u00fc\u015f kameran\u0131n \u00f6zelliklerindendir.<\/span><\/p>\n<p><span style=\"color: #000000;\">Entegre edilmi\u015f LED, darbelere kar\u015f\u0131 dayan\u0131kl\u0131d\u0131r ve \u015feffaf kapakl\u0131d\u0131r bu sayede etrafta m\u00fckemmel bir ayd\u0131nlatma sa\u011flar. B\u00f6ylelikle ORPHEUS, orta \u00e7apl\u0131 borularda b\u00fct\u00fcn gerekli kontrol alan\u0131na h\u00e2kim olur. \u0130\u015flem alan\u0131na entegre edilmi\u015f sens\u00f6rler, bas\u0131n\u00e7 izlemi ve opsiyonel patlamaya kar\u015f\u0131 g\u00fcvenlik sa\u011flayan ekipmanlard\u0131r.<\/span><\/p>\n<p><span style=\"color: #000000;\">IBAK ORPHEUS mod\u00fcler \u00fcnitesi IBAK kamera trak\u00f6r\u00fcne veya r\u00f6gar adapt\u00f6r\u00fcne monte edilebilir.<\/span><\/p>","protected":false},"excerpt":{"rendered":"<h2><span style=\"color: #000000;\">IBAK<\/span><\/h2>\n<h3><span style=\"color: #000000;\">Orpheus<\/span><\/h3>\n<p><span style=\"color: #000000;\">IBAK ORPHEUS, DN 150 ve \u00fcst\u00fc borular i\u00e7in panaromik ve e\u011filebilir kamerad\u0131r. IBAK ORION kan\u0131tlanm\u0131\u015f fonksiyonellikleri birle\u015ftirir, \u00f6rnek olarak kamera ba\u015fl\u0131\u011f\u0131n\u0131n d\u00f6nme yetene\u011fi, zoom \u00f6zellikli lensi ve lazer referans \u00f6l\u00e7\u00fcm\u00fcyle otomatik birle\u015fim yeri kontrol\u00fc. \u0130ki engtegre edilmi\u015f lazer ile IBAK&#8217;\u0131n IKAS yaz\u0131l\u0131m\u0131 sayesinde ar\u0131za \u00f6l\u00e7\u00fcm\u00fc kolayl\u0131kla yap\u0131labilir. 10x optik zoom ve otomatik s\u0131f\u0131r noktas\u0131na d\u00f6n\u00fc\u015f kameran\u0131n \u00f6zelliklerindendir.<\/span><\/p>","protected":false},"featured_media":32120,"template":"","meta":{"_monsterinsights_skip_tracking":false,"_monsterinsights_sitenote_active":false,"_monsterinsights_sitenote_note":"","_monsterinsights_sitenote_category":0,"_uf_show_specific_survey":0,"_uf_disable_surveys":false,"_bst_post_transparent":"default","_bst_post_title":"","_bst_post_layout":"default","_bst_post_sidebar_id":"","_bst_post_content_style":"default","_bst_post_vertical_padding":"default","_bst_post_feature":"","_bst_post_feature_position":"","_bst_post_header":false,"_bst_post_footer":false},"product_brand":[2001],"product_cat":[157],"product_tag":[195,254,197,1262,239,244],"product_brands":[],"class_list":{"0":"post-9883","1":"product","2":"type-product","3":"status-publish","4":"has-post-thumbnail","6":"product_brand-ibak","7":"product_cat-kanal-goruntuleme","8":"product_tag-ibak","9":"product_tag-ikas-yazilimi","10":"product_tag-kanal-goruntuleme","11":"product_tag-kanal-kamerasi","12":"product_tag-orion","13":"product_tag-orpheus","15":"first","16":"instock","17":"shipping-taxable","18":"product-type-simple","19":"entry","20":"content-bg","21":"loop-entry"},"aioseo_notices":[],"aioseo_head":"\n\t\t<!-- All in One SEO Pro 4.9.5.2 - aioseo.com -->\n\t<meta name=\"description\" content=\"Kanal kameras\u0131 ile i\u015finizi kolayla\u015ft\u0131r\u0131n ve profesy\u00f6nelli\u011fnizi bir ad\u0131m ileri ta\u015f\u0131y\u0131n. Bir \u00e7ok \u00fcr\u00fcn Enermak Enerji de sizleri bekliyor. Orpheus Panaromik Kamera\" \/>\n\t<meta name=\"robots\" content=\"max-snippet:-1, max-image-preview:large, max-video-preview:-1\" \/>\n\t<meta name=\"yandex-verification\" content=\"yandex-verification: 61c39bc218eec6a9\" \/>\n\t<link rel=\"canonical\" href=\"https:\/\/enermak.com\/en\/urunler\/orpheus-panaromik-kamera\/\" \/>\n\t<meta name=\"generator\" content=\"All in One SEO Pro (AIOSEO) 4.9.5.2\" \/>\n\t\t<meta property=\"og:locale\" content=\"en_US\" \/>\n\t\t<meta property=\"og:site_name\" content=\"Enermak Enerji - Yeralt\u0131ndan Haberler\" \/>\n\t\t<meta property=\"og:type\" content=\"article\" \/>\n\t\t<meta property=\"og:title\" content=\"Orpheus Panoramik Kamera - Enermak Enerji\" \/>\n\t\t<meta property=\"og:description\" content=\"Kanal kameras\u0131 ile i\u015finizi kolayla\u015ft\u0131r\u0131n ve profesy\u00f6nelli\u011fnizi bir ad\u0131m ileri ta\u015f\u0131y\u0131n. Bir \u00e7ok \u00fcr\u00fcn Enermak Enerji de sizleri bekliyor. Orpheus Panaromik Kamera\" \/>\n\t\t<meta property=\"og:url\" content=\"https:\/\/enermak.com\/en\/urunler\/orpheus-panaromik-kamera\/\" \/>\n\t\t<meta property=\"og:image\" content=\"https:\/\/enermak.com\/wp-content\/uploads\/2022\/03\/logo-tr-1.png\" \/>\n\t\t<meta property=\"og:image:secure_url\" content=\"https:\/\/enermak.com\/wp-content\/uploads\/2022\/03\/logo-tr-1.png\" \/>\n\t\t<meta property=\"article:published_time\" content=\"2022-05-06T07:59:12+00:00\" \/>\n\t\t<meta property=\"article:modified_time\" content=\"2026-02-18T12:08:46+00:00\" \/>\n\t\t<meta property=\"article:publisher\" content=\"https:\/\/www.facebook.com\/YERALTINDANHABERLER\/\" \/>\n\t\t<meta name=\"twitter:card\" content=\"summary_large_image\" \/>\n\t\t<meta name=\"twitter:site\" content=\"@enerjienermak\" \/>\n\t\t<meta name=\"twitter:title\" content=\"Orpheus Panoramik Kamera - Enermak Enerji\" \/>\n\t\t<meta name=\"twitter:description\" content=\"Kanal kameras\u0131 ile i\u015finizi kolayla\u015ft\u0131r\u0131n ve profesy\u00f6nelli\u011fnizi bir ad\u0131m ileri ta\u015f\u0131y\u0131n. Bir \u00e7ok \u00fcr\u00fcn Enermak Enerji de sizleri bekliyor. Orpheus Panaromik Kamera\" \/>\n\t\t<meta name=\"twitter:image\" content=\"https:\/\/enermak.com\/wp-content\/uploads\/2022\/03\/logo-tr-1.png\" \/>\n\t\t<script type=\"application\/ld+json\" class=\"aioseo-schema\">\n\t\t\t{\"@context\":\"https:\\\/\\\/schema.org\",\"@graph\":[{\"@type\":\"BreadcrumbList\",\"@id\":\"https:\\\/\\\/enermak.com\\\/en\\\/urunler\\\/orpheus-panaromik-kamera\\\/#breadcrumblist\",\"itemListElement\":[{\"@type\":\"ListItem\",\"@id\":\"https:\\\/\\\/enermak.com\\\/en#listItem\",\"position\":1,\"name\":\"Home\",\"item\":\"https:\\\/\\\/enermak.com\\\/en\",\"nextItem\":{\"@type\":\"ListItem\",\"@id\":\"https:\\\/\\\/enermak.com\\\/en\\\/urunler\\\/#listItem\",\"name\":\"\\u00dcr\\u00fcnler\"}},{\"@type\":\"ListItem\",\"@id\":\"https:\\\/\\\/enermak.com\\\/en\\\/urunler\\\/#listItem\",\"position\":2,\"name\":\"\\u00dcr\\u00fcnler\",\"item\":\"https:\\\/\\\/enermak.com\\\/en\\\/urunler\\\/\",\"nextItem\":{\"@type\":\"ListItem\",\"@id\":\"https:\\\/\\\/enermak.com\\\/en\\\/brand\\\/ibak\\\/#listItem\",\"name\":\"IBAK\"},\"previousItem\":{\"@type\":\"ListItem\",\"@id\":\"https:\\\/\\\/enermak.com\\\/en#listItem\",\"name\":\"Home\"}},{\"@type\":\"ListItem\",\"@id\":\"https:\\\/\\\/enermak.com\\\/en\\\/brand\\\/ibak\\\/#listItem\",\"position\":3,\"name\":\"IBAK\",\"item\":\"https:\\\/\\\/enermak.com\\\/en\\\/brand\\\/ibak\\\/\",\"nextItem\":{\"@type\":\"ListItem\",\"@id\":\"https:\\\/\\\/enermak.com\\\/en\\\/urunler\\\/orpheus-panaromik-kamera\\\/#listItem\",\"name\":\"Orpheus Panoramik Kamera\"},\"previousItem\":{\"@type\":\"ListItem\",\"@id\":\"https:\\\/\\\/enermak.com\\\/en\\\/urunler\\\/#listItem\",\"name\":\"\\u00dcr\\u00fcnler\"}},{\"@type\":\"ListItem\",\"@id\":\"https:\\\/\\\/enermak.com\\\/en\\\/urunler\\\/orpheus-panaromik-kamera\\\/#listItem\",\"position\":4,\"name\":\"Orpheus Panoramik Kamera\",\"previousItem\":{\"@type\":\"ListItem\",\"@id\":\"https:\\\/\\\/enermak.com\\\/en\\\/brand\\\/ibak\\\/#listItem\",\"name\":\"IBAK\"}}]},{\"@type\":\"Organization\",\"@id\":\"https:\\\/\\\/enermak.com\\\/en\\\/#organization\",\"name\":\"Enermak Enerji\",\"description\":\"Yeralt\\u0131ndan Haberler\",\"url\":\"https:\\\/\\\/enermak.com\\\/en\\\/\",\"telephone\":\"+903123851102\",\"logo\":{\"@type\":\"ImageObject\",\"url\":\"https:\\\/\\\/enermak.com\\\/wp-content\\\/uploads\\\/2022\\\/03\\\/logo-tr-1.png\",\"@id\":\"https:\\\/\\\/enermak.com\\\/en\\\/urunler\\\/orpheus-panaromik-kamera\\\/#organizationLogo\"},\"image\":{\"@id\":\"https:\\\/\\\/enermak.com\\\/en\\\/urunler\\\/orpheus-panaromik-kamera\\\/#organizationLogo\"},\"sameAs\":[\"https:\\\/\\\/www.facebook.com\\\/YERALTINDANHABERLER\\\/\",\"https:\\\/\\\/twitter.com\\\/enerjienermak\",\"https:\\\/\\\/www.instagram.com\\\/enermakenerji\\\/\",\"https:\\\/\\\/www.youtube.com\\\/c\\\/EnermakEnerji\",\"https:\\\/\\\/www.linkedin.com\\\/in\\\/enermak\"]},{\"@type\":\"WebPage\",\"@id\":\"https:\\\/\\\/enermak.com\\\/en\\\/urunler\\\/orpheus-panaromik-kamera\\\/#webpage\",\"url\":\"https:\\\/\\\/enermak.com\\\/en\\\/urunler\\\/orpheus-panaromik-kamera\\\/\",\"name\":\"Orpheus Panoramik Kamera - Enermak Enerji\",\"description\":\"Kanal kameras\\u0131 ile i\\u015finizi kolayla\\u015ft\\u0131r\\u0131n ve profesy\\u00f6nelli\\u011fnizi bir ad\\u0131m ileri ta\\u015f\\u0131y\\u0131n. Bir \\u00e7ok \\u00fcr\\u00fcn Enermak Enerji de sizleri bekliyor. Orpheus Panaromik Kamera\",\"inLanguage\":\"en-US\",\"isPartOf\":{\"@id\":\"https:\\\/\\\/enermak.com\\\/en\\\/#website\"},\"breadcrumb\":{\"@id\":\"https:\\\/\\\/enermak.com\\\/en\\\/urunler\\\/orpheus-panaromik-kamera\\\/#breadcrumblist\"},\"image\":{\"@type\":\"ImageObject\",\"url\":\"https:\\\/\\\/enermak.com\\\/wp-content\\\/uploads\\\/2022\\\/05\\\/Orpheus-Panaromik-Kamera.jpg\",\"@id\":\"https:\\\/\\\/enermak.com\\\/en\\\/urunler\\\/orpheus-panaromik-kamera\\\/#mainImage\",\"width\":387,\"height\":260,\"caption\":\"Orpheus Panaromik Kamera\"},\"primaryImageOfPage\":{\"@id\":\"https:\\\/\\\/enermak.com\\\/en\\\/urunler\\\/orpheus-panaromik-kamera\\\/#mainImage\"},\"datePublished\":\"2022-05-06T10:59:12+03:00\",\"dateModified\":\"2026-02-18T15:08:46+03:00\"},{\"@type\":\"WebSite\",\"@id\":\"https:\\\/\\\/enermak.com\\\/en\\\/#website\",\"url\":\"https:\\\/\\\/enermak.com\\\/en\\\/\",\"name\":\"Enermak Enerji\",\"alternateName\":\"Yeralt\\u0131ndan Haberler\",\"description\":\"Yeralt\\u0131ndan Haberler\",\"inLanguage\":\"en-US\",\"publisher\":{\"@id\":\"https:\\\/\\\/enermak.com\\\/en\\\/#organization\"}}]}\n\t\t<\/script>\n\t\t<!-- All in One SEO Pro -->\r\n\t\t<title>Orpheus Panoramik Kamera - Enermak Enerji<\/title>\n\n","aioseo_head_json":{"title":"Orpheus Panoramik Kamera - Enermak Enerji","description":"Kanal kameras\u0131 ile i\u015finizi kolayla\u015ft\u0131r\u0131n ve profesy\u00f6nelli\u011fnizi bir ad\u0131m ileri ta\u015f\u0131y\u0131n. Bir \u00e7ok \u00fcr\u00fcn Enermak Enerji de sizleri bekliyor. Orpheus Panaromik Kamera","canonical_url":"https:\/\/enermak.com\/en\/urunler\/orpheus-panaromik-kamera\/","robots":"max-snippet:-1, max-image-preview:large, max-video-preview:-1","keywords":"","webmasterTools":{"yandex-verification":"yandex-verification: 61c39bc218eec6a9","miscellaneous":""},"schema":{"@context":"https:\/\/schema.org","@graph":[{"@type":"BreadcrumbList","@id":"https:\/\/enermak.com\/en\/urunler\/orpheus-panaromik-kamera\/#breadcrumblist","itemListElement":[{"@type":"ListItem","@id":"https:\/\/enermak.com\/en#listItem","position":1,"name":"Home","item":"https:\/\/enermak.com\/en","nextItem":{"@type":"ListItem","@id":"https:\/\/enermak.com\/en\/urunler\/#listItem","name":"\u00dcr\u00fcnler"}},{"@type":"ListItem","@id":"https:\/\/enermak.com\/en\/urunler\/#listItem","position":2,"name":"\u00dcr\u00fcnler","item":"https:\/\/enermak.com\/en\/urunler\/","nextItem":{"@type":"ListItem","@id":"https:\/\/enermak.com\/en\/brand\/ibak\/#listItem","name":"IBAK"},"previousItem":{"@type":"ListItem","@id":"https:\/\/enermak.com\/en#listItem","name":"Home"}},{"@type":"ListItem","@id":"https:\/\/enermak.com\/en\/brand\/ibak\/#listItem","position":3,"name":"IBAK","item":"https:\/\/enermak.com\/en\/brand\/ibak\/","nextItem":{"@type":"ListItem","@id":"https:\/\/enermak.com\/en\/urunler\/orpheus-panaromik-kamera\/#listItem","name":"Orpheus Panoramik Kamera"},"previousItem":{"@type":"ListItem","@id":"https:\/\/enermak.com\/en\/urunler\/#listItem","name":"\u00dcr\u00fcnler"}},{"@type":"ListItem","@id":"https:\/\/enermak.com\/en\/urunler\/orpheus-panaromik-kamera\/#listItem","position":4,"name":"Orpheus Panoramik Kamera","previousItem":{"@type":"ListItem","@id":"https:\/\/enermak.com\/en\/brand\/ibak\/#listItem","name":"IBAK"}}]},{"@type":"Organization","@id":"https:\/\/enermak.com\/en\/#organization","name":"Enermak Enerji","description":"Yeralt\u0131ndan Haberler","url":"https:\/\/enermak.com\/en\/","telephone":"+903123851102","logo":{"@type":"ImageObject","url":"https:\/\/enermak.com\/wp-content\/uploads\/2022\/03\/logo-tr-1.png","@id":"https:\/\/enermak.com\/en\/urunler\/orpheus-panaromik-kamera\/#organizationLogo"},"image":{"@id":"https:\/\/enermak.com\/en\/urunler\/orpheus-panaromik-kamera\/#organizationLogo"},"sameAs":["https:\/\/www.facebook.com\/YERALTINDANHABERLER\/","https:\/\/twitter.com\/enerjienermak","https:\/\/www.instagram.com\/enermakenerji\/","https:\/\/www.youtube.com\/c\/EnermakEnerji","https:\/\/www.linkedin.com\/in\/enermak"]},{"@type":"WebPage","@id":"https:\/\/enermak.com\/en\/urunler\/orpheus-panaromik-kamera\/#webpage","url":"https:\/\/enermak.com\/en\/urunler\/orpheus-panaromik-kamera\/","name":"Orpheus Panoramik Kamera - Enermak Enerji","description":"Kanal kameras\u0131 ile i\u015finizi kolayla\u015ft\u0131r\u0131n ve profesy\u00f6nelli\u011fnizi bir ad\u0131m ileri ta\u015f\u0131y\u0131n. Bir \u00e7ok \u00fcr\u00fcn Enermak Enerji de sizleri bekliyor. Orpheus Panaromik Kamera","inLanguage":"en-US","isPartOf":{"@id":"https:\/\/enermak.com\/en\/#website"},"breadcrumb":{"@id":"https:\/\/enermak.com\/en\/urunler\/orpheus-panaromik-kamera\/#breadcrumblist"},"image":{"@type":"ImageObject","url":"https:\/\/enermak.com\/wp-content\/uploads\/2022\/05\/Orpheus-Panaromik-Kamera.jpg","@id":"https:\/\/enermak.com\/en\/urunler\/orpheus-panaromik-kamera\/#mainImage","width":387,"height":260,"caption":"Orpheus Panaromik Kamera"},"primaryImageOfPage":{"@id":"https:\/\/enermak.com\/en\/urunler\/orpheus-panaromik-kamera\/#mainImage"},"datePublished":"2022-05-06T10:59:12+03:00","dateModified":"2026-02-18T15:08:46+03:00"},{"@type":"WebSite","@id":"https:\/\/enermak.com\/en\/#website","url":"https:\/\/enermak.com\/en\/","name":"Enermak Enerji","alternateName":"Yeralt\u0131ndan Haberler","description":"Yeralt\u0131ndan Haberler","inLanguage":"en-US","publisher":{"@id":"https:\/\/enermak.com\/en\/#organization"}}]},"og:locale":"en_US","og:site_name":"Enermak Enerji - Yeralt\u0131ndan Haberler","og:type":"article","og:title":"Orpheus Panoramik Kamera - Enermak Enerji","og:description":"Kanal kameras\u0131 ile i\u015finizi kolayla\u015ft\u0131r\u0131n ve profesy\u00f6nelli\u011fnizi bir ad\u0131m ileri ta\u015f\u0131y\u0131n. Bir \u00e7ok \u00fcr\u00fcn Enermak Enerji de sizleri bekliyor. Orpheus Panaromik Kamera","og:url":"https:\/\/enermak.com\/en\/urunler\/orpheus-panaromik-kamera\/","og:image":"https:\/\/enermak.com\/wp-content\/uploads\/2022\/03\/logo-tr-1.png","og:image:secure_url":"https:\/\/enermak.com\/wp-content\/uploads\/2022\/03\/logo-tr-1.png","article:published_time":"2022-05-06T07:59:12+00:00","article:modified_time":"2026-02-18T12:08:46+00:00","article:publisher":"https:\/\/www.facebook.com\/YERALTINDANHABERLER\/","twitter:card":"summary_large_image","twitter:site":"@enerjienermak","twitter:title":"Orpheus Panoramik Kamera - Enermak Enerji","twitter:description":"Kanal kameras\u0131 ile i\u015finizi kolayla\u015ft\u0131r\u0131n ve profesy\u00f6nelli\u011fnizi bir ad\u0131m ileri ta\u015f\u0131y\u0131n. Bir \u00e7ok \u00fcr\u00fcn Enermak Enerji de sizleri bekliyor. Orpheus Panaromik Kamera","twitter:image":"https:\/\/enermak.com\/wp-content\/uploads\/2022\/03\/logo-tr-1.png"},"aioseo_meta_data":{"post_id":"9883","title":null,"description":"Kanal kameras\u0131 ile i\u015finizi kolayla\u015ft\u0131r\u0131n ve profesy\u00f6nelli\u011fnizi bir ad\u0131m ileri ta\u015f\u0131y\u0131n. Bir \u00e7ok \u00fcr\u00fcn Enermak Enerji de sizleri bekliyor. Orpheus Panaromik Kamera","keywords":null,"keyphrases":{"focus":{"keyphrase":"Panoramik Kamera","analysis":{"keyphraseInTitle":{"score":9,"maxScore":9,"error":0},"keyphraseInDescription":{"score":3,"maxScore":9,"error":1},"keyphraseLength":{"score":9,"maxScore":9,"error":0,"length":2},"keyphraseInURL":{"score":1,"maxScore":5,"error":1},"keyphraseInIntroduction":{"score":3,"maxScore":9,"error":1},"keyphraseInSubHeadings":{"score":3,"maxScore":9,"error":1},"keyphraseInImageAlt":[],"keywordDensity":{"score":0,"type":"low","maxScore":9,"error":1}},"score":47},"additional":[]},"primary_term":null,"canonical_url":null,"og_title":null,"og_description":null,"og_object_type":"default","og_image_type":"default","og_image_url":null,"og_image_width":null,"og_image_height":null,"og_image_custom_url":null,"og_image_custom_fields":null,"og_video":"","og_custom_url":null,"og_article_section":null,"og_article_tags":null,"twitter_use_og":false,"twitter_card":"default","twitter_image_type":"default","twitter_image_url":null,"twitter_image_custom_url":null,"twitter_image_custom_fields":null,"twitter_title":null,"twitter_description":null,"schema":{"blockGraphs":[],"customGraphs":[],"default":{"data":{"Article":[],"Course":[],"Dataset":[],"FAQPage":[],"Movie":[],"Person":[],"Product":[],"ProductReview":[],"Car":[],"Recipe":[],"Service":[],"SoftwareApplication":[],"WebPage":[]},"graphName":"ItemPage","isEnabled":false},"graphs":[]},"schema_type":"default","schema_type_options":null,"pillar_content":false,"robots_default":false,"robots_noindex":false,"robots_noarchive":false,"robots_nosnippet":false,"robots_nofollow":false,"robots_noimageindex":false,"robots_noodp":false,"robots_notranslate":false,"robots_max_snippet":"-1","robots_max_videopreview":"-1","robots_max_imagepreview":"large","priority":null,"frequency":"default","local_seo":null,"seo_analyzer_scan_date":"2026-02-18 12:13:23","breadcrumb_settings":null,"limit_modified_date":false,"reviewed_by":null,"open_ai":"{\"title\":{\"suggestions\":[],\"usage\":0},\"description\":{\"suggestions\":[],\"usage\":0}}","ai":{"faqs":[],"keyPoints":[],"titles":[],"descriptions":[],"socialPosts":{"email":[],"linkedin":[],"twitter":[],"facebook":[],"instagram":[]}},"created":"2022-09-12 10:38:21","updated":"2026-02-18 12:14:47"},"aioseo_breadcrumb":"<div class=\"aioseo-breadcrumbs\"><span class=\"aioseo-breadcrumb\">\n\t<a href=\"https:\/\/enermak.com\/en\" title=\"Home\">Home<\/a>\n<\/span><span class=\"aioseo-breadcrumb-separator\">\u00bb<\/span><span class=\"aioseo-breadcrumb\">\n\t<a href=\"https:\/\/enermak.com\/en\/urunler\/\" title=\"\u00dcr\u00fcnler\">\u00dcr\u00fcnler<\/a>\n<\/span><span class=\"aioseo-breadcrumb-separator\">\u00bb<\/span><span class=\"aioseo-breadcrumb\">\n\t<a href=\"https:\/\/enermak.com\/en\/brand\/ibak\/\" title=\"IBAK\">IBAK<\/a>\n<\/span><span class=\"aioseo-breadcrumb-separator\">\u00bb<\/span><span class=\"aioseo-breadcrumb\">\n\tOrpheus Panoramik Kamera\n<\/span><\/div>","aioseo_breadcrumb_json":[{"label":"Home","link":"https:\/\/enermak.com\/en"},{"label":"\u00dcr\u00fcnler","link":"https:\/\/enermak.com\/en\/urunler\/"},{"label":"IBAK","link":"https:\/\/enermak.com\/en\/brand\/ibak\/"},{"label":"Orpheus Panoramik Kamera","link":"https:\/\/enermak.com\/en\/urunler\/orpheus-panaromik-kamera\/"}],"_links":{"self":[{"href":"https:\/\/enermak.com\/en\/wp-json\/wp\/v2\/product\/9883","targetHints":{"allow":["GET"]}}],"collection":[{"href":"https:\/\/enermak.com\/en\/wp-json\/wp\/v2\/product"}],"about":[{"href":"https:\/\/enermak.com\/en\/wp-json\/wp\/v2\/types\/product"}],"version-history":[{"count":0,"href":"https:\/\/enermak.com\/en\/wp-json\/wp\/v2\/product\/9883\/revisions"}],"wp:featuredmedia":[{"embeddable":true,"href":"https:\/\/enermak.com\/en\/wp-json\/wp\/v2\/media\/32120"}],"wp:attachment":[{"href":"https:\/\/enermak.com\/en\/wp-json\/wp\/v2\/media?parent=9883"}],"wp:term":[{"taxonomy":"product_brand","embeddable":true,"href":"https:\/\/enermak.com\/en\/wp-json\/wp\/v2\/product_brand?post=9883"},{"taxonomy":"product_cat","embeddable":true,"href":"https:\/\/enermak.com\/en\/wp-json\/wp\/v2\/product_cat?post=9883"},{"taxonomy":"product_tag","embeddable":true,"href":"https:\/\/enermak.com\/en\/wp-json\/wp\/v2\/product_tag?post=9883"},{"taxonomy":"product_brands","embeddable":true,"href":"https:\/\/enermak.com\/en\/wp-json\/wp\/v2\/product_brands?post=9883"}],"curies":[{"name":"wp","href":"https:\/\/api.w.org\/{rel}","templated":true}]}}