{"id":9877,"date":"2022-05-06T10:54:46","date_gmt":"2022-05-06T07:54:46","guid":{"rendered":"http:\/\/isimmedya.com\/?post_type=product&#038;p=9877"},"modified":"2026-02-18T15:08:52","modified_gmt":"2026-02-18T12:08:52","slug":"orion-donebilir-egilebilir-kamera","status":"publish","type":"product","link":"https:\/\/enermak.com\/en\/urunler\/orion-donebilir-egilebilir-kamera\/","title":{"rendered":"Orion E\u011filebilir kamera"},"content":{"rendered":"<h2><strong>Orion D\u00f6nebilir ve E\u011filebilir kamera<\/strong><\/h2>\n<p><strong>IBAK ORION\u00a0<\/strong>\u00a0DN 100 ve \u00fczeri borular\u0131 kontrol ederken her\u015feyi yapabilecek kapasitededir. Mikroi\u015flemci kontroll\u00fc panoramik kafas\u0131 sayesinde kontrol edilmesi gereken heryere h\u0131zl\u0131ca ula\u015fabilir.ORION kendi ekseni etraf\u0131nda sonsuz d\u00f6n\u00fc\u015f yetene\u011fine sahiptir. B\u00f6ylece panaromik fonksiyonunun her yeri g\u00f6rebilmesini,sistemin boru giri\u015flerini otomatik denetleyebilmesini, ve hatta dallanan borulara tersten giri\u015f yapabilmesini sa\u011flar.ORION UPC fonksiyonu sayesinde (Dik G\u00f6r\u00fcnt\u00fc Kontrol\u00fc) dik eksende g\u00f6r\u00fcnt\u00fc alma opsiyonu sa\u011flar.<\/p>\n<p>Sistem 1 barl\u0131k i\u00e7 bas\u0131n\u00e7 sistemiyle ve i\u00e7 bas\u0131n\u00e7 izleme sistemi (bas\u0131nc\u0131n d\u00fc\u015fmesine kar\u015f\u0131) ile korunmaktad\u0131r, bas\u0131n\u00e7 kayb\u0131 halinde sistemde izleyiciye LCD ekran \u00fczerinde uyar\u0131 sinyali ve kontrol \u00fcnitesinden uyar\u0131c\u0131 ses gelir.M\u00fc\u015fterinin talep etmesi durumunda IBAK, ORION&#8217;un daha y\u00fcksek bas\u0131nca dayan\u0131kl\u0131 modellerini teslim edebilir. 2012&#8217;de, \u00fcr\u00fcn\u00fcn kameras\u0131na bir \u00e7ok geli\u015ftirme yap\u0131lm\u0131\u015ft\u0131r: daha geni\u015f mercek a\u00e7\u0131s\u0131, m\u00fckemmel ayd\u0131nlatma \u015fiddeti, 3x zoom ve etkileyici alan derinli\u011fi art\u0131k standart. Geli\u015ftirilmi\u015f \u00f6zellikleriyle, ORION&#8217;un 2.7 versiyonu ve \u00fczeri modelleri ayr\u0131ca daha b\u00fcy\u00fck borular\u0131n kontrol edilmelerinde de kullan\u0131labilinir. DN 600 borular\u0131na kadar olan borular\u0131n kontrolleri i\u00e7in herhangi bir ekstra \u0131\u015f\u0131k yard\u0131m\u0131 olmadan ORION&#8217;u kullanabilirsiniz. <a title=\"D\u00f6nebilir ve e\u011filebilir kamera\" href=\"https:\/\/enermak.com\/en\/eski\/uploads\/dokuman\/IBAK%20ORION.pdf\/\" target=\"_blank\" rel=\"noopener sponsored\"><strong>Orion D\u00f6nebilir ve E\u011filebilir kamera bro\u015f\u00fcr<\/strong><\/a><\/p>\n<figure id=\"attachment_9879\" aria-describedby=\"caption-attachment-9879\" style=\"width: 800px\" class=\"wp-caption alignnone\"><img fetchpriority=\"high\" decoding=\"async\" class=\"size-full wp-image-9879\" src=\"https:\/\/enermak.com\/wp-content\/uploads\/2022\/05\/enremak-ORION-2-7-0011.jpg\" alt=\"E\u011filebilir kamera\" width=\"800\" height=\"508\" srcset=\"https:\/\/enermak.com\/wp-content\/uploads\/2022\/05\/enremak-ORION-2-7-0011.jpg 640w, https:\/\/enermak.com\/wp-content\/uploads\/2022\/05\/enremak-ORION-2-7-0011-600x381.jpg 600w\" sizes=\"(max-width: 800px) 100vw, 800px\" \/><figcaption id=\"caption-attachment-9879\" class=\"wp-caption-text\">E\u011filebilir kamera<\/figcaption><\/figure>\n<p>May\u0131s 2014&#8217;den beri ORION&#8217;lar (versiyon 2.9) i\u00e7lerine eklenen sens\u00f6r sayesinde borunun uzunlu\u011funu \u00f6l\u00e7ebiliyorlar.***Uygulama alan\u0131na ba\u011fl\u0131 olarak, kamera patlamalara kar\u015f\u0131 koruyucusu ile birlikte veya koruyucusuz kullan\u0131labilinir.\u0130stenildi\u011finde a\u00e7\u0131l\u0131p kapat\u0131labilinen vercisi sayesinde ORION&#8217;un pozisyonu her an belirlenebilinir.IBAK ve IKAS yaz\u0131l\u0131mlar\u0131n\u0131n kombinasyonu ile versiyon 2.5&#8217;den itibaren lazer \u00f6zelli\u011fi kanalizasyon borular\u0131nda kolayl\u0131kla \u00e7ap ve deformasyon \u00f6l\u00e7\u00fcmleri yap\u0131labilmenize olanak sa\u011flar.<\/p>\n<p>Firmam\u0131z\u0131n yapt\u0131\u011f\u0131 hava ara\u00e7lar\u0131 al\u00fcminyumu sayesinde y\u00fcksek bas\u0131nca dayan\u0131kl\u0131 ve \u00e7ok hafiftir.Bu bir araya getirilmi\u015f \u00f6zellikler sayesinde uzun mesafeli itme i\u015flemlerine olanak tan\u0131makla birlikte ayn\u0131 zamanda maksimum kamera dayan\u0131kl\u0131l\u0131\u011f\u0131 sa\u011flar.Patlama dayan\u0131kl\u0131l\u0131\u011f\u0131 darbe testi i\u00e7in gerekli olan y\u00fcksek g\u00fc\u00e7l\u00fc materyaller, hem patlama korumal\u0131 hem de normal kameralarda kullan\u0131lm\u0131\u015ft\u0131r.<\/p>\n<ul>\n<li>Panoramik ve e\u011filebilir kamera IBAK ORION<\/li>\n<li>ORION ve yard\u0131mc\u0131 \u0131\u015f\u0131k ZSW 65<\/li>\n<li>Uzaktan kontrol edilebilir focus fonksiyonu ve 40 adet parlakl\u0131\u011f\u0131 ayarlanabilir LED<\/li>\n<li>Lazer destekli \u00e7ap ve deformasyon \u00f6l\u00e7\u00fcm\u00fc(2.9)<\/li>\n<\/ul>","protected":false},"excerpt":{"rendered":"<h3><span style=\"color: #000000;\">IBAK<\/span><\/h3>\n<h4><span style=\"color: #000000;\">Orion<\/span><\/h4>\n<p><span style=\"color: #000000;\"><strong>IBAK ORION\u00a0<\/strong>\u00a0DN 100 ve \u00fczeri borular\u0131 kontrol ederken her\u015feyi yapabilecek kapasitededir. Mikroi\u015flemci kontroll\u00fc panoramik kafas\u0131 sayesinde kontrol edilmesi gereken heryere h\u0131zl\u0131ca ula\u015fabilir.ORION kendi ekseni etraf\u0131nda sonsuz d\u00f6n\u00fc\u015f yetene\u011fine sahiptir. B\u00f6ylece panaromik fonksiyonunun her yeri g\u00f6rebilmesini,sistemin boru giri\u015flerini otomatik denetleyebilmesini, ve hatta dallanan borulara tersten giri\u015f yapabilmesini sa\u011flar.ORION UPC fonksiyonu sayesinde (Dik G\u00f6r\u00fcnt\u00fc Kontrol\u00fc) dik eksende g\u00f6r\u00fcnt\u00fc alma opsiyonu sa\u011flar.<\/span><\/p>","protected":false},"featured_media":32123,"template":"","meta":{"_bst_post_transparent":"default","_bst_post_title":"","_bst_post_layout":"default","_bst_post_sidebar_id":"","_bst_post_content_style":"default","_bst_post_vertical_padding":"default","_bst_post_feature":"","_bst_post_feature_position":"","_bst_post_header":false,"_bst_post_footer":false},"product_brand":[2001],"product_cat":[157],"product_tag":[259,256,258,195,197,1262,239,257],"product_brands":[],"class_list":{"0":"post-9877","1":"product","2":"type-product","3":"status-publish","4":"has-post-thumbnail","6":"product_brand-ibak","7":"product_cat-kanal-goruntuleme","8":"product_tag-dik-goruntu-kontrolu","9":"product_tag-dn-100","10":"product_tag-dn-600","11":"product_tag-ibak","12":"product_tag-kanal-goruntuleme","13":"product_tag-kanal-kamerasi","14":"product_tag-orion","15":"product_tag-orion-upc","17":"first","18":"instock","19":"shipping-taxable","20":"product-type-simple","21":"entry","22":"content-bg","23":"loop-entry"},"aioseo_notices":[],"_links":{"self":[{"href":"https:\/\/enermak.com\/en\/wp-json\/wp\/v2\/product\/9877","targetHints":{"allow":["GET"]}}],"collection":[{"href":"https:\/\/enermak.com\/en\/wp-json\/wp\/v2\/product"}],"about":[{"href":"https:\/\/enermak.com\/en\/wp-json\/wp\/v2\/types\/product"}],"version-history":[{"count":0,"href":"https:\/\/enermak.com\/en\/wp-json\/wp\/v2\/product\/9877\/revisions"}],"wp:featuredmedia":[{"embeddable":true,"href":"https:\/\/enermak.com\/en\/wp-json\/wp\/v2\/media\/32123"}],"wp:attachment":[{"href":"https:\/\/enermak.com\/en\/wp-json\/wp\/v2\/media?parent=9877"}],"wp:term":[{"taxonomy":"product_brand","embeddable":true,"href":"https:\/\/enermak.com\/en\/wp-json\/wp\/v2\/product_brand?post=9877"},{"taxonomy":"product_cat","embeddable":true,"href":"https:\/\/enermak.com\/en\/wp-json\/wp\/v2\/product_cat?post=9877"},{"taxonomy":"product_tag","embeddable":true,"href":"https:\/\/enermak.com\/en\/wp-json\/wp\/v2\/product_tag?post=9877"},{"taxonomy":"product_brands","embeddable":true,"href":"https:\/\/enermak.com\/en\/wp-json\/wp\/v2\/product_brands?post=9877"}],"curies":[{"name":"wp","href":"https:\/\/api.w.org\/{rel}","templated":true}]}}