{"id":9867,"date":"2022-05-06T10:49:54","date_gmt":"2022-05-06T07:49:54","guid":{"rendered":"http:\/\/isimmedya.com\/?post_type=product&#038;p=9867"},"modified":"2026-02-18T15:08:59","modified_gmt":"2026-02-18T12:08:59","slug":"ibak-nano-kamera","status":"publish","type":"product","link":"https:\/\/enermak.com\/en\/urunler\/ibak-nano-kamera\/","title":{"rendered":"IBAK NANO Kamera"},"content":{"rendered":"<h2><span style=\"color: #000000;\">NANO Kamera<\/span><\/h2>\n<p><span style=\"color: #000000;\">IBAK NANO Kamera, IBAK portf\u00f6y\u00fcndeki en k\u00fc\u00e7\u00fck sonsuz d\u00f6n\u00fc\u015fe sahip kamerad\u0131r. 80 mm kadar k\u00fc\u00e7\u00fck \u00e7apl\u0131 borularda \u00e7al\u0131\u015ft\u0131r\u0131labilir.<\/span><\/p>\n<p><span style=\"color: #000000;\">\u0130stenilen g\u00f6r\u00fcnt\u00fcleme y\u00f6n\u00fcne, d\u00f6nd\u00fcrme kafas\u0131 taraf\u0131ndan mikroi\u015flemci kontrol\u00fc alt\u0131nda en h\u0131zl\u0131 \u015fekilde ula\u015f\u0131l\u0131r.\u00a0NANO kendi ekseni etraf\u0131nda sonsuza kadar d\u00f6nebilir.\u00a0\u00a0D\u00f6nd\u00fcrme fonksiyonu, her y\u00f6nden bir g\u00f6r\u00fcn\u00fcm\u00fc, boru ba\u011flant\u0131lar\u0131n\u0131 denetlemek i\u00e7in otomatik d\u00f6n\u00fc\u015f sa\u011flar\u00a0NANO, UPC fonksiyonu (dik resim kontrol\u00fc) sayesinde eksenel y\u00f6nde dik bir g\u00f6r\u00fcnt\u00fc olu\u015fturur.<\/span><\/p>\n<p><span style=\"color: #000000;\">\u0130nce \u00e7ap\u0131 47 mm olan kamera, t\u00fcm IBAK itme \u00e7ubuk sistemleri, kameral\u0131 trakt\u00f6rler ve LISY sistemleri ile \u00e7al\u0131\u015ft\u0131r\u0131labilir ve tam b\u00fck\u00fcm ge\u00e7irme \u00f6zelli\u011fine sahiptir.\u00a0\u015eu anda tek bir kamera kafas\u0131 olarak veya MiniLite itme sistemi ile birlikte sipari\u015f edilebilir.<\/span><\/p>","protected":false},"excerpt":{"rendered":"<h3><span style=\"color: #000000;\">IBAK<\/span><\/h3>\n<h4><span style=\"color: #000000;\">IBAK NANO Kamera<\/span><\/h4>\n<p><span style=\"color: #000000;\">IBAK NANO Kamera, IBAK portf\u00f6y\u00fcndeki en k\u00fc\u00e7\u00fck sonsuz d\u00f6n\u00fc\u015fe sahip kamerad\u0131r. 80 mm kadar k\u00fc\u00e7\u00fck \u00e7apl\u0131 borularda \u00e7al\u0131\u015ft\u0131r\u0131labilir.<\/span><\/p>","protected":false},"featured_media":32124,"template":"","meta":{"_monsterinsights_skip_tracking":false,"_monsterinsights_sitenote_active":false,"_monsterinsights_sitenote_note":"","_monsterinsights_sitenote_category":0,"_uf_show_specific_survey":0,"_uf_disable_surveys":false,"_bst_post_transparent":"default","_bst_post_title":"","_bst_post_layout":"default","_bst_post_sidebar_id":"","_bst_post_content_style":"default","_bst_post_vertical_padding":"default","_bst_post_feature":"","_bst_post_feature_position":"","_bst_post_header":false,"_bst_post_footer":false},"product_brand":[2001],"product_cat":[157],"product_tag":[195,197,1262,250,263,264],"product_brands":[],"class_list":{"0":"post-9867","1":"product","2":"type-product","3":"status-publish","4":"has-post-thumbnail","6":"product_brand-ibak","7":"product_cat-kanal-goruntuleme","8":"product_tag-ibak","9":"product_tag-kanal-goruntuleme","10":"product_tag-kanal-kamerasi","11":"product_tag-lisy","12":"product_tag-nano-kamera","13":"product_tag-upc","15":"first","16":"instock","17":"shipping-taxable","18":"product-type-simple","19":"entry","20":"content-bg","21":"loop-entry"},"aioseo_notices":[],"aioseo_head":"\n\t\t<!-- All in One SEO Pro 4.9.5.2 - aioseo.com -->\n\t<meta name=\"description\" content=\"Kanal kameras\u0131 ile i\u015finizi kolayla\u015ft\u0131r\u0131n ve profesy\u00f6nelli\u011fnizi bir ad\u0131m ileri ta\u015f\u0131y\u0131n. Bir \u00e7ok \u00fcr\u00fcn Enermak Enerji de sizleri bekliyor. NANO Kamera\" \/>\n\t<meta name=\"robots\" content=\"max-snippet:-1, max-image-preview:large, max-video-preview:-1\" \/>\n\t<meta name=\"yandex-verification\" content=\"yandex-verification: 61c39bc218eec6a9\" \/>\n\t<link rel=\"canonical\" href=\"https:\/\/enermak.com\/en\/urunler\/ibak-nano-kamera\/\" \/>\n\t<meta name=\"generator\" content=\"All in One SEO Pro (AIOSEO) 4.9.5.2\" \/>\n\t\t<meta property=\"og:locale\" content=\"en_US\" \/>\n\t\t<meta property=\"og:site_name\" content=\"Enermak Enerji - Yeralt\u0131ndan Haberler\" \/>\n\t\t<meta property=\"og:type\" content=\"article\" \/>\n\t\t<meta property=\"og:title\" content=\"IBAK NANO Kamera - Enermak Enerji\" \/>\n\t\t<meta property=\"og:description\" content=\"Kanal kameras\u0131 ile i\u015finizi kolayla\u015ft\u0131r\u0131n ve profesy\u00f6nelli\u011fnizi bir ad\u0131m ileri ta\u015f\u0131y\u0131n. Bir \u00e7ok \u00fcr\u00fcn Enermak Enerji de sizleri bekliyor. NANO Kamera\" \/>\n\t\t<meta property=\"og:url\" content=\"https:\/\/enermak.com\/en\/urunler\/ibak-nano-kamera\/\" \/>\n\t\t<meta property=\"og:image\" content=\"https:\/\/enermak.com\/wp-content\/uploads\/2022\/03\/logo-tr-1.png\" \/>\n\t\t<meta property=\"og:image:secure_url\" content=\"https:\/\/enermak.com\/wp-content\/uploads\/2022\/03\/logo-tr-1.png\" \/>\n\t\t<meta property=\"article:published_time\" content=\"2022-05-06T07:49:54+00:00\" \/>\n\t\t<meta property=\"article:modified_time\" content=\"2026-02-18T12:08:59+00:00\" \/>\n\t\t<meta property=\"article:publisher\" content=\"https:\/\/www.facebook.com\/YERALTINDANHABERLER\/\" \/>\n\t\t<meta name=\"twitter:card\" content=\"summary_large_image\" \/>\n\t\t<meta name=\"twitter:site\" content=\"@enerjienermak\" \/>\n\t\t<meta name=\"twitter:title\" content=\"IBAK NANO Kamera - Enermak Enerji\" \/>\n\t\t<meta name=\"twitter:description\" content=\"Kanal kameras\u0131 ile i\u015finizi kolayla\u015ft\u0131r\u0131n ve profesy\u00f6nelli\u011fnizi bir ad\u0131m ileri ta\u015f\u0131y\u0131n. Bir \u00e7ok \u00fcr\u00fcn Enermak Enerji de sizleri bekliyor. NANO Kamera\" \/>\n\t\t<meta name=\"twitter:image\" content=\"https:\/\/enermak.com\/wp-content\/uploads\/2022\/03\/logo-tr-1.png\" \/>\n\t\t<script type=\"application\/ld+json\" class=\"aioseo-schema\">\n\t\t\t{\"@context\":\"https:\\\/\\\/schema.org\",\"@graph\":[{\"@type\":\"BreadcrumbList\",\"@id\":\"https:\\\/\\\/enermak.com\\\/en\\\/urunler\\\/ibak-nano-kamera\\\/#breadcrumblist\",\"itemListElement\":[{\"@type\":\"ListItem\",\"@id\":\"https:\\\/\\\/enermak.com\\\/en#listItem\",\"position\":1,\"name\":\"Home\",\"item\":\"https:\\\/\\\/enermak.com\\\/en\",\"nextItem\":{\"@type\":\"ListItem\",\"@id\":\"https:\\\/\\\/enermak.com\\\/en\\\/urunler\\\/#listItem\",\"name\":\"\\u00dcr\\u00fcnler\"}},{\"@type\":\"ListItem\",\"@id\":\"https:\\\/\\\/enermak.com\\\/en\\\/urunler\\\/#listItem\",\"position\":2,\"name\":\"\\u00dcr\\u00fcnler\",\"item\":\"https:\\\/\\\/enermak.com\\\/en\\\/urunler\\\/\",\"nextItem\":{\"@type\":\"ListItem\",\"@id\":\"https:\\\/\\\/enermak.com\\\/en\\\/brand\\\/ibak\\\/#listItem\",\"name\":\"IBAK\"},\"previousItem\":{\"@type\":\"ListItem\",\"@id\":\"https:\\\/\\\/enermak.com\\\/en#listItem\",\"name\":\"Home\"}},{\"@type\":\"ListItem\",\"@id\":\"https:\\\/\\\/enermak.com\\\/en\\\/brand\\\/ibak\\\/#listItem\",\"position\":3,\"name\":\"IBAK\",\"item\":\"https:\\\/\\\/enermak.com\\\/en\\\/brand\\\/ibak\\\/\",\"nextItem\":{\"@type\":\"ListItem\",\"@id\":\"https:\\\/\\\/enermak.com\\\/en\\\/urunler\\\/ibak-nano-kamera\\\/#listItem\",\"name\":\"IBAK NANO Kamera\"},\"previousItem\":{\"@type\":\"ListItem\",\"@id\":\"https:\\\/\\\/enermak.com\\\/en\\\/urunler\\\/#listItem\",\"name\":\"\\u00dcr\\u00fcnler\"}},{\"@type\":\"ListItem\",\"@id\":\"https:\\\/\\\/enermak.com\\\/en\\\/urunler\\\/ibak-nano-kamera\\\/#listItem\",\"position\":4,\"name\":\"IBAK NANO Kamera\",\"previousItem\":{\"@type\":\"ListItem\",\"@id\":\"https:\\\/\\\/enermak.com\\\/en\\\/brand\\\/ibak\\\/#listItem\",\"name\":\"IBAK\"}}]},{\"@type\":\"ItemPage\",\"@id\":\"https:\\\/\\\/enermak.com\\\/en\\\/urunler\\\/ibak-nano-kamera\\\/#itempage\",\"url\":\"https:\\\/\\\/enermak.com\\\/en\\\/urunler\\\/ibak-nano-kamera\\\/\",\"name\":\"IBAK NANO Kamera - Enermak Enerji\",\"description\":\"Kanal kameras\\u0131 ile i\\u015finizi kolayla\\u015ft\\u0131r\\u0131n ve profesy\\u00f6nelli\\u011fnizi bir ad\\u0131m ileri ta\\u015f\\u0131y\\u0131n. Bir \\u00e7ok \\u00fcr\\u00fcn Enermak Enerji de sizleri bekliyor. NANO Kamera\",\"inLanguage\":\"en-US\",\"isPartOf\":{\"@id\":\"https:\\\/\\\/enermak.com\\\/en\\\/#website\"},\"breadcrumb\":{\"@id\":\"https:\\\/\\\/enermak.com\\\/en\\\/urunler\\\/ibak-nano-kamera\\\/#breadcrumblist\"},\"image\":{\"@type\":\"ImageObject\",\"url\":\"https:\\\/\\\/enermak.com\\\/wp-content\\\/uploads\\\/2022\\\/05\\\/IBAK-NANO-Kamera.jpg\",\"@id\":\"https:\\\/\\\/enermak.com\\\/en\\\/urunler\\\/ibak-nano-kamera\\\/#mainImage\",\"width\":387,\"height\":260,\"caption\":\"IBAK NANO Kamera\"},\"primaryImageOfPage\":{\"@id\":\"https:\\\/\\\/enermak.com\\\/en\\\/urunler\\\/ibak-nano-kamera\\\/#mainImage\"},\"datePublished\":\"2022-05-06T10:49:54+03:00\",\"dateModified\":\"2026-02-18T15:08:59+03:00\"},{\"@type\":\"Organization\",\"@id\":\"https:\\\/\\\/enermak.com\\\/en\\\/#organization\",\"name\":\"Enermak Enerji\",\"description\":\"Yeralt\\u0131ndan Haberler\",\"url\":\"https:\\\/\\\/enermak.com\\\/en\\\/\",\"telephone\":\"+903123851102\",\"logo\":{\"@type\":\"ImageObject\",\"url\":\"https:\\\/\\\/enermak.com\\\/wp-content\\\/uploads\\\/2022\\\/03\\\/logo-tr-1.png\",\"@id\":\"https:\\\/\\\/enermak.com\\\/en\\\/urunler\\\/ibak-nano-kamera\\\/#organizationLogo\"},\"image\":{\"@id\":\"https:\\\/\\\/enermak.com\\\/en\\\/urunler\\\/ibak-nano-kamera\\\/#organizationLogo\"},\"sameAs\":[\"https:\\\/\\\/www.facebook.com\\\/YERALTINDANHABERLER\\\/\",\"https:\\\/\\\/twitter.com\\\/enerjienermak\",\"https:\\\/\\\/www.instagram.com\\\/enermakenerji\\\/\",\"https:\\\/\\\/www.youtube.com\\\/c\\\/EnermakEnerji\",\"https:\\\/\\\/www.linkedin.com\\\/in\\\/enermak\"]},{\"@type\":\"WebPage\",\"@id\":\"https:\\\/\\\/enermak.com\\\/en\\\/urunler\\\/ibak-nano-kamera\\\/#webpage\",\"url\":\"https:\\\/\\\/enermak.com\\\/en\\\/urunler\\\/ibak-nano-kamera\\\/\",\"name\":\"IBAK NANO Kamera - Enermak Enerji\",\"description\":\"Kanal kameras\\u0131 ile i\\u015finizi kolayla\\u015ft\\u0131r\\u0131n ve profesy\\u00f6nelli\\u011fnizi bir ad\\u0131m ileri ta\\u015f\\u0131y\\u0131n. Bir \\u00e7ok \\u00fcr\\u00fcn Enermak Enerji de sizleri bekliyor. NANO Kamera\",\"inLanguage\":\"en-US\",\"isPartOf\":{\"@id\":\"https:\\\/\\\/enermak.com\\\/en\\\/#website\"},\"breadcrumb\":{\"@id\":\"https:\\\/\\\/enermak.com\\\/en\\\/urunler\\\/ibak-nano-kamera\\\/#breadcrumblist\"},\"image\":{\"@type\":\"ImageObject\",\"url\":\"https:\\\/\\\/enermak.com\\\/wp-content\\\/uploads\\\/2022\\\/05\\\/IBAK-NANO-Kamera.jpg\",\"@id\":\"https:\\\/\\\/enermak.com\\\/en\\\/urunler\\\/ibak-nano-kamera\\\/#mainImage\",\"width\":387,\"height\":260,\"caption\":\"IBAK NANO Kamera\"},\"primaryImageOfPage\":{\"@id\":\"https:\\\/\\\/enermak.com\\\/en\\\/urunler\\\/ibak-nano-kamera\\\/#mainImage\"},\"datePublished\":\"2022-05-06T10:49:54+03:00\",\"dateModified\":\"2026-02-18T15:08:59+03:00\"},{\"@type\":\"WebSite\",\"@id\":\"https:\\\/\\\/enermak.com\\\/en\\\/#website\",\"url\":\"https:\\\/\\\/enermak.com\\\/en\\\/\",\"name\":\"Enermak Enerji\",\"alternateName\":\"Yeralt\\u0131ndan Haberler\",\"description\":\"Yeralt\\u0131ndan Haberler\",\"inLanguage\":\"en-US\",\"publisher\":{\"@id\":\"https:\\\/\\\/enermak.com\\\/en\\\/#organization\"}}]}\n\t\t<\/script>\n\t\t<!-- All in One SEO Pro -->\r\n\t\t<title>IBAK NANO Kamera - Enermak Enerji<\/title>\n\n","aioseo_head_json":{"title":"IBAK NANO Kamera - Enermak Enerji","description":"Kanal kameras\u0131 ile i\u015finizi kolayla\u015ft\u0131r\u0131n ve profesy\u00f6nelli\u011fnizi bir ad\u0131m ileri ta\u015f\u0131y\u0131n. Bir \u00e7ok \u00fcr\u00fcn Enermak Enerji de sizleri bekliyor. NANO Kamera","canonical_url":"https:\/\/enermak.com\/en\/urunler\/ibak-nano-kamera\/","robots":"max-snippet:-1, max-image-preview:large, max-video-preview:-1","keywords":"","webmasterTools":{"yandex-verification":"yandex-verification: 61c39bc218eec6a9","miscellaneous":""},"schema":{"@context":"https:\/\/schema.org","@graph":[{"@type":"BreadcrumbList","@id":"https:\/\/enermak.com\/en\/urunler\/ibak-nano-kamera\/#breadcrumblist","itemListElement":[{"@type":"ListItem","@id":"https:\/\/enermak.com\/en#listItem","position":1,"name":"Home","item":"https:\/\/enermak.com\/en","nextItem":{"@type":"ListItem","@id":"https:\/\/enermak.com\/en\/urunler\/#listItem","name":"\u00dcr\u00fcnler"}},{"@type":"ListItem","@id":"https:\/\/enermak.com\/en\/urunler\/#listItem","position":2,"name":"\u00dcr\u00fcnler","item":"https:\/\/enermak.com\/en\/urunler\/","nextItem":{"@type":"ListItem","@id":"https:\/\/enermak.com\/en\/brand\/ibak\/#listItem","name":"IBAK"},"previousItem":{"@type":"ListItem","@id":"https:\/\/enermak.com\/en#listItem","name":"Home"}},{"@type":"ListItem","@id":"https:\/\/enermak.com\/en\/brand\/ibak\/#listItem","position":3,"name":"IBAK","item":"https:\/\/enermak.com\/en\/brand\/ibak\/","nextItem":{"@type":"ListItem","@id":"https:\/\/enermak.com\/en\/urunler\/ibak-nano-kamera\/#listItem","name":"IBAK NANO Kamera"},"previousItem":{"@type":"ListItem","@id":"https:\/\/enermak.com\/en\/urunler\/#listItem","name":"\u00dcr\u00fcnler"}},{"@type":"ListItem","@id":"https:\/\/enermak.com\/en\/urunler\/ibak-nano-kamera\/#listItem","position":4,"name":"IBAK NANO Kamera","previousItem":{"@type":"ListItem","@id":"https:\/\/enermak.com\/en\/brand\/ibak\/#listItem","name":"IBAK"}}]},{"@type":"ItemPage","@id":"https:\/\/enermak.com\/en\/urunler\/ibak-nano-kamera\/#itempage","url":"https:\/\/enermak.com\/en\/urunler\/ibak-nano-kamera\/","name":"IBAK NANO Kamera - Enermak Enerji","description":"Kanal kameras\u0131 ile i\u015finizi kolayla\u015ft\u0131r\u0131n ve profesy\u00f6nelli\u011fnizi bir ad\u0131m ileri ta\u015f\u0131y\u0131n. Bir \u00e7ok \u00fcr\u00fcn Enermak Enerji de sizleri bekliyor. NANO Kamera","inLanguage":"en-US","isPartOf":{"@id":"https:\/\/enermak.com\/en\/#website"},"breadcrumb":{"@id":"https:\/\/enermak.com\/en\/urunler\/ibak-nano-kamera\/#breadcrumblist"},"image":{"@type":"ImageObject","url":"https:\/\/enermak.com\/wp-content\/uploads\/2022\/05\/IBAK-NANO-Kamera.jpg","@id":"https:\/\/enermak.com\/en\/urunler\/ibak-nano-kamera\/#mainImage","width":387,"height":260,"caption":"IBAK NANO Kamera"},"primaryImageOfPage":{"@id":"https:\/\/enermak.com\/en\/urunler\/ibak-nano-kamera\/#mainImage"},"datePublished":"2022-05-06T10:49:54+03:00","dateModified":"2026-02-18T15:08:59+03:00"},{"@type":"Organization","@id":"https:\/\/enermak.com\/en\/#organization","name":"Enermak Enerji","description":"Yeralt\u0131ndan Haberler","url":"https:\/\/enermak.com\/en\/","telephone":"+903123851102","logo":{"@type":"ImageObject","url":"https:\/\/enermak.com\/wp-content\/uploads\/2022\/03\/logo-tr-1.png","@id":"https:\/\/enermak.com\/en\/urunler\/ibak-nano-kamera\/#organizationLogo"},"image":{"@id":"https:\/\/enermak.com\/en\/urunler\/ibak-nano-kamera\/#organizationLogo"},"sameAs":["https:\/\/www.facebook.com\/YERALTINDANHABERLER\/","https:\/\/twitter.com\/enerjienermak","https:\/\/www.instagram.com\/enermakenerji\/","https:\/\/www.youtube.com\/c\/EnermakEnerji","https:\/\/www.linkedin.com\/in\/enermak"]},{"@type":"WebPage","@id":"https:\/\/enermak.com\/en\/urunler\/ibak-nano-kamera\/#webpage","url":"https:\/\/enermak.com\/en\/urunler\/ibak-nano-kamera\/","name":"IBAK NANO Kamera - Enermak Enerji","description":"Kanal kameras\u0131 ile i\u015finizi kolayla\u015ft\u0131r\u0131n ve profesy\u00f6nelli\u011fnizi bir ad\u0131m ileri ta\u015f\u0131y\u0131n. Bir \u00e7ok \u00fcr\u00fcn Enermak Enerji de sizleri bekliyor. NANO Kamera","inLanguage":"en-US","isPartOf":{"@id":"https:\/\/enermak.com\/en\/#website"},"breadcrumb":{"@id":"https:\/\/enermak.com\/en\/urunler\/ibak-nano-kamera\/#breadcrumblist"},"image":{"@type":"ImageObject","url":"https:\/\/enermak.com\/wp-content\/uploads\/2022\/05\/IBAK-NANO-Kamera.jpg","@id":"https:\/\/enermak.com\/en\/urunler\/ibak-nano-kamera\/#mainImage","width":387,"height":260,"caption":"IBAK NANO Kamera"},"primaryImageOfPage":{"@id":"https:\/\/enermak.com\/en\/urunler\/ibak-nano-kamera\/#mainImage"},"datePublished":"2022-05-06T10:49:54+03:00","dateModified":"2026-02-18T15:08:59+03:00"},{"@type":"WebSite","@id":"https:\/\/enermak.com\/en\/#website","url":"https:\/\/enermak.com\/en\/","name":"Enermak Enerji","alternateName":"Yeralt\u0131ndan Haberler","description":"Yeralt\u0131ndan Haberler","inLanguage":"en-US","publisher":{"@id":"https:\/\/enermak.com\/en\/#organization"}}]},"og:locale":"en_US","og:site_name":"Enermak Enerji - Yeralt\u0131ndan Haberler","og:type":"article","og:title":"IBAK NANO Kamera - Enermak Enerji","og:description":"Kanal kameras\u0131 ile i\u015finizi kolayla\u015ft\u0131r\u0131n ve profesy\u00f6nelli\u011fnizi bir ad\u0131m ileri ta\u015f\u0131y\u0131n. Bir \u00e7ok \u00fcr\u00fcn Enermak Enerji de sizleri bekliyor. NANO Kamera","og:url":"https:\/\/enermak.com\/en\/urunler\/ibak-nano-kamera\/","og:image":"https:\/\/enermak.com\/wp-content\/uploads\/2022\/03\/logo-tr-1.png","og:image:secure_url":"https:\/\/enermak.com\/wp-content\/uploads\/2022\/03\/logo-tr-1.png","article:published_time":"2022-05-06T07:49:54+00:00","article:modified_time":"2026-02-18T12:08:59+00:00","article:publisher":"https:\/\/www.facebook.com\/YERALTINDANHABERLER\/","twitter:card":"summary_large_image","twitter:site":"@enerjienermak","twitter:title":"IBAK NANO Kamera - Enermak Enerji","twitter:description":"Kanal kameras\u0131 ile i\u015finizi kolayla\u015ft\u0131r\u0131n ve profesy\u00f6nelli\u011fnizi bir ad\u0131m ileri ta\u015f\u0131y\u0131n. Bir \u00e7ok \u00fcr\u00fcn Enermak Enerji de sizleri bekliyor. NANO Kamera","twitter:image":"https:\/\/enermak.com\/wp-content\/uploads\/2022\/03\/logo-tr-1.png"},"aioseo_meta_data":{"post_id":"9867","title":null,"description":"Kanal kameras\u0131 ile i\u015finizi kolayla\u015ft\u0131r\u0131n ve profesy\u00f6nelli\u011fnizi bir ad\u0131m ileri ta\u015f\u0131y\u0131n. Bir \u00e7ok \u00fcr\u00fcn Enermak Enerji de sizleri bekliyor. NANO Kamera","keywords":null,"keyphrases":{"focus":{"keyphrase":"NANO Kamera","analysis":{"keyphraseInTitle":{"score":9,"maxScore":9,"error":0},"keyphraseInDescription":{"score":9,"maxScore":9,"error":0},"keyphraseLength":{"score":9,"maxScore":9,"error":0,"length":2},"keyphraseInURL":{"score":5,"maxScore":5,"error":0},"keyphraseInIntroduction":{"score":9,"maxScore":9,"error":0},"keyphraseInSubHeadings":{"score":9,"maxScore":9,"error":0},"keyphraseInImageAlt":[],"keywordDensity":{"type":"best","score":9,"maxScore":9,"error":0}},"score":100},"additional":[]},"primary_term":null,"canonical_url":null,"og_title":null,"og_description":null,"og_object_type":"default","og_image_type":"default","og_image_url":null,"og_image_width":null,"og_image_height":null,"og_image_custom_url":null,"og_image_custom_fields":null,"og_video":"","og_custom_url":null,"og_article_section":null,"og_article_tags":null,"twitter_use_og":false,"twitter_card":"default","twitter_image_type":"default","twitter_image_url":null,"twitter_image_custom_url":null,"twitter_image_custom_fields":null,"twitter_title":null,"twitter_description":null,"schema":{"blockGraphs":[],"customGraphs":[],"default":{"data":{"Article":[],"Course":[],"Dataset":[],"FAQPage":[],"Movie":[],"Person":[],"Product":[],"ProductReview":[],"Car":[],"Recipe":[],"Service":[],"SoftwareApplication":[],"WebPage":[]},"graphName":"ItemPage","isEnabled":true},"graphs":[],"defaultGraph":"WebPage","defaultPostTypeGraph":""},"schema_type":"default","schema_type_options":"{\"article\":{\"articleType\":\"BlogPosting\"},\"course\":{\"name\":\"\",\"description\":\"\",\"provider\":\"\"},\"faq\":{\"pages\":[]},\"product\":{\"reviews\":[]},\"recipe\":{\"ingredients\":[],\"instructions\":[],\"keywords\":[]},\"software\":{\"reviews\":[],\"operatingSystems\":[]},\"webPage\":{\"webPageType\":\"WebPage\"},\"blockGraphs\":[]}","pillar_content":false,"robots_default":false,"robots_noindex":false,"robots_noarchive":false,"robots_nosnippet":false,"robots_nofollow":false,"robots_noimageindex":false,"robots_noodp":false,"robots_notranslate":false,"robots_max_snippet":"-1","robots_max_videopreview":"-1","robots_max_imagepreview":"large","priority":null,"frequency":"default","local_seo":null,"seo_analyzer_scan_date":"2026-02-18 12:13:26","breadcrumb_settings":null,"limit_modified_date":false,"reviewed_by":null,"open_ai":"{\"title\":{\"suggestions\":[],\"usage\":0},\"description\":{\"suggestions\":[],\"usage\":0}}","ai":{"faqs":[],"keyPoints":[],"titles":[],"descriptions":[],"socialPosts":{"email":[],"linkedin":[],"twitter":[],"facebook":[],"instagram":[]}},"created":"2022-09-12 10:38:21","updated":"2026-02-18 12:13:33"},"aioseo_breadcrumb":"<div class=\"aioseo-breadcrumbs\"><span class=\"aioseo-breadcrumb\">\n\t<a href=\"https:\/\/enermak.com\/en\" title=\"Home\">Home<\/a>\n<\/span><span class=\"aioseo-breadcrumb-separator\">\u00bb<\/span><span class=\"aioseo-breadcrumb\">\n\t<a href=\"https:\/\/enermak.com\/en\/urunler\/\" title=\"\u00dcr\u00fcnler\">\u00dcr\u00fcnler<\/a>\n<\/span><span class=\"aioseo-breadcrumb-separator\">\u00bb<\/span><span class=\"aioseo-breadcrumb\">\n\t<a href=\"https:\/\/enermak.com\/en\/brand\/ibak\/\" title=\"IBAK\">IBAK<\/a>\n<\/span><span class=\"aioseo-breadcrumb-separator\">\u00bb<\/span><span class=\"aioseo-breadcrumb\">\n\tIBAK NANO Kamera\n<\/span><\/div>","aioseo_breadcrumb_json":[{"label":"Home","link":"https:\/\/enermak.com\/en"},{"label":"\u00dcr\u00fcnler","link":"https:\/\/enermak.com\/en\/urunler\/"},{"label":"IBAK","link":"https:\/\/enermak.com\/en\/brand\/ibak\/"},{"label":"IBAK NANO Kamera","link":"https:\/\/enermak.com\/en\/urunler\/ibak-nano-kamera\/"}],"_links":{"self":[{"href":"https:\/\/enermak.com\/en\/wp-json\/wp\/v2\/product\/9867","targetHints":{"allow":["GET"]}}],"collection":[{"href":"https:\/\/enermak.com\/en\/wp-json\/wp\/v2\/product"}],"about":[{"href":"https:\/\/enermak.com\/en\/wp-json\/wp\/v2\/types\/product"}],"version-history":[{"count":0,"href":"https:\/\/enermak.com\/en\/wp-json\/wp\/v2\/product\/9867\/revisions"}],"wp:featuredmedia":[{"embeddable":true,"href":"https:\/\/enermak.com\/en\/wp-json\/wp\/v2\/media\/32124"}],"wp:attachment":[{"href":"https:\/\/enermak.com\/en\/wp-json\/wp\/v2\/media?parent=9867"}],"wp:term":[{"taxonomy":"product_brand","embeddable":true,"href":"https:\/\/enermak.com\/en\/wp-json\/wp\/v2\/product_brand?post=9867"},{"taxonomy":"product_cat","embeddable":true,"href":"https:\/\/enermak.com\/en\/wp-json\/wp\/v2\/product_cat?post=9867"},{"taxonomy":"product_tag","embeddable":true,"href":"https:\/\/enermak.com\/en\/wp-json\/wp\/v2\/product_tag?post=9867"},{"taxonomy":"product_brands","embeddable":true,"href":"https:\/\/enermak.com\/en\/wp-json\/wp\/v2\/product_brands?post=9867"}],"curies":[{"name":"wp","href":"https:\/\/api.w.org\/{rel}","templated":true}]}}