{"id":9841,"date":"2022-05-06T10:32:54","date_gmt":"2022-05-06T07:32:54","guid":{"rendered":"http:\/\/isimmedya.com\/?post_type=product&#038;p=9841"},"modified":"2026-02-18T15:33:30","modified_gmt":"2026-02-18T12:33:30","slug":"ibak-cuttercam-havali-pnomatik-kesici","status":"publish","type":"product","link":"https:\/\/enermak.com\/en\/urunler\/ibak-cuttercam-havali-pnomatik-kesici\/","title":{"rendered":"IBAK &#8211; CutterCam Haval\u0131 Pn\u00f6matik Kesici"},"content":{"rendered":"<h2><span style=\"color: #000000;\"><strong>IBAK &#8211; CutterCam Haval\u0131 Pn\u00f6matik Kesici<\/strong><\/span><\/h2>\n<p><span style=\"color: #000000;\">Yeni CutterCam renkli d\u00f6ner kafa kamera kan\u0131tlanm\u0131\u015f IBAK teknolojisine dayanmaktad\u0131r.\u00a0Elektrikli freze robotlar\u0131 ile kullan\u0131lmak \u00fczere \u00f6zel olarak geli\u015ftirilmi\u015ftir.\u00a0Su ge\u00e7irmezdir ve t\u00fcm tadilat ve frezeleme i\u015flerini izlemek i\u00e7in kullan\u0131l\u0131r.\u00a0D\u00e2hili bas\u0131n\u00e7 sens\u00f6r\u00fc, kameran\u0131n bas\u0131nc\u0131n\u0131 s\u00fcrekli olarak bilgilendirir.\u00a0Bir bas\u0131n\u00e7 d\u00fc\u015fmesi durumunda operat\u00f6r, operat\u00f6r panelinde bir LCD ekran ve bir uyar\u0131 tonu olarak bir uyar\u0131 mesaj\u0131 al\u0131r.<\/span><\/p>\n<p><span style=\"color: #000000;\">CutterCam&#8217;in merce\u011fi esnek bir \u015fekilde ayarlanabilir, b\u00f6ylece hem frezeleme alan\u0131 odaklanabilir hem de iyi bir g\u00f6r\u00fcn\u00fcm ve restorasyon sonucunun iyi bir \u015fekilde belgelenmesi m\u00fcmk\u00fcn olur.<\/span><\/p>\n<p><span style=\"color: #000000;\">Geni\u015f d\u00f6n\u00fc\u015f aral\u0131\u011f\u0131 ve LED ayd\u0131nlatma, \u00e7al\u0131\u015fma alan\u0131n\u0131n optimum g\u00f6r\u00fcnmesini ve ayd\u0131nlat\u0131lmas\u0131n\u0131 sa\u011flar.\u00a0Kameran\u0131n optik ve LED ayd\u0131nlatmas\u0131, boruda lastik silecek ve suyla kullan\u0131m s\u0131ras\u0131nda g\u00fcvenilir bir \u015fekilde temizlenebilir ve bu da net bir g\u00f6r\u00fcnt\u00fc sa\u011flar.\u00a0Bir yer\u00e7ekimi sens\u00f6r\u00fc tak\u0131larak daha iyi y\u00f6nlendirme m\u00fcmk\u00fcnd\u00fcr.<\/span><\/p>","protected":false},"excerpt":{"rendered":"<h3><span style=\"color: #000000;\">IBAK<\/span><\/h3>\n<h4><span style=\"color: #000000;\">IBAK &#8211; CutterCam<\/span><\/h4>\n<p><span style=\"color: #000000;\">Yeni CutterCam renkli d\u00f6ner kafa kamera kan\u0131tlanm\u0131\u015f IBAK teknolojisine dayanmaktad\u0131r.\u00a0Elektrikli freze robotlar\u0131 ile kullan\u0131lmak \u00fczere \u00f6zel olarak geli\u015ftirilmi\u015ftir.\u00a0Su ge\u00e7irmezdir ve t\u00fcm tadilat ve frezeleme i\u015flerini izlemek i\u00e7in kullan\u0131l\u0131r.\u00a0D\u00e2hili bas\u0131n\u00e7 sens\u00f6r\u00fc, kameran\u0131n bas\u0131nc\u0131n\u0131 s\u00fcrekli olarak bilgilendirir.\u00a0Bir bas\u0131n\u00e7 d\u00fc\u015fmesi durumunda operat\u00f6r, operat\u00f6r panelinde bir LCD ekran ve bir uyar\u0131 tonu olarak bir uyar\u0131 mesaj\u0131 al\u0131r.<\/span><\/p>","protected":false},"featured_media":9842,"template":"","meta":{"_bst_post_transparent":"default","_bst_post_title":"","_bst_post_layout":"default","_bst_post_sidebar_id":"","_bst_post_content_style":"default","_bst_post_vertical_padding":"default","_bst_post_feature":"","_bst_post_feature_position":"","_bst_post_header":false,"_bst_post_footer":false},"product_brand":[2001],"product_cat":[157],"product_tag":[280,1339,195,197],"product_brands":[],"class_list":{"0":"post-9841","1":"product","2":"type-product","3":"status-publish","4":"has-post-thumbnail","6":"product_brand-ibak","7":"product_cat-kanal-goruntuleme","8":"product_tag-cuttercam","9":"product_tag-havali-pnomatik-kesici","10":"product_tag-ibak","11":"product_tag-kanal-goruntuleme","13":"first","14":"instock","15":"featured","16":"shipping-taxable","17":"product-type-simple","18":"entry","19":"content-bg","20":"loop-entry"},"aioseo_notices":[],"aioseo_head":"\n\t\t<!-- All in One SEO Pro 4.9.6.2 - aioseo.com -->\n\t<meta name=\"description\" content=\"Kanal g\u00f6r\u00fcnt\u00fcleme sistemlerimiz ile i\u015finizi kolayla\u015ft\u0131r\u0131n ve profesy\u00f6nelli\u011fnizi bir ad\u0131m ileri ta\u015f\u0131y\u0131n.Enermak Enerji de Haval\u0131 Pn\u00f6matik Kesici\" \/>\n\t<meta name=\"robots\" content=\"max-snippet:-1, max-image-preview:large, max-video-preview:-1\" \/>\n\t<meta name=\"yandex-verification\" content=\"yandex-verification: 61c39bc218eec6a9\" \/>\n\t<link rel=\"canonical\" href=\"https:\/\/enermak.com\/en\/urunler\/ibak-cuttercam-havali-pnomatik-kesici\/\" \/>\n\t<meta name=\"generator\" content=\"All in One SEO Pro (AIOSEO) 4.9.6.2\" \/>\n\t\t<meta property=\"og:locale\" content=\"en_US\" \/>\n\t\t<meta property=\"og:site_name\" content=\"Enermak Enerji - Yeralt\u0131ndan Haberler\" \/>\n\t\t<meta property=\"og:type\" content=\"article\" \/>\n\t\t<meta property=\"og:title\" content=\"IBAK \u2013 CutterCam Haval\u0131 Pn\u00f6matik Kesici - Enermak Enerji\" \/>\n\t\t<meta property=\"og:description\" content=\"Kanal g\u00f6r\u00fcnt\u00fcleme sistemlerimiz ile i\u015finizi kolayla\u015ft\u0131r\u0131n ve profesy\u00f6nelli\u011fnizi bir ad\u0131m ileri ta\u015f\u0131y\u0131n.Enermak Enerji de Haval\u0131 Pn\u00f6matik Kesici\" \/>\n\t\t<meta property=\"og:url\" content=\"https:\/\/enermak.com\/en\/urunler\/ibak-cuttercam-havali-pnomatik-kesici\/\" \/>\n\t\t<meta property=\"og:image\" content=\"https:\/\/enermak.com\/wp-content\/uploads\/2022\/03\/logo-tr-1.png\" \/>\n\t\t<meta property=\"og:image:secure_url\" content=\"https:\/\/enermak.com\/wp-content\/uploads\/2022\/03\/logo-tr-1.png\" \/>\n\t\t<meta property=\"article:published_time\" content=\"2022-05-06T07:32:54+00:00\" \/>\n\t\t<meta property=\"article:modified_time\" content=\"2026-02-18T12:33:30+00:00\" \/>\n\t\t<meta property=\"article:publisher\" content=\"https:\/\/www.facebook.com\/YERALTINDANHABERLER\/\" \/>\n\t\t<meta name=\"twitter:card\" content=\"summary_large_image\" \/>\n\t\t<meta name=\"twitter:site\" content=\"@enerjienermak\" \/>\n\t\t<meta name=\"twitter:title\" content=\"IBAK \u2013 CutterCam Haval\u0131 Pn\u00f6matik Kesici - Enermak Enerji\" \/>\n\t\t<meta name=\"twitter:description\" content=\"Kanal g\u00f6r\u00fcnt\u00fcleme sistemlerimiz ile i\u015finizi kolayla\u015ft\u0131r\u0131n ve profesy\u00f6nelli\u011fnizi bir ad\u0131m ileri ta\u015f\u0131y\u0131n.Enermak Enerji de Haval\u0131 Pn\u00f6matik Kesici\" \/>\n\t\t<meta name=\"twitter:image\" content=\"https:\/\/enermak.com\/wp-content\/uploads\/2022\/03\/logo-tr-1.png\" \/>\n\t\t<script type=\"application\/ld+json\" class=\"aioseo-schema\">\n\t\t\t{\"@context\":\"https:\\\/\\\/schema.org\",\"@graph\":[{\"@type\":\"BreadcrumbList\",\"@id\":\"https:\\\/\\\/enermak.com\\\/en\\\/urunler\\\/ibak-cuttercam-havali-pnomatik-kesici\\\/#breadcrumblist\",\"itemListElement\":[{\"@type\":\"ListItem\",\"@id\":\"https:\\\/\\\/enermak.com\\\/en#listItem\",\"position\":1,\"name\":\"Home\",\"item\":\"https:\\\/\\\/enermak.com\\\/en\",\"nextItem\":{\"@type\":\"ListItem\",\"@id\":\"https:\\\/\\\/enermak.com\\\/en\\\/urunler\\\/#listItem\",\"name\":\"\\u00dcr\\u00fcnler\"}},{\"@type\":\"ListItem\",\"@id\":\"https:\\\/\\\/enermak.com\\\/en\\\/urunler\\\/#listItem\",\"position\":2,\"name\":\"\\u00dcr\\u00fcnler\",\"item\":\"https:\\\/\\\/enermak.com\\\/en\\\/urunler\\\/\",\"nextItem\":{\"@type\":\"ListItem\",\"@id\":\"https:\\\/\\\/enermak.com\\\/en\\\/brand\\\/ibak\\\/#listItem\",\"name\":\"IBAK\"},\"previousItem\":{\"@type\":\"ListItem\",\"@id\":\"https:\\\/\\\/enermak.com\\\/en#listItem\",\"name\":\"Home\"}},{\"@type\":\"ListItem\",\"@id\":\"https:\\\/\\\/enermak.com\\\/en\\\/brand\\\/ibak\\\/#listItem\",\"position\":3,\"name\":\"IBAK\",\"item\":\"https:\\\/\\\/enermak.com\\\/en\\\/brand\\\/ibak\\\/\",\"nextItem\":{\"@type\":\"ListItem\",\"@id\":\"https:\\\/\\\/enermak.com\\\/en\\\/urunler\\\/ibak-cuttercam-havali-pnomatik-kesici\\\/#listItem\",\"name\":\"IBAK &#8211; CutterCam Haval\\u0131 Pn\\u00f6matik Kesici\"},\"previousItem\":{\"@type\":\"ListItem\",\"@id\":\"https:\\\/\\\/enermak.com\\\/en\\\/urunler\\\/#listItem\",\"name\":\"\\u00dcr\\u00fcnler\"}},{\"@type\":\"ListItem\",\"@id\":\"https:\\\/\\\/enermak.com\\\/en\\\/urunler\\\/ibak-cuttercam-havali-pnomatik-kesici\\\/#listItem\",\"position\":4,\"name\":\"IBAK &#8211; CutterCam Haval\\u0131 Pn\\u00f6matik Kesici\",\"previousItem\":{\"@type\":\"ListItem\",\"@id\":\"https:\\\/\\\/enermak.com\\\/en\\\/brand\\\/ibak\\\/#listItem\",\"name\":\"IBAK\"}}]},{\"@type\":\"Organization\",\"@id\":\"https:\\\/\\\/enermak.com\\\/en\\\/#organization\",\"name\":\"Enermak Enerji\",\"description\":\"Yeralt\\u0131ndan Haberler\",\"url\":\"https:\\\/\\\/enermak.com\\\/en\\\/\",\"telephone\":\"+903123851102\",\"logo\":{\"@type\":\"ImageObject\",\"url\":\"https:\\\/\\\/enermak.com\\\/wp-content\\\/uploads\\\/2022\\\/03\\\/logo-tr-1.png\",\"@id\":\"https:\\\/\\\/enermak.com\\\/en\\\/urunler\\\/ibak-cuttercam-havali-pnomatik-kesici\\\/#organizationLogo\"},\"image\":{\"@id\":\"https:\\\/\\\/enermak.com\\\/en\\\/urunler\\\/ibak-cuttercam-havali-pnomatik-kesici\\\/#organizationLogo\"},\"sameAs\":[\"https:\\\/\\\/www.facebook.com\\\/YERALTINDANHABERLER\\\/\",\"https:\\\/\\\/twitter.com\\\/enerjienermak\",\"https:\\\/\\\/www.instagram.com\\\/enermakenerji\\\/\",\"https:\\\/\\\/www.youtube.com\\\/c\\\/EnermakEnerji\",\"https:\\\/\\\/www.linkedin.com\\\/in\\\/enermak\"]},{\"@type\":\"WebPage\",\"@id\":\"https:\\\/\\\/enermak.com\\\/en\\\/urunler\\\/ibak-cuttercam-havali-pnomatik-kesici\\\/#webpage\",\"url\":\"https:\\\/\\\/enermak.com\\\/en\\\/urunler\\\/ibak-cuttercam-havali-pnomatik-kesici\\\/\",\"name\":\"IBAK \\u2013 CutterCam Haval\\u0131 Pn\\u00f6matik Kesici - Enermak Enerji\",\"description\":\"Kanal g\\u00f6r\\u00fcnt\\u00fcleme sistemlerimiz ile i\\u015finizi kolayla\\u015ft\\u0131r\\u0131n ve profesy\\u00f6nelli\\u011fnizi bir ad\\u0131m ileri ta\\u015f\\u0131y\\u0131n.Enermak Enerji de Haval\\u0131 Pn\\u00f6matik Kesici\",\"inLanguage\":\"en-US\",\"isPartOf\":{\"@id\":\"https:\\\/\\\/enermak.com\\\/en\\\/#website\"},\"breadcrumb\":{\"@id\":\"https:\\\/\\\/enermak.com\\\/en\\\/urunler\\\/ibak-cuttercam-havali-pnomatik-kesici\\\/#breadcrumblist\"},\"image\":{\"@type\":\"ImageObject\",\"url\":\"https:\\\/\\\/enermak.com\\\/wp-content\\\/uploads\\\/2022\\\/05\\\/IBAK-CutterCam1-scaled.jpg\",\"@id\":\"https:\\\/\\\/enermak.com\\\/en\\\/urunler\\\/ibak-cuttercam-havali-pnomatik-kesici\\\/#mainImage\",\"width\":615,\"height\":480,\"caption\":\"Haval\\u0131 Pn\\u00f6matik Kesici\"},\"primaryImageOfPage\":{\"@id\":\"https:\\\/\\\/enermak.com\\\/en\\\/urunler\\\/ibak-cuttercam-havali-pnomatik-kesici\\\/#mainImage\"},\"datePublished\":\"2022-05-06T10:32:54+03:00\",\"dateModified\":\"2026-02-18T15:33:30+03:00\"},{\"@type\":\"WebSite\",\"@id\":\"https:\\\/\\\/enermak.com\\\/en\\\/#website\",\"url\":\"https:\\\/\\\/enermak.com\\\/en\\\/\",\"name\":\"Enermak Enerji\",\"alternateName\":\"Yeralt\\u0131ndan Haberler\",\"description\":\"Yeralt\\u0131ndan Haberler\",\"inLanguage\":\"en-US\",\"publisher\":{\"@id\":\"https:\\\/\\\/enermak.com\\\/en\\\/#organization\"}}]}\n\t\t<\/script>\n\t\t<!-- All in One SEO Pro -->\r\n\t\t<title>IBAK \u2013 CutterCam Haval\u0131 Pn\u00f6matik Kesici - Enermak Enerji<\/title>\n\n","aioseo_head_json":{"title":"IBAK \u2013 CutterCam Haval\u0131 Pn\u00f6matik Kesici - Enermak Enerji","description":"Kanal g\u00f6r\u00fcnt\u00fcleme sistemlerimiz ile i\u015finizi kolayla\u015ft\u0131r\u0131n ve profesy\u00f6nelli\u011fnizi bir ad\u0131m ileri ta\u015f\u0131y\u0131n.Enermak Enerji de Haval\u0131 Pn\u00f6matik Kesici","canonical_url":"https:\/\/enermak.com\/en\/urunler\/ibak-cuttercam-havali-pnomatik-kesici\/","robots":"max-snippet:-1, max-image-preview:large, max-video-preview:-1","keywords":"","webmasterTools":{"yandex-verification":"yandex-verification: 61c39bc218eec6a9","miscellaneous":""},"schema":{"@context":"https:\/\/schema.org","@graph":[{"@type":"BreadcrumbList","@id":"https:\/\/enermak.com\/en\/urunler\/ibak-cuttercam-havali-pnomatik-kesici\/#breadcrumblist","itemListElement":[{"@type":"ListItem","@id":"https:\/\/enermak.com\/en#listItem","position":1,"name":"Home","item":"https:\/\/enermak.com\/en","nextItem":{"@type":"ListItem","@id":"https:\/\/enermak.com\/en\/urunler\/#listItem","name":"\u00dcr\u00fcnler"}},{"@type":"ListItem","@id":"https:\/\/enermak.com\/en\/urunler\/#listItem","position":2,"name":"\u00dcr\u00fcnler","item":"https:\/\/enermak.com\/en\/urunler\/","nextItem":{"@type":"ListItem","@id":"https:\/\/enermak.com\/en\/brand\/ibak\/#listItem","name":"IBAK"},"previousItem":{"@type":"ListItem","@id":"https:\/\/enermak.com\/en#listItem","name":"Home"}},{"@type":"ListItem","@id":"https:\/\/enermak.com\/en\/brand\/ibak\/#listItem","position":3,"name":"IBAK","item":"https:\/\/enermak.com\/en\/brand\/ibak\/","nextItem":{"@type":"ListItem","@id":"https:\/\/enermak.com\/en\/urunler\/ibak-cuttercam-havali-pnomatik-kesici\/#listItem","name":"IBAK &#8211; CutterCam Haval\u0131 Pn\u00f6matik Kesici"},"previousItem":{"@type":"ListItem","@id":"https:\/\/enermak.com\/en\/urunler\/#listItem","name":"\u00dcr\u00fcnler"}},{"@type":"ListItem","@id":"https:\/\/enermak.com\/en\/urunler\/ibak-cuttercam-havali-pnomatik-kesici\/#listItem","position":4,"name":"IBAK &#8211; CutterCam Haval\u0131 Pn\u00f6matik Kesici","previousItem":{"@type":"ListItem","@id":"https:\/\/enermak.com\/en\/brand\/ibak\/#listItem","name":"IBAK"}}]},{"@type":"Organization","@id":"https:\/\/enermak.com\/en\/#organization","name":"Enermak Enerji","description":"Yeralt\u0131ndan Haberler","url":"https:\/\/enermak.com\/en\/","telephone":"+903123851102","logo":{"@type":"ImageObject","url":"https:\/\/enermak.com\/wp-content\/uploads\/2022\/03\/logo-tr-1.png","@id":"https:\/\/enermak.com\/en\/urunler\/ibak-cuttercam-havali-pnomatik-kesici\/#organizationLogo"},"image":{"@id":"https:\/\/enermak.com\/en\/urunler\/ibak-cuttercam-havali-pnomatik-kesici\/#organizationLogo"},"sameAs":["https:\/\/www.facebook.com\/YERALTINDANHABERLER\/","https:\/\/twitter.com\/enerjienermak","https:\/\/www.instagram.com\/enermakenerji\/","https:\/\/www.youtube.com\/c\/EnermakEnerji","https:\/\/www.linkedin.com\/in\/enermak"]},{"@type":"WebPage","@id":"https:\/\/enermak.com\/en\/urunler\/ibak-cuttercam-havali-pnomatik-kesici\/#webpage","url":"https:\/\/enermak.com\/en\/urunler\/ibak-cuttercam-havali-pnomatik-kesici\/","name":"IBAK \u2013 CutterCam Haval\u0131 Pn\u00f6matik Kesici - Enermak Enerji","description":"Kanal g\u00f6r\u00fcnt\u00fcleme sistemlerimiz ile i\u015finizi kolayla\u015ft\u0131r\u0131n ve profesy\u00f6nelli\u011fnizi bir ad\u0131m ileri ta\u015f\u0131y\u0131n.Enermak Enerji de Haval\u0131 Pn\u00f6matik Kesici","inLanguage":"en-US","isPartOf":{"@id":"https:\/\/enermak.com\/en\/#website"},"breadcrumb":{"@id":"https:\/\/enermak.com\/en\/urunler\/ibak-cuttercam-havali-pnomatik-kesici\/#breadcrumblist"},"image":{"@type":"ImageObject","url":"https:\/\/enermak.com\/wp-content\/uploads\/2022\/05\/IBAK-CutterCam1-scaled.jpg","@id":"https:\/\/enermak.com\/en\/urunler\/ibak-cuttercam-havali-pnomatik-kesici\/#mainImage","width":615,"height":480,"caption":"Haval\u0131 Pn\u00f6matik Kesici"},"primaryImageOfPage":{"@id":"https:\/\/enermak.com\/en\/urunler\/ibak-cuttercam-havali-pnomatik-kesici\/#mainImage"},"datePublished":"2022-05-06T10:32:54+03:00","dateModified":"2026-02-18T15:33:30+03:00"},{"@type":"WebSite","@id":"https:\/\/enermak.com\/en\/#website","url":"https:\/\/enermak.com\/en\/","name":"Enermak Enerji","alternateName":"Yeralt\u0131ndan Haberler","description":"Yeralt\u0131ndan Haberler","inLanguage":"en-US","publisher":{"@id":"https:\/\/enermak.com\/en\/#organization"}}]},"og:locale":"en_US","og:site_name":"Enermak Enerji - Yeralt\u0131ndan Haberler","og:type":"article","og:title":"IBAK \u2013 CutterCam Haval\u0131 Pn\u00f6matik Kesici - Enermak Enerji","og:description":"Kanal g\u00f6r\u00fcnt\u00fcleme sistemlerimiz ile i\u015finizi kolayla\u015ft\u0131r\u0131n ve profesy\u00f6nelli\u011fnizi bir ad\u0131m ileri ta\u015f\u0131y\u0131n.Enermak Enerji de Haval\u0131 Pn\u00f6matik Kesici","og:url":"https:\/\/enermak.com\/en\/urunler\/ibak-cuttercam-havali-pnomatik-kesici\/","og:image":"https:\/\/enermak.com\/wp-content\/uploads\/2022\/03\/logo-tr-1.png","og:image:secure_url":"https:\/\/enermak.com\/wp-content\/uploads\/2022\/03\/logo-tr-1.png","article:published_time":"2022-05-06T07:32:54+00:00","article:modified_time":"2026-02-18T12:33:30+00:00","article:publisher":"https:\/\/www.facebook.com\/YERALTINDANHABERLER\/","twitter:card":"summary_large_image","twitter:site":"@enerjienermak","twitter:title":"IBAK \u2013 CutterCam Haval\u0131 Pn\u00f6matik Kesici - Enermak Enerji","twitter:description":"Kanal g\u00f6r\u00fcnt\u00fcleme sistemlerimiz ile i\u015finizi kolayla\u015ft\u0131r\u0131n ve profesy\u00f6nelli\u011fnizi bir ad\u0131m ileri ta\u015f\u0131y\u0131n.Enermak Enerji de Haval\u0131 Pn\u00f6matik Kesici","twitter:image":"https:\/\/enermak.com\/wp-content\/uploads\/2022\/03\/logo-tr-1.png"},"aioseo_meta_data":{"post_id":"9841","title":null,"description":"Kanal g\u00f6r\u00fcnt\u00fcleme sistemlerimiz ile i\u015finizi kolayla\u015ft\u0131r\u0131n ve profesy\u00f6nelli\u011fnizi bir ad\u0131m ileri ta\u015f\u0131y\u0131n.Enermak Enerji de Haval\u0131 Pn\u00f6matik Kesici","keywords":null,"keyphrases":{"focus":{"keyphrase":"Haval\u0131 Pn\u00f6matik Kesici","analysis":{"keyphraseInTitle":{"score":9,"maxScore":9,"error":0},"keyphraseInDescription":{"score":9,"maxScore":9,"error":0},"keyphraseLength":{"score":9,"maxScore":9,"error":0,"length":4},"keyphraseInURL":{"score":5,"maxScore":5,"error":0},"keyphraseInIntroduction":{"score":3,"maxScore":9,"error":1},"keyphraseInSubHeadings":{"score":9,"maxScore":9,"error":0},"keyphraseInImageAlt":[],"keywordDensity":{"type":"best","score":9,"maxScore":9,"error":0}},"score":90},"additional":[]},"primary_term":null,"canonical_url":null,"og_title":null,"og_description":null,"og_object_type":"default","og_image_type":"default","og_image_url":null,"og_image_width":null,"og_image_height":null,"og_image_custom_url":null,"og_image_custom_fields":null,"og_video":"","og_custom_url":null,"og_article_section":null,"og_article_tags":null,"twitter_use_og":false,"twitter_card":"default","twitter_image_type":"default","twitter_image_url":null,"twitter_image_custom_url":null,"twitter_image_custom_fields":null,"twitter_title":null,"twitter_description":null,"schema":{"blockGraphs":[],"customGraphs":[],"default":{"data":{"Article":[],"Course":[],"Dataset":[],"FAQPage":[],"Movie":[],"Person":[],"Product":[],"ProductReview":[],"Car":[],"Recipe":[],"Service":[],"SoftwareApplication":[],"WebPage":[]},"graphName":"ItemPage","isEnabled":false},"graphs":[]},"schema_type":"default","schema_type_options":null,"pillar_content":false,"robots_default":false,"robots_noindex":false,"robots_noarchive":false,"robots_nosnippet":false,"robots_nofollow":false,"robots_noimageindex":false,"robots_noodp":false,"robots_notranslate":false,"robots_max_snippet":"-1","robots_max_videopreview":"-1","robots_max_imagepreview":"large","priority":null,"frequency":"default","local_seo":null,"seo_analyzer_scan_date":"2026-02-18 12:40:17","breadcrumb_settings":null,"limit_modified_date":false,"reviewed_by":null,"open_ai":"{\"title\":{\"suggestions\":[],\"usage\":0},\"description\":{\"suggestions\":[],\"usage\":0}}","ai":null,"created":"2022-09-12 10:38:28","updated":"2026-02-18 12:41:03"},"aioseo_breadcrumb":"<div class=\"aioseo-breadcrumbs\"><span class=\"aioseo-breadcrumb\">\n\t<a href=\"https:\/\/enermak.com\/en\" title=\"Home\">Home<\/a>\n<\/span><span class=\"aioseo-breadcrumb-separator\">\u00bb<\/span><span class=\"aioseo-breadcrumb\">\n\t<a href=\"https:\/\/enermak.com\/en\/urunler\/\" title=\"\u00dcr\u00fcnler\">\u00dcr\u00fcnler<\/a>\n<\/span><span class=\"aioseo-breadcrumb-separator\">\u00bb<\/span><span class=\"aioseo-breadcrumb\">\n\t<a href=\"https:\/\/enermak.com\/en\/brand\/ibak\/\" title=\"IBAK\">IBAK<\/a>\n<\/span><span class=\"aioseo-breadcrumb-separator\">\u00bb<\/span><span class=\"aioseo-breadcrumb\">\n\tIBAK \u2013 CutterCam Haval\u0131 Pn\u00f6matik Kesici\n<\/span><\/div>","aioseo_breadcrumb_json":[{"label":"Home","link":"https:\/\/enermak.com\/en"},{"label":"\u00dcr\u00fcnler","link":"https:\/\/enermak.com\/en\/urunler\/"},{"label":"IBAK","link":"https:\/\/enermak.com\/en\/brand\/ibak\/"},{"label":"IBAK &#8211; CutterCam Haval\u0131 Pn\u00f6matik Kesici","link":"https:\/\/enermak.com\/en\/urunler\/ibak-cuttercam-havali-pnomatik-kesici\/"}],"_links":{"self":[{"href":"https:\/\/enermak.com\/en\/wp-json\/wp\/v2\/product\/9841","targetHints":{"allow":["GET"]}}],"collection":[{"href":"https:\/\/enermak.com\/en\/wp-json\/wp\/v2\/product"}],"about":[{"href":"https:\/\/enermak.com\/en\/wp-json\/wp\/v2\/types\/product"}],"version-history":[{"count":0,"href":"https:\/\/enermak.com\/en\/wp-json\/wp\/v2\/product\/9841\/revisions"}],"wp:featuredmedia":[{"embeddable":true,"href":"https:\/\/enermak.com\/en\/wp-json\/wp\/v2\/media\/9842"}],"wp:attachment":[{"href":"https:\/\/enermak.com\/en\/wp-json\/wp\/v2\/media?parent=9841"}],"wp:term":[{"taxonomy":"product_brand","embeddable":true,"href":"https:\/\/enermak.com\/en\/wp-json\/wp\/v2\/product_brand?post=9841"},{"taxonomy":"product_cat","embeddable":true,"href":"https:\/\/enermak.com\/en\/wp-json\/wp\/v2\/product_cat?post=9841"},{"taxonomy":"product_tag","embeddable":true,"href":"https:\/\/enermak.com\/en\/wp-json\/wp\/v2\/product_tag?post=9841"},{"taxonomy":"product_brands","embeddable":true,"href":"https:\/\/enermak.com\/en\/wp-json\/wp\/v2\/product_brands?post=9841"}],"curies":[{"name":"wp","href":"https:\/\/api.w.org\/{rel}","templated":true}]}}