{"id":9830,"date":"2022-05-06T10:29:05","date_gmt":"2022-05-06T07:29:05","guid":{"rendered":"http:\/\/isimmedya.com\/?post_type=product&#038;p=9830"},"modified":"2026-02-18T15:10:31","modified_gmt":"2026-02-18T12:10:31","slug":"t-76-dn-150-boru-kontrol-kamerasi","status":"publish","type":"product","link":"https:\/\/enermak.com\/en\/urunler\/t-76-dn-150-boru-kontrol-kamerasi\/","title":{"rendered":"IBAK T 76 DN 150 \u00fczeri Boru Kontrol Kameras\u0131"},"content":{"rendered":"<h2><span style=\"color: #000000;\"><strong>Boru Kontrol Kameras\u0131<\/strong><\/span><\/h2>\n<p><span style=\"color: #000000;\">IBAK T 76 DN 150 \u00fczeri Boru Kontrol Kameras\u0131<\/span><\/p>\n<p><span style=\"color: #000000;\">IBAK T 76, DN 150 ve \u00fczeri borular\u0131 kontrol etmek i\u00e7in tasarlanm\u0131\u015f g\u00fc\u00e7l\u00fc ve y\u00f6nlendirilebilir bir kamera trakt\u00f6r\u00fcd\u00fcr. Al\u00e7altma \u00fcnitesi ile birlikte,kamera kablosu ve d\u00f6nebilir kamera i\u00e7in geli\u015ftirilen dikey ve yatay olarak e\u011filebilir k\u0131vr\u0131m birle\u015ftiricisi sayesinde kullan\u0131m kolayla\u015ft\u0131r\u0131lm\u0131\u015ft\u0131r.T 76, DN 150 ve \u00fczeri boru modellerinde rahat\u00e7a kullan\u0131labilir, ayr\u0131ca DN300 ve DN400 ve \u00fczeri i\u00e7in e\u011fer gerekli ekipmanlar sa\u011flan\u0131rsa bu borulada da kullan\u0131labilir. Boru Kontrol Kameras\u0131<\/span><\/p>\n<p><span style=\"color: #000000;\">Tekerlek seti kamera trakt\u00f6r\u00fc ile birlikte gelir ve opsiyonel olarak entegre elektronik y\u00fckseklik \u00f6l\u00e7er cihaz gelir, bu cihaz DN 700 e kadar olan borularda (B\u00fcy\u00fck \u00e7apl\u0131 olan borularda) ortalanm\u0131\u015f kameras\u0131yla uygun kontrol sa\u011flar.Boru Kontrol Kameras\u0131<\/span><\/p>\n<p><span style=\"color: #000000;\"><a style=\"color: #000000;\" href=\"https:\/\/enermak.com\/en\/eski\/uploads\/dokuman\/IBAK%20T76%20%20T76%20HD.pdf\/\" target=\"_blank\" rel=\"noopener sponsored\"><strong>DN 150 \u00fczeri Boru Kontrol Kameras\u0131 Bro\u015f\u00fcr<\/strong><\/a><\/span><\/p>\n<p><span style=\"color: #000000;\">T 76 n\u0131n i\u00e7inde elektronik stabilize fonksiyon bulunur bu da kamera trakt\u00f6r\u00fcn\u00fc otomatik y\u00f6nlendirme ile e\u011fer yoldan \u00e7\u0131karsa veya devrilme riski varsa boru konumuna otomatik y\u00f6nlendirir. B\u00fct\u00fcn par\u00e7alar ve alt gruplar maksimum sa\u011flaml\u0131k ve g\u00fcvenilirlik ile \u00fcretilmi\u015ftir.T 76 Ayn\u0131 T 86 gibi mod\u00fcler sistem gibi geli\u015ftirilmi\u015ftir, i\u00e7inde trakt\u00f6r taban\u0131,kamera taban\u0131, konumlama \u00fcnitesi ve tekerlek bulunur.Birka\u00e7 aksiyonla bu iki trakt\u00f6r de kolayca konfig\u00fcre edilebilir ve bir araya getirilebilir.IBAK KRA 75 veya 85 i olan kullan\u0131c\u0131lar bunlardaki tekerlekleri T 76 ve T 86&#8217;da da kullanabilirler.<\/span><\/p>\n<ul>\n<li><span style=\"color: #000000;\">T 76 ile birlikte ORPHEUS, elektronik konum \u00fcnitesi ve haval\u0131 tekerlek<\/span><\/li>\n<li><span style=\"color: #000000;\">T 76,CB 3 kamera ba\u011flant\u0131s\u0131yla birlikte<\/span><\/li>\n<li><span style=\"color: #000000;\">T 76,CB 3 kamera ba\u011flant\u0131s\u0131,ARGUS 5 ve elektronik konum \u00fcnitesi ile birlikte<\/span><\/li>\n<li><span style=\"color: #000000;\">T 76,CB 3 kamera ba\u011flant\u0131s\u0131 ve ORPHEUS ile birlikte<\/span><\/li>\n<li><span style=\"color: #000000;\">T 76,ORPHEUS, elektronik konum \u00fcnitesi ve tanelenmi\u015f tekerlek ile birlikte<\/span><\/li>\n<\/ul>","protected":false},"excerpt":{"rendered":"<h3><span style=\"color: #000000;\">IBAK<\/span><\/h3>\n<p><span style=\"color: #000000;\"><strong>Boru Kontrol Kameras\u0131<\/strong><\/span><\/p>\n<h4><span style=\"color: #000000;\">T 76<\/span><\/h4>\n<p><span style=\"color: #000000;\">IBAK T 76, DN 150 ve \u00fczeri borular\u0131 kontrol etmek i\u00e7in tasarlanm\u0131\u015f g\u00fc\u00e7l\u00fc ve y\u00f6nlendirilebilir bir kamera trakt\u00f6r\u00fcd\u00fcr. Al\u00e7altma \u00fcnitesi ile birlikte,kamera kablosu ve d\u00f6nebilir kamera i\u00e7in geli\u015ftirilen dikey ve yatay olarak e\u011filebilir k\u0131vr\u0131m birle\u015ftiricisi sayesinde kullan\u0131m kolayla\u015ft\u0131r\u0131lm\u0131\u015ft\u0131r.T 76, DN 150 ve \u00fczeri boru modellerinde rahat\u00e7a kullan\u0131labilir, ayr\u0131ca DN300 ve DN400 ve \u00fczeri i\u00e7in e\u011fer gerekli ekipmanlar sa\u011flan\u0131rsa bu borulada da kullan\u0131labilir.<\/span><\/p>","protected":false},"featured_media":9831,"template":"","meta":{"_bst_post_transparent":"default","_bst_post_title":"","_bst_post_layout":"default","_bst_post_sidebar_id":"","_bst_post_content_style":"default","_bst_post_vertical_padding":"default","_bst_post_feature":"","_bst_post_feature_position":"","_bst_post_header":false,"_bst_post_footer":false},"product_brand":[2001],"product_cat":[157],"product_tag":[217,1352,231,292,290,291,195,197,1262,293,294,244],"product_brands":[],"class_list":{"0":"post-9830","1":"product","2":"type-product","3":"status-publish","4":"has-post-thumbnail","6":"product_brand-ibak","7":"product_cat-kanal-goruntuleme","8":"product_tag-argus-5","9":"product_tag-boru-kontrol-kamerasi","10":"product_tag-dn-150","11":"product_tag-dn-700","12":"product_tag-dn300","13":"product_tag-dn400","14":"product_tag-ibak","15":"product_tag-kanal-goruntuleme","16":"product_tag-kanal-kamerasi","17":"product_tag-kra-75","18":"product_tag-kra-85","19":"product_tag-orpheus","21":"first","22":"instock","23":"shipping-taxable","24":"product-type-simple","25":"entry","26":"content-bg","27":"loop-entry"},"aioseo_notices":[],"_links":{"self":[{"href":"https:\/\/enermak.com\/en\/wp-json\/wp\/v2\/product\/9830","targetHints":{"allow":["GET"]}}],"collection":[{"href":"https:\/\/enermak.com\/en\/wp-json\/wp\/v2\/product"}],"about":[{"href":"https:\/\/enermak.com\/en\/wp-json\/wp\/v2\/types\/product"}],"version-history":[{"count":0,"href":"https:\/\/enermak.com\/en\/wp-json\/wp\/v2\/product\/9830\/revisions"}],"wp:featuredmedia":[{"embeddable":true,"href":"https:\/\/enermak.com\/en\/wp-json\/wp\/v2\/media\/9831"}],"wp:attachment":[{"href":"https:\/\/enermak.com\/en\/wp-json\/wp\/v2\/media?parent=9830"}],"wp:term":[{"taxonomy":"product_brand","embeddable":true,"href":"https:\/\/enermak.com\/en\/wp-json\/wp\/v2\/product_brand?post=9830"},{"taxonomy":"product_cat","embeddable":true,"href":"https:\/\/enermak.com\/en\/wp-json\/wp\/v2\/product_cat?post=9830"},{"taxonomy":"product_tag","embeddable":true,"href":"https:\/\/enermak.com\/en\/wp-json\/wp\/v2\/product_tag?post=9830"},{"taxonomy":"product_brands","embeddable":true,"href":"https:\/\/enermak.com\/en\/wp-json\/wp\/v2\/product_brands?post=9830"}],"curies":[{"name":"wp","href":"https:\/\/api.w.org\/{rel}","templated":true}]}}