{"id":9826,"date":"2022-05-06T10:08:07","date_gmt":"2022-05-06T07:08:07","guid":{"rendered":"http:\/\/isimmedya.com\/?post_type=product&#038;p=9826"},"modified":"2026-02-18T15:10:37","modified_gmt":"2026-02-18T12:10:37","slug":"t-86-boru-kontrol-kamerasi","status":"publish","type":"product","link":"https:\/\/enermak.com\/en\/urunler\/t-86-boru-kontrol-kamerasi\/","title":{"rendered":"T 86 Boru Kontrol Kameras\u0131"},"content":{"rendered":"<h2><span style=\"color: #000000;\"><strong>T 86 Boru Kontrol Kameras\u0131<\/strong><\/span><\/h2>\n<p><span style=\"color: #000000;\">IBAK T 86 DN 200 ve \u00fczeri borular\u0131 kontrol etmek i\u00e7in kullan\u0131\u015fl\u0131 bir kamera trakt\u00f6r\u00fcd\u00fcr. G\u00fc\u00e7l\u00fc s\u00fcr\u00fc\u015f kabiliyeti sayesinde uzun yol alabilmektedir.Elektirkli yer ayarlama \u00fcnitesi, (opsiyon olarak mevcuttur) kanalizasyon borusunda kameray\u0131 optimal y\u00fcksekli\u011fe ayarlar.Al\u00e7altma \u00fcnitesi ile birlikte, yatay\/dikey b\u00fck\u00fclebilen, katlanabilen ba\u011flay\u0131c\u0131s\u0131 sayesinde kamera kablolar\u0131 ve kamera ba\u011flant\u0131s\u0131n\u0131 basit ve g\u00fcvenli bir \u015fekildekamera trakt\u00f6r\u00fcnden boruya sokar.Kontrol\u00fcn ard\u0131ndan, trakt\u00f6r\u00fcn h\u0131zl\u0131 geri vitesi sayesinde biti\u015f prosed\u00fcrlerini yapmak daha h\u0131zl\u0131 ve kolay olur.B\u00fct\u00fcn bile\u015fenler ve t\u00fcm k\u0131smi montaj par\u00e7alar\u0131 maksimum dayan\u0131kl\u0131l\u0131k ve g\u00fcvenilirlik i\u00e7in tasarlanm\u0131\u015ft\u0131r.<\/span><\/p>\n<figure id=\"attachment_9828\" aria-describedby=\"caption-attachment-9828\" style=\"width: 501px\" class=\"wp-caption alignnone\"><img fetchpriority=\"high\" decoding=\"async\" class=\"wp-image-9828\" src=\"https:\/\/enermak.com\/wp-content\/uploads\/2022\/05\/enermak-T86-0011.jpg\" alt=\"boru kontrol kameras\u0131\" width=\"501\" height=\"259\" \/><figcaption id=\"caption-attachment-9828\" class=\"wp-caption-text\"><span style=\"color: #000000;\">boru kontrol kameras\u0131<\/span><\/figcaption><\/figure>\n<p><span style=\"color: #000000;\"><a style=\"color: #000000;\" title=\"Boru kontrol kameras\u0131\" href=\"https:\/\/enermak.com\/en\/eski\/uploads\/dokuman\/T86%20%28ID%20147651%29%20%28ID%20197895%29.pdf\/\" target=\"_blank\" rel=\"noopener sponsored\"><strong>T 86 Boru Kontrol Kameras\u0131 Bro\u015f\u00fcr<\/strong><\/a><\/span><\/p>\n<p><span style=\"color: #000000;\">Hem T 76 hemde T 86 (\u00f6nceki sayfalara bak\u0131n) trakt\u00f6re monte edilmi\u015f ayr\u0131 m\u00f6d\u00fcler sistemlerdir ve kamera \u00fcss\u00fc, y\u00fckseklik ayarlama lifti ve tekerlerden olu\u015fur.\u0130ki trakt\u00f6rde de kullan\u0131c\u0131n\u0131n gerekliliklerine g\u00f6re kolayca tekrar ayarlanabilir ve bir ka\u00e7 ufak manuel mudahale ile kolayca monte edilebilir.IBAK KRA 75 veya 85&#8217;e sahip m\u00fc\u015fteriler tekerleklerini T 76 ve 86&#8217;da da kullanabilir.<\/span><\/p>","protected":false},"excerpt":{"rendered":"<h3><span style=\"color: #000000;\">IBAK<\/span><\/h3>\n<h4><span style=\"color: #000000;\">T 86<\/span><\/h4>\n<p><span style=\"color: #000000;\">IBAK T 86 DN 200 ve \u00fczeri borular\u0131 kontrol etmek i\u00e7in kullan\u0131\u015fl\u0131 bir kamera trakt\u00f6r\u00fcd\u00fcr. G\u00fc\u00e7l\u00fc s\u00fcr\u00fc\u015f kabiliyeti sayesinde uzun yol alabilmektedir.Elektirkli yer ayarlama \u00fcnitesi, (opsiyon olarak mevcuttur) kanalizasyon borusunda kameray\u0131 optimal y\u00fcksekli\u011fe ayarlar.Al\u00e7altma \u00fcnitesi ile birlikte, yatay\/dikey b\u00fck\u00fclebilen, katlanabilen ba\u011flay\u0131c\u0131s\u0131 sayesinde kamera kablolar\u0131 ve kamera ba\u011flant\u0131s\u0131n\u0131 basit ve g\u00fcvenli bir \u015fekildekamera trakt\u00f6r\u00fcnden boruya sokar.Kontrol\u00fcn ard\u0131ndan, trakt\u00f6r\u00fcn h\u0131zl\u0131 geri vitesi sayesinde biti\u015f prosed\u00fcrlerini yapmak daha h\u0131zl\u0131 ve kolay olur.B\u00fct\u00fcn bile\u015fenler ve t\u00fcm k\u0131smi montaj par\u00e7alar\u0131 maksimum dayan\u0131kl\u0131l\u0131k ve g\u00fcvenilirlik i\u00e7in tasarlanm\u0131\u015ft\u0131r.<\/span><\/p>","protected":false},"featured_media":9827,"template":"","meta":{"_bst_post_transparent":"default","_bst_post_title":"","_bst_post_layout":"default","_bst_post_sidebar_id":"","_bst_post_content_style":"default","_bst_post_vertical_padding":"default","_bst_post_feature":"","_bst_post_feature_position":"","_bst_post_header":false,"_bst_post_footer":false},"product_brand":[2001],"product_cat":[157],"product_tag":[215,195,197,1263,1262,293,294],"product_brands":[],"class_list":{"0":"post-9826","1":"product","2":"type-product","3":"status-publish","4":"has-post-thumbnail","6":"product_brand-ibak","7":"product_cat-kanal-goruntuleme","8":"product_tag-dn-200","9":"product_tag-ibak","10":"product_tag-kanal-goruntuleme","11":"product_tag-kanal-goruntuleme-kamerasi","12":"product_tag-kanal-kamerasi","13":"product_tag-kra-75","14":"product_tag-kra-85","16":"first","17":"instock","18":"shipping-taxable","19":"product-type-simple","20":"entry","21":"content-bg","22":"loop-entry"},"aioseo_notices":[],"aioseo_head":"\n\t\t<!-- All in One SEO Pro 4.9.6.2 - aioseo.com -->\n\t<meta name=\"description\" content=\"Kanal g\u00f6r\u00fcnt\u00fcleme sistemlerimiz ile i\u015finizi kolayla\u015ft\u0131r\u0131n ve profesy\u00f6nelli\u011fnizi bir ad\u0131m ileri ta\u015f\u0131y\u0131n. T 86 Boru Kontrol Kameras\u0131\" \/>\n\t<meta name=\"robots\" content=\"max-snippet:-1, max-image-preview:large, max-video-preview:-1\" \/>\n\t<meta name=\"yandex-verification\" content=\"yandex-verification: 61c39bc218eec6a9\" \/>\n\t<link rel=\"canonical\" href=\"https:\/\/enermak.com\/en\/urunler\/t-86-boru-kontrol-kamerasi\/\" \/>\n\t<meta name=\"generator\" content=\"All in One SEO Pro (AIOSEO) 4.9.6.2\" \/>\n\t\t<meta property=\"og:locale\" content=\"en_US\" \/>\n\t\t<meta property=\"og:site_name\" content=\"Enermak Enerji - Yeralt\u0131ndan Haberler\" \/>\n\t\t<meta property=\"og:type\" content=\"article\" \/>\n\t\t<meta property=\"og:title\" content=\"T 86 Boru Kontrol Kameras\u0131 - Enermak Enerji\" \/>\n\t\t<meta property=\"og:description\" content=\"Kanal g\u00f6r\u00fcnt\u00fcleme sistemlerimiz ile i\u015finizi kolayla\u015ft\u0131r\u0131n ve profesy\u00f6nelli\u011fnizi bir ad\u0131m ileri ta\u015f\u0131y\u0131n. T 86 Boru Kontrol Kameras\u0131\" \/>\n\t\t<meta property=\"og:url\" content=\"https:\/\/enermak.com\/en\/urunler\/t-86-boru-kontrol-kamerasi\/\" \/>\n\t\t<meta property=\"og:image\" content=\"https:\/\/enermak.com\/wp-content\/uploads\/2022\/03\/logo-tr-1.png\" \/>\n\t\t<meta property=\"og:image:secure_url\" content=\"https:\/\/enermak.com\/wp-content\/uploads\/2022\/03\/logo-tr-1.png\" \/>\n\t\t<meta property=\"article:published_time\" content=\"2022-05-06T07:08:07+00:00\" \/>\n\t\t<meta property=\"article:modified_time\" content=\"2026-02-18T12:10:37+00:00\" \/>\n\t\t<meta property=\"article:publisher\" content=\"https:\/\/www.facebook.com\/YERALTINDANHABERLER\/\" \/>\n\t\t<meta name=\"twitter:card\" content=\"summary_large_image\" \/>\n\t\t<meta name=\"twitter:site\" content=\"@enerjienermak\" \/>\n\t\t<meta name=\"twitter:title\" content=\"T 86 Boru Kontrol Kameras\u0131 - Enermak Enerji\" \/>\n\t\t<meta name=\"twitter:description\" content=\"Kanal g\u00f6r\u00fcnt\u00fcleme sistemlerimiz ile i\u015finizi kolayla\u015ft\u0131r\u0131n ve profesy\u00f6nelli\u011fnizi bir ad\u0131m ileri ta\u015f\u0131y\u0131n. T 86 Boru Kontrol Kameras\u0131\" \/>\n\t\t<meta name=\"twitter:image\" content=\"https:\/\/enermak.com\/wp-content\/uploads\/2022\/03\/logo-tr-1.png\" \/>\n\t\t<script type=\"application\/ld+json\" class=\"aioseo-schema\">\n\t\t\t{\"@context\":\"https:\\\/\\\/schema.org\",\"@graph\":[{\"@type\":\"BreadcrumbList\",\"@id\":\"https:\\\/\\\/enermak.com\\\/en\\\/urunler\\\/t-86-boru-kontrol-kamerasi\\\/#breadcrumblist\",\"itemListElement\":[{\"@type\":\"ListItem\",\"@id\":\"https:\\\/\\\/enermak.com\\\/en#listItem\",\"position\":1,\"name\":\"Home\",\"item\":\"https:\\\/\\\/enermak.com\\\/en\",\"nextItem\":{\"@type\":\"ListItem\",\"@id\":\"https:\\\/\\\/enermak.com\\\/en\\\/urunler\\\/#listItem\",\"name\":\"\\u00dcr\\u00fcnler\"}},{\"@type\":\"ListItem\",\"@id\":\"https:\\\/\\\/enermak.com\\\/en\\\/urunler\\\/#listItem\",\"position\":2,\"name\":\"\\u00dcr\\u00fcnler\",\"item\":\"https:\\\/\\\/enermak.com\\\/en\\\/urunler\\\/\",\"nextItem\":{\"@type\":\"ListItem\",\"@id\":\"https:\\\/\\\/enermak.com\\\/en\\\/brand\\\/ibak\\\/#listItem\",\"name\":\"IBAK\"},\"previousItem\":{\"@type\":\"ListItem\",\"@id\":\"https:\\\/\\\/enermak.com\\\/en#listItem\",\"name\":\"Home\"}},{\"@type\":\"ListItem\",\"@id\":\"https:\\\/\\\/enermak.com\\\/en\\\/brand\\\/ibak\\\/#listItem\",\"position\":3,\"name\":\"IBAK\",\"item\":\"https:\\\/\\\/enermak.com\\\/en\\\/brand\\\/ibak\\\/\",\"nextItem\":{\"@type\":\"ListItem\",\"@id\":\"https:\\\/\\\/enermak.com\\\/en\\\/urunler\\\/t-86-boru-kontrol-kamerasi\\\/#listItem\",\"name\":\"T 86 Boru Kontrol Kameras\\u0131\"},\"previousItem\":{\"@type\":\"ListItem\",\"@id\":\"https:\\\/\\\/enermak.com\\\/en\\\/urunler\\\/#listItem\",\"name\":\"\\u00dcr\\u00fcnler\"}},{\"@type\":\"ListItem\",\"@id\":\"https:\\\/\\\/enermak.com\\\/en\\\/urunler\\\/t-86-boru-kontrol-kamerasi\\\/#listItem\",\"position\":4,\"name\":\"T 86 Boru Kontrol Kameras\\u0131\",\"previousItem\":{\"@type\":\"ListItem\",\"@id\":\"https:\\\/\\\/enermak.com\\\/en\\\/brand\\\/ibak\\\/#listItem\",\"name\":\"IBAK\"}}]},{\"@type\":\"Organization\",\"@id\":\"https:\\\/\\\/enermak.com\\\/en\\\/#organization\",\"name\":\"Enermak Enerji\",\"description\":\"Yeralt\\u0131ndan Haberler\",\"url\":\"https:\\\/\\\/enermak.com\\\/en\\\/\",\"telephone\":\"+903123851102\",\"logo\":{\"@type\":\"ImageObject\",\"url\":\"https:\\\/\\\/enermak.com\\\/wp-content\\\/uploads\\\/2022\\\/03\\\/logo-tr-1.png\",\"@id\":\"https:\\\/\\\/enermak.com\\\/en\\\/urunler\\\/t-86-boru-kontrol-kamerasi\\\/#organizationLogo\"},\"image\":{\"@id\":\"https:\\\/\\\/enermak.com\\\/en\\\/urunler\\\/t-86-boru-kontrol-kamerasi\\\/#organizationLogo\"},\"sameAs\":[\"https:\\\/\\\/www.facebook.com\\\/YERALTINDANHABERLER\\\/\",\"https:\\\/\\\/twitter.com\\\/enerjienermak\",\"https:\\\/\\\/www.instagram.com\\\/enermakenerji\\\/\",\"https:\\\/\\\/www.youtube.com\\\/c\\\/EnermakEnerji\",\"https:\\\/\\\/www.linkedin.com\\\/in\\\/enermak\"]},{\"@type\":\"WebPage\",\"@id\":\"https:\\\/\\\/enermak.com\\\/en\\\/urunler\\\/t-86-boru-kontrol-kamerasi\\\/#webpage\",\"url\":\"https:\\\/\\\/enermak.com\\\/en\\\/urunler\\\/t-86-boru-kontrol-kamerasi\\\/\",\"name\":\"T 86 Boru Kontrol Kameras\\u0131 - Enermak Enerji\",\"description\":\"Kanal g\\u00f6r\\u00fcnt\\u00fcleme sistemlerimiz ile i\\u015finizi kolayla\\u015ft\\u0131r\\u0131n ve profesy\\u00f6nelli\\u011fnizi bir ad\\u0131m ileri ta\\u015f\\u0131y\\u0131n. T 86 Boru Kontrol Kameras\\u0131\",\"inLanguage\":\"en-US\",\"isPartOf\":{\"@id\":\"https:\\\/\\\/enermak.com\\\/en\\\/#website\"},\"breadcrumb\":{\"@id\":\"https:\\\/\\\/enermak.com\\\/en\\\/urunler\\\/t-86-boru-kontrol-kamerasi\\\/#breadcrumblist\"},\"image\":{\"@type\":\"ImageObject\",\"url\":\"https:\\\/\\\/enermak.com\\\/wp-content\\\/uploads\\\/2022\\\/05\\\/enermak-T86-HD-top1.png\",\"@id\":\"https:\\\/\\\/enermak.com\\\/en\\\/urunler\\\/t-86-boru-kontrol-kamerasi\\\/#mainImage\",\"width\":387,\"height\":260,\"caption\":\"Boru kontrol kameras\\u0131\"},\"primaryImageOfPage\":{\"@id\":\"https:\\\/\\\/enermak.com\\\/en\\\/urunler\\\/t-86-boru-kontrol-kamerasi\\\/#mainImage\"},\"datePublished\":\"2022-05-06T10:08:07+03:00\",\"dateModified\":\"2026-02-18T15:10:37+03:00\"},{\"@type\":\"WebSite\",\"@id\":\"https:\\\/\\\/enermak.com\\\/en\\\/#website\",\"url\":\"https:\\\/\\\/enermak.com\\\/en\\\/\",\"name\":\"Enermak Enerji\",\"alternateName\":\"Yeralt\\u0131ndan Haberler\",\"description\":\"Yeralt\\u0131ndan Haberler\",\"inLanguage\":\"en-US\",\"publisher\":{\"@id\":\"https:\\\/\\\/enermak.com\\\/en\\\/#organization\"}}]}\n\t\t<\/script>\n\t\t<!-- All in One SEO Pro -->\r\n\t\t<title>T 86 Boru Kontrol Kameras\u0131 - Enermak Enerji<\/title>\n\n","aioseo_head_json":{"title":"T 86 Boru Kontrol Kameras\u0131 - Enermak Enerji","description":"Kanal g\u00f6r\u00fcnt\u00fcleme sistemlerimiz ile i\u015finizi kolayla\u015ft\u0131r\u0131n ve profesy\u00f6nelli\u011fnizi bir ad\u0131m ileri ta\u015f\u0131y\u0131n. T 86 Boru Kontrol Kameras\u0131","canonical_url":"https:\/\/enermak.com\/en\/urunler\/t-86-boru-kontrol-kamerasi\/","robots":"max-snippet:-1, max-image-preview:large, max-video-preview:-1","keywords":"","webmasterTools":{"yandex-verification":"yandex-verification: 61c39bc218eec6a9","miscellaneous":""},"schema":{"@context":"https:\/\/schema.org","@graph":[{"@type":"BreadcrumbList","@id":"https:\/\/enermak.com\/en\/urunler\/t-86-boru-kontrol-kamerasi\/#breadcrumblist","itemListElement":[{"@type":"ListItem","@id":"https:\/\/enermak.com\/en#listItem","position":1,"name":"Home","item":"https:\/\/enermak.com\/en","nextItem":{"@type":"ListItem","@id":"https:\/\/enermak.com\/en\/urunler\/#listItem","name":"\u00dcr\u00fcnler"}},{"@type":"ListItem","@id":"https:\/\/enermak.com\/en\/urunler\/#listItem","position":2,"name":"\u00dcr\u00fcnler","item":"https:\/\/enermak.com\/en\/urunler\/","nextItem":{"@type":"ListItem","@id":"https:\/\/enermak.com\/en\/brand\/ibak\/#listItem","name":"IBAK"},"previousItem":{"@type":"ListItem","@id":"https:\/\/enermak.com\/en#listItem","name":"Home"}},{"@type":"ListItem","@id":"https:\/\/enermak.com\/en\/brand\/ibak\/#listItem","position":3,"name":"IBAK","item":"https:\/\/enermak.com\/en\/brand\/ibak\/","nextItem":{"@type":"ListItem","@id":"https:\/\/enermak.com\/en\/urunler\/t-86-boru-kontrol-kamerasi\/#listItem","name":"T 86 Boru Kontrol Kameras\u0131"},"previousItem":{"@type":"ListItem","@id":"https:\/\/enermak.com\/en\/urunler\/#listItem","name":"\u00dcr\u00fcnler"}},{"@type":"ListItem","@id":"https:\/\/enermak.com\/en\/urunler\/t-86-boru-kontrol-kamerasi\/#listItem","position":4,"name":"T 86 Boru Kontrol Kameras\u0131","previousItem":{"@type":"ListItem","@id":"https:\/\/enermak.com\/en\/brand\/ibak\/#listItem","name":"IBAK"}}]},{"@type":"Organization","@id":"https:\/\/enermak.com\/en\/#organization","name":"Enermak Enerji","description":"Yeralt\u0131ndan Haberler","url":"https:\/\/enermak.com\/en\/","telephone":"+903123851102","logo":{"@type":"ImageObject","url":"https:\/\/enermak.com\/wp-content\/uploads\/2022\/03\/logo-tr-1.png","@id":"https:\/\/enermak.com\/en\/urunler\/t-86-boru-kontrol-kamerasi\/#organizationLogo"},"image":{"@id":"https:\/\/enermak.com\/en\/urunler\/t-86-boru-kontrol-kamerasi\/#organizationLogo"},"sameAs":["https:\/\/www.facebook.com\/YERALTINDANHABERLER\/","https:\/\/twitter.com\/enerjienermak","https:\/\/www.instagram.com\/enermakenerji\/","https:\/\/www.youtube.com\/c\/EnermakEnerji","https:\/\/www.linkedin.com\/in\/enermak"]},{"@type":"WebPage","@id":"https:\/\/enermak.com\/en\/urunler\/t-86-boru-kontrol-kamerasi\/#webpage","url":"https:\/\/enermak.com\/en\/urunler\/t-86-boru-kontrol-kamerasi\/","name":"T 86 Boru Kontrol Kameras\u0131 - Enermak Enerji","description":"Kanal g\u00f6r\u00fcnt\u00fcleme sistemlerimiz ile i\u015finizi kolayla\u015ft\u0131r\u0131n ve profesy\u00f6nelli\u011fnizi bir ad\u0131m ileri ta\u015f\u0131y\u0131n. T 86 Boru Kontrol Kameras\u0131","inLanguage":"en-US","isPartOf":{"@id":"https:\/\/enermak.com\/en\/#website"},"breadcrumb":{"@id":"https:\/\/enermak.com\/en\/urunler\/t-86-boru-kontrol-kamerasi\/#breadcrumblist"},"image":{"@type":"ImageObject","url":"https:\/\/enermak.com\/wp-content\/uploads\/2022\/05\/enermak-T86-HD-top1.png","@id":"https:\/\/enermak.com\/en\/urunler\/t-86-boru-kontrol-kamerasi\/#mainImage","width":387,"height":260,"caption":"Boru kontrol kameras\u0131"},"primaryImageOfPage":{"@id":"https:\/\/enermak.com\/en\/urunler\/t-86-boru-kontrol-kamerasi\/#mainImage"},"datePublished":"2022-05-06T10:08:07+03:00","dateModified":"2026-02-18T15:10:37+03:00"},{"@type":"WebSite","@id":"https:\/\/enermak.com\/en\/#website","url":"https:\/\/enermak.com\/en\/","name":"Enermak Enerji","alternateName":"Yeralt\u0131ndan Haberler","description":"Yeralt\u0131ndan Haberler","inLanguage":"en-US","publisher":{"@id":"https:\/\/enermak.com\/en\/#organization"}}]},"og:locale":"en_US","og:site_name":"Enermak Enerji - Yeralt\u0131ndan Haberler","og:type":"article","og:title":"T 86 Boru Kontrol Kameras\u0131 - Enermak Enerji","og:description":"Kanal g\u00f6r\u00fcnt\u00fcleme sistemlerimiz ile i\u015finizi kolayla\u015ft\u0131r\u0131n ve profesy\u00f6nelli\u011fnizi bir ad\u0131m ileri ta\u015f\u0131y\u0131n. T 86 Boru Kontrol Kameras\u0131","og:url":"https:\/\/enermak.com\/en\/urunler\/t-86-boru-kontrol-kamerasi\/","og:image":"https:\/\/enermak.com\/wp-content\/uploads\/2022\/03\/logo-tr-1.png","og:image:secure_url":"https:\/\/enermak.com\/wp-content\/uploads\/2022\/03\/logo-tr-1.png","article:published_time":"2022-05-06T07:08:07+00:00","article:modified_time":"2026-02-18T12:10:37+00:00","article:publisher":"https:\/\/www.facebook.com\/YERALTINDANHABERLER\/","twitter:card":"summary_large_image","twitter:site":"@enerjienermak","twitter:title":"T 86 Boru Kontrol Kameras\u0131 - Enermak Enerji","twitter:description":"Kanal g\u00f6r\u00fcnt\u00fcleme sistemlerimiz ile i\u015finizi kolayla\u015ft\u0131r\u0131n ve profesy\u00f6nelli\u011fnizi bir ad\u0131m ileri ta\u015f\u0131y\u0131n. T 86 Boru Kontrol Kameras\u0131","twitter:image":"https:\/\/enermak.com\/wp-content\/uploads\/2022\/03\/logo-tr-1.png"},"aioseo_meta_data":{"post_id":"9826","title":null,"description":"Kanal g\u00f6r\u00fcnt\u00fcleme sistemlerimiz ile i\u015finizi kolayla\u015ft\u0131r\u0131n ve profesy\u00f6nelli\u011fnizi bir ad\u0131m ileri ta\u015f\u0131y\u0131n. T 86 Boru Kontrol Kameras\u0131","keywords":null,"keyphrases":{"focus":{"keyphrase":"T 86 Boru Kontrol Kameras\u0131","analysis":{"keyphraseInTitle":{"score":9,"maxScore":9,"error":0},"keyphraseInDescription":{"score":9,"maxScore":9,"error":0},"keyphraseLength":{"score":6,"maxScore":9,"error":1,"length":5},"keyphraseInURL":{"score":5,"maxScore":5,"error":0},"keyphraseInIntroduction":{"score":3,"maxScore":9,"error":1},"keyphraseInSubHeadings":{"score":9,"maxScore":9,"error":0},"keyphraseInImageAlt":{"score":9,"maxScore":9,"error":0},"keywordDensity":{"type":"best","score":9,"maxScore":9,"error":0}},"score":87},"additional":[]},"primary_term":null,"canonical_url":null,"og_title":null,"og_description":null,"og_object_type":"default","og_image_type":"default","og_image_url":null,"og_image_width":null,"og_image_height":null,"og_image_custom_url":null,"og_image_custom_fields":null,"og_video":"","og_custom_url":null,"og_article_section":null,"og_article_tags":null,"twitter_use_og":false,"twitter_card":"default","twitter_image_type":"default","twitter_image_url":null,"twitter_image_custom_url":null,"twitter_image_custom_fields":null,"twitter_title":null,"twitter_description":null,"schema":{"blockGraphs":[],"customGraphs":[],"default":{"data":{"Article":[],"Course":[],"Dataset":[],"FAQPage":[],"Movie":[],"Person":[],"Product":[],"ProductReview":[],"Car":[],"Recipe":[],"Service":[],"SoftwareApplication":[],"WebPage":[]},"graphName":"ItemPage","isEnabled":false},"graphs":[]},"schema_type":"default","schema_type_options":null,"pillar_content":false,"robots_default":false,"robots_noindex":false,"robots_noarchive":false,"robots_nosnippet":false,"robots_nofollow":false,"robots_noimageindex":false,"robots_noodp":false,"robots_notranslate":false,"robots_max_snippet":"-1","robots_max_videopreview":"-1","robots_max_imagepreview":"large","priority":null,"frequency":"default","local_seo":null,"seo_analyzer_scan_date":"2026-02-18 12:41:45","breadcrumb_settings":null,"limit_modified_date":false,"reviewed_by":null,"open_ai":"{\"title\":{\"suggestions\":[],\"usage\":0},\"description\":{\"suggestions\":[],\"usage\":0}}","ai":{"faqs":[],"keyPoints":[],"titles":[],"descriptions":[],"socialPosts":{"email":[],"linkedin":[],"twitter":[],"facebook":[],"instagram":[]}},"created":"2022-09-12 10:38:28","updated":"2026-02-18 12:41:45"},"aioseo_breadcrumb":"<div class=\"aioseo-breadcrumbs\"><span class=\"aioseo-breadcrumb\">\n\t<a href=\"https:\/\/enermak.com\/en\" title=\"Home\">Home<\/a>\n<\/span><span class=\"aioseo-breadcrumb-separator\">\u00bb<\/span><span class=\"aioseo-breadcrumb\">\n\t<a href=\"https:\/\/enermak.com\/en\/urunler\/\" title=\"\u00dcr\u00fcnler\">\u00dcr\u00fcnler<\/a>\n<\/span><span class=\"aioseo-breadcrumb-separator\">\u00bb<\/span><span class=\"aioseo-breadcrumb\">\n\t<a href=\"https:\/\/enermak.com\/en\/brand\/ibak\/\" title=\"IBAK\">IBAK<\/a>\n<\/span><span class=\"aioseo-breadcrumb-separator\">\u00bb<\/span><span class=\"aioseo-breadcrumb\">\n\tT 86 Boru Kontrol Kameras\u0131\n<\/span><\/div>","aioseo_breadcrumb_json":[{"label":"Home","link":"https:\/\/enermak.com\/en"},{"label":"\u00dcr\u00fcnler","link":"https:\/\/enermak.com\/en\/urunler\/"},{"label":"IBAK","link":"https:\/\/enermak.com\/en\/brand\/ibak\/"},{"label":"T 86 Boru Kontrol Kameras\u0131","link":"https:\/\/enermak.com\/en\/urunler\/t-86-boru-kontrol-kamerasi\/"}],"_links":{"self":[{"href":"https:\/\/enermak.com\/en\/wp-json\/wp\/v2\/product\/9826","targetHints":{"allow":["GET"]}}],"collection":[{"href":"https:\/\/enermak.com\/en\/wp-json\/wp\/v2\/product"}],"about":[{"href":"https:\/\/enermak.com\/en\/wp-json\/wp\/v2\/types\/product"}],"version-history":[{"count":0,"href":"https:\/\/enermak.com\/en\/wp-json\/wp\/v2\/product\/9826\/revisions"}],"wp:featuredmedia":[{"embeddable":true,"href":"https:\/\/enermak.com\/en\/wp-json\/wp\/v2\/media\/9827"}],"wp:attachment":[{"href":"https:\/\/enermak.com\/en\/wp-json\/wp\/v2\/media?parent=9826"}],"wp:term":[{"taxonomy":"product_brand","embeddable":true,"href":"https:\/\/enermak.com\/en\/wp-json\/wp\/v2\/product_brand?post=9826"},{"taxonomy":"product_cat","embeddable":true,"href":"https:\/\/enermak.com\/en\/wp-json\/wp\/v2\/product_cat?post=9826"},{"taxonomy":"product_tag","embeddable":true,"href":"https:\/\/enermak.com\/en\/wp-json\/wp\/v2\/product_tag?post=9826"},{"taxonomy":"product_brands","embeddable":true,"href":"https:\/\/enermak.com\/en\/wp-json\/wp\/v2\/product_brands?post=9826"}],"curies":[{"name":"wp","href":"https:\/\/api.w.org\/{rel}","templated":true}]}}