{"id":9798,"date":"2022-05-06T09:52:46","date_gmt":"2022-05-06T06:52:46","guid":{"rendered":"http:\/\/isimmedya.com\/?post_type=product&#038;p=9798"},"modified":"2026-02-18T15:33:47","modified_gmt":"2026-02-18T12:33:47","slug":"ibak-panoramo-sistem","status":"publish","type":"product","link":"https:\/\/enermak.com\/en\/urunler\/ibak-panoramo-sistem\/","title":{"rendered":"IBAK &#8211; PANORAMO S\u0130STEM"},"content":{"rendered":"<h2><strong>IBAK<\/strong><\/h2>\n<h3><strong>PANORAMO S\u0130STEM<\/strong><\/h3>\n<p>IBAK PANORAMO, y\u00fcksek verimli kanalizasyon boru denetimleri i\u00e7in benzersiz bir taray\u0131c\u0131 teknolojisine sahiptir.<\/p>\n<p>Panoramo ile hat muayeneleri geleneksel sistemlerden \u00e7ok daha y\u00fcksek bir h\u0131zda ger\u00e7ekle\u015ftirilebilir.\u00a0Di\u011fer taraftan, kullan\u0131c\u0131 t\u00fcm boru denetiminin kesintisiz bir kayd\u0131n\u0131 i\u00e7eren 3D filmin yan\u0131 s\u0131ra i\u015flenmi\u015f bir \u00f6rnek al\u0131r.PANORAMO S\u0130STEM<\/p>\n<p>Ofiste, ger\u00e7ek kanalizasyon muayenesinden ba\u011f\u0131ms\u0131z olarak, herhangi bir zamanda hattaki durumu t\u0131pk\u0131 operat\u00f6r yerinde \u00e7al\u0131\u015f\u0131yormu\u015f gibi de\u011ferlendirmek m\u00fcmk\u00fcnd\u00fcr.\u00a0Operat\u00f6r herhangi bir g\u00f6r\u00fcnt\u00fcleme k\u0131s\u0131tlamas\u0131 olmaks\u0131z\u0131n kanalizasyon borusunda serbest\u00e7e hareket edebilir, herhangi bir konumda durabilir, yak\u0131nla\u015ft\u0131rma yapabilir, geri &#8211; ileri bakabilir, ba\u011flant\u0131lar\u0131 kontrol edebilir ve \u00a0360 \u00b0 d\u00f6nd\u00fcrme sa\u011flayabilir. T\u00fcm bunlar\u0131 kaydedilen g\u00f6r\u00fcnt\u00fcleme materyalini hi\u00e7bir \u015fekilde de\u011fi\u015ftirmeden yapar.<\/p>\n<p>Taray\u0131c\u0131 teknolojisini kullanarak kanalizasyon borular\u0131n\u0131n incelenmesine ek olarak, PANORAMO dijital kameralar, operat\u00f6r\u00fcn \u00f6nemli b\u00f6l\u00fcmleri ge\u00e7erken inceleme \u00e7al\u0131\u015fmas\u0131 s\u0131ras\u0131nda g\u00f6r\u00fcnt\u00fc ekran\u0131 i\u00e7in video modunu ayarlamas\u0131na izin verir.\u00a0Bu \u015fekilde, akan su gibi hareketli elemanlar, geleneksel kanalizasyon kameralar\u0131nda oldu\u011fu gibi g\u00f6sterilebilir.<\/p>\n<figure id=\"attachment_9801\" aria-describedby=\"caption-attachment-9801\" style=\"width: 466px\" class=\"wp-caption alignnone\"><img fetchpriority=\"high\" decoding=\"async\" class=\"wp-image-9801\" src=\"https:\/\/enermak.com\/wp-content\/uploads\/2022\/05\/IBAK-Panoramo_Sistemi31.jpg\" alt=\"PANORAMO S\u0130STEM\" width=\"466\" height=\"255\" \/><figcaption id=\"caption-attachment-9801\" class=\"wp-caption-text\"><a href=\"https:\/\/enermak.com\/en\/eski\/uploads\/dokuman\/IBAK%20PANORAMO%20SI.pdf\/\" target=\"_blank\" rel=\"noopener sponsored\">PANORAMO S\u0130STEM<\/a><\/figcaption><\/figure>\n<p><strong>PANORAMO S\u0130STEM Prensibi<\/strong><\/p>\n<p>IBAK PANORAMO, geleneksel kanalizasyon TV sistemlerinden farkl\u0131 olarak, her biri 5 cm mesafeden g\u00f6r\u00fcnt\u00fc alan 185 derece bal\u0131kg\u00f6z\u00fc lensli iki y\u00fcksek \u00e7\u00f6z\u00fcn\u00fcrl\u00fckl\u00fc dijital foto\u011fraf makinesi kullan\u0131r.\u00a0Son derece geni\u015f a\u00e7\u0131 nedeniyle, bir boru kesitinin \u00e7ok y\u00f6nl\u00fc bir g\u00f6r\u00fcn\u00fcm\u00fc her 5 cm&#8217;de bir yakalan\u0131r.\u00a0Bu boru kesit dizileri, PANORAMO yaz\u0131l\u0131m\u0131 kullan\u0131larak bir araya getirildikleri denetim arac\u0131na dijital olarak aktar\u0131lmakta olup, bunlar, tam bir kanalizasyon borusunun, hem hareket y\u00f6n\u00fcnde hem de istikametinde ger\u00e7ek bir 3D i\u00e7 g\u00f6r\u00fcn\u00fc\u015f\u00fc yaratmaktad\u0131r.\u00a0Hareketli bir ara\u00e7tan ge\u00e7en s\u00fcrekli \u0131\u015f\u0131\u011f\u0131n kay\u0131tlardaki b\u00fcy\u00fck miktarda bulan\u0131kl\u0131k ile sonu\u00e7land\u0131\u011f\u0131 video teknolojisinin aksine, IBAK PANORAMO keskin g\u00f6r\u00fcnt\u00fcler sa\u011flar. Cihaz\u0131n entegre Xenon fla\u015f sistemi taraf\u0131ndan verilen stroboskopik \u0131\u015f\u0131k boruyu y\u00fcksek d\u00fczeyde ayd\u0131nlat\u0131r.<\/p>","protected":false},"excerpt":{"rendered":"<h2>IBAK<\/h2>\n<h3>IBAK &#8211; PANORAMO S\u0130STEM<\/h3>\n<p>IBAK PANORAMO, y\u00fcksek verimli kanalizasyon boru denetimleri i\u00e7in benzersiz bir taray\u0131c\u0131 teknolojisine sahiptir.<\/p>","protected":false},"featured_media":9799,"template":"","meta":{"_bst_post_transparent":"default","_bst_post_title":"","_bst_post_layout":"default","_bst_post_sidebar_id":"","_bst_post_content_style":"default","_bst_post_vertical_padding":"default","_bst_post_feature":"","_bst_post_feature_position":"","_bst_post_header":false,"_bst_post_footer":false},"product_brand":[2001],"product_cat":[157],"product_tag":[195,197,1263,1262,213,1353],"product_brands":[],"class_list":{"0":"post-9798","1":"product","2":"type-product","3":"status-publish","4":"has-post-thumbnail","6":"product_brand-ibak","7":"product_cat-kanal-goruntuleme","8":"product_tag-ibak","9":"product_tag-kanal-goruntuleme","10":"product_tag-kanal-goruntuleme-kamerasi","11":"product_tag-kanal-kamerasi","12":"product_tag-panoramo","13":"product_tag-panoramo-sistem","15":"first","16":"instock","17":"shipping-taxable","18":"product-type-external","19":"entry","20":"content-bg","21":"loop-entry"},"aioseo_notices":[],"aioseo_head":"\n\t\t<!-- All in One SEO Pro 4.9.6.2 - aioseo.com -->\n\t<meta name=\"description\" content=\"Kanal g\u00f6r\u00fcnt\u00fcleme sistemlerimiz ile i\u015finizi kolayla\u015ft\u0131r\u0131n ve profesy\u00f6nelli\u011fnizi bir ad\u0131m ileri ta\u015f\u0131y\u0131n. Bir \u00e7ok \u00fcr\u00fcn\u00fcm\u00fcz sizleri bekliyoruz.PANORAMO S\u0130STEM\" \/>\n\t<meta name=\"robots\" content=\"max-snippet:-1, max-image-preview:large, max-video-preview:-1\" \/>\n\t<meta name=\"yandex-verification\" content=\"yandex-verification: 61c39bc218eec6a9\" \/>\n\t<link rel=\"canonical\" href=\"https:\/\/enermak.com\/en\/urunler\/ibak-panoramo-sistem\/\" \/>\n\t<meta name=\"generator\" content=\"All in One SEO Pro (AIOSEO) 4.9.6.2\" \/>\n\t\t<meta property=\"og:locale\" content=\"en_US\" \/>\n\t\t<meta property=\"og:site_name\" content=\"Enermak Enerji - Yeralt\u0131ndan Haberler\" \/>\n\t\t<meta property=\"og:type\" content=\"article\" \/>\n\t\t<meta property=\"og:title\" content=\"IBAK \u2013 PANORAMO S\u0130STEM - Enermak Enerji\" \/>\n\t\t<meta property=\"og:description\" content=\"Kanal g\u00f6r\u00fcnt\u00fcleme sistemlerimiz ile i\u015finizi kolayla\u015ft\u0131r\u0131n ve profesy\u00f6nelli\u011fnizi bir ad\u0131m ileri ta\u015f\u0131y\u0131n. Bir \u00e7ok \u00fcr\u00fcn\u00fcm\u00fcz sizleri bekliyoruz.PANORAMO S\u0130STEM\" \/>\n\t\t<meta property=\"og:url\" content=\"https:\/\/enermak.com\/en\/urunler\/ibak-panoramo-sistem\/\" \/>\n\t\t<meta property=\"og:image\" content=\"https:\/\/enermak.com\/wp-content\/uploads\/2022\/03\/logo-tr-1.png\" \/>\n\t\t<meta property=\"og:image:secure_url\" content=\"https:\/\/enermak.com\/wp-content\/uploads\/2022\/03\/logo-tr-1.png\" \/>\n\t\t<meta property=\"article:published_time\" content=\"2022-05-06T06:52:46+00:00\" \/>\n\t\t<meta property=\"article:modified_time\" content=\"2026-02-18T12:33:47+00:00\" \/>\n\t\t<meta property=\"article:publisher\" content=\"https:\/\/www.facebook.com\/YERALTINDANHABERLER\/\" \/>\n\t\t<meta name=\"twitter:card\" content=\"summary_large_image\" \/>\n\t\t<meta name=\"twitter:site\" content=\"@enerjienermak\" \/>\n\t\t<meta name=\"twitter:title\" content=\"IBAK \u2013 PANORAMO S\u0130STEM - Enermak Enerji\" \/>\n\t\t<meta name=\"twitter:description\" content=\"Kanal g\u00f6r\u00fcnt\u00fcleme sistemlerimiz ile i\u015finizi kolayla\u015ft\u0131r\u0131n ve profesy\u00f6nelli\u011fnizi bir ad\u0131m ileri ta\u015f\u0131y\u0131n. Bir \u00e7ok \u00fcr\u00fcn\u00fcm\u00fcz sizleri bekliyoruz.PANORAMO S\u0130STEM\" \/>\n\t\t<meta name=\"twitter:image\" content=\"https:\/\/enermak.com\/wp-content\/uploads\/2022\/03\/logo-tr-1.png\" \/>\n\t\t<script type=\"application\/ld+json\" class=\"aioseo-schema\">\n\t\t\t{\"@context\":\"https:\\\/\\\/schema.org\",\"@graph\":[{\"@type\":\"BreadcrumbList\",\"@id\":\"https:\\\/\\\/enermak.com\\\/en\\\/urunler\\\/ibak-panoramo-sistem\\\/#breadcrumblist\",\"itemListElement\":[{\"@type\":\"ListItem\",\"@id\":\"https:\\\/\\\/enermak.com\\\/en#listItem\",\"position\":1,\"name\":\"Home\",\"item\":\"https:\\\/\\\/enermak.com\\\/en\",\"nextItem\":{\"@type\":\"ListItem\",\"@id\":\"https:\\\/\\\/enermak.com\\\/en\\\/urunler\\\/#listItem\",\"name\":\"\\u00dcr\\u00fcnler\"}},{\"@type\":\"ListItem\",\"@id\":\"https:\\\/\\\/enermak.com\\\/en\\\/urunler\\\/#listItem\",\"position\":2,\"name\":\"\\u00dcr\\u00fcnler\",\"item\":\"https:\\\/\\\/enermak.com\\\/en\\\/urunler\\\/\",\"nextItem\":{\"@type\":\"ListItem\",\"@id\":\"https:\\\/\\\/enermak.com\\\/en\\\/brand\\\/ibak\\\/#listItem\",\"name\":\"IBAK\"},\"previousItem\":{\"@type\":\"ListItem\",\"@id\":\"https:\\\/\\\/enermak.com\\\/en#listItem\",\"name\":\"Home\"}},{\"@type\":\"ListItem\",\"@id\":\"https:\\\/\\\/enermak.com\\\/en\\\/brand\\\/ibak\\\/#listItem\",\"position\":3,\"name\":\"IBAK\",\"item\":\"https:\\\/\\\/enermak.com\\\/en\\\/brand\\\/ibak\\\/\",\"nextItem\":{\"@type\":\"ListItem\",\"@id\":\"https:\\\/\\\/enermak.com\\\/en\\\/urunler\\\/ibak-panoramo-sistem\\\/#listItem\",\"name\":\"IBAK &#8211; PANORAMO S\\u0130STEM\"},\"previousItem\":{\"@type\":\"ListItem\",\"@id\":\"https:\\\/\\\/enermak.com\\\/en\\\/urunler\\\/#listItem\",\"name\":\"\\u00dcr\\u00fcnler\"}},{\"@type\":\"ListItem\",\"@id\":\"https:\\\/\\\/enermak.com\\\/en\\\/urunler\\\/ibak-panoramo-sistem\\\/#listItem\",\"position\":4,\"name\":\"IBAK &#8211; PANORAMO S\\u0130STEM\",\"previousItem\":{\"@type\":\"ListItem\",\"@id\":\"https:\\\/\\\/enermak.com\\\/en\\\/brand\\\/ibak\\\/#listItem\",\"name\":\"IBAK\"}}]},{\"@type\":\"ItemPage\",\"@id\":\"https:\\\/\\\/enermak.com\\\/en\\\/urunler\\\/ibak-panoramo-sistem\\\/#itempage\",\"url\":\"https:\\\/\\\/enermak.com\\\/en\\\/urunler\\\/ibak-panoramo-sistem\\\/\",\"name\":\"IBAK \\u2013 PANORAMO S\\u0130STEM - Enermak Enerji\",\"description\":\"Kanal g\\u00f6r\\u00fcnt\\u00fcleme sistemlerimiz ile i\\u015finizi kolayla\\u015ft\\u0131r\\u0131n ve profesy\\u00f6nelli\\u011fnizi bir ad\\u0131m ileri ta\\u015f\\u0131y\\u0131n. Bir \\u00e7ok \\u00fcr\\u00fcn\\u00fcm\\u00fcz sizleri bekliyoruz.PANORAMO S\\u0130STEM\",\"inLanguage\":\"en-US\",\"isPartOf\":{\"@id\":\"https:\\\/\\\/enermak.com\\\/en\\\/#website\"},\"breadcrumb\":{\"@id\":\"https:\\\/\\\/enermak.com\\\/en\\\/urunler\\\/ibak-panoramo-sistem\\\/#breadcrumblist\"},\"image\":{\"@type\":\"ImageObject\",\"url\":\"https:\\\/\\\/enermak.com\\\/wp-content\\\/uploads\\\/2022\\\/05\\\/IBAK-Panoramo_Sistemi1.png\",\"@id\":\"https:\\\/\\\/enermak.com\\\/en\\\/urunler\\\/ibak-panoramo-sistem\\\/#mainImage\",\"width\":387,\"height\":260,\"caption\":\"PANORAMO S\\u0130STEM\"},\"primaryImageOfPage\":{\"@id\":\"https:\\\/\\\/enermak.com\\\/en\\\/urunler\\\/ibak-panoramo-sistem\\\/#mainImage\"},\"datePublished\":\"2022-05-06T09:52:46+03:00\",\"dateModified\":\"2026-02-18T15:33:47+03:00\"},{\"@type\":\"Organization\",\"@id\":\"https:\\\/\\\/enermak.com\\\/en\\\/#organization\",\"name\":\"Enermak Enerji\",\"description\":\"Yeralt\\u0131ndan Haberler\",\"url\":\"https:\\\/\\\/enermak.com\\\/en\\\/\",\"telephone\":\"+903123851102\",\"logo\":{\"@type\":\"ImageObject\",\"url\":\"https:\\\/\\\/enermak.com\\\/wp-content\\\/uploads\\\/2022\\\/03\\\/logo-tr-1.png\",\"@id\":\"https:\\\/\\\/enermak.com\\\/en\\\/urunler\\\/ibak-panoramo-sistem\\\/#organizationLogo\"},\"image\":{\"@id\":\"https:\\\/\\\/enermak.com\\\/en\\\/urunler\\\/ibak-panoramo-sistem\\\/#organizationLogo\"},\"sameAs\":[\"https:\\\/\\\/www.facebook.com\\\/YERALTINDANHABERLER\\\/\",\"https:\\\/\\\/twitter.com\\\/enerjienermak\",\"https:\\\/\\\/www.instagram.com\\\/enermakenerji\\\/\",\"https:\\\/\\\/www.youtube.com\\\/c\\\/EnermakEnerji\",\"https:\\\/\\\/www.linkedin.com\\\/in\\\/enermak\"]},{\"@type\":\"WebPage\",\"@id\":\"https:\\\/\\\/enermak.com\\\/en\\\/urunler\\\/ibak-panoramo-sistem\\\/#webpage\",\"url\":\"https:\\\/\\\/enermak.com\\\/en\\\/urunler\\\/ibak-panoramo-sistem\\\/\",\"name\":\"IBAK \\u2013 PANORAMO S\\u0130STEM - Enermak Enerji\",\"description\":\"Kanal g\\u00f6r\\u00fcnt\\u00fcleme sistemlerimiz ile i\\u015finizi kolayla\\u015ft\\u0131r\\u0131n ve profesy\\u00f6nelli\\u011fnizi bir ad\\u0131m ileri ta\\u015f\\u0131y\\u0131n. Bir \\u00e7ok \\u00fcr\\u00fcn\\u00fcm\\u00fcz sizleri bekliyoruz.PANORAMO S\\u0130STEM\",\"inLanguage\":\"en-US\",\"isPartOf\":{\"@id\":\"https:\\\/\\\/enermak.com\\\/en\\\/#website\"},\"breadcrumb\":{\"@id\":\"https:\\\/\\\/enermak.com\\\/en\\\/urunler\\\/ibak-panoramo-sistem\\\/#breadcrumblist\"},\"image\":{\"@type\":\"ImageObject\",\"url\":\"https:\\\/\\\/enermak.com\\\/wp-content\\\/uploads\\\/2022\\\/05\\\/IBAK-Panoramo_Sistemi1.png\",\"@id\":\"https:\\\/\\\/enermak.com\\\/en\\\/urunler\\\/ibak-panoramo-sistem\\\/#mainImage\",\"width\":387,\"height\":260,\"caption\":\"PANORAMO S\\u0130STEM\"},\"primaryImageOfPage\":{\"@id\":\"https:\\\/\\\/enermak.com\\\/en\\\/urunler\\\/ibak-panoramo-sistem\\\/#mainImage\"},\"datePublished\":\"2022-05-06T09:52:46+03:00\",\"dateModified\":\"2026-02-18T15:33:47+03:00\"},{\"@type\":\"WebSite\",\"@id\":\"https:\\\/\\\/enermak.com\\\/en\\\/#website\",\"url\":\"https:\\\/\\\/enermak.com\\\/en\\\/\",\"name\":\"Enermak Enerji\",\"alternateName\":\"Yeralt\\u0131ndan Haberler\",\"description\":\"Yeralt\\u0131ndan Haberler\",\"inLanguage\":\"en-US\",\"publisher\":{\"@id\":\"https:\\\/\\\/enermak.com\\\/en\\\/#organization\"}}]}\n\t\t<\/script>\n\t\t<!-- All in One SEO Pro -->\r\n\t\t<title>IBAK \u2013 PANORAMO S\u0130STEM - Enermak Enerji<\/title>\n\n","aioseo_head_json":{"title":"IBAK \u2013 PANORAMO S\u0130STEM - Enermak Enerji","description":"Kanal g\u00f6r\u00fcnt\u00fcleme sistemlerimiz ile i\u015finizi kolayla\u015ft\u0131r\u0131n ve profesy\u00f6nelli\u011fnizi bir ad\u0131m ileri ta\u015f\u0131y\u0131n. Bir \u00e7ok \u00fcr\u00fcn\u00fcm\u00fcz sizleri bekliyoruz.PANORAMO S\u0130STEM","canonical_url":"https:\/\/enermak.com\/en\/urunler\/ibak-panoramo-sistem\/","robots":"max-snippet:-1, max-image-preview:large, max-video-preview:-1","keywords":"","webmasterTools":{"yandex-verification":"yandex-verification: 61c39bc218eec6a9","miscellaneous":""},"schema":{"@context":"https:\/\/schema.org","@graph":[{"@type":"BreadcrumbList","@id":"https:\/\/enermak.com\/en\/urunler\/ibak-panoramo-sistem\/#breadcrumblist","itemListElement":[{"@type":"ListItem","@id":"https:\/\/enermak.com\/en#listItem","position":1,"name":"Home","item":"https:\/\/enermak.com\/en","nextItem":{"@type":"ListItem","@id":"https:\/\/enermak.com\/en\/urunler\/#listItem","name":"\u00dcr\u00fcnler"}},{"@type":"ListItem","@id":"https:\/\/enermak.com\/en\/urunler\/#listItem","position":2,"name":"\u00dcr\u00fcnler","item":"https:\/\/enermak.com\/en\/urunler\/","nextItem":{"@type":"ListItem","@id":"https:\/\/enermak.com\/en\/brand\/ibak\/#listItem","name":"IBAK"},"previousItem":{"@type":"ListItem","@id":"https:\/\/enermak.com\/en#listItem","name":"Home"}},{"@type":"ListItem","@id":"https:\/\/enermak.com\/en\/brand\/ibak\/#listItem","position":3,"name":"IBAK","item":"https:\/\/enermak.com\/en\/brand\/ibak\/","nextItem":{"@type":"ListItem","@id":"https:\/\/enermak.com\/en\/urunler\/ibak-panoramo-sistem\/#listItem","name":"IBAK &#8211; PANORAMO S\u0130STEM"},"previousItem":{"@type":"ListItem","@id":"https:\/\/enermak.com\/en\/urunler\/#listItem","name":"\u00dcr\u00fcnler"}},{"@type":"ListItem","@id":"https:\/\/enermak.com\/en\/urunler\/ibak-panoramo-sistem\/#listItem","position":4,"name":"IBAK &#8211; PANORAMO S\u0130STEM","previousItem":{"@type":"ListItem","@id":"https:\/\/enermak.com\/en\/brand\/ibak\/#listItem","name":"IBAK"}}]},{"@type":"ItemPage","@id":"https:\/\/enermak.com\/en\/urunler\/ibak-panoramo-sistem\/#itempage","url":"https:\/\/enermak.com\/en\/urunler\/ibak-panoramo-sistem\/","name":"IBAK \u2013 PANORAMO S\u0130STEM - Enermak Enerji","description":"Kanal g\u00f6r\u00fcnt\u00fcleme sistemlerimiz ile i\u015finizi kolayla\u015ft\u0131r\u0131n ve profesy\u00f6nelli\u011fnizi bir ad\u0131m ileri ta\u015f\u0131y\u0131n. Bir \u00e7ok \u00fcr\u00fcn\u00fcm\u00fcz sizleri bekliyoruz.PANORAMO S\u0130STEM","inLanguage":"en-US","isPartOf":{"@id":"https:\/\/enermak.com\/en\/#website"},"breadcrumb":{"@id":"https:\/\/enermak.com\/en\/urunler\/ibak-panoramo-sistem\/#breadcrumblist"},"image":{"@type":"ImageObject","url":"https:\/\/enermak.com\/wp-content\/uploads\/2022\/05\/IBAK-Panoramo_Sistemi1.png","@id":"https:\/\/enermak.com\/en\/urunler\/ibak-panoramo-sistem\/#mainImage","width":387,"height":260,"caption":"PANORAMO S\u0130STEM"},"primaryImageOfPage":{"@id":"https:\/\/enermak.com\/en\/urunler\/ibak-panoramo-sistem\/#mainImage"},"datePublished":"2022-05-06T09:52:46+03:00","dateModified":"2026-02-18T15:33:47+03:00"},{"@type":"Organization","@id":"https:\/\/enermak.com\/en\/#organization","name":"Enermak Enerji","description":"Yeralt\u0131ndan Haberler","url":"https:\/\/enermak.com\/en\/","telephone":"+903123851102","logo":{"@type":"ImageObject","url":"https:\/\/enermak.com\/wp-content\/uploads\/2022\/03\/logo-tr-1.png","@id":"https:\/\/enermak.com\/en\/urunler\/ibak-panoramo-sistem\/#organizationLogo"},"image":{"@id":"https:\/\/enermak.com\/en\/urunler\/ibak-panoramo-sistem\/#organizationLogo"},"sameAs":["https:\/\/www.facebook.com\/YERALTINDANHABERLER\/","https:\/\/twitter.com\/enerjienermak","https:\/\/www.instagram.com\/enermakenerji\/","https:\/\/www.youtube.com\/c\/EnermakEnerji","https:\/\/www.linkedin.com\/in\/enermak"]},{"@type":"WebPage","@id":"https:\/\/enermak.com\/en\/urunler\/ibak-panoramo-sistem\/#webpage","url":"https:\/\/enermak.com\/en\/urunler\/ibak-panoramo-sistem\/","name":"IBAK \u2013 PANORAMO S\u0130STEM - Enermak Enerji","description":"Kanal g\u00f6r\u00fcnt\u00fcleme sistemlerimiz ile i\u015finizi kolayla\u015ft\u0131r\u0131n ve profesy\u00f6nelli\u011fnizi bir ad\u0131m ileri ta\u015f\u0131y\u0131n. Bir \u00e7ok \u00fcr\u00fcn\u00fcm\u00fcz sizleri bekliyoruz.PANORAMO S\u0130STEM","inLanguage":"en-US","isPartOf":{"@id":"https:\/\/enermak.com\/en\/#website"},"breadcrumb":{"@id":"https:\/\/enermak.com\/en\/urunler\/ibak-panoramo-sistem\/#breadcrumblist"},"image":{"@type":"ImageObject","url":"https:\/\/enermak.com\/wp-content\/uploads\/2022\/05\/IBAK-Panoramo_Sistemi1.png","@id":"https:\/\/enermak.com\/en\/urunler\/ibak-panoramo-sistem\/#mainImage","width":387,"height":260,"caption":"PANORAMO S\u0130STEM"},"primaryImageOfPage":{"@id":"https:\/\/enermak.com\/en\/urunler\/ibak-panoramo-sistem\/#mainImage"},"datePublished":"2022-05-06T09:52:46+03:00","dateModified":"2026-02-18T15:33:47+03:00"},{"@type":"WebSite","@id":"https:\/\/enermak.com\/en\/#website","url":"https:\/\/enermak.com\/en\/","name":"Enermak Enerji","alternateName":"Yeralt\u0131ndan Haberler","description":"Yeralt\u0131ndan Haberler","inLanguage":"en-US","publisher":{"@id":"https:\/\/enermak.com\/en\/#organization"}}]},"og:locale":"en_US","og:site_name":"Enermak Enerji - Yeralt\u0131ndan Haberler","og:type":"article","og:title":"IBAK \u2013 PANORAMO S\u0130STEM - Enermak Enerji","og:description":"Kanal g\u00f6r\u00fcnt\u00fcleme sistemlerimiz ile i\u015finizi kolayla\u015ft\u0131r\u0131n ve profesy\u00f6nelli\u011fnizi bir ad\u0131m ileri ta\u015f\u0131y\u0131n. Bir \u00e7ok \u00fcr\u00fcn\u00fcm\u00fcz sizleri bekliyoruz.PANORAMO S\u0130STEM","og:url":"https:\/\/enermak.com\/en\/urunler\/ibak-panoramo-sistem\/","og:image":"https:\/\/enermak.com\/wp-content\/uploads\/2022\/03\/logo-tr-1.png","og:image:secure_url":"https:\/\/enermak.com\/wp-content\/uploads\/2022\/03\/logo-tr-1.png","article:published_time":"2022-05-06T06:52:46+00:00","article:modified_time":"2026-02-18T12:33:47+00:00","article:publisher":"https:\/\/www.facebook.com\/YERALTINDANHABERLER\/","twitter:card":"summary_large_image","twitter:site":"@enerjienermak","twitter:title":"IBAK \u2013 PANORAMO S\u0130STEM - Enermak Enerji","twitter:description":"Kanal g\u00f6r\u00fcnt\u00fcleme sistemlerimiz ile i\u015finizi kolayla\u015ft\u0131r\u0131n ve profesy\u00f6nelli\u011fnizi bir ad\u0131m ileri ta\u015f\u0131y\u0131n. Bir \u00e7ok \u00fcr\u00fcn\u00fcm\u00fcz sizleri bekliyoruz.PANORAMO S\u0130STEM","twitter:image":"https:\/\/enermak.com\/wp-content\/uploads\/2022\/03\/logo-tr-1.png"},"aioseo_meta_data":{"post_id":"9798","title":null,"description":"Kanal g\u00f6r\u00fcnt\u00fcleme sistemlerimiz ile i\u015finizi kolayla\u015ft\u0131r\u0131n ve profesy\u00f6nelli\u011fnizi bir ad\u0131m ileri ta\u015f\u0131y\u0131n. Bir \u00e7ok \u00fcr\u00fcn\u00fcm\u00fcz sizleri bekliyoruz.PANORAMO S\u0130STEM","keywords":null,"keyphrases":{"focus":{"keyphrase":"PANORAMO S\u0130STEM","analysis":{"keyphraseInTitle":{"score":9,"maxScore":9,"error":0},"keyphraseInDescription":{"score":9,"maxScore":9,"error":0},"keyphraseLength":{"score":9,"maxScore":9,"error":0,"length":3},"keyphraseInURL":{"score":5,"maxScore":5,"error":0},"keyphraseInIntroduction":{"score":3,"maxScore":9,"error":1},"keyphraseInSubHeadings":{"score":9,"maxScore":9,"error":0},"keyphraseInImageAlt":{"score":3,"maxScore":9,"error":1},"keywordDensity":{"type":"best","score":9,"maxScore":9,"error":0}},"score":82},"additional":[]},"primary_term":null,"canonical_url":null,"og_title":null,"og_description":null,"og_object_type":"default","og_image_type":"default","og_image_url":null,"og_image_width":null,"og_image_height":null,"og_image_custom_url":null,"og_image_custom_fields":null,"og_video":"","og_custom_url":null,"og_article_section":null,"og_article_tags":null,"twitter_use_og":false,"twitter_card":"default","twitter_image_type":"default","twitter_image_url":null,"twitter_image_custom_url":null,"twitter_image_custom_fields":null,"twitter_title":null,"twitter_description":null,"schema":{"blockGraphs":[],"customGraphs":[],"default":{"data":{"Article":[],"Course":[],"Dataset":[],"FAQPage":[],"Movie":[],"Person":[],"Product":[],"ProductReview":[],"Car":[],"Recipe":[],"Service":[],"SoftwareApplication":[],"WebPage":[]},"graphName":"ItemPage","isEnabled":true},"graphs":[]},"schema_type":"default","schema_type_options":null,"pillar_content":false,"robots_default":false,"robots_noindex":false,"robots_noarchive":false,"robots_nosnippet":false,"robots_nofollow":false,"robots_noimageindex":false,"robots_noodp":false,"robots_notranslate":false,"robots_max_snippet":"-1","robots_max_videopreview":"-1","robots_max_imagepreview":"large","priority":null,"frequency":"default","local_seo":null,"seo_analyzer_scan_date":"2026-02-18 12:45:23","breadcrumb_settings":null,"limit_modified_date":false,"reviewed_by":null,"open_ai":"{\"title\":{\"suggestions\":[],\"usage\":0},\"description\":{\"suggestions\":[],\"usage\":0}}","ai":null,"created":"2022-09-12 10:38:37","updated":"2026-02-18 12:45:23"},"aioseo_breadcrumb":"<div class=\"aioseo-breadcrumbs\"><span class=\"aioseo-breadcrumb\">\n\t<a href=\"https:\/\/enermak.com\/en\" title=\"Home\">Home<\/a>\n<\/span><span class=\"aioseo-breadcrumb-separator\">\u00bb<\/span><span class=\"aioseo-breadcrumb\">\n\t<a href=\"https:\/\/enermak.com\/en\/urunler\/\" title=\"\u00dcr\u00fcnler\">\u00dcr\u00fcnler<\/a>\n<\/span><span class=\"aioseo-breadcrumb-separator\">\u00bb<\/span><span class=\"aioseo-breadcrumb\">\n\t<a href=\"https:\/\/enermak.com\/en\/brand\/ibak\/\" title=\"IBAK\">IBAK<\/a>\n<\/span><span class=\"aioseo-breadcrumb-separator\">\u00bb<\/span><span class=\"aioseo-breadcrumb\">\n\tIBAK \u2013 PANORAMO S\u0130STEM\n<\/span><\/div>","aioseo_breadcrumb_json":[{"label":"Home","link":"https:\/\/enermak.com\/en"},{"label":"\u00dcr\u00fcnler","link":"https:\/\/enermak.com\/en\/urunler\/"},{"label":"IBAK","link":"https:\/\/enermak.com\/en\/brand\/ibak\/"},{"label":"IBAK &#8211; PANORAMO S\u0130STEM","link":"https:\/\/enermak.com\/en\/urunler\/ibak-panoramo-sistem\/"}],"_links":{"self":[{"href":"https:\/\/enermak.com\/en\/wp-json\/wp\/v2\/product\/9798","targetHints":{"allow":["GET"]}}],"collection":[{"href":"https:\/\/enermak.com\/en\/wp-json\/wp\/v2\/product"}],"about":[{"href":"https:\/\/enermak.com\/en\/wp-json\/wp\/v2\/types\/product"}],"version-history":[{"count":0,"href":"https:\/\/enermak.com\/en\/wp-json\/wp\/v2\/product\/9798\/revisions"}],"wp:featuredmedia":[{"embeddable":true,"href":"https:\/\/enermak.com\/en\/wp-json\/wp\/v2\/media\/9799"}],"wp:attachment":[{"href":"https:\/\/enermak.com\/en\/wp-json\/wp\/v2\/media?parent=9798"}],"wp:term":[{"taxonomy":"product_brand","embeddable":true,"href":"https:\/\/enermak.com\/en\/wp-json\/wp\/v2\/product_brand?post=9798"},{"taxonomy":"product_cat","embeddable":true,"href":"https:\/\/enermak.com\/en\/wp-json\/wp\/v2\/product_cat?post=9798"},{"taxonomy":"product_tag","embeddable":true,"href":"https:\/\/enermak.com\/en\/wp-json\/wp\/v2\/product_tag?post=9798"},{"taxonomy":"product_brands","embeddable":true,"href":"https:\/\/enermak.com\/en\/wp-json\/wp\/v2\/product_brands?post=9798"}],"curies":[{"name":"wp","href":"https:\/\/api.w.org\/{rel}","templated":true}]}}