{"id":9792,"date":"2022-05-06T09:50:56","date_gmt":"2022-05-06T06:50:56","guid":{"rendered":"http:\/\/isimmedya.com\/?post_type=product&#038;p=9792"},"modified":"2026-02-18T15:10:44","modified_gmt":"2026-02-18T12:10:44","slug":"ibak-ust-duzey-sistem-hd-kanal-kamerasi","status":"publish","type":"product","link":"https:\/\/enermak.com\/en\/urunler\/ibak-ust-duzey-sistem-hd-kanal-kamerasi\/","title":{"rendered":"IBAK &#8211; Full hd kanal kameras\u0131"},"content":{"rendered":"<h2>IBAK &#8211; Full hd kanal kameras\u0131<\/h2>\n<p>IBAK&#8217;\u0131n Full HD sistemi, Full HD kanalizasyon muayene verilerinin kaydedilmesi ve depolanmas\u0131 konusunda teknolojik liderdir.<\/p>\n<p>\u0130lk kez, denetim sistemi, daha y\u00fcksek \u00e7\u00f6z\u00fcn\u00fcrl\u00fckte kanaldan daha parlak bir g\u00f6r\u00fcnt\u00fc elde etmeyi ve b\u00f6ylece hasar\u0131 daha iyi analiz etmeyi m\u00fcmk\u00fcn k\u0131lm\u0131\u015ft\u0131r.\u00a0Bu, en son IBAK yaz\u0131l\u0131m\u0131 IKAS evrimi ile yap\u0131l\u0131r.\u00a0500m&#8217;lik bir kablo vin\u00e7iyle (KW505) \u00e7ok y\u00fcksek bir menzil elde edilebilir.\u00a0Alternatif olarak, bir 300m kablo vin\u00e7 (KW310) de kullan\u0131labilir.<\/p>\n<p><strong>OR\u0130ON\u00a0HD\u00a0*\u00a0, ORPHEUS HD ve PEGASUS HD ile IBAK art\u0131k \u00fcr\u00fcn yelpazesinde \u00fc\u00e7 Full HD kameraya sahiptir.<\/strong><\/p>","protected":false},"excerpt":{"rendered":"<h3>IBAK<\/h3>\n<h4>IBAK &#8211; \u00dcst D\u00fczey Sistem<\/h4>\n<p>IBAK&#8217;\u0131n FullHD sistemi, FullHD kanalizasyon muayene verilerinin kaydedilmesi ve depolanmas\u0131 konusunda teknolojik liderdir.<\/p>","protected":false},"featured_media":9793,"template":"","meta":{"_bst_post_transparent":"default","_bst_post_title":"","_bst_post_layout":"default","_bst_post_sidebar_id":"","_bst_post_content_style":"default","_bst_post_vertical_padding":"default","_bst_post_feature":"","_bst_post_feature_position":"","_bst_post_header":false,"_bst_post_footer":false},"product_brand":[2001],"product_cat":[157],"product_tag":[195,202,197,1263,1265,310,309,311,312,210],"product_brands":[],"class_list":{"0":"post-9792","1":"product","2":"type-product","3":"status-publish","4":"has-post-thumbnail","6":"product_brand-ibak","7":"product_cat-kanal-goruntuleme","8":"product_tag-ibak","9":"product_tag-ikas","10":"product_tag-kanal-goruntuleme","11":"product_tag-kanal-goruntuleme-kamerasi","12":"product_tag-kanal-kemarasi","13":"product_tag-kw310","14":"product_tag-kw505","15":"product_tag-orion-hd","16":"product_tag-orpheus-hd","17":"product_tag-pegasus-hd","19":"first","20":"instock","21":"shipping-taxable","22":"product-type-simple","23":"entry","24":"content-bg","25":"loop-entry"},"aioseo_notices":[],"aioseo_head":"\n\t\t<!-- All in One SEO Pro 4.9.6.2 - aioseo.com -->\n\t<meta name=\"description\" content=\"Kanal kameras\u0131 ile i\u015finizi kolayla\u015ft\u0131r\u0131n ve profesy\u00f6nelli\u011fnizi bir ad\u0131m ileri ta\u015f\u0131y\u0131n. Bir \u00e7ok \u00fcr\u00fcn Enermak Enerji de sizleri bekliyor.hd kanal kameras\u0131\" \/>\n\t<meta name=\"robots\" content=\"max-snippet:-1, max-image-preview:large, max-video-preview:-1\" \/>\n\t<meta name=\"yandex-verification\" content=\"yandex-verification: 61c39bc218eec6a9\" \/>\n\t<link rel=\"canonical\" href=\"https:\/\/enermak.com\/en\/urunler\/ibak-ust-duzey-sistem-hd-kanal-kamerasi\/\" \/>\n\t<meta name=\"generator\" content=\"All in One SEO Pro (AIOSEO) 4.9.6.2\" \/>\n\t\t<meta property=\"og:locale\" content=\"en_US\" \/>\n\t\t<meta property=\"og:site_name\" content=\"Enermak Enerji - Yeralt\u0131ndan Haberler\" \/>\n\t\t<meta property=\"og:type\" content=\"article\" \/>\n\t\t<meta property=\"og:title\" content=\"IBAK \u2013 Full hd kanal kameras\u0131 - Enermak Enerji\" \/>\n\t\t<meta property=\"og:description\" content=\"Kanal kameras\u0131 ile i\u015finizi kolayla\u015ft\u0131r\u0131n ve profesy\u00f6nelli\u011fnizi bir ad\u0131m ileri ta\u015f\u0131y\u0131n. Bir \u00e7ok \u00fcr\u00fcn Enermak Enerji de sizleri bekliyor.hd kanal kameras\u0131\" \/>\n\t\t<meta property=\"og:url\" content=\"https:\/\/enermak.com\/en\/urunler\/ibak-ust-duzey-sistem-hd-kanal-kamerasi\/\" \/>\n\t\t<meta property=\"og:image\" content=\"https:\/\/enermak.com\/wp-content\/uploads\/2022\/03\/logo-tr-1.png\" \/>\n\t\t<meta property=\"og:image:secure_url\" content=\"https:\/\/enermak.com\/wp-content\/uploads\/2022\/03\/logo-tr-1.png\" \/>\n\t\t<meta property=\"article:published_time\" content=\"2022-05-06T06:50:56+00:00\" \/>\n\t\t<meta property=\"article:modified_time\" content=\"2026-02-18T12:10:44+00:00\" \/>\n\t\t<meta property=\"article:publisher\" content=\"https:\/\/www.facebook.com\/YERALTINDANHABERLER\/\" \/>\n\t\t<meta name=\"twitter:card\" content=\"summary_large_image\" \/>\n\t\t<meta name=\"twitter:site\" content=\"@enerjienermak\" \/>\n\t\t<meta name=\"twitter:title\" content=\"IBAK \u2013 Full hd kanal kameras\u0131 - Enermak Enerji\" \/>\n\t\t<meta name=\"twitter:description\" content=\"Kanal kameras\u0131 ile i\u015finizi kolayla\u015ft\u0131r\u0131n ve profesy\u00f6nelli\u011fnizi bir ad\u0131m ileri ta\u015f\u0131y\u0131n. Bir \u00e7ok \u00fcr\u00fcn Enermak Enerji de sizleri bekliyor.hd kanal kameras\u0131\" \/>\n\t\t<meta name=\"twitter:image\" content=\"https:\/\/enermak.com\/wp-content\/uploads\/2022\/03\/logo-tr-1.png\" \/>\n\t\t<script type=\"application\/ld+json\" class=\"aioseo-schema\">\n\t\t\t{\"@context\":\"https:\\\/\\\/schema.org\",\"@graph\":[{\"@type\":\"BreadcrumbList\",\"@id\":\"https:\\\/\\\/enermak.com\\\/en\\\/urunler\\\/ibak-ust-duzey-sistem-hd-kanal-kamerasi\\\/#breadcrumblist\",\"itemListElement\":[{\"@type\":\"ListItem\",\"@id\":\"https:\\\/\\\/enermak.com\\\/en#listItem\",\"position\":1,\"name\":\"Home\",\"item\":\"https:\\\/\\\/enermak.com\\\/en\",\"nextItem\":{\"@type\":\"ListItem\",\"@id\":\"https:\\\/\\\/enermak.com\\\/en\\\/urunler\\\/#listItem\",\"name\":\"\\u00dcr\\u00fcnler\"}},{\"@type\":\"ListItem\",\"@id\":\"https:\\\/\\\/enermak.com\\\/en\\\/urunler\\\/#listItem\",\"position\":2,\"name\":\"\\u00dcr\\u00fcnler\",\"item\":\"https:\\\/\\\/enermak.com\\\/en\\\/urunler\\\/\",\"nextItem\":{\"@type\":\"ListItem\",\"@id\":\"https:\\\/\\\/enermak.com\\\/en\\\/brand\\\/ibak\\\/#listItem\",\"name\":\"IBAK\"},\"previousItem\":{\"@type\":\"ListItem\",\"@id\":\"https:\\\/\\\/enermak.com\\\/en#listItem\",\"name\":\"Home\"}},{\"@type\":\"ListItem\",\"@id\":\"https:\\\/\\\/enermak.com\\\/en\\\/brand\\\/ibak\\\/#listItem\",\"position\":3,\"name\":\"IBAK\",\"item\":\"https:\\\/\\\/enermak.com\\\/en\\\/brand\\\/ibak\\\/\",\"nextItem\":{\"@type\":\"ListItem\",\"@id\":\"https:\\\/\\\/enermak.com\\\/en\\\/urunler\\\/ibak-ust-duzey-sistem-hd-kanal-kamerasi\\\/#listItem\",\"name\":\"IBAK &#8211; Full hd kanal kameras\\u0131\"},\"previousItem\":{\"@type\":\"ListItem\",\"@id\":\"https:\\\/\\\/enermak.com\\\/en\\\/urunler\\\/#listItem\",\"name\":\"\\u00dcr\\u00fcnler\"}},{\"@type\":\"ListItem\",\"@id\":\"https:\\\/\\\/enermak.com\\\/en\\\/urunler\\\/ibak-ust-duzey-sistem-hd-kanal-kamerasi\\\/#listItem\",\"position\":4,\"name\":\"IBAK &#8211; Full hd kanal kameras\\u0131\",\"previousItem\":{\"@type\":\"ListItem\",\"@id\":\"https:\\\/\\\/enermak.com\\\/en\\\/brand\\\/ibak\\\/#listItem\",\"name\":\"IBAK\"}}]},{\"@type\":\"Organization\",\"@id\":\"https:\\\/\\\/enermak.com\\\/en\\\/#organization\",\"name\":\"Enermak Enerji\",\"description\":\"Yeralt\\u0131ndan Haberler\",\"url\":\"https:\\\/\\\/enermak.com\\\/en\\\/\",\"telephone\":\"+903123851102\",\"logo\":{\"@type\":\"ImageObject\",\"url\":\"https:\\\/\\\/enermak.com\\\/wp-content\\\/uploads\\\/2022\\\/03\\\/logo-tr-1.png\",\"@id\":\"https:\\\/\\\/enermak.com\\\/en\\\/urunler\\\/ibak-ust-duzey-sistem-hd-kanal-kamerasi\\\/#organizationLogo\"},\"image\":{\"@id\":\"https:\\\/\\\/enermak.com\\\/en\\\/urunler\\\/ibak-ust-duzey-sistem-hd-kanal-kamerasi\\\/#organizationLogo\"},\"sameAs\":[\"https:\\\/\\\/www.facebook.com\\\/YERALTINDANHABERLER\\\/\",\"https:\\\/\\\/twitter.com\\\/enerjienermak\",\"https:\\\/\\\/www.instagram.com\\\/enermakenerji\\\/\",\"https:\\\/\\\/www.youtube.com\\\/c\\\/EnermakEnerji\",\"https:\\\/\\\/www.linkedin.com\\\/in\\\/enermak\"]},{\"@type\":\"WebPage\",\"@id\":\"https:\\\/\\\/enermak.com\\\/en\\\/urunler\\\/ibak-ust-duzey-sistem-hd-kanal-kamerasi\\\/#webpage\",\"url\":\"https:\\\/\\\/enermak.com\\\/en\\\/urunler\\\/ibak-ust-duzey-sistem-hd-kanal-kamerasi\\\/\",\"name\":\"IBAK \\u2013 Full hd kanal kameras\\u0131 - Enermak Enerji\",\"description\":\"Kanal kameras\\u0131 ile i\\u015finizi kolayla\\u015ft\\u0131r\\u0131n ve profesy\\u00f6nelli\\u011fnizi bir ad\\u0131m ileri ta\\u015f\\u0131y\\u0131n. Bir \\u00e7ok \\u00fcr\\u00fcn Enermak Enerji de sizleri bekliyor.hd kanal kameras\\u0131\",\"inLanguage\":\"en-US\",\"isPartOf\":{\"@id\":\"https:\\\/\\\/enermak.com\\\/en\\\/#website\"},\"breadcrumb\":{\"@id\":\"https:\\\/\\\/enermak.com\\\/en\\\/urunler\\\/ibak-ust-duzey-sistem-hd-kanal-kamerasi\\\/#breadcrumblist\"},\"image\":{\"@type\":\"ImageObject\",\"url\":\"https:\\\/\\\/enermak.com\\\/wp-content\\\/uploads\\\/2022\\\/05\\\/IBAK-Ust-Duzey-Sistemi1.png\",\"@id\":\"https:\\\/\\\/enermak.com\\\/en\\\/urunler\\\/ibak-ust-duzey-sistem-hd-kanal-kamerasi\\\/#mainImage\",\"width\":387,\"height\":260,\"caption\":\"Full hd kanal kameras\\u0131\"},\"primaryImageOfPage\":{\"@id\":\"https:\\\/\\\/enermak.com\\\/en\\\/urunler\\\/ibak-ust-duzey-sistem-hd-kanal-kamerasi\\\/#mainImage\"},\"datePublished\":\"2022-05-06T09:50:56+03:00\",\"dateModified\":\"2026-02-18T15:10:44+03:00\"},{\"@type\":\"WebSite\",\"@id\":\"https:\\\/\\\/enermak.com\\\/en\\\/#website\",\"url\":\"https:\\\/\\\/enermak.com\\\/en\\\/\",\"name\":\"Enermak Enerji\",\"alternateName\":\"Yeralt\\u0131ndan Haberler\",\"description\":\"Yeralt\\u0131ndan Haberler\",\"inLanguage\":\"en-US\",\"publisher\":{\"@id\":\"https:\\\/\\\/enermak.com\\\/en\\\/#organization\"}}]}\n\t\t<\/script>\n\t\t<!-- All in One SEO Pro -->\r\n\t\t<title>IBAK \u2013 Full hd kanal kameras\u0131 - Enermak Enerji<\/title>\n\n","aioseo_head_json":{"title":"IBAK \u2013 Full hd kanal kameras\u0131 - Enermak Enerji","description":"Kanal kameras\u0131 ile i\u015finizi kolayla\u015ft\u0131r\u0131n ve profesy\u00f6nelli\u011fnizi bir ad\u0131m ileri ta\u015f\u0131y\u0131n. Bir \u00e7ok \u00fcr\u00fcn Enermak Enerji de sizleri bekliyor.hd kanal kameras\u0131","canonical_url":"https:\/\/enermak.com\/en\/urunler\/ibak-ust-duzey-sistem-hd-kanal-kamerasi\/","robots":"max-snippet:-1, max-image-preview:large, max-video-preview:-1","keywords":"","webmasterTools":{"yandex-verification":"yandex-verification: 61c39bc218eec6a9","miscellaneous":""},"schema":{"@context":"https:\/\/schema.org","@graph":[{"@type":"BreadcrumbList","@id":"https:\/\/enermak.com\/en\/urunler\/ibak-ust-duzey-sistem-hd-kanal-kamerasi\/#breadcrumblist","itemListElement":[{"@type":"ListItem","@id":"https:\/\/enermak.com\/en#listItem","position":1,"name":"Home","item":"https:\/\/enermak.com\/en","nextItem":{"@type":"ListItem","@id":"https:\/\/enermak.com\/en\/urunler\/#listItem","name":"\u00dcr\u00fcnler"}},{"@type":"ListItem","@id":"https:\/\/enermak.com\/en\/urunler\/#listItem","position":2,"name":"\u00dcr\u00fcnler","item":"https:\/\/enermak.com\/en\/urunler\/","nextItem":{"@type":"ListItem","@id":"https:\/\/enermak.com\/en\/brand\/ibak\/#listItem","name":"IBAK"},"previousItem":{"@type":"ListItem","@id":"https:\/\/enermak.com\/en#listItem","name":"Home"}},{"@type":"ListItem","@id":"https:\/\/enermak.com\/en\/brand\/ibak\/#listItem","position":3,"name":"IBAK","item":"https:\/\/enermak.com\/en\/brand\/ibak\/","nextItem":{"@type":"ListItem","@id":"https:\/\/enermak.com\/en\/urunler\/ibak-ust-duzey-sistem-hd-kanal-kamerasi\/#listItem","name":"IBAK &#8211; Full hd kanal kameras\u0131"},"previousItem":{"@type":"ListItem","@id":"https:\/\/enermak.com\/en\/urunler\/#listItem","name":"\u00dcr\u00fcnler"}},{"@type":"ListItem","@id":"https:\/\/enermak.com\/en\/urunler\/ibak-ust-duzey-sistem-hd-kanal-kamerasi\/#listItem","position":4,"name":"IBAK &#8211; Full hd kanal kameras\u0131","previousItem":{"@type":"ListItem","@id":"https:\/\/enermak.com\/en\/brand\/ibak\/#listItem","name":"IBAK"}}]},{"@type":"Organization","@id":"https:\/\/enermak.com\/en\/#organization","name":"Enermak Enerji","description":"Yeralt\u0131ndan Haberler","url":"https:\/\/enermak.com\/en\/","telephone":"+903123851102","logo":{"@type":"ImageObject","url":"https:\/\/enermak.com\/wp-content\/uploads\/2022\/03\/logo-tr-1.png","@id":"https:\/\/enermak.com\/en\/urunler\/ibak-ust-duzey-sistem-hd-kanal-kamerasi\/#organizationLogo"},"image":{"@id":"https:\/\/enermak.com\/en\/urunler\/ibak-ust-duzey-sistem-hd-kanal-kamerasi\/#organizationLogo"},"sameAs":["https:\/\/www.facebook.com\/YERALTINDANHABERLER\/","https:\/\/twitter.com\/enerjienermak","https:\/\/www.instagram.com\/enermakenerji\/","https:\/\/www.youtube.com\/c\/EnermakEnerji","https:\/\/www.linkedin.com\/in\/enermak"]},{"@type":"WebPage","@id":"https:\/\/enermak.com\/en\/urunler\/ibak-ust-duzey-sistem-hd-kanal-kamerasi\/#webpage","url":"https:\/\/enermak.com\/en\/urunler\/ibak-ust-duzey-sistem-hd-kanal-kamerasi\/","name":"IBAK \u2013 Full hd kanal kameras\u0131 - Enermak Enerji","description":"Kanal kameras\u0131 ile i\u015finizi kolayla\u015ft\u0131r\u0131n ve profesy\u00f6nelli\u011fnizi bir ad\u0131m ileri ta\u015f\u0131y\u0131n. Bir \u00e7ok \u00fcr\u00fcn Enermak Enerji de sizleri bekliyor.hd kanal kameras\u0131","inLanguage":"en-US","isPartOf":{"@id":"https:\/\/enermak.com\/en\/#website"},"breadcrumb":{"@id":"https:\/\/enermak.com\/en\/urunler\/ibak-ust-duzey-sistem-hd-kanal-kamerasi\/#breadcrumblist"},"image":{"@type":"ImageObject","url":"https:\/\/enermak.com\/wp-content\/uploads\/2022\/05\/IBAK-Ust-Duzey-Sistemi1.png","@id":"https:\/\/enermak.com\/en\/urunler\/ibak-ust-duzey-sistem-hd-kanal-kamerasi\/#mainImage","width":387,"height":260,"caption":"Full hd kanal kameras\u0131"},"primaryImageOfPage":{"@id":"https:\/\/enermak.com\/en\/urunler\/ibak-ust-duzey-sistem-hd-kanal-kamerasi\/#mainImage"},"datePublished":"2022-05-06T09:50:56+03:00","dateModified":"2026-02-18T15:10:44+03:00"},{"@type":"WebSite","@id":"https:\/\/enermak.com\/en\/#website","url":"https:\/\/enermak.com\/en\/","name":"Enermak Enerji","alternateName":"Yeralt\u0131ndan Haberler","description":"Yeralt\u0131ndan Haberler","inLanguage":"en-US","publisher":{"@id":"https:\/\/enermak.com\/en\/#organization"}}]},"og:locale":"en_US","og:site_name":"Enermak Enerji - Yeralt\u0131ndan Haberler","og:type":"article","og:title":"IBAK \u2013 Full hd kanal kameras\u0131 - Enermak Enerji","og:description":"Kanal kameras\u0131 ile i\u015finizi kolayla\u015ft\u0131r\u0131n ve profesy\u00f6nelli\u011fnizi bir ad\u0131m ileri ta\u015f\u0131y\u0131n. Bir \u00e7ok \u00fcr\u00fcn Enermak Enerji de sizleri bekliyor.hd kanal kameras\u0131","og:url":"https:\/\/enermak.com\/en\/urunler\/ibak-ust-duzey-sistem-hd-kanal-kamerasi\/","og:image":"https:\/\/enermak.com\/wp-content\/uploads\/2022\/03\/logo-tr-1.png","og:image:secure_url":"https:\/\/enermak.com\/wp-content\/uploads\/2022\/03\/logo-tr-1.png","article:published_time":"2022-05-06T06:50:56+00:00","article:modified_time":"2026-02-18T12:10:44+00:00","article:publisher":"https:\/\/www.facebook.com\/YERALTINDANHABERLER\/","twitter:card":"summary_large_image","twitter:site":"@enerjienermak","twitter:title":"IBAK \u2013 Full hd kanal kameras\u0131 - Enermak Enerji","twitter:description":"Kanal kameras\u0131 ile i\u015finizi kolayla\u015ft\u0131r\u0131n ve profesy\u00f6nelli\u011fnizi bir ad\u0131m ileri ta\u015f\u0131y\u0131n. Bir \u00e7ok \u00fcr\u00fcn Enermak Enerji de sizleri bekliyor.hd kanal kameras\u0131","twitter:image":"https:\/\/enermak.com\/wp-content\/uploads\/2022\/03\/logo-tr-1.png"},"aioseo_meta_data":{"post_id":"9792","title":null,"description":"Kanal kameras\u0131 ile i\u015finizi kolayla\u015ft\u0131r\u0131n ve profesy\u00f6nelli\u011fnizi bir ad\u0131m ileri ta\u015f\u0131y\u0131n. Bir \u00e7ok \u00fcr\u00fcn Enermak Enerji de sizleri bekliyor.hd kanal kameras\u0131","keywords":null,"keyphrases":{"focus":{"keyphrase":"hd kanal kameras\u0131","analysis":{"keyphraseInTitle":{"score":9,"maxScore":9,"error":0},"keyphraseInDescription":{"score":9,"maxScore":9,"error":0},"keyphraseLength":{"score":9,"maxScore":9,"error":0,"length":3},"keyphraseInURL":{"score":5,"maxScore":5,"error":0},"keyphraseInIntroduction":{"score":3,"maxScore":9,"error":1},"keyphraseInSubHeadings":{"score":9,"maxScore":9,"error":0},"keyphraseInImageAlt":[],"keywordDensity":{"type":"best","score":9,"maxScore":9,"error":0}},"score":90},"additional":[]},"primary_term":null,"canonical_url":null,"og_title":null,"og_description":null,"og_object_type":"default","og_image_type":"default","og_image_url":null,"og_image_width":null,"og_image_height":null,"og_image_custom_url":null,"og_image_custom_fields":null,"og_video":"","og_custom_url":null,"og_article_section":null,"og_article_tags":null,"twitter_use_og":false,"twitter_card":"default","twitter_image_type":"default","twitter_image_url":null,"twitter_image_custom_url":null,"twitter_image_custom_fields":null,"twitter_title":null,"twitter_description":null,"schema":{"blockGraphs":[],"customGraphs":[],"default":{"data":{"Article":[],"Course":[],"Dataset":[],"FAQPage":[],"Movie":[],"Person":[],"Product":[],"ProductReview":[],"Car":[],"Recipe":[],"Service":[],"SoftwareApplication":[],"WebPage":[]},"graphName":"ItemPage","isEnabled":false},"graphs":[]},"schema_type":"default","schema_type_options":null,"pillar_content":false,"robots_default":false,"robots_noindex":false,"robots_noarchive":false,"robots_nosnippet":false,"robots_nofollow":false,"robots_noimageindex":false,"robots_noodp":false,"robots_notranslate":false,"robots_max_snippet":"-1","robots_max_videopreview":"-1","robots_max_imagepreview":"large","priority":null,"frequency":"default","local_seo":null,"seo_analyzer_scan_date":"2026-02-18 12:46:42","breadcrumb_settings":null,"limit_modified_date":false,"reviewed_by":null,"open_ai":"{\"title\":{\"suggestions\":[],\"usage\":0},\"description\":{\"suggestions\":[],\"usage\":0}}","ai":{"faqs":[],"keyPoints":[],"titles":[],"descriptions":[],"socialPosts":{"email":[],"linkedin":[],"twitter":[],"facebook":[],"instagram":[]}},"created":"2022-09-12 10:38:37","updated":"2026-02-18 12:46:42"},"aioseo_breadcrumb":"<div class=\"aioseo-breadcrumbs\"><span class=\"aioseo-breadcrumb\">\n\t<a href=\"https:\/\/enermak.com\/en\" title=\"Home\">Home<\/a>\n<\/span><span class=\"aioseo-breadcrumb-separator\">\u00bb<\/span><span class=\"aioseo-breadcrumb\">\n\t<a href=\"https:\/\/enermak.com\/en\/urunler\/\" title=\"\u00dcr\u00fcnler\">\u00dcr\u00fcnler<\/a>\n<\/span><span class=\"aioseo-breadcrumb-separator\">\u00bb<\/span><span class=\"aioseo-breadcrumb\">\n\t<a href=\"https:\/\/enermak.com\/en\/brand\/ibak\/\" title=\"IBAK\">IBAK<\/a>\n<\/span><span class=\"aioseo-breadcrumb-separator\">\u00bb<\/span><span class=\"aioseo-breadcrumb\">\n\tIBAK \u2013 Full hd kanal kameras\u0131\n<\/span><\/div>","aioseo_breadcrumb_json":[{"label":"Home","link":"https:\/\/enermak.com\/en"},{"label":"\u00dcr\u00fcnler","link":"https:\/\/enermak.com\/en\/urunler\/"},{"label":"IBAK","link":"https:\/\/enermak.com\/en\/brand\/ibak\/"},{"label":"IBAK &#8211; Full hd kanal kameras\u0131","link":"https:\/\/enermak.com\/en\/urunler\/ibak-ust-duzey-sistem-hd-kanal-kamerasi\/"}],"_links":{"self":[{"href":"https:\/\/enermak.com\/en\/wp-json\/wp\/v2\/product\/9792","targetHints":{"allow":["GET"]}}],"collection":[{"href":"https:\/\/enermak.com\/en\/wp-json\/wp\/v2\/product"}],"about":[{"href":"https:\/\/enermak.com\/en\/wp-json\/wp\/v2\/types\/product"}],"version-history":[{"count":0,"href":"https:\/\/enermak.com\/en\/wp-json\/wp\/v2\/product\/9792\/revisions"}],"wp:featuredmedia":[{"embeddable":true,"href":"https:\/\/enermak.com\/en\/wp-json\/wp\/v2\/media\/9793"}],"wp:attachment":[{"href":"https:\/\/enermak.com\/en\/wp-json\/wp\/v2\/media?parent=9792"}],"wp:term":[{"taxonomy":"product_brand","embeddable":true,"href":"https:\/\/enermak.com\/en\/wp-json\/wp\/v2\/product_brand?post=9792"},{"taxonomy":"product_cat","embeddable":true,"href":"https:\/\/enermak.com\/en\/wp-json\/wp\/v2\/product_cat?post=9792"},{"taxonomy":"product_tag","embeddable":true,"href":"https:\/\/enermak.com\/en\/wp-json\/wp\/v2\/product_tag?post=9792"},{"taxonomy":"product_brands","embeddable":true,"href":"https:\/\/enermak.com\/en\/wp-json\/wp\/v2\/product_brands?post=9792"}],"curies":[{"name":"wp","href":"https:\/\/api.w.org\/{rel}","templated":true}]}}