{"id":9786,"date":"2022-05-06T09:48:52","date_gmt":"2022-05-06T06:48:52","guid":{"rendered":"http:\/\/isimmedya.com\/?post_type=product&#038;p=9786"},"modified":"2026-02-18T15:10:50","modified_gmt":"2026-02-18T12:10:50","slug":"ibak-jetting-tv-sistemi-ev-baglanti-sistemi","status":"publish","type":"product","link":"https:\/\/enermak.com\/en\/urunler\/ibak-jetting-tv-sistemi-ev-baglanti-sistemi\/","title":{"rendered":"IBAK &#8211; Jetting TV Sistemi (Ev Ba\u011flant\u0131 Sistemi)"},"content":{"rendered":"<h2>IBAK &#8211; Jetting TV Sistemi (Ev Ba\u011flant\u0131 Sistemi)<\/h2>\n<p>Kombine bir temizleme kontrol arac\u0131na monte edilen bu sistem, ana kanaldan ev ba\u011flant\u0131s\u0131 denetimi i\u00e7in en uygun ko\u015fullar\u0131 sa\u011flar.<\/p>\n<p>Mod\u00fcler IBAK tasar\u0131m\u0131 nedeniyle, Lisy 3 eklenti mod\u00fcl\u00fc bir uydu sistemi olu\u015fturmak i\u00e7in T76 trakt\u00f6r\u00fcyle birle\u015ftirilebilir.\u00a0Tek bir i\u015flemde temizleme ve inceleme i\u00e7in, itme \u00e7ubu\u011funa bir PHOBOS durulama nozulu eklenebilir.\u00a0IKAS evrim yaz\u0131l\u0131m\u0131n\u0131n ve kamera i\u00e7ine yerle\u015ftirilmi\u015f bir sens\u00f6r\u00fcn deste\u011fiyle, yeni 3D GeoSense, xyz eksenindeki boru ak\u0131\u015f\u0131n\u0131 \u00f6l\u00e7mek i\u00e7in kullan\u0131labilir.\u00a0Z ekseninin \u00f6l\u00e7\u00fcm do\u011frulu\u011fu, ayn\u0131 zamanda opsiyonel olarak bir su jeti TV arac\u0131na da ba\u011flanabilen hidrostatik altimetre taraf\u0131ndan da desteklenir.<\/p>\n<p>Ev Ba\u011flant\u0131 Sistemi; Tek bir i\u015flemde temizleme ve inceleme i\u00e7in, kamera ve itme \u00e7ubu\u011fu aras\u0131na bir PHOBOS 3D temizleme ba\u015fl\u0131\u011f\u0131 eklenebilir. IKAS evrim yaz\u0131l\u0131m\u0131n\u0131n ve kamera i\u00e7ine yerle\u015ftirilmi\u015f bir sens\u00f6r\u00fcn deste\u011fiyle, yeni 3D GeoSense, xyz eksenindeki boru ak\u0131\u015f\u0131n\u0131 \u00f6l\u00e7mek i\u00e7in kullan\u0131labilir.<\/p>","protected":false},"excerpt":{"rendered":"<h3>IBAK<\/h3>\n<h4>IBAK &#8211; Jetting TV Sistemi (Ev Ba\u011flant\u0131 Sistemi)<\/h4>\n<p>Kombine bir temizleme kontrol arac\u0131na monte edilen bu sistem, ana kanaldan ev ba\u011flant\u0131s\u0131 denetimi i\u00e7in en uygun ko\u015fullar\u0131 sa\u011flar.<\/p>","protected":false},"featured_media":9787,"template":"","meta":{"_bst_post_transparent":"default","_bst_post_title":"","_bst_post_layout":"default","_bst_post_sidebar_id":"","_bst_post_content_style":"default","_bst_post_vertical_padding":"default","_bst_post_feature":"","_bst_post_feature_position":"","_bst_post_header":false,"_bst_post_footer":false},"product_brand":[2001],"product_cat":[157],"product_tag":[313,195,202,197,1264,1263,1265,248],"product_brands":[],"class_list":{"0":"post-9786","1":"product","2":"type-product","3":"status-publish","4":"has-post-thumbnail","6":"product_brand-ibak","7":"product_cat-kanal-goruntuleme","8":"product_tag-geosense","9":"product_tag-ibak","10":"product_tag-ikas","11":"product_tag-kanal-goruntuleme","12":"product_tag-kanal-goruntuleme-cihazi","13":"product_tag-kanal-goruntuleme-kamerasi","14":"product_tag-kanal-kemarasi","15":"product_tag-lisy-3","17":"first","18":"instock","19":"shipping-taxable","20":"product-type-simple","21":"entry","22":"content-bg","23":"loop-entry"},"aioseo_notices":[],"_links":{"self":[{"href":"https:\/\/enermak.com\/en\/wp-json\/wp\/v2\/product\/9786","targetHints":{"allow":["GET"]}}],"collection":[{"href":"https:\/\/enermak.com\/en\/wp-json\/wp\/v2\/product"}],"about":[{"href":"https:\/\/enermak.com\/en\/wp-json\/wp\/v2\/types\/product"}],"version-history":[{"count":0,"href":"https:\/\/enermak.com\/en\/wp-json\/wp\/v2\/product\/9786\/revisions"}],"wp:featuredmedia":[{"embeddable":true,"href":"https:\/\/enermak.com\/en\/wp-json\/wp\/v2\/media\/9787"}],"wp:attachment":[{"href":"https:\/\/enermak.com\/en\/wp-json\/wp\/v2\/media?parent=9786"}],"wp:term":[{"taxonomy":"product_brand","embeddable":true,"href":"https:\/\/enermak.com\/en\/wp-json\/wp\/v2\/product_brand?post=9786"},{"taxonomy":"product_cat","embeddable":true,"href":"https:\/\/enermak.com\/en\/wp-json\/wp\/v2\/product_cat?post=9786"},{"taxonomy":"product_tag","embeddable":true,"href":"https:\/\/enermak.com\/en\/wp-json\/wp\/v2\/product_tag?post=9786"},{"taxonomy":"product_brands","embeddable":true,"href":"https:\/\/enermak.com\/en\/wp-json\/wp\/v2\/product_brands?post=9786"}],"curies":[{"name":"wp","href":"https:\/\/api.w.org\/{rel}","templated":true}]}}