{"id":9534,"date":"2022-05-05T16:24:06","date_gmt":"2022-05-05T13:24:06","guid":{"rendered":"http:\/\/isimmedya.com\/?post_type=product&#038;p=9534"},"modified":"2026-02-18T15:12:46","modified_gmt":"2026-02-18T12:12:46","slug":"conquest-100-el-tipi-gpr","status":"publish","type":"product","link":"https:\/\/enermak.com\/en\/urunler\/conquest-100-el-tipi-gpr\/","title":{"rendered":"CONQUEST 100 Beton Taray\u0131c\u0131"},"content":{"rendered":"<h2 class=\"wp-block-heading has-medium-font-size\"><span style=\"color: #000000;\"><strong>CONQUEST 100 El Tipi GPR Beton Tarama Radar\u0131<\/strong><\/span><\/h2>\n<p><span style=\"color: #000000;\">GPR, kesme veya karot alma i\u015fleminden \u00f6nce betondaki nesnelerin g\u00f6r\u00fcnt\u00fclenmesi i\u00e7in kabul edilen ve rutin olarak kullan\u0131lan tahribats\u0131z bir y\u00f6ntemdir.<\/span><\/p>\n<p><span style=\"color: #000000;\"><strong>Hasar \u00d6nleme ve G\u00fcvenlik<\/strong><\/span><\/p>\n<p><span style=\"color: #000000;\"><strong>Kesme ve karot alma i\u015fleminden \u00f6nce hasar\u0131 \u00f6nlemek i\u00e7in i\u015finize GPR eklemek faydal\u0131d\u0131r \u00e7\u00fcnk\u00fc:<\/strong><\/span><\/p>\n<p><span style=\"color: #000000;\">\u2705 Yap\u0131sal bile\u015fenlerin kesilmesi yap\u0131n\u0131n b\u00fct\u00fcnl\u00fc\u011f\u00fcn\u00fc azaltabilir<\/span><br \/>\n<span style=\"color: #000000;\">\u2705 G\u00f6m\u00fcl\u00fc bir kanal\u0131n, gaz borusunun veya germe kablosunun kesilmesi hayatlara mal olabilir<\/span><br \/>\n<span style=\"color: #000000;\">\u2705 Bunu yapmamak, firman\u0131z\u0131 ve m\u00fc\u015fterilerinizi hasar iddialar\u0131na ve potansiyel g\u00fcvenlik tehlikelerine a\u00e7ar.<\/span><br \/>\n<span style=\"color: #000000;\">\u2705 Beton zemin i\u00e7in d\u00f6\u015feme taramas\u0131<\/span><\/p>\n<p>&nbsp;<\/p>\n<h2 class=\"wp-block-heading has-medium-font-size\"><span style=\"color: #000000;\"><strong> El Tipi GPR<\/strong><\/span><\/h2>\n<p><span style=\"color: #000000;\">\u2705 \u0130n\u015faat demiri<\/span><br \/>\n<span style=\"color: #000000;\">\u2705 Ard germe kablolar\u0131<\/span><br \/>\n<span style=\"color: #000000;\">\u2705 Metalik ve metalik olmayan borular ve kanallar<\/span><br \/>\n<span style=\"color: #000000;\">\u2705 Tel \u00f6rg\u00fc<\/span><br \/>\n<span style=\"color: #000000;\">\u2705 Borular\u0131n (plastik ve metalik) ve yerden \u0131s\u0131tma hatlar\u0131n\u0131n betona veya bir d\u00f6\u015femenin hemen alt\u0131na yerle\u015ftirilmesi<\/span><br \/>\n<span style=\"color: #000000;\">\u2705 G\u00f6mmelerin kapak derinli\u011fini \u00f6l\u00e7\u00fcn<\/span><br \/>\n<span style=\"color: #000000;\">\u2705 \u0130n\u015faat demiri ve in\u015faat demiri desenlerini e\u015fleyin<\/span><br \/>\n<span style=\"color: #000000;\">\u2705 D\u00f6\u015feme kal\u0131nl\u0131\u011f\u0131n\u0131 \u00f6l\u00e7\u00fcn<\/span><br \/>\n<span style=\"color: #000000;\">\u2705 D\u00f6\u015femenin alt\u0131ndaki bo\u015fluklar\u0131 ve bo\u015fluklar\u0131 alg\u0131lama<\/span><\/p>","protected":false},"excerpt":{"rendered":"<h2><span style=\"color: #000000;\"><strong>CONQUEST 100 Beton Taray\u0131c\u0131<\/strong><\/span><\/h2>\n<p><span style=\"color: #000000;\">GPR, kesme veya karot alma i\u015fleminden \u00f6nce betondaki nesnelerin g\u00f6r\u00fcnt\u00fclenmesi i\u00e7in kabul edilen ve rutin olarak kullan\u0131lan tahribats\u0131z bir y\u00f6ntemdir.<\/span><\/p>\n<p><span style=\"color: #000000;\"><strong>Hasar \u00d6nleme ve G\u00fcvenlik<\/strong><\/span><\/p>\n<p><span style=\"color: #000000;\"><strong>Kesme ve karot alma i\u015fleminden \u00f6nce hasar\u0131 \u00f6nlemek i\u00e7in i\u015finize GPR eklemek faydal\u0131d\u0131r \u00e7\u00fcnk\u00fc:<\/strong><\/span><\/p>\n<p><span style=\"color: #000000;\">\u2705 Yap\u0131sal bile\u015fenlerin kesilmesi yap\u0131n\u0131n b\u00fct\u00fcnl\u00fc\u011f\u00fcn\u00fc azaltabilir<\/span><br \/>\n<span style=\"color: #000000;\">\u2705 G\u00f6m\u00fcl\u00fc bir kanal\u0131n, gaz borusunun veya germe kablosunun kesilmesi hayatlara mal olabilir<\/span><br \/>\n<span style=\"color: #000000;\">\u2705 Bunu yapmamak, firman\u0131z\u0131 ve m\u00fc\u015fterilerinizi hasar iddialar\u0131na ve potansiyel g\u00fcvenlik tehlikelerine a\u00e7ar.<\/span><\/p>","protected":false},"featured_media":35138,"template":"","meta":{"_bst_post_transparent":"default","_bst_post_title":"","_bst_post_layout":"default","_bst_post_sidebar_id":"","_bst_post_content_style":"default","_bst_post_vertical_padding":"default","_bst_post_feature":"","_bst_post_feature_position":"","_bst_post_header":false,"_bst_post_footer":false},"product_brand":[2004],"product_cat":[155],"product_tag":[415,1358,399,416,409],"product_brands":[],"class_list":{"0":"post-9534","1":"product","2":"type-product","3":"status-publish","4":"has-post-thumbnail","6":"product_brand-sensor_software","7":"product_cat-yeralti-radarlari-gpr","8":"product_tag-conquest-100","9":"product_tag-el-tipi-gpr","10":"product_tag-gpr","11":"product_tag-insaat-demiri","12":"product_tag-yeralti-radari","14":"first","15":"instock","16":"shipping-taxable","17":"product-type-simple","18":"entry","19":"content-bg","20":"loop-entry"},"aioseo_notices":[],"aioseo_head":"\n\t\t<!-- All in One SEO Pro 4.9.6.2 - aioseo.com -->\n\t<meta name=\"description\" content=\"Altyap\u0131 ve \u015febeke tespitinde kullanabilece\u011finiz, profesy\u00f6nelli\u011finizi bir ad\u0131m ileri ta\u015f\u0131yacak bir \u00e7ok \u00fcr\u00fcn Enermak Enerji&#039;de.El Tipi GPR\" \/>\n\t<meta name=\"robots\" content=\"max-snippet:-1, max-image-preview:large, max-video-preview:-1\" \/>\n\t<meta name=\"yandex-verification\" content=\"yandex-verification: 61c39bc218eec6a9\" \/>\n\t<link rel=\"canonical\" href=\"https:\/\/enermak.com\/en\/urunler\/conquest-100-el-tipi-gpr\/\" \/>\n\t<meta name=\"generator\" content=\"All in One SEO Pro (AIOSEO) 4.9.6.2\" \/>\n\t\t<meta property=\"og:locale\" content=\"en_US\" \/>\n\t\t<meta property=\"og:site_name\" content=\"Enermak Enerji - Yeralt\u0131ndan Haberler\" \/>\n\t\t<meta property=\"og:type\" content=\"article\" \/>\n\t\t<meta property=\"og:title\" content=\"CONQUEST 100 Beton Taray\u0131c\u0131 - Enermak Enerji\" \/>\n\t\t<meta property=\"og:description\" content=\"Altyap\u0131 ve \u015febeke tespitinde kullanabilece\u011finiz, profesy\u00f6nelli\u011finizi bir ad\u0131m ileri ta\u015f\u0131yacak bir \u00e7ok \u00fcr\u00fcn Enermak Enerji&#039;de.El Tipi GPR\" \/>\n\t\t<meta property=\"og:url\" content=\"https:\/\/enermak.com\/en\/urunler\/conquest-100-el-tipi-gpr\/\" \/>\n\t\t<meta property=\"og:image\" content=\"https:\/\/enermak.com\/wp-content\/uploads\/2022\/03\/logo-tr-1.png\" \/>\n\t\t<meta property=\"og:image:secure_url\" content=\"https:\/\/enermak.com\/wp-content\/uploads\/2022\/03\/logo-tr-1.png\" \/>\n\t\t<meta property=\"article:published_time\" content=\"2022-05-05T13:24:06+00:00\" \/>\n\t\t<meta property=\"article:modified_time\" content=\"2026-02-18T12:12:46+00:00\" \/>\n\t\t<meta property=\"article:publisher\" content=\"https:\/\/www.facebook.com\/YERALTINDANHABERLER\/\" \/>\n\t\t<meta name=\"twitter:card\" content=\"summary_large_image\" \/>\n\t\t<meta name=\"twitter:site\" content=\"@enerjienermak\" \/>\n\t\t<meta name=\"twitter:title\" content=\"CONQUEST 100 Beton Taray\u0131c\u0131 - Enermak Enerji\" \/>\n\t\t<meta name=\"twitter:description\" content=\"Altyap\u0131 ve \u015febeke tespitinde kullanabilece\u011finiz, profesy\u00f6nelli\u011finizi bir ad\u0131m ileri ta\u015f\u0131yacak bir \u00e7ok \u00fcr\u00fcn Enermak Enerji&#039;de.El Tipi GPR\" \/>\n\t\t<meta name=\"twitter:image\" content=\"https:\/\/enermak.com\/wp-content\/uploads\/2022\/03\/logo-tr-1.png\" \/>\n\t\t<script type=\"application\/ld+json\" class=\"aioseo-schema\">\n\t\t\t{\"@context\":\"https:\\\/\\\/schema.org\",\"@graph\":[{\"@type\":\"BreadcrumbList\",\"@id\":\"https:\\\/\\\/enermak.com\\\/en\\\/urunler\\\/conquest-100-el-tipi-gpr\\\/#breadcrumblist\",\"itemListElement\":[{\"@type\":\"ListItem\",\"@id\":\"https:\\\/\\\/enermak.com\\\/en#listItem\",\"position\":1,\"name\":\"Home\",\"item\":\"https:\\\/\\\/enermak.com\\\/en\",\"nextItem\":{\"@type\":\"ListItem\",\"@id\":\"https:\\\/\\\/enermak.com\\\/en\\\/urunler\\\/#listItem\",\"name\":\"\\u00dcr\\u00fcnler\"}},{\"@type\":\"ListItem\",\"@id\":\"https:\\\/\\\/enermak.com\\\/en\\\/urunler\\\/#listItem\",\"position\":2,\"name\":\"\\u00dcr\\u00fcnler\",\"item\":\"https:\\\/\\\/enermak.com\\\/en\\\/urunler\\\/\",\"nextItem\":{\"@type\":\"ListItem\",\"@id\":\"https:\\\/\\\/enermak.com\\\/en\\\/brand\\\/radiodetection\\\/#listItem\",\"name\":\"RADIODETECTION\"},\"previousItem\":{\"@type\":\"ListItem\",\"@id\":\"https:\\\/\\\/enermak.com\\\/en#listItem\",\"name\":\"Home\"}},{\"@type\":\"ListItem\",\"@id\":\"https:\\\/\\\/enermak.com\\\/en\\\/brand\\\/radiodetection\\\/#listItem\",\"position\":3,\"name\":\"RADIODETECTION\",\"item\":\"https:\\\/\\\/enermak.com\\\/en\\\/brand\\\/radiodetection\\\/\",\"nextItem\":{\"@type\":\"ListItem\",\"@id\":\"https:\\\/\\\/enermak.com\\\/en\\\/brand\\\/radiodetection\\\/sensor_software\\\/#listItem\",\"name\":\"SENSOR&amp;SOFTWARE\"},\"previousItem\":{\"@type\":\"ListItem\",\"@id\":\"https:\\\/\\\/enermak.com\\\/en\\\/urunler\\\/#listItem\",\"name\":\"\\u00dcr\\u00fcnler\"}},{\"@type\":\"ListItem\",\"@id\":\"https:\\\/\\\/enermak.com\\\/en\\\/brand\\\/radiodetection\\\/sensor_software\\\/#listItem\",\"position\":4,\"name\":\"SENSOR&amp;SOFTWARE\",\"item\":\"https:\\\/\\\/enermak.com\\\/en\\\/brand\\\/radiodetection\\\/sensor_software\\\/\",\"nextItem\":{\"@type\":\"ListItem\",\"@id\":\"https:\\\/\\\/enermak.com\\\/en\\\/urunler\\\/conquest-100-el-tipi-gpr\\\/#listItem\",\"name\":\"CONQUEST 100 Beton Taray\\u0131c\\u0131\"},\"previousItem\":{\"@type\":\"ListItem\",\"@id\":\"https:\\\/\\\/enermak.com\\\/en\\\/brand\\\/radiodetection\\\/#listItem\",\"name\":\"RADIODETECTION\"}},{\"@type\":\"ListItem\",\"@id\":\"https:\\\/\\\/enermak.com\\\/en\\\/urunler\\\/conquest-100-el-tipi-gpr\\\/#listItem\",\"position\":5,\"name\":\"CONQUEST 100 Beton Taray\\u0131c\\u0131\",\"previousItem\":{\"@type\":\"ListItem\",\"@id\":\"https:\\\/\\\/enermak.com\\\/en\\\/brand\\\/radiodetection\\\/sensor_software\\\/#listItem\",\"name\":\"SENSOR&amp;SOFTWARE\"}}]},{\"@type\":\"Organization\",\"@id\":\"https:\\\/\\\/enermak.com\\\/en\\\/#organization\",\"name\":\"Enermak Enerji\",\"description\":\"Yeralt\\u0131ndan Haberler\",\"url\":\"https:\\\/\\\/enermak.com\\\/en\\\/\",\"telephone\":\"+903123851102\",\"logo\":{\"@type\":\"ImageObject\",\"url\":\"https:\\\/\\\/enermak.com\\\/wp-content\\\/uploads\\\/2022\\\/03\\\/logo-tr-1.png\",\"@id\":\"https:\\\/\\\/enermak.com\\\/en\\\/urunler\\\/conquest-100-el-tipi-gpr\\\/#organizationLogo\"},\"image\":{\"@id\":\"https:\\\/\\\/enermak.com\\\/en\\\/urunler\\\/conquest-100-el-tipi-gpr\\\/#organizationLogo\"},\"sameAs\":[\"https:\\\/\\\/www.facebook.com\\\/YERALTINDANHABERLER\\\/\",\"https:\\\/\\\/twitter.com\\\/enerjienermak\",\"https:\\\/\\\/www.instagram.com\\\/enermakenerji\\\/\",\"https:\\\/\\\/www.youtube.com\\\/c\\\/EnermakEnerji\",\"https:\\\/\\\/www.linkedin.com\\\/in\\\/enermak\"]},{\"@type\":\"WebPage\",\"@id\":\"https:\\\/\\\/enermak.com\\\/en\\\/urunler\\\/conquest-100-el-tipi-gpr\\\/#webpage\",\"url\":\"https:\\\/\\\/enermak.com\\\/en\\\/urunler\\\/conquest-100-el-tipi-gpr\\\/\",\"name\":\"CONQUEST 100 Beton Taray\\u0131c\\u0131 - Enermak Enerji\",\"description\":\"Altyap\\u0131 ve \\u015febeke tespitinde kullanabilece\\u011finiz, profesy\\u00f6nelli\\u011finizi bir ad\\u0131m ileri ta\\u015f\\u0131yacak bir \\u00e7ok \\u00fcr\\u00fcn Enermak Enerji'de.El Tipi GPR\",\"inLanguage\":\"en-US\",\"isPartOf\":{\"@id\":\"https:\\\/\\\/enermak.com\\\/en\\\/#website\"},\"breadcrumb\":{\"@id\":\"https:\\\/\\\/enermak.com\\\/en\\\/urunler\\\/conquest-100-el-tipi-gpr\\\/#breadcrumblist\"},\"image\":{\"@type\":\"ImageObject\",\"url\":\"https:\\\/\\\/enermak.com\\\/wp-content\\\/uploads\\\/2022\\\/05\\\/CONQUEST-100-Beton-Tarayici.jpg\",\"@id\":\"https:\\\/\\\/enermak.com\\\/en\\\/urunler\\\/conquest-100-el-tipi-gpr\\\/#mainImage\",\"width\":735,\"height\":735,\"caption\":\"CONQUEST 100 Beton Taray\\u0131c\\u0131\"},\"primaryImageOfPage\":{\"@id\":\"https:\\\/\\\/enermak.com\\\/en\\\/urunler\\\/conquest-100-el-tipi-gpr\\\/#mainImage\"},\"datePublished\":\"2022-05-05T16:24:06+03:00\",\"dateModified\":\"2026-02-18T15:12:46+03:00\"},{\"@type\":\"WebSite\",\"@id\":\"https:\\\/\\\/enermak.com\\\/en\\\/#website\",\"url\":\"https:\\\/\\\/enermak.com\\\/en\\\/\",\"name\":\"Enermak Enerji\",\"alternateName\":\"Yeralt\\u0131ndan Haberler\",\"description\":\"Yeralt\\u0131ndan Haberler\",\"inLanguage\":\"en-US\",\"publisher\":{\"@id\":\"https:\\\/\\\/enermak.com\\\/en\\\/#organization\"}}]}\n\t\t<\/script>\n\t\t<!-- All in One SEO Pro -->\r\n\t\t<title>CONQUEST 100 Beton Taray\u0131c\u0131 - Enermak Enerji<\/title>\n\n","aioseo_head_json":{"title":"CONQUEST 100 Beton Taray\u0131c\u0131 - Enermak Enerji","description":"Altyap\u0131 ve \u015febeke tespitinde kullanabilece\u011finiz, profesy\u00f6nelli\u011finizi bir ad\u0131m ileri ta\u015f\u0131yacak bir \u00e7ok \u00fcr\u00fcn Enermak Enerji'de.El Tipi GPR","canonical_url":"https:\/\/enermak.com\/en\/urunler\/conquest-100-el-tipi-gpr\/","robots":"max-snippet:-1, max-image-preview:large, max-video-preview:-1","keywords":"","webmasterTools":{"yandex-verification":"yandex-verification: 61c39bc218eec6a9","miscellaneous":""},"schema":{"@context":"https:\/\/schema.org","@graph":[{"@type":"BreadcrumbList","@id":"https:\/\/enermak.com\/en\/urunler\/conquest-100-el-tipi-gpr\/#breadcrumblist","itemListElement":[{"@type":"ListItem","@id":"https:\/\/enermak.com\/en#listItem","position":1,"name":"Home","item":"https:\/\/enermak.com\/en","nextItem":{"@type":"ListItem","@id":"https:\/\/enermak.com\/en\/urunler\/#listItem","name":"\u00dcr\u00fcnler"}},{"@type":"ListItem","@id":"https:\/\/enermak.com\/en\/urunler\/#listItem","position":2,"name":"\u00dcr\u00fcnler","item":"https:\/\/enermak.com\/en\/urunler\/","nextItem":{"@type":"ListItem","@id":"https:\/\/enermak.com\/en\/brand\/radiodetection\/#listItem","name":"RADIODETECTION"},"previousItem":{"@type":"ListItem","@id":"https:\/\/enermak.com\/en#listItem","name":"Home"}},{"@type":"ListItem","@id":"https:\/\/enermak.com\/en\/brand\/radiodetection\/#listItem","position":3,"name":"RADIODETECTION","item":"https:\/\/enermak.com\/en\/brand\/radiodetection\/","nextItem":{"@type":"ListItem","@id":"https:\/\/enermak.com\/en\/brand\/radiodetection\/sensor_software\/#listItem","name":"SENSOR&amp;SOFTWARE"},"previousItem":{"@type":"ListItem","@id":"https:\/\/enermak.com\/en\/urunler\/#listItem","name":"\u00dcr\u00fcnler"}},{"@type":"ListItem","@id":"https:\/\/enermak.com\/en\/brand\/radiodetection\/sensor_software\/#listItem","position":4,"name":"SENSOR&amp;SOFTWARE","item":"https:\/\/enermak.com\/en\/brand\/radiodetection\/sensor_software\/","nextItem":{"@type":"ListItem","@id":"https:\/\/enermak.com\/en\/urunler\/conquest-100-el-tipi-gpr\/#listItem","name":"CONQUEST 100 Beton Taray\u0131c\u0131"},"previousItem":{"@type":"ListItem","@id":"https:\/\/enermak.com\/en\/brand\/radiodetection\/#listItem","name":"RADIODETECTION"}},{"@type":"ListItem","@id":"https:\/\/enermak.com\/en\/urunler\/conquest-100-el-tipi-gpr\/#listItem","position":5,"name":"CONQUEST 100 Beton Taray\u0131c\u0131","previousItem":{"@type":"ListItem","@id":"https:\/\/enermak.com\/en\/brand\/radiodetection\/sensor_software\/#listItem","name":"SENSOR&amp;SOFTWARE"}}]},{"@type":"Organization","@id":"https:\/\/enermak.com\/en\/#organization","name":"Enermak Enerji","description":"Yeralt\u0131ndan Haberler","url":"https:\/\/enermak.com\/en\/","telephone":"+903123851102","logo":{"@type":"ImageObject","url":"https:\/\/enermak.com\/wp-content\/uploads\/2022\/03\/logo-tr-1.png","@id":"https:\/\/enermak.com\/en\/urunler\/conquest-100-el-tipi-gpr\/#organizationLogo"},"image":{"@id":"https:\/\/enermak.com\/en\/urunler\/conquest-100-el-tipi-gpr\/#organizationLogo"},"sameAs":["https:\/\/www.facebook.com\/YERALTINDANHABERLER\/","https:\/\/twitter.com\/enerjienermak","https:\/\/www.instagram.com\/enermakenerji\/","https:\/\/www.youtube.com\/c\/EnermakEnerji","https:\/\/www.linkedin.com\/in\/enermak"]},{"@type":"WebPage","@id":"https:\/\/enermak.com\/en\/urunler\/conquest-100-el-tipi-gpr\/#webpage","url":"https:\/\/enermak.com\/en\/urunler\/conquest-100-el-tipi-gpr\/","name":"CONQUEST 100 Beton Taray\u0131c\u0131 - Enermak Enerji","description":"Altyap\u0131 ve \u015febeke tespitinde kullanabilece\u011finiz, profesy\u00f6nelli\u011finizi bir ad\u0131m ileri ta\u015f\u0131yacak bir \u00e7ok \u00fcr\u00fcn Enermak Enerji'de.El Tipi GPR","inLanguage":"en-US","isPartOf":{"@id":"https:\/\/enermak.com\/en\/#website"},"breadcrumb":{"@id":"https:\/\/enermak.com\/en\/urunler\/conquest-100-el-tipi-gpr\/#breadcrumblist"},"image":{"@type":"ImageObject","url":"https:\/\/enermak.com\/wp-content\/uploads\/2022\/05\/CONQUEST-100-Beton-Tarayici.jpg","@id":"https:\/\/enermak.com\/en\/urunler\/conquest-100-el-tipi-gpr\/#mainImage","width":735,"height":735,"caption":"CONQUEST 100 Beton Taray\u0131c\u0131"},"primaryImageOfPage":{"@id":"https:\/\/enermak.com\/en\/urunler\/conquest-100-el-tipi-gpr\/#mainImage"},"datePublished":"2022-05-05T16:24:06+03:00","dateModified":"2026-02-18T15:12:46+03:00"},{"@type":"WebSite","@id":"https:\/\/enermak.com\/en\/#website","url":"https:\/\/enermak.com\/en\/","name":"Enermak Enerji","alternateName":"Yeralt\u0131ndan Haberler","description":"Yeralt\u0131ndan Haberler","inLanguage":"en-US","publisher":{"@id":"https:\/\/enermak.com\/en\/#organization"}}]},"og:locale":"en_US","og:site_name":"Enermak Enerji - Yeralt\u0131ndan Haberler","og:type":"article","og:title":"CONQUEST 100 Beton Taray\u0131c\u0131 - Enermak Enerji","og:description":"Altyap\u0131 ve \u015febeke tespitinde kullanabilece\u011finiz, profesy\u00f6nelli\u011finizi bir ad\u0131m ileri ta\u015f\u0131yacak bir \u00e7ok \u00fcr\u00fcn Enermak Enerji'de.El Tipi GPR","og:url":"https:\/\/enermak.com\/en\/urunler\/conquest-100-el-tipi-gpr\/","og:image":"https:\/\/enermak.com\/wp-content\/uploads\/2022\/03\/logo-tr-1.png","og:image:secure_url":"https:\/\/enermak.com\/wp-content\/uploads\/2022\/03\/logo-tr-1.png","article:published_time":"2022-05-05T13:24:06+00:00","article:modified_time":"2026-02-18T12:12:46+00:00","article:publisher":"https:\/\/www.facebook.com\/YERALTINDANHABERLER\/","twitter:card":"summary_large_image","twitter:site":"@enerjienermak","twitter:title":"CONQUEST 100 Beton Taray\u0131c\u0131 - Enermak Enerji","twitter:description":"Altyap\u0131 ve \u015febeke tespitinde kullanabilece\u011finiz, profesy\u00f6nelli\u011finizi bir ad\u0131m ileri ta\u015f\u0131yacak bir \u00e7ok \u00fcr\u00fcn Enermak Enerji'de.El Tipi GPR","twitter:image":"https:\/\/enermak.com\/wp-content\/uploads\/2022\/03\/logo-tr-1.png"},"aioseo_meta_data":{"post_id":"9534","title":null,"description":"Altyap\u0131 ve \u015febeke tespitinde kullanabilece\u011finiz, profesy\u00f6nelli\u011finizi bir ad\u0131m ileri ta\u015f\u0131yacak bir \u00e7ok \u00fcr\u00fcn Enermak Enerji'de.El Tipi GPR","keywords":null,"keyphrases":{"focus":{"keyphrase":"El Tipi GPR","analysis":{"keyphraseInTitle":{"score":3,"maxScore":9,"error":1},"keyphraseInDescription":{"score":9,"maxScore":9,"error":0},"keyphraseLength":{"score":9,"maxScore":9,"error":0,"length":3},"keyphraseInURL":{"score":5,"maxScore":5,"error":0},"keyphraseInIntroduction":{"score":3,"maxScore":9,"error":1},"keyphraseInSubHeadings":{"score":3,"maxScore":9,"error":1},"keyphraseInImageAlt":[],"keywordDensity":{"type":"best","score":9,"maxScore":9,"error":0}},"score":69},"additional":[]},"primary_term":null,"canonical_url":null,"og_title":null,"og_description":null,"og_object_type":"default","og_image_type":"default","og_image_url":null,"og_image_width":null,"og_image_height":null,"og_image_custom_url":null,"og_image_custom_fields":null,"og_video":"","og_custom_url":null,"og_article_section":null,"og_article_tags":null,"twitter_use_og":false,"twitter_card":"default","twitter_image_type":"default","twitter_image_url":null,"twitter_image_custom_url":null,"twitter_image_custom_fields":null,"twitter_title":null,"twitter_description":null,"schema":{"blockGraphs":[],"customGraphs":[],"default":{"data":{"Article":[],"Course":[],"Dataset":[],"FAQPage":[],"Movie":[],"Person":[],"Product":[],"ProductReview":[],"Car":[],"Recipe":[],"Service":[],"SoftwareApplication":[],"WebPage":[]},"graphName":"ItemPage","isEnabled":false},"graphs":[]},"schema_type":"default","schema_type_options":null,"pillar_content":false,"robots_default":false,"robots_noindex":false,"robots_noarchive":false,"robots_nosnippet":false,"robots_nofollow":false,"robots_noimageindex":false,"robots_noodp":false,"robots_notranslate":false,"robots_max_snippet":"-1","robots_max_videopreview":"-1","robots_max_imagepreview":"large","priority":null,"frequency":"default","local_seo":null,"seo_analyzer_scan_date":"2026-02-18 12:48:12","breadcrumb_settings":null,"limit_modified_date":false,"reviewed_by":null,"open_ai":"{\"title\":{\"suggestions\":[],\"usage\":0},\"description\":{\"suggestions\":[],\"usage\":0}}","ai":{"faqs":[],"keyPoints":[],"titles":[],"descriptions":[],"socialPosts":{"email":[],"linkedin":[],"twitter":[],"facebook":[],"instagram":[]}},"created":"2022-09-12 10:38:57","updated":"2026-02-18 12:48:12"},"aioseo_breadcrumb":"<div class=\"aioseo-breadcrumbs\"><span class=\"aioseo-breadcrumb\">\n\t<a href=\"https:\/\/enermak.com\/en\" title=\"Home\">Home<\/a>\n<\/span><span class=\"aioseo-breadcrumb-separator\">\u00bb<\/span><span class=\"aioseo-breadcrumb\">\n\t<a href=\"https:\/\/enermak.com\/en\/urunler\/\" title=\"\u00dcr\u00fcnler\">\u00dcr\u00fcnler<\/a>\n<\/span><span class=\"aioseo-breadcrumb-separator\">\u00bb<\/span><span class=\"aioseo-breadcrumb\">\n\t<a href=\"https:\/\/enermak.com\/en\/brand\/radiodetection\/\" title=\"RADIODETECTION\">RADIODETECTION<\/a>\n<\/span><span class=\"aioseo-breadcrumb-separator\">\u00bb<\/span><span class=\"aioseo-breadcrumb\">\n\t<a href=\"https:\/\/enermak.com\/en\/brand\/radiodetection\/sensor_software\/\" title=\"SENSOR&amp;SOFTWARE\">SENSOR&amp;SOFTWARE<\/a>\n<\/span><span class=\"aioseo-breadcrumb-separator\">\u00bb<\/span><span class=\"aioseo-breadcrumb\">\n\tCONQUEST 100 Beton Taray\u0131c\u0131\n<\/span><\/div>","aioseo_breadcrumb_json":[{"label":"Home","link":"https:\/\/enermak.com\/en"},{"label":"\u00dcr\u00fcnler","link":"https:\/\/enermak.com\/en\/urunler\/"},{"label":"RADIODETECTION","link":"https:\/\/enermak.com\/en\/brand\/radiodetection\/"},{"label":"SENSOR&amp;SOFTWARE","link":"https:\/\/enermak.com\/en\/brand\/radiodetection\/sensor_software\/"},{"label":"CONQUEST 100 Beton Taray\u0131c\u0131","link":"https:\/\/enermak.com\/en\/urunler\/conquest-100-el-tipi-gpr\/"}],"_links":{"self":[{"href":"https:\/\/enermak.com\/en\/wp-json\/wp\/v2\/product\/9534","targetHints":{"allow":["GET"]}}],"collection":[{"href":"https:\/\/enermak.com\/en\/wp-json\/wp\/v2\/product"}],"about":[{"href":"https:\/\/enermak.com\/en\/wp-json\/wp\/v2\/types\/product"}],"version-history":[{"count":0,"href":"https:\/\/enermak.com\/en\/wp-json\/wp\/v2\/product\/9534\/revisions"}],"wp:featuredmedia":[{"embeddable":true,"href":"https:\/\/enermak.com\/en\/wp-json\/wp\/v2\/media\/35138"}],"wp:attachment":[{"href":"https:\/\/enermak.com\/en\/wp-json\/wp\/v2\/media?parent=9534"}],"wp:term":[{"taxonomy":"product_brand","embeddable":true,"href":"https:\/\/enermak.com\/en\/wp-json\/wp\/v2\/product_brand?post=9534"},{"taxonomy":"product_cat","embeddable":true,"href":"https:\/\/enermak.com\/en\/wp-json\/wp\/v2\/product_cat?post=9534"},{"taxonomy":"product_tag","embeddable":true,"href":"https:\/\/enermak.com\/en\/wp-json\/wp\/v2\/product_tag?post=9534"},{"taxonomy":"product_brands","embeddable":true,"href":"https:\/\/enermak.com\/en\/wp-json\/wp\/v2\/product_brands?post=9534"}],"curies":[{"name":"wp","href":"https:\/\/api.w.org\/{rel}","templated":true}]}}