{"id":9503,"date":"2022-05-05T15:53:57","date_gmt":"2022-05-05T12:53:57","guid":{"rendered":"http:\/\/isimmedya.com\/?post_type=product&#038;p=9503"},"modified":"2026-02-18T15:12:54","modified_gmt":"2026-02-18T12:12:54","slug":"secorr-300-korelasyon-yontemi-ile-su-kacak-tespiti","status":"publish","type":"product","link":"https:\/\/enermak.com\/en\/urunler\/secorr-300-korelasyon-yontemi-ile-su-kacak-tespiti\/","title":{"rendered":"SeCorr 300"},"content":{"rendered":"<h2 class=\"wp-block-heading has-medium-font-size\" style=\"text-align: left;\"><span style=\"color: #000000;\">Korelasyon Y\u00f6ntemi ile Su Ka\u00e7ak Tespiti: SeCorr 300 \u00d6zellikleri ve Avantajlar\u0131<\/span><\/h2>\n<h3><span style=\"color: #000000;\">SeCorr 300 Cihaz\u0131n\u0131n \u00d6zellikleri:<\/span><\/h3>\n<ul>\n<li><span style=\"color: #000000;\"><strong>Dijital Sinyal \u0130letimi (SDR)<\/strong>: Su ka\u00e7aklar\u0131n\u0131n hassas bir \u015fekilde tespit edilmesini sa\u011flar.<\/span><\/li>\n<li><span style=\"color: #000000;\"><strong>D\u0131\u015f Zemin Mikrofonu<\/strong>: Akustik dinleme y\u00f6ntemiyle titre\u015fim ve sesleri alg\u0131lar.<\/span><\/li>\n<li><span style=\"color: #000000;\"><strong>8 Filtre Seviyesi:<\/strong> Dinlemeyi optimize ederek net sonu\u00e7lar elde edilmesine yard\u0131mc\u0131 olur.<\/span><\/li>\n<li><span style=\"color: #000000;\"><strong>Hafif ve Ta\u015f\u0131nabilir<\/strong>: Sadece 290 gram a\u011f\u0131rl\u0131\u011f\u0131nda olan cihaz, sahada kullan\u0131m kolayl\u0131\u011f\u0131 sa\u011flar.<\/span><\/li>\n<\/ul>\n<h3 class=\"wp-block-heading has-medium-font-size\"><span style=\"color: #000000;\">Fiziki Su Ka\u00e7a\u011f\u0131n\u0131n Nedenleri<\/span><\/h3>\n<p><span style=\"color: #000000;\">Korelasyon y\u00f6ntemi ile su ka\u00e7ak tespiti, a\u015fa\u011f\u0131daki nedenlerden kaynaklanan ka\u00e7aklar\u0131 h\u0131zl\u0131 ve g\u00fcvenilir bir \u015fekilde belirler:<\/span><\/p>\n<ul>\n<li><span style=\"color: #000000;\">Y\u00fcksek su bas\u0131nc\u0131<\/span><\/li>\n<li><span style=\"color: #000000;\">Boru malzemesinin d\u00fc\u015f\u00fck kalitesi<\/span><\/li>\n<li><span style=\"color: #000000;\">Soil Characteristics and Settling<\/span><\/li>\n<li><span style=\"color: #000000;\">Zay\u0131f i\u015f\u00e7ilik ve ya\u015flanm\u0131\u015f borular<\/span><\/li>\n<\/ul>\n<h3 class=\"wp-block-heading has-medium-font-size\"><span style=\"color: #000000;\">Su Ka\u00e7aklar\u0131n\u0131n Tespitinde Korelasyon Y\u00f6nteminin \u00c7al\u0131\u015fma Prensibi<\/span><\/h3>\n<p><span style=\"color: #000000;\">Korelasyon y\u00f6ntemi ile su ka\u00e7ak tespiti, borulardan yay\u0131lan titre\u015fim ve seslerin hassas mikrofonlar arac\u0131l\u0131\u011f\u0131yla incelenmesine dayan\u0131r. SeCorr 300 cihaz\u0131, tamamen dijital sinyal i\u015fleme teknolojisiyle bu s\u00fcreci daha da geli\u015ftirmi\u015ftir. Cihaz, parazitleri en aza indirerek \u00f6zellikle plastik borulardaki sessiz ka\u00e7aklar\u0131 bile alg\u0131lamada \u00fcst\u00fcn performans sunar.<\/span><\/p>\n<h3 class=\"wp-block-heading has-medium-font-size\"><span style=\"color: #000000;\">Su Ka\u00e7ak Tespiti ve Kullan\u0131m Alanlar\u0131<\/span><\/h3>\n<ul>\n<li><span style=\"color: #000000;\"><strong>\u015eehir \u015eebekeleri<\/strong>: Korelasyon y\u00f6ntemi, \u015fehir \u015febekelerindeki su ka\u00e7aklar\u0131n\u0131n tespitinde yayg\u0131n olarak kullan\u0131l\u0131r.<\/span><\/li>\n<li><span style=\"color: #000000;\"><strong>Bina Tesisatlar\u0131<\/strong>: Kalorifer ve do\u011falgaz hatlar\u0131nda hatal\u0131 noktalar\u0131 belirler.<\/span><\/li>\n<li><span style=\"color: #000000;\"><strong>Petrol ve Su Hatlar\u0131<\/strong>: Bas\u0131n\u00e7l\u0131 su ile dinleme yap\u0131larak ka\u00e7aklar h\u0131zla bulunur.<\/span><\/li>\n<\/ul>\n<h2 class=\"wp-block-heading has-medium-font-size\"><span style=\"color: #000000;\">Neden Korelasyon Y\u00f6ntemini Se\u00e7melisiniz?<\/span><\/h2>\n<p><span style=\"color: #000000;\">Korelasyon y\u00f6ntemi, \u015f\u00fcpheli noktalar\u0131 kazmadan su ka\u00e7a\u011f\u0131n\u0131n tam yerini belirler. Zaman kazand\u0131r\u0131rken, etkili ve kesin sonu\u00e7lar sa\u011flar.<\/span><\/p>\n<h2 class=\"wp-block-heading has-medium-font-size\"><span style=\"color: #000000;\">Su Ka\u00e7ak Tespitinin P\u00fcf Noktalar\u0131<\/span><\/h2>\n<ul>\n<li><span style=\"color: #000000;\">G\u00fcr\u00fclt\u00fcs\u00fcz bir ortamda \u00e7al\u0131\u015farak cihaz\u0131n performans\u0131n\u0131 art\u0131r\u0131n.<\/span><\/li>\n<li><span style=\"color: #000000;\">Zemine uygun mikrofon ayaklar\u0131 kullanarak do\u011fru sonu\u00e7lar elde edin.<\/span><\/li>\n<li><span style=\"color: #000000;\">Bas\u0131nc\u0131n en y\u00fcksek oldu\u011fu saatlerde dinleme yaparak verimli \u00f6l\u00e7\u00fcmler ger\u00e7ekle\u015ftirin.<\/span><\/li>\n<\/ul>","protected":false},"excerpt":{"rendered":"<h2 class=\"wp-block-heading has-medium-font-size\"><strong><span style=\"color: #000000;\">SeCorr 300<\/span><\/strong><\/h2>\n<h2 class=\"wp-block-heading has-medium-font-size\"><span style=\"color: #000000;\">Korelasyon y\u00f6ntemi ile su ka\u00e7ak tespiti<\/span><\/h2>\n<p><span style=\"color: #000000;\">Korelasyon y\u00f6ntemi ile su ka\u00e7ak tespiti, borulardan yay\u0131lan titre\u015fim ve seslerin hassas mikrofonlar arac\u0131l\u0131\u011f\u0131yla incelenmesine dayan\u0131r. SeCorr 300 cihaz\u0131, tamamen dijital sinyal i\u015fleme teknolojisiyle bu s\u00fcreci daha da geli\u015ftirmi\u015ftir. Cihaz, parazitleri en aza indirerek \u00f6zellikle plastik borulardaki sessiz ka\u00e7aklar\u0131 bile alg\u0131lamada \u00fcst\u00fcn performans sunar.<\/span><\/p>","protected":false},"featured_media":25465,"template":"","meta":{"_bst_post_transparent":"default","_bst_post_title":"","_bst_post_layout":"default","_bst_post_sidebar_id":"","_bst_post_content_style":"default","_bst_post_vertical_padding":"default","_bst_post_feature":"","_bst_post_feature_position":"","_bst_post_header":false,"_bst_post_footer":false},"product_brand":[2002],"product_cat":[154],"product_tag":[1550,1551,1549,1554,1553,1552,1555,1556,1557,1261,1558],"product_brands":[],"class_list":{"0":"post-9503","1":"product","2":"type-product","3":"status-publish","4":"has-post-thumbnail","6":"product_brand-sewerin","7":"product_cat-su-kacagi-tespiti","8":"product_tag-akustik-dinleme-cihazi","9":"product_tag-boru-hatti-hasar-tespiti","10":"product_tag-dijital-sinyal-iletim","11":"product_tag-fiziki-su-kacaklari","12":"product_tag-korelasyon-yontemi","13":"product_tag-sdr-teknolojisi","14":"product_tag-sehir-sebekesi-dinleme","15":"product_tag-su-borusu-titresim-analizi","16":"product_tag-su-kacagi-tespit-cihazi-kullanimi","17":"product_tag-su-kacagi-tespiti","18":"product_tag-zemin-mikrofonu","20":"first","21":"instock","22":"featured","23":"shipping-taxable","24":"product-type-simple","25":"entry","26":"content-bg","27":"loop-entry"},"aioseo_notices":[],"aioseo_head":"\n\t\t<!-- All in One SEO Pro 4.9.6.2 - aioseo.com -->\n\t<meta name=\"description\" content=\"Korelasyon y\u00f6ntemi ile su ka\u00e7ak tespiti i\u00e7in SeCorr 300 cihaz\u0131n\u0131 kullanarak h\u0131zl\u0131, g\u00fcvenilir ve kesin sonu\u00e7lar elde edin. Dijital sinyal i\u015fleme teknolojisi.\" \/>\n\t<meta name=\"robots\" content=\"max-snippet:-1, max-image-preview:large, max-video-preview:-1\" \/>\n\t<meta name=\"yandex-verification\" content=\"yandex-verification: 61c39bc218eec6a9\" \/>\n\t<link rel=\"canonical\" href=\"https:\/\/enermak.com\/en\/urunler\/secorr-300-korelasyon-yontemi-ile-su-kacak-tespiti\/\" \/>\n\t<meta name=\"generator\" content=\"All in One SEO Pro (AIOSEO) 4.9.6.2\" \/>\n\t\t<meta property=\"og:locale\" content=\"en_US\" \/>\n\t\t<meta property=\"og:site_name\" content=\"Enermak Enerji - Yeralt\u0131ndan Haberler\" \/>\n\t\t<meta property=\"og:type\" content=\"article\" \/>\n\t\t<meta property=\"og:title\" content=\"SeCorr 300 - Enermak Enerji\" \/>\n\t\t<meta property=\"og:description\" content=\"Korelasyon y\u00f6ntemi ile su ka\u00e7ak tespiti i\u00e7in SeCorr 300 cihaz\u0131n\u0131 kullanarak h\u0131zl\u0131, g\u00fcvenilir ve kesin sonu\u00e7lar elde edin. Dijital sinyal i\u015fleme teknolojisi.\" \/>\n\t\t<meta property=\"og:url\" content=\"https:\/\/enermak.com\/en\/urunler\/secorr-300-korelasyon-yontemi-ile-su-kacak-tespiti\/\" \/>\n\t\t<meta property=\"og:image\" content=\"https:\/\/enermak.com\/wp-content\/uploads\/2022\/03\/logo-tr-1.png\" \/>\n\t\t<meta property=\"og:image:secure_url\" content=\"https:\/\/enermak.com\/wp-content\/uploads\/2022\/03\/logo-tr-1.png\" \/>\n\t\t<meta property=\"article:published_time\" content=\"2022-05-05T12:53:57+00:00\" \/>\n\t\t<meta property=\"article:modified_time\" content=\"2026-02-18T12:12:54+00:00\" \/>\n\t\t<meta property=\"article:publisher\" content=\"https:\/\/www.facebook.com\/YERALTINDANHABERLER\/\" \/>\n\t\t<meta name=\"twitter:card\" content=\"summary_large_image\" \/>\n\t\t<meta name=\"twitter:site\" content=\"@enerjienermak\" \/>\n\t\t<meta name=\"twitter:title\" content=\"SeCorr 300 - Enermak Enerji\" \/>\n\t\t<meta name=\"twitter:description\" content=\"Korelasyon y\u00f6ntemi ile su ka\u00e7ak tespiti i\u00e7in SeCorr 300 cihaz\u0131n\u0131 kullanarak h\u0131zl\u0131, g\u00fcvenilir ve kesin sonu\u00e7lar elde edin. Dijital sinyal i\u015fleme teknolojisi.\" \/>\n\t\t<meta name=\"twitter:image\" content=\"https:\/\/enermak.com\/wp-content\/uploads\/2022\/03\/logo-tr-1.png\" \/>\n\t\t<script type=\"application\/ld+json\" class=\"aioseo-schema\">\n\t\t\t{\"@context\":\"https:\\\/\\\/schema.org\",\"@graph\":[{\"@type\":\"BreadcrumbList\",\"@id\":\"https:\\\/\\\/enermak.com\\\/en\\\/urunler\\\/secorr-300-korelasyon-yontemi-ile-su-kacak-tespiti\\\/#breadcrumblist\",\"itemListElement\":[{\"@type\":\"ListItem\",\"@id\":\"https:\\\/\\\/enermak.com\\\/en#listItem\",\"position\":1,\"name\":\"Home\",\"item\":\"https:\\\/\\\/enermak.com\\\/en\",\"nextItem\":{\"@type\":\"ListItem\",\"@id\":\"https:\\\/\\\/enermak.com\\\/en\\\/urunler\\\/#listItem\",\"name\":\"\\u00dcr\\u00fcnler\"}},{\"@type\":\"ListItem\",\"@id\":\"https:\\\/\\\/enermak.com\\\/en\\\/urunler\\\/#listItem\",\"position\":2,\"name\":\"\\u00dcr\\u00fcnler\",\"item\":\"https:\\\/\\\/enermak.com\\\/en\\\/urunler\\\/\",\"nextItem\":{\"@type\":\"ListItem\",\"@id\":\"https:\\\/\\\/enermak.com\\\/en\\\/brand\\\/sewerin\\\/#listItem\",\"name\":\"SEWERIN\"},\"previousItem\":{\"@type\":\"ListItem\",\"@id\":\"https:\\\/\\\/enermak.com\\\/en#listItem\",\"name\":\"Home\"}},{\"@type\":\"ListItem\",\"@id\":\"https:\\\/\\\/enermak.com\\\/en\\\/brand\\\/sewerin\\\/#listItem\",\"position\":3,\"name\":\"SEWERIN\",\"item\":\"https:\\\/\\\/enermak.com\\\/en\\\/brand\\\/sewerin\\\/\",\"nextItem\":{\"@type\":\"ListItem\",\"@id\":\"https:\\\/\\\/enermak.com\\\/en\\\/urunler\\\/secorr-300-korelasyon-yontemi-ile-su-kacak-tespiti\\\/#listItem\",\"name\":\"SeCorr 300\"},\"previousItem\":{\"@type\":\"ListItem\",\"@id\":\"https:\\\/\\\/enermak.com\\\/en\\\/urunler\\\/#listItem\",\"name\":\"\\u00dcr\\u00fcnler\"}},{\"@type\":\"ListItem\",\"@id\":\"https:\\\/\\\/enermak.com\\\/en\\\/urunler\\\/secorr-300-korelasyon-yontemi-ile-su-kacak-tespiti\\\/#listItem\",\"position\":4,\"name\":\"SeCorr 300\",\"previousItem\":{\"@type\":\"ListItem\",\"@id\":\"https:\\\/\\\/enermak.com\\\/en\\\/brand\\\/sewerin\\\/#listItem\",\"name\":\"SEWERIN\"}}]},{\"@type\":\"Organization\",\"@id\":\"https:\\\/\\\/enermak.com\\\/en\\\/#organization\",\"name\":\"Enermak Enerji\",\"description\":\"Yeralt\\u0131ndan Haberler\",\"url\":\"https:\\\/\\\/enermak.com\\\/en\\\/\",\"telephone\":\"+903123851102\",\"logo\":{\"@type\":\"ImageObject\",\"url\":\"https:\\\/\\\/enermak.com\\\/wp-content\\\/uploads\\\/2022\\\/03\\\/logo-tr-1.png\",\"@id\":\"https:\\\/\\\/enermak.com\\\/en\\\/urunler\\\/secorr-300-korelasyon-yontemi-ile-su-kacak-tespiti\\\/#organizationLogo\"},\"image\":{\"@id\":\"https:\\\/\\\/enermak.com\\\/en\\\/urunler\\\/secorr-300-korelasyon-yontemi-ile-su-kacak-tespiti\\\/#organizationLogo\"},\"sameAs\":[\"https:\\\/\\\/www.facebook.com\\\/YERALTINDANHABERLER\\\/\",\"https:\\\/\\\/twitter.com\\\/enerjienermak\",\"https:\\\/\\\/www.instagram.com\\\/enermakenerji\\\/\",\"https:\\\/\\\/www.youtube.com\\\/c\\\/EnermakEnerji\",\"https:\\\/\\\/www.linkedin.com\\\/in\\\/enermak\"]},{\"@type\":\"WebPage\",\"@id\":\"https:\\\/\\\/enermak.com\\\/en\\\/urunler\\\/secorr-300-korelasyon-yontemi-ile-su-kacak-tespiti\\\/#webpage\",\"url\":\"https:\\\/\\\/enermak.com\\\/en\\\/urunler\\\/secorr-300-korelasyon-yontemi-ile-su-kacak-tespiti\\\/\",\"name\":\"SeCorr 300 - Enermak Enerji\",\"description\":\"Korelasyon y\\u00f6ntemi ile su ka\\u00e7ak tespiti i\\u00e7in SeCorr 300 cihaz\\u0131n\\u0131 kullanarak h\\u0131zl\\u0131, g\\u00fcvenilir ve kesin sonu\\u00e7lar elde edin. Dijital sinyal i\\u015fleme teknolojisi.\",\"inLanguage\":\"en-US\",\"isPartOf\":{\"@id\":\"https:\\\/\\\/enermak.com\\\/en\\\/#website\"},\"breadcrumb\":{\"@id\":\"https:\\\/\\\/enermak.com\\\/en\\\/urunler\\\/secorr-300-korelasyon-yontemi-ile-su-kacak-tespiti\\\/#breadcrumblist\"},\"image\":{\"@type\":\"ImageObject\",\"url\":\"https:\\\/\\\/enermak.com\\\/wp-content\\\/uploads\\\/2022\\\/05\\\/381131-1.jpg\",\"@id\":\"https:\\\/\\\/enermak.com\\\/en\\\/urunler\\\/secorr-300-korelasyon-yontemi-ile-su-kacak-tespiti\\\/#mainImage\",\"width\":479,\"height\":480,\"caption\":\"Korelasyon y\\u00f6ntemi ile su ka\\u00e7ak tespiti\"},\"primaryImageOfPage\":{\"@id\":\"https:\\\/\\\/enermak.com\\\/en\\\/urunler\\\/secorr-300-korelasyon-yontemi-ile-su-kacak-tespiti\\\/#mainImage\"},\"datePublished\":\"2022-05-05T15:53:57+03:00\",\"dateModified\":\"2026-02-18T15:12:54+03:00\"},{\"@type\":\"WebSite\",\"@id\":\"https:\\\/\\\/enermak.com\\\/en\\\/#website\",\"url\":\"https:\\\/\\\/enermak.com\\\/en\\\/\",\"name\":\"Enermak Enerji\",\"alternateName\":\"Yeralt\\u0131ndan Haberler\",\"description\":\"Yeralt\\u0131ndan Haberler\",\"inLanguage\":\"en-US\",\"publisher\":{\"@id\":\"https:\\\/\\\/enermak.com\\\/en\\\/#organization\"}}]}\n\t\t<\/script>\n\t\t<!-- All in One SEO Pro -->\r\n\t\t<title>SeCorr 300 - Enermak Enerji<\/title>\n\n","aioseo_head_json":{"title":"SeCorr 300 - Enermak Enerji","description":"Korelasyon y\u00f6ntemi ile su ka\u00e7ak tespiti i\u00e7in SeCorr 300 cihaz\u0131n\u0131 kullanarak h\u0131zl\u0131, g\u00fcvenilir ve kesin sonu\u00e7lar elde edin. Dijital sinyal i\u015fleme teknolojisi.","canonical_url":"https:\/\/enermak.com\/en\/urunler\/secorr-300-korelasyon-yontemi-ile-su-kacak-tespiti\/","robots":"max-snippet:-1, max-image-preview:large, max-video-preview:-1","keywords":"","webmasterTools":{"yandex-verification":"yandex-verification: 61c39bc218eec6a9","miscellaneous":""},"schema":{"@context":"https:\/\/schema.org","@graph":[{"@type":"BreadcrumbList","@id":"https:\/\/enermak.com\/en\/urunler\/secorr-300-korelasyon-yontemi-ile-su-kacak-tespiti\/#breadcrumblist","itemListElement":[{"@type":"ListItem","@id":"https:\/\/enermak.com\/en#listItem","position":1,"name":"Home","item":"https:\/\/enermak.com\/en","nextItem":{"@type":"ListItem","@id":"https:\/\/enermak.com\/en\/urunler\/#listItem","name":"\u00dcr\u00fcnler"}},{"@type":"ListItem","@id":"https:\/\/enermak.com\/en\/urunler\/#listItem","position":2,"name":"\u00dcr\u00fcnler","item":"https:\/\/enermak.com\/en\/urunler\/","nextItem":{"@type":"ListItem","@id":"https:\/\/enermak.com\/en\/brand\/sewerin\/#listItem","name":"SEWERIN"},"previousItem":{"@type":"ListItem","@id":"https:\/\/enermak.com\/en#listItem","name":"Home"}},{"@type":"ListItem","@id":"https:\/\/enermak.com\/en\/brand\/sewerin\/#listItem","position":3,"name":"SEWERIN","item":"https:\/\/enermak.com\/en\/brand\/sewerin\/","nextItem":{"@type":"ListItem","@id":"https:\/\/enermak.com\/en\/urunler\/secorr-300-korelasyon-yontemi-ile-su-kacak-tespiti\/#listItem","name":"SeCorr 300"},"previousItem":{"@type":"ListItem","@id":"https:\/\/enermak.com\/en\/urunler\/#listItem","name":"\u00dcr\u00fcnler"}},{"@type":"ListItem","@id":"https:\/\/enermak.com\/en\/urunler\/secorr-300-korelasyon-yontemi-ile-su-kacak-tespiti\/#listItem","position":4,"name":"SeCorr 300","previousItem":{"@type":"ListItem","@id":"https:\/\/enermak.com\/en\/brand\/sewerin\/#listItem","name":"SEWERIN"}}]},{"@type":"Organization","@id":"https:\/\/enermak.com\/en\/#organization","name":"Enermak Enerji","description":"Yeralt\u0131ndan Haberler","url":"https:\/\/enermak.com\/en\/","telephone":"+903123851102","logo":{"@type":"ImageObject","url":"https:\/\/enermak.com\/wp-content\/uploads\/2022\/03\/logo-tr-1.png","@id":"https:\/\/enermak.com\/en\/urunler\/secorr-300-korelasyon-yontemi-ile-su-kacak-tespiti\/#organizationLogo"},"image":{"@id":"https:\/\/enermak.com\/en\/urunler\/secorr-300-korelasyon-yontemi-ile-su-kacak-tespiti\/#organizationLogo"},"sameAs":["https:\/\/www.facebook.com\/YERALTINDANHABERLER\/","https:\/\/twitter.com\/enerjienermak","https:\/\/www.instagram.com\/enermakenerji\/","https:\/\/www.youtube.com\/c\/EnermakEnerji","https:\/\/www.linkedin.com\/in\/enermak"]},{"@type":"WebPage","@id":"https:\/\/enermak.com\/en\/urunler\/secorr-300-korelasyon-yontemi-ile-su-kacak-tespiti\/#webpage","url":"https:\/\/enermak.com\/en\/urunler\/secorr-300-korelasyon-yontemi-ile-su-kacak-tespiti\/","name":"SeCorr 300 - Enermak Enerji","description":"Korelasyon y\u00f6ntemi ile su ka\u00e7ak tespiti i\u00e7in SeCorr 300 cihaz\u0131n\u0131 kullanarak h\u0131zl\u0131, g\u00fcvenilir ve kesin sonu\u00e7lar elde edin. Dijital sinyal i\u015fleme teknolojisi.","inLanguage":"en-US","isPartOf":{"@id":"https:\/\/enermak.com\/en\/#website"},"breadcrumb":{"@id":"https:\/\/enermak.com\/en\/urunler\/secorr-300-korelasyon-yontemi-ile-su-kacak-tespiti\/#breadcrumblist"},"image":{"@type":"ImageObject","url":"https:\/\/enermak.com\/wp-content\/uploads\/2022\/05\/381131-1.jpg","@id":"https:\/\/enermak.com\/en\/urunler\/secorr-300-korelasyon-yontemi-ile-su-kacak-tespiti\/#mainImage","width":479,"height":480,"caption":"Korelasyon y\u00f6ntemi ile su ka\u00e7ak tespiti"},"primaryImageOfPage":{"@id":"https:\/\/enermak.com\/en\/urunler\/secorr-300-korelasyon-yontemi-ile-su-kacak-tespiti\/#mainImage"},"datePublished":"2022-05-05T15:53:57+03:00","dateModified":"2026-02-18T15:12:54+03:00"},{"@type":"WebSite","@id":"https:\/\/enermak.com\/en\/#website","url":"https:\/\/enermak.com\/en\/","name":"Enermak Enerji","alternateName":"Yeralt\u0131ndan Haberler","description":"Yeralt\u0131ndan Haberler","inLanguage":"en-US","publisher":{"@id":"https:\/\/enermak.com\/en\/#organization"}}]},"og:locale":"en_US","og:site_name":"Enermak Enerji - Yeralt\u0131ndan Haberler","og:type":"article","og:title":"SeCorr 300 - Enermak Enerji","og:description":"Korelasyon y\u00f6ntemi ile su ka\u00e7ak tespiti i\u00e7in SeCorr 300 cihaz\u0131n\u0131 kullanarak h\u0131zl\u0131, g\u00fcvenilir ve kesin sonu\u00e7lar elde edin. Dijital sinyal i\u015fleme teknolojisi.","og:url":"https:\/\/enermak.com\/en\/urunler\/secorr-300-korelasyon-yontemi-ile-su-kacak-tespiti\/","og:image":"https:\/\/enermak.com\/wp-content\/uploads\/2022\/03\/logo-tr-1.png","og:image:secure_url":"https:\/\/enermak.com\/wp-content\/uploads\/2022\/03\/logo-tr-1.png","article:published_time":"2022-05-05T12:53:57+00:00","article:modified_time":"2026-02-18T12:12:54+00:00","article:publisher":"https:\/\/www.facebook.com\/YERALTINDANHABERLER\/","twitter:card":"summary_large_image","twitter:site":"@enerjienermak","twitter:title":"SeCorr 300 - Enermak Enerji","twitter:description":"Korelasyon y\u00f6ntemi ile su ka\u00e7ak tespiti i\u00e7in SeCorr 300 cihaz\u0131n\u0131 kullanarak h\u0131zl\u0131, g\u00fcvenilir ve kesin sonu\u00e7lar elde edin. Dijital sinyal i\u015fleme teknolojisi.","twitter:image":"https:\/\/enermak.com\/wp-content\/uploads\/2022\/03\/logo-tr-1.png"},"aioseo_meta_data":{"post_id":"9503","title":null,"description":"Korelasyon y\u00f6ntemi ile su ka\u00e7ak tespiti i\u00e7in SeCorr 300 cihaz\u0131n\u0131 kullanarak h\u0131zl\u0131, g\u00fcvenilir ve kesin sonu\u00e7lar elde edin. Dijital sinyal i\u015fleme teknolojisi.","keywords":null,"keyphrases":{"focus":{"keyphrase":"seccor 300","score":37,"analysis":{"keyphraseInTitle":{"score":3,"maxScore":9,"error":1},"keyphraseInDescription":{"score":3,"maxScore":9,"error":1},"keyphraseLength":{"score":9,"maxScore":9,"error":0,"length":2},"keyphraseInURL":{"score":1,"maxScore":5,"error":1},"keyphraseInIntroduction":{"score":3,"maxScore":9,"error":1},"keyphraseInSubHeadings":{"score":3,"maxScore":9,"error":1},"keyphraseInImageAlt":[],"keywordDensity":{"score":0,"type":"low","maxScore":9,"error":1}}},"additional":[]},"primary_term":null,"canonical_url":null,"og_title":null,"og_description":null,"og_object_type":"default","og_image_type":"default","og_image_url":null,"og_image_width":null,"og_image_height":null,"og_image_custom_url":null,"og_image_custom_fields":null,"og_video":"","og_custom_url":null,"og_article_section":null,"og_article_tags":null,"twitter_use_og":false,"twitter_card":"default","twitter_image_type":"default","twitter_image_url":null,"twitter_image_custom_url":null,"twitter_image_custom_fields":null,"twitter_title":null,"twitter_description":null,"schema":{"blockGraphs":[],"customGraphs":[],"default":{"data":{"Article":[],"Course":[],"Dataset":[],"FAQPage":[],"Movie":[],"Person":[],"Product":[],"ProductReview":[],"Car":[],"Recipe":[],"Service":[],"SoftwareApplication":[],"WebPage":[]},"graphName":"ItemPage","isEnabled":false},"graphs":[]},"schema_type":"default","schema_type_options":null,"pillar_content":false,"robots_default":false,"robots_noindex":false,"robots_noarchive":false,"robots_nosnippet":false,"robots_nofollow":false,"robots_noimageindex":false,"robots_noodp":false,"robots_notranslate":false,"robots_max_snippet":"-1","robots_max_videopreview":"-1","robots_max_imagepreview":"large","priority":null,"frequency":"default","local_seo":null,"seo_analyzer_scan_date":"2026-02-18 12:48:14","breadcrumb_settings":null,"limit_modified_date":false,"reviewed_by":null,"open_ai":"{\"title\":{\"suggestions\":[],\"usage\":0},\"description\":{\"suggestions\":[],\"usage\":0}}","ai":{"faqs":[],"keyPoints":[],"titles":[],"descriptions":[],"socialPosts":{"email":[],"linkedin":[],"twitter":[],"facebook":[],"instagram":[]}},"created":"2022-09-12 10:39:04","updated":"2026-02-18 12:48:14"},"aioseo_breadcrumb":"<div class=\"aioseo-breadcrumbs\"><span class=\"aioseo-breadcrumb\">\n\t<a href=\"https:\/\/enermak.com\/en\" title=\"Home\">Home<\/a>\n<\/span><span class=\"aioseo-breadcrumb-separator\">\u00bb<\/span><span class=\"aioseo-breadcrumb\">\n\t<a href=\"https:\/\/enermak.com\/en\/urunler\/\" title=\"\u00dcr\u00fcnler\">\u00dcr\u00fcnler<\/a>\n<\/span><span class=\"aioseo-breadcrumb-separator\">\u00bb<\/span><span class=\"aioseo-breadcrumb\">\n\t<a href=\"https:\/\/enermak.com\/en\/brand\/sewerin\/\" title=\"SEWERIN\">SEWERIN<\/a>\n<\/span><span class=\"aioseo-breadcrumb-separator\">\u00bb<\/span><span class=\"aioseo-breadcrumb\">\n\tSeCorr 300\n<\/span><\/div>","aioseo_breadcrumb_json":[{"label":"Home","link":"https:\/\/enermak.com\/en"},{"label":"\u00dcr\u00fcnler","link":"https:\/\/enermak.com\/en\/urunler\/"},{"label":"SEWERIN","link":"https:\/\/enermak.com\/en\/brand\/sewerin\/"},{"label":"SeCorr 300","link":"https:\/\/enermak.com\/en\/urunler\/secorr-300-korelasyon-yontemi-ile-su-kacak-tespiti\/"}],"_links":{"self":[{"href":"https:\/\/enermak.com\/en\/wp-json\/wp\/v2\/product\/9503","targetHints":{"allow":["GET"]}}],"collection":[{"href":"https:\/\/enermak.com\/en\/wp-json\/wp\/v2\/product"}],"about":[{"href":"https:\/\/enermak.com\/en\/wp-json\/wp\/v2\/types\/product"}],"version-history":[{"count":0,"href":"https:\/\/enermak.com\/en\/wp-json\/wp\/v2\/product\/9503\/revisions"}],"wp:featuredmedia":[{"embeddable":true,"href":"https:\/\/enermak.com\/en\/wp-json\/wp\/v2\/media\/25465"}],"wp:attachment":[{"href":"https:\/\/enermak.com\/en\/wp-json\/wp\/v2\/media?parent=9503"}],"wp:term":[{"taxonomy":"product_brand","embeddable":true,"href":"https:\/\/enermak.com\/en\/wp-json\/wp\/v2\/product_brand?post=9503"},{"taxonomy":"product_cat","embeddable":true,"href":"https:\/\/enermak.com\/en\/wp-json\/wp\/v2\/product_cat?post=9503"},{"taxonomy":"product_tag","embeddable":true,"href":"https:\/\/enermak.com\/en\/wp-json\/wp\/v2\/product_tag?post=9503"},{"taxonomy":"product_brands","embeddable":true,"href":"https:\/\/enermak.com\/en\/wp-json\/wp\/v2\/product_brands?post=9503"}],"curies":[{"name":"wp","href":"https:\/\/api.w.org\/{rel}","templated":true}]}}