{"id":9421,"date":"2022-05-05T14:28:39","date_gmt":"2022-05-05T11:28:39","guid":{"rendered":"http:\/\/isimmedya.com\/?post_type=product&#038;p=9421"},"modified":"2026-02-18T15:13:02","modified_gmt":"2026-02-18T12:13:02","slug":"c-serisi-termografik-kamera","status":"publish","type":"product","link":"https:\/\/enermak.com\/en\/urunler\/c-serisi-termografik-kamera\/","title":{"rendered":"C Serisi &#8211; Termografik Kamera"},"content":{"rendered":"<h2 class=\"wp-block-heading has-medium-font-size\"><span style=\"color: #000000;\"><strong>Termografik Kamera<\/strong><\/span><\/h2>\n<p><span style=\"color: #000000;\">C Serisi termografik kamera, s\u0131n\u0131f\u0131ndaki di\u011fer termal g\u00f6r\u00fcnt\u00fcleme \u00fcr\u00fcnlerinden daha \u00fcst\u00fcn olan ak\u0131ll\u0131 bir kontrol cihaz\u0131d\u0131r. Y\u00fcksek \u00e7\u00f6z\u00fcn\u00fcrl\u00fck, elektrikli ve mekanik kullan\u0131c\u0131lar\u0131n herhangi bir a\u015f\u0131r\u0131 \u0131s\u0131nmay\u0131 h\u0131zla tespit etmesini ve 5 in\u00e7 720P LCD ekranda sezgisel olarak do\u011fru s\u0131cakl\u0131k \u00f6l\u00e7\u00fcm\u00fc yapmas\u0131n\u0131 sa\u011flar. Ergonomik d\u00f6nen LCD ve lens tasar\u0131m\u0131, t\u00fcm ba\u015f \u00fcst\u00fc bile\u015fenleri hedeflemeyi kolayla\u015ft\u0131r\u0131r. A\u00e7\u0131k bir Android i\u015fletim sistemi tasar\u0131m\u0131na dayanarak, sadece termal kamera olarak de\u011fil, ayn\u0131 zamanda \u00e7ok y\u00f6nl\u00fc bir mobil terminal olarak da \u00e7al\u0131\u015f\u0131r.<\/span><\/p>\n<h2 class=\"wp-block-heading has-medium-font-size\"><span style=\"color: #000000;\"><strong>Application<\/strong><\/span><\/h2>\n<p><span style=\"color: #000000;\">\u2705 Elektriksel te\u015fhis<\/span><br \/>\n<span style=\"color: #000000;\">\u2705 Ar-Ge<\/span><br \/>\n<span style=\"color: #000000;\">\u2705 Fen e\u011fitimi<\/span><br \/>\n<span style=\"color: #000000;\">\u2705 Bina te\u015fhisi<\/span><br \/>\n<span style=\"color: #000000;\">\u2705 Sa\u011fl\u0131k te\u015fhisi<\/span><\/p>\n<h2 class=\"wp-block-heading has-medium-font-size\"><span style=\"color: #000000;\"><strong>Termografik Kamera \u00d6zellikleri ve Faydalar\u0131<\/strong><\/span><\/h2>\n<p><span style=\"color: #000000;\">\u2705 Kolay g\u00f6r\u00fcnt\u00fcleme a\u00e7\u0131s\u0131 i\u00e7in 270\u00b0C\u2019ye kadar d\u00f6nebilen LCD ekran<\/span><br \/>\n<span style=\"color: #000000;\">\u2705 Kolay izleme a\u00e7\u0131s\u0131 i\u00e7in 70\u00b0C\u2019ye kadar d\u00f6nebilen lens<\/span><br \/>\n<span style=\"color: #000000;\">\u2705 \u00c7e\u015fitli aplikasyon geli\u015ftirmeleri ve program g\u00fcncellemeleri i\u00e7in a\u00e7\u0131k platformlu Android tabanl\u0131 i\u015fletim sistemi<\/span><br \/>\n<span style=\"color: #000000;\">\u2705 G\u00fc\u00e7l\u00fc yerle\u015fik analiz ve raporlama \u00f6zellikleri<\/span><br \/>\n<span style=\"color: #000000;\">\u2705 IR \u00e7oklu g\u00f6r\u00fcnt\u00fc sunumu, g\u00f6zle g\u00f6r\u00fcn\u00fcr, PIP ve MIF<\/span><br \/>\n<span style=\"color: #000000;\">\u2705 Wi-Fi veri aktar\u0131m\u0131<\/span><br \/>\n<span style=\"color: #000000;\">\u2705 Opsiyonel olarak 2000\u00b0C\u2019ye kadar \u00f6l\u00e7\u00fcm yapan y\u00fcksek s\u0131cakl\u0131k aral\u0131\u011f\u0131<\/span><br \/>\n<span style=\"color: #000000;\">\u2705 Elektrikli ve end\u00fcstriyel uygulamalar\u0131 hedefler<\/span><\/p>","protected":false},"excerpt":{"rendered":"<h3><span style=\"color: #000000;\">Guide Infrared<\/span><\/h3>\n<p><span style=\"color: #000000;\"><strong><a class=\"row-title\" style=\"color: #000000;\" href=\"https:\/\/enermak.com\/wp-admin\/post.php?post=9421&amp;action=edit\">Termografik Kamera<\/a><\/strong><\/span><\/p>\n<h4><span style=\"color: #000000;\">C Serisi<\/span><\/h4>\n<p><span style=\"color: #000000;\">C Serisi termografik kamera, s\u0131n\u0131f\u0131ndaki di\u011fer termal g\u00f6r\u00fcnt\u00fcleme \u00fcr\u00fcnlerinden daha \u00fcst\u00fcn olan ak\u0131ll\u0131 bir kontrol cihaz\u0131d\u0131r. Y\u00fcksek \u00e7\u00f6z\u00fcn\u00fcrl\u00fck, elektrikli ve mekanik kullan\u0131c\u0131lar\u0131n herhangi bir a\u015f\u0131r\u0131 \u0131s\u0131nmay\u0131 h\u0131zla tespit etmesini ve 5 in\u00e7 720P LCD ekranda sezgisel olarak do\u011fru s\u0131cakl\u0131k \u00f6l\u00e7\u00fcm\u00fc yapmas\u0131n\u0131 sa\u011flar. Ergonomik d\u00f6nen LCD ve lens tasar\u0131m\u0131, t\u00fcm ba\u015f \u00fcst\u00fc bile\u015fenleri hedeflemeyi kolayla\u015ft\u0131r\u0131r. A\u00e7\u0131k bir Android i\u015fletim sistemi tasar\u0131m\u0131na dayanarak, sadece termal kamera olarak de\u011fil, ayn\u0131 zamanda \u00e7ok y\u00f6nl\u00fc bir mobil terminal olarak da \u00e7al\u0131\u015f\u0131r.<\/span><\/p>","protected":false},"featured_media":9422,"template":"","meta":{"_bst_post_transparent":"default","_bst_post_title":"","_bst_post_layout":"default","_bst_post_sidebar_id":"","_bst_post_content_style":"default","_bst_post_vertical_padding":"default","_bst_post_feature":"","_bst_post_feature_position":"","_bst_post_header":false,"_bst_post_footer":false},"product_brand":[],"product_cat":[152],"product_tag":[536,534,539,532,542,528],"product_brands":[],"class_list":{"0":"post-9421","1":"product","2":"type-product","3":"status-publish","4":"has-post-thumbnail","6":"product_cat-termal-kamera","7":"product_tag-bina-teshisi","8":"product_tag-elektriksel-teshis","9":"product_tag-ir-coklu-goruntu-sunumu","10":"product_tag-sicaklik-olcumu","11":"product_tag-termal-kamera","12":"product_tag-termografik-kamera","14":"first","15":"instock","16":"shipping-taxable","17":"product-type-simple","18":"entry","19":"content-bg","20":"loop-entry"},"aioseo_notices":[],"aioseo_head":"\n\t\t<!-- All in One SEO Pro 4.9.6.2 - aioseo.com -->\n\t<meta name=\"description\" content=\"Altyap\u0131 ve \u015febeke tespitinde kullanabilece\u011finiz, profesy\u00f6nelli\u011finizi bir ad\u0131m ileri ta\u015f\u0131yacak bir \u00e7ok \u00fcr\u00fcn Enermak Enerji&#039;de. Termografik Kamera\" \/>\n\t<meta name=\"robots\" content=\"max-snippet:-1, max-image-preview:large, max-video-preview:-1\" \/>\n\t<meta name=\"yandex-verification\" content=\"yandex-verification: 61c39bc218eec6a9\" \/>\n\t<link rel=\"canonical\" href=\"https:\/\/enermak.com\/en\/urunler\/c-serisi-termografik-kamera\/\" \/>\n\t<meta name=\"generator\" content=\"All in One SEO Pro (AIOSEO) 4.9.6.2\" \/>\n\t\t<meta property=\"og:locale\" content=\"en_US\" \/>\n\t\t<meta property=\"og:site_name\" content=\"Enermak Enerji - Yeralt\u0131ndan Haberler\" \/>\n\t\t<meta property=\"og:type\" content=\"article\" \/>\n\t\t<meta property=\"og:title\" content=\"C Serisi \u2013 Termografik Kamera - Enermak Enerji\" \/>\n\t\t<meta property=\"og:description\" content=\"Altyap\u0131 ve \u015febeke tespitinde kullanabilece\u011finiz, profesy\u00f6nelli\u011finizi bir ad\u0131m ileri ta\u015f\u0131yacak bir \u00e7ok \u00fcr\u00fcn Enermak Enerji&#039;de. Termografik Kamera\" \/>\n\t\t<meta property=\"og:url\" content=\"https:\/\/enermak.com\/en\/urunler\/c-serisi-termografik-kamera\/\" \/>\n\t\t<meta property=\"og:image\" content=\"https:\/\/enermak.com\/wp-content\/uploads\/2022\/03\/logo-tr-1.png\" \/>\n\t\t<meta property=\"og:image:secure_url\" content=\"https:\/\/enermak.com\/wp-content\/uploads\/2022\/03\/logo-tr-1.png\" \/>\n\t\t<meta property=\"article:published_time\" content=\"2022-05-05T11:28:39+00:00\" \/>\n\t\t<meta property=\"article:modified_time\" content=\"2026-02-18T12:13:02+00:00\" \/>\n\t\t<meta property=\"article:publisher\" content=\"https:\/\/www.facebook.com\/YERALTINDANHABERLER\/\" \/>\n\t\t<meta name=\"twitter:card\" content=\"summary_large_image\" \/>\n\t\t<meta name=\"twitter:site\" content=\"@enerjienermak\" \/>\n\t\t<meta name=\"twitter:title\" content=\"C Serisi \u2013 Termografik Kamera - Enermak Enerji\" \/>\n\t\t<meta name=\"twitter:description\" content=\"Altyap\u0131 ve \u015febeke tespitinde kullanabilece\u011finiz, profesy\u00f6nelli\u011finizi bir ad\u0131m ileri ta\u015f\u0131yacak bir \u00e7ok \u00fcr\u00fcn Enermak Enerji&#039;de. Termografik Kamera\" \/>\n\t\t<meta name=\"twitter:image\" content=\"https:\/\/enermak.com\/wp-content\/uploads\/2022\/03\/logo-tr-1.png\" \/>\n\t\t<script type=\"application\/ld+json\" class=\"aioseo-schema\">\n\t\t\t{\"@context\":\"https:\\\/\\\/schema.org\",\"@graph\":[{\"@type\":\"BreadcrumbList\",\"@id\":\"https:\\\/\\\/enermak.com\\\/en\\\/urunler\\\/c-serisi-termografik-kamera\\\/#breadcrumblist\",\"itemListElement\":[{\"@type\":\"ListItem\",\"@id\":\"https:\\\/\\\/enermak.com\\\/en#listItem\",\"position\":1,\"name\":\"Home\",\"item\":\"https:\\\/\\\/enermak.com\\\/en\",\"nextItem\":{\"@type\":\"ListItem\",\"@id\":\"https:\\\/\\\/enermak.com\\\/en\\\/urunler\\\/#listItem\",\"name\":\"\\u00dcr\\u00fcnler\"}},{\"@type\":\"ListItem\",\"@id\":\"https:\\\/\\\/enermak.com\\\/en\\\/urunler\\\/#listItem\",\"position\":2,\"name\":\"\\u00dcr\\u00fcnler\",\"item\":\"https:\\\/\\\/enermak.com\\\/en\\\/urunler\\\/\",\"nextItem\":{\"@type\":\"ListItem\",\"@id\":\"https:\\\/\\\/enermak.com\\\/en\\\/urunler\\\/kategori\\\/termal-kamera\\\/#listItem\",\"name\":\"Termal Kamera\"},\"previousItem\":{\"@type\":\"ListItem\",\"@id\":\"https:\\\/\\\/enermak.com\\\/en#listItem\",\"name\":\"Home\"}},{\"@type\":\"ListItem\",\"@id\":\"https:\\\/\\\/enermak.com\\\/en\\\/urunler\\\/kategori\\\/termal-kamera\\\/#listItem\",\"position\":3,\"name\":\"Termal Kamera\",\"item\":\"https:\\\/\\\/enermak.com\\\/en\\\/urunler\\\/kategori\\\/termal-kamera\\\/\",\"nextItem\":{\"@type\":\"ListItem\",\"@id\":\"https:\\\/\\\/enermak.com\\\/en\\\/urunler\\\/c-serisi-termografik-kamera\\\/#listItem\",\"name\":\"C Serisi &#8211; Termografik Kamera\"},\"previousItem\":{\"@type\":\"ListItem\",\"@id\":\"https:\\\/\\\/enermak.com\\\/en\\\/urunler\\\/#listItem\",\"name\":\"\\u00dcr\\u00fcnler\"}},{\"@type\":\"ListItem\",\"@id\":\"https:\\\/\\\/enermak.com\\\/en\\\/urunler\\\/c-serisi-termografik-kamera\\\/#listItem\",\"position\":4,\"name\":\"C Serisi &#8211; Termografik Kamera\",\"previousItem\":{\"@type\":\"ListItem\",\"@id\":\"https:\\\/\\\/enermak.com\\\/en\\\/urunler\\\/kategori\\\/termal-kamera\\\/#listItem\",\"name\":\"Termal Kamera\"}}]},{\"@type\":\"ItemPage\",\"@id\":\"https:\\\/\\\/enermak.com\\\/en\\\/urunler\\\/c-serisi-termografik-kamera\\\/#itempage\",\"url\":\"https:\\\/\\\/enermak.com\\\/en\\\/urunler\\\/c-serisi-termografik-kamera\\\/\",\"name\":\"C Serisi \\u2013 Termografik Kamera - Enermak Enerji\",\"description\":\"Altyap\\u0131 ve \\u015febeke tespitinde kullanabilece\\u011finiz, profesy\\u00f6nelli\\u011finizi bir ad\\u0131m ileri ta\\u015f\\u0131yacak bir \\u00e7ok \\u00fcr\\u00fcn Enermak Enerji'de. Termografik Kamera\",\"inLanguage\":\"en-US\",\"isPartOf\":{\"@id\":\"https:\\\/\\\/enermak.com\\\/en\\\/#website\"},\"breadcrumb\":{\"@id\":\"https:\\\/\\\/enermak.com\\\/en\\\/urunler\\\/c-serisi-termografik-kamera\\\/#breadcrumblist\"},\"image\":{\"@type\":\"ImageObject\",\"url\":\"https:\\\/\\\/enermak.com\\\/wp-content\\\/uploads\\\/2022\\\/05\\\/IR-Termal-Kamera1.jpg\",\"@id\":\"https:\\\/\\\/enermak.com\\\/en\\\/urunler\\\/c-serisi-termografik-kamera\\\/#mainImage\",\"width\":479,\"height\":480},\"primaryImageOfPage\":{\"@id\":\"https:\\\/\\\/enermak.com\\\/en\\\/urunler\\\/c-serisi-termografik-kamera\\\/#mainImage\"},\"datePublished\":\"2022-05-05T14:28:39+03:00\",\"dateModified\":\"2026-02-18T15:13:02+03:00\"},{\"@type\":\"Organization\",\"@id\":\"https:\\\/\\\/enermak.com\\\/en\\\/#organization\",\"name\":\"Enermak Enerji\",\"description\":\"Yeralt\\u0131ndan Haberler\",\"url\":\"https:\\\/\\\/enermak.com\\\/en\\\/\",\"telephone\":\"+903123851102\",\"logo\":{\"@type\":\"ImageObject\",\"url\":\"https:\\\/\\\/enermak.com\\\/wp-content\\\/uploads\\\/2022\\\/03\\\/logo-tr-1.png\",\"@id\":\"https:\\\/\\\/enermak.com\\\/en\\\/urunler\\\/c-serisi-termografik-kamera\\\/#organizationLogo\"},\"image\":{\"@id\":\"https:\\\/\\\/enermak.com\\\/en\\\/urunler\\\/c-serisi-termografik-kamera\\\/#organizationLogo\"},\"sameAs\":[\"https:\\\/\\\/www.facebook.com\\\/YERALTINDANHABERLER\\\/\",\"https:\\\/\\\/twitter.com\\\/enerjienermak\",\"https:\\\/\\\/www.instagram.com\\\/enermakenerji\\\/\",\"https:\\\/\\\/www.youtube.com\\\/c\\\/EnermakEnerji\",\"https:\\\/\\\/www.linkedin.com\\\/in\\\/enermak\"]},{\"@type\":\"WebPage\",\"@id\":\"https:\\\/\\\/enermak.com\\\/en\\\/urunler\\\/c-serisi-termografik-kamera\\\/#webpage\",\"url\":\"https:\\\/\\\/enermak.com\\\/en\\\/urunler\\\/c-serisi-termografik-kamera\\\/\",\"name\":\"C Serisi \\u2013 Termografik Kamera - Enermak Enerji\",\"description\":\"Altyap\\u0131 ve \\u015febeke tespitinde kullanabilece\\u011finiz, profesy\\u00f6nelli\\u011finizi bir ad\\u0131m ileri ta\\u015f\\u0131yacak bir \\u00e7ok \\u00fcr\\u00fcn Enermak Enerji'de. Termografik Kamera\",\"inLanguage\":\"en-US\",\"isPartOf\":{\"@id\":\"https:\\\/\\\/enermak.com\\\/en\\\/#website\"},\"breadcrumb\":{\"@id\":\"https:\\\/\\\/enermak.com\\\/en\\\/urunler\\\/c-serisi-termografik-kamera\\\/#breadcrumblist\"},\"image\":{\"@type\":\"ImageObject\",\"url\":\"https:\\\/\\\/enermak.com\\\/wp-content\\\/uploads\\\/2022\\\/05\\\/IR-Termal-Kamera1.jpg\",\"@id\":\"https:\\\/\\\/enermak.com\\\/en\\\/urunler\\\/c-serisi-termografik-kamera\\\/#mainImage\",\"width\":479,\"height\":480},\"primaryImageOfPage\":{\"@id\":\"https:\\\/\\\/enermak.com\\\/en\\\/urunler\\\/c-serisi-termografik-kamera\\\/#mainImage\"},\"datePublished\":\"2022-05-05T14:28:39+03:00\",\"dateModified\":\"2026-02-18T15:13:02+03:00\"},{\"@type\":\"WebSite\",\"@id\":\"https:\\\/\\\/enermak.com\\\/en\\\/#website\",\"url\":\"https:\\\/\\\/enermak.com\\\/en\\\/\",\"name\":\"Enermak Enerji\",\"alternateName\":\"Yeralt\\u0131ndan Haberler\",\"description\":\"Yeralt\\u0131ndan Haberler\",\"inLanguage\":\"en-US\",\"publisher\":{\"@id\":\"https:\\\/\\\/enermak.com\\\/en\\\/#organization\"}}]}\n\t\t<\/script>\n\t\t<!-- All in One SEO Pro -->\r\n\t\t<title>C Serisi \u2013 Termografik Kamera - Enermak Enerji<\/title>\n\n","aioseo_head_json":{"title":"C Serisi \u2013 Termografik Kamera - Enermak Enerji","description":"Altyap\u0131 ve \u015febeke tespitinde kullanabilece\u011finiz, profesy\u00f6nelli\u011finizi bir ad\u0131m ileri ta\u015f\u0131yacak bir \u00e7ok \u00fcr\u00fcn Enermak Enerji'de. Termografik Kamera","canonical_url":"https:\/\/enermak.com\/en\/urunler\/c-serisi-termografik-kamera\/","robots":"max-snippet:-1, max-image-preview:large, max-video-preview:-1","keywords":"","webmasterTools":{"yandex-verification":"yandex-verification: 61c39bc218eec6a9","miscellaneous":""},"schema":{"@context":"https:\/\/schema.org","@graph":[{"@type":"BreadcrumbList","@id":"https:\/\/enermak.com\/en\/urunler\/c-serisi-termografik-kamera\/#breadcrumblist","itemListElement":[{"@type":"ListItem","@id":"https:\/\/enermak.com\/en#listItem","position":1,"name":"Home","item":"https:\/\/enermak.com\/en","nextItem":{"@type":"ListItem","@id":"https:\/\/enermak.com\/en\/urunler\/#listItem","name":"\u00dcr\u00fcnler"}},{"@type":"ListItem","@id":"https:\/\/enermak.com\/en\/urunler\/#listItem","position":2,"name":"\u00dcr\u00fcnler","item":"https:\/\/enermak.com\/en\/urunler\/","nextItem":{"@type":"ListItem","@id":"https:\/\/enermak.com\/en\/urunler\/kategori\/termal-kamera\/#listItem","name":"Termal Kamera"},"previousItem":{"@type":"ListItem","@id":"https:\/\/enermak.com\/en#listItem","name":"Home"}},{"@type":"ListItem","@id":"https:\/\/enermak.com\/en\/urunler\/kategori\/termal-kamera\/#listItem","position":3,"name":"Termal Kamera","item":"https:\/\/enermak.com\/en\/urunler\/kategori\/termal-kamera\/","nextItem":{"@type":"ListItem","@id":"https:\/\/enermak.com\/en\/urunler\/c-serisi-termografik-kamera\/#listItem","name":"C Serisi &#8211; Termografik Kamera"},"previousItem":{"@type":"ListItem","@id":"https:\/\/enermak.com\/en\/urunler\/#listItem","name":"\u00dcr\u00fcnler"}},{"@type":"ListItem","@id":"https:\/\/enermak.com\/en\/urunler\/c-serisi-termografik-kamera\/#listItem","position":4,"name":"C Serisi &#8211; Termografik Kamera","previousItem":{"@type":"ListItem","@id":"https:\/\/enermak.com\/en\/urunler\/kategori\/termal-kamera\/#listItem","name":"Termal Kamera"}}]},{"@type":"ItemPage","@id":"https:\/\/enermak.com\/en\/urunler\/c-serisi-termografik-kamera\/#itempage","url":"https:\/\/enermak.com\/en\/urunler\/c-serisi-termografik-kamera\/","name":"C Serisi \u2013 Termografik Kamera - Enermak Enerji","description":"Altyap\u0131 ve \u015febeke tespitinde kullanabilece\u011finiz, profesy\u00f6nelli\u011finizi bir ad\u0131m ileri ta\u015f\u0131yacak bir \u00e7ok \u00fcr\u00fcn Enermak Enerji'de. Termografik Kamera","inLanguage":"en-US","isPartOf":{"@id":"https:\/\/enermak.com\/en\/#website"},"breadcrumb":{"@id":"https:\/\/enermak.com\/en\/urunler\/c-serisi-termografik-kamera\/#breadcrumblist"},"image":{"@type":"ImageObject","url":"https:\/\/enermak.com\/wp-content\/uploads\/2022\/05\/IR-Termal-Kamera1.jpg","@id":"https:\/\/enermak.com\/en\/urunler\/c-serisi-termografik-kamera\/#mainImage","width":479,"height":480},"primaryImageOfPage":{"@id":"https:\/\/enermak.com\/en\/urunler\/c-serisi-termografik-kamera\/#mainImage"},"datePublished":"2022-05-05T14:28:39+03:00","dateModified":"2026-02-18T15:13:02+03:00"},{"@type":"Organization","@id":"https:\/\/enermak.com\/en\/#organization","name":"Enermak Enerji","description":"Yeralt\u0131ndan Haberler","url":"https:\/\/enermak.com\/en\/","telephone":"+903123851102","logo":{"@type":"ImageObject","url":"https:\/\/enermak.com\/wp-content\/uploads\/2022\/03\/logo-tr-1.png","@id":"https:\/\/enermak.com\/en\/urunler\/c-serisi-termografik-kamera\/#organizationLogo"},"image":{"@id":"https:\/\/enermak.com\/en\/urunler\/c-serisi-termografik-kamera\/#organizationLogo"},"sameAs":["https:\/\/www.facebook.com\/YERALTINDANHABERLER\/","https:\/\/twitter.com\/enerjienermak","https:\/\/www.instagram.com\/enermakenerji\/","https:\/\/www.youtube.com\/c\/EnermakEnerji","https:\/\/www.linkedin.com\/in\/enermak"]},{"@type":"WebPage","@id":"https:\/\/enermak.com\/en\/urunler\/c-serisi-termografik-kamera\/#webpage","url":"https:\/\/enermak.com\/en\/urunler\/c-serisi-termografik-kamera\/","name":"C Serisi \u2013 Termografik Kamera - Enermak Enerji","description":"Altyap\u0131 ve \u015febeke tespitinde kullanabilece\u011finiz, profesy\u00f6nelli\u011finizi bir ad\u0131m ileri ta\u015f\u0131yacak bir \u00e7ok \u00fcr\u00fcn Enermak Enerji'de. Termografik Kamera","inLanguage":"en-US","isPartOf":{"@id":"https:\/\/enermak.com\/en\/#website"},"breadcrumb":{"@id":"https:\/\/enermak.com\/en\/urunler\/c-serisi-termografik-kamera\/#breadcrumblist"},"image":{"@type":"ImageObject","url":"https:\/\/enermak.com\/wp-content\/uploads\/2022\/05\/IR-Termal-Kamera1.jpg","@id":"https:\/\/enermak.com\/en\/urunler\/c-serisi-termografik-kamera\/#mainImage","width":479,"height":480},"primaryImageOfPage":{"@id":"https:\/\/enermak.com\/en\/urunler\/c-serisi-termografik-kamera\/#mainImage"},"datePublished":"2022-05-05T14:28:39+03:00","dateModified":"2026-02-18T15:13:02+03:00"},{"@type":"WebSite","@id":"https:\/\/enermak.com\/en\/#website","url":"https:\/\/enermak.com\/en\/","name":"Enermak Enerji","alternateName":"Yeralt\u0131ndan Haberler","description":"Yeralt\u0131ndan Haberler","inLanguage":"en-US","publisher":{"@id":"https:\/\/enermak.com\/en\/#organization"}}]},"og:locale":"en_US","og:site_name":"Enermak Enerji - Yeralt\u0131ndan Haberler","og:type":"article","og:title":"C Serisi \u2013 Termografik Kamera - Enermak Enerji","og:description":"Altyap\u0131 ve \u015febeke tespitinde kullanabilece\u011finiz, profesy\u00f6nelli\u011finizi bir ad\u0131m ileri ta\u015f\u0131yacak bir \u00e7ok \u00fcr\u00fcn Enermak Enerji'de. Termografik Kamera","og:url":"https:\/\/enermak.com\/en\/urunler\/c-serisi-termografik-kamera\/","og:image":"https:\/\/enermak.com\/wp-content\/uploads\/2022\/03\/logo-tr-1.png","og:image:secure_url":"https:\/\/enermak.com\/wp-content\/uploads\/2022\/03\/logo-tr-1.png","article:published_time":"2022-05-05T11:28:39+00:00","article:modified_time":"2026-02-18T12:13:02+00:00","article:publisher":"https:\/\/www.facebook.com\/YERALTINDANHABERLER\/","twitter:card":"summary_large_image","twitter:site":"@enerjienermak","twitter:title":"C Serisi \u2013 Termografik Kamera - Enermak Enerji","twitter:description":"Altyap\u0131 ve \u015febeke tespitinde kullanabilece\u011finiz, profesy\u00f6nelli\u011finizi bir ad\u0131m ileri ta\u015f\u0131yacak bir \u00e7ok \u00fcr\u00fcn Enermak Enerji'de. Termografik Kamera","twitter:image":"https:\/\/enermak.com\/wp-content\/uploads\/2022\/03\/logo-tr-1.png"},"aioseo_meta_data":{"post_id":"9421","title":null,"description":"Altyap\u0131 ve \u015febeke tespitinde kullanabilece\u011finiz, profesy\u00f6nelli\u011finizi bir ad\u0131m ileri ta\u015f\u0131yacak bir \u00e7ok \u00fcr\u00fcn Enermak Enerji'de. Termografik Kamera","keywords":null,"keyphrases":{"focus":{"keyphrase":"Termografik Kamera","analysis":{"keyphraseInTitle":{"score":9,"maxScore":9,"error":0},"keyphraseInDescription":{"score":9,"maxScore":9,"error":0},"keyphraseLength":{"score":9,"maxScore":9,"error":0,"length":2},"keyphraseInURL":{"score":5,"maxScore":5,"error":0},"keyphraseInIntroduction":{"score":9,"maxScore":9,"error":0},"keyphraseInSubHeadings":{"score":9,"maxScore":9,"error":0},"keyphraseInImageAlt":[],"keywordDensity":{"type":"best","score":9,"maxScore":9,"error":0}},"score":100},"additional":[]},"primary_term":null,"canonical_url":null,"og_title":null,"og_description":null,"og_object_type":"default","og_image_type":"default","og_image_url":null,"og_image_width":null,"og_image_height":null,"og_image_custom_url":null,"og_image_custom_fields":null,"og_video":"","og_custom_url":null,"og_article_section":null,"og_article_tags":null,"twitter_use_og":false,"twitter_card":"default","twitter_image_type":"default","twitter_image_url":null,"twitter_image_custom_url":null,"twitter_image_custom_fields":null,"twitter_title":null,"twitter_description":null,"schema":{"blockGraphs":[],"customGraphs":[],"default":{"data":{"Article":[],"Course":[],"Dataset":[],"FAQPage":[],"Movie":[],"Person":[],"Product":[],"ProductReview":[],"Car":[],"Recipe":[],"Service":[],"SoftwareApplication":[],"WebPage":[]},"graphName":"ItemPage","isEnabled":true},"graphs":[]},"schema_type":"default","schema_type_options":"{\"article\":{\"articleType\":\"BlogPosting\"},\"course\":{\"name\":\"\",\"description\":\"\",\"provider\":\"\"},\"faq\":{\"pages\":[]},\"product\":{\"reviews\":[]},\"recipe\":{\"ingredients\":[],\"instructions\":[],\"keywords\":[]},\"software\":{\"reviews\":[],\"operatingSystems\":[]},\"webPage\":{\"webPageType\":\"WebPage\"},\"blockGraphs\":[]}","pillar_content":false,"robots_default":false,"robots_noindex":false,"robots_noarchive":false,"robots_nosnippet":false,"robots_nofollow":false,"robots_noimageindex":false,"robots_noodp":false,"robots_notranslate":false,"robots_max_snippet":"-1","robots_max_videopreview":"-1","robots_max_imagepreview":"large","priority":null,"frequency":"default","local_seo":null,"seo_analyzer_scan_date":"2026-02-18 12:48:19","breadcrumb_settings":null,"limit_modified_date":false,"reviewed_by":null,"open_ai":"{\"title\":{\"suggestions\":[],\"usage\":0},\"description\":{\"suggestions\":[],\"usage\":0}}","ai":{"faqs":[],"keyPoints":[],"titles":[],"descriptions":[],"socialPosts":{"email":[],"linkedin":[],"twitter":[],"facebook":[],"instagram":[]}},"created":"2022-09-12 10:39:11","updated":"2026-02-18 12:48:19"},"aioseo_breadcrumb":"<div class=\"aioseo-breadcrumbs\"><span class=\"aioseo-breadcrumb\">\n\t<a href=\"https:\/\/enermak.com\/en\" title=\"Home\">Home<\/a>\n<\/span><span class=\"aioseo-breadcrumb-separator\">\u00bb<\/span><span class=\"aioseo-breadcrumb\">\n\t<a href=\"https:\/\/enermak.com\/en\/urunler\/\" title=\"\u00dcr\u00fcnler\">\u00dcr\u00fcnler<\/a>\n<\/span><span class=\"aioseo-breadcrumb-separator\">\u00bb<\/span><span class=\"aioseo-breadcrumb\">\n\t<a href=\"https:\/\/enermak.com\/en\/urunler\/kategori\/termal-kamera\/\" title=\"Termal Kamera\">Termal Kamera<\/a>\n<\/span><span class=\"aioseo-breadcrumb-separator\">\u00bb<\/span><span class=\"aioseo-breadcrumb\">\n\tC Serisi \u2013 Termografik Kamera\n<\/span><\/div>","aioseo_breadcrumb_json":[{"label":"Home","link":"https:\/\/enermak.com\/en"},{"label":"\u00dcr\u00fcnler","link":"https:\/\/enermak.com\/en\/urunler\/"},{"label":"Termal Kamera","link":"https:\/\/enermak.com\/en\/urunler\/kategori\/termal-kamera\/"},{"label":"C Serisi &#8211; Termografik Kamera","link":"https:\/\/enermak.com\/en\/urunler\/c-serisi-termografik-kamera\/"}],"_links":{"self":[{"href":"https:\/\/enermak.com\/en\/wp-json\/wp\/v2\/product\/9421","targetHints":{"allow":["GET"]}}],"collection":[{"href":"https:\/\/enermak.com\/en\/wp-json\/wp\/v2\/product"}],"about":[{"href":"https:\/\/enermak.com\/en\/wp-json\/wp\/v2\/types\/product"}],"version-history":[{"count":0,"href":"https:\/\/enermak.com\/en\/wp-json\/wp\/v2\/product\/9421\/revisions"}],"wp:featuredmedia":[{"embeddable":true,"href":"https:\/\/enermak.com\/en\/wp-json\/wp\/v2\/media\/9422"}],"wp:attachment":[{"href":"https:\/\/enermak.com\/en\/wp-json\/wp\/v2\/media?parent=9421"}],"wp:term":[{"taxonomy":"product_brand","embeddable":true,"href":"https:\/\/enermak.com\/en\/wp-json\/wp\/v2\/product_brand?post=9421"},{"taxonomy":"product_cat","embeddable":true,"href":"https:\/\/enermak.com\/en\/wp-json\/wp\/v2\/product_cat?post=9421"},{"taxonomy":"product_tag","embeddable":true,"href":"https:\/\/enermak.com\/en\/wp-json\/wp\/v2\/product_tag?post=9421"},{"taxonomy":"product_brands","embeddable":true,"href":"https:\/\/enermak.com\/en\/wp-json\/wp\/v2\/product_brands?post=9421"}],"curies":[{"name":"wp","href":"https:\/\/api.w.org\/{rel}","templated":true}]}}