{"id":9417,"date":"2022-05-05T14:26:14","date_gmt":"2022-05-05T11:26:14","guid":{"rendered":"http:\/\/isimmedya.com\/?post_type=product&#038;p=9417"},"modified":"2026-02-18T15:13:05","modified_gmt":"2026-02-18T12:13:05","slug":"d-serisi-termografik-ir-kamera","status":"publish","type":"product","link":"https:\/\/enermak.com\/en\/urunler\/d-serisi-termografik-ir-kamera\/","title":{"rendered":"D Serisi &#8211; Termografik IR Kamera"},"content":{"rendered":"<h2 class=\"wp-block-heading has-medium-font-size\"><span style=\"color: #000000;\"><strong>Termografik IR Kamera<\/strong><\/span><\/h2>\n<p><span style=\"color: #000000;\">Guide Infrared\u2019in yeni piyasaya s\u00fcr\u00fclen termografik IR kameras\u0131 olarak D serisi, Guide\u2019\u0131n hem y\u00fcksek kaliteli hem de yenilik\u00e7i \u00f6zellikler sunma gelene\u011fini s\u00fcrd\u00fcr\u00fcyor. D serisinin \u00f6ne \u00e7\u0131kan \u00f6zellikleri sa\u011flam ve ergonomik tasar\u0131m\u0131nda yatmaktad\u0131r. Dahas\u0131, k\u0131sa \u00e7al\u0131\u015fma aray\u00fcz\u00fc ve ak\u0131ll\u0131 d\u00fc\u011fme navigasyonu, kullan\u0131c\u0131n\u0131n ilk kez bir uzman olarak hissetmesini sa\u011flayacakt\u0131r. D serisi, farkl\u0131 durumlarda farkl\u0131 FOV gereksinimleri i\u00e7in iste\u011fe ba\u011fl\u0131 lens seti ile donat\u0131lm\u0131\u015ft\u0131r. Sabit ayd\u0131nlat\u0131c\u0131 ile kolayca g\u00f6r\u00fcn\u00fcr foto\u011fraflar \u00e7ekebilir ve sorunlar\u0131 daha kolay bulman\u0131za yard\u0131mc\u0131 olan k\u0131z\u0131l\u00f6tesi foto\u011fraflar ile kar\u015f\u0131la\u015ft\u0131rabilirsiniz.<\/span><\/p>\n<h2 class=\"wp-block-heading has-medium-font-size\"><span style=\"color: #000000;\"><strong>\u00c7al\u0131\u015fma Alanlar\u0131 <\/strong><\/span><\/h2>\n<ul>\n<li><span style=\"color: #000000;\">Elektrikli Ekipman Muayene<\/span><\/li>\n<li><span style=\"color: #000000;\">T\u0131bbi Tan\u0131<\/span><\/li>\n<li><span style=\"color: #000000;\">Mekanik Bak\u0131m<\/span><\/li>\n<li><span style=\"color: #000000;\">Telekom Ekipman Muayene<\/span><\/li>\n<li><span style=\"color: #000000;\">Bina Te\u015fhis<\/span><\/li>\n<li><span style=\"color: #000000;\">Kimya Sanayi Ekipmanlar\u0131 Muayene<\/span><\/li>\n<li><span style=\"color: #000000;\">\u00d6zellikleri ve Faydalar\u0131<\/span><\/li>\n<\/ul>\n<h2 class=\"wp-block-heading has-medium-font-size\"><span style=\"color: #000000;\"><strong>\u00d6zellikleri ve Faydalar\u0131<\/strong><\/span><\/h2>\n<h3><span style=\"color: #000000;\"><strong>4\u201d y\u00fcksek hassasiyetli dokunmatik ekran<\/strong><\/span><\/h3>\n<ul>\n<li><span style=\"color: #000000;\">Ayarlanabilir parlakl\u0131k. G\u00fcn \u0131\u015f\u0131\u011f\u0131nda bile a\u00e7\u0131kt\u0131r. T\u00fcm i\u015flemler dokunmatik ekranda tamamlanabilir.<\/span><\/li>\n<\/ul>\n<h3><span style=\"color: #000000;\"><strong>Opsiyonel lens seti<\/strong><\/span><\/h3>\n<ul>\n<li><span style=\"color: #000000;\">Farkl\u0131 durumlar i\u00e7in uygun lensi se\u00e7ebilirsiniz.<\/span><\/li>\n<\/ul>\n<h3><span style=\"color: #000000;\"><strong>Dahili ayd\u0131nlat\u0131c\u0131<\/strong><\/span><\/h3>\n<ul>\n<li><span style=\"color: #000000;\">D\u00fc\u015f\u00fck \u0131\u015f\u0131kl\u0131 ortamlarda bile net foto\u011fraflar \u00e7ekebilirsiniz.<\/span><\/li>\n<\/ul>\n<h3><span style=\"color: #000000;\"><strong>Farkl\u0131 g\u00f6r\u00fcnt\u00fc tipleri<\/strong><\/span><\/h3>\n<ul>\n<li><span style=\"color: #000000;\">IR, G\u00f6zle g\u00f6r\u00fcn\u00fcr, MIF,<\/span><\/li>\n<li><span style=\"color: #000000;\">PIP<\/span><\/li>\n<\/ul>\n<h3><span style=\"color: #000000;\"><strong>\u00c7\u0131kar\u0131labilir SD kart<\/strong><\/span><\/h3>\n<ul>\n<li><span style=\"color: #000000;\">Foto\u011fraf ve video depolamak i\u00e7in 32G\u2019a kadar depolama kapasitesi.<\/span><\/li>\n<\/ul>\n<h3><span style=\"color: #000000;\"><strong>Wi-Fi payla\u015f\u0131m\u0131<\/strong><\/span><\/h3>\n<ul>\n<li><span style=\"color: #000000;\">IR g\u00f6r\u00fcnt\u00fclerini ve bulgular\u0131n\u0131 hemen payla\u015f\u0131n.<\/span><\/li>\n<\/ul>\n<h3><span style=\"color: #000000;\"><strong>Mobil terminal ile ba\u011flant\u0131<\/strong><\/span><\/h3>\n<ul>\n<li><span style=\"color: #000000;\">\u00c7oklu ekran kontrol\u00fc elde etmek i\u00e7in ve IR foto\u011fraf \u00e7ekmek i\u00e7in mobil terminal ile ba\u011flant\u0131 kurun.<\/span><\/li>\n<\/ul>","protected":false},"excerpt":{"rendered":"<h2><span style=\"color: #000000;\">Guider Infrared<\/span><\/h2>\n<h3><span style=\"color: #000000;\">D Serisi<\/span><\/h3>\n<p><span style=\"color: #000000;\">Guide Infrared\u2019in yeni piyasaya s\u00fcr\u00fclen termografik IR kameras\u0131 olarak D serisi, Guide\u2019\u0131n hem y\u00fcksek kaliteli hem de yenilik\u00e7i \u00f6zellikler sunma gelene\u011fini s\u00fcrd\u00fcr\u00fcyor. D serisinin \u00f6ne \u00e7\u0131kan \u00f6zellikleri sa\u011flam ve ergonomik tasar\u0131m\u0131nda yatmaktad\u0131r. Dahas\u0131, k\u0131sa \u00e7al\u0131\u015fma aray\u00fcz\u00fc ve ak\u0131ll\u0131 d\u00fc\u011fme navigasyonu, kullan\u0131c\u0131n\u0131n ilk kez bir uzman olarak hissetmesini sa\u011flayacakt\u0131r. D serisi, farkl\u0131 durumlarda farkl\u0131 FOV gereksinimleri i\u00e7in iste\u011fe ba\u011fl\u0131 lens seti ile donat\u0131lm\u0131\u015ft\u0131r. Sabit ayd\u0131nlat\u0131c\u0131 ile kolayca g\u00f6r\u00fcn\u00fcr foto\u011fraflar \u00e7ekebilir ve sorunlar\u0131 daha kolay bulman\u0131za yard\u0131mc\u0131 olan k\u0131z\u0131l\u00f6tesi foto\u011fraflar ile kar\u015f\u0131la\u015ft\u0131rabilirsiniz.<\/span><\/p>","protected":false},"featured_media":29870,"template":"","meta":{"_bst_post_transparent":"default","_bst_post_title":"","_bst_post_layout":"default","_bst_post_sidebar_id":"","_bst_post_content_style":"default","_bst_post_vertical_padding":"default","_bst_post_feature":"","_bst_post_feature_position":"","_bst_post_header":false,"_bst_post_footer":false},"product_brand":[],"product_cat":[152],"product_tag":[544,545,543,542],"product_brands":[],"class_list":{"0":"post-9417","1":"product","2":"type-product","3":"status-publish","4":"has-post-thumbnail","6":"product_cat-termal-kamera","7":"product_tag-guide","8":"product_tag-infrared","9":"product_tag-ir-kamera","10":"product_tag-termal-kamera","12":"first","13":"instock","14":"shipping-taxable","15":"product-type-simple","16":"entry","17":"content-bg","18":"loop-entry"},"aioseo_notices":[],"aioseo_head":"\n\t\t<!-- All in One SEO Pro 4.9.6.2 - aioseo.com -->\n\t<meta name=\"description\" content=\"Altyap\u0131 ve \u015febeke tespitinde kullanabilece\u011finiz, profesy\u00f6nelli\u011finizi bir ad\u0131m ileri ta\u015f\u0131yacak bir \u00e7ok \u00fcr\u00fcn Enermak Enerji&#039;de. Termografik IR Kamera\" \/>\n\t<meta name=\"robots\" content=\"max-snippet:-1, max-image-preview:large, max-video-preview:-1\" \/>\n\t<meta name=\"yandex-verification\" content=\"yandex-verification: 61c39bc218eec6a9\" \/>\n\t<link rel=\"canonical\" href=\"https:\/\/enermak.com\/en\/urunler\/d-serisi-termografik-ir-kamera\/\" \/>\n\t<meta name=\"generator\" content=\"All in One SEO Pro (AIOSEO) 4.9.6.2\" \/>\n\t\t<meta property=\"og:locale\" content=\"en_US\" \/>\n\t\t<meta property=\"og:site_name\" content=\"Enermak Enerji - Yeralt\u0131ndan Haberler\" \/>\n\t\t<meta property=\"og:type\" content=\"article\" \/>\n\t\t<meta property=\"og:title\" content=\"D Serisi \u2013 Termografik IR Kamera - Enermak Enerji\" \/>\n\t\t<meta property=\"og:description\" content=\"Altyap\u0131 ve \u015febeke tespitinde kullanabilece\u011finiz, profesy\u00f6nelli\u011finizi bir ad\u0131m ileri ta\u015f\u0131yacak bir \u00e7ok \u00fcr\u00fcn Enermak Enerji&#039;de. Termografik IR Kamera\" \/>\n\t\t<meta property=\"og:url\" content=\"https:\/\/enermak.com\/en\/urunler\/d-serisi-termografik-ir-kamera\/\" \/>\n\t\t<meta property=\"og:image\" content=\"https:\/\/enermak.com\/wp-content\/uploads\/2022\/03\/logo-tr-1.png\" \/>\n\t\t<meta property=\"og:image:secure_url\" content=\"https:\/\/enermak.com\/wp-content\/uploads\/2022\/03\/logo-tr-1.png\" \/>\n\t\t<meta property=\"article:published_time\" content=\"2022-05-05T11:26:14+00:00\" \/>\n\t\t<meta property=\"article:modified_time\" content=\"2026-02-18T12:13:05+00:00\" \/>\n\t\t<meta property=\"article:publisher\" content=\"https:\/\/www.facebook.com\/YERALTINDANHABERLER\/\" \/>\n\t\t<meta name=\"twitter:card\" content=\"summary_large_image\" \/>\n\t\t<meta name=\"twitter:site\" content=\"@enerjienermak\" \/>\n\t\t<meta name=\"twitter:title\" content=\"D Serisi \u2013 Termografik IR Kamera - Enermak Enerji\" \/>\n\t\t<meta name=\"twitter:description\" content=\"Altyap\u0131 ve \u015febeke tespitinde kullanabilece\u011finiz, profesy\u00f6nelli\u011finizi bir ad\u0131m ileri ta\u015f\u0131yacak bir \u00e7ok \u00fcr\u00fcn Enermak Enerji&#039;de. Termografik IR Kamera\" \/>\n\t\t<meta name=\"twitter:image\" content=\"https:\/\/enermak.com\/wp-content\/uploads\/2022\/03\/logo-tr-1.png\" \/>\n\t\t<script type=\"application\/ld+json\" class=\"aioseo-schema\">\n\t\t\t{\"@context\":\"https:\\\/\\\/schema.org\",\"@graph\":[{\"@type\":\"BreadcrumbList\",\"@id\":\"https:\\\/\\\/enermak.com\\\/en\\\/urunler\\\/d-serisi-termografik-ir-kamera\\\/#breadcrumblist\",\"itemListElement\":[{\"@type\":\"ListItem\",\"@id\":\"https:\\\/\\\/enermak.com\\\/en#listItem\",\"position\":1,\"name\":\"Home\",\"item\":\"https:\\\/\\\/enermak.com\\\/en\",\"nextItem\":{\"@type\":\"ListItem\",\"@id\":\"https:\\\/\\\/enermak.com\\\/en\\\/urunler\\\/#listItem\",\"name\":\"\\u00dcr\\u00fcnler\"}},{\"@type\":\"ListItem\",\"@id\":\"https:\\\/\\\/enermak.com\\\/en\\\/urunler\\\/#listItem\",\"position\":2,\"name\":\"\\u00dcr\\u00fcnler\",\"item\":\"https:\\\/\\\/enermak.com\\\/en\\\/urunler\\\/\",\"nextItem\":{\"@type\":\"ListItem\",\"@id\":\"https:\\\/\\\/enermak.com\\\/en\\\/urunler\\\/kategori\\\/termal-kamera\\\/#listItem\",\"name\":\"Termal Kamera\"},\"previousItem\":{\"@type\":\"ListItem\",\"@id\":\"https:\\\/\\\/enermak.com\\\/en#listItem\",\"name\":\"Home\"}},{\"@type\":\"ListItem\",\"@id\":\"https:\\\/\\\/enermak.com\\\/en\\\/urunler\\\/kategori\\\/termal-kamera\\\/#listItem\",\"position\":3,\"name\":\"Termal Kamera\",\"item\":\"https:\\\/\\\/enermak.com\\\/en\\\/urunler\\\/kategori\\\/termal-kamera\\\/\",\"nextItem\":{\"@type\":\"ListItem\",\"@id\":\"https:\\\/\\\/enermak.com\\\/en\\\/urunler\\\/d-serisi-termografik-ir-kamera\\\/#listItem\",\"name\":\"D Serisi &#8211; Termografik IR Kamera\"},\"previousItem\":{\"@type\":\"ListItem\",\"@id\":\"https:\\\/\\\/enermak.com\\\/en\\\/urunler\\\/#listItem\",\"name\":\"\\u00dcr\\u00fcnler\"}},{\"@type\":\"ListItem\",\"@id\":\"https:\\\/\\\/enermak.com\\\/en\\\/urunler\\\/d-serisi-termografik-ir-kamera\\\/#listItem\",\"position\":4,\"name\":\"D Serisi &#8211; Termografik IR Kamera\",\"previousItem\":{\"@type\":\"ListItem\",\"@id\":\"https:\\\/\\\/enermak.com\\\/en\\\/urunler\\\/kategori\\\/termal-kamera\\\/#listItem\",\"name\":\"Termal Kamera\"}}]},{\"@type\":\"ItemPage\",\"@id\":\"https:\\\/\\\/enermak.com\\\/en\\\/urunler\\\/d-serisi-termografik-ir-kamera\\\/#itempage\",\"url\":\"https:\\\/\\\/enermak.com\\\/en\\\/urunler\\\/d-serisi-termografik-ir-kamera\\\/\",\"name\":\"D Serisi \\u2013 Termografik IR Kamera - Enermak Enerji\",\"description\":\"Altyap\\u0131 ve \\u015febeke tespitinde kullanabilece\\u011finiz, profesy\\u00f6nelli\\u011finizi bir ad\\u0131m ileri ta\\u015f\\u0131yacak bir \\u00e7ok \\u00fcr\\u00fcn Enermak Enerji'de. Termografik IR Kamera\",\"inLanguage\":\"en-US\",\"isPartOf\":{\"@id\":\"https:\\\/\\\/enermak.com\\\/en\\\/#website\"},\"breadcrumb\":{\"@id\":\"https:\\\/\\\/enermak.com\\\/en\\\/urunler\\\/d-serisi-termografik-ir-kamera\\\/#breadcrumblist\"},\"image\":{\"@type\":\"ImageObject\",\"url\":\"https:\\\/\\\/enermak.com\\\/wp-content\\\/uploads\\\/2022\\\/05\\\/Termografik-IR-Kamera.jpg\",\"@id\":\"https:\\\/\\\/enermak.com\\\/en\\\/urunler\\\/d-serisi-termografik-ir-kamera\\\/#mainImage\",\"width\":479,\"height\":480,\"caption\":\"Termografik IR Kamera\"},\"primaryImageOfPage\":{\"@id\":\"https:\\\/\\\/enermak.com\\\/en\\\/urunler\\\/d-serisi-termografik-ir-kamera\\\/#mainImage\"},\"datePublished\":\"2022-05-05T14:26:14+03:00\",\"dateModified\":\"2026-02-18T15:13:05+03:00\"},{\"@type\":\"Organization\",\"@id\":\"https:\\\/\\\/enermak.com\\\/en\\\/#organization\",\"name\":\"Enermak Enerji\",\"description\":\"Yeralt\\u0131ndan Haberler\",\"url\":\"https:\\\/\\\/enermak.com\\\/en\\\/\",\"telephone\":\"+903123851102\",\"logo\":{\"@type\":\"ImageObject\",\"url\":\"https:\\\/\\\/enermak.com\\\/wp-content\\\/uploads\\\/2022\\\/03\\\/logo-tr-1.png\",\"@id\":\"https:\\\/\\\/enermak.com\\\/en\\\/urunler\\\/d-serisi-termografik-ir-kamera\\\/#organizationLogo\"},\"image\":{\"@id\":\"https:\\\/\\\/enermak.com\\\/en\\\/urunler\\\/d-serisi-termografik-ir-kamera\\\/#organizationLogo\"},\"sameAs\":[\"https:\\\/\\\/www.facebook.com\\\/YERALTINDANHABERLER\\\/\",\"https:\\\/\\\/twitter.com\\\/enerjienermak\",\"https:\\\/\\\/www.instagram.com\\\/enermakenerji\\\/\",\"https:\\\/\\\/www.youtube.com\\\/c\\\/EnermakEnerji\",\"https:\\\/\\\/www.linkedin.com\\\/in\\\/enermak\"]},{\"@type\":\"WebPage\",\"@id\":\"https:\\\/\\\/enermak.com\\\/en\\\/urunler\\\/d-serisi-termografik-ir-kamera\\\/#webpage\",\"url\":\"https:\\\/\\\/enermak.com\\\/en\\\/urunler\\\/d-serisi-termografik-ir-kamera\\\/\",\"name\":\"D Serisi \\u2013 Termografik IR Kamera - Enermak Enerji\",\"description\":\"Altyap\\u0131 ve \\u015febeke tespitinde kullanabilece\\u011finiz, profesy\\u00f6nelli\\u011finizi bir ad\\u0131m ileri ta\\u015f\\u0131yacak bir \\u00e7ok \\u00fcr\\u00fcn Enermak Enerji'de. Termografik IR Kamera\",\"inLanguage\":\"en-US\",\"isPartOf\":{\"@id\":\"https:\\\/\\\/enermak.com\\\/en\\\/#website\"},\"breadcrumb\":{\"@id\":\"https:\\\/\\\/enermak.com\\\/en\\\/urunler\\\/d-serisi-termografik-ir-kamera\\\/#breadcrumblist\"},\"image\":{\"@type\":\"ImageObject\",\"url\":\"https:\\\/\\\/enermak.com\\\/wp-content\\\/uploads\\\/2022\\\/05\\\/Termografik-IR-Kamera.jpg\",\"@id\":\"https:\\\/\\\/enermak.com\\\/en\\\/urunler\\\/d-serisi-termografik-ir-kamera\\\/#mainImage\",\"width\":479,\"height\":480,\"caption\":\"Termografik IR Kamera\"},\"primaryImageOfPage\":{\"@id\":\"https:\\\/\\\/enermak.com\\\/en\\\/urunler\\\/d-serisi-termografik-ir-kamera\\\/#mainImage\"},\"datePublished\":\"2022-05-05T14:26:14+03:00\",\"dateModified\":\"2026-02-18T15:13:05+03:00\"},{\"@type\":\"WebSite\",\"@id\":\"https:\\\/\\\/enermak.com\\\/en\\\/#website\",\"url\":\"https:\\\/\\\/enermak.com\\\/en\\\/\",\"name\":\"Enermak Enerji\",\"alternateName\":\"Yeralt\\u0131ndan Haberler\",\"description\":\"Yeralt\\u0131ndan Haberler\",\"inLanguage\":\"en-US\",\"publisher\":{\"@id\":\"https:\\\/\\\/enermak.com\\\/en\\\/#organization\"}}]}\n\t\t<\/script>\n\t\t<!-- All in One SEO Pro -->\r\n\t\t<title>D Serisi \u2013 Termografik IR Kamera - Enermak Enerji<\/title>\n\n","aioseo_head_json":{"title":"D Serisi \u2013 Termografik IR Kamera - Enermak Enerji","description":"Altyap\u0131 ve \u015febeke tespitinde kullanabilece\u011finiz, profesy\u00f6nelli\u011finizi bir ad\u0131m ileri ta\u015f\u0131yacak bir \u00e7ok \u00fcr\u00fcn Enermak Enerji'de. Termografik IR Kamera","canonical_url":"https:\/\/enermak.com\/en\/urunler\/d-serisi-termografik-ir-kamera\/","robots":"max-snippet:-1, max-image-preview:large, max-video-preview:-1","keywords":"","webmasterTools":{"yandex-verification":"yandex-verification: 61c39bc218eec6a9","miscellaneous":""},"schema":{"@context":"https:\/\/schema.org","@graph":[{"@type":"BreadcrumbList","@id":"https:\/\/enermak.com\/en\/urunler\/d-serisi-termografik-ir-kamera\/#breadcrumblist","itemListElement":[{"@type":"ListItem","@id":"https:\/\/enermak.com\/en#listItem","position":1,"name":"Home","item":"https:\/\/enermak.com\/en","nextItem":{"@type":"ListItem","@id":"https:\/\/enermak.com\/en\/urunler\/#listItem","name":"\u00dcr\u00fcnler"}},{"@type":"ListItem","@id":"https:\/\/enermak.com\/en\/urunler\/#listItem","position":2,"name":"\u00dcr\u00fcnler","item":"https:\/\/enermak.com\/en\/urunler\/","nextItem":{"@type":"ListItem","@id":"https:\/\/enermak.com\/en\/urunler\/kategori\/termal-kamera\/#listItem","name":"Termal Kamera"},"previousItem":{"@type":"ListItem","@id":"https:\/\/enermak.com\/en#listItem","name":"Home"}},{"@type":"ListItem","@id":"https:\/\/enermak.com\/en\/urunler\/kategori\/termal-kamera\/#listItem","position":3,"name":"Termal Kamera","item":"https:\/\/enermak.com\/en\/urunler\/kategori\/termal-kamera\/","nextItem":{"@type":"ListItem","@id":"https:\/\/enermak.com\/en\/urunler\/d-serisi-termografik-ir-kamera\/#listItem","name":"D Serisi &#8211; Termografik IR Kamera"},"previousItem":{"@type":"ListItem","@id":"https:\/\/enermak.com\/en\/urunler\/#listItem","name":"\u00dcr\u00fcnler"}},{"@type":"ListItem","@id":"https:\/\/enermak.com\/en\/urunler\/d-serisi-termografik-ir-kamera\/#listItem","position":4,"name":"D Serisi &#8211; Termografik IR Kamera","previousItem":{"@type":"ListItem","@id":"https:\/\/enermak.com\/en\/urunler\/kategori\/termal-kamera\/#listItem","name":"Termal Kamera"}}]},{"@type":"ItemPage","@id":"https:\/\/enermak.com\/en\/urunler\/d-serisi-termografik-ir-kamera\/#itempage","url":"https:\/\/enermak.com\/en\/urunler\/d-serisi-termografik-ir-kamera\/","name":"D Serisi \u2013 Termografik IR Kamera - Enermak Enerji","description":"Altyap\u0131 ve \u015febeke tespitinde kullanabilece\u011finiz, profesy\u00f6nelli\u011finizi bir ad\u0131m ileri ta\u015f\u0131yacak bir \u00e7ok \u00fcr\u00fcn Enermak Enerji'de. Termografik IR Kamera","inLanguage":"en-US","isPartOf":{"@id":"https:\/\/enermak.com\/en\/#website"},"breadcrumb":{"@id":"https:\/\/enermak.com\/en\/urunler\/d-serisi-termografik-ir-kamera\/#breadcrumblist"},"image":{"@type":"ImageObject","url":"https:\/\/enermak.com\/wp-content\/uploads\/2022\/05\/Termografik-IR-Kamera.jpg","@id":"https:\/\/enermak.com\/en\/urunler\/d-serisi-termografik-ir-kamera\/#mainImage","width":479,"height":480,"caption":"Termografik IR Kamera"},"primaryImageOfPage":{"@id":"https:\/\/enermak.com\/en\/urunler\/d-serisi-termografik-ir-kamera\/#mainImage"},"datePublished":"2022-05-05T14:26:14+03:00","dateModified":"2026-02-18T15:13:05+03:00"},{"@type":"Organization","@id":"https:\/\/enermak.com\/en\/#organization","name":"Enermak Enerji","description":"Yeralt\u0131ndan Haberler","url":"https:\/\/enermak.com\/en\/","telephone":"+903123851102","logo":{"@type":"ImageObject","url":"https:\/\/enermak.com\/wp-content\/uploads\/2022\/03\/logo-tr-1.png","@id":"https:\/\/enermak.com\/en\/urunler\/d-serisi-termografik-ir-kamera\/#organizationLogo"},"image":{"@id":"https:\/\/enermak.com\/en\/urunler\/d-serisi-termografik-ir-kamera\/#organizationLogo"},"sameAs":["https:\/\/www.facebook.com\/YERALTINDANHABERLER\/","https:\/\/twitter.com\/enerjienermak","https:\/\/www.instagram.com\/enermakenerji\/","https:\/\/www.youtube.com\/c\/EnermakEnerji","https:\/\/www.linkedin.com\/in\/enermak"]},{"@type":"WebPage","@id":"https:\/\/enermak.com\/en\/urunler\/d-serisi-termografik-ir-kamera\/#webpage","url":"https:\/\/enermak.com\/en\/urunler\/d-serisi-termografik-ir-kamera\/","name":"D Serisi \u2013 Termografik IR Kamera - Enermak Enerji","description":"Altyap\u0131 ve \u015febeke tespitinde kullanabilece\u011finiz, profesy\u00f6nelli\u011finizi bir ad\u0131m ileri ta\u015f\u0131yacak bir \u00e7ok \u00fcr\u00fcn Enermak Enerji'de. Termografik IR Kamera","inLanguage":"en-US","isPartOf":{"@id":"https:\/\/enermak.com\/en\/#website"},"breadcrumb":{"@id":"https:\/\/enermak.com\/en\/urunler\/d-serisi-termografik-ir-kamera\/#breadcrumblist"},"image":{"@type":"ImageObject","url":"https:\/\/enermak.com\/wp-content\/uploads\/2022\/05\/Termografik-IR-Kamera.jpg","@id":"https:\/\/enermak.com\/en\/urunler\/d-serisi-termografik-ir-kamera\/#mainImage","width":479,"height":480,"caption":"Termografik IR Kamera"},"primaryImageOfPage":{"@id":"https:\/\/enermak.com\/en\/urunler\/d-serisi-termografik-ir-kamera\/#mainImage"},"datePublished":"2022-05-05T14:26:14+03:00","dateModified":"2026-02-18T15:13:05+03:00"},{"@type":"WebSite","@id":"https:\/\/enermak.com\/en\/#website","url":"https:\/\/enermak.com\/en\/","name":"Enermak Enerji","alternateName":"Yeralt\u0131ndan Haberler","description":"Yeralt\u0131ndan Haberler","inLanguage":"en-US","publisher":{"@id":"https:\/\/enermak.com\/en\/#organization"}}]},"og:locale":"en_US","og:site_name":"Enermak Enerji - Yeralt\u0131ndan Haberler","og:type":"article","og:title":"D Serisi \u2013 Termografik IR Kamera - Enermak Enerji","og:description":"Altyap\u0131 ve \u015febeke tespitinde kullanabilece\u011finiz, profesy\u00f6nelli\u011finizi bir ad\u0131m ileri ta\u015f\u0131yacak bir \u00e7ok \u00fcr\u00fcn Enermak Enerji'de. Termografik IR Kamera","og:url":"https:\/\/enermak.com\/en\/urunler\/d-serisi-termografik-ir-kamera\/","og:image":"https:\/\/enermak.com\/wp-content\/uploads\/2022\/03\/logo-tr-1.png","og:image:secure_url":"https:\/\/enermak.com\/wp-content\/uploads\/2022\/03\/logo-tr-1.png","article:published_time":"2022-05-05T11:26:14+00:00","article:modified_time":"2026-02-18T12:13:05+00:00","article:publisher":"https:\/\/www.facebook.com\/YERALTINDANHABERLER\/","twitter:card":"summary_large_image","twitter:site":"@enerjienermak","twitter:title":"D Serisi \u2013 Termografik IR Kamera - Enermak Enerji","twitter:description":"Altyap\u0131 ve \u015febeke tespitinde kullanabilece\u011finiz, profesy\u00f6nelli\u011finizi bir ad\u0131m ileri ta\u015f\u0131yacak bir \u00e7ok \u00fcr\u00fcn Enermak Enerji'de. Termografik IR Kamera","twitter:image":"https:\/\/enermak.com\/wp-content\/uploads\/2022\/03\/logo-tr-1.png"},"aioseo_meta_data":{"post_id":"9417","title":null,"description":"Altyap\u0131 ve \u015febeke tespitinde kullanabilece\u011finiz, profesy\u00f6nelli\u011finizi bir ad\u0131m ileri ta\u015f\u0131yacak bir \u00e7ok \u00fcr\u00fcn Enermak Enerji'de. Termografik IR Kamera","keywords":null,"keyphrases":{"focus":{"keyphrase":"Termografik IR Kamera","analysis":{"keyphraseInTitle":{"score":9,"maxScore":9,"error":0},"keyphraseInDescription":{"score":9,"maxScore":9,"error":0},"keyphraseLength":{"score":9,"maxScore":9,"error":0,"length":3},"keyphraseInURL":{"score":5,"maxScore":5,"error":0},"keyphraseInIntroduction":{"score":3,"maxScore":9,"error":1},"keyphraseInSubHeadings":{"score":3,"maxScore":9,"error":1},"keyphraseInImageAlt":[],"keywordDensity":{"type":"best","score":9,"maxScore":9,"error":0}},"score":80},"additional":[]},"primary_term":null,"canonical_url":null,"og_title":null,"og_description":null,"og_object_type":"default","og_image_type":"default","og_image_url":null,"og_image_width":null,"og_image_height":null,"og_image_custom_url":null,"og_image_custom_fields":null,"og_video":"","og_custom_url":null,"og_article_section":null,"og_article_tags":null,"twitter_use_og":false,"twitter_card":"default","twitter_image_type":"default","twitter_image_url":null,"twitter_image_custom_url":null,"twitter_image_custom_fields":null,"twitter_title":null,"twitter_description":null,"schema":{"blockGraphs":[],"customGraphs":[],"default":{"data":{"Article":[],"Course":[],"Dataset":[],"FAQPage":[],"Movie":[],"Person":[],"Product":[],"ProductReview":[],"Car":[],"Recipe":[],"Service":[],"SoftwareApplication":[],"WebPage":[]},"graphName":"ItemPage","isEnabled":true},"graphs":[],"defaultGraph":"WebPage","defaultPostTypeGraph":""},"schema_type":"default","schema_type_options":"{\"article\":{\"articleType\":\"BlogPosting\"},\"course\":{\"name\":\"\",\"description\":\"\",\"provider\":\"\"},\"faq\":{\"pages\":[]},\"product\":{\"reviews\":[]},\"recipe\":{\"ingredients\":[],\"instructions\":[],\"keywords\":[]},\"software\":{\"reviews\":[],\"operatingSystems\":[]},\"webPage\":{\"webPageType\":\"WebPage\"},\"blockGraphs\":[]}","pillar_content":false,"robots_default":false,"robots_noindex":false,"robots_noarchive":false,"robots_nosnippet":false,"robots_nofollow":false,"robots_noimageindex":false,"robots_noodp":false,"robots_notranslate":false,"robots_max_snippet":"-1","robots_max_videopreview":"-1","robots_max_imagepreview":"large","priority":null,"frequency":"default","local_seo":null,"seo_analyzer_scan_date":"2026-02-18 12:45:23","breadcrumb_settings":null,"limit_modified_date":false,"reviewed_by":null,"open_ai":"{\"title\":{\"suggestions\":[],\"usage\":0},\"description\":{\"suggestions\":[],\"usage\":0}}","ai":{"faqs":[],"keyPoints":[],"titles":[],"descriptions":[],"socialPosts":{"email":[],"linkedin":[],"twitter":[],"facebook":[],"instagram":[]}},"created":"2022-09-12 10:39:11","updated":"2026-02-18 12:45:23"},"aioseo_breadcrumb":"<div class=\"aioseo-breadcrumbs\"><span class=\"aioseo-breadcrumb\">\n\t<a href=\"https:\/\/enermak.com\/en\" title=\"Home\">Home<\/a>\n<\/span><span class=\"aioseo-breadcrumb-separator\">\u00bb<\/span><span class=\"aioseo-breadcrumb\">\n\t<a href=\"https:\/\/enermak.com\/en\/urunler\/\" title=\"\u00dcr\u00fcnler\">\u00dcr\u00fcnler<\/a>\n<\/span><span class=\"aioseo-breadcrumb-separator\">\u00bb<\/span><span class=\"aioseo-breadcrumb\">\n\t<a href=\"https:\/\/enermak.com\/en\/urunler\/kategori\/termal-kamera\/\" title=\"Termal Kamera\">Termal Kamera<\/a>\n<\/span><span class=\"aioseo-breadcrumb-separator\">\u00bb<\/span><span class=\"aioseo-breadcrumb\">\n\tD Serisi \u2013 Termografik IR Kamera\n<\/span><\/div>","aioseo_breadcrumb_json":[{"label":"Home","link":"https:\/\/enermak.com\/en"},{"label":"\u00dcr\u00fcnler","link":"https:\/\/enermak.com\/en\/urunler\/"},{"label":"Termal Kamera","link":"https:\/\/enermak.com\/en\/urunler\/kategori\/termal-kamera\/"},{"label":"D Serisi &#8211; Termografik IR Kamera","link":"https:\/\/enermak.com\/en\/urunler\/d-serisi-termografik-ir-kamera\/"}],"_links":{"self":[{"href":"https:\/\/enermak.com\/en\/wp-json\/wp\/v2\/product\/9417","targetHints":{"allow":["GET"]}}],"collection":[{"href":"https:\/\/enermak.com\/en\/wp-json\/wp\/v2\/product"}],"about":[{"href":"https:\/\/enermak.com\/en\/wp-json\/wp\/v2\/types\/product"}],"version-history":[{"count":0,"href":"https:\/\/enermak.com\/en\/wp-json\/wp\/v2\/product\/9417\/revisions"}],"wp:featuredmedia":[{"embeddable":true,"href":"https:\/\/enermak.com\/en\/wp-json\/wp\/v2\/media\/29870"}],"wp:attachment":[{"href":"https:\/\/enermak.com\/en\/wp-json\/wp\/v2\/media?parent=9417"}],"wp:term":[{"taxonomy":"product_brand","embeddable":true,"href":"https:\/\/enermak.com\/en\/wp-json\/wp\/v2\/product_brand?post=9417"},{"taxonomy":"product_cat","embeddable":true,"href":"https:\/\/enermak.com\/en\/wp-json\/wp\/v2\/product_cat?post=9417"},{"taxonomy":"product_tag","embeddable":true,"href":"https:\/\/enermak.com\/en\/wp-json\/wp\/v2\/product_tag?post=9417"},{"taxonomy":"product_brands","embeddable":true,"href":"https:\/\/enermak.com\/en\/wp-json\/wp\/v2\/product_brands?post=9417"}],"curies":[{"name":"wp","href":"https:\/\/api.w.org\/{rel}","templated":true}]}}