{"id":9411,"date":"2022-05-05T14:20:38","date_gmt":"2022-05-05T11:20:38","guid":{"rendered":"http:\/\/isimmedya.com\/?post_type=product&#038;p=9411"},"modified":"2026-02-18T15:13:09","modified_gmt":"2026-02-18T12:13:09","slug":"ir-vucut-ates-uyari-sistemi","status":"publish","type":"product","link":"https:\/\/enermak.com\/en\/urunler\/ir-vucut-ates-uyari-sistemi\/","title":{"rendered":"IR V\u00dcCUT ATE\u015e UYARI S\u0130STEM\u0130"},"content":{"rendered":"<h2 class=\"wp-block-heading has-medium-font-size\"><span style=\"color: #000000;\"><strong>IR V\u00dcCUT ATE\u015e UYARI S\u0130STEM\u0130<\/strong><\/span><\/h2>\n<p><span style=\"color: #000000;\">N\u00f6ral a\u011fa dayal\u0131 derin \u00f6\u011frenme algoritmas\u0131 S\u0131cakl\u0131k alg\u0131lamas\u0131nda daha y\u00fcksek do\u011fruluk<\/span><\/p>\n<h2 class=\"wp-block-heading has-medium-font-size\"><span style=\"color: #000000;\"><strong>IR V\u00dcCUT ATE\u015e UYARI S\u0130STEM\u0130<\/strong><\/span><\/h2>\n<p><span style=\"color: #000000;\">Ayn\u0131 anda birden fazla ki\u015fi i\u00e7in s\u0131cakl\u0131k taramas\u0131, durmaya gerek yok.<\/span><\/p>\n<p><span style=\"color: #000000;\">8 metreye kadar uzun menzilli s\u0131cakl\u0131k tespiti i\u00e7in termal g\u00f6r\u00fcnt\u00fcleme, yak\u0131n temastan kaynaklanan enfeksiyon riski yoktur. (A\u015fa\u011f\u0131daki resim IR termometre tabancas\u0131 ile GUIDE k\u0131z\u0131l\u00f6tesi ate\u015f tarama sisteminin mukayesesini g\u00f6stermektedir)<\/span><\/p>\n<p><span style=\"color: #000000;\">Ate\u015f uyar\u0131lar\u0131n\u0131 tespit ederken otomatik uyar\u0131, foto\u011fraf \u00e7ekimi ve saklama, operat\u00f6r\u00fcn i\u015f y\u00fck\u00fcn\u00fc b\u00fcy\u00fck \u00f6l\u00e7\u00fcde azalt\u0131r. Kolay kay\u0131t ve izleme i\u00e7in ge\u00e7mi\u015f veriler tekrar tekrar kontrol edilebilir.<\/span><\/p>\n<p><span style=\"color: #000000;\">N\u00f6ral a\u011fa dayal\u0131 derin \u00f6\u011frenme algoritmas\u0131 ve son 20 y\u0131lda \u00e7ok say\u0131da pratik uygulama tecr\u00fcbesi sayesinde, yanl\u0131\u015f ve eksik uyar\u0131 olmadan h\u0131zl\u0131 ve do\u011fru s\u0131cakl\u0131k alg\u0131lamas\u0131 sa\u011flar. \u00d6l\u00e7\u00fcmlerinize her zaman endi\u015fe duymadan g\u00fcvenebilirsiniz.<\/span><\/p>\n<p><span style=\"color: #000000;\">Maske takarken bile tan\u0131yabilen Yapay Zeka y\u00fcz alg\u0131lama algoritmas\u0131, di\u011fer y\u00fcksek s\u0131cakl\u0131ktaki nesnelerden etkilenmeden al\u0131n s\u0131cakl\u0131\u011f\u0131n\u0131 do\u011fru bir \u015fekilde \u00f6l\u00e7ebilir. Do\u011frudan hedefe odakl\u0131 bir \u00f6l\u00e7\u00fcm yapm\u0131\u015f olursunuz.<\/span><\/p>\n<p><span style=\"color: #000000;\">REHBER IR236 IR Ate\u015f Uyar\u0131 Sistemleri, Novel Coronavirus, SARS, Zika, Ebola&#8217;n\u0131n neden oldu\u011fu insan ate\u015finin h\u0131zl\u0131 bir \u015fekilde alg\u0131lanmas\u0131 gibi kalabal\u0131k halka a\u00e7\u0131k yerlerde b\u00fcy\u00fck \u00f6l\u00e7ekli v\u00fccut s\u0131cakl\u0131\u011f\u0131 izlemesi i\u00e7in uygulan\u0131r. IR236 kullan\u0131c\u0131 dostu ve g\u00fcvenilirdir. \u00c7e\u015fitli uyar\u0131 ayarlar\u0131 \u00e7ok noktal\u0131 uyar\u0131 ve izlemeyi m\u00fcmk\u00fcn k\u0131lar. Hi\u00e7bir hedefin ka\u00e7\u0131r\u0131lmad\u0131\u011f\u0131ndan emin olun ve di\u011fer y\u00fcksek s\u0131cakl\u0131ktaki nesnelerin kar\u0131\u015fmas\u0131n\u0131 \u00f6nleyin. Uyar\u0131 g\u00f6r\u00fcnt\u00fcleri ve videolar\u0131 analiz ve y\u00f6netim i\u00e7in uzak a\u011f taraf\u0131ndan izleme merkezine de y\u00fcklenebilir. GUIDE IR236, havaalan\u0131nda, tren istasyonlar\u0131nda ve di\u011fer halka a\u00e7\u0131k yerlerde vir\u00fcs bula\u015fma riskini azaltmak ve \u00f6nlemek i\u00e7in ideal bir cihazd\u0131r.<\/span><\/p>\n<p>&nbsp;<\/p>\n<h2 class=\"wp-block-heading has-medium-font-size\"><span style=\"color: #000000;\"><strong>Features<\/strong><\/span><\/h2>\n<ul>\n<li><span style=\"color: #000000;\">400&#215;300 k\u0131z\u0131l\u00f6tesi so\u011futmas\u0131z Vox dedekt\u00f6r\u00fc benimser<\/span><\/li>\n<li><span style=\"color: #000000;\">Yapay sinir a\u011f\u0131na dayal\u0131 Yapak Zeka derin \u00f6\u011frenme algoritmas\u0131, daha do\u011fru s\u0131cakl\u0131k \u00f6l\u00e7\u00fcm\u00fc ve d\u00fc\u015f\u00fck yanl\u0131\u015f uyar\u0131 oran\u0131<\/span><\/li>\n<li><span style=\"color: #000000;\">Tek nokta ve \u00e7ok nokta y\u00fcksek s\u0131cakl\u0131k otomatik izleme ve uyar\u0131<\/span><\/li>\n<li><span style=\"color: #000000;\">Siyah g\u00f6vde, ger\u00e7ek zamanl\u0131 s\u0131cakl\u0131k kalibrasyonu, daha y\u00fcksek do\u011fruluk<\/span><\/li>\n<li><span style=\"color: #000000;\">Y\u00fcz tan\u0131ma alg\u0131lama fonksiyonu, daha ak\u0131ll\u0131<\/span><\/li>\n<li><span style=\"color: #000000;\">Stand tipi, ta\u015f\u0131nmas\u0131 kolay, g\u00fc\u00e7l\u00fc analiz yaz\u0131l\u0131m\u0131na sahip standart PC<\/span><\/li>\n<\/ul>\n<p>&nbsp;<\/p>\n<h2 class=\"wp-block-heading has-medium-font-size\"><span style=\"color: #000000;\"><strong>Uygulama Alanlar\u0131<\/strong><\/span><\/h2>\n<ul>\n<li><span style=\"color: #000000;\">Hava alan\u0131, tren gar\u0131, otob\u00fcs terminali ve toplu giri\u015f \u00e7\u0131k\u0131\u015f noktalar\u0131nda vb. \u00f6l\u00e7ekli s\u0131cakl\u0131k taramas\u0131.<\/span><\/li>\n<li><span style=\"color: #000000;\">Ebola gibi ate\u015f semptomlar\u0131 ile vir\u00fcs\u00fcn yay\u0131lmas\u0131n\u0131 kontrol etmek ve azaltmak, SARS ve Zika, Yeni Coronavir\u00fcs\u2026<\/span><\/li>\n<\/ul>","protected":false},"excerpt":{"rendered":"<h2><span style=\"color: #000000;\">Guide Infrared<\/span><\/h2>\n<h3><span style=\"color: #000000;\">IR V\u00dcCUT ATE\u015e UYARI S\u0130STEM\u0130<\/span><\/h3>\n<p><span style=\"color: #000000;\">N\u00f6ral a\u011fa dayal\u0131 derin \u00f6\u011frenme algoritmas\u0131 S\u0131cakl\u0131k alg\u0131lamas\u0131nda daha y\u00fcksek do\u011fruluk<\/span><\/p>","protected":false},"featured_media":9412,"template":"","meta":{"_bst_post_transparent":"default","_bst_post_title":"","_bst_post_layout":"default","_bst_post_sidebar_id":"","_bst_post_content_style":"default","_bst_post_vertical_padding":"default","_bst_post_feature":"","_bst_post_feature_position":"","_bst_post_header":false,"_bst_post_footer":false},"product_brand":[],"product_cat":[152],"product_tag":[544,553,542,549,552],"product_brands":[],"class_list":{"0":"post-9411","1":"product","2":"type-product","3":"status-publish","4":"has-post-thumbnail","6":"product_cat-termal-kamera","7":"product_tag-guide","8":"product_tag-ir236","9":"product_tag-termal-kamera","10":"product_tag-vucut-ates-uyari-sistemi","11":"product_tag-yuz-algilama-algoritmasi","13":"first","14":"instock","15":"shipping-taxable","16":"product-type-simple","17":"entry","18":"content-bg","19":"loop-entry"},"aioseo_notices":[],"aioseo_head":"\n\t\t<!-- All in One SEO Pro 4.9.6.2 - aioseo.com -->\n\t<meta name=\"description\" content=\"Altyap\u0131 ve \u015febeke tespitinde kullanabilece\u011finiz, profesy\u00f6nelli\u011finizi bir ad\u0131m ileri ta\u015f\u0131yacak bir \u00e7ok \u00fcr\u00fcn Enermak Enerji&#039;de. IR V\u00dcCUT ATE\u015e UYARI S\u0130STEM\u0130\" \/>\n\t<meta name=\"robots\" content=\"max-snippet:-1, max-image-preview:large, max-video-preview:-1\" \/>\n\t<meta name=\"yandex-verification\" content=\"yandex-verification: 61c39bc218eec6a9\" \/>\n\t<link rel=\"canonical\" href=\"https:\/\/enermak.com\/en\/urunler\/ir-vucut-ates-uyari-sistemi\/\" \/>\n\t<meta name=\"generator\" content=\"All in One SEO Pro (AIOSEO) 4.9.6.2\" \/>\n\t\t<meta property=\"og:locale\" content=\"en_US\" \/>\n\t\t<meta property=\"og:site_name\" content=\"Enermak Enerji - Yeralt\u0131ndan Haberler\" \/>\n\t\t<meta property=\"og:type\" content=\"article\" \/>\n\t\t<meta property=\"og:title\" content=\"IR V\u00dcCUT ATE\u015e UYARI S\u0130STEM\u0130 - Enermak Enerji\" \/>\n\t\t<meta property=\"og:description\" content=\"Altyap\u0131 ve \u015febeke tespitinde kullanabilece\u011finiz, profesy\u00f6nelli\u011finizi bir ad\u0131m ileri ta\u015f\u0131yacak bir \u00e7ok \u00fcr\u00fcn Enermak Enerji&#039;de. IR V\u00dcCUT ATE\u015e UYARI S\u0130STEM\u0130\" \/>\n\t\t<meta property=\"og:url\" content=\"https:\/\/enermak.com\/en\/urunler\/ir-vucut-ates-uyari-sistemi\/\" \/>\n\t\t<meta property=\"og:image\" content=\"https:\/\/enermak.com\/wp-content\/uploads\/2022\/03\/logo-tr-1.png\" \/>\n\t\t<meta property=\"og:image:secure_url\" content=\"https:\/\/enermak.com\/wp-content\/uploads\/2022\/03\/logo-tr-1.png\" \/>\n\t\t<meta property=\"article:published_time\" content=\"2022-05-05T11:20:38+00:00\" \/>\n\t\t<meta property=\"article:modified_time\" content=\"2026-02-18T12:13:09+00:00\" \/>\n\t\t<meta property=\"article:publisher\" content=\"https:\/\/www.facebook.com\/YERALTINDANHABERLER\/\" \/>\n\t\t<meta name=\"twitter:card\" content=\"summary_large_image\" \/>\n\t\t<meta name=\"twitter:site\" content=\"@enerjienermak\" \/>\n\t\t<meta name=\"twitter:title\" content=\"IR V\u00dcCUT ATE\u015e UYARI S\u0130STEM\u0130 - Enermak Enerji\" \/>\n\t\t<meta name=\"twitter:description\" content=\"Altyap\u0131 ve \u015febeke tespitinde kullanabilece\u011finiz, profesy\u00f6nelli\u011finizi bir ad\u0131m ileri ta\u015f\u0131yacak bir \u00e7ok \u00fcr\u00fcn Enermak Enerji&#039;de. IR V\u00dcCUT ATE\u015e UYARI S\u0130STEM\u0130\" \/>\n\t\t<meta name=\"twitter:image\" content=\"https:\/\/enermak.com\/wp-content\/uploads\/2022\/03\/logo-tr-1.png\" \/>\n\t\t<script type=\"application\/ld+json\" class=\"aioseo-schema\">\n\t\t\t{\"@context\":\"https:\\\/\\\/schema.org\",\"@graph\":[{\"@type\":\"BreadcrumbList\",\"@id\":\"https:\\\/\\\/enermak.com\\\/en\\\/urunler\\\/ir-vucut-ates-uyari-sistemi\\\/#breadcrumblist\",\"itemListElement\":[{\"@type\":\"ListItem\",\"@id\":\"https:\\\/\\\/enermak.com\\\/en#listItem\",\"position\":1,\"name\":\"Home\",\"item\":\"https:\\\/\\\/enermak.com\\\/en\",\"nextItem\":{\"@type\":\"ListItem\",\"@id\":\"https:\\\/\\\/enermak.com\\\/en\\\/urunler\\\/#listItem\",\"name\":\"\\u00dcr\\u00fcnler\"}},{\"@type\":\"ListItem\",\"@id\":\"https:\\\/\\\/enermak.com\\\/en\\\/urunler\\\/#listItem\",\"position\":2,\"name\":\"\\u00dcr\\u00fcnler\",\"item\":\"https:\\\/\\\/enermak.com\\\/en\\\/urunler\\\/\",\"nextItem\":{\"@type\":\"ListItem\",\"@id\":\"https:\\\/\\\/enermak.com\\\/en\\\/urunler\\\/kategori\\\/termal-kamera\\\/#listItem\",\"name\":\"Termal Kamera\"},\"previousItem\":{\"@type\":\"ListItem\",\"@id\":\"https:\\\/\\\/enermak.com\\\/en#listItem\",\"name\":\"Home\"}},{\"@type\":\"ListItem\",\"@id\":\"https:\\\/\\\/enermak.com\\\/en\\\/urunler\\\/kategori\\\/termal-kamera\\\/#listItem\",\"position\":3,\"name\":\"Termal Kamera\",\"item\":\"https:\\\/\\\/enermak.com\\\/en\\\/urunler\\\/kategori\\\/termal-kamera\\\/\",\"nextItem\":{\"@type\":\"ListItem\",\"@id\":\"https:\\\/\\\/enermak.com\\\/en\\\/urunler\\\/ir-vucut-ates-uyari-sistemi\\\/#listItem\",\"name\":\"IR V\\u00dcCUT ATE\\u015e UYARI S\\u0130STEM\\u0130\"},\"previousItem\":{\"@type\":\"ListItem\",\"@id\":\"https:\\\/\\\/enermak.com\\\/en\\\/urunler\\\/#listItem\",\"name\":\"\\u00dcr\\u00fcnler\"}},{\"@type\":\"ListItem\",\"@id\":\"https:\\\/\\\/enermak.com\\\/en\\\/urunler\\\/ir-vucut-ates-uyari-sistemi\\\/#listItem\",\"position\":4,\"name\":\"IR V\\u00dcCUT ATE\\u015e UYARI S\\u0130STEM\\u0130\",\"previousItem\":{\"@type\":\"ListItem\",\"@id\":\"https:\\\/\\\/enermak.com\\\/en\\\/urunler\\\/kategori\\\/termal-kamera\\\/#listItem\",\"name\":\"Termal Kamera\"}}]},{\"@type\":\"ItemPage\",\"@id\":\"https:\\\/\\\/enermak.com\\\/en\\\/urunler\\\/ir-vucut-ates-uyari-sistemi\\\/#itempage\",\"url\":\"https:\\\/\\\/enermak.com\\\/en\\\/urunler\\\/ir-vucut-ates-uyari-sistemi\\\/\",\"name\":\"IR V\\u00dcCUT ATE\\u015e UYARI S\\u0130STEM\\u0130 - Enermak Enerji\",\"description\":\"Altyap\\u0131 ve \\u015febeke tespitinde kullanabilece\\u011finiz, profesy\\u00f6nelli\\u011finizi bir ad\\u0131m ileri ta\\u015f\\u0131yacak bir \\u00e7ok \\u00fcr\\u00fcn Enermak Enerji'de. IR V\\u00dcCUT ATE\\u015e UYARI S\\u0130STEM\\u0130\",\"inLanguage\":\"en-US\",\"isPartOf\":{\"@id\":\"https:\\\/\\\/enermak.com\\\/en\\\/#website\"},\"breadcrumb\":{\"@id\":\"https:\\\/\\\/enermak.com\\\/en\\\/urunler\\\/ir-vucut-ates-uyari-sistemi\\\/#breadcrumblist\"},\"image\":{\"@type\":\"ImageObject\",\"url\":\"https:\\\/\\\/enermak.com\\\/wp-content\\\/uploads\\\/2022\\\/05\\\/6172641.jpg\",\"@id\":\"https:\\\/\\\/enermak.com\\\/en\\\/urunler\\\/ir-vucut-ates-uyari-sistemi\\\/#mainImage\",\"width\":480,\"height\":480},\"primaryImageOfPage\":{\"@id\":\"https:\\\/\\\/enermak.com\\\/en\\\/urunler\\\/ir-vucut-ates-uyari-sistemi\\\/#mainImage\"},\"datePublished\":\"2022-05-05T14:20:38+03:00\",\"dateModified\":\"2026-02-18T15:13:09+03:00\"},{\"@type\":\"Organization\",\"@id\":\"https:\\\/\\\/enermak.com\\\/en\\\/#organization\",\"name\":\"Enermak Enerji\",\"description\":\"Yeralt\\u0131ndan Haberler\",\"url\":\"https:\\\/\\\/enermak.com\\\/en\\\/\",\"telephone\":\"+903123851102\",\"logo\":{\"@type\":\"ImageObject\",\"url\":\"https:\\\/\\\/enermak.com\\\/wp-content\\\/uploads\\\/2022\\\/03\\\/logo-tr-1.png\",\"@id\":\"https:\\\/\\\/enermak.com\\\/en\\\/urunler\\\/ir-vucut-ates-uyari-sistemi\\\/#organizationLogo\"},\"image\":{\"@id\":\"https:\\\/\\\/enermak.com\\\/en\\\/urunler\\\/ir-vucut-ates-uyari-sistemi\\\/#organizationLogo\"},\"sameAs\":[\"https:\\\/\\\/www.facebook.com\\\/YERALTINDANHABERLER\\\/\",\"https:\\\/\\\/twitter.com\\\/enerjienermak\",\"https:\\\/\\\/www.instagram.com\\\/enermakenerji\\\/\",\"https:\\\/\\\/www.youtube.com\\\/c\\\/EnermakEnerji\",\"https:\\\/\\\/www.linkedin.com\\\/in\\\/enermak\"]},{\"@type\":\"WebPage\",\"@id\":\"https:\\\/\\\/enermak.com\\\/en\\\/urunler\\\/ir-vucut-ates-uyari-sistemi\\\/#webpage\",\"url\":\"https:\\\/\\\/enermak.com\\\/en\\\/urunler\\\/ir-vucut-ates-uyari-sistemi\\\/\",\"name\":\"IR V\\u00dcCUT ATE\\u015e UYARI S\\u0130STEM\\u0130 - Enermak Enerji\",\"description\":\"Altyap\\u0131 ve \\u015febeke tespitinde kullanabilece\\u011finiz, profesy\\u00f6nelli\\u011finizi bir ad\\u0131m ileri ta\\u015f\\u0131yacak bir \\u00e7ok \\u00fcr\\u00fcn Enermak Enerji'de. IR V\\u00dcCUT ATE\\u015e UYARI S\\u0130STEM\\u0130\",\"inLanguage\":\"en-US\",\"isPartOf\":{\"@id\":\"https:\\\/\\\/enermak.com\\\/en\\\/#website\"},\"breadcrumb\":{\"@id\":\"https:\\\/\\\/enermak.com\\\/en\\\/urunler\\\/ir-vucut-ates-uyari-sistemi\\\/#breadcrumblist\"},\"image\":{\"@type\":\"ImageObject\",\"url\":\"https:\\\/\\\/enermak.com\\\/wp-content\\\/uploads\\\/2022\\\/05\\\/6172641.jpg\",\"@id\":\"https:\\\/\\\/enermak.com\\\/en\\\/urunler\\\/ir-vucut-ates-uyari-sistemi\\\/#mainImage\",\"width\":480,\"height\":480},\"primaryImageOfPage\":{\"@id\":\"https:\\\/\\\/enermak.com\\\/en\\\/urunler\\\/ir-vucut-ates-uyari-sistemi\\\/#mainImage\"},\"datePublished\":\"2022-05-05T14:20:38+03:00\",\"dateModified\":\"2026-02-18T15:13:09+03:00\"},{\"@type\":\"WebSite\",\"@id\":\"https:\\\/\\\/enermak.com\\\/en\\\/#website\",\"url\":\"https:\\\/\\\/enermak.com\\\/en\\\/\",\"name\":\"Enermak Enerji\",\"alternateName\":\"Yeralt\\u0131ndan Haberler\",\"description\":\"Yeralt\\u0131ndan Haberler\",\"inLanguage\":\"en-US\",\"publisher\":{\"@id\":\"https:\\\/\\\/enermak.com\\\/en\\\/#organization\"}}]}\n\t\t<\/script>\n\t\t<!-- All in One SEO Pro -->\r\n\t\t<title>IR V\u00dcCUT ATE\u015e UYARI S\u0130STEM\u0130 - Enermak Enerji<\/title>\n\n","aioseo_head_json":{"title":"IR V\u00dcCUT ATE\u015e UYARI S\u0130STEM\u0130 - Enermak Enerji","description":"Altyap\u0131 ve \u015febeke tespitinde kullanabilece\u011finiz, profesy\u00f6nelli\u011finizi bir ad\u0131m ileri ta\u015f\u0131yacak bir \u00e7ok \u00fcr\u00fcn Enermak Enerji'de. IR V\u00dcCUT ATE\u015e UYARI S\u0130STEM\u0130","canonical_url":"https:\/\/enermak.com\/en\/urunler\/ir-vucut-ates-uyari-sistemi\/","robots":"max-snippet:-1, max-image-preview:large, max-video-preview:-1","keywords":"","webmasterTools":{"yandex-verification":"yandex-verification: 61c39bc218eec6a9","miscellaneous":""},"schema":{"@context":"https:\/\/schema.org","@graph":[{"@type":"BreadcrumbList","@id":"https:\/\/enermak.com\/en\/urunler\/ir-vucut-ates-uyari-sistemi\/#breadcrumblist","itemListElement":[{"@type":"ListItem","@id":"https:\/\/enermak.com\/en#listItem","position":1,"name":"Home","item":"https:\/\/enermak.com\/en","nextItem":{"@type":"ListItem","@id":"https:\/\/enermak.com\/en\/urunler\/#listItem","name":"\u00dcr\u00fcnler"}},{"@type":"ListItem","@id":"https:\/\/enermak.com\/en\/urunler\/#listItem","position":2,"name":"\u00dcr\u00fcnler","item":"https:\/\/enermak.com\/en\/urunler\/","nextItem":{"@type":"ListItem","@id":"https:\/\/enermak.com\/en\/urunler\/kategori\/termal-kamera\/#listItem","name":"Termal Kamera"},"previousItem":{"@type":"ListItem","@id":"https:\/\/enermak.com\/en#listItem","name":"Home"}},{"@type":"ListItem","@id":"https:\/\/enermak.com\/en\/urunler\/kategori\/termal-kamera\/#listItem","position":3,"name":"Termal Kamera","item":"https:\/\/enermak.com\/en\/urunler\/kategori\/termal-kamera\/","nextItem":{"@type":"ListItem","@id":"https:\/\/enermak.com\/en\/urunler\/ir-vucut-ates-uyari-sistemi\/#listItem","name":"IR V\u00dcCUT ATE\u015e UYARI S\u0130STEM\u0130"},"previousItem":{"@type":"ListItem","@id":"https:\/\/enermak.com\/en\/urunler\/#listItem","name":"\u00dcr\u00fcnler"}},{"@type":"ListItem","@id":"https:\/\/enermak.com\/en\/urunler\/ir-vucut-ates-uyari-sistemi\/#listItem","position":4,"name":"IR V\u00dcCUT ATE\u015e UYARI S\u0130STEM\u0130","previousItem":{"@type":"ListItem","@id":"https:\/\/enermak.com\/en\/urunler\/kategori\/termal-kamera\/#listItem","name":"Termal Kamera"}}]},{"@type":"ItemPage","@id":"https:\/\/enermak.com\/en\/urunler\/ir-vucut-ates-uyari-sistemi\/#itempage","url":"https:\/\/enermak.com\/en\/urunler\/ir-vucut-ates-uyari-sistemi\/","name":"IR V\u00dcCUT ATE\u015e UYARI S\u0130STEM\u0130 - Enermak Enerji","description":"Altyap\u0131 ve \u015febeke tespitinde kullanabilece\u011finiz, profesy\u00f6nelli\u011finizi bir ad\u0131m ileri ta\u015f\u0131yacak bir \u00e7ok \u00fcr\u00fcn Enermak Enerji'de. IR V\u00dcCUT ATE\u015e UYARI S\u0130STEM\u0130","inLanguage":"en-US","isPartOf":{"@id":"https:\/\/enermak.com\/en\/#website"},"breadcrumb":{"@id":"https:\/\/enermak.com\/en\/urunler\/ir-vucut-ates-uyari-sistemi\/#breadcrumblist"},"image":{"@type":"ImageObject","url":"https:\/\/enermak.com\/wp-content\/uploads\/2022\/05\/6172641.jpg","@id":"https:\/\/enermak.com\/en\/urunler\/ir-vucut-ates-uyari-sistemi\/#mainImage","width":480,"height":480},"primaryImageOfPage":{"@id":"https:\/\/enermak.com\/en\/urunler\/ir-vucut-ates-uyari-sistemi\/#mainImage"},"datePublished":"2022-05-05T14:20:38+03:00","dateModified":"2026-02-18T15:13:09+03:00"},{"@type":"Organization","@id":"https:\/\/enermak.com\/en\/#organization","name":"Enermak Enerji","description":"Yeralt\u0131ndan Haberler","url":"https:\/\/enermak.com\/en\/","telephone":"+903123851102","logo":{"@type":"ImageObject","url":"https:\/\/enermak.com\/wp-content\/uploads\/2022\/03\/logo-tr-1.png","@id":"https:\/\/enermak.com\/en\/urunler\/ir-vucut-ates-uyari-sistemi\/#organizationLogo"},"image":{"@id":"https:\/\/enermak.com\/en\/urunler\/ir-vucut-ates-uyari-sistemi\/#organizationLogo"},"sameAs":["https:\/\/www.facebook.com\/YERALTINDANHABERLER\/","https:\/\/twitter.com\/enerjienermak","https:\/\/www.instagram.com\/enermakenerji\/","https:\/\/www.youtube.com\/c\/EnermakEnerji","https:\/\/www.linkedin.com\/in\/enermak"]},{"@type":"WebPage","@id":"https:\/\/enermak.com\/en\/urunler\/ir-vucut-ates-uyari-sistemi\/#webpage","url":"https:\/\/enermak.com\/en\/urunler\/ir-vucut-ates-uyari-sistemi\/","name":"IR V\u00dcCUT ATE\u015e UYARI S\u0130STEM\u0130 - Enermak Enerji","description":"Altyap\u0131 ve \u015febeke tespitinde kullanabilece\u011finiz, profesy\u00f6nelli\u011finizi bir ad\u0131m ileri ta\u015f\u0131yacak bir \u00e7ok \u00fcr\u00fcn Enermak Enerji'de. IR V\u00dcCUT ATE\u015e UYARI S\u0130STEM\u0130","inLanguage":"en-US","isPartOf":{"@id":"https:\/\/enermak.com\/en\/#website"},"breadcrumb":{"@id":"https:\/\/enermak.com\/en\/urunler\/ir-vucut-ates-uyari-sistemi\/#breadcrumblist"},"image":{"@type":"ImageObject","url":"https:\/\/enermak.com\/wp-content\/uploads\/2022\/05\/6172641.jpg","@id":"https:\/\/enermak.com\/en\/urunler\/ir-vucut-ates-uyari-sistemi\/#mainImage","width":480,"height":480},"primaryImageOfPage":{"@id":"https:\/\/enermak.com\/en\/urunler\/ir-vucut-ates-uyari-sistemi\/#mainImage"},"datePublished":"2022-05-05T14:20:38+03:00","dateModified":"2026-02-18T15:13:09+03:00"},{"@type":"WebSite","@id":"https:\/\/enermak.com\/en\/#website","url":"https:\/\/enermak.com\/en\/","name":"Enermak Enerji","alternateName":"Yeralt\u0131ndan Haberler","description":"Yeralt\u0131ndan Haberler","inLanguage":"en-US","publisher":{"@id":"https:\/\/enermak.com\/en\/#organization"}}]},"og:locale":"en_US","og:site_name":"Enermak Enerji - Yeralt\u0131ndan Haberler","og:type":"article","og:title":"IR V\u00dcCUT ATE\u015e UYARI S\u0130STEM\u0130 - Enermak Enerji","og:description":"Altyap\u0131 ve \u015febeke tespitinde kullanabilece\u011finiz, profesy\u00f6nelli\u011finizi bir ad\u0131m ileri ta\u015f\u0131yacak bir \u00e7ok \u00fcr\u00fcn Enermak Enerji'de. IR V\u00dcCUT ATE\u015e UYARI S\u0130STEM\u0130","og:url":"https:\/\/enermak.com\/en\/urunler\/ir-vucut-ates-uyari-sistemi\/","og:image":"https:\/\/enermak.com\/wp-content\/uploads\/2022\/03\/logo-tr-1.png","og:image:secure_url":"https:\/\/enermak.com\/wp-content\/uploads\/2022\/03\/logo-tr-1.png","article:published_time":"2022-05-05T11:20:38+00:00","article:modified_time":"2026-02-18T12:13:09+00:00","article:publisher":"https:\/\/www.facebook.com\/YERALTINDANHABERLER\/","twitter:card":"summary_large_image","twitter:site":"@enerjienermak","twitter:title":"IR V\u00dcCUT ATE\u015e UYARI S\u0130STEM\u0130 - Enermak Enerji","twitter:description":"Altyap\u0131 ve \u015febeke tespitinde kullanabilece\u011finiz, profesy\u00f6nelli\u011finizi bir ad\u0131m ileri ta\u015f\u0131yacak bir \u00e7ok \u00fcr\u00fcn Enermak Enerji'de. IR V\u00dcCUT ATE\u015e UYARI S\u0130STEM\u0130","twitter:image":"https:\/\/enermak.com\/wp-content\/uploads\/2022\/03\/logo-tr-1.png"},"aioseo_meta_data":{"post_id":"9411","title":null,"description":"Altyap\u0131 ve \u015febeke tespitinde kullanabilece\u011finiz, profesy\u00f6nelli\u011finizi bir ad\u0131m ileri ta\u015f\u0131yacak bir \u00e7ok \u00fcr\u00fcn Enermak Enerji'de. IR V\u00dcCUT ATE\u015e UYARI S\u0130STEM\u0130","keywords":null,"keyphrases":{"focus":{"keyphrase":"IR V\u00dcCUT ATE\u015e UYARI S\u0130STEM\u0130","analysis":{"keyphraseInTitle":{"score":9,"maxScore":9,"error":0},"keyphraseInDescription":{"score":9,"maxScore":9,"error":0},"keyphraseLength":{"score":6,"maxScore":9,"error":1,"length":7},"keyphraseInURL":{"score":5,"maxScore":5,"error":0},"keyphraseInIntroduction":{"score":3,"maxScore":9,"error":1},"keyphraseInSubHeadings":{"score":9,"maxScore":9,"error":0},"keyphraseInImageAlt":[],"keywordDensity":{"score":0,"type":"low","maxScore":9,"error":1}},"score":69},"additional":[]},"primary_term":null,"canonical_url":null,"og_title":null,"og_description":null,"og_object_type":"default","og_image_type":"default","og_image_url":null,"og_image_width":null,"og_image_height":null,"og_image_custom_url":null,"og_image_custom_fields":null,"og_video":"","og_custom_url":null,"og_article_section":null,"og_article_tags":null,"twitter_use_og":false,"twitter_card":"default","twitter_image_type":"default","twitter_image_url":null,"twitter_image_custom_url":null,"twitter_image_custom_fields":null,"twitter_title":null,"twitter_description":null,"schema":{"blockGraphs":[],"customGraphs":[],"default":{"data":{"Article":[],"Course":[],"Dataset":[],"FAQPage":[],"Movie":[],"Person":[],"Product":[],"ProductReview":[],"Car":[],"Recipe":[],"Service":[],"SoftwareApplication":[],"WebPage":[]},"graphName":"ItemPage","isEnabled":true},"graphs":[]},"schema_type":"default","schema_type_options":"{\"article\":{\"articleType\":\"BlogPosting\"},\"course\":{\"name\":\"\",\"description\":\"\",\"provider\":\"\"},\"faq\":{\"pages\":[]},\"product\":{\"reviews\":[]},\"recipe\":{\"ingredients\":[],\"instructions\":[],\"keywords\":[]},\"software\":{\"reviews\":[],\"operatingSystems\":[]},\"webPage\":{\"webPageType\":\"WebPage\"},\"blockGraphs\":[]}","pillar_content":false,"robots_default":false,"robots_noindex":false,"robots_noarchive":false,"robots_nosnippet":false,"robots_nofollow":false,"robots_noimageindex":false,"robots_noodp":false,"robots_notranslate":false,"robots_max_snippet":"-1","robots_max_videopreview":"-1","robots_max_imagepreview":"large","priority":null,"frequency":"default","local_seo":null,"seo_analyzer_scan_date":"2026-02-18 12:45:20","breadcrumb_settings":null,"limit_modified_date":false,"reviewed_by":null,"open_ai":"{\"title\":{\"suggestions\":[],\"usage\":0},\"description\":{\"suggestions\":[],\"usage\":0}}","ai":{"faqs":[],"keyPoints":[],"titles":[],"descriptions":[],"socialPosts":{"email":[],"linkedin":[],"twitter":[],"facebook":[],"instagram":[]}},"created":"2022-09-12 10:39:11","updated":"2026-02-18 12:45:20"},"aioseo_breadcrumb":"<div class=\"aioseo-breadcrumbs\"><span class=\"aioseo-breadcrumb\">\n\t<a href=\"https:\/\/enermak.com\/en\" title=\"Home\">Home<\/a>\n<\/span><span class=\"aioseo-breadcrumb-separator\">\u00bb<\/span><span class=\"aioseo-breadcrumb\">\n\t<a href=\"https:\/\/enermak.com\/en\/urunler\/\" title=\"\u00dcr\u00fcnler\">\u00dcr\u00fcnler<\/a>\n<\/span><span class=\"aioseo-breadcrumb-separator\">\u00bb<\/span><span class=\"aioseo-breadcrumb\">\n\t<a href=\"https:\/\/enermak.com\/en\/urunler\/kategori\/termal-kamera\/\" title=\"Termal Kamera\">Termal Kamera<\/a>\n<\/span><span class=\"aioseo-breadcrumb-separator\">\u00bb<\/span><span class=\"aioseo-breadcrumb\">\n\tIR V\u00dcCUT ATE\u015e UYARI S\u0130STEM\u0130\n<\/span><\/div>","aioseo_breadcrumb_json":[{"label":"Home","link":"https:\/\/enermak.com\/en"},{"label":"\u00dcr\u00fcnler","link":"https:\/\/enermak.com\/en\/urunler\/"},{"label":"Termal Kamera","link":"https:\/\/enermak.com\/en\/urunler\/kategori\/termal-kamera\/"},{"label":"IR V\u00dcCUT ATE\u015e UYARI S\u0130STEM\u0130","link":"https:\/\/enermak.com\/en\/urunler\/ir-vucut-ates-uyari-sistemi\/"}],"_links":{"self":[{"href":"https:\/\/enermak.com\/en\/wp-json\/wp\/v2\/product\/9411","targetHints":{"allow":["GET"]}}],"collection":[{"href":"https:\/\/enermak.com\/en\/wp-json\/wp\/v2\/product"}],"about":[{"href":"https:\/\/enermak.com\/en\/wp-json\/wp\/v2\/types\/product"}],"version-history":[{"count":0,"href":"https:\/\/enermak.com\/en\/wp-json\/wp\/v2\/product\/9411\/revisions"}],"wp:featuredmedia":[{"embeddable":true,"href":"https:\/\/enermak.com\/en\/wp-json\/wp\/v2\/media\/9412"}],"wp:attachment":[{"href":"https:\/\/enermak.com\/en\/wp-json\/wp\/v2\/media?parent=9411"}],"wp:term":[{"taxonomy":"product_brand","embeddable":true,"href":"https:\/\/enermak.com\/en\/wp-json\/wp\/v2\/product_brand?post=9411"},{"taxonomy":"product_cat","embeddable":true,"href":"https:\/\/enermak.com\/en\/wp-json\/wp\/v2\/product_cat?post=9411"},{"taxonomy":"product_tag","embeddable":true,"href":"https:\/\/enermak.com\/en\/wp-json\/wp\/v2\/product_tag?post=9411"},{"taxonomy":"product_brands","embeddable":true,"href":"https:\/\/enermak.com\/en\/wp-json\/wp\/v2\/product_brands?post=9411"}],"curies":[{"name":"wp","href":"https:\/\/api.w.org\/{rel}","templated":true}]}}