{"id":9407,"date":"2022-05-05T14:16:32","date_gmt":"2022-05-05T11:16:32","guid":{"rendered":"http:\/\/isimmedya.com\/?post_type=product&#038;p=9407"},"modified":"2026-02-18T15:13:11","modified_gmt":"2026-02-18T12:13:11","slug":"cep-tipi-termal-kamera","status":"publish","type":"product","link":"https:\/\/enermak.com\/en\/urunler\/cep-tipi-termal-kamera\/","title":{"rendered":"Cep Tipi Termal Kamera"},"content":{"rendered":"<h2 class=\"wp-block-heading has-medium-font-size\"><span style=\"color: #000000;\"><strong>Cep Tipi Termal Kamera<\/strong><\/span><\/h2>\n<p style=\"text-align: left;\"><span style=\"color: #000000;\">Potansiyel sorunlar\u0131 h\u0131zl\u0131 bir \u015fekilde tespit edebilen, onar\u0131m verilerini raporlayabilen ve Wi-Fi ile g\u00f6r\u00fcnt\u00fcleri payla\u015fabilen elektrikli ekipman bak\u0131m\u0131 ve bina denetimi i\u00e7in tasarlanm\u0131\u015f P120V Cep Boyutlu Termal Kamera. Her zaman h\u0131zl\u0131 ve do\u011fru termal denetimler i\u00e7in ceplerinize s\u0131\u011fan ger\u00e7ekten kullan\u0131\u015fl\u0131 bir termal kamerad\u0131r. P120V, kolay kullan\u0131m i\u00e7in 3,5 in\u00e7 LCD dokunmatik ekrana sahiptir ve resim i\u00e7inde resim, yumu\u015fak zoom, maksimum ve minimum s\u0131cakl\u0131k alarm\u0131, Bulut Hizmeti ve daha fazlas\u0131n\u0131 destekler.<\/span><\/p>\n<ul>\n<li style=\"text-align: left;\"><span style=\"color: #000000;\">-20\u2103-400\u2103 geni\u015f \u00f6l\u00e7\u00fcm aral\u0131\u011f\u0131<\/span><\/li>\n<li style=\"text-align: left;\"><span style=\"color: #000000;\">-20\u2103-150\u2103 ve 150\u2103-400\u2103 aras\u0131nda otomatik ge\u00e7i\u015f<\/span><\/li>\n<li style=\"text-align: left;\"><span style=\"color: #000000;\">Kullan\u0131\u015fl\u0131 tasarlanm\u0131\u015f ergonomik tasar\u0131m<\/span><\/li>\n<li style=\"text-align: left;\"><span style=\"color: #000000;\">Lens alan\u0131 ile kavrama alan\u0131 birbirini engellemez<\/span><\/li>\n<li style=\"text-align: left;\"><span style=\"color: #000000;\">5\u201d Dokunmatik Ekran<\/span><\/li>\n<li style=\"text-align: left;\"><span style=\"color: #000000;\">Y\u00fcksek parlakl\u0131kta LCD, 320 x 240 piksel<\/span><\/li>\n<li style=\"text-align: left;\"><span style=\"color: #000000;\">Android platformlu, ak\u0131ll\u0131 operasyon<\/span><\/li>\n<li style=\"text-align: left;\"><span style=\"color: #000000;\">Bir ak\u0131ll\u0131 telefonu kullanmak kadar basit olan Android sisteme dayanan kullan\u0131c\u0131 dostu tasar\u0131m<\/span><\/li>\n<li style=\"text-align: left;\"><span style=\"color: #000000;\">Wi-Fi ba\u011flant\u0131s\u0131, Bulut Hizmetini destekleme<\/span><\/li>\n<li style=\"text-align: left;\"><span style=\"color: #000000;\">Uzaktan kumanda ve an\u0131nda payla\u015f\u0131m i\u00e7in Wi-Fi ba\u011flant\u0131s\u0131, Bulut Hizmetini destekledi\u011finizde ger\u00e7ek zamanl\u0131 y\u00fckleme.<\/span><\/li>\n<\/ul>","protected":false},"excerpt":{"rendered":"<h2 style=\"text-align: left;\"><span style=\"color: #000000;\">Guide Infrared<\/span><\/h2>\n<h3 style=\"text-align: left;\"><span style=\"color: #000000;\">Cep Tipi Termal Kamera<\/span><\/h3>\n<p style=\"text-align: left;\"><span style=\"color: #000000;\">Potansiyel sorunlar\u0131 h\u0131zl\u0131 bir \u015fekilde tespit edebilen, onar\u0131m verilerini raporlayabilen ve Wi-Fi ile g\u00f6r\u00fcnt\u00fcleri payla\u015fabilen elektrikli ekipman bak\u0131m\u0131 ve bina denetimi i\u00e7in tasarlanm\u0131\u015f P120V Cep Boyutlu Termal Kamera. Her zaman h\u0131zl\u0131 ve do\u011fru termal denetimler i\u00e7in ceplerinize s\u0131\u011fan ger\u00e7ekten kullan\u0131\u015fl\u0131 bir termal kamerad\u0131r. P120V, kolay kullan\u0131m i\u00e7in 3,5 in\u00e7 LCD dokunmatik ekrana sahiptir ve resim i\u00e7inde resim, yumu\u015fak zoom, maksimum ve minimum s\u0131cakl\u0131k alarm\u0131, Bulut Hizmeti ve daha fazlas\u0131n\u0131 destekler.<\/span><\/p>","protected":false},"featured_media":9408,"template":"","meta":{"_bst_post_transparent":"default","_bst_post_title":"","_bst_post_layout":"default","_bst_post_sidebar_id":"","_bst_post_content_style":"default","_bst_post_vertical_padding":"default","_bst_post_feature":"","_bst_post_feature_position":"","_bst_post_header":false,"_bst_post_footer":false},"product_brand":[],"product_cat":[152],"product_tag":[562,542],"product_brands":[],"class_list":{"0":"post-9407","1":"product","2":"type-product","3":"status-publish","4":"has-post-thumbnail","6":"product_cat-termal-kamera","7":"product_tag-cep-tipi","8":"product_tag-termal-kamera","10":"first","11":"instock","12":"shipping-taxable","13":"product-type-simple","14":"entry","15":"content-bg","16":"loop-entry"},"aioseo_notices":[],"aioseo_head":"\n\t\t<!-- All in One SEO Pro 4.9.6.2 - aioseo.com -->\n\t<meta name=\"description\" content=\"Altyap\u0131 ve \u015febeke tespitinde kullanabilece\u011finiz, profesy\u00f6nelli\u011finizi bir ad\u0131m ileri ta\u015f\u0131yacak bir \u00e7ok \u00fcr\u00fcn Enermak Enerji&#039;de. Cep Tipi Termal Kamera\" \/>\n\t<meta name=\"robots\" content=\"max-snippet:-1, max-image-preview:large, max-video-preview:-1\" \/>\n\t<meta name=\"yandex-verification\" content=\"yandex-verification: 61c39bc218eec6a9\" \/>\n\t<link rel=\"canonical\" href=\"https:\/\/enermak.com\/en\/urunler\/cep-tipi-termal-kamera\/\" \/>\n\t<meta name=\"generator\" content=\"All in One SEO Pro (AIOSEO) 4.9.6.2\" \/>\n\t\t<meta property=\"og:locale\" content=\"en_US\" \/>\n\t\t<meta property=\"og:site_name\" content=\"Enermak Enerji - Yeralt\u0131ndan Haberler\" \/>\n\t\t<meta property=\"og:type\" content=\"article\" \/>\n\t\t<meta property=\"og:title\" content=\"Cep Tipi Termal Kamera - Enermak Enerji\" \/>\n\t\t<meta property=\"og:description\" content=\"Altyap\u0131 ve \u015febeke tespitinde kullanabilece\u011finiz, profesy\u00f6nelli\u011finizi bir ad\u0131m ileri ta\u015f\u0131yacak bir \u00e7ok \u00fcr\u00fcn Enermak Enerji&#039;de. Cep Tipi Termal Kamera\" \/>\n\t\t<meta property=\"og:url\" content=\"https:\/\/enermak.com\/en\/urunler\/cep-tipi-termal-kamera\/\" \/>\n\t\t<meta property=\"og:image\" content=\"https:\/\/enermak.com\/wp-content\/uploads\/2022\/03\/logo-tr-1.png\" \/>\n\t\t<meta property=\"og:image:secure_url\" content=\"https:\/\/enermak.com\/wp-content\/uploads\/2022\/03\/logo-tr-1.png\" \/>\n\t\t<meta property=\"article:published_time\" content=\"2022-05-05T11:16:32+00:00\" \/>\n\t\t<meta property=\"article:modified_time\" content=\"2026-02-18T12:13:11+00:00\" \/>\n\t\t<meta property=\"article:publisher\" content=\"https:\/\/www.facebook.com\/YERALTINDANHABERLER\/\" \/>\n\t\t<meta name=\"twitter:card\" content=\"summary_large_image\" \/>\n\t\t<meta name=\"twitter:site\" content=\"@enerjienermak\" \/>\n\t\t<meta name=\"twitter:title\" content=\"Cep Tipi Termal Kamera - Enermak Enerji\" \/>\n\t\t<meta name=\"twitter:description\" content=\"Altyap\u0131 ve \u015febeke tespitinde kullanabilece\u011finiz, profesy\u00f6nelli\u011finizi bir ad\u0131m ileri ta\u015f\u0131yacak bir \u00e7ok \u00fcr\u00fcn Enermak Enerji&#039;de. Cep Tipi Termal Kamera\" \/>\n\t\t<meta name=\"twitter:image\" content=\"https:\/\/enermak.com\/wp-content\/uploads\/2022\/03\/logo-tr-1.png\" \/>\n\t\t<script type=\"application\/ld+json\" class=\"aioseo-schema\">\n\t\t\t{\"@context\":\"https:\\\/\\\/schema.org\",\"@graph\":[{\"@type\":\"BreadcrumbList\",\"@id\":\"https:\\\/\\\/enermak.com\\\/en\\\/urunler\\\/cep-tipi-termal-kamera\\\/#breadcrumblist\",\"itemListElement\":[{\"@type\":\"ListItem\",\"@id\":\"https:\\\/\\\/enermak.com\\\/en#listItem\",\"position\":1,\"name\":\"Home\",\"item\":\"https:\\\/\\\/enermak.com\\\/en\",\"nextItem\":{\"@type\":\"ListItem\",\"@id\":\"https:\\\/\\\/enermak.com\\\/en\\\/urunler\\\/#listItem\",\"name\":\"\\u00dcr\\u00fcnler\"}},{\"@type\":\"ListItem\",\"@id\":\"https:\\\/\\\/enermak.com\\\/en\\\/urunler\\\/#listItem\",\"position\":2,\"name\":\"\\u00dcr\\u00fcnler\",\"item\":\"https:\\\/\\\/enermak.com\\\/en\\\/urunler\\\/\",\"nextItem\":{\"@type\":\"ListItem\",\"@id\":\"https:\\\/\\\/enermak.com\\\/en\\\/urunler\\\/kategori\\\/termal-kamera\\\/#listItem\",\"name\":\"Termal Kamera\"},\"previousItem\":{\"@type\":\"ListItem\",\"@id\":\"https:\\\/\\\/enermak.com\\\/en#listItem\",\"name\":\"Home\"}},{\"@type\":\"ListItem\",\"@id\":\"https:\\\/\\\/enermak.com\\\/en\\\/urunler\\\/kategori\\\/termal-kamera\\\/#listItem\",\"position\":3,\"name\":\"Termal Kamera\",\"item\":\"https:\\\/\\\/enermak.com\\\/en\\\/urunler\\\/kategori\\\/termal-kamera\\\/\",\"nextItem\":{\"@type\":\"ListItem\",\"@id\":\"https:\\\/\\\/enermak.com\\\/en\\\/urunler\\\/cep-tipi-termal-kamera\\\/#listItem\",\"name\":\"Cep Tipi Termal Kamera\"},\"previousItem\":{\"@type\":\"ListItem\",\"@id\":\"https:\\\/\\\/enermak.com\\\/en\\\/urunler\\\/#listItem\",\"name\":\"\\u00dcr\\u00fcnler\"}},{\"@type\":\"ListItem\",\"@id\":\"https:\\\/\\\/enermak.com\\\/en\\\/urunler\\\/cep-tipi-termal-kamera\\\/#listItem\",\"position\":4,\"name\":\"Cep Tipi Termal Kamera\",\"previousItem\":{\"@type\":\"ListItem\",\"@id\":\"https:\\\/\\\/enermak.com\\\/en\\\/urunler\\\/kategori\\\/termal-kamera\\\/#listItem\",\"name\":\"Termal Kamera\"}}]},{\"@type\":\"ItemPage\",\"@id\":\"https:\\\/\\\/enermak.com\\\/en\\\/urunler\\\/cep-tipi-termal-kamera\\\/#itempage\",\"url\":\"https:\\\/\\\/enermak.com\\\/en\\\/urunler\\\/cep-tipi-termal-kamera\\\/\",\"name\":\"Cep Tipi Termal Kamera - Enermak Enerji\",\"description\":\"Altyap\\u0131 ve \\u015febeke tespitinde kullanabilece\\u011finiz, profesy\\u00f6nelli\\u011finizi bir ad\\u0131m ileri ta\\u015f\\u0131yacak bir \\u00e7ok \\u00fcr\\u00fcn Enermak Enerji'de. Cep Tipi Termal Kamera\",\"inLanguage\":\"en-US\",\"isPartOf\":{\"@id\":\"https:\\\/\\\/enermak.com\\\/en\\\/#website\"},\"breadcrumb\":{\"@id\":\"https:\\\/\\\/enermak.com\\\/en\\\/urunler\\\/cep-tipi-termal-kamera\\\/#breadcrumblist\"},\"image\":{\"@type\":\"ImageObject\",\"url\":\"https:\\\/\\\/enermak.com\\\/wp-content\\\/uploads\\\/2022\\\/05\\\/cep-tipi-termal-kamera11.jpg\",\"@id\":\"https:\\\/\\\/enermak.com\\\/en\\\/urunler\\\/cep-tipi-termal-kamera\\\/#mainImage\",\"width\":480,\"height\":480},\"primaryImageOfPage\":{\"@id\":\"https:\\\/\\\/enermak.com\\\/en\\\/urunler\\\/cep-tipi-termal-kamera\\\/#mainImage\"},\"datePublished\":\"2022-05-05T14:16:32+03:00\",\"dateModified\":\"2026-02-18T15:13:11+03:00\"},{\"@type\":\"Organization\",\"@id\":\"https:\\\/\\\/enermak.com\\\/en\\\/#organization\",\"name\":\"Enermak Enerji\",\"description\":\"Yeralt\\u0131ndan Haberler\",\"url\":\"https:\\\/\\\/enermak.com\\\/en\\\/\",\"telephone\":\"+903123851102\",\"logo\":{\"@type\":\"ImageObject\",\"url\":\"https:\\\/\\\/enermak.com\\\/wp-content\\\/uploads\\\/2022\\\/03\\\/logo-tr-1.png\",\"@id\":\"https:\\\/\\\/enermak.com\\\/en\\\/urunler\\\/cep-tipi-termal-kamera\\\/#organizationLogo\"},\"image\":{\"@id\":\"https:\\\/\\\/enermak.com\\\/en\\\/urunler\\\/cep-tipi-termal-kamera\\\/#organizationLogo\"},\"sameAs\":[\"https:\\\/\\\/www.facebook.com\\\/YERALTINDANHABERLER\\\/\",\"https:\\\/\\\/twitter.com\\\/enerjienermak\",\"https:\\\/\\\/www.instagram.com\\\/enermakenerji\\\/\",\"https:\\\/\\\/www.youtube.com\\\/c\\\/EnermakEnerji\",\"https:\\\/\\\/www.linkedin.com\\\/in\\\/enermak\"]},{\"@type\":\"WebPage\",\"@id\":\"https:\\\/\\\/enermak.com\\\/en\\\/urunler\\\/cep-tipi-termal-kamera\\\/#webpage\",\"url\":\"https:\\\/\\\/enermak.com\\\/en\\\/urunler\\\/cep-tipi-termal-kamera\\\/\",\"name\":\"Cep Tipi Termal Kamera - Enermak Enerji\",\"description\":\"Altyap\\u0131 ve \\u015febeke tespitinde kullanabilece\\u011finiz, profesy\\u00f6nelli\\u011finizi bir ad\\u0131m ileri ta\\u015f\\u0131yacak bir \\u00e7ok \\u00fcr\\u00fcn Enermak Enerji'de. Cep Tipi Termal Kamera\",\"inLanguage\":\"en-US\",\"isPartOf\":{\"@id\":\"https:\\\/\\\/enermak.com\\\/en\\\/#website\"},\"breadcrumb\":{\"@id\":\"https:\\\/\\\/enermak.com\\\/en\\\/urunler\\\/cep-tipi-termal-kamera\\\/#breadcrumblist\"},\"image\":{\"@type\":\"ImageObject\",\"url\":\"https:\\\/\\\/enermak.com\\\/wp-content\\\/uploads\\\/2022\\\/05\\\/cep-tipi-termal-kamera11.jpg\",\"@id\":\"https:\\\/\\\/enermak.com\\\/en\\\/urunler\\\/cep-tipi-termal-kamera\\\/#mainImage\",\"width\":480,\"height\":480},\"primaryImageOfPage\":{\"@id\":\"https:\\\/\\\/enermak.com\\\/en\\\/urunler\\\/cep-tipi-termal-kamera\\\/#mainImage\"},\"datePublished\":\"2022-05-05T14:16:32+03:00\",\"dateModified\":\"2026-02-18T15:13:11+03:00\"},{\"@type\":\"WebSite\",\"@id\":\"https:\\\/\\\/enermak.com\\\/en\\\/#website\",\"url\":\"https:\\\/\\\/enermak.com\\\/en\\\/\",\"name\":\"Enermak Enerji\",\"alternateName\":\"Yeralt\\u0131ndan Haberler\",\"description\":\"Yeralt\\u0131ndan Haberler\",\"inLanguage\":\"en-US\",\"publisher\":{\"@id\":\"https:\\\/\\\/enermak.com\\\/en\\\/#organization\"}}]}\n\t\t<\/script>\n\t\t<!-- All in One SEO Pro -->\r\n\t\t<title>Cep Tipi Termal Kamera - Enermak Enerji<\/title>\n\n","aioseo_head_json":{"title":"Cep Tipi Termal Kamera - Enermak Enerji","description":"Altyap\u0131 ve \u015febeke tespitinde kullanabilece\u011finiz, profesy\u00f6nelli\u011finizi bir ad\u0131m ileri ta\u015f\u0131yacak bir \u00e7ok \u00fcr\u00fcn Enermak Enerji'de. Cep Tipi Termal Kamera","canonical_url":"https:\/\/enermak.com\/en\/urunler\/cep-tipi-termal-kamera\/","robots":"max-snippet:-1, max-image-preview:large, max-video-preview:-1","keywords":"","webmasterTools":{"yandex-verification":"yandex-verification: 61c39bc218eec6a9","miscellaneous":""},"schema":{"@context":"https:\/\/schema.org","@graph":[{"@type":"BreadcrumbList","@id":"https:\/\/enermak.com\/en\/urunler\/cep-tipi-termal-kamera\/#breadcrumblist","itemListElement":[{"@type":"ListItem","@id":"https:\/\/enermak.com\/en#listItem","position":1,"name":"Home","item":"https:\/\/enermak.com\/en","nextItem":{"@type":"ListItem","@id":"https:\/\/enermak.com\/en\/urunler\/#listItem","name":"\u00dcr\u00fcnler"}},{"@type":"ListItem","@id":"https:\/\/enermak.com\/en\/urunler\/#listItem","position":2,"name":"\u00dcr\u00fcnler","item":"https:\/\/enermak.com\/en\/urunler\/","nextItem":{"@type":"ListItem","@id":"https:\/\/enermak.com\/en\/urunler\/kategori\/termal-kamera\/#listItem","name":"Termal Kamera"},"previousItem":{"@type":"ListItem","@id":"https:\/\/enermak.com\/en#listItem","name":"Home"}},{"@type":"ListItem","@id":"https:\/\/enermak.com\/en\/urunler\/kategori\/termal-kamera\/#listItem","position":3,"name":"Termal Kamera","item":"https:\/\/enermak.com\/en\/urunler\/kategori\/termal-kamera\/","nextItem":{"@type":"ListItem","@id":"https:\/\/enermak.com\/en\/urunler\/cep-tipi-termal-kamera\/#listItem","name":"Cep Tipi Termal Kamera"},"previousItem":{"@type":"ListItem","@id":"https:\/\/enermak.com\/en\/urunler\/#listItem","name":"\u00dcr\u00fcnler"}},{"@type":"ListItem","@id":"https:\/\/enermak.com\/en\/urunler\/cep-tipi-termal-kamera\/#listItem","position":4,"name":"Cep Tipi Termal Kamera","previousItem":{"@type":"ListItem","@id":"https:\/\/enermak.com\/en\/urunler\/kategori\/termal-kamera\/#listItem","name":"Termal Kamera"}}]},{"@type":"ItemPage","@id":"https:\/\/enermak.com\/en\/urunler\/cep-tipi-termal-kamera\/#itempage","url":"https:\/\/enermak.com\/en\/urunler\/cep-tipi-termal-kamera\/","name":"Cep Tipi Termal Kamera - Enermak Enerji","description":"Altyap\u0131 ve \u015febeke tespitinde kullanabilece\u011finiz, profesy\u00f6nelli\u011finizi bir ad\u0131m ileri ta\u015f\u0131yacak bir \u00e7ok \u00fcr\u00fcn Enermak Enerji'de. Cep Tipi Termal Kamera","inLanguage":"en-US","isPartOf":{"@id":"https:\/\/enermak.com\/en\/#website"},"breadcrumb":{"@id":"https:\/\/enermak.com\/en\/urunler\/cep-tipi-termal-kamera\/#breadcrumblist"},"image":{"@type":"ImageObject","url":"https:\/\/enermak.com\/wp-content\/uploads\/2022\/05\/cep-tipi-termal-kamera11.jpg","@id":"https:\/\/enermak.com\/en\/urunler\/cep-tipi-termal-kamera\/#mainImage","width":480,"height":480},"primaryImageOfPage":{"@id":"https:\/\/enermak.com\/en\/urunler\/cep-tipi-termal-kamera\/#mainImage"},"datePublished":"2022-05-05T14:16:32+03:00","dateModified":"2026-02-18T15:13:11+03:00"},{"@type":"Organization","@id":"https:\/\/enermak.com\/en\/#organization","name":"Enermak Enerji","description":"Yeralt\u0131ndan Haberler","url":"https:\/\/enermak.com\/en\/","telephone":"+903123851102","logo":{"@type":"ImageObject","url":"https:\/\/enermak.com\/wp-content\/uploads\/2022\/03\/logo-tr-1.png","@id":"https:\/\/enermak.com\/en\/urunler\/cep-tipi-termal-kamera\/#organizationLogo"},"image":{"@id":"https:\/\/enermak.com\/en\/urunler\/cep-tipi-termal-kamera\/#organizationLogo"},"sameAs":["https:\/\/www.facebook.com\/YERALTINDANHABERLER\/","https:\/\/twitter.com\/enerjienermak","https:\/\/www.instagram.com\/enermakenerji\/","https:\/\/www.youtube.com\/c\/EnermakEnerji","https:\/\/www.linkedin.com\/in\/enermak"]},{"@type":"WebPage","@id":"https:\/\/enermak.com\/en\/urunler\/cep-tipi-termal-kamera\/#webpage","url":"https:\/\/enermak.com\/en\/urunler\/cep-tipi-termal-kamera\/","name":"Cep Tipi Termal Kamera - Enermak Enerji","description":"Altyap\u0131 ve \u015febeke tespitinde kullanabilece\u011finiz, profesy\u00f6nelli\u011finizi bir ad\u0131m ileri ta\u015f\u0131yacak bir \u00e7ok \u00fcr\u00fcn Enermak Enerji'de. Cep Tipi Termal Kamera","inLanguage":"en-US","isPartOf":{"@id":"https:\/\/enermak.com\/en\/#website"},"breadcrumb":{"@id":"https:\/\/enermak.com\/en\/urunler\/cep-tipi-termal-kamera\/#breadcrumblist"},"image":{"@type":"ImageObject","url":"https:\/\/enermak.com\/wp-content\/uploads\/2022\/05\/cep-tipi-termal-kamera11.jpg","@id":"https:\/\/enermak.com\/en\/urunler\/cep-tipi-termal-kamera\/#mainImage","width":480,"height":480},"primaryImageOfPage":{"@id":"https:\/\/enermak.com\/en\/urunler\/cep-tipi-termal-kamera\/#mainImage"},"datePublished":"2022-05-05T14:16:32+03:00","dateModified":"2026-02-18T15:13:11+03:00"},{"@type":"WebSite","@id":"https:\/\/enermak.com\/en\/#website","url":"https:\/\/enermak.com\/en\/","name":"Enermak Enerji","alternateName":"Yeralt\u0131ndan Haberler","description":"Yeralt\u0131ndan Haberler","inLanguage":"en-US","publisher":{"@id":"https:\/\/enermak.com\/en\/#organization"}}]},"og:locale":"en_US","og:site_name":"Enermak Enerji - Yeralt\u0131ndan Haberler","og:type":"article","og:title":"Cep Tipi Termal Kamera - Enermak Enerji","og:description":"Altyap\u0131 ve \u015febeke tespitinde kullanabilece\u011finiz, profesy\u00f6nelli\u011finizi bir ad\u0131m ileri ta\u015f\u0131yacak bir \u00e7ok \u00fcr\u00fcn Enermak Enerji'de. Cep Tipi Termal Kamera","og:url":"https:\/\/enermak.com\/en\/urunler\/cep-tipi-termal-kamera\/","og:image":"https:\/\/enermak.com\/wp-content\/uploads\/2022\/03\/logo-tr-1.png","og:image:secure_url":"https:\/\/enermak.com\/wp-content\/uploads\/2022\/03\/logo-tr-1.png","article:published_time":"2022-05-05T11:16:32+00:00","article:modified_time":"2026-02-18T12:13:11+00:00","article:publisher":"https:\/\/www.facebook.com\/YERALTINDANHABERLER\/","twitter:card":"summary_large_image","twitter:site":"@enerjienermak","twitter:title":"Cep Tipi Termal Kamera - Enermak Enerji","twitter:description":"Altyap\u0131 ve \u015febeke tespitinde kullanabilece\u011finiz, profesy\u00f6nelli\u011finizi bir ad\u0131m ileri ta\u015f\u0131yacak bir \u00e7ok \u00fcr\u00fcn Enermak Enerji'de. Cep Tipi Termal Kamera","twitter:image":"https:\/\/enermak.com\/wp-content\/uploads\/2022\/03\/logo-tr-1.png"},"aioseo_meta_data":{"post_id":"9407","title":null,"description":"Altyap\u0131 ve \u015febeke tespitinde kullanabilece\u011finiz, profesy\u00f6nelli\u011finizi bir ad\u0131m ileri ta\u015f\u0131yacak bir \u00e7ok \u00fcr\u00fcn Enermak Enerji'de. Cep Tipi Termal Kamera","keywords":null,"keyphrases":{"focus":{"keyphrase":"Cep Tipi Termal Kamera","analysis":{"keyphraseInTitle":{"score":9,"maxScore":9,"error":0},"keyphraseInDescription":{"score":9,"maxScore":9,"error":0},"keyphraseLength":{"score":9,"maxScore":9,"error":0,"length":4},"keyphraseInURL":{"score":5,"maxScore":5,"error":0},"keyphraseInIntroduction":{"score":3,"maxScore":9,"error":1},"keyphraseInSubHeadings":{"score":9,"maxScore":9,"error":0},"keyphraseInImageAlt":[],"keywordDensity":{"type":"best","score":9,"maxScore":9,"error":0}},"score":90},"additional":[]},"primary_term":null,"canonical_url":null,"og_title":null,"og_description":null,"og_object_type":"default","og_image_type":"default","og_image_url":null,"og_image_width":null,"og_image_height":null,"og_image_custom_url":null,"og_image_custom_fields":null,"og_video":"","og_custom_url":null,"og_article_section":null,"og_article_tags":null,"twitter_use_og":false,"twitter_card":"default","twitter_image_type":"default","twitter_image_url":null,"twitter_image_custom_url":null,"twitter_image_custom_fields":null,"twitter_title":null,"twitter_description":null,"schema":{"blockGraphs":[],"customGraphs":[],"default":{"data":{"Article":[],"Course":[],"Dataset":[],"FAQPage":[],"Movie":[],"Person":[],"Product":[],"ProductReview":[],"Car":[],"Recipe":[],"Service":[],"SoftwareApplication":[],"WebPage":[]},"graphName":"ItemPage","isEnabled":true},"graphs":[]},"schema_type":"default","schema_type_options":"{\"article\":{\"articleType\":\"BlogPosting\"},\"course\":{\"name\":\"\",\"description\":\"\",\"provider\":\"\"},\"faq\":{\"pages\":[]},\"product\":{\"reviews\":[]},\"recipe\":{\"ingredients\":[],\"instructions\":[],\"keywords\":[]},\"software\":{\"reviews\":[],\"operatingSystems\":[]},\"webPage\":{\"webPageType\":\"WebPage\"},\"blockGraphs\":[]}","pillar_content":false,"robots_default":false,"robots_noindex":false,"robots_noarchive":false,"robots_nosnippet":false,"robots_nofollow":false,"robots_noimageindex":false,"robots_noodp":false,"robots_notranslate":false,"robots_max_snippet":"-1","robots_max_videopreview":"-1","robots_max_imagepreview":"large","priority":null,"frequency":"default","local_seo":null,"seo_analyzer_scan_date":"2026-02-18 12:45:18","breadcrumb_settings":null,"limit_modified_date":false,"reviewed_by":null,"open_ai":"{\"title\":{\"suggestions\":[],\"usage\":0},\"description\":{\"suggestions\":[],\"usage\":0}}","ai":{"faqs":[],"keyPoints":[],"titles":[],"descriptions":[],"socialPosts":{"email":[],"linkedin":[],"twitter":[],"facebook":[],"instagram":[]}},"created":"2022-09-12 10:39:19","updated":"2026-02-18 12:45:18"},"aioseo_breadcrumb":"<div class=\"aioseo-breadcrumbs\"><span class=\"aioseo-breadcrumb\">\n\t<a href=\"https:\/\/enermak.com\/en\" title=\"Home\">Home<\/a>\n<\/span><span class=\"aioseo-breadcrumb-separator\">\u00bb<\/span><span class=\"aioseo-breadcrumb\">\n\t<a href=\"https:\/\/enermak.com\/en\/urunler\/\" title=\"\u00dcr\u00fcnler\">\u00dcr\u00fcnler<\/a>\n<\/span><span class=\"aioseo-breadcrumb-separator\">\u00bb<\/span><span class=\"aioseo-breadcrumb\">\n\t<a href=\"https:\/\/enermak.com\/en\/urunler\/kategori\/termal-kamera\/\" title=\"Termal Kamera\">Termal Kamera<\/a>\n<\/span><span class=\"aioseo-breadcrumb-separator\">\u00bb<\/span><span class=\"aioseo-breadcrumb\">\n\tCep Tipi Termal Kamera\n<\/span><\/div>","aioseo_breadcrumb_json":[{"label":"Home","link":"https:\/\/enermak.com\/en"},{"label":"\u00dcr\u00fcnler","link":"https:\/\/enermak.com\/en\/urunler\/"},{"label":"Termal Kamera","link":"https:\/\/enermak.com\/en\/urunler\/kategori\/termal-kamera\/"},{"label":"Cep Tipi Termal Kamera","link":"https:\/\/enermak.com\/en\/urunler\/cep-tipi-termal-kamera\/"}],"_links":{"self":[{"href":"https:\/\/enermak.com\/en\/wp-json\/wp\/v2\/product\/9407","targetHints":{"allow":["GET"]}}],"collection":[{"href":"https:\/\/enermak.com\/en\/wp-json\/wp\/v2\/product"}],"about":[{"href":"https:\/\/enermak.com\/en\/wp-json\/wp\/v2\/types\/product"}],"version-history":[{"count":0,"href":"https:\/\/enermak.com\/en\/wp-json\/wp\/v2\/product\/9407\/revisions"}],"wp:featuredmedia":[{"embeddable":true,"href":"https:\/\/enermak.com\/en\/wp-json\/wp\/v2\/media\/9408"}],"wp:attachment":[{"href":"https:\/\/enermak.com\/en\/wp-json\/wp\/v2\/media?parent=9407"}],"wp:term":[{"taxonomy":"product_brand","embeddable":true,"href":"https:\/\/enermak.com\/en\/wp-json\/wp\/v2\/product_brand?post=9407"},{"taxonomy":"product_cat","embeddable":true,"href":"https:\/\/enermak.com\/en\/wp-json\/wp\/v2\/product_cat?post=9407"},{"taxonomy":"product_tag","embeddable":true,"href":"https:\/\/enermak.com\/en\/wp-json\/wp\/v2\/product_tag?post=9407"},{"taxonomy":"product_brands","embeddable":true,"href":"https:\/\/enermak.com\/en\/wp-json\/wp\/v2\/product_brands?post=9407"}],"curies":[{"name":"wp","href":"https:\/\/api.w.org\/{rel}","templated":true}]}}