{"id":9402,"date":"2022-05-05T14:13:58","date_gmt":"2022-05-05T11:13:58","guid":{"rendered":"http:\/\/isimmedya.com\/?post_type=product&#038;p=9402"},"modified":"2026-02-18T15:13:15","modified_gmt":"2026-02-18T12:13:15","slug":"mobir-akilli-telefon-icin-termal-kamerasi","status":"publish","type":"product","link":"https:\/\/enermak.com\/en\/urunler\/mobir-akilli-telefon-icin-termal-kamerasi\/","title":{"rendered":"MobIR &#8211; Ak\u0131ll\u0131 Telefon i\u00e7in Termal Kameras\u0131"},"content":{"rendered":"<h2 class=\"wp-block-heading has-medium-font-size\"><span style=\"color: #000000;\"><strong>Ak\u0131ll\u0131 Telefon i\u00e7in Termal Kameras\u0131<\/strong><\/span><\/h2>\n<p><span style=\"color: #000000;\"><strong>Ak\u0131ll\u0131 telefonunuzu termal kameraya d\u00f6n\u00fc\u015ft\u00fcr\u00fcn<\/strong><\/span><\/p>\n<h2 class=\"wp-block-heading has-medium-font-size\"><span style=\"color: #000000;\"><strong>Ev Uygulamas\u0131 &#8211; Ak\u0131ll\u0131 Telefon i\u00e7in Termal Kameras\u0131<\/strong><\/span><\/h2>\n<ul>\n<li><span style=\"color: #000000;\">Ev Tipi HVAC Te\u015fhis<\/span><\/li>\n<li><span style=\"color: #000000;\">Ev Muayenesi<\/span><\/li>\n<li><span style=\"color: #000000;\">Su Ka\u00e7aklar\u0131n\u0131 Bulma<\/span><\/li>\n<li><span style=\"color: #000000;\">Gizli Kameralar\u0131 Bulma<\/span><\/li>\n<\/ul>\n<h2 class=\"wp-block-heading has-medium-font-size\"><span style=\"color: #000000;\"><strong>Profesyonel Kullan\u0131m &#8211; Ak\u0131ll\u0131 Telefon i\u00e7in Termal Kameras\u0131<\/strong><\/span><\/h2>\n<ul>\n<li><span style=\"color: #000000;\">Binalarda Zay\u0131f Ak\u0131m\u0131 Tespit Etme<\/span><\/li>\n<li><span style=\"color: #000000;\">Binalarda HVAC Denetimi<\/span><\/li>\n<li><span style=\"color: #000000;\">Parklarda Gece Devriyesi<\/span><\/li>\n<li><span style=\"color: #000000;\">Elektrik Panolar\u0131 Muayenesi<\/span><\/li>\n<\/ul>\n<h2 class=\"wp-block-heading has-medium-font-size\"><span style=\"color: #000000;\"><strong>D\u0131\u015f Mekan Uygulamalar\u0131 &#8211; Ak\u0131ll\u0131 Telefon i\u00e7in Termal Kameras\u0131<\/strong><\/span><\/h2>\n<ul>\n<li><span style=\"color: #000000;\">Petrol Gece G\u00fcvenli\u011fi<\/span><\/li>\n<li><span style=\"color: #000000;\">Hayvan Aramalar\u0131<\/span><\/li>\n<li><span style=\"color: #000000;\">Korla\u015fm\u0131\u015f Yang\u0131n Alg\u0131lama<\/span><\/li>\n<\/ul>","protected":false},"excerpt":{"rendered":"<h2><span style=\"color: #000000;\">Guide Infrared<\/span><\/h2>\n<h3><span style=\"color: #000000;\">MobIR<\/span><\/h3>\n<p><span style=\"color: #000000;\">Ak\u0131ll\u0131 telefonunuzu termal kameraya d\u00f6n\u00fc\u015ft\u00fcr\u00fcn<\/span><\/p>","protected":false},"featured_media":18106,"template":"","meta":{"_bst_post_transparent":"default","_bst_post_title":"","_bst_post_layout":"default","_bst_post_sidebar_id":"","_bst_post_content_style":"default","_bst_post_vertical_padding":"default","_bst_post_feature":"","_bst_post_feature_position":"","_bst_post_header":false,"_bst_post_footer":false},"product_brand":[],"product_cat":[152],"product_tag":[565,566,570,572,567,564,569,542,571],"product_brands":[],"class_list":{"0":"post-9402","1":"product","2":"type-product","3":"status-publish","4":"has-post-thumbnail","6":"product_cat-termal-kamera","7":"product_tag-akilli-telefon","8":"product_tag-ev-tipi","9":"product_tag-gizli-kameralari-bulma","10":"product_tag-hvac-denetimi","11":"product_tag-hvac-teshis","12":"product_tag-mobir","13":"product_tag-su-kacaklarini-bulma","14":"product_tag-termal-kamera","15":"product_tag-zayif-akimi-tespit-etme","17":"first","18":"instock","19":"shipping-taxable","20":"product-type-simple","21":"entry","22":"content-bg","23":"loop-entry"},"aioseo_notices":[],"aioseo_head":"\n\t\t<!-- All in One SEO Pro 4.9.6.2 - aioseo.com -->\n\t<meta name=\"description\" content=\"Altyap\u0131 ve \u015febeke tespitinde kullanabilece\u011finiz, profesy\u00f6nelli\u011finizi bir ad\u0131m ileri ta\u015f\u0131yacak bir \u00e7ok \u00fcr\u00fcn Enermak Enerji&#039;de.Ak\u0131ll\u0131 Telefon i\u00e7in Termal Kameras\u0131\" \/>\n\t<meta name=\"robots\" content=\"max-snippet:-1, max-image-preview:large, max-video-preview:-1\" \/>\n\t<meta name=\"yandex-verification\" content=\"yandex-verification: 61c39bc218eec6a9\" \/>\n\t<link rel=\"canonical\" href=\"https:\/\/enermak.com\/en\/urunler\/mobir-akilli-telefon-icin-termal-kamerasi\/\" \/>\n\t<meta name=\"generator\" content=\"All in One SEO Pro (AIOSEO) 4.9.6.2\" \/>\n\t\t<meta property=\"og:locale\" content=\"en_US\" \/>\n\t\t<meta property=\"og:site_name\" content=\"Enermak Enerji - Yeralt\u0131ndan Haberler\" \/>\n\t\t<meta property=\"og:type\" content=\"article\" \/>\n\t\t<meta property=\"og:title\" content=\"MobIR \u2013 Ak\u0131ll\u0131 Telefon i\u00e7in Termal Kameras\u0131 - Enermak Enerji\" \/>\n\t\t<meta property=\"og:description\" content=\"Altyap\u0131 ve \u015febeke tespitinde kullanabilece\u011finiz, profesy\u00f6nelli\u011finizi bir ad\u0131m ileri ta\u015f\u0131yacak bir \u00e7ok \u00fcr\u00fcn Enermak Enerji&#039;de.Ak\u0131ll\u0131 Telefon i\u00e7in Termal Kameras\u0131\" \/>\n\t\t<meta property=\"og:url\" content=\"https:\/\/enermak.com\/en\/urunler\/mobir-akilli-telefon-icin-termal-kamerasi\/\" \/>\n\t\t<meta property=\"og:image\" content=\"https:\/\/enermak.com\/wp-content\/uploads\/2022\/03\/logo-tr-1.png\" \/>\n\t\t<meta property=\"og:image:secure_url\" content=\"https:\/\/enermak.com\/wp-content\/uploads\/2022\/03\/logo-tr-1.png\" \/>\n\t\t<meta property=\"article:published_time\" content=\"2022-05-05T11:13:58+00:00\" \/>\n\t\t<meta property=\"article:modified_time\" content=\"2026-02-18T12:13:15+00:00\" \/>\n\t\t<meta property=\"article:publisher\" content=\"https:\/\/www.facebook.com\/YERALTINDANHABERLER\/\" \/>\n\t\t<meta name=\"twitter:card\" content=\"summary_large_image\" \/>\n\t\t<meta name=\"twitter:site\" content=\"@enerjienermak\" \/>\n\t\t<meta name=\"twitter:title\" content=\"MobIR \u2013 Ak\u0131ll\u0131 Telefon i\u00e7in Termal Kameras\u0131 - Enermak Enerji\" \/>\n\t\t<meta name=\"twitter:description\" content=\"Altyap\u0131 ve \u015febeke tespitinde kullanabilece\u011finiz, profesy\u00f6nelli\u011finizi bir ad\u0131m ileri ta\u015f\u0131yacak bir \u00e7ok \u00fcr\u00fcn Enermak Enerji&#039;de.Ak\u0131ll\u0131 Telefon i\u00e7in Termal Kameras\u0131\" \/>\n\t\t<meta name=\"twitter:image\" content=\"https:\/\/enermak.com\/wp-content\/uploads\/2022\/03\/logo-tr-1.png\" \/>\n\t\t<script type=\"application\/ld+json\" class=\"aioseo-schema\">\n\t\t\t{\"@context\":\"https:\\\/\\\/schema.org\",\"@graph\":[{\"@type\":\"BreadcrumbList\",\"@id\":\"https:\\\/\\\/enermak.com\\\/en\\\/urunler\\\/mobir-akilli-telefon-icin-termal-kamerasi\\\/#breadcrumblist\",\"itemListElement\":[{\"@type\":\"ListItem\",\"@id\":\"https:\\\/\\\/enermak.com\\\/en#listItem\",\"position\":1,\"name\":\"Home\",\"item\":\"https:\\\/\\\/enermak.com\\\/en\",\"nextItem\":{\"@type\":\"ListItem\",\"@id\":\"https:\\\/\\\/enermak.com\\\/en\\\/urunler\\\/#listItem\",\"name\":\"\\u00dcr\\u00fcnler\"}},{\"@type\":\"ListItem\",\"@id\":\"https:\\\/\\\/enermak.com\\\/en\\\/urunler\\\/#listItem\",\"position\":2,\"name\":\"\\u00dcr\\u00fcnler\",\"item\":\"https:\\\/\\\/enermak.com\\\/en\\\/urunler\\\/\",\"nextItem\":{\"@type\":\"ListItem\",\"@id\":\"https:\\\/\\\/enermak.com\\\/en\\\/urunler\\\/kategori\\\/termal-kamera\\\/#listItem\",\"name\":\"Termal Kamera\"},\"previousItem\":{\"@type\":\"ListItem\",\"@id\":\"https:\\\/\\\/enermak.com\\\/en#listItem\",\"name\":\"Home\"}},{\"@type\":\"ListItem\",\"@id\":\"https:\\\/\\\/enermak.com\\\/en\\\/urunler\\\/kategori\\\/termal-kamera\\\/#listItem\",\"position\":3,\"name\":\"Termal Kamera\",\"item\":\"https:\\\/\\\/enermak.com\\\/en\\\/urunler\\\/kategori\\\/termal-kamera\\\/\",\"nextItem\":{\"@type\":\"ListItem\",\"@id\":\"https:\\\/\\\/enermak.com\\\/en\\\/urunler\\\/mobir-akilli-telefon-icin-termal-kamerasi\\\/#listItem\",\"name\":\"MobIR &#8211; Ak\\u0131ll\\u0131 Telefon i\\u00e7in Termal Kameras\\u0131\"},\"previousItem\":{\"@type\":\"ListItem\",\"@id\":\"https:\\\/\\\/enermak.com\\\/en\\\/urunler\\\/#listItem\",\"name\":\"\\u00dcr\\u00fcnler\"}},{\"@type\":\"ListItem\",\"@id\":\"https:\\\/\\\/enermak.com\\\/en\\\/urunler\\\/mobir-akilli-telefon-icin-termal-kamerasi\\\/#listItem\",\"position\":4,\"name\":\"MobIR &#8211; Ak\\u0131ll\\u0131 Telefon i\\u00e7in Termal Kameras\\u0131\",\"previousItem\":{\"@type\":\"ListItem\",\"@id\":\"https:\\\/\\\/enermak.com\\\/en\\\/urunler\\\/kategori\\\/termal-kamera\\\/#listItem\",\"name\":\"Termal Kamera\"}}]},{\"@type\":\"ItemPage\",\"@id\":\"https:\\\/\\\/enermak.com\\\/en\\\/urunler\\\/mobir-akilli-telefon-icin-termal-kamerasi\\\/#itempage\",\"url\":\"https:\\\/\\\/enermak.com\\\/en\\\/urunler\\\/mobir-akilli-telefon-icin-termal-kamerasi\\\/\",\"name\":\"MobIR \\u2013 Ak\\u0131ll\\u0131 Telefon i\\u00e7in Termal Kameras\\u0131 - Enermak Enerji\",\"description\":\"Altyap\\u0131 ve \\u015febeke tespitinde kullanabilece\\u011finiz, profesy\\u00f6nelli\\u011finizi bir ad\\u0131m ileri ta\\u015f\\u0131yacak bir \\u00e7ok \\u00fcr\\u00fcn Enermak Enerji'de.Ak\\u0131ll\\u0131 Telefon i\\u00e7in Termal Kameras\\u0131\",\"inLanguage\":\"en-US\",\"isPartOf\":{\"@id\":\"https:\\\/\\\/enermak.com\\\/en\\\/#website\"},\"breadcrumb\":{\"@id\":\"https:\\\/\\\/enermak.com\\\/en\\\/urunler\\\/mobir-akilli-telefon-icin-termal-kamerasi\\\/#breadcrumblist\"},\"image\":{\"@type\":\"ImageObject\",\"url\":\"https:\\\/\\\/enermak.com\\\/wp-content\\\/uploads\\\/2022\\\/05\\\/termal-kamera-mobIR2-1.jpg\",\"@id\":\"https:\\\/\\\/enermak.com\\\/en\\\/urunler\\\/mobir-akilli-telefon-icin-termal-kamerasi\\\/#mainImage\",\"width\":557,\"height\":480,\"caption\":\"ak\\u0131ll\\u0131 telefonlar i\\u00e7in termal kamera mod\\u00fcl\\u00fc\"},\"primaryImageOfPage\":{\"@id\":\"https:\\\/\\\/enermak.com\\\/en\\\/urunler\\\/mobir-akilli-telefon-icin-termal-kamerasi\\\/#mainImage\"},\"datePublished\":\"2022-05-05T14:13:58+03:00\",\"dateModified\":\"2026-02-18T15:13:15+03:00\"},{\"@type\":\"Organization\",\"@id\":\"https:\\\/\\\/enermak.com\\\/en\\\/#organization\",\"name\":\"Enermak Enerji\",\"description\":\"Yeralt\\u0131ndan Haberler\",\"url\":\"https:\\\/\\\/enermak.com\\\/en\\\/\",\"telephone\":\"+903123851102\",\"logo\":{\"@type\":\"ImageObject\",\"url\":\"https:\\\/\\\/enermak.com\\\/wp-content\\\/uploads\\\/2022\\\/03\\\/logo-tr-1.png\",\"@id\":\"https:\\\/\\\/enermak.com\\\/en\\\/urunler\\\/mobir-akilli-telefon-icin-termal-kamerasi\\\/#organizationLogo\"},\"image\":{\"@id\":\"https:\\\/\\\/enermak.com\\\/en\\\/urunler\\\/mobir-akilli-telefon-icin-termal-kamerasi\\\/#organizationLogo\"},\"sameAs\":[\"https:\\\/\\\/www.facebook.com\\\/YERALTINDANHABERLER\\\/\",\"https:\\\/\\\/twitter.com\\\/enerjienermak\",\"https:\\\/\\\/www.instagram.com\\\/enermakenerji\\\/\",\"https:\\\/\\\/www.youtube.com\\\/c\\\/EnermakEnerji\",\"https:\\\/\\\/www.linkedin.com\\\/in\\\/enermak\"]},{\"@type\":\"WebPage\",\"@id\":\"https:\\\/\\\/enermak.com\\\/en\\\/urunler\\\/mobir-akilli-telefon-icin-termal-kamerasi\\\/#webpage\",\"url\":\"https:\\\/\\\/enermak.com\\\/en\\\/urunler\\\/mobir-akilli-telefon-icin-termal-kamerasi\\\/\",\"name\":\"MobIR \\u2013 Ak\\u0131ll\\u0131 Telefon i\\u00e7in Termal Kameras\\u0131 - Enermak Enerji\",\"description\":\"Altyap\\u0131 ve \\u015febeke tespitinde kullanabilece\\u011finiz, profesy\\u00f6nelli\\u011finizi bir ad\\u0131m ileri ta\\u015f\\u0131yacak bir \\u00e7ok \\u00fcr\\u00fcn Enermak Enerji'de.Ak\\u0131ll\\u0131 Telefon i\\u00e7in Termal Kameras\\u0131\",\"inLanguage\":\"en-US\",\"isPartOf\":{\"@id\":\"https:\\\/\\\/enermak.com\\\/en\\\/#website\"},\"breadcrumb\":{\"@id\":\"https:\\\/\\\/enermak.com\\\/en\\\/urunler\\\/mobir-akilli-telefon-icin-termal-kamerasi\\\/#breadcrumblist\"},\"image\":{\"@type\":\"ImageObject\",\"url\":\"https:\\\/\\\/enermak.com\\\/wp-content\\\/uploads\\\/2022\\\/05\\\/termal-kamera-mobIR2-1.jpg\",\"@id\":\"https:\\\/\\\/enermak.com\\\/en\\\/urunler\\\/mobir-akilli-telefon-icin-termal-kamerasi\\\/#mainImage\",\"width\":557,\"height\":480,\"caption\":\"ak\\u0131ll\\u0131 telefonlar i\\u00e7in termal kamera mod\\u00fcl\\u00fc\"},\"primaryImageOfPage\":{\"@id\":\"https:\\\/\\\/enermak.com\\\/en\\\/urunler\\\/mobir-akilli-telefon-icin-termal-kamerasi\\\/#mainImage\"},\"datePublished\":\"2022-05-05T14:13:58+03:00\",\"dateModified\":\"2026-02-18T15:13:15+03:00\"},{\"@type\":\"WebSite\",\"@id\":\"https:\\\/\\\/enermak.com\\\/en\\\/#website\",\"url\":\"https:\\\/\\\/enermak.com\\\/en\\\/\",\"name\":\"Enermak Enerji\",\"alternateName\":\"Yeralt\\u0131ndan Haberler\",\"description\":\"Yeralt\\u0131ndan Haberler\",\"inLanguage\":\"en-US\",\"publisher\":{\"@id\":\"https:\\\/\\\/enermak.com\\\/en\\\/#organization\"}}]}\n\t\t<\/script>\n\t\t<!-- All in One SEO Pro -->\r\n\t\t<title>MobIR \u2013 Ak\u0131ll\u0131 Telefon i\u00e7in Termal Kameras\u0131 - Enermak Enerji<\/title>\n\n","aioseo_head_json":{"title":"MobIR \u2013 Ak\u0131ll\u0131 Telefon i\u00e7in Termal Kameras\u0131 - Enermak Enerji","description":"Altyap\u0131 ve \u015febeke tespitinde kullanabilece\u011finiz, profesy\u00f6nelli\u011finizi bir ad\u0131m ileri ta\u015f\u0131yacak bir \u00e7ok \u00fcr\u00fcn Enermak Enerji'de.Ak\u0131ll\u0131 Telefon i\u00e7in Termal Kameras\u0131","canonical_url":"https:\/\/enermak.com\/en\/urunler\/mobir-akilli-telefon-icin-termal-kamerasi\/","robots":"max-snippet:-1, max-image-preview:large, max-video-preview:-1","keywords":"","webmasterTools":{"yandex-verification":"yandex-verification: 61c39bc218eec6a9","miscellaneous":""},"schema":{"@context":"https:\/\/schema.org","@graph":[{"@type":"BreadcrumbList","@id":"https:\/\/enermak.com\/en\/urunler\/mobir-akilli-telefon-icin-termal-kamerasi\/#breadcrumblist","itemListElement":[{"@type":"ListItem","@id":"https:\/\/enermak.com\/en#listItem","position":1,"name":"Home","item":"https:\/\/enermak.com\/en","nextItem":{"@type":"ListItem","@id":"https:\/\/enermak.com\/en\/urunler\/#listItem","name":"\u00dcr\u00fcnler"}},{"@type":"ListItem","@id":"https:\/\/enermak.com\/en\/urunler\/#listItem","position":2,"name":"\u00dcr\u00fcnler","item":"https:\/\/enermak.com\/en\/urunler\/","nextItem":{"@type":"ListItem","@id":"https:\/\/enermak.com\/en\/urunler\/kategori\/termal-kamera\/#listItem","name":"Termal Kamera"},"previousItem":{"@type":"ListItem","@id":"https:\/\/enermak.com\/en#listItem","name":"Home"}},{"@type":"ListItem","@id":"https:\/\/enermak.com\/en\/urunler\/kategori\/termal-kamera\/#listItem","position":3,"name":"Termal Kamera","item":"https:\/\/enermak.com\/en\/urunler\/kategori\/termal-kamera\/","nextItem":{"@type":"ListItem","@id":"https:\/\/enermak.com\/en\/urunler\/mobir-akilli-telefon-icin-termal-kamerasi\/#listItem","name":"MobIR &#8211; Ak\u0131ll\u0131 Telefon i\u00e7in Termal Kameras\u0131"},"previousItem":{"@type":"ListItem","@id":"https:\/\/enermak.com\/en\/urunler\/#listItem","name":"\u00dcr\u00fcnler"}},{"@type":"ListItem","@id":"https:\/\/enermak.com\/en\/urunler\/mobir-akilli-telefon-icin-termal-kamerasi\/#listItem","position":4,"name":"MobIR &#8211; Ak\u0131ll\u0131 Telefon i\u00e7in Termal Kameras\u0131","previousItem":{"@type":"ListItem","@id":"https:\/\/enermak.com\/en\/urunler\/kategori\/termal-kamera\/#listItem","name":"Termal Kamera"}}]},{"@type":"ItemPage","@id":"https:\/\/enermak.com\/en\/urunler\/mobir-akilli-telefon-icin-termal-kamerasi\/#itempage","url":"https:\/\/enermak.com\/en\/urunler\/mobir-akilli-telefon-icin-termal-kamerasi\/","name":"MobIR \u2013 Ak\u0131ll\u0131 Telefon i\u00e7in Termal Kameras\u0131 - Enermak Enerji","description":"Altyap\u0131 ve \u015febeke tespitinde kullanabilece\u011finiz, profesy\u00f6nelli\u011finizi bir ad\u0131m ileri ta\u015f\u0131yacak bir \u00e7ok \u00fcr\u00fcn Enermak Enerji'de.Ak\u0131ll\u0131 Telefon i\u00e7in Termal Kameras\u0131","inLanguage":"en-US","isPartOf":{"@id":"https:\/\/enermak.com\/en\/#website"},"breadcrumb":{"@id":"https:\/\/enermak.com\/en\/urunler\/mobir-akilli-telefon-icin-termal-kamerasi\/#breadcrumblist"},"image":{"@type":"ImageObject","url":"https:\/\/enermak.com\/wp-content\/uploads\/2022\/05\/termal-kamera-mobIR2-1.jpg","@id":"https:\/\/enermak.com\/en\/urunler\/mobir-akilli-telefon-icin-termal-kamerasi\/#mainImage","width":557,"height":480,"caption":"ak\u0131ll\u0131 telefonlar i\u00e7in termal kamera mod\u00fcl\u00fc"},"primaryImageOfPage":{"@id":"https:\/\/enermak.com\/en\/urunler\/mobir-akilli-telefon-icin-termal-kamerasi\/#mainImage"},"datePublished":"2022-05-05T14:13:58+03:00","dateModified":"2026-02-18T15:13:15+03:00"},{"@type":"Organization","@id":"https:\/\/enermak.com\/en\/#organization","name":"Enermak Enerji","description":"Yeralt\u0131ndan Haberler","url":"https:\/\/enermak.com\/en\/","telephone":"+903123851102","logo":{"@type":"ImageObject","url":"https:\/\/enermak.com\/wp-content\/uploads\/2022\/03\/logo-tr-1.png","@id":"https:\/\/enermak.com\/en\/urunler\/mobir-akilli-telefon-icin-termal-kamerasi\/#organizationLogo"},"image":{"@id":"https:\/\/enermak.com\/en\/urunler\/mobir-akilli-telefon-icin-termal-kamerasi\/#organizationLogo"},"sameAs":["https:\/\/www.facebook.com\/YERALTINDANHABERLER\/","https:\/\/twitter.com\/enerjienermak","https:\/\/www.instagram.com\/enermakenerji\/","https:\/\/www.youtube.com\/c\/EnermakEnerji","https:\/\/www.linkedin.com\/in\/enermak"]},{"@type":"WebPage","@id":"https:\/\/enermak.com\/en\/urunler\/mobir-akilli-telefon-icin-termal-kamerasi\/#webpage","url":"https:\/\/enermak.com\/en\/urunler\/mobir-akilli-telefon-icin-termal-kamerasi\/","name":"MobIR \u2013 Ak\u0131ll\u0131 Telefon i\u00e7in Termal Kameras\u0131 - Enermak Enerji","description":"Altyap\u0131 ve \u015febeke tespitinde kullanabilece\u011finiz, profesy\u00f6nelli\u011finizi bir ad\u0131m ileri ta\u015f\u0131yacak bir \u00e7ok \u00fcr\u00fcn Enermak Enerji'de.Ak\u0131ll\u0131 Telefon i\u00e7in Termal Kameras\u0131","inLanguage":"en-US","isPartOf":{"@id":"https:\/\/enermak.com\/en\/#website"},"breadcrumb":{"@id":"https:\/\/enermak.com\/en\/urunler\/mobir-akilli-telefon-icin-termal-kamerasi\/#breadcrumblist"},"image":{"@type":"ImageObject","url":"https:\/\/enermak.com\/wp-content\/uploads\/2022\/05\/termal-kamera-mobIR2-1.jpg","@id":"https:\/\/enermak.com\/en\/urunler\/mobir-akilli-telefon-icin-termal-kamerasi\/#mainImage","width":557,"height":480,"caption":"ak\u0131ll\u0131 telefonlar i\u00e7in termal kamera mod\u00fcl\u00fc"},"primaryImageOfPage":{"@id":"https:\/\/enermak.com\/en\/urunler\/mobir-akilli-telefon-icin-termal-kamerasi\/#mainImage"},"datePublished":"2022-05-05T14:13:58+03:00","dateModified":"2026-02-18T15:13:15+03:00"},{"@type":"WebSite","@id":"https:\/\/enermak.com\/en\/#website","url":"https:\/\/enermak.com\/en\/","name":"Enermak Enerji","alternateName":"Yeralt\u0131ndan Haberler","description":"Yeralt\u0131ndan Haberler","inLanguage":"en-US","publisher":{"@id":"https:\/\/enermak.com\/en\/#organization"}}]},"og:locale":"en_US","og:site_name":"Enermak Enerji - Yeralt\u0131ndan Haberler","og:type":"article","og:title":"MobIR \u2013 Ak\u0131ll\u0131 Telefon i\u00e7in Termal Kameras\u0131 - Enermak Enerji","og:description":"Altyap\u0131 ve \u015febeke tespitinde kullanabilece\u011finiz, profesy\u00f6nelli\u011finizi bir ad\u0131m ileri ta\u015f\u0131yacak bir \u00e7ok \u00fcr\u00fcn Enermak Enerji'de.Ak\u0131ll\u0131 Telefon i\u00e7in Termal Kameras\u0131","og:url":"https:\/\/enermak.com\/en\/urunler\/mobir-akilli-telefon-icin-termal-kamerasi\/","og:image":"https:\/\/enermak.com\/wp-content\/uploads\/2022\/03\/logo-tr-1.png","og:image:secure_url":"https:\/\/enermak.com\/wp-content\/uploads\/2022\/03\/logo-tr-1.png","article:published_time":"2022-05-05T11:13:58+00:00","article:modified_time":"2026-02-18T12:13:15+00:00","article:publisher":"https:\/\/www.facebook.com\/YERALTINDANHABERLER\/","twitter:card":"summary_large_image","twitter:site":"@enerjienermak","twitter:title":"MobIR \u2013 Ak\u0131ll\u0131 Telefon i\u00e7in Termal Kameras\u0131 - Enermak Enerji","twitter:description":"Altyap\u0131 ve \u015febeke tespitinde kullanabilece\u011finiz, profesy\u00f6nelli\u011finizi bir ad\u0131m ileri ta\u015f\u0131yacak bir \u00e7ok \u00fcr\u00fcn Enermak Enerji'de.Ak\u0131ll\u0131 Telefon i\u00e7in Termal Kameras\u0131","twitter:image":"https:\/\/enermak.com\/wp-content\/uploads\/2022\/03\/logo-tr-1.png"},"aioseo_meta_data":{"post_id":"9402","title":null,"description":"Altyap\u0131 ve \u015febeke tespitinde kullanabilece\u011finiz, profesy\u00f6nelli\u011finizi bir ad\u0131m ileri ta\u015f\u0131yacak bir \u00e7ok \u00fcr\u00fcn Enermak Enerji'de.Ak\u0131ll\u0131 Telefon i\u00e7in Termal Kameras\u0131","keywords":null,"keyphrases":{"focus":{"keyphrase":"Ak\u0131ll\u0131 Telefon i\u00e7in Termal Kameras\u0131","analysis":{"keyphraseInTitle":{"score":9,"maxScore":9,"error":0},"keyphraseInDescription":{"score":9,"maxScore":9,"error":0},"keyphraseLength":{"score":6,"maxScore":9,"error":1,"length":7},"keyphraseInURL":{"score":5,"maxScore":5,"error":0},"keyphraseInIntroduction":{"score":3,"maxScore":9,"error":1},"keyphraseInSubHeadings":{"score":3,"maxScore":9,"error":1},"keyphraseInImageAlt":[],"keywordDensity":{"type":"high","score":0,"maxScore":9,"error":1}},"score":59},"additional":[]},"primary_term":null,"canonical_url":null,"og_title":null,"og_description":null,"og_object_type":"default","og_image_type":"default","og_image_url":null,"og_image_width":null,"og_image_height":null,"og_image_custom_url":null,"og_image_custom_fields":null,"og_video":"","og_custom_url":null,"og_article_section":null,"og_article_tags":null,"twitter_use_og":false,"twitter_card":"default","twitter_image_type":"default","twitter_image_url":null,"twitter_image_custom_url":null,"twitter_image_custom_fields":null,"twitter_title":null,"twitter_description":null,"schema":{"blockGraphs":[],"customGraphs":[],"default":{"data":{"Article":[],"Course":[],"Dataset":[],"FAQPage":[],"Movie":[],"Person":[],"Product":[],"ProductReview":[],"Car":[],"Recipe":[],"Service":[],"SoftwareApplication":[],"WebPage":[]},"graphName":"ItemPage","isEnabled":true},"graphs":[]},"schema_type":"default","schema_type_options":"{\"article\":{\"articleType\":\"BlogPosting\"},\"course\":{\"name\":\"\",\"description\":\"\",\"provider\":\"\"},\"faq\":{\"pages\":[]},\"product\":{\"reviews\":[]},\"recipe\":{\"ingredients\":[],\"instructions\":[],\"keywords\":[]},\"software\":{\"reviews\":[],\"operatingSystems\":[]},\"webPage\":{\"webPageType\":\"WebPage\"},\"blockGraphs\":[]}","pillar_content":false,"robots_default":false,"robots_noindex":false,"robots_noarchive":false,"robots_nosnippet":false,"robots_nofollow":false,"robots_noimageindex":false,"robots_noodp":false,"robots_notranslate":false,"robots_max_snippet":"-1","robots_max_videopreview":"-1","robots_max_imagepreview":"large","priority":null,"frequency":"default","local_seo":null,"seo_analyzer_scan_date":"2026-02-18 12:42:56","breadcrumb_settings":null,"limit_modified_date":false,"reviewed_by":null,"open_ai":"{\"title\":{\"suggestions\":[],\"usage\":0},\"description\":{\"suggestions\":[],\"usage\":0}}","ai":{"faqs":[],"keyPoints":[],"titles":[],"descriptions":[],"socialPosts":{"email":[],"linkedin":[],"twitter":[],"facebook":[],"instagram":[]}},"created":"2022-09-12 10:39:19","updated":"2026-02-18 12:42:56"},"aioseo_breadcrumb":"<div class=\"aioseo-breadcrumbs\"><span class=\"aioseo-breadcrumb\">\n\t<a href=\"https:\/\/enermak.com\/en\" title=\"Home\">Home<\/a>\n<\/span><span class=\"aioseo-breadcrumb-separator\">\u00bb<\/span><span class=\"aioseo-breadcrumb\">\n\t<a href=\"https:\/\/enermak.com\/en\/urunler\/\" title=\"\u00dcr\u00fcnler\">\u00dcr\u00fcnler<\/a>\n<\/span><span class=\"aioseo-breadcrumb-separator\">\u00bb<\/span><span class=\"aioseo-breadcrumb\">\n\t<a href=\"https:\/\/enermak.com\/en\/urunler\/kategori\/termal-kamera\/\" title=\"Termal Kamera\">Termal Kamera<\/a>\n<\/span><span class=\"aioseo-breadcrumb-separator\">\u00bb<\/span><span class=\"aioseo-breadcrumb\">\n\tMobIR \u2013 Ak\u0131ll\u0131 Telefon i\u00e7in Termal Kameras\u0131\n<\/span><\/div>","aioseo_breadcrumb_json":[{"label":"Home","link":"https:\/\/enermak.com\/en"},{"label":"\u00dcr\u00fcnler","link":"https:\/\/enermak.com\/en\/urunler\/"},{"label":"Termal Kamera","link":"https:\/\/enermak.com\/en\/urunler\/kategori\/termal-kamera\/"},{"label":"MobIR &#8211; Ak\u0131ll\u0131 Telefon i\u00e7in Termal Kameras\u0131","link":"https:\/\/enermak.com\/en\/urunler\/mobir-akilli-telefon-icin-termal-kamerasi\/"}],"_links":{"self":[{"href":"https:\/\/enermak.com\/en\/wp-json\/wp\/v2\/product\/9402","targetHints":{"allow":["GET"]}}],"collection":[{"href":"https:\/\/enermak.com\/en\/wp-json\/wp\/v2\/product"}],"about":[{"href":"https:\/\/enermak.com\/en\/wp-json\/wp\/v2\/types\/product"}],"version-history":[{"count":0,"href":"https:\/\/enermak.com\/en\/wp-json\/wp\/v2\/product\/9402\/revisions"}],"wp:featuredmedia":[{"embeddable":true,"href":"https:\/\/enermak.com\/en\/wp-json\/wp\/v2\/media\/18106"}],"wp:attachment":[{"href":"https:\/\/enermak.com\/en\/wp-json\/wp\/v2\/media?parent=9402"}],"wp:term":[{"taxonomy":"product_brand","embeddable":true,"href":"https:\/\/enermak.com\/en\/wp-json\/wp\/v2\/product_brand?post=9402"},{"taxonomy":"product_cat","embeddable":true,"href":"https:\/\/enermak.com\/en\/wp-json\/wp\/v2\/product_cat?post=9402"},{"taxonomy":"product_tag","embeddable":true,"href":"https:\/\/enermak.com\/en\/wp-json\/wp\/v2\/product_tag?post=9402"},{"taxonomy":"product_brands","embeddable":true,"href":"https:\/\/enermak.com\/en\/wp-json\/wp\/v2\/product_brands?post=9402"}],"curies":[{"name":"wp","href":"https:\/\/api.w.org\/{rel}","templated":true}]}}