{"id":9398,"date":"2022-05-05T14:09:30","date_gmt":"2022-05-05T11:09:30","guid":{"rendered":"http:\/\/isimmedya.com\/?post_type=product&#038;p=9398"},"modified":"2026-02-18T15:33:56","modified_gmt":"2026-02-18T12:33:56","slug":"ener120th-termal-ates-olcer-kamera","status":"publish","type":"product","link":"https:\/\/enermak.com\/en\/urunler\/ener120th-termal-ates-olcer-kamera\/","title":{"rendered":"ENER120TH &#8211; Termal Kamera \/ Ate\u015f \u00d6l\u00e7er"},"content":{"rendered":"<h2 class=\"wp-block-heading has-medium-font-size\"><span style=\"color: #000000;\"><strong>ENER T120H Termal Ate\u015f \u00d6l\u00e7er Kamera<\/strong><\/span><\/h2>\n<p><span style=\"color: #000000;\">\u00b1 0.5 hassasiyetle bir metre gibi g\u00fcvenlik mesafesinden insan s\u0131cakl\u0131\u011f\u0131n\u0131 tespit etmek i\u00e7in kullan\u0131labilen h\u0131zl\u0131 bir s\u0131cakl\u0131k alg\u0131lama cihaz\u0131d\u0131r. Birincil s\u0131cakl\u0131k taramas\u0131n\u0131n ihtiya\u00e7lar\u0131n\u0131 iyi kar\u015f\u0131layabilecek ekonomik ve pratik bir termal kamerad\u0131r. \u0130ki ak\u0131ll\u0131 s\u0131cakl\u0131k tarama modu ile ENER T120H sadece esnek s\u0131cakl\u0131k taramas\u0131 i\u00e7in uygun de\u011fildir, ayn\u0131 zamanda kamusal alan\u0131n giri\u015f ve \u00e7\u0131k\u0131\u015flar\u0131na da yerle\u015ftirilebilir, bu da onu salg\u0131n \u00f6nleme verimlili\u011fini art\u0131rmak ve halk sa\u011fl\u0131\u011f\u0131n\u0131 korumak i\u00e7in ideal bir cihaz yapar.<\/span><\/p>\n<h2 class=\"wp-block-heading has-medium-font-size\"><span style=\"color: #000000;\"><strong>\u00d6zellikler &#8211; Termal<\/strong><\/span><\/h2>\n<ul>\n<li><span style=\"color: #000000;\">H\u0131zl\u0131 s\u0131cakl\u0131k alg\u0131lama, otomatik ate\u015f tan\u0131mlama ve alarm sistemi<\/span><\/li>\n<li><span style=\"color: #000000;\">1 metre g\u00fcvenli alg\u0131lama mesafesi, d\u00fc\u015f\u00fck enfeksiyon riski, tespit edilen ki\u015fiyi rahats\u0131z etmeden tespit yapabilme imkan\u0131<\/span><\/li>\n<li><span style=\"color: #000000;\">S\u0131cakl\u0131k verilerini kontrol ederek 100.000 g\u00f6r\u00fcnt\u00fc saklama imkan\u0131,<\/span><\/li>\n<li><span style=\"color: #000000;\">TYPE-C aray\u00fcz\u00fc, 2.5H h\u0131zl\u0131 \u015farj, 8s\u2019e kadar pil s\u00fcresi.<\/span><\/li>\n<li><span style=\"color: #000000;\">Kompakt ve ta\u015f\u0131nabilir, mobil alg\u0131lama i\u00e7in uygun, ayr\u0131ca iste\u011fe ba\u011fl\u0131 tripod ile sabitlenebilir.<\/span><\/li>\n<\/ul>\n<h2 class=\"wp-block-heading has-medium-font-size\"><span style=\"color: #000000;\"><strong>Application<\/strong><\/span><\/h2>\n<p><span style=\"color: #000000;\">Coronavirus, Ebola, SARS ve Zika gibi vir\u00fcslerin ate\u015f semptomlar\u0131 ile yay\u0131lmas\u0131n\u0131 kontrol etmek ve azaltmak i\u00e7in otellerde,fabrikalarda, okullarda, al\u0131\u015fveri\u015f merkezlerinde, ofis binalar\u0131nda ve di\u011fer halka a\u00e7\u0131k yerlerde h\u0131zl\u0131 s\u0131cakl\u0131k taramas\u0131 i\u00e7in uygundur.<\/span><\/p>","protected":false},"excerpt":{"rendered":"<h3><span style=\"color: #000000;\">Guide Infrared<\/span><\/h3>\n<h4><span style=\"color: #000000;\">ENER120TH<\/span><\/h4>\n<p><span style=\"color: #000000;\">ENER T120H Termal Ate\u015f \u00d6l\u00e7er Kamera, \u00b1 0.5 hassasiyetle bir metre gibi g\u00fcvenlik mesafesinden insan s\u0131cakl\u0131\u011f\u0131n\u0131 tespit etmek i\u00e7in kullan\u0131labilen h\u0131zl\u0131 bir s\u0131cakl\u0131k alg\u0131lama cihaz\u0131d\u0131r. Birincil s\u0131cakl\u0131k taramas\u0131n\u0131n ihtiya\u00e7lar\u0131n\u0131 iyi kar\u015f\u0131layabilecek ekonomik ve pratik bir termal kamerad\u0131r. \u0130ki ak\u0131ll\u0131 s\u0131cakl\u0131k tarama modu ile ENER T120H sadece esnek s\u0131cakl\u0131k taramas\u0131 i\u00e7in uygun de\u011fildir, ayn\u0131 zamanda kamusal alan\u0131n giri\u015f ve \u00e7\u0131k\u0131\u015flar\u0131na da yerle\u015ftirilebilir, bu da onu salg\u0131n \u00f6nleme verimlili\u011fini art\u0131rmak ve halk sa\u011fl\u0131\u011f\u0131n\u0131 korumak i\u00e7in ideal bir cihaz yapar.<\/span><\/p>","protected":false},"featured_media":32115,"template":"","meta":{"_bst_post_transparent":"default","_bst_post_title":"","_bst_post_layout":"default","_bst_post_sidebar_id":"","_bst_post_content_style":"default","_bst_post_vertical_padding":"default","_bst_post_feature":"","_bst_post_feature_position":"","_bst_post_header":false,"_bst_post_footer":false},"product_brand":[2001],"product_cat":[152],"product_tag":[573,577,574,542,575],"product_brands":[],"class_list":{"0":"post-9398","1":"product","2":"type-product","3":"status-publish","4":"has-post-thumbnail","6":"product_brand-ibak","7":"product_cat-termal-kamera","8":"product_tag-ener120th","9":"product_tag-hizli-sicaklik-algilama","10":"product_tag-termal-ates-olcer","11":"product_tag-termal-kamera","12":"product_tag-type-c","14":"first","15":"instock","16":"shipping-taxable","17":"product-type-simple","18":"entry","19":"content-bg","20":"loop-entry"},"aioseo_notices":[],"aioseo_head":"\n\t\t<!-- All in One SEO Pro 4.9.6.2 - aioseo.com -->\n\t<meta name=\"description\" content=\"Altyap\u0131 ve \u015febeke tespitinde kullanabilece\u011finiz, profesy\u00f6nelli\u011finizi bir ad\u0131m ileri ta\u015f\u0131yacak bir \u00e7ok \u00fcr\u00fcn Enermak Enerji&#039;de. Termal Ate\u015f \u00d6l\u00e7er Kamera\" \/>\n\t<meta name=\"robots\" content=\"max-snippet:-1, max-image-preview:large, max-video-preview:-1\" \/>\n\t<meta name=\"yandex-verification\" content=\"yandex-verification: 61c39bc218eec6a9\" \/>\n\t<link rel=\"canonical\" href=\"https:\/\/enermak.com\/en\/urunler\/ener120th-termal-ates-olcer-kamera\/\" \/>\n\t<meta name=\"generator\" content=\"All in One SEO Pro (AIOSEO) 4.9.6.2\" \/>\n\t\t<meta property=\"og:locale\" content=\"en_US\" \/>\n\t\t<meta property=\"og:site_name\" content=\"Enermak Enerji - Yeralt\u0131ndan Haberler\" \/>\n\t\t<meta property=\"og:type\" content=\"article\" \/>\n\t\t<meta property=\"og:title\" content=\"ENER120TH \u2013 Termal Kamera \/ Ate\u015f \u00d6l\u00e7er - Enermak Enerji\" \/>\n\t\t<meta property=\"og:description\" content=\"Altyap\u0131 ve \u015febeke tespitinde kullanabilece\u011finiz, profesy\u00f6nelli\u011finizi bir ad\u0131m ileri ta\u015f\u0131yacak bir \u00e7ok \u00fcr\u00fcn Enermak Enerji&#039;de. Termal Ate\u015f \u00d6l\u00e7er Kamera\" \/>\n\t\t<meta property=\"og:url\" content=\"https:\/\/enermak.com\/en\/urunler\/ener120th-termal-ates-olcer-kamera\/\" \/>\n\t\t<meta property=\"og:image\" content=\"https:\/\/enermak.com\/wp-content\/uploads\/2022\/03\/logo-tr-1.png\" \/>\n\t\t<meta property=\"og:image:secure_url\" content=\"https:\/\/enermak.com\/wp-content\/uploads\/2022\/03\/logo-tr-1.png\" \/>\n\t\t<meta property=\"article:published_time\" content=\"2022-05-05T11:09:30+00:00\" \/>\n\t\t<meta property=\"article:modified_time\" content=\"2026-02-18T12:33:56+00:00\" \/>\n\t\t<meta property=\"article:publisher\" content=\"https:\/\/www.facebook.com\/YERALTINDANHABERLER\/\" \/>\n\t\t<meta name=\"twitter:card\" content=\"summary_large_image\" \/>\n\t\t<meta name=\"twitter:site\" content=\"@enerjienermak\" \/>\n\t\t<meta name=\"twitter:title\" content=\"ENER120TH \u2013 Termal Kamera \/ Ate\u015f \u00d6l\u00e7er - Enermak Enerji\" \/>\n\t\t<meta name=\"twitter:description\" content=\"Altyap\u0131 ve \u015febeke tespitinde kullanabilece\u011finiz, profesy\u00f6nelli\u011finizi bir ad\u0131m ileri ta\u015f\u0131yacak bir \u00e7ok \u00fcr\u00fcn Enermak Enerji&#039;de. Termal Ate\u015f \u00d6l\u00e7er Kamera\" \/>\n\t\t<meta name=\"twitter:image\" content=\"https:\/\/enermak.com\/wp-content\/uploads\/2022\/03\/logo-tr-1.png\" \/>\n\t\t<script type=\"application\/ld+json\" class=\"aioseo-schema\">\n\t\t\t{\"@context\":\"https:\\\/\\\/schema.org\",\"@graph\":[{\"@type\":\"BreadcrumbList\",\"@id\":\"https:\\\/\\\/enermak.com\\\/en\\\/urunler\\\/ener120th-termal-ates-olcer-kamera\\\/#breadcrumblist\",\"itemListElement\":[{\"@type\":\"ListItem\",\"@id\":\"https:\\\/\\\/enermak.com\\\/en#listItem\",\"position\":1,\"name\":\"Home\",\"item\":\"https:\\\/\\\/enermak.com\\\/en\",\"nextItem\":{\"@type\":\"ListItem\",\"@id\":\"https:\\\/\\\/enermak.com\\\/en\\\/urunler\\\/#listItem\",\"name\":\"\\u00dcr\\u00fcnler\"}},{\"@type\":\"ListItem\",\"@id\":\"https:\\\/\\\/enermak.com\\\/en\\\/urunler\\\/#listItem\",\"position\":2,\"name\":\"\\u00dcr\\u00fcnler\",\"item\":\"https:\\\/\\\/enermak.com\\\/en\\\/urunler\\\/\",\"nextItem\":{\"@type\":\"ListItem\",\"@id\":\"https:\\\/\\\/enermak.com\\\/en\\\/brand\\\/ibak\\\/#listItem\",\"name\":\"IBAK\"},\"previousItem\":{\"@type\":\"ListItem\",\"@id\":\"https:\\\/\\\/enermak.com\\\/en#listItem\",\"name\":\"Home\"}},{\"@type\":\"ListItem\",\"@id\":\"https:\\\/\\\/enermak.com\\\/en\\\/brand\\\/ibak\\\/#listItem\",\"position\":3,\"name\":\"IBAK\",\"item\":\"https:\\\/\\\/enermak.com\\\/en\\\/brand\\\/ibak\\\/\",\"nextItem\":{\"@type\":\"ListItem\",\"@id\":\"https:\\\/\\\/enermak.com\\\/en\\\/urunler\\\/ener120th-termal-ates-olcer-kamera\\\/#listItem\",\"name\":\"ENER120TH &#8211; Termal Kamera \\\/ Ate\\u015f \\u00d6l\\u00e7er\"},\"previousItem\":{\"@type\":\"ListItem\",\"@id\":\"https:\\\/\\\/enermak.com\\\/en\\\/urunler\\\/#listItem\",\"name\":\"\\u00dcr\\u00fcnler\"}},{\"@type\":\"ListItem\",\"@id\":\"https:\\\/\\\/enermak.com\\\/en\\\/urunler\\\/ener120th-termal-ates-olcer-kamera\\\/#listItem\",\"position\":4,\"name\":\"ENER120TH &#8211; Termal Kamera \\\/ Ate\\u015f \\u00d6l\\u00e7er\",\"previousItem\":{\"@type\":\"ListItem\",\"@id\":\"https:\\\/\\\/enermak.com\\\/en\\\/brand\\\/ibak\\\/#listItem\",\"name\":\"IBAK\"}}]},{\"@type\":\"ItemPage\",\"@id\":\"https:\\\/\\\/enermak.com\\\/en\\\/urunler\\\/ener120th-termal-ates-olcer-kamera\\\/#itempage\",\"url\":\"https:\\\/\\\/enermak.com\\\/en\\\/urunler\\\/ener120th-termal-ates-olcer-kamera\\\/\",\"name\":\"ENER120TH \\u2013 Termal Kamera \\\/ Ate\\u015f \\u00d6l\\u00e7er - Enermak Enerji\",\"description\":\"Altyap\\u0131 ve \\u015febeke tespitinde kullanabilece\\u011finiz, profesy\\u00f6nelli\\u011finizi bir ad\\u0131m ileri ta\\u015f\\u0131yacak bir \\u00e7ok \\u00fcr\\u00fcn Enermak Enerji'de. Termal Ate\\u015f \\u00d6l\\u00e7er Kamera\",\"inLanguage\":\"en-US\",\"isPartOf\":{\"@id\":\"https:\\\/\\\/enermak.com\\\/en\\\/#website\"},\"breadcrumb\":{\"@id\":\"https:\\\/\\\/enermak.com\\\/en\\\/urunler\\\/ener120th-termal-ates-olcer-kamera\\\/#breadcrumblist\"},\"image\":{\"@type\":\"ImageObject\",\"url\":\"https:\\\/\\\/enermak.com\\\/wp-content\\\/uploads\\\/2022\\\/05\\\/ENER120TH-1.jpg\",\"@id\":\"https:\\\/\\\/enermak.com\\\/en\\\/urunler\\\/ener120th-termal-ates-olcer-kamera\\\/#mainImage\",\"width\":557,\"height\":480,\"caption\":\"ENER120TH TERMAL KAMERA\"},\"primaryImageOfPage\":{\"@id\":\"https:\\\/\\\/enermak.com\\\/en\\\/urunler\\\/ener120th-termal-ates-olcer-kamera\\\/#mainImage\"},\"datePublished\":\"2022-05-05T14:09:30+03:00\",\"dateModified\":\"2026-02-18T15:33:56+03:00\"},{\"@type\":\"Organization\",\"@id\":\"https:\\\/\\\/enermak.com\\\/en\\\/#organization\",\"name\":\"Enermak Enerji\",\"description\":\"Yeralt\\u0131ndan Haberler\",\"url\":\"https:\\\/\\\/enermak.com\\\/en\\\/\",\"telephone\":\"+903123851102\",\"logo\":{\"@type\":\"ImageObject\",\"url\":\"https:\\\/\\\/enermak.com\\\/wp-content\\\/uploads\\\/2022\\\/03\\\/logo-tr-1.png\",\"@id\":\"https:\\\/\\\/enermak.com\\\/en\\\/urunler\\\/ener120th-termal-ates-olcer-kamera\\\/#organizationLogo\"},\"image\":{\"@id\":\"https:\\\/\\\/enermak.com\\\/en\\\/urunler\\\/ener120th-termal-ates-olcer-kamera\\\/#organizationLogo\"},\"sameAs\":[\"https:\\\/\\\/www.facebook.com\\\/YERALTINDANHABERLER\\\/\",\"https:\\\/\\\/twitter.com\\\/enerjienermak\",\"https:\\\/\\\/www.instagram.com\\\/enermakenerji\\\/\",\"https:\\\/\\\/www.youtube.com\\\/c\\\/EnermakEnerji\",\"https:\\\/\\\/www.linkedin.com\\\/in\\\/enermak\"]},{\"@type\":\"WebPage\",\"@id\":\"https:\\\/\\\/enermak.com\\\/en\\\/urunler\\\/ener120th-termal-ates-olcer-kamera\\\/#webpage\",\"url\":\"https:\\\/\\\/enermak.com\\\/en\\\/urunler\\\/ener120th-termal-ates-olcer-kamera\\\/\",\"name\":\"ENER120TH \\u2013 Termal Kamera \\\/ Ate\\u015f \\u00d6l\\u00e7er - Enermak Enerji\",\"description\":\"Altyap\\u0131 ve \\u015febeke tespitinde kullanabilece\\u011finiz, profesy\\u00f6nelli\\u011finizi bir ad\\u0131m ileri ta\\u015f\\u0131yacak bir \\u00e7ok \\u00fcr\\u00fcn Enermak Enerji'de. Termal Ate\\u015f \\u00d6l\\u00e7er Kamera\",\"inLanguage\":\"en-US\",\"isPartOf\":{\"@id\":\"https:\\\/\\\/enermak.com\\\/en\\\/#website\"},\"breadcrumb\":{\"@id\":\"https:\\\/\\\/enermak.com\\\/en\\\/urunler\\\/ener120th-termal-ates-olcer-kamera\\\/#breadcrumblist\"},\"image\":{\"@type\":\"ImageObject\",\"url\":\"https:\\\/\\\/enermak.com\\\/wp-content\\\/uploads\\\/2022\\\/05\\\/ENER120TH-1.jpg\",\"@id\":\"https:\\\/\\\/enermak.com\\\/en\\\/urunler\\\/ener120th-termal-ates-olcer-kamera\\\/#mainImage\",\"width\":557,\"height\":480,\"caption\":\"ENER120TH TERMAL KAMERA\"},\"primaryImageOfPage\":{\"@id\":\"https:\\\/\\\/enermak.com\\\/en\\\/urunler\\\/ener120th-termal-ates-olcer-kamera\\\/#mainImage\"},\"datePublished\":\"2022-05-05T14:09:30+03:00\",\"dateModified\":\"2026-02-18T15:33:56+03:00\"},{\"@type\":\"WebSite\",\"@id\":\"https:\\\/\\\/enermak.com\\\/en\\\/#website\",\"url\":\"https:\\\/\\\/enermak.com\\\/en\\\/\",\"name\":\"Enermak Enerji\",\"alternateName\":\"Yeralt\\u0131ndan Haberler\",\"description\":\"Yeralt\\u0131ndan Haberler\",\"inLanguage\":\"en-US\",\"publisher\":{\"@id\":\"https:\\\/\\\/enermak.com\\\/en\\\/#organization\"}}]}\n\t\t<\/script>\n\t\t<!-- All in One SEO Pro -->\r\n\t\t<title>ENER120TH \u2013 Termal Kamera \/ Ate\u015f \u00d6l\u00e7er - Enermak Enerji<\/title>\n\n","aioseo_head_json":{"title":"ENER120TH \u2013 Termal Kamera \/ Ate\u015f \u00d6l\u00e7er - Enermak Enerji","description":"Altyap\u0131 ve \u015febeke tespitinde kullanabilece\u011finiz, profesy\u00f6nelli\u011finizi bir ad\u0131m ileri ta\u015f\u0131yacak bir \u00e7ok \u00fcr\u00fcn Enermak Enerji'de. Termal Ate\u015f \u00d6l\u00e7er Kamera","canonical_url":"https:\/\/enermak.com\/en\/urunler\/ener120th-termal-ates-olcer-kamera\/","robots":"max-snippet:-1, max-image-preview:large, max-video-preview:-1","keywords":"","webmasterTools":{"yandex-verification":"yandex-verification: 61c39bc218eec6a9","miscellaneous":""},"schema":{"@context":"https:\/\/schema.org","@graph":[{"@type":"BreadcrumbList","@id":"https:\/\/enermak.com\/en\/urunler\/ener120th-termal-ates-olcer-kamera\/#breadcrumblist","itemListElement":[{"@type":"ListItem","@id":"https:\/\/enermak.com\/en#listItem","position":1,"name":"Home","item":"https:\/\/enermak.com\/en","nextItem":{"@type":"ListItem","@id":"https:\/\/enermak.com\/en\/urunler\/#listItem","name":"\u00dcr\u00fcnler"}},{"@type":"ListItem","@id":"https:\/\/enermak.com\/en\/urunler\/#listItem","position":2,"name":"\u00dcr\u00fcnler","item":"https:\/\/enermak.com\/en\/urunler\/","nextItem":{"@type":"ListItem","@id":"https:\/\/enermak.com\/en\/brand\/ibak\/#listItem","name":"IBAK"},"previousItem":{"@type":"ListItem","@id":"https:\/\/enermak.com\/en#listItem","name":"Home"}},{"@type":"ListItem","@id":"https:\/\/enermak.com\/en\/brand\/ibak\/#listItem","position":3,"name":"IBAK","item":"https:\/\/enermak.com\/en\/brand\/ibak\/","nextItem":{"@type":"ListItem","@id":"https:\/\/enermak.com\/en\/urunler\/ener120th-termal-ates-olcer-kamera\/#listItem","name":"ENER120TH &#8211; Termal Kamera \/ Ate\u015f \u00d6l\u00e7er"},"previousItem":{"@type":"ListItem","@id":"https:\/\/enermak.com\/en\/urunler\/#listItem","name":"\u00dcr\u00fcnler"}},{"@type":"ListItem","@id":"https:\/\/enermak.com\/en\/urunler\/ener120th-termal-ates-olcer-kamera\/#listItem","position":4,"name":"ENER120TH &#8211; Termal Kamera \/ Ate\u015f \u00d6l\u00e7er","previousItem":{"@type":"ListItem","@id":"https:\/\/enermak.com\/en\/brand\/ibak\/#listItem","name":"IBAK"}}]},{"@type":"ItemPage","@id":"https:\/\/enermak.com\/en\/urunler\/ener120th-termal-ates-olcer-kamera\/#itempage","url":"https:\/\/enermak.com\/en\/urunler\/ener120th-termal-ates-olcer-kamera\/","name":"ENER120TH \u2013 Termal Kamera \/ Ate\u015f \u00d6l\u00e7er - Enermak Enerji","description":"Altyap\u0131 ve \u015febeke tespitinde kullanabilece\u011finiz, profesy\u00f6nelli\u011finizi bir ad\u0131m ileri ta\u015f\u0131yacak bir \u00e7ok \u00fcr\u00fcn Enermak Enerji'de. Termal Ate\u015f \u00d6l\u00e7er Kamera","inLanguage":"en-US","isPartOf":{"@id":"https:\/\/enermak.com\/en\/#website"},"breadcrumb":{"@id":"https:\/\/enermak.com\/en\/urunler\/ener120th-termal-ates-olcer-kamera\/#breadcrumblist"},"image":{"@type":"ImageObject","url":"https:\/\/enermak.com\/wp-content\/uploads\/2022\/05\/ENER120TH-1.jpg","@id":"https:\/\/enermak.com\/en\/urunler\/ener120th-termal-ates-olcer-kamera\/#mainImage","width":557,"height":480,"caption":"ENER120TH TERMAL KAMERA"},"primaryImageOfPage":{"@id":"https:\/\/enermak.com\/en\/urunler\/ener120th-termal-ates-olcer-kamera\/#mainImage"},"datePublished":"2022-05-05T14:09:30+03:00","dateModified":"2026-02-18T15:33:56+03:00"},{"@type":"Organization","@id":"https:\/\/enermak.com\/en\/#organization","name":"Enermak Enerji","description":"Yeralt\u0131ndan Haberler","url":"https:\/\/enermak.com\/en\/","telephone":"+903123851102","logo":{"@type":"ImageObject","url":"https:\/\/enermak.com\/wp-content\/uploads\/2022\/03\/logo-tr-1.png","@id":"https:\/\/enermak.com\/en\/urunler\/ener120th-termal-ates-olcer-kamera\/#organizationLogo"},"image":{"@id":"https:\/\/enermak.com\/en\/urunler\/ener120th-termal-ates-olcer-kamera\/#organizationLogo"},"sameAs":["https:\/\/www.facebook.com\/YERALTINDANHABERLER\/","https:\/\/twitter.com\/enerjienermak","https:\/\/www.instagram.com\/enermakenerji\/","https:\/\/www.youtube.com\/c\/EnermakEnerji","https:\/\/www.linkedin.com\/in\/enermak"]},{"@type":"WebPage","@id":"https:\/\/enermak.com\/en\/urunler\/ener120th-termal-ates-olcer-kamera\/#webpage","url":"https:\/\/enermak.com\/en\/urunler\/ener120th-termal-ates-olcer-kamera\/","name":"ENER120TH \u2013 Termal Kamera \/ Ate\u015f \u00d6l\u00e7er - Enermak Enerji","description":"Altyap\u0131 ve \u015febeke tespitinde kullanabilece\u011finiz, profesy\u00f6nelli\u011finizi bir ad\u0131m ileri ta\u015f\u0131yacak bir \u00e7ok \u00fcr\u00fcn Enermak Enerji'de. Termal Ate\u015f \u00d6l\u00e7er Kamera","inLanguage":"en-US","isPartOf":{"@id":"https:\/\/enermak.com\/en\/#website"},"breadcrumb":{"@id":"https:\/\/enermak.com\/en\/urunler\/ener120th-termal-ates-olcer-kamera\/#breadcrumblist"},"image":{"@type":"ImageObject","url":"https:\/\/enermak.com\/wp-content\/uploads\/2022\/05\/ENER120TH-1.jpg","@id":"https:\/\/enermak.com\/en\/urunler\/ener120th-termal-ates-olcer-kamera\/#mainImage","width":557,"height":480,"caption":"ENER120TH TERMAL KAMERA"},"primaryImageOfPage":{"@id":"https:\/\/enermak.com\/en\/urunler\/ener120th-termal-ates-olcer-kamera\/#mainImage"},"datePublished":"2022-05-05T14:09:30+03:00","dateModified":"2026-02-18T15:33:56+03:00"},{"@type":"WebSite","@id":"https:\/\/enermak.com\/en\/#website","url":"https:\/\/enermak.com\/en\/","name":"Enermak Enerji","alternateName":"Yeralt\u0131ndan Haberler","description":"Yeralt\u0131ndan Haberler","inLanguage":"en-US","publisher":{"@id":"https:\/\/enermak.com\/en\/#organization"}}]},"og:locale":"en_US","og:site_name":"Enermak Enerji - Yeralt\u0131ndan Haberler","og:type":"article","og:title":"ENER120TH \u2013 Termal Kamera \/ Ate\u015f \u00d6l\u00e7er - Enermak Enerji","og:description":"Altyap\u0131 ve \u015febeke tespitinde kullanabilece\u011finiz, profesy\u00f6nelli\u011finizi bir ad\u0131m ileri ta\u015f\u0131yacak bir \u00e7ok \u00fcr\u00fcn Enermak Enerji'de. Termal Ate\u015f \u00d6l\u00e7er Kamera","og:url":"https:\/\/enermak.com\/en\/urunler\/ener120th-termal-ates-olcer-kamera\/","og:image":"https:\/\/enermak.com\/wp-content\/uploads\/2022\/03\/logo-tr-1.png","og:image:secure_url":"https:\/\/enermak.com\/wp-content\/uploads\/2022\/03\/logo-tr-1.png","article:published_time":"2022-05-05T11:09:30+00:00","article:modified_time":"2026-02-18T12:33:56+00:00","article:publisher":"https:\/\/www.facebook.com\/YERALTINDANHABERLER\/","twitter:card":"summary_large_image","twitter:site":"@enerjienermak","twitter:title":"ENER120TH \u2013 Termal Kamera \/ Ate\u015f \u00d6l\u00e7er - Enermak Enerji","twitter:description":"Altyap\u0131 ve \u015febeke tespitinde kullanabilece\u011finiz, profesy\u00f6nelli\u011finizi bir ad\u0131m ileri ta\u015f\u0131yacak bir \u00e7ok \u00fcr\u00fcn Enermak Enerji'de. Termal Ate\u015f \u00d6l\u00e7er Kamera","twitter:image":"https:\/\/enermak.com\/wp-content\/uploads\/2022\/03\/logo-tr-1.png"},"aioseo_meta_data":{"post_id":"9398","title":null,"description":"Altyap\u0131 ve \u015febeke tespitinde kullanabilece\u011finiz, profesy\u00f6nelli\u011finizi bir ad\u0131m ileri ta\u015f\u0131yacak bir \u00e7ok \u00fcr\u00fcn Enermak Enerji'de. Termal Ate\u015f \u00d6l\u00e7er Kamera","keywords":null,"keyphrases":{"focus":{"keyphrase":"Termal Ate\u015f \u00d6l\u00e7er Kamera","analysis":{"keyphraseInTitle":{"score":3,"maxScore":9,"error":1},"keyphraseInDescription":{"score":9,"maxScore":9,"error":0},"keyphraseLength":{"score":6,"maxScore":9,"error":1,"length":5},"keyphraseInURL":{"score":5,"maxScore":5,"error":0},"keyphraseInIntroduction":{"score":3,"maxScore":9,"error":1},"keyphraseInSubHeadings":{"score":9,"maxScore":9,"error":0},"keyphraseInImageAlt":[],"keywordDensity":{"score":0,"type":"low","maxScore":9,"error":1}},"score":59},"additional":[]},"primary_term":null,"canonical_url":null,"og_title":null,"og_description":null,"og_object_type":"default","og_image_type":"default","og_image_url":null,"og_image_width":null,"og_image_height":null,"og_image_custom_url":null,"og_image_custom_fields":null,"og_video":"","og_custom_url":null,"og_article_section":null,"og_article_tags":null,"twitter_use_og":false,"twitter_card":"default","twitter_image_type":"default","twitter_image_url":null,"twitter_image_custom_url":null,"twitter_image_custom_fields":null,"twitter_title":null,"twitter_description":null,"schema":{"blockGraphs":[],"customGraphs":[],"default":{"data":{"Article":[],"Course":[],"Dataset":[],"FAQPage":[],"Movie":[],"Person":[],"Product":[],"ProductReview":[],"Car":[],"Recipe":[],"Service":[],"SoftwareApplication":[],"WebPage":[]},"graphName":"ItemPage","isEnabled":true},"graphs":[],"defaultGraph":"WebPage","defaultPostTypeGraph":""},"schema_type":"default","schema_type_options":"{\"article\":{\"articleType\":\"BlogPosting\"},\"course\":{\"name\":\"\",\"description\":\"\",\"provider\":\"\"},\"faq\":{\"pages\":[]},\"product\":{\"reviews\":[]},\"recipe\":{\"ingredients\":[],\"instructions\":[],\"keywords\":[]},\"software\":{\"reviews\":[],\"operatingSystems\":[]},\"webPage\":{\"webPageType\":\"WebPage\"},\"blockGraphs\":[]}","pillar_content":false,"robots_default":false,"robots_noindex":false,"robots_noarchive":false,"robots_nosnippet":false,"robots_nofollow":false,"robots_noimageindex":false,"robots_noodp":false,"robots_notranslate":false,"robots_max_snippet":"-1","robots_max_videopreview":"-1","robots_max_imagepreview":"large","priority":null,"frequency":"default","local_seo":null,"seo_analyzer_scan_date":"2026-02-18 12:42:56","breadcrumb_settings":null,"limit_modified_date":false,"reviewed_by":null,"open_ai":"{\"title\":{\"suggestions\":[],\"usage\":0},\"description\":{\"suggestions\":[],\"usage\":0}}","ai":{"faqs":[],"keyPoints":[],"titles":[],"descriptions":[],"socialPosts":{"email":[],"linkedin":[],"twitter":[],"facebook":[],"instagram":[]}},"created":"2022-09-12 10:39:19","updated":"2026-02-18 12:42:56"},"aioseo_breadcrumb":"<div class=\"aioseo-breadcrumbs\"><span class=\"aioseo-breadcrumb\">\n\t<a href=\"https:\/\/enermak.com\/en\" title=\"Home\">Home<\/a>\n<\/span><span class=\"aioseo-breadcrumb-separator\">\u00bb<\/span><span class=\"aioseo-breadcrumb\">\n\t<a href=\"https:\/\/enermak.com\/en\/urunler\/\" title=\"\u00dcr\u00fcnler\">\u00dcr\u00fcnler<\/a>\n<\/span><span class=\"aioseo-breadcrumb-separator\">\u00bb<\/span><span class=\"aioseo-breadcrumb\">\n\t<a href=\"https:\/\/enermak.com\/en\/brand\/ibak\/\" title=\"IBAK\">IBAK<\/a>\n<\/span><span class=\"aioseo-breadcrumb-separator\">\u00bb<\/span><span class=\"aioseo-breadcrumb\">\n\tENER120TH \u2013 Termal Kamera \/ Ate\u015f \u00d6l\u00e7er\n<\/span><\/div>","aioseo_breadcrumb_json":[{"label":"Home","link":"https:\/\/enermak.com\/en"},{"label":"\u00dcr\u00fcnler","link":"https:\/\/enermak.com\/en\/urunler\/"},{"label":"IBAK","link":"https:\/\/enermak.com\/en\/brand\/ibak\/"},{"label":"ENER120TH &#8211; Termal Kamera \/ Ate\u015f \u00d6l\u00e7er","link":"https:\/\/enermak.com\/en\/urunler\/ener120th-termal-ates-olcer-kamera\/"}],"_links":{"self":[{"href":"https:\/\/enermak.com\/en\/wp-json\/wp\/v2\/product\/9398","targetHints":{"allow":["GET"]}}],"collection":[{"href":"https:\/\/enermak.com\/en\/wp-json\/wp\/v2\/product"}],"about":[{"href":"https:\/\/enermak.com\/en\/wp-json\/wp\/v2\/types\/product"}],"version-history":[{"count":0,"href":"https:\/\/enermak.com\/en\/wp-json\/wp\/v2\/product\/9398\/revisions"}],"wp:featuredmedia":[{"embeddable":true,"href":"https:\/\/enermak.com\/en\/wp-json\/wp\/v2\/media\/32115"}],"wp:attachment":[{"href":"https:\/\/enermak.com\/en\/wp-json\/wp\/v2\/media?parent=9398"}],"wp:term":[{"taxonomy":"product_brand","embeddable":true,"href":"https:\/\/enermak.com\/en\/wp-json\/wp\/v2\/product_brand?post=9398"},{"taxonomy":"product_cat","embeddable":true,"href":"https:\/\/enermak.com\/en\/wp-json\/wp\/v2\/product_cat?post=9398"},{"taxonomy":"product_tag","embeddable":true,"href":"https:\/\/enermak.com\/en\/wp-json\/wp\/v2\/product_tag?post=9398"},{"taxonomy":"product_brands","embeddable":true,"href":"https:\/\/enermak.com\/en\/wp-json\/wp\/v2\/product_brands?post=9398"}],"curies":[{"name":"wp","href":"https:\/\/api.w.org\/{rel}","templated":true}]}}