{"id":9393,"date":"2022-05-05T14:06:59","date_gmt":"2022-05-05T11:06:59","guid":{"rendered":"http:\/\/isimmedya.com\/?post_type=product&#038;p=9393"},"modified":"2026-02-18T15:34:03","modified_gmt":"2026-02-18T12:34:03","slug":"plug-417","status":"publish","type":"product","link":"https:\/\/enermak.com\/en\/urunler\/plug-417\/","title":{"rendered":"PLUG 417- Hd Termal Kamera Mod\u00fcl\u00fc"},"content":{"rendered":"<h2 class=\"wp-block-heading has-medium-font-size\"><span style=\"color: #000000;\">PLUG 417- Hd Termal Kamera<\/span><\/h2>\n<p><span style=\"color: #000000;\">Plug serisi, geni\u015f dizi, y\u00fcksek \u00e7\u00f6z\u00fcn\u00fcrl\u00fck, y\u00fcksek \u015fok ve titre\u015fim direnci ile g\u00fc\u00e7l\u00fc geni\u015fletilebilirlik \u00f6zelliklerine sahip ASIC tabanl\u0131 so\u011futmas\u0131z bir termal mod\u00fcld\u00fcr. Birden fazla standart aray\u00fcz ve a\u00e7\u0131k protokol sa\u011flayan OEM m\u00fc\u015fterilerinin ikincil geli\u015ftirme yapmas\u0131 i\u00e7in \u00f6zellikle uygundur. Bu profesyonel standart termal g\u00f6r\u00fcnt\u00fcleme \u00e7\u00f6z\u00fcm\u00fc; g\u00fc\u00e7 izleme sistemleri, end\u00fcstriyel otomasyon, video izleme, termal g\u00f6r\u00fcnt\u00fcleme kapsamlar\u0131 vb. konularda i\u015flevseldir.<\/span><\/p>\n<h2 class=\"wp-block-heading has-medium-font-size\"><span style=\"color: #000000;\"><strong>Uygulama Alanlar\u0131<\/strong><\/span><\/h2>\n<ul>\n<li><span style=\"color: #000000;\">End\u00fcstriyel S\u0131cakl\u0131k \u00d6l\u00e7\u00fcm\u00fc<\/span><\/li>\n<li><span style=\"color: #000000;\">G\u00fcvenlik \u0130zleme<\/span><\/li>\n<li><span style=\"color: #000000;\">Kolluk G\u00fcvenlik Taramalar\u0131<\/span><\/li>\n<li><span style=\"color: #000000;\">Arama ve Kurtarma<\/span><\/li>\n<li><span style=\"color: #000000;\">Ak\u0131ll\u0131 Trafik Sistemi<\/span><\/li>\n<li><span style=\"color: #000000;\">\u0130HA Y\u00fck\u00fc<\/span><\/li>\n<li><span style=\"color: #000000;\">ADAS<\/span><\/li>\n<\/ul>\n<h2 class=\"wp-block-heading has-medium-font-size\"><span style=\"color: #000000;\"><strong>\u00d6zellikleri ve Faydalar\u0131<\/strong><\/span><\/h2>\n<ul>\n<li><span style=\"color: #000000;\">Ak\u0131c\u0131 video ve net g\u00f6r\u00fcnt\u00fc deneyimi sa\u011flamak i\u00e7in de\u011fi\u015ftirilebilir kare h\u0131z\u0131<\/span><\/li>\n<li><span style=\"color: #000000;\">Ultra d\u00fc\u015f\u00fck g\u00fc\u00e7: uzun pil \u00f6mr\u00fc, enerji tasarrufu ve \u00e7evre koruma<\/span><\/li>\n<li><span style=\"color: #000000;\">Standart aray\u00fcz: standart 50pin (DF12-50DS- 0.5V (86)), iste\u011fe ba\u011fl\u0131 \u00e7e\u015fitli geni\u015fletme kartlar\u0131<\/span><\/li>\n<li><span style=\"color: #000000;\">\u00c7e\u015fitli lensler: standart veya \u00f6zelle\u015ftirilmi\u015f optik aray\u00fcze sahip bir dizi lens<\/span><\/li>\n<li><span style=\"color: #000000;\">\u0130kincil geli\u015ftirme: s\u00fcrekli yineleme ve optimizasyon i\u00e7in eksiksiz SDK geli\u015ftirme k\u00fct\u00fcphanesi<\/span><\/li>\n<li><span style=\"color: #000000;\">GUIDE dahili olarak geli\u015ftirilmi\u015f dedekt\u00f6rlerle uyumlu algoritmalara sahip profesyonel k\u0131z\u0131l\u00f6tesi mod\u00fcl<\/span><\/li>\n<\/ul>","protected":false},"excerpt":{"rendered":"<h3><span style=\"color: #000000;\">Guide Infrared<\/span><\/h3>\n<h4><span style=\"color: #000000;\">ASIC Tabanl\u0131 So\u011futmas\u0131z Termal Mod\u00fcl<\/span><\/h4>\n<p><span style=\"color: #000000;\">Plug serisi, geni\u015f dizi, y\u00fcksek \u00e7\u00f6z\u00fcn\u00fcrl\u00fck, y\u00fcksek \u015fok ve titre\u015fim direnci ile g\u00fc\u00e7l\u00fc geni\u015fletilebilirlik \u00f6zelliklerine sahip ASIC tabanl\u0131 so\u011futmas\u0131z bir termal mod\u00fcld\u00fcr. Birden fazla standart aray\u00fcz ve a\u00e7\u0131k protokol sa\u011flayan OEM m\u00fc\u015fterilerinin ikincil geli\u015ftirme yapmas\u0131 i\u00e7in \u00f6zellikle uygundur. Bu profesyonel standart termal g\u00f6r\u00fcnt\u00fcleme \u00e7\u00f6z\u00fcm\u00fc; g\u00fc\u00e7 izleme sistemleri, end\u00fcstriyel otomasyon, video izleme, termal g\u00f6r\u00fcnt\u00fcleme kapsamlar\u0131 vb. konularda i\u015flevseldir.<\/span><\/p>","protected":false},"featured_media":32116,"template":"","meta":{"_bst_post_transparent":"default","_bst_post_title":"","_bst_post_layout":"default","_bst_post_sidebar_id":"","_bst_post_content_style":"default","_bst_post_vertical_padding":"default","_bst_post_feature":"","_bst_post_feature_position":"","_bst_post_header":false,"_bst_post_footer":false},"product_brand":[2001],"product_cat":[152],"product_tag":[583,582,580,544,579,532,542],"product_brands":[],"class_list":{"0":"post-9393","1":"product","2":"type-product","3":"status-publish","4":"has-post-thumbnail","6":"product_brand-ibak","7":"product_cat-termal-kamera","8":"product_tag-akilli-trafik-sistemi","9":"product_tag-arama-ve-kurtarma","10":"product_tag-endustriyel","11":"product_tag-guide","12":"product_tag-plug-417","13":"product_tag-sicaklik-olcumu","14":"product_tag-termal-kamera","16":"first","17":"instock","18":"shipping-taxable","19":"product-type-simple","20":"entry","21":"content-bg","22":"loop-entry"},"aioseo_notices":[],"aioseo_head":"\n\t\t<!-- All in One SEO Pro 4.9.6.2 - aioseo.com -->\n\t<meta name=\"description\" content=\"Altyap\u0131 ve \u015febeke tespitinde kullanabilece\u011finiz, profesy\u00f6nelli\u011finizi bir ad\u0131m ileri ta\u015f\u0131yacak bir \u00e7ok \u00fcr\u00fcn Enermak Enerji&#039;de.Hd Termal Kamera\" \/>\n\t<meta name=\"robots\" content=\"max-snippet:-1, max-image-preview:large, max-video-preview:-1\" \/>\n\t<meta name=\"yandex-verification\" content=\"yandex-verification: 61c39bc218eec6a9\" \/>\n\t<link rel=\"canonical\" href=\"https:\/\/enermak.com\/en\/urunler\/plug-417\/\" \/>\n\t<meta name=\"generator\" content=\"All in One SEO Pro (AIOSEO) 4.9.6.2\" \/>\n\t\t<meta property=\"og:locale\" content=\"en_US\" \/>\n\t\t<meta property=\"og:site_name\" content=\"Enermak Enerji - Yeralt\u0131ndan Haberler\" \/>\n\t\t<meta property=\"og:type\" content=\"article\" \/>\n\t\t<meta property=\"og:title\" content=\"PLUG 417- Hd Termal Kamera Mod\u00fcl\u00fc - Enermak Enerji\" \/>\n\t\t<meta property=\"og:description\" content=\"Altyap\u0131 ve \u015febeke tespitinde kullanabilece\u011finiz, profesy\u00f6nelli\u011finizi bir ad\u0131m ileri ta\u015f\u0131yacak bir \u00e7ok \u00fcr\u00fcn Enermak Enerji&#039;de.Hd Termal Kamera\" \/>\n\t\t<meta property=\"og:url\" content=\"https:\/\/enermak.com\/en\/urunler\/plug-417\/\" \/>\n\t\t<meta property=\"og:image\" content=\"https:\/\/enermak.com\/wp-content\/uploads\/2022\/03\/logo-tr-1.png\" \/>\n\t\t<meta property=\"og:image:secure_url\" content=\"https:\/\/enermak.com\/wp-content\/uploads\/2022\/03\/logo-tr-1.png\" \/>\n\t\t<meta property=\"article:published_time\" content=\"2022-05-05T11:06:59+00:00\" \/>\n\t\t<meta property=\"article:modified_time\" content=\"2026-02-18T12:34:03+00:00\" \/>\n\t\t<meta property=\"article:publisher\" content=\"https:\/\/www.facebook.com\/YERALTINDANHABERLER\/\" \/>\n\t\t<meta name=\"twitter:card\" content=\"summary_large_image\" \/>\n\t\t<meta name=\"twitter:site\" content=\"@enerjienermak\" \/>\n\t\t<meta name=\"twitter:title\" content=\"PLUG 417- Hd Termal Kamera Mod\u00fcl\u00fc - Enermak Enerji\" \/>\n\t\t<meta name=\"twitter:description\" content=\"Altyap\u0131 ve \u015febeke tespitinde kullanabilece\u011finiz, profesy\u00f6nelli\u011finizi bir ad\u0131m ileri ta\u015f\u0131yacak bir \u00e7ok \u00fcr\u00fcn Enermak Enerji&#039;de.Hd Termal Kamera\" \/>\n\t\t<meta name=\"twitter:image\" content=\"https:\/\/enermak.com\/wp-content\/uploads\/2022\/03\/logo-tr-1.png\" \/>\n\t\t<script type=\"application\/ld+json\" class=\"aioseo-schema\">\n\t\t\t{\"@context\":\"https:\\\/\\\/schema.org\",\"@graph\":[{\"@type\":\"BreadcrumbList\",\"@id\":\"https:\\\/\\\/enermak.com\\\/en\\\/urunler\\\/plug-417\\\/#breadcrumblist\",\"itemListElement\":[{\"@type\":\"ListItem\",\"@id\":\"https:\\\/\\\/enermak.com\\\/en#listItem\",\"position\":1,\"name\":\"Home\",\"item\":\"https:\\\/\\\/enermak.com\\\/en\",\"nextItem\":{\"@type\":\"ListItem\",\"@id\":\"https:\\\/\\\/enermak.com\\\/en\\\/urunler\\\/#listItem\",\"name\":\"\\u00dcr\\u00fcnler\"}},{\"@type\":\"ListItem\",\"@id\":\"https:\\\/\\\/enermak.com\\\/en\\\/urunler\\\/#listItem\",\"position\":2,\"name\":\"\\u00dcr\\u00fcnler\",\"item\":\"https:\\\/\\\/enermak.com\\\/en\\\/urunler\\\/\",\"nextItem\":{\"@type\":\"ListItem\",\"@id\":\"https:\\\/\\\/enermak.com\\\/en\\\/brand\\\/ibak\\\/#listItem\",\"name\":\"IBAK\"},\"previousItem\":{\"@type\":\"ListItem\",\"@id\":\"https:\\\/\\\/enermak.com\\\/en#listItem\",\"name\":\"Home\"}},{\"@type\":\"ListItem\",\"@id\":\"https:\\\/\\\/enermak.com\\\/en\\\/brand\\\/ibak\\\/#listItem\",\"position\":3,\"name\":\"IBAK\",\"item\":\"https:\\\/\\\/enermak.com\\\/en\\\/brand\\\/ibak\\\/\",\"nextItem\":{\"@type\":\"ListItem\",\"@id\":\"https:\\\/\\\/enermak.com\\\/en\\\/urunler\\\/plug-417\\\/#listItem\",\"name\":\"PLUG 417- Hd Termal Kamera Mod\\u00fcl\\u00fc\"},\"previousItem\":{\"@type\":\"ListItem\",\"@id\":\"https:\\\/\\\/enermak.com\\\/en\\\/urunler\\\/#listItem\",\"name\":\"\\u00dcr\\u00fcnler\"}},{\"@type\":\"ListItem\",\"@id\":\"https:\\\/\\\/enermak.com\\\/en\\\/urunler\\\/plug-417\\\/#listItem\",\"position\":4,\"name\":\"PLUG 417- Hd Termal Kamera Mod\\u00fcl\\u00fc\",\"previousItem\":{\"@type\":\"ListItem\",\"@id\":\"https:\\\/\\\/enermak.com\\\/en\\\/brand\\\/ibak\\\/#listItem\",\"name\":\"IBAK\"}}]},{\"@type\":\"ItemPage\",\"@id\":\"https:\\\/\\\/enermak.com\\\/en\\\/urunler\\\/plug-417\\\/#itempage\",\"url\":\"https:\\\/\\\/enermak.com\\\/en\\\/urunler\\\/plug-417\\\/\",\"name\":\"PLUG 417- Hd Termal Kamera Mod\\u00fcl\\u00fc - Enermak Enerji\",\"description\":\"Altyap\\u0131 ve \\u015febeke tespitinde kullanabilece\\u011finiz, profesy\\u00f6nelli\\u011finizi bir ad\\u0131m ileri ta\\u015f\\u0131yacak bir \\u00e7ok \\u00fcr\\u00fcn Enermak Enerji'de.Hd Termal Kamera\",\"inLanguage\":\"en-US\",\"isPartOf\":{\"@id\":\"https:\\\/\\\/enermak.com\\\/en\\\/#website\"},\"breadcrumb\":{\"@id\":\"https:\\\/\\\/enermak.com\\\/en\\\/urunler\\\/plug-417\\\/#breadcrumblist\"},\"image\":{\"@type\":\"ImageObject\",\"url\":\"https:\\\/\\\/enermak.com\\\/wp-content\\\/uploads\\\/2022\\\/05\\\/PLUG-417-Hd-Termal-Kamera.jpg\",\"@id\":\"https:\\\/\\\/enermak.com\\\/en\\\/urunler\\\/plug-417\\\/#mainImage\",\"width\":557,\"height\":480,\"caption\":\"PLUG 417- Hd Termal Kamera\"},\"primaryImageOfPage\":{\"@id\":\"https:\\\/\\\/enermak.com\\\/en\\\/urunler\\\/plug-417\\\/#mainImage\"},\"datePublished\":\"2022-05-05T14:06:59+03:00\",\"dateModified\":\"2026-02-18T15:34:03+03:00\"},{\"@type\":\"Organization\",\"@id\":\"https:\\\/\\\/enermak.com\\\/en\\\/#organization\",\"name\":\"Enermak Enerji\",\"description\":\"Yeralt\\u0131ndan Haberler\",\"url\":\"https:\\\/\\\/enermak.com\\\/en\\\/\",\"telephone\":\"+903123851102\",\"logo\":{\"@type\":\"ImageObject\",\"url\":\"https:\\\/\\\/enermak.com\\\/wp-content\\\/uploads\\\/2022\\\/03\\\/logo-tr-1.png\",\"@id\":\"https:\\\/\\\/enermak.com\\\/en\\\/urunler\\\/plug-417\\\/#organizationLogo\"},\"image\":{\"@id\":\"https:\\\/\\\/enermak.com\\\/en\\\/urunler\\\/plug-417\\\/#organizationLogo\"},\"sameAs\":[\"https:\\\/\\\/www.facebook.com\\\/YERALTINDANHABERLER\\\/\",\"https:\\\/\\\/twitter.com\\\/enerjienermak\",\"https:\\\/\\\/www.instagram.com\\\/enermakenerji\\\/\",\"https:\\\/\\\/www.youtube.com\\\/c\\\/EnermakEnerji\",\"https:\\\/\\\/www.linkedin.com\\\/in\\\/enermak\"]},{\"@type\":\"WebPage\",\"@id\":\"https:\\\/\\\/enermak.com\\\/en\\\/urunler\\\/plug-417\\\/#webpage\",\"url\":\"https:\\\/\\\/enermak.com\\\/en\\\/urunler\\\/plug-417\\\/\",\"name\":\"PLUG 417- Hd Termal Kamera Mod\\u00fcl\\u00fc - Enermak Enerji\",\"description\":\"Altyap\\u0131 ve \\u015febeke tespitinde kullanabilece\\u011finiz, profesy\\u00f6nelli\\u011finizi bir ad\\u0131m ileri ta\\u015f\\u0131yacak bir \\u00e7ok \\u00fcr\\u00fcn Enermak Enerji'de.Hd Termal Kamera\",\"inLanguage\":\"en-US\",\"isPartOf\":{\"@id\":\"https:\\\/\\\/enermak.com\\\/en\\\/#website\"},\"breadcrumb\":{\"@id\":\"https:\\\/\\\/enermak.com\\\/en\\\/urunler\\\/plug-417\\\/#breadcrumblist\"},\"image\":{\"@type\":\"ImageObject\",\"url\":\"https:\\\/\\\/enermak.com\\\/wp-content\\\/uploads\\\/2022\\\/05\\\/PLUG-417-Hd-Termal-Kamera.jpg\",\"@id\":\"https:\\\/\\\/enermak.com\\\/en\\\/urunler\\\/plug-417\\\/#mainImage\",\"width\":557,\"height\":480,\"caption\":\"PLUG 417- Hd Termal Kamera\"},\"primaryImageOfPage\":{\"@id\":\"https:\\\/\\\/enermak.com\\\/en\\\/urunler\\\/plug-417\\\/#mainImage\"},\"datePublished\":\"2022-05-05T14:06:59+03:00\",\"dateModified\":\"2026-02-18T15:34:03+03:00\"},{\"@type\":\"WebSite\",\"@id\":\"https:\\\/\\\/enermak.com\\\/en\\\/#website\",\"url\":\"https:\\\/\\\/enermak.com\\\/en\\\/\",\"name\":\"Enermak Enerji\",\"alternateName\":\"Yeralt\\u0131ndan Haberler\",\"description\":\"Yeralt\\u0131ndan Haberler\",\"inLanguage\":\"en-US\",\"publisher\":{\"@id\":\"https:\\\/\\\/enermak.com\\\/en\\\/#organization\"}}]}\n\t\t<\/script>\n\t\t<!-- All in One SEO Pro -->\r\n\t\t<title>PLUG 417- Hd Termal Kamera Mod\u00fcl\u00fc - Enermak Enerji<\/title>\n\n","aioseo_head_json":{"title":"PLUG 417- Hd Termal Kamera Mod\u00fcl\u00fc - Enermak Enerji","description":"Altyap\u0131 ve \u015febeke tespitinde kullanabilece\u011finiz, profesy\u00f6nelli\u011finizi bir ad\u0131m ileri ta\u015f\u0131yacak bir \u00e7ok \u00fcr\u00fcn Enermak Enerji'de.Hd Termal Kamera","canonical_url":"https:\/\/enermak.com\/en\/urunler\/plug-417\/","robots":"max-snippet:-1, max-image-preview:large, max-video-preview:-1","keywords":"","webmasterTools":{"yandex-verification":"yandex-verification: 61c39bc218eec6a9","miscellaneous":""},"schema":{"@context":"https:\/\/schema.org","@graph":[{"@type":"BreadcrumbList","@id":"https:\/\/enermak.com\/en\/urunler\/plug-417\/#breadcrumblist","itemListElement":[{"@type":"ListItem","@id":"https:\/\/enermak.com\/en#listItem","position":1,"name":"Home","item":"https:\/\/enermak.com\/en","nextItem":{"@type":"ListItem","@id":"https:\/\/enermak.com\/en\/urunler\/#listItem","name":"\u00dcr\u00fcnler"}},{"@type":"ListItem","@id":"https:\/\/enermak.com\/en\/urunler\/#listItem","position":2,"name":"\u00dcr\u00fcnler","item":"https:\/\/enermak.com\/en\/urunler\/","nextItem":{"@type":"ListItem","@id":"https:\/\/enermak.com\/en\/brand\/ibak\/#listItem","name":"IBAK"},"previousItem":{"@type":"ListItem","@id":"https:\/\/enermak.com\/en#listItem","name":"Home"}},{"@type":"ListItem","@id":"https:\/\/enermak.com\/en\/brand\/ibak\/#listItem","position":3,"name":"IBAK","item":"https:\/\/enermak.com\/en\/brand\/ibak\/","nextItem":{"@type":"ListItem","@id":"https:\/\/enermak.com\/en\/urunler\/plug-417\/#listItem","name":"PLUG 417- Hd Termal Kamera Mod\u00fcl\u00fc"},"previousItem":{"@type":"ListItem","@id":"https:\/\/enermak.com\/en\/urunler\/#listItem","name":"\u00dcr\u00fcnler"}},{"@type":"ListItem","@id":"https:\/\/enermak.com\/en\/urunler\/plug-417\/#listItem","position":4,"name":"PLUG 417- Hd Termal Kamera Mod\u00fcl\u00fc","previousItem":{"@type":"ListItem","@id":"https:\/\/enermak.com\/en\/brand\/ibak\/#listItem","name":"IBAK"}}]},{"@type":"ItemPage","@id":"https:\/\/enermak.com\/en\/urunler\/plug-417\/#itempage","url":"https:\/\/enermak.com\/en\/urunler\/plug-417\/","name":"PLUG 417- Hd Termal Kamera Mod\u00fcl\u00fc - Enermak Enerji","description":"Altyap\u0131 ve \u015febeke tespitinde kullanabilece\u011finiz, profesy\u00f6nelli\u011finizi bir ad\u0131m ileri ta\u015f\u0131yacak bir \u00e7ok \u00fcr\u00fcn Enermak Enerji'de.Hd Termal Kamera","inLanguage":"en-US","isPartOf":{"@id":"https:\/\/enermak.com\/en\/#website"},"breadcrumb":{"@id":"https:\/\/enermak.com\/en\/urunler\/plug-417\/#breadcrumblist"},"image":{"@type":"ImageObject","url":"https:\/\/enermak.com\/wp-content\/uploads\/2022\/05\/PLUG-417-Hd-Termal-Kamera.jpg","@id":"https:\/\/enermak.com\/en\/urunler\/plug-417\/#mainImage","width":557,"height":480,"caption":"PLUG 417- Hd Termal Kamera"},"primaryImageOfPage":{"@id":"https:\/\/enermak.com\/en\/urunler\/plug-417\/#mainImage"},"datePublished":"2022-05-05T14:06:59+03:00","dateModified":"2026-02-18T15:34:03+03:00"},{"@type":"Organization","@id":"https:\/\/enermak.com\/en\/#organization","name":"Enermak Enerji","description":"Yeralt\u0131ndan Haberler","url":"https:\/\/enermak.com\/en\/","telephone":"+903123851102","logo":{"@type":"ImageObject","url":"https:\/\/enermak.com\/wp-content\/uploads\/2022\/03\/logo-tr-1.png","@id":"https:\/\/enermak.com\/en\/urunler\/plug-417\/#organizationLogo"},"image":{"@id":"https:\/\/enermak.com\/en\/urunler\/plug-417\/#organizationLogo"},"sameAs":["https:\/\/www.facebook.com\/YERALTINDANHABERLER\/","https:\/\/twitter.com\/enerjienermak","https:\/\/www.instagram.com\/enermakenerji\/","https:\/\/www.youtube.com\/c\/EnermakEnerji","https:\/\/www.linkedin.com\/in\/enermak"]},{"@type":"WebPage","@id":"https:\/\/enermak.com\/en\/urunler\/plug-417\/#webpage","url":"https:\/\/enermak.com\/en\/urunler\/plug-417\/","name":"PLUG 417- Hd Termal Kamera Mod\u00fcl\u00fc - Enermak Enerji","description":"Altyap\u0131 ve \u015febeke tespitinde kullanabilece\u011finiz, profesy\u00f6nelli\u011finizi bir ad\u0131m ileri ta\u015f\u0131yacak bir \u00e7ok \u00fcr\u00fcn Enermak Enerji'de.Hd Termal Kamera","inLanguage":"en-US","isPartOf":{"@id":"https:\/\/enermak.com\/en\/#website"},"breadcrumb":{"@id":"https:\/\/enermak.com\/en\/urunler\/plug-417\/#breadcrumblist"},"image":{"@type":"ImageObject","url":"https:\/\/enermak.com\/wp-content\/uploads\/2022\/05\/PLUG-417-Hd-Termal-Kamera.jpg","@id":"https:\/\/enermak.com\/en\/urunler\/plug-417\/#mainImage","width":557,"height":480,"caption":"PLUG 417- Hd Termal Kamera"},"primaryImageOfPage":{"@id":"https:\/\/enermak.com\/en\/urunler\/plug-417\/#mainImage"},"datePublished":"2022-05-05T14:06:59+03:00","dateModified":"2026-02-18T15:34:03+03:00"},{"@type":"WebSite","@id":"https:\/\/enermak.com\/en\/#website","url":"https:\/\/enermak.com\/en\/","name":"Enermak Enerji","alternateName":"Yeralt\u0131ndan Haberler","description":"Yeralt\u0131ndan Haberler","inLanguage":"en-US","publisher":{"@id":"https:\/\/enermak.com\/en\/#organization"}}]},"og:locale":"en_US","og:site_name":"Enermak Enerji - Yeralt\u0131ndan Haberler","og:type":"article","og:title":"PLUG 417- Hd Termal Kamera Mod\u00fcl\u00fc - Enermak Enerji","og:description":"Altyap\u0131 ve \u015febeke tespitinde kullanabilece\u011finiz, profesy\u00f6nelli\u011finizi bir ad\u0131m ileri ta\u015f\u0131yacak bir \u00e7ok \u00fcr\u00fcn Enermak Enerji'de.Hd Termal Kamera","og:url":"https:\/\/enermak.com\/en\/urunler\/plug-417\/","og:image":"https:\/\/enermak.com\/wp-content\/uploads\/2022\/03\/logo-tr-1.png","og:image:secure_url":"https:\/\/enermak.com\/wp-content\/uploads\/2022\/03\/logo-tr-1.png","article:published_time":"2022-05-05T11:06:59+00:00","article:modified_time":"2026-02-18T12:34:03+00:00","article:publisher":"https:\/\/www.facebook.com\/YERALTINDANHABERLER\/","twitter:card":"summary_large_image","twitter:site":"@enerjienermak","twitter:title":"PLUG 417- Hd Termal Kamera Mod\u00fcl\u00fc - Enermak Enerji","twitter:description":"Altyap\u0131 ve \u015febeke tespitinde kullanabilece\u011finiz, profesy\u00f6nelli\u011finizi bir ad\u0131m ileri ta\u015f\u0131yacak bir \u00e7ok \u00fcr\u00fcn Enermak Enerji'de.Hd Termal Kamera","twitter:image":"https:\/\/enermak.com\/wp-content\/uploads\/2022\/03\/logo-tr-1.png"},"aioseo_meta_data":{"post_id":"9393","title":null,"description":"Altyap\u0131 ve \u015febeke tespitinde kullanabilece\u011finiz, profesy\u00f6nelli\u011finizi bir ad\u0131m ileri ta\u015f\u0131yacak bir \u00e7ok \u00fcr\u00fcn Enermak Enerji'de.Hd Termal Kamera","keywords":null,"keyphrases":{"focus":{"keyphrase":"Hd Termal Kamera","analysis":{"keyphraseInTitle":{"score":9,"maxScore":9,"error":0},"keyphraseInDescription":{"score":9,"maxScore":9,"error":0},"keyphraseLength":{"score":9,"maxScore":9,"error":0,"length":3},"keyphraseInURL":{"score":1,"maxScore":5,"error":1},"keyphraseInIntroduction":{"score":3,"maxScore":9,"error":1},"keyphraseInSubHeadings":{"score":9,"maxScore":9,"error":0},"keyphraseInImageAlt":[],"keywordDensity":{"score":0,"type":"low","maxScore":9,"error":1}},"score":68},"additional":[]},"primary_term":null,"canonical_url":null,"og_title":null,"og_description":null,"og_object_type":"default","og_image_type":"default","og_image_url":null,"og_image_width":null,"og_image_height":null,"og_image_custom_url":null,"og_image_custom_fields":null,"og_video":"","og_custom_url":null,"og_article_section":null,"og_article_tags":null,"twitter_use_og":false,"twitter_card":"default","twitter_image_type":"default","twitter_image_url":null,"twitter_image_custom_url":null,"twitter_image_custom_fields":null,"twitter_title":null,"twitter_description":null,"schema":{"blockGraphs":[],"customGraphs":[],"default":{"data":{"Article":[],"Course":[],"Dataset":[],"FAQPage":[],"Movie":[],"Person":[],"Product":[],"ProductReview":[],"Car":[],"Recipe":[],"Service":[],"SoftwareApplication":[],"WebPage":[]},"graphName":"ItemPage","isEnabled":true},"graphs":[],"defaultGraph":"WebPage","defaultPostTypeGraph":""},"schema_type":"default","schema_type_options":"{\"article\":{\"articleType\":\"BlogPosting\"},\"course\":{\"name\":\"\",\"description\":\"\",\"provider\":\"\"},\"faq\":{\"pages\":[]},\"product\":{\"reviews\":[]},\"recipe\":{\"ingredients\":[],\"instructions\":[],\"keywords\":[]},\"software\":{\"reviews\":[],\"operatingSystems\":[]},\"webPage\":{\"webPageType\":\"WebPage\"},\"blockGraphs\":[]}","pillar_content":false,"robots_default":false,"robots_noindex":false,"robots_noarchive":false,"robots_nosnippet":false,"robots_nofollow":false,"robots_noimageindex":false,"robots_noodp":false,"robots_notranslate":false,"robots_max_snippet":"-1","robots_max_videopreview":"-1","robots_max_imagepreview":"large","priority":null,"frequency":"default","local_seo":null,"seo_analyzer_scan_date":"2026-02-18 12:42:56","breadcrumb_settings":null,"limit_modified_date":false,"reviewed_by":null,"open_ai":"{\"title\":{\"suggestions\":[],\"usage\":0},\"description\":{\"suggestions\":[],\"usage\":0}}","ai":{"faqs":[],"keyPoints":[],"titles":[],"descriptions":[],"socialPosts":{"email":[],"linkedin":[],"twitter":[],"facebook":[],"instagram":[]}},"created":"2022-09-12 10:39:19","updated":"2026-02-18 12:42:56"},"aioseo_breadcrumb":"<div class=\"aioseo-breadcrumbs\"><span class=\"aioseo-breadcrumb\">\n\t<a href=\"https:\/\/enermak.com\/en\" title=\"Home\">Home<\/a>\n<\/span><span class=\"aioseo-breadcrumb-separator\">\u00bb<\/span><span class=\"aioseo-breadcrumb\">\n\t<a href=\"https:\/\/enermak.com\/en\/urunler\/\" title=\"\u00dcr\u00fcnler\">\u00dcr\u00fcnler<\/a>\n<\/span><span class=\"aioseo-breadcrumb-separator\">\u00bb<\/span><span class=\"aioseo-breadcrumb\">\n\t<a href=\"https:\/\/enermak.com\/en\/brand\/ibak\/\" title=\"IBAK\">IBAK<\/a>\n<\/span><span class=\"aioseo-breadcrumb-separator\">\u00bb<\/span><span class=\"aioseo-breadcrumb\">\n\tPLUG 417- Hd Termal Kamera Mod\u00fcl\u00fc\n<\/span><\/div>","aioseo_breadcrumb_json":[{"label":"Home","link":"https:\/\/enermak.com\/en"},{"label":"\u00dcr\u00fcnler","link":"https:\/\/enermak.com\/en\/urunler\/"},{"label":"IBAK","link":"https:\/\/enermak.com\/en\/brand\/ibak\/"},{"label":"PLUG 417- Hd Termal Kamera Mod\u00fcl\u00fc","link":"https:\/\/enermak.com\/en\/urunler\/plug-417\/"}],"_links":{"self":[{"href":"https:\/\/enermak.com\/en\/wp-json\/wp\/v2\/product\/9393","targetHints":{"allow":["GET"]}}],"collection":[{"href":"https:\/\/enermak.com\/en\/wp-json\/wp\/v2\/product"}],"about":[{"href":"https:\/\/enermak.com\/en\/wp-json\/wp\/v2\/types\/product"}],"version-history":[{"count":0,"href":"https:\/\/enermak.com\/en\/wp-json\/wp\/v2\/product\/9393\/revisions"}],"wp:featuredmedia":[{"embeddable":true,"href":"https:\/\/enermak.com\/en\/wp-json\/wp\/v2\/media\/32116"}],"wp:attachment":[{"href":"https:\/\/enermak.com\/en\/wp-json\/wp\/v2\/media?parent=9393"}],"wp:term":[{"taxonomy":"product_brand","embeddable":true,"href":"https:\/\/enermak.com\/en\/wp-json\/wp\/v2\/product_brand?post=9393"},{"taxonomy":"product_cat","embeddable":true,"href":"https:\/\/enermak.com\/en\/wp-json\/wp\/v2\/product_cat?post=9393"},{"taxonomy":"product_tag","embeddable":true,"href":"https:\/\/enermak.com\/en\/wp-json\/wp\/v2\/product_tag?post=9393"},{"taxonomy":"product_brands","embeddable":true,"href":"https:\/\/enermak.com\/en\/wp-json\/wp\/v2\/product_brands?post=9393"}],"curies":[{"name":"wp","href":"https:\/\/api.w.org\/{rel}","templated":true}]}}