{"id":9338,"date":"2022-05-05T13:08:51","date_gmt":"2022-05-05T10:08:51","guid":{"rendered":"http:\/\/isimmedya.com\/?post_type=product&#038;p=9338"},"modified":"2026-02-18T15:14:51","modified_gmt":"2026-02-18T12:14:51","slug":"turbo-kesme-robotu","status":"publish","type":"product","link":"https:\/\/enermak.com\/en\/urunler\/turbo-kesme-robotu\/","title":{"rendered":"Turbo Kesme Robotu"},"content":{"rendered":"<h2><strong>Turbo Kesme Robotu<\/strong><\/h2>\n<h3><strong>Cutting Robot TURBO DN 200 &#8211; 600<\/strong><\/h3>\n<ul>\n<li>Ola\u011fan\u00fcst\u00fc g\u00fc\u00e7l\u00fc kesici motor, \u00e7imento vb. sertle\u015fmi\u015f depozitleri bile kesebilecek g\u00fc\u00e7te<\/li>\n<li>Parsel ba\u011flant\u0131lar\u0131n\u0131n tamiri i\u00e7in derinlemesine kesebilir (d\u00f6ner ba\u015fl\u0131kl\u0131 kesici motor, 100mm\u2019lik uzatma m\u00fcmk\u00fcn)<\/li>\n<li>D\u00f6ner ba\u015fl\u0131kl\u0131 renkli kamera, ayn\u0131 zamanda parsel ba\u011flant\u0131 tamiratlar\u0131 i\u00e7in de uygun<\/li>\n<li>Kamera cam\u0131 ve kesilecek y\u00fczeylerin temizlenmesi i\u00e7in su p\u00fcsk\u00fcrtme \u00f6zelli\u011fi<\/li>\n<li>Kesme-freze i\u015fleriniz ve parsel ba\u011flant\u0131 (rab\u0131t) tamiratlar\u0131n\u0131z i\u00e7in g\u00fc\u00e7l\u00fc ta\u015f\u0131y\u0131c\u0131 TURBO, bas\u0131n\u00e7l\u0131 uzatma kolu ile birlikte<\/li>\n<\/ul>\n<h3><strong>Opsiyonlar:Turbo Kesme Robotu<\/strong><\/h3>\n<ul>\n<li>[011 19 000] DN 450-600mm \u00c7apl\u0131 dairesel kesitli kanallar i\u00e7in uzatma \u00b0 [012 18 000] Kesici motor i\u00e7in elektrikli d\u00f6ner ba\u015fl\u0131k tahri\u011fi<\/li>\n<li>[012 19 000] Kesilecek y\u00fczeylerin ve kamera cam\u0131n\u0131n temizli\u011fi ile kesici ba\u015fl\u0131klar\u0131n so\u011futulmas\u0131 i\u00e7in su temin ekipman\u0131<\/li>\n<li>[011 23 000] Yumurta kesitti kanallar i\u00e7in uzatma, DN250\/375 &#8211; 500\/750 \u00b0<\/li>\n<li>[012 21 000] Sadece parsel ba\u011flant\u0131 tamiri \u0130\u00e7in, kesici kolsuz (kameral\u0131)<\/li>\n<li>[015 04 006] Nitrojen doldurulmu\u015f adapt\u00f6r<\/li>\n<\/ul>\n<h3><strong>Cutting Robot TURBO DN 200 &#8211; 600 Avantajlar\u0131<\/strong><\/h3>\n<ul>\n<li>DN 200-400\/8&#8243; &#8211; 16&#8243; (i\u00e7 \u00e7ap ) borular\u0131n\u0131n i\u00e7inde geni\u015f uygulama alan\u0131,<\/li>\n<li>DN 600 \/24 &#8221; kadar uzatma opsiyonlu ile de ve yumurta profilleri i\u00e7in.<\/li>\n<li>Nominal \u00e7apma de\u011fi\u015ftirirken son derece k\u0131sa konversiyon s\u00fcreleri<\/li>\n<li>D\u00f6rt derece serbestlik say\u0131s\u0131nda maksimum esneklik (seyahat hareketi, D\u00f6n\u00fcm \/ d\u00f6nd\u00fcrmeli kesme kafas\u0131 ve d\u00f6nd\u00fcrmeli kesici motoru)<\/li>\n<li>Yanal tamir i\u00e7in y\u00fcksek kesme veya i\u015fleme derinli\u011fi<\/li>\n<li>Boruda iyi bir hareket \u00f6zellikleri ve optimum istikrar\u0131 i\u00e7in pn\u00f6matik bas\u0131n\u00e7 \u00e7al\u0131\u015fma ray\u0131<\/li>\n<li>Ayr\u0131labilir ta\u015f\u0131ma \u00e7antas\u0131 &#8221; MULTISAN TURBO &#8221; yanal onar\u0131m sistemi i\u00e7in de kullan\u0131labilir<\/li>\n<li>Kullan\u0131\u015fl\u0131 medya tedarik paketi, 100 m \/ 328 ft ( 50 m \/164 ft uzatma opsiyonu )<\/li>\n<li>Ultra &#8211; g\u00fc\u00e7l\u00fc hava motoru nedeniyle son derece y\u00fcksek kesme kuvveti<\/li>\n<li>Mobil Evrensel kontrol \u00fcnitesi say\u0131s\u0131nda esnek bir i\u015flem<\/li>\n<li>Kesme robotunun hassas kontrol\u00fc 2 Dinamik joystick kullanarak<\/li>\n<li>D\u00f6ner renkli kamera sayesinde, su ve silecekleri ile, kesme i\u015flemi daimi g\u00f6zlem<\/li>\n<li>\u00c7\u0131kar\u0131labilir d\u00f6ner kamera \/ MULTISAN onar\u0131m sistemi i\u00e7in da kullan\u0131labilir<\/li>\n<li>Ayr\u0131 bir suba\u015fl\u0131\u011f\u0131 arac\u0131l\u0131\u011f\u0131yla kesme arac\u0131 so\u011futmas\u0131<\/li>\n<li>Sinyalizasyon ve alt\u00fcst a\u00e7\u0131 izlemesi ile s\u00fcrekli i\u00e7 bas\u0131n\u00e7 izleme yoluyla hasar \u00f6nleme<\/li>\n<li>\u00c7e\u015fitli tak\u0131labilir kesme aletleri (f\u0131r\u00e7a uzant\u0131s\u0131 max. 100 mm )<\/li>\n<li>Kullan\u0131\u015fl\u0131 vin\u00e7 eki Kanalizasyona kolay indirilmesi i\u00e7in<\/li>\n<li>Son derece sa\u011flam ve dayan\u0131kl\u0131 sistem<\/li>\n<\/ul>\n<figure id=\"attachment_9341\" aria-describedby=\"caption-attachment-9341\" style=\"width: 600px\" class=\"wp-caption alignnone\"><img fetchpriority=\"high\" decoding=\"async\" class=\"wp-image-9341 size-full\" src=\"https:\/\/enermak.com\/wp-content\/uploads\/2022\/05\/Universalkabeltrommel1.png\" alt=\"Turbo Kesme Robotu\" width=\"600\" height=\"600\" srcset=\"https:\/\/enermak.com\/wp-content\/uploads\/2022\/05\/Universalkabeltrommel1.png 600w, https:\/\/enermak.com\/wp-content\/uploads\/2022\/05\/Universalkabeltrommel1-300x300.png 300w, https:\/\/enermak.com\/wp-content\/uploads\/2022\/05\/Universalkabeltrommel1-100x100.png 100w, https:\/\/enermak.com\/wp-content\/uploads\/2022\/05\/Universalkabeltrommel1-276x276.png 276w, https:\/\/enermak.com\/wp-content\/uploads\/2022\/05\/Universalkabeltrommel1-138x138.png 138w, https:\/\/enermak.com\/wp-content\/uploads\/2022\/05\/Universalkabeltrommel1-374x374.png 374w, https:\/\/enermak.com\/wp-content\/uploads\/2022\/05\/Universalkabeltrommel1-187x187.png 187w\" sizes=\"(max-width: 600px) 100vw, 600px\" \/><figcaption id=\"caption-attachment-9341\" class=\"wp-caption-text\">Turbo Kesme Robotu<\/figcaption><\/figure>\n<h3><strong>Turbo Kesme Robotu &#8211; Ekipman \/ fonksiyonlar ve teknik ayr\u0131nt\u0131lar<\/strong><\/h3>\n<ul>\n<li>Ta\u015f\u0131ma \u00e7antas\u0131, kesme kolu ve d\u00f6nd\u00fcrme kameras\u0131ndan olu\u015fur<\/li>\n<li>Haval\u0131 kesici motoru<\/li>\n<li>DN 200\/8&#8243; &#8211; DN 400\/16&#8243; kadar borular\u0131 i\u00e7in uygundur ( i\u00e7 boru \u00e7ap\u0131 ve kol ofsetlersiz )<\/li>\n<li>Kesme robotunun \u00e7evrelenmi\u015f \u00e7emberi 180 mm \/ 7&#8243;<\/li>\n<li>IMS evrensel kontrol \u00fcnitesi \u00fczerinden \u00e7al\u0131\u015fmaktad\u0131r (dahil de\u011fildir )<\/li>\n<li>IMS evrensel kablo tamburu \u00fczerinden ortam besleme hatt\u0131 100 &#8211; 150 m \/ 328-492 ft ( d\u00e2hil de\u011fildir )<\/li>\n<li>Kendinden itmeli 3 h\u0131z seviyeli ile, yakla\u015f\u0131k max. h\u0131z\u0131 10 m \/ dakika \/ 32 ft \/ dak<\/li>\n<li>Nominal geni\u015flik aral\u0131\u011f\u0131 i\u00e7in uzatma par\u00e7alar\u0131 DN 400\/16 &#8221; a kadar<\/li>\n<li>Uzatma se\u00e7ene\u011fi max. DN 600 \/24&#8243; a Kadar ve yumurta profilleri i\u00e7in<\/li>\n<li>Ta\u015f\u0131mas\u0131 Multisan TURBO onar\u0131m sistemi ile kombine edilebilir<\/li>\n<li>Elektrikle \u00e7al\u0131\u015fan \u00e7evirme hareketi \u00b0400 \/ d\u00f6nd\u00fcrme hareketi \u00b090 \/ hava motorunun \u00e7evirme hareketi \u00b090 Opsiyonel<\/li>\n<li>Robot devrilme \u00fczerinde \u00f6nlemek i\u00e7in Entegre alt\u00fcst sens\u00f6r\u00fc ( \u00fcniversal kontrol, \u00fcnitesi \u00fczerinden g\u00f6steriliyor )<\/li>\n<li>Ters hareket sens\u00f6r\u00fc ( \u00fcniversal kontrol \u00fcnitesi \u00fczerinden g\u00f6steriliyor )<\/li>\n<li>Daha iyi stabilit\u00e9 ve \u00e7eki\u015f i\u00e7in pn\u00f6matik bas\u0131n\u00e7 rayl\u0131<\/li>\n<li>Ta\u015f\u0131ma ve kesme kafas\u0131 su ge\u00e7irmez ve nitrojen ile doldurulur<\/li>\n<li>D\u00f6ner renkli kamera, 2 x 10 W halojen spotlar ve 3 silecek s\u00fcp\u00fcrgeleri ile<\/li>\n<li>2 x 10 W halojen ek spotlar<\/li>\n<li>Su ekipman (kamera temizleme ve so\u011futma aleti) opsiyonel<\/li>\n<li>Kal\u0131c\u0131 i\u00e7 bas\u0131n\u00e7 izleme<\/li>\n<li>Beton i\u00e7in max. Alet \u00e7ap\u0131 120 mm \/ 5 &#8220;<\/li>\n<li>Vin\u00e7 eki<\/li>\n<li>Hava motorun pozisyonunu belirlemek i\u00e7in kadran ile g\u00f6r\u00fcnt\u00fcleme cam\u0131<\/li>\n<li>Kal\u0131c\u0131 ya\u011flama i\u00e7in 175 ml \/ ya\u011f tank\u0131<\/li>\n<li>Boyutlar UxGxY yakl. 1100 x 170 x 200 mm \/ 43 x 7 x 8\u201c, a\u011f\u0131rl\u0131k yakla. 70 kg<\/li>\n<\/ul>\n<figure id=\"attachment_9340\" aria-describedby=\"caption-attachment-9340\" style=\"width: 890px\" class=\"wp-caption alignnone\"><img decoding=\"async\" class=\"size-full wp-image-9340\" src=\"https:\/\/enermak.com\/wp-content\/uploads\/2022\/05\/turbo-091.jpg\" alt=\"Turbo Kesme Robotu\" width=\"890\" height=\"721\" srcset=\"https:\/\/enermak.com\/wp-content\/uploads\/2022\/05\/turbo-091.jpg 593w, https:\/\/enermak.com\/wp-content\/uploads\/2022\/05\/turbo-091-300x243.jpg 300w\" sizes=\"(max-width: 890px) 100vw, 890px\" \/><figcaption id=\"caption-attachment-9340\" class=\"wp-caption-text\">Turbo Kesme Robotu<\/figcaption><\/figure>\n<h3><strong>Cutting Robot TURBO &#8211; Kullan\u0131m \u0130\u00e7in Gerekenler<\/strong><\/h3>\n<p>Kontroller: Yaln\u0131zca IMS evrensel kontrol \u00fcnitesi ve IMS evrensel kablo tamburu ile ba\u011flant\u0131l\u0131 olarak<\/p>\n<p>G\u00fc\u00e7 kayna\u011f\u0131: 230\/110 V + \/ -% 1,50\/60 Hz, 6 A<\/p>\n<p>Hava beslemesi: Kir\u015fiz (par\u00e7ac\u0131klar &lt;5 mikrometre), max. s\u0131cakl\u0131k aral\u0131\u011f\u0131 5 \u00b0C &#8211; max. 40 0 C a kadar \/ 41 0 F &#8211; max. 104 0 F a kadar, bo\u015falt\u0131lan kalan su, kalan ya\u011f &lt;5 mg\/m3, besleme bas\u0131nc\u0131 maks 10 bar \/145 PSI, min. hacimsel ak\u0131\u015f 3 m3 \/ dk \/105 CFM<\/p>\n<p>Kesme aletleri: Sadece IMS taraf\u0131ndan onaylanan kesici aletler kullan\u0131n<\/p>\n<p>\u0130\u00e7 bas\u0131nc\u0131 izleme: \u0130\u00e7 bas\u0131nc\u0131 izleme i\u00e7in gerekli ekipmanlar\u0131 Azot ile doldurulmas\u0131<\/p>\n","protected":false},"excerpt":{"rendered":"<h3>IMS ROBOTICS<\/h3>\n<h4>Cutting Robot TURBO<\/h4>\n<p><strong>Turbo Kesme Robotu<\/strong><\/p>","protected":false},"featured_media":9339,"template":"","meta":{"_bst_post_transparent":"default","_bst_post_title":"","_bst_post_layout":"default","_bst_post_sidebar_id":"","_bst_post_content_style":"default","_bst_post_vertical_padding":"default","_bst_post_feature":"","_bst_post_feature_position":"","_bst_post_header":false,"_bst_post_footer":false},"product_brand":[2001],"product_cat":[157,150],"product_tag":[878,215,258,871,863,508,1361,880],"product_brands":[],"class_list":{"0":"post-9338","1":"product","2":"type-product","3":"status-publish","4":"has-post-thumbnail","6":"product_brand-ibak","7":"product_cat-kanal-goruntuleme","8":"product_cat-kanal-freze-ve-rehabilitasyon","9":"product_tag-cutting-robot","10":"product_tag-dn-200","11":"product_tag-dn-600","12":"product_tag-ims","13":"product_tag-kanal-freze","14":"product_tag-kanal-rehabilitasyon","15":"product_tag-kesme-robotu","16":"product_tag-sertlesmis-depozitler","18":"first","19":"instock","20":"shipping-taxable","21":"product-type-simple","22":"entry","23":"content-bg","24":"loop-entry"},"aioseo_notices":[],"aioseo_head":"\n\t\t<!-- All in One SEO Pro 4.9.5.2 - aioseo.com -->\n\t<meta name=\"description\" content=\"Altyap\u0131 ve \u015febeke tespitinde kullanabilece\u011finiz, profesy\u00f6nelli\u011finizi bir ad\u0131m ileri ta\u015f\u0131yacak bir \u00e7ok \u00fcr\u00fcn Enermak Enerji&#039;de. Turbo Kesme Robotu\" \/>\n\t<meta name=\"robots\" content=\"max-snippet:-1, max-image-preview:large, max-video-preview:-1\" \/>\n\t<meta name=\"yandex-verification\" content=\"yandex-verification: 61c39bc218eec6a9\" \/>\n\t<link rel=\"canonical\" href=\"https:\/\/enermak.com\/en\/urunler\/turbo-kesme-robotu\/\" \/>\n\t<meta name=\"generator\" content=\"All in One SEO Pro (AIOSEO) 4.9.5.2\" \/>\n\t\t<meta property=\"og:locale\" content=\"en_US\" \/>\n\t\t<meta property=\"og:site_name\" content=\"Enermak Enerji - Yeralt\u0131ndan Haberler\" \/>\n\t\t<meta property=\"og:type\" content=\"article\" \/>\n\t\t<meta property=\"og:title\" content=\"Turbo Kesme Robotu - Enermak Enerji\" \/>\n\t\t<meta property=\"og:description\" content=\"Altyap\u0131 ve \u015febeke tespitinde kullanabilece\u011finiz, profesy\u00f6nelli\u011finizi bir ad\u0131m ileri ta\u015f\u0131yacak bir \u00e7ok \u00fcr\u00fcn Enermak Enerji&#039;de. Turbo Kesme Robotu\" \/>\n\t\t<meta property=\"og:url\" content=\"https:\/\/enermak.com\/en\/urunler\/turbo-kesme-robotu\/\" \/>\n\t\t<meta property=\"og:image\" content=\"https:\/\/enermak.com\/wp-content\/uploads\/2022\/03\/logo-tr-1.png\" \/>\n\t\t<meta property=\"og:image:secure_url\" content=\"https:\/\/enermak.com\/wp-content\/uploads\/2022\/03\/logo-tr-1.png\" \/>\n\t\t<meta property=\"article:published_time\" content=\"2022-05-05T10:08:51+00:00\" \/>\n\t\t<meta property=\"article:modified_time\" content=\"2026-02-18T12:14:51+00:00\" \/>\n\t\t<meta property=\"article:publisher\" content=\"https:\/\/www.facebook.com\/YERALTINDANHABERLER\/\" \/>\n\t\t<meta name=\"twitter:card\" content=\"summary_large_image\" \/>\n\t\t<meta name=\"twitter:site\" content=\"@enerjienermak\" \/>\n\t\t<meta name=\"twitter:title\" content=\"Turbo Kesme Robotu - Enermak Enerji\" \/>\n\t\t<meta name=\"twitter:description\" content=\"Altyap\u0131 ve \u015febeke tespitinde kullanabilece\u011finiz, profesy\u00f6nelli\u011finizi bir ad\u0131m ileri ta\u015f\u0131yacak bir \u00e7ok \u00fcr\u00fcn Enermak Enerji&#039;de. Turbo Kesme Robotu\" \/>\n\t\t<meta name=\"twitter:image\" content=\"https:\/\/enermak.com\/wp-content\/uploads\/2022\/03\/logo-tr-1.png\" \/>\n\t\t<script type=\"application\/ld+json\" class=\"aioseo-schema\">\n\t\t\t{\"@context\":\"https:\\\/\\\/schema.org\",\"@graph\":[{\"@type\":\"BreadcrumbList\",\"@id\":\"https:\\\/\\\/enermak.com\\\/en\\\/urunler\\\/turbo-kesme-robotu\\\/#breadcrumblist\",\"itemListElement\":[{\"@type\":\"ListItem\",\"@id\":\"https:\\\/\\\/enermak.com\\\/en#listItem\",\"position\":1,\"name\":\"Home\",\"item\":\"https:\\\/\\\/enermak.com\\\/en\",\"nextItem\":{\"@type\":\"ListItem\",\"@id\":\"https:\\\/\\\/enermak.com\\\/en\\\/urunler\\\/#listItem\",\"name\":\"\\u00dcr\\u00fcnler\"}},{\"@type\":\"ListItem\",\"@id\":\"https:\\\/\\\/enermak.com\\\/en\\\/urunler\\\/#listItem\",\"position\":2,\"name\":\"\\u00dcr\\u00fcnler\",\"item\":\"https:\\\/\\\/enermak.com\\\/en\\\/urunler\\\/\",\"nextItem\":{\"@type\":\"ListItem\",\"@id\":\"https:\\\/\\\/enermak.com\\\/en\\\/brand\\\/ibak\\\/#listItem\",\"name\":\"IBAK\"},\"previousItem\":{\"@type\":\"ListItem\",\"@id\":\"https:\\\/\\\/enermak.com\\\/en#listItem\",\"name\":\"Home\"}},{\"@type\":\"ListItem\",\"@id\":\"https:\\\/\\\/enermak.com\\\/en\\\/brand\\\/ibak\\\/#listItem\",\"position\":3,\"name\":\"IBAK\",\"item\":\"https:\\\/\\\/enermak.com\\\/en\\\/brand\\\/ibak\\\/\",\"nextItem\":{\"@type\":\"ListItem\",\"@id\":\"https:\\\/\\\/enermak.com\\\/en\\\/urunler\\\/turbo-kesme-robotu\\\/#listItem\",\"name\":\"Turbo Kesme Robotu\"},\"previousItem\":{\"@type\":\"ListItem\",\"@id\":\"https:\\\/\\\/enermak.com\\\/en\\\/urunler\\\/#listItem\",\"name\":\"\\u00dcr\\u00fcnler\"}},{\"@type\":\"ListItem\",\"@id\":\"https:\\\/\\\/enermak.com\\\/en\\\/urunler\\\/turbo-kesme-robotu\\\/#listItem\",\"position\":4,\"name\":\"Turbo Kesme Robotu\",\"previousItem\":{\"@type\":\"ListItem\",\"@id\":\"https:\\\/\\\/enermak.com\\\/en\\\/brand\\\/ibak\\\/#listItem\",\"name\":\"IBAK\"}}]},{\"@type\":\"Organization\",\"@id\":\"https:\\\/\\\/enermak.com\\\/en\\\/#organization\",\"name\":\"Enermak Enerji\",\"description\":\"Yeralt\\u0131ndan Haberler\",\"url\":\"https:\\\/\\\/enermak.com\\\/en\\\/\",\"telephone\":\"+903123851102\",\"logo\":{\"@type\":\"ImageObject\",\"url\":\"https:\\\/\\\/enermak.com\\\/wp-content\\\/uploads\\\/2022\\\/03\\\/logo-tr-1.png\",\"@id\":\"https:\\\/\\\/enermak.com\\\/en\\\/urunler\\\/turbo-kesme-robotu\\\/#organizationLogo\"},\"image\":{\"@id\":\"https:\\\/\\\/enermak.com\\\/en\\\/urunler\\\/turbo-kesme-robotu\\\/#organizationLogo\"},\"sameAs\":[\"https:\\\/\\\/www.facebook.com\\\/YERALTINDANHABERLER\\\/\",\"https:\\\/\\\/twitter.com\\\/enerjienermak\",\"https:\\\/\\\/www.instagram.com\\\/enermakenerji\\\/\",\"https:\\\/\\\/www.youtube.com\\\/c\\\/EnermakEnerji\",\"https:\\\/\\\/www.linkedin.com\\\/in\\\/enermak\"]},{\"@type\":\"WebPage\",\"@id\":\"https:\\\/\\\/enermak.com\\\/en\\\/urunler\\\/turbo-kesme-robotu\\\/#webpage\",\"url\":\"https:\\\/\\\/enermak.com\\\/en\\\/urunler\\\/turbo-kesme-robotu\\\/\",\"name\":\"Turbo Kesme Robotu - Enermak Enerji\",\"description\":\"Altyap\\u0131 ve \\u015febeke tespitinde kullanabilece\\u011finiz, profesy\\u00f6nelli\\u011finizi bir ad\\u0131m ileri ta\\u015f\\u0131yacak bir \\u00e7ok \\u00fcr\\u00fcn Enermak Enerji'de. Turbo Kesme Robotu\",\"inLanguage\":\"en-US\",\"isPartOf\":{\"@id\":\"https:\\\/\\\/enermak.com\\\/en\\\/#website\"},\"breadcrumb\":{\"@id\":\"https:\\\/\\\/enermak.com\\\/en\\\/urunler\\\/turbo-kesme-robotu\\\/#breadcrumblist\"},\"image\":{\"@type\":\"ImageObject\",\"url\":\"https:\\\/\\\/enermak.com\\\/wp-content\\\/uploads\\\/2022\\\/05\\\/1026761.png\",\"@id\":\"https:\\\/\\\/enermak.com\\\/en\\\/urunler\\\/turbo-kesme-robotu\\\/#mainImage\",\"width\":600,\"height\":600,\"caption\":\"Turbo Kesme Robotu\"},\"primaryImageOfPage\":{\"@id\":\"https:\\\/\\\/enermak.com\\\/en\\\/urunler\\\/turbo-kesme-robotu\\\/#mainImage\"},\"datePublished\":\"2022-05-05T13:08:51+03:00\",\"dateModified\":\"2026-02-18T15:14:51+03:00\"},{\"@type\":\"WebSite\",\"@id\":\"https:\\\/\\\/enermak.com\\\/en\\\/#website\",\"url\":\"https:\\\/\\\/enermak.com\\\/en\\\/\",\"name\":\"Enermak Enerji\",\"alternateName\":\"Yeralt\\u0131ndan Haberler\",\"description\":\"Yeralt\\u0131ndan Haberler\",\"inLanguage\":\"en-US\",\"publisher\":{\"@id\":\"https:\\\/\\\/enermak.com\\\/en\\\/#organization\"}}]}\n\t\t<\/script>\n\t\t<!-- All in One SEO Pro -->\r\n\t\t<title>Turbo Kesme Robotu - Enermak Enerji<\/title>\n\n","aioseo_head_json":{"title":"Turbo Kesme Robotu - Enermak Enerji","description":"Altyap\u0131 ve \u015febeke tespitinde kullanabilece\u011finiz, profesy\u00f6nelli\u011finizi bir ad\u0131m ileri ta\u015f\u0131yacak bir \u00e7ok \u00fcr\u00fcn Enermak Enerji'de. Turbo Kesme Robotu","canonical_url":"https:\/\/enermak.com\/en\/urunler\/turbo-kesme-robotu\/","robots":"max-snippet:-1, max-image-preview:large, max-video-preview:-1","keywords":"","webmasterTools":{"yandex-verification":"yandex-verification: 61c39bc218eec6a9","miscellaneous":""},"schema":{"@context":"https:\/\/schema.org","@graph":[{"@type":"BreadcrumbList","@id":"https:\/\/enermak.com\/en\/urunler\/turbo-kesme-robotu\/#breadcrumblist","itemListElement":[{"@type":"ListItem","@id":"https:\/\/enermak.com\/en#listItem","position":1,"name":"Home","item":"https:\/\/enermak.com\/en","nextItem":{"@type":"ListItem","@id":"https:\/\/enermak.com\/en\/urunler\/#listItem","name":"\u00dcr\u00fcnler"}},{"@type":"ListItem","@id":"https:\/\/enermak.com\/en\/urunler\/#listItem","position":2,"name":"\u00dcr\u00fcnler","item":"https:\/\/enermak.com\/en\/urunler\/","nextItem":{"@type":"ListItem","@id":"https:\/\/enermak.com\/en\/brand\/ibak\/#listItem","name":"IBAK"},"previousItem":{"@type":"ListItem","@id":"https:\/\/enermak.com\/en#listItem","name":"Home"}},{"@type":"ListItem","@id":"https:\/\/enermak.com\/en\/brand\/ibak\/#listItem","position":3,"name":"IBAK","item":"https:\/\/enermak.com\/en\/brand\/ibak\/","nextItem":{"@type":"ListItem","@id":"https:\/\/enermak.com\/en\/urunler\/turbo-kesme-robotu\/#listItem","name":"Turbo Kesme Robotu"},"previousItem":{"@type":"ListItem","@id":"https:\/\/enermak.com\/en\/urunler\/#listItem","name":"\u00dcr\u00fcnler"}},{"@type":"ListItem","@id":"https:\/\/enermak.com\/en\/urunler\/turbo-kesme-robotu\/#listItem","position":4,"name":"Turbo Kesme Robotu","previousItem":{"@type":"ListItem","@id":"https:\/\/enermak.com\/en\/brand\/ibak\/#listItem","name":"IBAK"}}]},{"@type":"Organization","@id":"https:\/\/enermak.com\/en\/#organization","name":"Enermak Enerji","description":"Yeralt\u0131ndan Haberler","url":"https:\/\/enermak.com\/en\/","telephone":"+903123851102","logo":{"@type":"ImageObject","url":"https:\/\/enermak.com\/wp-content\/uploads\/2022\/03\/logo-tr-1.png","@id":"https:\/\/enermak.com\/en\/urunler\/turbo-kesme-robotu\/#organizationLogo"},"image":{"@id":"https:\/\/enermak.com\/en\/urunler\/turbo-kesme-robotu\/#organizationLogo"},"sameAs":["https:\/\/www.facebook.com\/YERALTINDANHABERLER\/","https:\/\/twitter.com\/enerjienermak","https:\/\/www.instagram.com\/enermakenerji\/","https:\/\/www.youtube.com\/c\/EnermakEnerji","https:\/\/www.linkedin.com\/in\/enermak"]},{"@type":"WebPage","@id":"https:\/\/enermak.com\/en\/urunler\/turbo-kesme-robotu\/#webpage","url":"https:\/\/enermak.com\/en\/urunler\/turbo-kesme-robotu\/","name":"Turbo Kesme Robotu - Enermak Enerji","description":"Altyap\u0131 ve \u015febeke tespitinde kullanabilece\u011finiz, profesy\u00f6nelli\u011finizi bir ad\u0131m ileri ta\u015f\u0131yacak bir \u00e7ok \u00fcr\u00fcn Enermak Enerji'de. Turbo Kesme Robotu","inLanguage":"en-US","isPartOf":{"@id":"https:\/\/enermak.com\/en\/#website"},"breadcrumb":{"@id":"https:\/\/enermak.com\/en\/urunler\/turbo-kesme-robotu\/#breadcrumblist"},"image":{"@type":"ImageObject","url":"https:\/\/enermak.com\/wp-content\/uploads\/2022\/05\/1026761.png","@id":"https:\/\/enermak.com\/en\/urunler\/turbo-kesme-robotu\/#mainImage","width":600,"height":600,"caption":"Turbo Kesme Robotu"},"primaryImageOfPage":{"@id":"https:\/\/enermak.com\/en\/urunler\/turbo-kesme-robotu\/#mainImage"},"datePublished":"2022-05-05T13:08:51+03:00","dateModified":"2026-02-18T15:14:51+03:00"},{"@type":"WebSite","@id":"https:\/\/enermak.com\/en\/#website","url":"https:\/\/enermak.com\/en\/","name":"Enermak Enerji","alternateName":"Yeralt\u0131ndan Haberler","description":"Yeralt\u0131ndan Haberler","inLanguage":"en-US","publisher":{"@id":"https:\/\/enermak.com\/en\/#organization"}}]},"og:locale":"en_US","og:site_name":"Enermak Enerji - Yeralt\u0131ndan Haberler","og:type":"article","og:title":"Turbo Kesme Robotu - Enermak Enerji","og:description":"Altyap\u0131 ve \u015febeke tespitinde kullanabilece\u011finiz, profesy\u00f6nelli\u011finizi bir ad\u0131m ileri ta\u015f\u0131yacak bir \u00e7ok \u00fcr\u00fcn Enermak Enerji'de. Turbo Kesme Robotu","og:url":"https:\/\/enermak.com\/en\/urunler\/turbo-kesme-robotu\/","og:image":"https:\/\/enermak.com\/wp-content\/uploads\/2022\/03\/logo-tr-1.png","og:image:secure_url":"https:\/\/enermak.com\/wp-content\/uploads\/2022\/03\/logo-tr-1.png","article:published_time":"2022-05-05T10:08:51+00:00","article:modified_time":"2026-02-18T12:14:51+00:00","article:publisher":"https:\/\/www.facebook.com\/YERALTINDANHABERLER\/","twitter:card":"summary_large_image","twitter:site":"@enerjienermak","twitter:title":"Turbo Kesme Robotu - Enermak Enerji","twitter:description":"Altyap\u0131 ve \u015febeke tespitinde kullanabilece\u011finiz, profesy\u00f6nelli\u011finizi bir ad\u0131m ileri ta\u015f\u0131yacak bir \u00e7ok \u00fcr\u00fcn Enermak Enerji'de. Turbo Kesme Robotu","twitter:image":"https:\/\/enermak.com\/wp-content\/uploads\/2022\/03\/logo-tr-1.png"},"aioseo_meta_data":{"post_id":"9338","title":null,"description":"Altyap\u0131 ve \u015febeke tespitinde kullanabilece\u011finiz, profesy\u00f6nelli\u011finizi bir ad\u0131m ileri ta\u015f\u0131yacak bir \u00e7ok \u00fcr\u00fcn Enermak Enerji'de. Turbo Kesme Robotu","keywords":null,"keyphrases":{"focus":{"keyphrase":"Turbo Kesme Robotu","analysis":{"keyphraseInTitle":{"score":9,"maxScore":9,"error":0},"keyphraseInDescription":{"score":9,"maxScore":9,"error":0},"keyphraseLength":{"score":9,"maxScore":9,"error":0,"length":3},"keyphraseInURL":{"score":5,"maxScore":5,"error":0},"keyphraseInIntroduction":{"score":3,"maxScore":9,"error":1},"keyphraseInSubHeadings":{"score":9,"maxScore":9,"error":0},"keyphraseInImageAlt":{"score":9,"maxScore":9,"error":0},"keywordDensity":{"type":"best","score":9,"maxScore":9,"error":0}},"score":91},"additional":[]},"primary_term":null,"canonical_url":null,"og_title":null,"og_description":null,"og_object_type":"default","og_image_type":"default","og_image_url":null,"og_image_width":null,"og_image_height":null,"og_image_custom_url":null,"og_image_custom_fields":null,"og_video":"","og_custom_url":null,"og_article_section":null,"og_article_tags":null,"twitter_use_og":false,"twitter_card":"default","twitter_image_type":"default","twitter_image_url":null,"twitter_image_custom_url":null,"twitter_image_custom_fields":null,"twitter_title":null,"twitter_description":null,"schema":{"blockGraphs":[],"customGraphs":[],"default":{"data":{"Article":[],"Course":[],"Dataset":[],"FAQPage":[],"Movie":[],"Person":[],"Product":[],"ProductReview":[],"Car":[],"Recipe":[],"Service":[],"SoftwareApplication":[],"WebPage":[]},"graphName":"ItemPage","isEnabled":false},"graphs":[]},"schema_type":"default","schema_type_options":null,"pillar_content":false,"robots_default":false,"robots_noindex":false,"robots_noarchive":false,"robots_nosnippet":false,"robots_nofollow":false,"robots_noimageindex":false,"robots_noodp":false,"robots_notranslate":false,"robots_max_snippet":"-1","robots_max_videopreview":"-1","robots_max_imagepreview":"large","priority":null,"frequency":"default","local_seo":null,"seo_analyzer_scan_date":"2026-02-18 12:44:05","breadcrumb_settings":null,"limit_modified_date":false,"reviewed_by":null,"open_ai":"{\"title\":{\"suggestions\":[],\"usage\":0},\"description\":{\"suggestions\":[],\"usage\":0}}","ai":{"faqs":[],"keyPoints":[],"titles":[],"descriptions":[],"socialPosts":{"email":[],"linkedin":[],"twitter":[],"facebook":[],"instagram":[]}},"created":"2022-09-12 10:39:26","updated":"2026-02-18 12:44:05"},"aioseo_breadcrumb":"<div class=\"aioseo-breadcrumbs\"><span class=\"aioseo-breadcrumb\">\n\t<a href=\"https:\/\/enermak.com\/en\" title=\"Home\">Home<\/a>\n<\/span><span class=\"aioseo-breadcrumb-separator\">\u00bb<\/span><span class=\"aioseo-breadcrumb\">\n\t<a href=\"https:\/\/enermak.com\/en\/urunler\/\" title=\"\u00dcr\u00fcnler\">\u00dcr\u00fcnler<\/a>\n<\/span><span class=\"aioseo-breadcrumb-separator\">\u00bb<\/span><span class=\"aioseo-breadcrumb\">\n\t<a href=\"https:\/\/enermak.com\/en\/brand\/ibak\/\" title=\"IBAK\">IBAK<\/a>\n<\/span><span class=\"aioseo-breadcrumb-separator\">\u00bb<\/span><span class=\"aioseo-breadcrumb\">\n\tTurbo Kesme Robotu\n<\/span><\/div>","aioseo_breadcrumb_json":[{"label":"Home","link":"https:\/\/enermak.com\/en"},{"label":"\u00dcr\u00fcnler","link":"https:\/\/enermak.com\/en\/urunler\/"},{"label":"IBAK","link":"https:\/\/enermak.com\/en\/brand\/ibak\/"},{"label":"Turbo Kesme Robotu","link":"https:\/\/enermak.com\/en\/urunler\/turbo-kesme-robotu\/"}],"_links":{"self":[{"href":"https:\/\/enermak.com\/en\/wp-json\/wp\/v2\/product\/9338","targetHints":{"allow":["GET"]}}],"collection":[{"href":"https:\/\/enermak.com\/en\/wp-json\/wp\/v2\/product"}],"about":[{"href":"https:\/\/enermak.com\/en\/wp-json\/wp\/v2\/types\/product"}],"version-history":[{"count":0,"href":"https:\/\/enermak.com\/en\/wp-json\/wp\/v2\/product\/9338\/revisions"}],"wp:featuredmedia":[{"embeddable":true,"href":"https:\/\/enermak.com\/en\/wp-json\/wp\/v2\/media\/9339"}],"wp:attachment":[{"href":"https:\/\/enermak.com\/en\/wp-json\/wp\/v2\/media?parent=9338"}],"wp:term":[{"taxonomy":"product_brand","embeddable":true,"href":"https:\/\/enermak.com\/en\/wp-json\/wp\/v2\/product_brand?post=9338"},{"taxonomy":"product_cat","embeddable":true,"href":"https:\/\/enermak.com\/en\/wp-json\/wp\/v2\/product_cat?post=9338"},{"taxonomy":"product_tag","embeddable":true,"href":"https:\/\/enermak.com\/en\/wp-json\/wp\/v2\/product_tag?post=9338"},{"taxonomy":"product_brands","embeddable":true,"href":"https:\/\/enermak.com\/en\/wp-json\/wp\/v2\/product_brands?post=9338"}],"curies":[{"name":"wp","href":"https:\/\/api.w.org\/{rel}","templated":true}]}}