{"id":9328,"date":"2022-05-05T12:59:25","date_gmt":"2022-05-05T09:59:25","guid":{"rendered":"http:\/\/isimmedya.com\/?post_type=product&#038;p=9328"},"modified":"2026-02-18T15:14:58","modified_gmt":"2026-02-18T12:14:58","slug":"uydu-sistemi-stl","status":"publish","type":"product","link":"https:\/\/enermak.com\/en\/urunler\/uydu-sistemi-stl\/","title":{"rendered":"Uydu Sistemi STL"},"content":{"rendered":"<h2><strong>Uydu Sistemi STL<\/strong><\/h2>\n<ul>\n<li>600\/8 &#8211; Ana kanalizasyon DN 200 uygulama aral\u0131\u011f\u0131 &#8220;- 24&#8221;<\/li>\n<li>lateraller i\u00e7ine ekleme DN 100 &#8211; 150\/4 &#8220;- 6&#8221; M\u00fcmk\u00fcnd\u00fcr<\/li>\n<li>lateraller t\u00fcm haz\u0131rl\u0131k rehabilitasyon \u00e7al\u0131\u015fmalar\u0131 i\u00e7in \/ servis ba\u011flant\u0131s\u0131<\/li>\n<li>Sistemin ekleme ana kanalizasyon olu\u015fturur, sadece 1 menhol eri\u015fimi gereklidir<\/li>\n<li>Mevcut k\u00f6kleri ya da di\u011fer engellerin kald\u0131r\u0131lmas\u0131n\u0131 sa\u011flar<\/li>\n<li>Boru ba\u011flant\u0131lar\u0131n\u0131n s\u0131zd\u0131rmazl\u0131k testi, muayene ve y\u00fcksek bas\u0131n\u00e7l\u0131 y\u0131kama sa\u011flar<\/li>\n<li>Lateraller i\u00e7ine ekleme DN 100 &#8211; 150\/4 &#8220;- 6&#8221; m\u00fcmk\u00fcnd\u00fcr<\/li>\n<li>Her iki kesme robotu sistemleri, herhangi bir s\u0131n\u0131rlama olmaks\u0131z\u0131n tek ba\u015f\u0131na kullan\u0131labilir<\/li>\n<li>Di\u011fer muhtemel arabas\u0131na tek ba\u011flant\u0131 imkan\u0131<\/li>\n<\/ul>","protected":false},"excerpt":{"rendered":"<h3>IMS ROBOTICS<\/h3>\n<h4>Uydu Sistemi STL<\/h4>","protected":false},"featured_media":9329,"template":"","meta":{"_bst_post_transparent":"default","_bst_post_title":"","_bst_post_layout":"default","_bst_post_sidebar_id":"","_bst_post_content_style":"default","_bst_post_vertical_padding":"default","_bst_post_feature":"","_bst_post_feature_position":"","_bst_post_header":false,"_bst_post_footer":false},"product_brand":[2001],"product_cat":[157,150],"product_tag":[215,863,508,1355],"product_brands":[],"class_list":{"0":"post-9328","1":"product","2":"type-product","3":"status-publish","4":"has-post-thumbnail","6":"product_brand-ibak","7":"product_cat-kanal-goruntuleme","8":"product_cat-kanal-freze-ve-rehabilitasyon","9":"product_tag-dn-200","10":"product_tag-kanal-freze","11":"product_tag-kanal-rehabilitasyon","12":"product_tag-uydu-sistemi-stl","14":"first","15":"instock","16":"shipping-taxable","17":"product-type-simple","18":"entry","19":"content-bg","20":"loop-entry"},"aioseo_notices":[],"aioseo_head":"\n\t\t<!-- All in One SEO Pro 4.9.5.2 - aioseo.com -->\n\t<meta name=\"description\" content=\"Altyap\u0131 ve \u015febeke tespitinde kullanabilece\u011finiz, profesy\u00f6nelli\u011finizi bir ad\u0131m ileri ta\u015f\u0131yacak bir \u00e7ok \u00fcr\u00fcn Enermak Enerji&#039;de.Uydu Sistemi STL\" \/>\n\t<meta name=\"robots\" content=\"max-snippet:-1, max-image-preview:large, max-video-preview:-1\" \/>\n\t<meta name=\"yandex-verification\" content=\"yandex-verification: 61c39bc218eec6a9\" \/>\n\t<link rel=\"canonical\" href=\"https:\/\/enermak.com\/en\/urunler\/uydu-sistemi-stl\/\" \/>\n\t<meta name=\"generator\" content=\"All in One SEO Pro (AIOSEO) 4.9.5.2\" \/>\n\t\t<meta property=\"og:locale\" content=\"en_US\" \/>\n\t\t<meta property=\"og:site_name\" content=\"Enermak Enerji - Yeralt\u0131ndan Haberler\" \/>\n\t\t<meta property=\"og:type\" content=\"article\" \/>\n\t\t<meta property=\"og:title\" content=\"Uydu Sistemi STL - Enermak Enerji\" \/>\n\t\t<meta property=\"og:description\" content=\"Altyap\u0131 ve \u015febeke tespitinde kullanabilece\u011finiz, profesy\u00f6nelli\u011finizi bir ad\u0131m ileri ta\u015f\u0131yacak bir \u00e7ok \u00fcr\u00fcn Enermak Enerji&#039;de.Uydu Sistemi STL\" \/>\n\t\t<meta property=\"og:url\" content=\"https:\/\/enermak.com\/en\/urunler\/uydu-sistemi-stl\/\" \/>\n\t\t<meta property=\"og:image\" content=\"https:\/\/enermak.com\/wp-content\/uploads\/2022\/03\/logo-tr-1.png\" \/>\n\t\t<meta property=\"og:image:secure_url\" content=\"https:\/\/enermak.com\/wp-content\/uploads\/2022\/03\/logo-tr-1.png\" \/>\n\t\t<meta property=\"article:published_time\" content=\"2022-05-05T09:59:25+00:00\" \/>\n\t\t<meta property=\"article:modified_time\" content=\"2026-02-18T12:14:58+00:00\" \/>\n\t\t<meta property=\"article:publisher\" content=\"https:\/\/www.facebook.com\/YERALTINDANHABERLER\/\" \/>\n\t\t<meta name=\"twitter:card\" content=\"summary_large_image\" \/>\n\t\t<meta name=\"twitter:site\" content=\"@enerjienermak\" \/>\n\t\t<meta name=\"twitter:title\" content=\"Uydu Sistemi STL - Enermak Enerji\" \/>\n\t\t<meta name=\"twitter:description\" content=\"Altyap\u0131 ve \u015febeke tespitinde kullanabilece\u011finiz, profesy\u00f6nelli\u011finizi bir ad\u0131m ileri ta\u015f\u0131yacak bir \u00e7ok \u00fcr\u00fcn Enermak Enerji&#039;de.Uydu Sistemi STL\" \/>\n\t\t<meta name=\"twitter:image\" content=\"https:\/\/enermak.com\/wp-content\/uploads\/2022\/03\/logo-tr-1.png\" \/>\n\t\t<script type=\"application\/ld+json\" class=\"aioseo-schema\">\n\t\t\t{\"@context\":\"https:\\\/\\\/schema.org\",\"@graph\":[{\"@type\":\"BreadcrumbList\",\"@id\":\"https:\\\/\\\/enermak.com\\\/en\\\/urunler\\\/uydu-sistemi-stl\\\/#breadcrumblist\",\"itemListElement\":[{\"@type\":\"ListItem\",\"@id\":\"https:\\\/\\\/enermak.com\\\/en#listItem\",\"position\":1,\"name\":\"Home\",\"item\":\"https:\\\/\\\/enermak.com\\\/en\",\"nextItem\":{\"@type\":\"ListItem\",\"@id\":\"https:\\\/\\\/enermak.com\\\/en\\\/urunler\\\/#listItem\",\"name\":\"\\u00dcr\\u00fcnler\"}},{\"@type\":\"ListItem\",\"@id\":\"https:\\\/\\\/enermak.com\\\/en\\\/urunler\\\/#listItem\",\"position\":2,\"name\":\"\\u00dcr\\u00fcnler\",\"item\":\"https:\\\/\\\/enermak.com\\\/en\\\/urunler\\\/\",\"nextItem\":{\"@type\":\"ListItem\",\"@id\":\"https:\\\/\\\/enermak.com\\\/en\\\/brand\\\/ibak\\\/#listItem\",\"name\":\"IBAK\"},\"previousItem\":{\"@type\":\"ListItem\",\"@id\":\"https:\\\/\\\/enermak.com\\\/en#listItem\",\"name\":\"Home\"}},{\"@type\":\"ListItem\",\"@id\":\"https:\\\/\\\/enermak.com\\\/en\\\/brand\\\/ibak\\\/#listItem\",\"position\":3,\"name\":\"IBAK\",\"item\":\"https:\\\/\\\/enermak.com\\\/en\\\/brand\\\/ibak\\\/\",\"nextItem\":{\"@type\":\"ListItem\",\"@id\":\"https:\\\/\\\/enermak.com\\\/en\\\/urunler\\\/uydu-sistemi-stl\\\/#listItem\",\"name\":\"Uydu Sistemi STL\"},\"previousItem\":{\"@type\":\"ListItem\",\"@id\":\"https:\\\/\\\/enermak.com\\\/en\\\/urunler\\\/#listItem\",\"name\":\"\\u00dcr\\u00fcnler\"}},{\"@type\":\"ListItem\",\"@id\":\"https:\\\/\\\/enermak.com\\\/en\\\/urunler\\\/uydu-sistemi-stl\\\/#listItem\",\"position\":4,\"name\":\"Uydu Sistemi STL\",\"previousItem\":{\"@type\":\"ListItem\",\"@id\":\"https:\\\/\\\/enermak.com\\\/en\\\/brand\\\/ibak\\\/#listItem\",\"name\":\"IBAK\"}}]},{\"@type\":\"Organization\",\"@id\":\"https:\\\/\\\/enermak.com\\\/en\\\/#organization\",\"name\":\"Enermak Enerji\",\"description\":\"Yeralt\\u0131ndan Haberler\",\"url\":\"https:\\\/\\\/enermak.com\\\/en\\\/\",\"telephone\":\"+903123851102\",\"logo\":{\"@type\":\"ImageObject\",\"url\":\"https:\\\/\\\/enermak.com\\\/wp-content\\\/uploads\\\/2022\\\/03\\\/logo-tr-1.png\",\"@id\":\"https:\\\/\\\/enermak.com\\\/en\\\/urunler\\\/uydu-sistemi-stl\\\/#organizationLogo\"},\"image\":{\"@id\":\"https:\\\/\\\/enermak.com\\\/en\\\/urunler\\\/uydu-sistemi-stl\\\/#organizationLogo\"},\"sameAs\":[\"https:\\\/\\\/www.facebook.com\\\/YERALTINDANHABERLER\\\/\",\"https:\\\/\\\/twitter.com\\\/enerjienermak\",\"https:\\\/\\\/www.instagram.com\\\/enermakenerji\\\/\",\"https:\\\/\\\/www.youtube.com\\\/c\\\/EnermakEnerji\",\"https:\\\/\\\/www.linkedin.com\\\/in\\\/enermak\"]},{\"@type\":\"WebPage\",\"@id\":\"https:\\\/\\\/enermak.com\\\/en\\\/urunler\\\/uydu-sistemi-stl\\\/#webpage\",\"url\":\"https:\\\/\\\/enermak.com\\\/en\\\/urunler\\\/uydu-sistemi-stl\\\/\",\"name\":\"Uydu Sistemi STL - Enermak Enerji\",\"description\":\"Altyap\\u0131 ve \\u015febeke tespitinde kullanabilece\\u011finiz, profesy\\u00f6nelli\\u011finizi bir ad\\u0131m ileri ta\\u015f\\u0131yacak bir \\u00e7ok \\u00fcr\\u00fcn Enermak Enerji'de.Uydu Sistemi STL\",\"inLanguage\":\"en-US\",\"isPartOf\":{\"@id\":\"https:\\\/\\\/enermak.com\\\/en\\\/#website\"},\"breadcrumb\":{\"@id\":\"https:\\\/\\\/enermak.com\\\/en\\\/urunler\\\/uydu-sistemi-stl\\\/#breadcrumblist\"},\"image\":{\"@type\":\"ImageObject\",\"url\":\"https:\\\/\\\/enermak.com\\\/wp-content\\\/uploads\\\/2022\\\/05\\\/1047431.png\",\"@id\":\"https:\\\/\\\/enermak.com\\\/en\\\/urunler\\\/uydu-sistemi-stl\\\/#mainImage\",\"width\":480,\"height\":480,\"caption\":\"Uydu Sistemi STL\"},\"primaryImageOfPage\":{\"@id\":\"https:\\\/\\\/enermak.com\\\/en\\\/urunler\\\/uydu-sistemi-stl\\\/#mainImage\"},\"datePublished\":\"2022-05-05T12:59:25+03:00\",\"dateModified\":\"2026-02-18T15:14:58+03:00\"},{\"@type\":\"WebSite\",\"@id\":\"https:\\\/\\\/enermak.com\\\/en\\\/#website\",\"url\":\"https:\\\/\\\/enermak.com\\\/en\\\/\",\"name\":\"Enermak Enerji\",\"alternateName\":\"Yeralt\\u0131ndan Haberler\",\"description\":\"Yeralt\\u0131ndan Haberler\",\"inLanguage\":\"en-US\",\"publisher\":{\"@id\":\"https:\\\/\\\/enermak.com\\\/en\\\/#organization\"}}]}\n\t\t<\/script>\n\t\t<!-- All in One SEO Pro -->\r\n\t\t<title>Uydu Sistemi STL - Enermak Enerji<\/title>\n\n","aioseo_head_json":{"title":"Uydu Sistemi STL - Enermak Enerji","description":"Altyap\u0131 ve \u015febeke tespitinde kullanabilece\u011finiz, profesy\u00f6nelli\u011finizi bir ad\u0131m ileri ta\u015f\u0131yacak bir \u00e7ok \u00fcr\u00fcn Enermak Enerji'de.Uydu Sistemi STL","canonical_url":"https:\/\/enermak.com\/en\/urunler\/uydu-sistemi-stl\/","robots":"max-snippet:-1, max-image-preview:large, max-video-preview:-1","keywords":"","webmasterTools":{"yandex-verification":"yandex-verification: 61c39bc218eec6a9","miscellaneous":""},"schema":{"@context":"https:\/\/schema.org","@graph":[{"@type":"BreadcrumbList","@id":"https:\/\/enermak.com\/en\/urunler\/uydu-sistemi-stl\/#breadcrumblist","itemListElement":[{"@type":"ListItem","@id":"https:\/\/enermak.com\/en#listItem","position":1,"name":"Home","item":"https:\/\/enermak.com\/en","nextItem":{"@type":"ListItem","@id":"https:\/\/enermak.com\/en\/urunler\/#listItem","name":"\u00dcr\u00fcnler"}},{"@type":"ListItem","@id":"https:\/\/enermak.com\/en\/urunler\/#listItem","position":2,"name":"\u00dcr\u00fcnler","item":"https:\/\/enermak.com\/en\/urunler\/","nextItem":{"@type":"ListItem","@id":"https:\/\/enermak.com\/en\/brand\/ibak\/#listItem","name":"IBAK"},"previousItem":{"@type":"ListItem","@id":"https:\/\/enermak.com\/en#listItem","name":"Home"}},{"@type":"ListItem","@id":"https:\/\/enermak.com\/en\/brand\/ibak\/#listItem","position":3,"name":"IBAK","item":"https:\/\/enermak.com\/en\/brand\/ibak\/","nextItem":{"@type":"ListItem","@id":"https:\/\/enermak.com\/en\/urunler\/uydu-sistemi-stl\/#listItem","name":"Uydu Sistemi STL"},"previousItem":{"@type":"ListItem","@id":"https:\/\/enermak.com\/en\/urunler\/#listItem","name":"\u00dcr\u00fcnler"}},{"@type":"ListItem","@id":"https:\/\/enermak.com\/en\/urunler\/uydu-sistemi-stl\/#listItem","position":4,"name":"Uydu Sistemi STL","previousItem":{"@type":"ListItem","@id":"https:\/\/enermak.com\/en\/brand\/ibak\/#listItem","name":"IBAK"}}]},{"@type":"Organization","@id":"https:\/\/enermak.com\/en\/#organization","name":"Enermak Enerji","description":"Yeralt\u0131ndan Haberler","url":"https:\/\/enermak.com\/en\/","telephone":"+903123851102","logo":{"@type":"ImageObject","url":"https:\/\/enermak.com\/wp-content\/uploads\/2022\/03\/logo-tr-1.png","@id":"https:\/\/enermak.com\/en\/urunler\/uydu-sistemi-stl\/#organizationLogo"},"image":{"@id":"https:\/\/enermak.com\/en\/urunler\/uydu-sistemi-stl\/#organizationLogo"},"sameAs":["https:\/\/www.facebook.com\/YERALTINDANHABERLER\/","https:\/\/twitter.com\/enerjienermak","https:\/\/www.instagram.com\/enermakenerji\/","https:\/\/www.youtube.com\/c\/EnermakEnerji","https:\/\/www.linkedin.com\/in\/enermak"]},{"@type":"WebPage","@id":"https:\/\/enermak.com\/en\/urunler\/uydu-sistemi-stl\/#webpage","url":"https:\/\/enermak.com\/en\/urunler\/uydu-sistemi-stl\/","name":"Uydu Sistemi STL - Enermak Enerji","description":"Altyap\u0131 ve \u015febeke tespitinde kullanabilece\u011finiz, profesy\u00f6nelli\u011finizi bir ad\u0131m ileri ta\u015f\u0131yacak bir \u00e7ok \u00fcr\u00fcn Enermak Enerji'de.Uydu Sistemi STL","inLanguage":"en-US","isPartOf":{"@id":"https:\/\/enermak.com\/en\/#website"},"breadcrumb":{"@id":"https:\/\/enermak.com\/en\/urunler\/uydu-sistemi-stl\/#breadcrumblist"},"image":{"@type":"ImageObject","url":"https:\/\/enermak.com\/wp-content\/uploads\/2022\/05\/1047431.png","@id":"https:\/\/enermak.com\/en\/urunler\/uydu-sistemi-stl\/#mainImage","width":480,"height":480,"caption":"Uydu Sistemi STL"},"primaryImageOfPage":{"@id":"https:\/\/enermak.com\/en\/urunler\/uydu-sistemi-stl\/#mainImage"},"datePublished":"2022-05-05T12:59:25+03:00","dateModified":"2026-02-18T15:14:58+03:00"},{"@type":"WebSite","@id":"https:\/\/enermak.com\/en\/#website","url":"https:\/\/enermak.com\/en\/","name":"Enermak Enerji","alternateName":"Yeralt\u0131ndan Haberler","description":"Yeralt\u0131ndan Haberler","inLanguage":"en-US","publisher":{"@id":"https:\/\/enermak.com\/en\/#organization"}}]},"og:locale":"en_US","og:site_name":"Enermak Enerji - Yeralt\u0131ndan Haberler","og:type":"article","og:title":"Uydu Sistemi STL - Enermak Enerji","og:description":"Altyap\u0131 ve \u015febeke tespitinde kullanabilece\u011finiz, profesy\u00f6nelli\u011finizi bir ad\u0131m ileri ta\u015f\u0131yacak bir \u00e7ok \u00fcr\u00fcn Enermak Enerji'de.Uydu Sistemi STL","og:url":"https:\/\/enermak.com\/en\/urunler\/uydu-sistemi-stl\/","og:image":"https:\/\/enermak.com\/wp-content\/uploads\/2022\/03\/logo-tr-1.png","og:image:secure_url":"https:\/\/enermak.com\/wp-content\/uploads\/2022\/03\/logo-tr-1.png","article:published_time":"2022-05-05T09:59:25+00:00","article:modified_time":"2026-02-18T12:14:58+00:00","article:publisher":"https:\/\/www.facebook.com\/YERALTINDANHABERLER\/","twitter:card":"summary_large_image","twitter:site":"@enerjienermak","twitter:title":"Uydu Sistemi STL - Enermak Enerji","twitter:description":"Altyap\u0131 ve \u015febeke tespitinde kullanabilece\u011finiz, profesy\u00f6nelli\u011finizi bir ad\u0131m ileri ta\u015f\u0131yacak bir \u00e7ok \u00fcr\u00fcn Enermak Enerji'de.Uydu Sistemi STL","twitter:image":"https:\/\/enermak.com\/wp-content\/uploads\/2022\/03\/logo-tr-1.png"},"aioseo_meta_data":{"post_id":"9328","title":null,"description":"Altyap\u0131 ve \u015febeke tespitinde kullanabilece\u011finiz, profesy\u00f6nelli\u011finizi bir ad\u0131m ileri ta\u015f\u0131yacak bir \u00e7ok \u00fcr\u00fcn Enermak Enerji'de.Uydu Sistemi STL","keywords":null,"keyphrases":{"focus":{"keyphrase":"Uydu Sistemi STL","analysis":{"keyphraseInTitle":{"score":9,"maxScore":9,"error":0},"keyphraseInDescription":{"score":9,"maxScore":9,"error":0},"keyphraseLength":{"score":9,"maxScore":9,"error":0,"length":3},"keyphraseInURL":{"score":5,"maxScore":5,"error":0},"keyphraseInIntroduction":{"score":3,"maxScore":9,"error":1},"keyphraseInSubHeadings":{"score":9,"maxScore":9,"error":0},"keyphraseInImageAlt":[],"keywordDensity":{"type":"best","score":9,"maxScore":9,"error":0}},"score":90},"additional":[]},"primary_term":null,"canonical_url":null,"og_title":null,"og_description":null,"og_object_type":"default","og_image_type":"default","og_image_url":null,"og_image_width":null,"og_image_height":null,"og_image_custom_url":null,"og_image_custom_fields":null,"og_video":"","og_custom_url":null,"og_article_section":null,"og_article_tags":null,"twitter_use_og":false,"twitter_card":"default","twitter_image_type":"default","twitter_image_url":null,"twitter_image_custom_url":null,"twitter_image_custom_fields":null,"twitter_title":null,"twitter_description":null,"schema":{"blockGraphs":[],"customGraphs":[],"default":{"data":{"Article":[],"Course":[],"Dataset":[],"FAQPage":[],"Movie":[],"Person":[],"Product":[],"ProductReview":[],"Car":[],"Recipe":[],"Service":[],"SoftwareApplication":[],"WebPage":[]},"graphName":"ItemPage","isEnabled":false},"graphs":[]},"schema_type":"default","schema_type_options":null,"pillar_content":false,"robots_default":false,"robots_noindex":false,"robots_noarchive":false,"robots_nosnippet":false,"robots_nofollow":false,"robots_noimageindex":false,"robots_noodp":false,"robots_notranslate":false,"robots_max_snippet":"-1","robots_max_videopreview":"-1","robots_max_imagepreview":"large","priority":null,"frequency":"default","local_seo":null,"seo_analyzer_scan_date":"2026-02-18 12:44:07","breadcrumb_settings":null,"limit_modified_date":false,"reviewed_by":null,"open_ai":"{\"title\":{\"suggestions\":[],\"usage\":0},\"description\":{\"suggestions\":[],\"usage\":0}}","ai":{"faqs":[],"keyPoints":[],"titles":[],"descriptions":[],"socialPosts":{"email":[],"linkedin":[],"twitter":[],"facebook":[],"instagram":[]}},"created":"2022-09-12 10:39:26","updated":"2026-02-18 12:44:07"},"aioseo_breadcrumb":"<div class=\"aioseo-breadcrumbs\"><span class=\"aioseo-breadcrumb\">\n\t<a href=\"https:\/\/enermak.com\/en\" title=\"Home\">Home<\/a>\n<\/span><span class=\"aioseo-breadcrumb-separator\">\u00bb<\/span><span class=\"aioseo-breadcrumb\">\n\t<a href=\"https:\/\/enermak.com\/en\/urunler\/\" title=\"\u00dcr\u00fcnler\">\u00dcr\u00fcnler<\/a>\n<\/span><span class=\"aioseo-breadcrumb-separator\">\u00bb<\/span><span class=\"aioseo-breadcrumb\">\n\t<a href=\"https:\/\/enermak.com\/en\/brand\/ibak\/\" title=\"IBAK\">IBAK<\/a>\n<\/span><span class=\"aioseo-breadcrumb-separator\">\u00bb<\/span><span class=\"aioseo-breadcrumb\">\n\tUydu Sistemi STL\n<\/span><\/div>","aioseo_breadcrumb_json":[{"label":"Home","link":"https:\/\/enermak.com\/en"},{"label":"\u00dcr\u00fcnler","link":"https:\/\/enermak.com\/en\/urunler\/"},{"label":"IBAK","link":"https:\/\/enermak.com\/en\/brand\/ibak\/"},{"label":"Uydu Sistemi STL","link":"https:\/\/enermak.com\/en\/urunler\/uydu-sistemi-stl\/"}],"_links":{"self":[{"href":"https:\/\/enermak.com\/en\/wp-json\/wp\/v2\/product\/9328","targetHints":{"allow":["GET"]}}],"collection":[{"href":"https:\/\/enermak.com\/en\/wp-json\/wp\/v2\/product"}],"about":[{"href":"https:\/\/enermak.com\/en\/wp-json\/wp\/v2\/types\/product"}],"version-history":[{"count":0,"href":"https:\/\/enermak.com\/en\/wp-json\/wp\/v2\/product\/9328\/revisions"}],"wp:featuredmedia":[{"embeddable":true,"href":"https:\/\/enermak.com\/en\/wp-json\/wp\/v2\/media\/9329"}],"wp:attachment":[{"href":"https:\/\/enermak.com\/en\/wp-json\/wp\/v2\/media?parent=9328"}],"wp:term":[{"taxonomy":"product_brand","embeddable":true,"href":"https:\/\/enermak.com\/en\/wp-json\/wp\/v2\/product_brand?post=9328"},{"taxonomy":"product_cat","embeddable":true,"href":"https:\/\/enermak.com\/en\/wp-json\/wp\/v2\/product_cat?post=9328"},{"taxonomy":"product_tag","embeddable":true,"href":"https:\/\/enermak.com\/en\/wp-json\/wp\/v2\/product_tag?post=9328"},{"taxonomy":"product_brands","embeddable":true,"href":"https:\/\/enermak.com\/en\/wp-json\/wp\/v2\/product_brands?post=9328"}],"curies":[{"name":"wp","href":"https:\/\/api.w.org\/{rel}","templated":true}]}}