{"id":9323,"date":"2022-05-05T12:31:03","date_gmt":"2022-05-05T09:31:03","guid":{"rendered":"http:\/\/isimmedya.com\/?post_type=product&#038;p=9323"},"modified":"2026-02-18T15:16:31","modified_gmt":"2026-02-18T12:16:31","slug":"drive-50-100-150-m-kanal-acma-makinesi","status":"publish","type":"product","link":"https:\/\/enermak.com\/en\/urunler\/drive-50-100-150-m-kanal-acma-makinesi\/","title":{"rendered":"Drive 50 \/ 100 \/ 150 m Kanal A\u00e7ma Makinesi"},"content":{"rendered":"<p><span style=\"color: #000000;\"><strong>Drive 50 \/ 100 \/ 150 m Kesme Robotu &#8211; Kanal A\u00e7ma Makinesi<\/strong><\/span><\/p>\n<ul>\n<li><span style=\"color: #000000;\">Kadar DN 400\/6 DN 150 k\u00fc\u00e7\u00fck ve ana kanalizasyon i\u00e7in \u00e7ok sa\u011flam kesme robotu &#8220;- 16&#8221;<\/span><\/li>\n<li><span style=\"color: #000000;\">Y\u00fcksek \u00e7al\u0131\u015fma esnekli\u011fi nedeniyle 3 serbestlik derecesi (s\u00fcr\u00fc\u015f hareketi, rotasyon ve kesme kolu d\u00f6ner) i\u00e7in<\/span><\/li>\n<li><span style=\"color: #000000;\">G\u00fc\u00e7l\u00fc hava ile \u00e7al\u0131\u015fan kesme motoru<\/span><\/li>\n<li><span style=\"color: #000000;\">D\u00f6ner torna ve s\u00fcr\u00fc\u015f i\u00e7in 2 joystick ile kablo uzaktan kumanda ile hassas \u00e7al\u0131\u015fma<\/span><\/li>\n<li><span style=\"color: #000000;\">Bas\u0131n\u00e7 demiryolu, su temizli\u011fi i\u00e7in ge\u00e7i\u015f anahtarlar\u0131, kesme kolunun d\u00f6nme h\u0131z\u0131, s\u00fcr\u00fc\u015f h\u0131z\u0131 ve b\u0131\u00e7ak motoru<\/span><\/li>\n<li><span style=\"color: #000000;\">I\u015f\u0131k kontrol\u00fc ve kablo davul d\u00f6n\u00fcm h\u0131z potansiyometresi (tek se\u00e7enek 030 11 600 &#8220;otomatik \u0130kinci Sevkiyat&#8221; ile birlikte aktif)<\/span><\/li>\n<li><span style=\"color: #000000;\">(17 &#8220;TFT monit\u00f6r standart kontrol \u00fcnitesi ihmal ve) vaka opsiyonel kullan\u0131labilir ile kontrol \u00fcnitesi S\u00dcR\u00dcC\u00dc<\/span><\/li>\n<li><span style=\"color: #000000;\">kablo uzaktan kumanda ve kablo tamburu madde numaras\u0131 020 22 000 IMS kesici S\u00dcR\u00dcC\u00dc ile birlikte kullan\u0131labilir \u0131\u015f\u0131k<\/span><\/li>\n<li><span style=\"color: #000000;\">LED ayd\u0131nlatma ile entegre renkli kamera sayesinde m\u00fckemmel kesim kontrol\u00fc, hava ve iste\u011fe ba\u011fl\u0131 de\u011fi\u015ftirilebilir su k\u0131zarma kal\u0131c\u0131 camer temizlik<\/span><\/li>\n<li><span style=\"color: #000000;\">Bas\u0131n\u00e7 demiryolu ile g\u00fc\u00e7l\u00fc ta\u015f\u0131ma yoluyla uzun s\u00fcrmek<\/span><\/li>\n<li><span style=\"color: #000000;\">Nominal \u00e7aplarda de\u011fi\u015ftirerek son derece k\u0131sa d\u00f6n\u00fc\u015f\u00fcm zaman\u0131<\/span><\/li>\n<li><span style=\"color: #000000;\">Rahat tedarik hortumu 100 m \/ 328 ft paket ya da 150 kablo tamburu \u00fczerinde m \/ 492 ft<\/span><\/li>\n<li><span style=\"color: #000000;\">Manuel makaralama, manuel el kol (opsiyonel) ile sarma veya otomatik makaraya sarma ile opsiyonel (iste\u011fe ba\u011fl\u0131)<\/span><\/li>\n<li><span style=\"color: #000000;\">\u0130ste\u011fe ba\u011fl\u0131 metre sayma dahil. veri y\u00fckleme<\/span><\/li>\n<li><span style=\"color: #000000;\">Ara\u00e7 montaj kiti opsiyonel<\/span><\/li>\n<li><span style=\"color: #000000;\">Robotun d\u00fc\u015f\u00fck a\u011f\u0131rl\u0131k vin\u00e7 veya vincin olmadan robotun devreye girmesine olanak<\/span><\/li>\n<li><span style=\"color: #000000;\">Kal\u0131c\u0131 i\u00e7 bas\u0131n\u00e7 izleme yoluyla hasar \u00f6nleme<\/span><\/li>\n<li><span style=\"color: #000000;\">Birlikte inceleme kafa M\u0130KRO ile de kullan\u0131labilir cam<\/span><\/li>\n<\/ul>","protected":false},"excerpt":{"rendered":"<h2>IMS ROBOTICS<\/h2>\n<h4>Drive 50 \/ 100 \/ 150 m<\/h4>","protected":false},"featured_media":9324,"template":"","meta":{"_bst_post_transparent":"default","_bst_post_title":"","_bst_post_layout":"default","_bst_post_sidebar_id":"","_bst_post_content_style":"default","_bst_post_vertical_padding":"default","_bst_post_feature":"","_bst_post_feature_position":"","_bst_post_header":false,"_bst_post_footer":false},"product_brand":[],"product_cat":[157,150],"product_tag":[865,866,864,871,1362,863,508,1361],"product_brands":[],"class_list":{"0":"post-9323","1":"product","2":"type-product","3":"status-publish","4":"has-post-thumbnail","6":"product_cat-kanal-goruntuleme","7":"product_cat-kanal-freze-ve-rehabilitasyon","8":"product_tag-drive-100","9":"product_tag-drive-150","10":"product_tag-drive-50","11":"product_tag-ims","12":"product_tag-kanal-acma-makinesi","13":"product_tag-kanal-freze","14":"product_tag-kanal-rehabilitasyon","15":"product_tag-kesme-robotu","17":"first","18":"instock","19":"shipping-taxable","20":"product-type-simple","21":"entry","22":"content-bg","23":"loop-entry"},"aioseo_notices":[],"aioseo_head":"\n\t\t<!-- All in One SEO Pro 4.9.6.2 - aioseo.com -->\n\t<meta name=\"description\" content=\"Altyap\u0131 ve \u015febeke tespitinde kullanabilece\u011finiz, profesy\u00f6nelli\u011finizi bir ad\u0131m ileri ta\u015f\u0131yacak bir \u00e7ok \u00fcr\u00fcn Enermak Enerji&#039;de.Kanal A\u00e7ma Makinesi\" \/>\n\t<meta name=\"robots\" content=\"max-snippet:-1, max-image-preview:large, max-video-preview:-1\" \/>\n\t<meta name=\"yandex-verification\" content=\"yandex-verification: 61c39bc218eec6a9\" \/>\n\t<link rel=\"canonical\" href=\"https:\/\/enermak.com\/en\/urunler\/drive-50-100-150-m-kanal-acma-makinesi\/\" \/>\n\t<meta name=\"generator\" content=\"All in One SEO Pro (AIOSEO) 4.9.6.2\" \/>\n\t\t<meta property=\"og:locale\" content=\"en_US\" \/>\n\t\t<meta property=\"og:site_name\" content=\"Enermak Enerji - Yeralt\u0131ndan Haberler\" \/>\n\t\t<meta property=\"og:type\" content=\"article\" \/>\n\t\t<meta property=\"og:title\" content=\"Drive 50 \/ 100 \/ 150 m Kanal A\u00e7ma Makinesi - Enermak Enerji\" \/>\n\t\t<meta property=\"og:description\" content=\"Altyap\u0131 ve \u015febeke tespitinde kullanabilece\u011finiz, profesy\u00f6nelli\u011finizi bir ad\u0131m ileri ta\u015f\u0131yacak bir \u00e7ok \u00fcr\u00fcn Enermak Enerji&#039;de.Kanal A\u00e7ma Makinesi\" \/>\n\t\t<meta property=\"og:url\" content=\"https:\/\/enermak.com\/en\/urunler\/drive-50-100-150-m-kanal-acma-makinesi\/\" \/>\n\t\t<meta property=\"og:image\" content=\"https:\/\/enermak.com\/wp-content\/uploads\/2022\/03\/logo-tr-1.png\" \/>\n\t\t<meta property=\"og:image:secure_url\" content=\"https:\/\/enermak.com\/wp-content\/uploads\/2022\/03\/logo-tr-1.png\" \/>\n\t\t<meta property=\"article:published_time\" content=\"2022-05-05T09:31:03+00:00\" \/>\n\t\t<meta property=\"article:modified_time\" content=\"2026-02-18T12:16:31+00:00\" \/>\n\t\t<meta property=\"article:publisher\" content=\"https:\/\/www.facebook.com\/YERALTINDANHABERLER\/\" \/>\n\t\t<meta name=\"twitter:card\" content=\"summary_large_image\" \/>\n\t\t<meta name=\"twitter:site\" content=\"@enerjienermak\" \/>\n\t\t<meta name=\"twitter:title\" content=\"Drive 50 \/ 100 \/ 150 m Kanal A\u00e7ma Makinesi - Enermak Enerji\" \/>\n\t\t<meta name=\"twitter:description\" content=\"Altyap\u0131 ve \u015febeke tespitinde kullanabilece\u011finiz, profesy\u00f6nelli\u011finizi bir ad\u0131m ileri ta\u015f\u0131yacak bir \u00e7ok \u00fcr\u00fcn Enermak Enerji&#039;de.Kanal A\u00e7ma Makinesi\" \/>\n\t\t<meta name=\"twitter:image\" content=\"https:\/\/enermak.com\/wp-content\/uploads\/2022\/03\/logo-tr-1.png\" \/>\n\t\t<script type=\"application\/ld+json\" class=\"aioseo-schema\">\n\t\t\t{\"@context\":\"https:\\\/\\\/schema.org\",\"@graph\":[{\"@type\":\"BreadcrumbList\",\"@id\":\"https:\\\/\\\/enermak.com\\\/en\\\/urunler\\\/drive-50-100-150-m-kanal-acma-makinesi\\\/#breadcrumblist\",\"itemListElement\":[{\"@type\":\"ListItem\",\"@id\":\"https:\\\/\\\/enermak.com\\\/en#listItem\",\"position\":1,\"name\":\"Home\",\"item\":\"https:\\\/\\\/enermak.com\\\/en\",\"nextItem\":{\"@type\":\"ListItem\",\"@id\":\"https:\\\/\\\/enermak.com\\\/en\\\/urunler\\\/#listItem\",\"name\":\"\\u00dcr\\u00fcnler\"}},{\"@type\":\"ListItem\",\"@id\":\"https:\\\/\\\/enermak.com\\\/en\\\/urunler\\\/#listItem\",\"position\":2,\"name\":\"\\u00dcr\\u00fcnler\",\"item\":\"https:\\\/\\\/enermak.com\\\/en\\\/urunler\\\/\",\"nextItem\":{\"@type\":\"ListItem\",\"@id\":\"https:\\\/\\\/enermak.com\\\/en\\\/urunler\\\/kategori\\\/kanal-freze-ve-rehabilitasyon\\\/#listItem\",\"name\":\"Kanal Freze ve Rehabilitasyon\"},\"previousItem\":{\"@type\":\"ListItem\",\"@id\":\"https:\\\/\\\/enermak.com\\\/en#listItem\",\"name\":\"Home\"}},{\"@type\":\"ListItem\",\"@id\":\"https:\\\/\\\/enermak.com\\\/en\\\/urunler\\\/kategori\\\/kanal-freze-ve-rehabilitasyon\\\/#listItem\",\"position\":3,\"name\":\"Kanal Freze ve Rehabilitasyon\",\"item\":\"https:\\\/\\\/enermak.com\\\/en\\\/urunler\\\/kategori\\\/kanal-freze-ve-rehabilitasyon\\\/\",\"nextItem\":{\"@type\":\"ListItem\",\"@id\":\"https:\\\/\\\/enermak.com\\\/en\\\/urunler\\\/drive-50-100-150-m-kanal-acma-makinesi\\\/#listItem\",\"name\":\"Drive 50 \\\/ 100 \\\/ 150 m Kanal A\\u00e7ma Makinesi\"},\"previousItem\":{\"@type\":\"ListItem\",\"@id\":\"https:\\\/\\\/enermak.com\\\/en\\\/urunler\\\/#listItem\",\"name\":\"\\u00dcr\\u00fcnler\"}},{\"@type\":\"ListItem\",\"@id\":\"https:\\\/\\\/enermak.com\\\/en\\\/urunler\\\/drive-50-100-150-m-kanal-acma-makinesi\\\/#listItem\",\"position\":4,\"name\":\"Drive 50 \\\/ 100 \\\/ 150 m Kanal A\\u00e7ma Makinesi\",\"previousItem\":{\"@type\":\"ListItem\",\"@id\":\"https:\\\/\\\/enermak.com\\\/en\\\/urunler\\\/kategori\\\/kanal-freze-ve-rehabilitasyon\\\/#listItem\",\"name\":\"Kanal Freze ve Rehabilitasyon\"}}]},{\"@type\":\"Organization\",\"@id\":\"https:\\\/\\\/enermak.com\\\/en\\\/#organization\",\"name\":\"Enermak Enerji\",\"description\":\"Yeralt\\u0131ndan Haberler\",\"url\":\"https:\\\/\\\/enermak.com\\\/en\\\/\",\"telephone\":\"+903123851102\",\"logo\":{\"@type\":\"ImageObject\",\"url\":\"https:\\\/\\\/enermak.com\\\/wp-content\\\/uploads\\\/2022\\\/03\\\/logo-tr-1.png\",\"@id\":\"https:\\\/\\\/enermak.com\\\/en\\\/urunler\\\/drive-50-100-150-m-kanal-acma-makinesi\\\/#organizationLogo\"},\"image\":{\"@id\":\"https:\\\/\\\/enermak.com\\\/en\\\/urunler\\\/drive-50-100-150-m-kanal-acma-makinesi\\\/#organizationLogo\"},\"sameAs\":[\"https:\\\/\\\/www.facebook.com\\\/YERALTINDANHABERLER\\\/\",\"https:\\\/\\\/twitter.com\\\/enerjienermak\",\"https:\\\/\\\/www.instagram.com\\\/enermakenerji\\\/\",\"https:\\\/\\\/www.youtube.com\\\/c\\\/EnermakEnerji\",\"https:\\\/\\\/www.linkedin.com\\\/in\\\/enermak\"]},{\"@type\":\"WebPage\",\"@id\":\"https:\\\/\\\/enermak.com\\\/en\\\/urunler\\\/drive-50-100-150-m-kanal-acma-makinesi\\\/#webpage\",\"url\":\"https:\\\/\\\/enermak.com\\\/en\\\/urunler\\\/drive-50-100-150-m-kanal-acma-makinesi\\\/\",\"name\":\"Drive 50 \\\/ 100 \\\/ 150 m Kanal A\\u00e7ma Makinesi - Enermak Enerji\",\"description\":\"Altyap\\u0131 ve \\u015febeke tespitinde kullanabilece\\u011finiz, profesy\\u00f6nelli\\u011finizi bir ad\\u0131m ileri ta\\u015f\\u0131yacak bir \\u00e7ok \\u00fcr\\u00fcn Enermak Enerji'de.Kanal A\\u00e7ma Makinesi\",\"inLanguage\":\"en-US\",\"isPartOf\":{\"@id\":\"https:\\\/\\\/enermak.com\\\/en\\\/#website\"},\"breadcrumb\":{\"@id\":\"https:\\\/\\\/enermak.com\\\/en\\\/urunler\\\/drive-50-100-150-m-kanal-acma-makinesi\\\/#breadcrumblist\"},\"image\":{\"@type\":\"ImageObject\",\"url\":\"https:\\\/\\\/enermak.com\\\/wp-content\\\/uploads\\\/2022\\\/05\\\/1056471.png\",\"@id\":\"https:\\\/\\\/enermak.com\\\/en\\\/urunler\\\/drive-50-100-150-m-kanal-acma-makinesi\\\/#mainImage\",\"width\":600,\"height\":600,\"caption\":\"Kanal A\\u00e7ma Makinesi\"},\"primaryImageOfPage\":{\"@id\":\"https:\\\/\\\/enermak.com\\\/en\\\/urunler\\\/drive-50-100-150-m-kanal-acma-makinesi\\\/#mainImage\"},\"datePublished\":\"2022-05-05T12:31:03+03:00\",\"dateModified\":\"2026-02-18T15:16:31+03:00\"},{\"@type\":\"WebSite\",\"@id\":\"https:\\\/\\\/enermak.com\\\/en\\\/#website\",\"url\":\"https:\\\/\\\/enermak.com\\\/en\\\/\",\"name\":\"Enermak Enerji\",\"alternateName\":\"Yeralt\\u0131ndan Haberler\",\"description\":\"Yeralt\\u0131ndan Haberler\",\"inLanguage\":\"en-US\",\"publisher\":{\"@id\":\"https:\\\/\\\/enermak.com\\\/en\\\/#organization\"}}]}\n\t\t<\/script>\n\t\t<!-- All in One SEO Pro -->\r\n\t\t<title>Drive 50 \/ 100 \/ 150 m Kanal A\u00e7ma Makinesi - Enermak Enerji<\/title>\n\n","aioseo_head_json":{"title":"Drive 50 \/ 100 \/ 150 m Kanal A\u00e7ma Makinesi - Enermak Enerji","description":"Altyap\u0131 ve \u015febeke tespitinde kullanabilece\u011finiz, profesy\u00f6nelli\u011finizi bir ad\u0131m ileri ta\u015f\u0131yacak bir \u00e7ok \u00fcr\u00fcn Enermak Enerji'de.Kanal A\u00e7ma Makinesi","canonical_url":"https:\/\/enermak.com\/en\/urunler\/drive-50-100-150-m-kanal-acma-makinesi\/","robots":"max-snippet:-1, max-image-preview:large, max-video-preview:-1","keywords":"","webmasterTools":{"yandex-verification":"yandex-verification: 61c39bc218eec6a9","miscellaneous":""},"schema":{"@context":"https:\/\/schema.org","@graph":[{"@type":"BreadcrumbList","@id":"https:\/\/enermak.com\/en\/urunler\/drive-50-100-150-m-kanal-acma-makinesi\/#breadcrumblist","itemListElement":[{"@type":"ListItem","@id":"https:\/\/enermak.com\/en#listItem","position":1,"name":"Home","item":"https:\/\/enermak.com\/en","nextItem":{"@type":"ListItem","@id":"https:\/\/enermak.com\/en\/urunler\/#listItem","name":"\u00dcr\u00fcnler"}},{"@type":"ListItem","@id":"https:\/\/enermak.com\/en\/urunler\/#listItem","position":2,"name":"\u00dcr\u00fcnler","item":"https:\/\/enermak.com\/en\/urunler\/","nextItem":{"@type":"ListItem","@id":"https:\/\/enermak.com\/en\/urunler\/kategori\/kanal-freze-ve-rehabilitasyon\/#listItem","name":"Kanal Freze ve Rehabilitasyon"},"previousItem":{"@type":"ListItem","@id":"https:\/\/enermak.com\/en#listItem","name":"Home"}},{"@type":"ListItem","@id":"https:\/\/enermak.com\/en\/urunler\/kategori\/kanal-freze-ve-rehabilitasyon\/#listItem","position":3,"name":"Kanal Freze ve Rehabilitasyon","item":"https:\/\/enermak.com\/en\/urunler\/kategori\/kanal-freze-ve-rehabilitasyon\/","nextItem":{"@type":"ListItem","@id":"https:\/\/enermak.com\/en\/urunler\/drive-50-100-150-m-kanal-acma-makinesi\/#listItem","name":"Drive 50 \/ 100 \/ 150 m Kanal A\u00e7ma Makinesi"},"previousItem":{"@type":"ListItem","@id":"https:\/\/enermak.com\/en\/urunler\/#listItem","name":"\u00dcr\u00fcnler"}},{"@type":"ListItem","@id":"https:\/\/enermak.com\/en\/urunler\/drive-50-100-150-m-kanal-acma-makinesi\/#listItem","position":4,"name":"Drive 50 \/ 100 \/ 150 m Kanal A\u00e7ma Makinesi","previousItem":{"@type":"ListItem","@id":"https:\/\/enermak.com\/en\/urunler\/kategori\/kanal-freze-ve-rehabilitasyon\/#listItem","name":"Kanal Freze ve Rehabilitasyon"}}]},{"@type":"Organization","@id":"https:\/\/enermak.com\/en\/#organization","name":"Enermak Enerji","description":"Yeralt\u0131ndan Haberler","url":"https:\/\/enermak.com\/en\/","telephone":"+903123851102","logo":{"@type":"ImageObject","url":"https:\/\/enermak.com\/wp-content\/uploads\/2022\/03\/logo-tr-1.png","@id":"https:\/\/enermak.com\/en\/urunler\/drive-50-100-150-m-kanal-acma-makinesi\/#organizationLogo"},"image":{"@id":"https:\/\/enermak.com\/en\/urunler\/drive-50-100-150-m-kanal-acma-makinesi\/#organizationLogo"},"sameAs":["https:\/\/www.facebook.com\/YERALTINDANHABERLER\/","https:\/\/twitter.com\/enerjienermak","https:\/\/www.instagram.com\/enermakenerji\/","https:\/\/www.youtube.com\/c\/EnermakEnerji","https:\/\/www.linkedin.com\/in\/enermak"]},{"@type":"WebPage","@id":"https:\/\/enermak.com\/en\/urunler\/drive-50-100-150-m-kanal-acma-makinesi\/#webpage","url":"https:\/\/enermak.com\/en\/urunler\/drive-50-100-150-m-kanal-acma-makinesi\/","name":"Drive 50 \/ 100 \/ 150 m Kanal A\u00e7ma Makinesi - Enermak Enerji","description":"Altyap\u0131 ve \u015febeke tespitinde kullanabilece\u011finiz, profesy\u00f6nelli\u011finizi bir ad\u0131m ileri ta\u015f\u0131yacak bir \u00e7ok \u00fcr\u00fcn Enermak Enerji'de.Kanal A\u00e7ma Makinesi","inLanguage":"en-US","isPartOf":{"@id":"https:\/\/enermak.com\/en\/#website"},"breadcrumb":{"@id":"https:\/\/enermak.com\/en\/urunler\/drive-50-100-150-m-kanal-acma-makinesi\/#breadcrumblist"},"image":{"@type":"ImageObject","url":"https:\/\/enermak.com\/wp-content\/uploads\/2022\/05\/1056471.png","@id":"https:\/\/enermak.com\/en\/urunler\/drive-50-100-150-m-kanal-acma-makinesi\/#mainImage","width":600,"height":600,"caption":"Kanal A\u00e7ma Makinesi"},"primaryImageOfPage":{"@id":"https:\/\/enermak.com\/en\/urunler\/drive-50-100-150-m-kanal-acma-makinesi\/#mainImage"},"datePublished":"2022-05-05T12:31:03+03:00","dateModified":"2026-02-18T15:16:31+03:00"},{"@type":"WebSite","@id":"https:\/\/enermak.com\/en\/#website","url":"https:\/\/enermak.com\/en\/","name":"Enermak Enerji","alternateName":"Yeralt\u0131ndan Haberler","description":"Yeralt\u0131ndan Haberler","inLanguage":"en-US","publisher":{"@id":"https:\/\/enermak.com\/en\/#organization"}}]},"og:locale":"en_US","og:site_name":"Enermak Enerji - Yeralt\u0131ndan Haberler","og:type":"article","og:title":"Drive 50 \/ 100 \/ 150 m Kanal A\u00e7ma Makinesi - Enermak Enerji","og:description":"Altyap\u0131 ve \u015febeke tespitinde kullanabilece\u011finiz, profesy\u00f6nelli\u011finizi bir ad\u0131m ileri ta\u015f\u0131yacak bir \u00e7ok \u00fcr\u00fcn Enermak Enerji'de.Kanal A\u00e7ma Makinesi","og:url":"https:\/\/enermak.com\/en\/urunler\/drive-50-100-150-m-kanal-acma-makinesi\/","og:image":"https:\/\/enermak.com\/wp-content\/uploads\/2022\/03\/logo-tr-1.png","og:image:secure_url":"https:\/\/enermak.com\/wp-content\/uploads\/2022\/03\/logo-tr-1.png","article:published_time":"2022-05-05T09:31:03+00:00","article:modified_time":"2026-02-18T12:16:31+00:00","article:publisher":"https:\/\/www.facebook.com\/YERALTINDANHABERLER\/","twitter:card":"summary_large_image","twitter:site":"@enerjienermak","twitter:title":"Drive 50 \/ 100 \/ 150 m Kanal A\u00e7ma Makinesi - Enermak Enerji","twitter:description":"Altyap\u0131 ve \u015febeke tespitinde kullanabilece\u011finiz, profesy\u00f6nelli\u011finizi bir ad\u0131m ileri ta\u015f\u0131yacak bir \u00e7ok \u00fcr\u00fcn Enermak Enerji'de.Kanal A\u00e7ma Makinesi","twitter:image":"https:\/\/enermak.com\/wp-content\/uploads\/2022\/03\/logo-tr-1.png"},"aioseo_meta_data":{"post_id":"9323","title":null,"description":"Altyap\u0131 ve \u015febeke tespitinde kullanabilece\u011finiz, profesy\u00f6nelli\u011finizi bir ad\u0131m ileri ta\u015f\u0131yacak bir \u00e7ok \u00fcr\u00fcn Enermak Enerji'de.Kanal A\u00e7ma Makinesi","keywords":null,"keyphrases":{"focus":{"keyphrase":"Kanal A\u00e7ma Makinesi","analysis":{"keyphraseInTitle":{"score":9,"maxScore":9,"error":0},"keyphraseInDescription":{"score":9,"maxScore":9,"error":0},"keyphraseLength":{"score":9,"maxScore":9,"error":0,"length":4},"keyphraseInURL":{"score":5,"maxScore":5,"error":0},"keyphraseInIntroduction":{"score":9,"maxScore":9,"error":0},"keyphraseInSubHeadings":[],"keyphraseInImageAlt":[],"keywordDensity":{"score":0,"type":"low","maxScore":9,"error":1}},"score":82},"additional":[]},"primary_term":null,"canonical_url":null,"og_title":null,"og_description":null,"og_object_type":"default","og_image_type":"default","og_image_url":null,"og_image_width":null,"og_image_height":null,"og_image_custom_url":null,"og_image_custom_fields":null,"og_video":"","og_custom_url":null,"og_article_section":null,"og_article_tags":null,"twitter_use_og":false,"twitter_card":"default","twitter_image_type":"default","twitter_image_url":null,"twitter_image_custom_url":null,"twitter_image_custom_fields":null,"twitter_title":null,"twitter_description":null,"schema":{"blockGraphs":[],"customGraphs":[],"default":{"data":{"Article":[],"Course":[],"Dataset":[],"FAQPage":[],"Movie":[],"Person":[],"Product":[],"ProductReview":[],"Car":[],"Recipe":[],"Service":[],"SoftwareApplication":[],"WebPage":[]},"graphName":"ItemPage","isEnabled":false},"graphs":[]},"schema_type":"default","schema_type_options":null,"pillar_content":false,"robots_default":false,"robots_noindex":false,"robots_noarchive":false,"robots_nosnippet":false,"robots_nofollow":false,"robots_noimageindex":false,"robots_noodp":false,"robots_notranslate":false,"robots_max_snippet":"-1","robots_max_videopreview":"-1","robots_max_imagepreview":"large","priority":null,"frequency":"default","local_seo":null,"seo_analyzer_scan_date":"2026-02-18 12:44:08","breadcrumb_settings":null,"limit_modified_date":false,"reviewed_by":null,"open_ai":"{\"title\":{\"suggestions\":[],\"usage\":0},\"description\":{\"suggestions\":[],\"usage\":0}}","ai":{"faqs":[],"keyPoints":[],"titles":[],"descriptions":[],"socialPosts":{"email":[],"linkedin":[],"twitter":[],"facebook":[],"instagram":[]}},"created":"2022-09-12 10:39:26","updated":"2026-02-18 12:44:08"},"aioseo_breadcrumb":"<div class=\"aioseo-breadcrumbs\"><span class=\"aioseo-breadcrumb\">\n\t<a href=\"https:\/\/enermak.com\/en\" title=\"Home\">Home<\/a>\n<\/span><span class=\"aioseo-breadcrumb-separator\">\u00bb<\/span><span class=\"aioseo-breadcrumb\">\n\t<a href=\"https:\/\/enermak.com\/en\/urunler\/\" title=\"\u00dcr\u00fcnler\">\u00dcr\u00fcnler<\/a>\n<\/span><span class=\"aioseo-breadcrumb-separator\">\u00bb<\/span><span class=\"aioseo-breadcrumb\">\n\t<a href=\"https:\/\/enermak.com\/en\/urunler\/kategori\/kanal-freze-ve-rehabilitasyon\/\" title=\"Kanal Freze ve Rehabilitasyon\">Kanal Freze ve Rehabilitasyon<\/a>\n<\/span><span class=\"aioseo-breadcrumb-separator\">\u00bb<\/span><span class=\"aioseo-breadcrumb\">\n\tDrive 50 \/ 100 \/ 150 m Kanal A\u00e7ma Makinesi\n<\/span><\/div>","aioseo_breadcrumb_json":[{"label":"Home","link":"https:\/\/enermak.com\/en"},{"label":"\u00dcr\u00fcnler","link":"https:\/\/enermak.com\/en\/urunler\/"},{"label":"Kanal Freze ve Rehabilitasyon","link":"https:\/\/enermak.com\/en\/urunler\/kategori\/kanal-freze-ve-rehabilitasyon\/"},{"label":"Drive 50 \/ 100 \/ 150 m Kanal A\u00e7ma Makinesi","link":"https:\/\/enermak.com\/en\/urunler\/drive-50-100-150-m-kanal-acma-makinesi\/"}],"_links":{"self":[{"href":"https:\/\/enermak.com\/en\/wp-json\/wp\/v2\/product\/9323","targetHints":{"allow":["GET"]}}],"collection":[{"href":"https:\/\/enermak.com\/en\/wp-json\/wp\/v2\/product"}],"about":[{"href":"https:\/\/enermak.com\/en\/wp-json\/wp\/v2\/types\/product"}],"version-history":[{"count":0,"href":"https:\/\/enermak.com\/en\/wp-json\/wp\/v2\/product\/9323\/revisions"}],"wp:featuredmedia":[{"embeddable":true,"href":"https:\/\/enermak.com\/en\/wp-json\/wp\/v2\/media\/9324"}],"wp:attachment":[{"href":"https:\/\/enermak.com\/en\/wp-json\/wp\/v2\/media?parent=9323"}],"wp:term":[{"taxonomy":"product_brand","embeddable":true,"href":"https:\/\/enermak.com\/en\/wp-json\/wp\/v2\/product_brand?post=9323"},{"taxonomy":"product_cat","embeddable":true,"href":"https:\/\/enermak.com\/en\/wp-json\/wp\/v2\/product_cat?post=9323"},{"taxonomy":"product_tag","embeddable":true,"href":"https:\/\/enermak.com\/en\/wp-json\/wp\/v2\/product_tag?post=9323"},{"taxonomy":"product_brands","embeddable":true,"href":"https:\/\/enermak.com\/en\/wp-json\/wp\/v2\/product_brands?post=9323"}],"curies":[{"name":"wp","href":"https:\/\/api.w.org\/{rel}","templated":true}]}}