{"id":9318,"date":"2022-05-05T12:27:55","date_gmt":"2022-05-05T09:27:55","guid":{"rendered":"http:\/\/isimmedya.com\/?post_type=product&#038;p=9318"},"modified":"2026-02-18T15:34:17","modified_gmt":"2026-02-18T12:34:17","slug":"micro-premium-50-m-70-m-kanal-freze","status":"publish","type":"product","link":"https:\/\/enermak.com\/en\/urunler\/micro-premium-50-m-70-m-kanal-freze\/","title":{"rendered":"MICRO premium 50 m \/ 70 m Kanal Freze"},"content":{"rendered":"<h2><strong>MICRO premium 50 m \/ 70 m Kanal Freze<\/strong><\/h2>\n<ul>\n<li>DN 80 (i\u00e7 \u00e7ap\u0131) &#8220;6 adede kadar&#8221; 150\/3 kadar borularda uygulama geni\u015f bir \u00fcr\u00fcn yelpazesi, DN 250\/10 kadar iste\u011fe ba\u011fl\u0131 uzat\u0131labilir &#8220;<\/li>\n<li>DN 100\/4 90 \u00b0 &#8216;ye kadar d\u00f6nen ve ma\u015fa ile virajlarda m\u00fckemmel esneklik nedeniyle Yakla\u015f\u0131k eksenel beslemesine y\u00fcksek \u00e7al\u0131\u015fma verimlili\u011fi. 100 mm \/ 4 &#8221; manuel ve otomatik s\u00fcr\u00fcnme ve t\u0131rmanma fonksiyonu ile zor boru durumlar\u0131nda da kullan\u0131labilir<\/li>\n<li>Pn\u00f6matik s\u0131kma \u00fcnitesi izinleri dikey borularda da kullanabilirsiniz<\/li>\n<li>Sadece \u00e7ok k\u00fc\u00e7\u00fck eri\u015fim a\u00e7\u0131kl\u0131klar\u0131 gerekli<\/li>\n<li>Uygun besleme hortumu 50 m \/ 164 ft paket ya 70 m \/ 230 ft<\/li>\n<li>\u0130ste\u011fe ba\u011fl\u0131 metre sayma dahil. veri y\u00fckleme<\/li>\n<li>G\u00fc\u00e7l\u00fc hava motoru ile son derece y\u00fcksek kesme kuvveti<\/li>\n<li>Kablo uzaktan kumanda ve \u00e7\u0131kar\u0131labilir Tablet PC esnek \u00e7al\u0131\u015fma (Tablet PC mevcut 016 54 060 opsiyonel)<\/li>\n<li>Dokunmatik ekran ile men\u00fc navigasyonu<\/li>\n<li>2 joystick ile kesicinin \u00e7ok hassas kontrol<\/li>\n<li>Hava ve su temizli\u011fi ile renkli kamera ile kesme i\u015fleminin kal\u0131c\u0131 g\u00f6zlem<\/li>\n<li>Kompakt paslanmaz \u00e7elik \u015fasi sayesinde b\u00fcy\u00fck bir hareketlilik kolayl\u0131k<\/li>\n<li>Ara\u00e7 montaj kiti opsiyonel<\/li>\n<li>Sinyalizasyon i\u00e7 bas\u0131n\u00e7 otomatik izlenmesi yoluyla hasar \u00f6nleme<\/li>\n<li>\u015eantiye ara\u00e7lar\u0131 ile aksesuarlar<\/li>\n<li>Farkl\u0131 kesme aletleri monte edilebilir<\/li>\n<li>Operat\u00f6r taraf\u0131ndan de\u011fi\u015ftirilebilir bile\u015fenlerin veya ekspres servis kullanmak suretiyle tamir durumunda asgari duru\u015f s\u00fcreleri (teklif \/ sipari\u015f \u015fartlar\u0131nda ayr\u0131nt\u0131l\u0131 bir a\u00e7\u0131klama bak\u0131n\u0131z)<\/li>\n<\/ul>\n<figure id=\"attachment_9321\" aria-describedby=\"caption-attachment-9321\" style=\"width: 600px\" class=\"wp-caption alignnone\"><img fetchpriority=\"high\" decoding=\"async\" class=\"size-full wp-image-9321\" src=\"https:\/\/enermak.com\/wp-content\/uploads\/2022\/05\/enermakMICRO_automatic_Fraesarm1.png\" alt=\"kanal freze\" width=\"600\" height=\"600\" srcset=\"https:\/\/enermak.com\/wp-content\/uploads\/2022\/05\/enermakMICRO_automatic_Fraesarm1.png 600w, https:\/\/enermak.com\/wp-content\/uploads\/2022\/05\/enermakMICRO_automatic_Fraesarm1-300x300.png 300w, https:\/\/enermak.com\/wp-content\/uploads\/2022\/05\/enermakMICRO_automatic_Fraesarm1-100x100.png 100w, https:\/\/enermak.com\/wp-content\/uploads\/2022\/05\/enermakMICRO_automatic_Fraesarm1-276x276.png 276w, https:\/\/enermak.com\/wp-content\/uploads\/2022\/05\/enermakMICRO_automatic_Fraesarm1-138x138.png 138w, https:\/\/enermak.com\/wp-content\/uploads\/2022\/05\/enermakMICRO_automatic_Fraesarm1-374x374.png 374w, https:\/\/enermak.com\/wp-content\/uploads\/2022\/05\/enermakMICRO_automatic_Fraesarm1-187x187.png 187w\" sizes=\"(max-width: 600px) 100vw, 600px\" \/><figcaption id=\"caption-attachment-9321\" class=\"wp-caption-text\">kanal freze<\/figcaption><\/figure>","protected":false},"excerpt":{"rendered":"<h3>IMS ROBOTICS<\/h3>\n<h3>Kanal Freze<\/h3>\n<h4>MICRO premium 50 m \/ 70 m<\/h4>","protected":false},"featured_media":9319,"template":"","meta":{"_bst_post_transparent":"default","_bst_post_title":"","_bst_post_layout":"default","_bst_post_sidebar_id":"","_bst_post_content_style":"default","_bst_post_vertical_padding":"default","_bst_post_feature":"","_bst_post_feature_position":"","_bst_post_header":false,"_bst_post_footer":false},"product_brand":[],"product_cat":[157,150],"product_tag":[256,859,860,863,508,858],"product_brands":[],"class_list":{"0":"post-9318","1":"product","2":"type-product","3":"status-publish","4":"has-post-thumbnail","6":"product_cat-kanal-goruntuleme","7":"product_cat-kanal-freze-ve-rehabilitasyon","8":"product_tag-dn-100","9":"product_tag-dn-250","10":"product_tag-hassas-kontrol","11":"product_tag-kanal-freze","12":"product_tag-kanal-rehabilitasyon","13":"product_tag-micro-premium","15":"first","16":"instock","17":"shipping-taxable","18":"product-type-simple","19":"entry","20":"content-bg","21":"loop-entry"},"aioseo_notices":[],"aioseo_head":"\n\t\t<!-- All in One SEO Pro 4.9.6.2 - aioseo.com -->\n\t<meta name=\"description\" content=\"Altyap\u0131 ve \u015febeke tespitinde kullanabilece\u011finiz, profesy\u00f6nelli\u011finizi bir ad\u0131m ileri ta\u015f\u0131yacak bir \u00e7ok \u00fcr\u00fcn Enermak Enerji&#039;de.Kanal Freze\" \/>\n\t<meta name=\"robots\" content=\"max-snippet:-1, max-image-preview:large, max-video-preview:-1\" \/>\n\t<meta name=\"yandex-verification\" content=\"yandex-verification: 61c39bc218eec6a9\" \/>\n\t<link rel=\"canonical\" href=\"https:\/\/enermak.com\/en\/urunler\/micro-premium-50-m-70-m-kanal-freze\/\" \/>\n\t<meta name=\"generator\" content=\"All in One SEO Pro (AIOSEO) 4.9.6.2\" \/>\n\t\t<meta property=\"og:locale\" content=\"en_US\" \/>\n\t\t<meta property=\"og:site_name\" content=\"Enermak Enerji - Yeralt\u0131ndan Haberler\" \/>\n\t\t<meta property=\"og:type\" content=\"article\" \/>\n\t\t<meta property=\"og:title\" content=\"MICRO premium 50 m \/ 70 m Kanal Freze - Enermak Enerji\" \/>\n\t\t<meta property=\"og:description\" content=\"Altyap\u0131 ve \u015febeke tespitinde kullanabilece\u011finiz, profesy\u00f6nelli\u011finizi bir ad\u0131m ileri ta\u015f\u0131yacak bir \u00e7ok \u00fcr\u00fcn Enermak Enerji&#039;de.Kanal Freze\" \/>\n\t\t<meta property=\"og:url\" content=\"https:\/\/enermak.com\/en\/urunler\/micro-premium-50-m-70-m-kanal-freze\/\" \/>\n\t\t<meta property=\"og:image\" content=\"https:\/\/enermak.com\/wp-content\/uploads\/2022\/03\/logo-tr-1.png\" \/>\n\t\t<meta property=\"og:image:secure_url\" content=\"https:\/\/enermak.com\/wp-content\/uploads\/2022\/03\/logo-tr-1.png\" \/>\n\t\t<meta property=\"article:published_time\" content=\"2022-05-05T09:27:55+00:00\" \/>\n\t\t<meta property=\"article:modified_time\" content=\"2026-02-18T12:34:17+00:00\" \/>\n\t\t<meta property=\"article:publisher\" content=\"https:\/\/www.facebook.com\/YERALTINDANHABERLER\/\" \/>\n\t\t<meta name=\"twitter:card\" content=\"summary_large_image\" \/>\n\t\t<meta name=\"twitter:site\" content=\"@enerjienermak\" \/>\n\t\t<meta name=\"twitter:title\" content=\"MICRO premium 50 m \/ 70 m Kanal Freze - Enermak Enerji\" \/>\n\t\t<meta name=\"twitter:description\" content=\"Altyap\u0131 ve \u015febeke tespitinde kullanabilece\u011finiz, profesy\u00f6nelli\u011finizi bir ad\u0131m ileri ta\u015f\u0131yacak bir \u00e7ok \u00fcr\u00fcn Enermak Enerji&#039;de.Kanal Freze\" \/>\n\t\t<meta name=\"twitter:image\" content=\"https:\/\/enermak.com\/wp-content\/uploads\/2022\/03\/logo-tr-1.png\" \/>\n\t\t<script type=\"application\/ld+json\" class=\"aioseo-schema\">\n\t\t\t{\"@context\":\"https:\\\/\\\/schema.org\",\"@graph\":[{\"@type\":\"BreadcrumbList\",\"@id\":\"https:\\\/\\\/enermak.com\\\/en\\\/urunler\\\/micro-premium-50-m-70-m-kanal-freze\\\/#breadcrumblist\",\"itemListElement\":[{\"@type\":\"ListItem\",\"@id\":\"https:\\\/\\\/enermak.com\\\/en#listItem\",\"position\":1,\"name\":\"Home\",\"item\":\"https:\\\/\\\/enermak.com\\\/en\",\"nextItem\":{\"@type\":\"ListItem\",\"@id\":\"https:\\\/\\\/enermak.com\\\/en\\\/urunler\\\/#listItem\",\"name\":\"\\u00dcr\\u00fcnler\"}},{\"@type\":\"ListItem\",\"@id\":\"https:\\\/\\\/enermak.com\\\/en\\\/urunler\\\/#listItem\",\"position\":2,\"name\":\"\\u00dcr\\u00fcnler\",\"item\":\"https:\\\/\\\/enermak.com\\\/en\\\/urunler\\\/\",\"nextItem\":{\"@type\":\"ListItem\",\"@id\":\"https:\\\/\\\/enermak.com\\\/en\\\/urunler\\\/kategori\\\/kanal-freze-ve-rehabilitasyon\\\/#listItem\",\"name\":\"Kanal Freze ve Rehabilitasyon\"},\"previousItem\":{\"@type\":\"ListItem\",\"@id\":\"https:\\\/\\\/enermak.com\\\/en#listItem\",\"name\":\"Home\"}},{\"@type\":\"ListItem\",\"@id\":\"https:\\\/\\\/enermak.com\\\/en\\\/urunler\\\/kategori\\\/kanal-freze-ve-rehabilitasyon\\\/#listItem\",\"position\":3,\"name\":\"Kanal Freze ve Rehabilitasyon\",\"item\":\"https:\\\/\\\/enermak.com\\\/en\\\/urunler\\\/kategori\\\/kanal-freze-ve-rehabilitasyon\\\/\",\"nextItem\":{\"@type\":\"ListItem\",\"@id\":\"https:\\\/\\\/enermak.com\\\/en\\\/urunler\\\/micro-premium-50-m-70-m-kanal-freze\\\/#listItem\",\"name\":\"MICRO premium 50 m \\\/ 70 m Kanal Freze\"},\"previousItem\":{\"@type\":\"ListItem\",\"@id\":\"https:\\\/\\\/enermak.com\\\/en\\\/urunler\\\/#listItem\",\"name\":\"\\u00dcr\\u00fcnler\"}},{\"@type\":\"ListItem\",\"@id\":\"https:\\\/\\\/enermak.com\\\/en\\\/urunler\\\/micro-premium-50-m-70-m-kanal-freze\\\/#listItem\",\"position\":4,\"name\":\"MICRO premium 50 m \\\/ 70 m Kanal Freze\",\"previousItem\":{\"@type\":\"ListItem\",\"@id\":\"https:\\\/\\\/enermak.com\\\/en\\\/urunler\\\/kategori\\\/kanal-freze-ve-rehabilitasyon\\\/#listItem\",\"name\":\"Kanal Freze ve Rehabilitasyon\"}}]},{\"@type\":\"Organization\",\"@id\":\"https:\\\/\\\/enermak.com\\\/en\\\/#organization\",\"name\":\"Enermak Enerji\",\"description\":\"Yeralt\\u0131ndan Haberler\",\"url\":\"https:\\\/\\\/enermak.com\\\/en\\\/\",\"telephone\":\"+903123851102\",\"logo\":{\"@type\":\"ImageObject\",\"url\":\"https:\\\/\\\/enermak.com\\\/wp-content\\\/uploads\\\/2022\\\/03\\\/logo-tr-1.png\",\"@id\":\"https:\\\/\\\/enermak.com\\\/en\\\/urunler\\\/micro-premium-50-m-70-m-kanal-freze\\\/#organizationLogo\"},\"image\":{\"@id\":\"https:\\\/\\\/enermak.com\\\/en\\\/urunler\\\/micro-premium-50-m-70-m-kanal-freze\\\/#organizationLogo\"},\"sameAs\":[\"https:\\\/\\\/www.facebook.com\\\/YERALTINDANHABERLER\\\/\",\"https:\\\/\\\/twitter.com\\\/enerjienermak\",\"https:\\\/\\\/www.instagram.com\\\/enermakenerji\\\/\",\"https:\\\/\\\/www.youtube.com\\\/c\\\/EnermakEnerji\",\"https:\\\/\\\/www.linkedin.com\\\/in\\\/enermak\"]},{\"@type\":\"WebPage\",\"@id\":\"https:\\\/\\\/enermak.com\\\/en\\\/urunler\\\/micro-premium-50-m-70-m-kanal-freze\\\/#webpage\",\"url\":\"https:\\\/\\\/enermak.com\\\/en\\\/urunler\\\/micro-premium-50-m-70-m-kanal-freze\\\/\",\"name\":\"MICRO premium 50 m \\\/ 70 m Kanal Freze - Enermak Enerji\",\"description\":\"Altyap\\u0131 ve \\u015febeke tespitinde kullanabilece\\u011finiz, profesy\\u00f6nelli\\u011finizi bir ad\\u0131m ileri ta\\u015f\\u0131yacak bir \\u00e7ok \\u00fcr\\u00fcn Enermak Enerji'de.Kanal Freze\",\"inLanguage\":\"en-US\",\"isPartOf\":{\"@id\":\"https:\\\/\\\/enermak.com\\\/en\\\/#website\"},\"breadcrumb\":{\"@id\":\"https:\\\/\\\/enermak.com\\\/en\\\/urunler\\\/micro-premium-50-m-70-m-kanal-freze\\\/#breadcrumblist\"},\"image\":{\"@type\":\"ImageObject\",\"url\":\"https:\\\/\\\/enermak.com\\\/wp-content\\\/uploads\\\/2022\\\/05\\\/1063801.png\",\"@id\":\"https:\\\/\\\/enermak.com\\\/en\\\/urunler\\\/micro-premium-50-m-70-m-kanal-freze\\\/#mainImage\",\"width\":600,\"height\":600,\"caption\":\"Kanal Freze\"},\"primaryImageOfPage\":{\"@id\":\"https:\\\/\\\/enermak.com\\\/en\\\/urunler\\\/micro-premium-50-m-70-m-kanal-freze\\\/#mainImage\"},\"datePublished\":\"2022-05-05T12:27:55+03:00\",\"dateModified\":\"2026-02-18T15:34:17+03:00\"},{\"@type\":\"WebSite\",\"@id\":\"https:\\\/\\\/enermak.com\\\/en\\\/#website\",\"url\":\"https:\\\/\\\/enermak.com\\\/en\\\/\",\"name\":\"Enermak Enerji\",\"alternateName\":\"Yeralt\\u0131ndan Haberler\",\"description\":\"Yeralt\\u0131ndan Haberler\",\"inLanguage\":\"en-US\",\"publisher\":{\"@id\":\"https:\\\/\\\/enermak.com\\\/en\\\/#organization\"}}]}\n\t\t<\/script>\n\t\t<!-- All in One SEO Pro -->\r\n\t\t<title>MICRO premium 50 m \/ 70 m Kanal Freze - Enermak Enerji<\/title>\n\n","aioseo_head_json":{"title":"MICRO premium 50 m \/ 70 m Kanal Freze - Enermak Enerji","description":"Altyap\u0131 ve \u015febeke tespitinde kullanabilece\u011finiz, profesy\u00f6nelli\u011finizi bir ad\u0131m ileri ta\u015f\u0131yacak bir \u00e7ok \u00fcr\u00fcn Enermak Enerji'de.Kanal Freze","canonical_url":"https:\/\/enermak.com\/en\/urunler\/micro-premium-50-m-70-m-kanal-freze\/","robots":"max-snippet:-1, max-image-preview:large, max-video-preview:-1","keywords":"","webmasterTools":{"yandex-verification":"yandex-verification: 61c39bc218eec6a9","miscellaneous":""},"schema":{"@context":"https:\/\/schema.org","@graph":[{"@type":"BreadcrumbList","@id":"https:\/\/enermak.com\/en\/urunler\/micro-premium-50-m-70-m-kanal-freze\/#breadcrumblist","itemListElement":[{"@type":"ListItem","@id":"https:\/\/enermak.com\/en#listItem","position":1,"name":"Home","item":"https:\/\/enermak.com\/en","nextItem":{"@type":"ListItem","@id":"https:\/\/enermak.com\/en\/urunler\/#listItem","name":"\u00dcr\u00fcnler"}},{"@type":"ListItem","@id":"https:\/\/enermak.com\/en\/urunler\/#listItem","position":2,"name":"\u00dcr\u00fcnler","item":"https:\/\/enermak.com\/en\/urunler\/","nextItem":{"@type":"ListItem","@id":"https:\/\/enermak.com\/en\/urunler\/kategori\/kanal-freze-ve-rehabilitasyon\/#listItem","name":"Kanal Freze ve Rehabilitasyon"},"previousItem":{"@type":"ListItem","@id":"https:\/\/enermak.com\/en#listItem","name":"Home"}},{"@type":"ListItem","@id":"https:\/\/enermak.com\/en\/urunler\/kategori\/kanal-freze-ve-rehabilitasyon\/#listItem","position":3,"name":"Kanal Freze ve Rehabilitasyon","item":"https:\/\/enermak.com\/en\/urunler\/kategori\/kanal-freze-ve-rehabilitasyon\/","nextItem":{"@type":"ListItem","@id":"https:\/\/enermak.com\/en\/urunler\/micro-premium-50-m-70-m-kanal-freze\/#listItem","name":"MICRO premium 50 m \/ 70 m Kanal Freze"},"previousItem":{"@type":"ListItem","@id":"https:\/\/enermak.com\/en\/urunler\/#listItem","name":"\u00dcr\u00fcnler"}},{"@type":"ListItem","@id":"https:\/\/enermak.com\/en\/urunler\/micro-premium-50-m-70-m-kanal-freze\/#listItem","position":4,"name":"MICRO premium 50 m \/ 70 m Kanal Freze","previousItem":{"@type":"ListItem","@id":"https:\/\/enermak.com\/en\/urunler\/kategori\/kanal-freze-ve-rehabilitasyon\/#listItem","name":"Kanal Freze ve Rehabilitasyon"}}]},{"@type":"Organization","@id":"https:\/\/enermak.com\/en\/#organization","name":"Enermak Enerji","description":"Yeralt\u0131ndan Haberler","url":"https:\/\/enermak.com\/en\/","telephone":"+903123851102","logo":{"@type":"ImageObject","url":"https:\/\/enermak.com\/wp-content\/uploads\/2022\/03\/logo-tr-1.png","@id":"https:\/\/enermak.com\/en\/urunler\/micro-premium-50-m-70-m-kanal-freze\/#organizationLogo"},"image":{"@id":"https:\/\/enermak.com\/en\/urunler\/micro-premium-50-m-70-m-kanal-freze\/#organizationLogo"},"sameAs":["https:\/\/www.facebook.com\/YERALTINDANHABERLER\/","https:\/\/twitter.com\/enerjienermak","https:\/\/www.instagram.com\/enermakenerji\/","https:\/\/www.youtube.com\/c\/EnermakEnerji","https:\/\/www.linkedin.com\/in\/enermak"]},{"@type":"WebPage","@id":"https:\/\/enermak.com\/en\/urunler\/micro-premium-50-m-70-m-kanal-freze\/#webpage","url":"https:\/\/enermak.com\/en\/urunler\/micro-premium-50-m-70-m-kanal-freze\/","name":"MICRO premium 50 m \/ 70 m Kanal Freze - Enermak Enerji","description":"Altyap\u0131 ve \u015febeke tespitinde kullanabilece\u011finiz, profesy\u00f6nelli\u011finizi bir ad\u0131m ileri ta\u015f\u0131yacak bir \u00e7ok \u00fcr\u00fcn Enermak Enerji'de.Kanal Freze","inLanguage":"en-US","isPartOf":{"@id":"https:\/\/enermak.com\/en\/#website"},"breadcrumb":{"@id":"https:\/\/enermak.com\/en\/urunler\/micro-premium-50-m-70-m-kanal-freze\/#breadcrumblist"},"image":{"@type":"ImageObject","url":"https:\/\/enermak.com\/wp-content\/uploads\/2022\/05\/1063801.png","@id":"https:\/\/enermak.com\/en\/urunler\/micro-premium-50-m-70-m-kanal-freze\/#mainImage","width":600,"height":600,"caption":"Kanal Freze"},"primaryImageOfPage":{"@id":"https:\/\/enermak.com\/en\/urunler\/micro-premium-50-m-70-m-kanal-freze\/#mainImage"},"datePublished":"2022-05-05T12:27:55+03:00","dateModified":"2026-02-18T15:34:17+03:00"},{"@type":"WebSite","@id":"https:\/\/enermak.com\/en\/#website","url":"https:\/\/enermak.com\/en\/","name":"Enermak Enerji","alternateName":"Yeralt\u0131ndan Haberler","description":"Yeralt\u0131ndan Haberler","inLanguage":"en-US","publisher":{"@id":"https:\/\/enermak.com\/en\/#organization"}}]},"og:locale":"en_US","og:site_name":"Enermak Enerji - Yeralt\u0131ndan Haberler","og:type":"article","og:title":"MICRO premium 50 m \/ 70 m Kanal Freze - Enermak Enerji","og:description":"Altyap\u0131 ve \u015febeke tespitinde kullanabilece\u011finiz, profesy\u00f6nelli\u011finizi bir ad\u0131m ileri ta\u015f\u0131yacak bir \u00e7ok \u00fcr\u00fcn Enermak Enerji'de.Kanal Freze","og:url":"https:\/\/enermak.com\/en\/urunler\/micro-premium-50-m-70-m-kanal-freze\/","og:image":"https:\/\/enermak.com\/wp-content\/uploads\/2022\/03\/logo-tr-1.png","og:image:secure_url":"https:\/\/enermak.com\/wp-content\/uploads\/2022\/03\/logo-tr-1.png","article:published_time":"2022-05-05T09:27:55+00:00","article:modified_time":"2026-02-18T12:34:17+00:00","article:publisher":"https:\/\/www.facebook.com\/YERALTINDANHABERLER\/","twitter:card":"summary_large_image","twitter:site":"@enerjienermak","twitter:title":"MICRO premium 50 m \/ 70 m Kanal Freze - Enermak Enerji","twitter:description":"Altyap\u0131 ve \u015febeke tespitinde kullanabilece\u011finiz, profesy\u00f6nelli\u011finizi bir ad\u0131m ileri ta\u015f\u0131yacak bir \u00e7ok \u00fcr\u00fcn Enermak Enerji'de.Kanal Freze","twitter:image":"https:\/\/enermak.com\/wp-content\/uploads\/2022\/03\/logo-tr-1.png"},"aioseo_meta_data":{"post_id":"9318","title":null,"description":"Altyap\u0131 ve \u015febeke tespitinde kullanabilece\u011finiz, profesy\u00f6nelli\u011finizi bir ad\u0131m ileri ta\u015f\u0131yacak bir \u00e7ok \u00fcr\u00fcn Enermak Enerji'de.Kanal Freze","keywords":null,"keyphrases":{"focus":{"keyphrase":"Kanal Freze","analysis":{"keyphraseInTitle":{"score":9,"maxScore":9,"error":0},"keyphraseInDescription":{"score":9,"maxScore":9,"error":0},"keyphraseLength":{"score":9,"maxScore":9,"error":0,"length":2},"keyphraseInURL":{"score":5,"maxScore":5,"error":0},"keyphraseInIntroduction":{"score":3,"maxScore":9,"error":1},"keyphraseInSubHeadings":{"score":9,"maxScore":9,"error":0},"keyphraseInImageAlt":{"score":9,"maxScore":9,"error":0},"keywordDensity":{"type":"best","score":9,"maxScore":9,"error":0}},"score":91},"additional":[]},"primary_term":null,"canonical_url":null,"og_title":null,"og_description":null,"og_object_type":"default","og_image_type":"default","og_image_url":null,"og_image_width":null,"og_image_height":null,"og_image_custom_url":null,"og_image_custom_fields":null,"og_video":"","og_custom_url":null,"og_article_section":null,"og_article_tags":null,"twitter_use_og":false,"twitter_card":"default","twitter_image_type":"default","twitter_image_url":null,"twitter_image_custom_url":null,"twitter_image_custom_fields":null,"twitter_title":null,"twitter_description":null,"schema":{"blockGraphs":[],"customGraphs":[],"default":{"data":{"Article":[],"Course":[],"Dataset":[],"FAQPage":[],"Movie":[],"Person":[],"Product":[],"ProductReview":[],"Car":[],"Recipe":[],"Service":[],"SoftwareApplication":[],"WebPage":[]},"graphName":"ItemPage","isEnabled":false},"graphs":[]},"schema_type":"default","schema_type_options":null,"pillar_content":false,"robots_default":false,"robots_noindex":false,"robots_noarchive":false,"robots_nosnippet":false,"robots_nofollow":false,"robots_noimageindex":false,"robots_noodp":false,"robots_notranslate":false,"robots_max_snippet":"-1","robots_max_videopreview":"-1","robots_max_imagepreview":"large","priority":null,"frequency":"default","local_seo":null,"seo_analyzer_scan_date":"2026-02-18 12:44:08","breadcrumb_settings":null,"limit_modified_date":false,"reviewed_by":null,"open_ai":"{\"title\":{\"suggestions\":[],\"usage\":0},\"description\":{\"suggestions\":[],\"usage\":0}}","ai":null,"created":"2022-09-12 10:39:26","updated":"2026-02-18 12:44:08"},"aioseo_breadcrumb":"<div class=\"aioseo-breadcrumbs\"><span class=\"aioseo-breadcrumb\">\n\t<a href=\"https:\/\/enermak.com\/en\" title=\"Home\">Home<\/a>\n<\/span><span class=\"aioseo-breadcrumb-separator\">\u00bb<\/span><span class=\"aioseo-breadcrumb\">\n\t<a href=\"https:\/\/enermak.com\/en\/urunler\/\" title=\"\u00dcr\u00fcnler\">\u00dcr\u00fcnler<\/a>\n<\/span><span class=\"aioseo-breadcrumb-separator\">\u00bb<\/span><span class=\"aioseo-breadcrumb\">\n\t<a href=\"https:\/\/enermak.com\/en\/urunler\/kategori\/kanal-freze-ve-rehabilitasyon\/\" title=\"Kanal Freze ve Rehabilitasyon\">Kanal Freze ve Rehabilitasyon<\/a>\n<\/span><span class=\"aioseo-breadcrumb-separator\">\u00bb<\/span><span class=\"aioseo-breadcrumb\">\n\tMICRO premium 50 m \/ 70 m Kanal Freze\n<\/span><\/div>","aioseo_breadcrumb_json":[{"label":"Home","link":"https:\/\/enermak.com\/en"},{"label":"\u00dcr\u00fcnler","link":"https:\/\/enermak.com\/en\/urunler\/"},{"label":"Kanal Freze ve Rehabilitasyon","link":"https:\/\/enermak.com\/en\/urunler\/kategori\/kanal-freze-ve-rehabilitasyon\/"},{"label":"MICRO premium 50 m \/ 70 m Kanal Freze","link":"https:\/\/enermak.com\/en\/urunler\/micro-premium-50-m-70-m-kanal-freze\/"}],"_links":{"self":[{"href":"https:\/\/enermak.com\/en\/wp-json\/wp\/v2\/product\/9318","targetHints":{"allow":["GET"]}}],"collection":[{"href":"https:\/\/enermak.com\/en\/wp-json\/wp\/v2\/product"}],"about":[{"href":"https:\/\/enermak.com\/en\/wp-json\/wp\/v2\/types\/product"}],"version-history":[{"count":0,"href":"https:\/\/enermak.com\/en\/wp-json\/wp\/v2\/product\/9318\/revisions"}],"wp:featuredmedia":[{"embeddable":true,"href":"https:\/\/enermak.com\/en\/wp-json\/wp\/v2\/media\/9319"}],"wp:attachment":[{"href":"https:\/\/enermak.com\/en\/wp-json\/wp\/v2\/media?parent=9318"}],"wp:term":[{"taxonomy":"product_brand","embeddable":true,"href":"https:\/\/enermak.com\/en\/wp-json\/wp\/v2\/product_brand?post=9318"},{"taxonomy":"product_cat","embeddable":true,"href":"https:\/\/enermak.com\/en\/wp-json\/wp\/v2\/product_cat?post=9318"},{"taxonomy":"product_tag","embeddable":true,"href":"https:\/\/enermak.com\/en\/wp-json\/wp\/v2\/product_tag?post=9318"},{"taxonomy":"product_brands","embeddable":true,"href":"https:\/\/enermak.com\/en\/wp-json\/wp\/v2\/product_brands?post=9318"}],"curies":[{"name":"wp","href":"https:\/\/api.w.org\/{rel}","templated":true}]}}