{"id":9312,"date":"2022-05-05T12:24:31","date_gmt":"2022-05-05T09:24:31","guid":{"rendered":"http:\/\/isimmedya.com\/?post_type=product&#038;p=9312"},"modified":"2026-02-18T15:34:28","modified_gmt":"2026-02-18T12:34:28","slug":"micro-light-kanalizasyon-acma-makinesi","status":"publish","type":"product","link":"https:\/\/enermak.com\/en\/urunler\/micro-light-kanalizasyon-acma-makinesi\/","title":{"rendered":"MICRO light Kanalizasyon A\u00e7ma Makinesi"},"content":{"rendered":"<h2><strong>MICRO light Kanalizasyon A\u00e7ma Makinesi<\/strong><\/h2>\n<ul>\n<li>Kanalizasyon A\u00e7ma Makinesi, D\u00f6n\u00fc\u015f\u00fcm \u00e7al\u0131\u015fmas\u0131 olmadan DN 80 (i\u00e7 \u00e7ap\u0131) &#8220;yukar\u0131 6&#8221; DN 150\/3 kadar borularda uygulama geni\u015f bir \u00fcr\u00fcn yelpazesi, iste\u011fe ba\u011fl\u0131 uzat\u0131labilir kadar DN 250\/10 &#8220;<\/li>\n<li>DN 100\/4 90 \u00b0 &#8216;ye kadar d\u00f6nen ve ma\u015fa ile virajlarda m\u00fckemmel esneklik<\/li>\n<li>Pn\u00f6matik s\u0131kma \u00fcnitesi izinleri dikey borularda da kullanabilirsiniz<\/li>\n<li>Kablo uzaktan kumanda ile ayr\u0131 ayr\u0131 kontrol edilebilir birimi s\u0131kma<\/li>\n<li>Sadece \u00e7ok k\u00fc\u00e7\u00fck eri\u015fim a\u00e7\u0131kl\u0131klar\u0131 gerekli<\/li>\n<li>30 m \/ 98,40 ft uygun besleme hortumu paketi<\/li>\n<li>G\u00fc\u00e7l\u00fc hava motoru ile son derece y\u00fcksek kesme kuvveti<\/li>\n<li>Kablo uzaktan kumanda ile esnek \u00e7al\u0131\u015fma<\/li>\n<li>Joystick ile kesicinin \u00e7ok hassas kontrol<\/li>\n<li>Hava temizleme kesme kolunda nedeniyle entegre renkli kamera i\u015fleminin kesim s\u00fcrekli izlenmesi<\/li>\n<li>Kompakt \u015fasi sayesinde b\u00fcy\u00fck bir hareketlilik kolayl\u0131k<\/li>\n<li>Sinyalizasyon i\u00e7 bas\u0131n\u00e7 otomatik izlenmesi yoluyla hasar \u00f6nleme<\/li>\n<li>Fiberglas derin boru ekleme m\u00fcmk\u00fcn \u00e7ubuk itme<\/li>\n<li>De\u011fi\u015fken kesme aletleri monte edilebilir<\/li>\n<li>Operat\u00f6r taraf\u0131ndan de\u011fi\u015ftirilebilir bile\u015fenlerin veya ekspres servis kullanmak suretiyle tamir durumunda asgari duru\u015f s\u00fcreleri (teklif \/ sipari\u015f \u015fartlar\u0131nda ayr\u0131nt\u0131l\u0131 bir a\u00e7\u0131klama bak\u0131n\u0131z)<\/li>\n<li>M\u0130KRO y\u00fckseltilebilir otomatik herhangi bir zamanda<\/li>\n<\/ul>\n<figure id=\"attachment_9315\" aria-describedby=\"caption-attachment-9315\" style=\"width: 1186px\" class=\"wp-caption alignnone\"><img fetchpriority=\"high\" decoding=\"async\" class=\"size-full wp-image-9315\" src=\"https:\/\/enermak.com\/wp-content\/uploads\/2022\/05\/enermakmicro-light1.jpg\" alt=\"kanalizasyon a\u00e7ma makinesi\" width=\"1186\" height=\"450\" srcset=\"https:\/\/enermak.com\/wp-content\/uploads\/2022\/05\/enermakmicro-light1.jpg 640w, https:\/\/enermak.com\/wp-content\/uploads\/2022\/05\/enermakmicro-light1-600x228.jpg 600w\" sizes=\"(max-width: 1186px) 100vw, 1186px\" \/><figcaption id=\"caption-attachment-9315\" class=\"wp-caption-text\">kanalizasyon a\u00e7ma makinesi<\/figcaption><\/figure>","protected":false},"excerpt":{"rendered":"<h2>IMS ROBOTICS<\/h2>\n<h3>MICRO light Kanalizasyon a\u00e7ma makinesi<\/h3>\n<p>&nbsp;<\/p>","protected":false},"featured_media":9313,"template":"","meta":{"_bst_post_transparent":"default","_bst_post_title":"","_bst_post_layout":"default","_bst_post_sidebar_id":"","_bst_post_content_style":"default","_bst_post_vertical_padding":"default","_bst_post_feature":"","_bst_post_feature_position":"","_bst_post_header":false,"_bst_post_footer":false},"product_brand":[],"product_cat":[157,150],"product_tag":[256,859,887,863,508,1363,890],"product_brands":[],"class_list":{"0":"post-9312","1":"product","2":"type-product","3":"status-publish","4":"has-post-thumbnail","6":"product_cat-kanal-goruntuleme","7":"product_cat-kanal-freze-ve-rehabilitasyon","8":"product_tag-dn-100","9":"product_tag-dn-250","10":"product_tag-hasar-onleme","11":"product_tag-kanal-freze","12":"product_tag-kanal-rehabilitasyon","13":"product_tag-kanalizasyon-acma-makinesi","14":"product_tag-pnomatik-sikma","16":"first","17":"instock","18":"shipping-taxable","19":"product-type-simple","20":"entry","21":"content-bg","22":"loop-entry"},"aioseo_notices":[],"aioseo_head":"\n\t\t<!-- All in One SEO Pro 4.9.5.2 - aioseo.com -->\n\t<meta name=\"description\" content=\"Altyap\u0131 ve \u015febeke tespitinde kullanabilece\u011finiz, profesy\u00f6nelli\u011finizi bir ad\u0131m ileri ta\u015f\u0131yacak bir \u00e7ok \u00fcr\u00fcn Enermak Enerji&#039;de.Kanalizasyon A\u00e7ma Makinesi\" \/>\n\t<meta name=\"robots\" content=\"max-snippet:-1, max-image-preview:large, max-video-preview:-1\" \/>\n\t<meta name=\"yandex-verification\" content=\"yandex-verification: 61c39bc218eec6a9\" \/>\n\t<link rel=\"canonical\" href=\"https:\/\/enermak.com\/en\/urunler\/micro-light-kanalizasyon-acma-makinesi\/\" \/>\n\t<meta name=\"generator\" content=\"All in One SEO Pro (AIOSEO) 4.9.5.2\" \/>\n\t\t<meta property=\"og:locale\" content=\"en_US\" \/>\n\t\t<meta property=\"og:site_name\" content=\"Enermak Enerji - Yeralt\u0131ndan Haberler\" \/>\n\t\t<meta property=\"og:type\" content=\"article\" \/>\n\t\t<meta property=\"og:title\" content=\"MICRO light Kanalizasyon A\u00e7ma Makinesi - Enermak Enerji\" \/>\n\t\t<meta property=\"og:description\" content=\"Altyap\u0131 ve \u015febeke tespitinde kullanabilece\u011finiz, profesy\u00f6nelli\u011finizi bir ad\u0131m ileri ta\u015f\u0131yacak bir \u00e7ok \u00fcr\u00fcn Enermak Enerji&#039;de.Kanalizasyon A\u00e7ma Makinesi\" \/>\n\t\t<meta property=\"og:url\" content=\"https:\/\/enermak.com\/en\/urunler\/micro-light-kanalizasyon-acma-makinesi\/\" \/>\n\t\t<meta property=\"og:image\" content=\"https:\/\/enermak.com\/wp-content\/uploads\/2022\/03\/logo-tr-1.png\" \/>\n\t\t<meta property=\"og:image:secure_url\" content=\"https:\/\/enermak.com\/wp-content\/uploads\/2022\/03\/logo-tr-1.png\" \/>\n\t\t<meta property=\"article:published_time\" content=\"2022-05-05T09:24:31+00:00\" \/>\n\t\t<meta property=\"article:modified_time\" content=\"2026-02-18T12:34:28+00:00\" \/>\n\t\t<meta property=\"article:publisher\" content=\"https:\/\/www.facebook.com\/YERALTINDANHABERLER\/\" \/>\n\t\t<meta name=\"twitter:card\" content=\"summary_large_image\" \/>\n\t\t<meta name=\"twitter:site\" content=\"@enerjienermak\" \/>\n\t\t<meta name=\"twitter:title\" content=\"MICRO light Kanalizasyon A\u00e7ma Makinesi - Enermak Enerji\" \/>\n\t\t<meta name=\"twitter:description\" content=\"Altyap\u0131 ve \u015febeke tespitinde kullanabilece\u011finiz, profesy\u00f6nelli\u011finizi bir ad\u0131m ileri ta\u015f\u0131yacak bir \u00e7ok \u00fcr\u00fcn Enermak Enerji&#039;de.Kanalizasyon A\u00e7ma Makinesi\" \/>\n\t\t<meta name=\"twitter:image\" content=\"https:\/\/enermak.com\/wp-content\/uploads\/2022\/03\/logo-tr-1.png\" \/>\n\t\t<script type=\"application\/ld+json\" class=\"aioseo-schema\">\n\t\t\t{\"@context\":\"https:\\\/\\\/schema.org\",\"@graph\":[{\"@type\":\"BreadcrumbList\",\"@id\":\"https:\\\/\\\/enermak.com\\\/en\\\/urunler\\\/micro-light-kanalizasyon-acma-makinesi\\\/#breadcrumblist\",\"itemListElement\":[{\"@type\":\"ListItem\",\"@id\":\"https:\\\/\\\/enermak.com\\\/en#listItem\",\"position\":1,\"name\":\"Home\",\"item\":\"https:\\\/\\\/enermak.com\\\/en\",\"nextItem\":{\"@type\":\"ListItem\",\"@id\":\"https:\\\/\\\/enermak.com\\\/en\\\/urunler\\\/#listItem\",\"name\":\"\\u00dcr\\u00fcnler\"}},{\"@type\":\"ListItem\",\"@id\":\"https:\\\/\\\/enermak.com\\\/en\\\/urunler\\\/#listItem\",\"position\":2,\"name\":\"\\u00dcr\\u00fcnler\",\"item\":\"https:\\\/\\\/enermak.com\\\/en\\\/urunler\\\/\",\"nextItem\":{\"@type\":\"ListItem\",\"@id\":\"https:\\\/\\\/enermak.com\\\/en\\\/urunler\\\/kategori\\\/kanal-freze-ve-rehabilitasyon\\\/#listItem\",\"name\":\"Kanal Freze ve Rehabilitasyon\"},\"previousItem\":{\"@type\":\"ListItem\",\"@id\":\"https:\\\/\\\/enermak.com\\\/en#listItem\",\"name\":\"Home\"}},{\"@type\":\"ListItem\",\"@id\":\"https:\\\/\\\/enermak.com\\\/en\\\/urunler\\\/kategori\\\/kanal-freze-ve-rehabilitasyon\\\/#listItem\",\"position\":3,\"name\":\"Kanal Freze ve Rehabilitasyon\",\"item\":\"https:\\\/\\\/enermak.com\\\/en\\\/urunler\\\/kategori\\\/kanal-freze-ve-rehabilitasyon\\\/\",\"nextItem\":{\"@type\":\"ListItem\",\"@id\":\"https:\\\/\\\/enermak.com\\\/en\\\/urunler\\\/micro-light-kanalizasyon-acma-makinesi\\\/#listItem\",\"name\":\"MICRO light Kanalizasyon A\\u00e7ma Makinesi\"},\"previousItem\":{\"@type\":\"ListItem\",\"@id\":\"https:\\\/\\\/enermak.com\\\/en\\\/urunler\\\/#listItem\",\"name\":\"\\u00dcr\\u00fcnler\"}},{\"@type\":\"ListItem\",\"@id\":\"https:\\\/\\\/enermak.com\\\/en\\\/urunler\\\/micro-light-kanalizasyon-acma-makinesi\\\/#listItem\",\"position\":4,\"name\":\"MICRO light Kanalizasyon A\\u00e7ma Makinesi\",\"previousItem\":{\"@type\":\"ListItem\",\"@id\":\"https:\\\/\\\/enermak.com\\\/en\\\/urunler\\\/kategori\\\/kanal-freze-ve-rehabilitasyon\\\/#listItem\",\"name\":\"Kanal Freze ve Rehabilitasyon\"}}]},{\"@type\":\"ItemPage\",\"@id\":\"https:\\\/\\\/enermak.com\\\/en\\\/urunler\\\/micro-light-kanalizasyon-acma-makinesi\\\/#itempage\",\"url\":\"https:\\\/\\\/enermak.com\\\/en\\\/urunler\\\/micro-light-kanalizasyon-acma-makinesi\\\/\",\"name\":\"MICRO light Kanalizasyon A\\u00e7ma Makinesi - Enermak Enerji\",\"description\":\"Altyap\\u0131 ve \\u015febeke tespitinde kullanabilece\\u011finiz, profesy\\u00f6nelli\\u011finizi bir ad\\u0131m ileri ta\\u015f\\u0131yacak bir \\u00e7ok \\u00fcr\\u00fcn Enermak Enerji'de.Kanalizasyon A\\u00e7ma Makinesi\",\"inLanguage\":\"en-US\",\"isPartOf\":{\"@id\":\"https:\\\/\\\/enermak.com\\\/en\\\/#website\"},\"breadcrumb\":{\"@id\":\"https:\\\/\\\/enermak.com\\\/en\\\/urunler\\\/micro-light-kanalizasyon-acma-makinesi\\\/#breadcrumblist\"},\"image\":{\"@type\":\"ImageObject\",\"url\":\"https:\\\/\\\/enermak.com\\\/wp-content\\\/uploads\\\/2022\\\/05\\\/1072911.png\",\"@id\":\"https:\\\/\\\/enermak.com\\\/en\\\/urunler\\\/micro-light-kanalizasyon-acma-makinesi\\\/#mainImage\",\"width\":600,\"height\":600,\"caption\":\"Kanalizasyon A\\u00e7ma Makinesi\"},\"primaryImageOfPage\":{\"@id\":\"https:\\\/\\\/enermak.com\\\/en\\\/urunler\\\/micro-light-kanalizasyon-acma-makinesi\\\/#mainImage\"},\"datePublished\":\"2022-05-05T12:24:31+03:00\",\"dateModified\":\"2026-02-18T15:34:28+03:00\"},{\"@type\":\"Organization\",\"@id\":\"https:\\\/\\\/enermak.com\\\/en\\\/#organization\",\"name\":\"Enermak Enerji\",\"description\":\"Yeralt\\u0131ndan Haberler\",\"url\":\"https:\\\/\\\/enermak.com\\\/en\\\/\",\"telephone\":\"+903123851102\",\"logo\":{\"@type\":\"ImageObject\",\"url\":\"https:\\\/\\\/enermak.com\\\/wp-content\\\/uploads\\\/2022\\\/03\\\/logo-tr-1.png\",\"@id\":\"https:\\\/\\\/enermak.com\\\/en\\\/urunler\\\/micro-light-kanalizasyon-acma-makinesi\\\/#organizationLogo\"},\"image\":{\"@id\":\"https:\\\/\\\/enermak.com\\\/en\\\/urunler\\\/micro-light-kanalizasyon-acma-makinesi\\\/#organizationLogo\"},\"sameAs\":[\"https:\\\/\\\/www.facebook.com\\\/YERALTINDANHABERLER\\\/\",\"https:\\\/\\\/twitter.com\\\/enerjienermak\",\"https:\\\/\\\/www.instagram.com\\\/enermakenerji\\\/\",\"https:\\\/\\\/www.youtube.com\\\/c\\\/EnermakEnerji\",\"https:\\\/\\\/www.linkedin.com\\\/in\\\/enermak\"]},{\"@type\":\"WebPage\",\"@id\":\"https:\\\/\\\/enermak.com\\\/en\\\/urunler\\\/micro-light-kanalizasyon-acma-makinesi\\\/#webpage\",\"url\":\"https:\\\/\\\/enermak.com\\\/en\\\/urunler\\\/micro-light-kanalizasyon-acma-makinesi\\\/\",\"name\":\"MICRO light Kanalizasyon A\\u00e7ma Makinesi - Enermak Enerji\",\"description\":\"Altyap\\u0131 ve \\u015febeke tespitinde kullanabilece\\u011finiz, profesy\\u00f6nelli\\u011finizi bir ad\\u0131m ileri ta\\u015f\\u0131yacak bir \\u00e7ok \\u00fcr\\u00fcn Enermak Enerji'de.Kanalizasyon A\\u00e7ma Makinesi\",\"inLanguage\":\"en-US\",\"isPartOf\":{\"@id\":\"https:\\\/\\\/enermak.com\\\/en\\\/#website\"},\"breadcrumb\":{\"@id\":\"https:\\\/\\\/enermak.com\\\/en\\\/urunler\\\/micro-light-kanalizasyon-acma-makinesi\\\/#breadcrumblist\"},\"image\":{\"@type\":\"ImageObject\",\"url\":\"https:\\\/\\\/enermak.com\\\/wp-content\\\/uploads\\\/2022\\\/05\\\/1072911.png\",\"@id\":\"https:\\\/\\\/enermak.com\\\/en\\\/urunler\\\/micro-light-kanalizasyon-acma-makinesi\\\/#mainImage\",\"width\":600,\"height\":600,\"caption\":\"Kanalizasyon A\\u00e7ma Makinesi\"},\"primaryImageOfPage\":{\"@id\":\"https:\\\/\\\/enermak.com\\\/en\\\/urunler\\\/micro-light-kanalizasyon-acma-makinesi\\\/#mainImage\"},\"datePublished\":\"2022-05-05T12:24:31+03:00\",\"dateModified\":\"2026-02-18T15:34:28+03:00\"},{\"@type\":\"WebSite\",\"@id\":\"https:\\\/\\\/enermak.com\\\/en\\\/#website\",\"url\":\"https:\\\/\\\/enermak.com\\\/en\\\/\",\"name\":\"Enermak Enerji\",\"alternateName\":\"Yeralt\\u0131ndan Haberler\",\"description\":\"Yeralt\\u0131ndan Haberler\",\"inLanguage\":\"en-US\",\"publisher\":{\"@id\":\"https:\\\/\\\/enermak.com\\\/en\\\/#organization\"}}]}\n\t\t<\/script>\n\t\t<!-- All in One SEO Pro -->\r\n\t\t<title>MICRO light Kanalizasyon A\u00e7ma Makinesi - Enermak Enerji<\/title>\n\n","aioseo_head_json":{"title":"MICRO light Kanalizasyon A\u00e7ma Makinesi - Enermak Enerji","description":"Altyap\u0131 ve \u015febeke tespitinde kullanabilece\u011finiz, profesy\u00f6nelli\u011finizi bir ad\u0131m ileri ta\u015f\u0131yacak bir \u00e7ok \u00fcr\u00fcn Enermak Enerji'de.Kanalizasyon A\u00e7ma Makinesi","canonical_url":"https:\/\/enermak.com\/en\/urunler\/micro-light-kanalizasyon-acma-makinesi\/","robots":"max-snippet:-1, max-image-preview:large, max-video-preview:-1","keywords":"","webmasterTools":{"yandex-verification":"yandex-verification: 61c39bc218eec6a9","miscellaneous":""},"schema":{"@context":"https:\/\/schema.org","@graph":[{"@type":"BreadcrumbList","@id":"https:\/\/enermak.com\/en\/urunler\/micro-light-kanalizasyon-acma-makinesi\/#breadcrumblist","itemListElement":[{"@type":"ListItem","@id":"https:\/\/enermak.com\/en#listItem","position":1,"name":"Home","item":"https:\/\/enermak.com\/en","nextItem":{"@type":"ListItem","@id":"https:\/\/enermak.com\/en\/urunler\/#listItem","name":"\u00dcr\u00fcnler"}},{"@type":"ListItem","@id":"https:\/\/enermak.com\/en\/urunler\/#listItem","position":2,"name":"\u00dcr\u00fcnler","item":"https:\/\/enermak.com\/en\/urunler\/","nextItem":{"@type":"ListItem","@id":"https:\/\/enermak.com\/en\/urunler\/kategori\/kanal-freze-ve-rehabilitasyon\/#listItem","name":"Kanal Freze ve Rehabilitasyon"},"previousItem":{"@type":"ListItem","@id":"https:\/\/enermak.com\/en#listItem","name":"Home"}},{"@type":"ListItem","@id":"https:\/\/enermak.com\/en\/urunler\/kategori\/kanal-freze-ve-rehabilitasyon\/#listItem","position":3,"name":"Kanal Freze ve Rehabilitasyon","item":"https:\/\/enermak.com\/en\/urunler\/kategori\/kanal-freze-ve-rehabilitasyon\/","nextItem":{"@type":"ListItem","@id":"https:\/\/enermak.com\/en\/urunler\/micro-light-kanalizasyon-acma-makinesi\/#listItem","name":"MICRO light Kanalizasyon A\u00e7ma Makinesi"},"previousItem":{"@type":"ListItem","@id":"https:\/\/enermak.com\/en\/urunler\/#listItem","name":"\u00dcr\u00fcnler"}},{"@type":"ListItem","@id":"https:\/\/enermak.com\/en\/urunler\/micro-light-kanalizasyon-acma-makinesi\/#listItem","position":4,"name":"MICRO light Kanalizasyon A\u00e7ma Makinesi","previousItem":{"@type":"ListItem","@id":"https:\/\/enermak.com\/en\/urunler\/kategori\/kanal-freze-ve-rehabilitasyon\/#listItem","name":"Kanal Freze ve Rehabilitasyon"}}]},{"@type":"ItemPage","@id":"https:\/\/enermak.com\/en\/urunler\/micro-light-kanalizasyon-acma-makinesi\/#itempage","url":"https:\/\/enermak.com\/en\/urunler\/micro-light-kanalizasyon-acma-makinesi\/","name":"MICRO light Kanalizasyon A\u00e7ma Makinesi - Enermak Enerji","description":"Altyap\u0131 ve \u015febeke tespitinde kullanabilece\u011finiz, profesy\u00f6nelli\u011finizi bir ad\u0131m ileri ta\u015f\u0131yacak bir \u00e7ok \u00fcr\u00fcn Enermak Enerji'de.Kanalizasyon A\u00e7ma Makinesi","inLanguage":"en-US","isPartOf":{"@id":"https:\/\/enermak.com\/en\/#website"},"breadcrumb":{"@id":"https:\/\/enermak.com\/en\/urunler\/micro-light-kanalizasyon-acma-makinesi\/#breadcrumblist"},"image":{"@type":"ImageObject","url":"https:\/\/enermak.com\/wp-content\/uploads\/2022\/05\/1072911.png","@id":"https:\/\/enermak.com\/en\/urunler\/micro-light-kanalizasyon-acma-makinesi\/#mainImage","width":600,"height":600,"caption":"Kanalizasyon A\u00e7ma Makinesi"},"primaryImageOfPage":{"@id":"https:\/\/enermak.com\/en\/urunler\/micro-light-kanalizasyon-acma-makinesi\/#mainImage"},"datePublished":"2022-05-05T12:24:31+03:00","dateModified":"2026-02-18T15:34:28+03:00"},{"@type":"Organization","@id":"https:\/\/enermak.com\/en\/#organization","name":"Enermak Enerji","description":"Yeralt\u0131ndan Haberler","url":"https:\/\/enermak.com\/en\/","telephone":"+903123851102","logo":{"@type":"ImageObject","url":"https:\/\/enermak.com\/wp-content\/uploads\/2022\/03\/logo-tr-1.png","@id":"https:\/\/enermak.com\/en\/urunler\/micro-light-kanalizasyon-acma-makinesi\/#organizationLogo"},"image":{"@id":"https:\/\/enermak.com\/en\/urunler\/micro-light-kanalizasyon-acma-makinesi\/#organizationLogo"},"sameAs":["https:\/\/www.facebook.com\/YERALTINDANHABERLER\/","https:\/\/twitter.com\/enerjienermak","https:\/\/www.instagram.com\/enermakenerji\/","https:\/\/www.youtube.com\/c\/EnermakEnerji","https:\/\/www.linkedin.com\/in\/enermak"]},{"@type":"WebPage","@id":"https:\/\/enermak.com\/en\/urunler\/micro-light-kanalizasyon-acma-makinesi\/#webpage","url":"https:\/\/enermak.com\/en\/urunler\/micro-light-kanalizasyon-acma-makinesi\/","name":"MICRO light Kanalizasyon A\u00e7ma Makinesi - Enermak Enerji","description":"Altyap\u0131 ve \u015febeke tespitinde kullanabilece\u011finiz, profesy\u00f6nelli\u011finizi bir ad\u0131m ileri ta\u015f\u0131yacak bir \u00e7ok \u00fcr\u00fcn Enermak Enerji'de.Kanalizasyon A\u00e7ma Makinesi","inLanguage":"en-US","isPartOf":{"@id":"https:\/\/enermak.com\/en\/#website"},"breadcrumb":{"@id":"https:\/\/enermak.com\/en\/urunler\/micro-light-kanalizasyon-acma-makinesi\/#breadcrumblist"},"image":{"@type":"ImageObject","url":"https:\/\/enermak.com\/wp-content\/uploads\/2022\/05\/1072911.png","@id":"https:\/\/enermak.com\/en\/urunler\/micro-light-kanalizasyon-acma-makinesi\/#mainImage","width":600,"height":600,"caption":"Kanalizasyon A\u00e7ma Makinesi"},"primaryImageOfPage":{"@id":"https:\/\/enermak.com\/en\/urunler\/micro-light-kanalizasyon-acma-makinesi\/#mainImage"},"datePublished":"2022-05-05T12:24:31+03:00","dateModified":"2026-02-18T15:34:28+03:00"},{"@type":"WebSite","@id":"https:\/\/enermak.com\/en\/#website","url":"https:\/\/enermak.com\/en\/","name":"Enermak Enerji","alternateName":"Yeralt\u0131ndan Haberler","description":"Yeralt\u0131ndan Haberler","inLanguage":"en-US","publisher":{"@id":"https:\/\/enermak.com\/en\/#organization"}}]},"og:locale":"en_US","og:site_name":"Enermak Enerji - Yeralt\u0131ndan Haberler","og:type":"article","og:title":"MICRO light Kanalizasyon A\u00e7ma Makinesi - Enermak Enerji","og:description":"Altyap\u0131 ve \u015febeke tespitinde kullanabilece\u011finiz, profesy\u00f6nelli\u011finizi bir ad\u0131m ileri ta\u015f\u0131yacak bir \u00e7ok \u00fcr\u00fcn Enermak Enerji'de.Kanalizasyon A\u00e7ma Makinesi","og:url":"https:\/\/enermak.com\/en\/urunler\/micro-light-kanalizasyon-acma-makinesi\/","og:image":"https:\/\/enermak.com\/wp-content\/uploads\/2022\/03\/logo-tr-1.png","og:image:secure_url":"https:\/\/enermak.com\/wp-content\/uploads\/2022\/03\/logo-tr-1.png","article:published_time":"2022-05-05T09:24:31+00:00","article:modified_time":"2026-02-18T12:34:28+00:00","article:publisher":"https:\/\/www.facebook.com\/YERALTINDANHABERLER\/","twitter:card":"summary_large_image","twitter:site":"@enerjienermak","twitter:title":"MICRO light Kanalizasyon A\u00e7ma Makinesi - Enermak Enerji","twitter:description":"Altyap\u0131 ve \u015febeke tespitinde kullanabilece\u011finiz, profesy\u00f6nelli\u011finizi bir ad\u0131m ileri ta\u015f\u0131yacak bir \u00e7ok \u00fcr\u00fcn Enermak Enerji'de.Kanalizasyon A\u00e7ma Makinesi","twitter:image":"https:\/\/enermak.com\/wp-content\/uploads\/2022\/03\/logo-tr-1.png"},"aioseo_meta_data":{"post_id":"9312","title":null,"description":"Altyap\u0131 ve \u015febeke tespitinde kullanabilece\u011finiz, profesy\u00f6nelli\u011finizi bir ad\u0131m ileri ta\u015f\u0131yacak bir \u00e7ok \u00fcr\u00fcn Enermak Enerji'de.Kanalizasyon A\u00e7ma Makinesi","keywords":null,"keyphrases":{"focus":{"keyphrase":"Kanalizasyon A\u00e7ma Makinesi","analysis":{"keyphraseInTitle":{"score":9,"maxScore":9,"error":0},"keyphraseInDescription":{"score":9,"maxScore":9,"error":0},"keyphraseLength":{"score":9,"maxScore":9,"error":0,"length":4},"keyphraseInURL":{"score":1,"maxScore":5,"error":1},"keyphraseInIntroduction":{"score":9,"maxScore":9,"error":0},"keyphraseInSubHeadings":{"score":9,"maxScore":9,"error":0},"keyphraseInImageAlt":{"score":9,"maxScore":9,"error":0},"keywordDensity":{"type":"best","score":9,"maxScore":9,"error":0}},"score":94},"additional":[]},"primary_term":null,"canonical_url":null,"og_title":null,"og_description":null,"og_object_type":"default","og_image_type":"default","og_image_url":null,"og_image_width":null,"og_image_height":null,"og_image_custom_url":null,"og_image_custom_fields":null,"og_video":"","og_custom_url":null,"og_article_section":null,"og_article_tags":null,"twitter_use_og":false,"twitter_card":"default","twitter_image_type":"default","twitter_image_url":null,"twitter_image_custom_url":null,"twitter_image_custom_fields":null,"twitter_title":null,"twitter_description":null,"schema":{"blockGraphs":[],"customGraphs":[],"default":{"data":{"Article":[],"Course":[],"Dataset":[],"FAQPage":[],"Movie":[],"Person":[],"Product":[],"ProductReview":[],"Car":[],"Recipe":[],"Service":[],"SoftwareApplication":[],"WebPage":[]},"graphName":"ItemPage","isEnabled":true},"graphs":[]},"schema_type":"default","schema_type_options":null,"pillar_content":false,"robots_default":false,"robots_noindex":false,"robots_noarchive":false,"robots_nosnippet":false,"robots_nofollow":false,"robots_noimageindex":false,"robots_noodp":false,"robots_notranslate":false,"robots_max_snippet":"-1","robots_max_videopreview":"-1","robots_max_imagepreview":"large","priority":null,"frequency":"default","local_seo":null,"seo_analyzer_scan_date":"2026-02-18 12:44:08","breadcrumb_settings":null,"limit_modified_date":false,"reviewed_by":null,"open_ai":"{\"title\":{\"suggestions\":[],\"usage\":0},\"description\":{\"suggestions\":[],\"usage\":0}}","ai":null,"created":"2022-09-12 10:39:26","updated":"2026-02-18 12:44:08"},"aioseo_breadcrumb":"<div class=\"aioseo-breadcrumbs\"><span class=\"aioseo-breadcrumb\">\n\t<a href=\"https:\/\/enermak.com\/en\" title=\"Home\">Home<\/a>\n<\/span><span class=\"aioseo-breadcrumb-separator\">\u00bb<\/span><span class=\"aioseo-breadcrumb\">\n\t<a href=\"https:\/\/enermak.com\/en\/urunler\/\" title=\"\u00dcr\u00fcnler\">\u00dcr\u00fcnler<\/a>\n<\/span><span class=\"aioseo-breadcrumb-separator\">\u00bb<\/span><span class=\"aioseo-breadcrumb\">\n\t<a href=\"https:\/\/enermak.com\/en\/urunler\/kategori\/kanal-freze-ve-rehabilitasyon\/\" title=\"Kanal Freze ve Rehabilitasyon\">Kanal Freze ve Rehabilitasyon<\/a>\n<\/span><span class=\"aioseo-breadcrumb-separator\">\u00bb<\/span><span class=\"aioseo-breadcrumb\">\n\tMICRO light Kanalizasyon A\u00e7ma Makinesi\n<\/span><\/div>","aioseo_breadcrumb_json":[{"label":"Home","link":"https:\/\/enermak.com\/en"},{"label":"\u00dcr\u00fcnler","link":"https:\/\/enermak.com\/en\/urunler\/"},{"label":"Kanal Freze ve Rehabilitasyon","link":"https:\/\/enermak.com\/en\/urunler\/kategori\/kanal-freze-ve-rehabilitasyon\/"},{"label":"MICRO light Kanalizasyon A\u00e7ma Makinesi","link":"https:\/\/enermak.com\/en\/urunler\/micro-light-kanalizasyon-acma-makinesi\/"}],"_links":{"self":[{"href":"https:\/\/enermak.com\/en\/wp-json\/wp\/v2\/product\/9312","targetHints":{"allow":["GET"]}}],"collection":[{"href":"https:\/\/enermak.com\/en\/wp-json\/wp\/v2\/product"}],"about":[{"href":"https:\/\/enermak.com\/en\/wp-json\/wp\/v2\/types\/product"}],"version-history":[{"count":0,"href":"https:\/\/enermak.com\/en\/wp-json\/wp\/v2\/product\/9312\/revisions"}],"wp:featuredmedia":[{"embeddable":true,"href":"https:\/\/enermak.com\/en\/wp-json\/wp\/v2\/media\/9313"}],"wp:attachment":[{"href":"https:\/\/enermak.com\/en\/wp-json\/wp\/v2\/media?parent=9312"}],"wp:term":[{"taxonomy":"product_brand","embeddable":true,"href":"https:\/\/enermak.com\/en\/wp-json\/wp\/v2\/product_brand?post=9312"},{"taxonomy":"product_cat","embeddable":true,"href":"https:\/\/enermak.com\/en\/wp-json\/wp\/v2\/product_cat?post=9312"},{"taxonomy":"product_tag","embeddable":true,"href":"https:\/\/enermak.com\/en\/wp-json\/wp\/v2\/product_tag?post=9312"},{"taxonomy":"product_brands","embeddable":true,"href":"https:\/\/enermak.com\/en\/wp-json\/wp\/v2\/product_brands?post=9312"}],"curies":[{"name":"wp","href":"https:\/\/api.w.org\/{rel}","templated":true}]}}