{"id":9307,"date":"2022-05-05T12:21:11","date_gmt":"2022-05-05T09:21:11","guid":{"rendered":"http:\/\/isimmedya.com\/?post_type=product&#038;p=9307"},"modified":"2026-02-18T15:34:29","modified_gmt":"2026-02-18T12:34:29","slug":"micro-automatic-plus-boru-hatti-yenileme","status":"publish","type":"product","link":"https:\/\/enermak.com\/en\/urunler\/micro-automatic-plus-boru-hatti-yenileme\/","title":{"rendered":"MICRO Automatic Plus Boru Hatt\u0131 Yenileme"},"content":{"rendered":"<h2><strong>MICRO Automatic Plus Boru Hatt\u0131 Yenileme<\/strong><\/h2>\n<ul>\n<li>DN 80 &#8220;, iste\u011fe ba\u011fl\u0131 DN 250\/10 kadar (\u00e7ap i\u00e7inde)&#8221; 150\/3 6 adede kadar kadar borularda uygulama geni\u015f bir \u00fcr\u00fcn yelpazesi<\/li>\n<li>&#8220;DN 100\/4 90 \u00b0 &#8216;ye kadar d\u00f6nen ve ma\u015fa ile virajlarda m\u00fckemmel esneklik<\/li>\n<li>Yakla\u015f\u0131k eksenel beslemesine y\u00fcksek \u00e7al\u0131\u015fma verimlili\u011fi. 100 mm \/ 4 &#8220;<\/li>\n<li>Manuel ve otomatik s\u00fcr\u00fcnme ve t\u0131rmanma fonksiyonu zor boru durumlarda da kullan\u0131labilir<\/li>\n<li>pn\u00f6matik k\u0131st\u0131rma birimi dikey boru da kullan\u0131lmas\u0131na izin verir<\/li>\n<li>Sadece \u00e7ok k\u00fc\u00e7\u00fck eri\u015fim a\u00e7\u0131kl\u0131klar\u0131 gerekli<\/li>\n<li>50 m \/ 164 ft uygun besleme hortumu paketi<\/li>\n<li>\u0130ste\u011fe ba\u011fl\u0131 metre sayma dahil. veri y\u00fckleme<\/li>\n<li>G\u00fc\u00e7l\u00fc hava motoru ile son derece y\u00fcksek kesme kuvveti<\/li>\n<li>Kablo uzaktan kumanda ile esnek \u00e7al\u0131\u015fma<\/li>\n<li>Kontrol \u00fcnitesi M\u0130KRO otomaatik art\u0131 opsiyonel vaka ile<\/li>\n<li>nedeniyle hava ve su temizli\u011fi ile renk kameraya kesme operasyonunun s\u00fcrekli izlenmesi<\/li>\n<li>Kompakt paslanmaz \u00e7elik \u015fasi sayesinde b\u00fcy\u00fck bir hareketlilik kolayl\u0131k<\/li>\n<li>Ara\u00e7 montaj kiti opsiyonel<\/li>\n<li>Sinyalizasyon i\u00e7 bas\u0131n\u00e7 otomatik izlenmesi yoluyla hasar \u00f6nleme<\/li>\n<li>\u015fantiye ara\u00e7lar\u0131 ile aksesuar vaka<\/li>\n<li>Farkl\u0131 kesme aletleri monte edilebilir<\/li>\n<li>Operat\u00f6r taraf\u0131ndan de\u011fi\u015ftirilebilir bile\u015fenlerin veya ekspres servis kullanmak suretiyle tamir durumunda asgari duru\u015f s\u00fcreleri (teklif \/ sipari\u015f \u015fartlar\u0131nda ayr\u0131nt\u0131l\u0131 bir a\u00e7\u0131klama bak\u0131n\u0131z)<\/li>\n<\/ul>\n<figure id=\"attachment_9309\" aria-describedby=\"caption-attachment-9309\" style=\"width: 600px\" class=\"wp-caption alignnone\"><img fetchpriority=\"high\" decoding=\"async\" class=\"size-full wp-image-9309\" src=\"https:\/\/enermak.com\/wp-content\/uploads\/2022\/05\/enermak-MICRO_automatic_plus_11.png\" alt=\"boru hatt\u0131 yenileme\" width=\"600\" height=\"600\" srcset=\"https:\/\/enermak.com\/wp-content\/uploads\/2022\/05\/enermak-MICRO_automatic_plus_11.png 600w, https:\/\/enermak.com\/wp-content\/uploads\/2022\/05\/enermak-MICRO_automatic_plus_11-300x300.png 300w, https:\/\/enermak.com\/wp-content\/uploads\/2022\/05\/enermak-MICRO_automatic_plus_11-100x100.png 100w, https:\/\/enermak.com\/wp-content\/uploads\/2022\/05\/enermak-MICRO_automatic_plus_11-276x276.png 276w, https:\/\/enermak.com\/wp-content\/uploads\/2022\/05\/enermak-MICRO_automatic_plus_11-138x138.png 138w, https:\/\/enermak.com\/wp-content\/uploads\/2022\/05\/enermak-MICRO_automatic_plus_11-374x374.png 374w, https:\/\/enermak.com\/wp-content\/uploads\/2022\/05\/enermak-MICRO_automatic_plus_11-187x187.png 187w\" sizes=\"(max-width: 600px) 100vw, 600px\" \/><figcaption id=\"caption-attachment-9309\" class=\"wp-caption-text\">boru hatt\u0131 yenileme<\/figcaption><\/figure>","protected":false},"excerpt":{"rendered":"<h3>IMS<\/h3>\n<h4>MICRO Automatic Plus<\/h4>","protected":false},"featured_media":9308,"template":"","meta":{"_bst_post_transparent":"default","_bst_post_title":"","_bst_post_layout":"default","_bst_post_sidebar_id":"","_bst_post_content_style":"default","_bst_post_vertical_padding":"default","_bst_post_feature":"","_bst_post_feature_position":"","_bst_post_header":false,"_bst_post_footer":false},"product_brand":[],"product_cat":[157,150],"product_tag":[1364,256,859,892,863,508,893,895],"product_brands":[],"class_list":{"0":"post-9307","1":"product","2":"type-product","3":"status-publish","4":"has-post-thumbnail","6":"product_cat-kanal-goruntuleme","7":"product_cat-kanal-freze-ve-rehabilitasyon","8":"product_tag-boru-hatti-yenileme","9":"product_tag-dn-100","10":"product_tag-dn-250","11":"product_tag-dn-80","12":"product_tag-kanal-freze","13":"product_tag-kanal-rehabilitasyon","14":"product_tag-paslanmaz-celik","15":"product_tag-tirmanma","17":"first","18":"instock","19":"shipping-taxable","20":"product-type-simple","21":"entry","22":"content-bg","23":"loop-entry"},"aioseo_notices":[],"aioseo_head":"\n\t\t<!-- All in One SEO Pro 4.9.5.2 - aioseo.com -->\n\t<meta name=\"description\" content=\"Altyap\u0131 ve \u015febeke tespitinde kullanabilece\u011finiz, profesy\u00f6nelli\u011finizi bir ad\u0131m ileri ta\u015f\u0131yacak bir \u00e7ok \u00fcr\u00fcn Enermak Enerji&#039;de.Boru Hatt\u0131 Yenileme\" \/>\n\t<meta name=\"robots\" content=\"max-snippet:-1, max-image-preview:large, max-video-preview:-1\" \/>\n\t<meta name=\"yandex-verification\" content=\"yandex-verification: 61c39bc218eec6a9\" \/>\n\t<link rel=\"canonical\" href=\"https:\/\/enermak.com\/en\/urunler\/micro-automatic-plus-boru-hatti-yenileme\/\" \/>\n\t<meta name=\"generator\" content=\"All in One SEO Pro (AIOSEO) 4.9.5.2\" \/>\n\t\t<meta property=\"og:locale\" content=\"en_US\" \/>\n\t\t<meta property=\"og:site_name\" content=\"Enermak Enerji - Yeralt\u0131ndan Haberler\" \/>\n\t\t<meta property=\"og:type\" content=\"article\" \/>\n\t\t<meta property=\"og:title\" content=\"MICRO Automatic Plus Boru Hatt\u0131 Yenileme - Enermak Enerji\" \/>\n\t\t<meta property=\"og:description\" content=\"Altyap\u0131 ve \u015febeke tespitinde kullanabilece\u011finiz, profesy\u00f6nelli\u011finizi bir ad\u0131m ileri ta\u015f\u0131yacak bir \u00e7ok \u00fcr\u00fcn Enermak Enerji&#039;de.Boru Hatt\u0131 Yenileme\" \/>\n\t\t<meta property=\"og:url\" content=\"https:\/\/enermak.com\/en\/urunler\/micro-automatic-plus-boru-hatti-yenileme\/\" \/>\n\t\t<meta property=\"og:image\" content=\"https:\/\/enermak.com\/wp-content\/uploads\/2022\/03\/logo-tr-1.png\" \/>\n\t\t<meta property=\"og:image:secure_url\" content=\"https:\/\/enermak.com\/wp-content\/uploads\/2022\/03\/logo-tr-1.png\" \/>\n\t\t<meta property=\"article:published_time\" content=\"2022-05-05T09:21:11+00:00\" \/>\n\t\t<meta property=\"article:modified_time\" content=\"2026-02-18T12:34:29+00:00\" \/>\n\t\t<meta property=\"article:publisher\" content=\"https:\/\/www.facebook.com\/YERALTINDANHABERLER\/\" \/>\n\t\t<meta name=\"twitter:card\" content=\"summary_large_image\" \/>\n\t\t<meta name=\"twitter:site\" content=\"@enerjienermak\" \/>\n\t\t<meta name=\"twitter:title\" content=\"MICRO Automatic Plus Boru Hatt\u0131 Yenileme - Enermak Enerji\" \/>\n\t\t<meta name=\"twitter:description\" content=\"Altyap\u0131 ve \u015febeke tespitinde kullanabilece\u011finiz, profesy\u00f6nelli\u011finizi bir ad\u0131m ileri ta\u015f\u0131yacak bir \u00e7ok \u00fcr\u00fcn Enermak Enerji&#039;de.Boru Hatt\u0131 Yenileme\" \/>\n\t\t<meta name=\"twitter:image\" content=\"https:\/\/enermak.com\/wp-content\/uploads\/2022\/03\/logo-tr-1.png\" \/>\n\t\t<script type=\"application\/ld+json\" class=\"aioseo-schema\">\n\t\t\t{\"@context\":\"https:\\\/\\\/schema.org\",\"@graph\":[{\"@type\":\"BreadcrumbList\",\"@id\":\"https:\\\/\\\/enermak.com\\\/en\\\/urunler\\\/micro-automatic-plus-boru-hatti-yenileme\\\/#breadcrumblist\",\"itemListElement\":[{\"@type\":\"ListItem\",\"@id\":\"https:\\\/\\\/enermak.com\\\/en#listItem\",\"position\":1,\"name\":\"Home\",\"item\":\"https:\\\/\\\/enermak.com\\\/en\",\"nextItem\":{\"@type\":\"ListItem\",\"@id\":\"https:\\\/\\\/enermak.com\\\/en\\\/urunler\\\/#listItem\",\"name\":\"\\u00dcr\\u00fcnler\"}},{\"@type\":\"ListItem\",\"@id\":\"https:\\\/\\\/enermak.com\\\/en\\\/urunler\\\/#listItem\",\"position\":2,\"name\":\"\\u00dcr\\u00fcnler\",\"item\":\"https:\\\/\\\/enermak.com\\\/en\\\/urunler\\\/\",\"nextItem\":{\"@type\":\"ListItem\",\"@id\":\"https:\\\/\\\/enermak.com\\\/en\\\/urunler\\\/kategori\\\/kanal-freze-ve-rehabilitasyon\\\/#listItem\",\"name\":\"Kanal Freze ve Rehabilitasyon\"},\"previousItem\":{\"@type\":\"ListItem\",\"@id\":\"https:\\\/\\\/enermak.com\\\/en#listItem\",\"name\":\"Home\"}},{\"@type\":\"ListItem\",\"@id\":\"https:\\\/\\\/enermak.com\\\/en\\\/urunler\\\/kategori\\\/kanal-freze-ve-rehabilitasyon\\\/#listItem\",\"position\":3,\"name\":\"Kanal Freze ve Rehabilitasyon\",\"item\":\"https:\\\/\\\/enermak.com\\\/en\\\/urunler\\\/kategori\\\/kanal-freze-ve-rehabilitasyon\\\/\",\"nextItem\":{\"@type\":\"ListItem\",\"@id\":\"https:\\\/\\\/enermak.com\\\/en\\\/urunler\\\/micro-automatic-plus-boru-hatti-yenileme\\\/#listItem\",\"name\":\"MICRO Automatic Plus Boru Hatt\\u0131 Yenileme\"},\"previousItem\":{\"@type\":\"ListItem\",\"@id\":\"https:\\\/\\\/enermak.com\\\/en\\\/urunler\\\/#listItem\",\"name\":\"\\u00dcr\\u00fcnler\"}},{\"@type\":\"ListItem\",\"@id\":\"https:\\\/\\\/enermak.com\\\/en\\\/urunler\\\/micro-automatic-plus-boru-hatti-yenileme\\\/#listItem\",\"position\":4,\"name\":\"MICRO Automatic Plus Boru Hatt\\u0131 Yenileme\",\"previousItem\":{\"@type\":\"ListItem\",\"@id\":\"https:\\\/\\\/enermak.com\\\/en\\\/urunler\\\/kategori\\\/kanal-freze-ve-rehabilitasyon\\\/#listItem\",\"name\":\"Kanal Freze ve Rehabilitasyon\"}}]},{\"@type\":\"Organization\",\"@id\":\"https:\\\/\\\/enermak.com\\\/en\\\/#organization\",\"name\":\"Enermak Enerji\",\"description\":\"Yeralt\\u0131ndan Haberler\",\"url\":\"https:\\\/\\\/enermak.com\\\/en\\\/\",\"telephone\":\"+903123851102\",\"logo\":{\"@type\":\"ImageObject\",\"url\":\"https:\\\/\\\/enermak.com\\\/wp-content\\\/uploads\\\/2022\\\/03\\\/logo-tr-1.png\",\"@id\":\"https:\\\/\\\/enermak.com\\\/en\\\/urunler\\\/micro-automatic-plus-boru-hatti-yenileme\\\/#organizationLogo\"},\"image\":{\"@id\":\"https:\\\/\\\/enermak.com\\\/en\\\/urunler\\\/micro-automatic-plus-boru-hatti-yenileme\\\/#organizationLogo\"},\"sameAs\":[\"https:\\\/\\\/www.facebook.com\\\/YERALTINDANHABERLER\\\/\",\"https:\\\/\\\/twitter.com\\\/enerjienermak\",\"https:\\\/\\\/www.instagram.com\\\/enermakenerji\\\/\",\"https:\\\/\\\/www.youtube.com\\\/c\\\/EnermakEnerji\",\"https:\\\/\\\/www.linkedin.com\\\/in\\\/enermak\"]},{\"@type\":\"WebPage\",\"@id\":\"https:\\\/\\\/enermak.com\\\/en\\\/urunler\\\/micro-automatic-plus-boru-hatti-yenileme\\\/#webpage\",\"url\":\"https:\\\/\\\/enermak.com\\\/en\\\/urunler\\\/micro-automatic-plus-boru-hatti-yenileme\\\/\",\"name\":\"MICRO Automatic Plus Boru Hatt\\u0131 Yenileme - Enermak Enerji\",\"description\":\"Altyap\\u0131 ve \\u015febeke tespitinde kullanabilece\\u011finiz, profesy\\u00f6nelli\\u011finizi bir ad\\u0131m ileri ta\\u015f\\u0131yacak bir \\u00e7ok \\u00fcr\\u00fcn Enermak Enerji'de.Boru Hatt\\u0131 Yenileme\",\"inLanguage\":\"en-US\",\"isPartOf\":{\"@id\":\"https:\\\/\\\/enermak.com\\\/en\\\/#website\"},\"breadcrumb\":{\"@id\":\"https:\\\/\\\/enermak.com\\\/en\\\/urunler\\\/micro-automatic-plus-boru-hatti-yenileme\\\/#breadcrumblist\"},\"image\":{\"@type\":\"ImageObject\",\"url\":\"https:\\\/\\\/enermak.com\\\/wp-content\\\/uploads\\\/2022\\\/05\\\/1088961.png\",\"@id\":\"https:\\\/\\\/enermak.com\\\/en\\\/urunler\\\/micro-automatic-plus-boru-hatti-yenileme\\\/#mainImage\",\"width\":600,\"height\":600,\"caption\":\"Boru Hatt\\u0131 Yenileme\"},\"primaryImageOfPage\":{\"@id\":\"https:\\\/\\\/enermak.com\\\/en\\\/urunler\\\/micro-automatic-plus-boru-hatti-yenileme\\\/#mainImage\"},\"datePublished\":\"2022-05-05T12:21:11+03:00\",\"dateModified\":\"2026-02-18T15:34:29+03:00\"},{\"@type\":\"WebSite\",\"@id\":\"https:\\\/\\\/enermak.com\\\/en\\\/#website\",\"url\":\"https:\\\/\\\/enermak.com\\\/en\\\/\",\"name\":\"Enermak Enerji\",\"alternateName\":\"Yeralt\\u0131ndan Haberler\",\"description\":\"Yeralt\\u0131ndan Haberler\",\"inLanguage\":\"en-US\",\"publisher\":{\"@id\":\"https:\\\/\\\/enermak.com\\\/en\\\/#organization\"}}]}\n\t\t<\/script>\n\t\t<!-- All in One SEO Pro -->\r\n\t\t<title>MICRO Automatic Plus Boru Hatt\u0131 Yenileme - Enermak Enerji<\/title>\n\n","aioseo_head_json":{"title":"MICRO Automatic Plus Boru Hatt\u0131 Yenileme - Enermak Enerji","description":"Altyap\u0131 ve \u015febeke tespitinde kullanabilece\u011finiz, profesy\u00f6nelli\u011finizi bir ad\u0131m ileri ta\u015f\u0131yacak bir \u00e7ok \u00fcr\u00fcn Enermak Enerji'de.Boru Hatt\u0131 Yenileme","canonical_url":"https:\/\/enermak.com\/en\/urunler\/micro-automatic-plus-boru-hatti-yenileme\/","robots":"max-snippet:-1, max-image-preview:large, max-video-preview:-1","keywords":"","webmasterTools":{"yandex-verification":"yandex-verification: 61c39bc218eec6a9","miscellaneous":""},"schema":{"@context":"https:\/\/schema.org","@graph":[{"@type":"BreadcrumbList","@id":"https:\/\/enermak.com\/en\/urunler\/micro-automatic-plus-boru-hatti-yenileme\/#breadcrumblist","itemListElement":[{"@type":"ListItem","@id":"https:\/\/enermak.com\/en#listItem","position":1,"name":"Home","item":"https:\/\/enermak.com\/en","nextItem":{"@type":"ListItem","@id":"https:\/\/enermak.com\/en\/urunler\/#listItem","name":"\u00dcr\u00fcnler"}},{"@type":"ListItem","@id":"https:\/\/enermak.com\/en\/urunler\/#listItem","position":2,"name":"\u00dcr\u00fcnler","item":"https:\/\/enermak.com\/en\/urunler\/","nextItem":{"@type":"ListItem","@id":"https:\/\/enermak.com\/en\/urunler\/kategori\/kanal-freze-ve-rehabilitasyon\/#listItem","name":"Kanal Freze ve Rehabilitasyon"},"previousItem":{"@type":"ListItem","@id":"https:\/\/enermak.com\/en#listItem","name":"Home"}},{"@type":"ListItem","@id":"https:\/\/enermak.com\/en\/urunler\/kategori\/kanal-freze-ve-rehabilitasyon\/#listItem","position":3,"name":"Kanal Freze ve Rehabilitasyon","item":"https:\/\/enermak.com\/en\/urunler\/kategori\/kanal-freze-ve-rehabilitasyon\/","nextItem":{"@type":"ListItem","@id":"https:\/\/enermak.com\/en\/urunler\/micro-automatic-plus-boru-hatti-yenileme\/#listItem","name":"MICRO Automatic Plus Boru Hatt\u0131 Yenileme"},"previousItem":{"@type":"ListItem","@id":"https:\/\/enermak.com\/en\/urunler\/#listItem","name":"\u00dcr\u00fcnler"}},{"@type":"ListItem","@id":"https:\/\/enermak.com\/en\/urunler\/micro-automatic-plus-boru-hatti-yenileme\/#listItem","position":4,"name":"MICRO Automatic Plus Boru Hatt\u0131 Yenileme","previousItem":{"@type":"ListItem","@id":"https:\/\/enermak.com\/en\/urunler\/kategori\/kanal-freze-ve-rehabilitasyon\/#listItem","name":"Kanal Freze ve Rehabilitasyon"}}]},{"@type":"Organization","@id":"https:\/\/enermak.com\/en\/#organization","name":"Enermak Enerji","description":"Yeralt\u0131ndan Haberler","url":"https:\/\/enermak.com\/en\/","telephone":"+903123851102","logo":{"@type":"ImageObject","url":"https:\/\/enermak.com\/wp-content\/uploads\/2022\/03\/logo-tr-1.png","@id":"https:\/\/enermak.com\/en\/urunler\/micro-automatic-plus-boru-hatti-yenileme\/#organizationLogo"},"image":{"@id":"https:\/\/enermak.com\/en\/urunler\/micro-automatic-plus-boru-hatti-yenileme\/#organizationLogo"},"sameAs":["https:\/\/www.facebook.com\/YERALTINDANHABERLER\/","https:\/\/twitter.com\/enerjienermak","https:\/\/www.instagram.com\/enermakenerji\/","https:\/\/www.youtube.com\/c\/EnermakEnerji","https:\/\/www.linkedin.com\/in\/enermak"]},{"@type":"WebPage","@id":"https:\/\/enermak.com\/en\/urunler\/micro-automatic-plus-boru-hatti-yenileme\/#webpage","url":"https:\/\/enermak.com\/en\/urunler\/micro-automatic-plus-boru-hatti-yenileme\/","name":"MICRO Automatic Plus Boru Hatt\u0131 Yenileme - Enermak Enerji","description":"Altyap\u0131 ve \u015febeke tespitinde kullanabilece\u011finiz, profesy\u00f6nelli\u011finizi bir ad\u0131m ileri ta\u015f\u0131yacak bir \u00e7ok \u00fcr\u00fcn Enermak Enerji'de.Boru Hatt\u0131 Yenileme","inLanguage":"en-US","isPartOf":{"@id":"https:\/\/enermak.com\/en\/#website"},"breadcrumb":{"@id":"https:\/\/enermak.com\/en\/urunler\/micro-automatic-plus-boru-hatti-yenileme\/#breadcrumblist"},"image":{"@type":"ImageObject","url":"https:\/\/enermak.com\/wp-content\/uploads\/2022\/05\/1088961.png","@id":"https:\/\/enermak.com\/en\/urunler\/micro-automatic-plus-boru-hatti-yenileme\/#mainImage","width":600,"height":600,"caption":"Boru Hatt\u0131 Yenileme"},"primaryImageOfPage":{"@id":"https:\/\/enermak.com\/en\/urunler\/micro-automatic-plus-boru-hatti-yenileme\/#mainImage"},"datePublished":"2022-05-05T12:21:11+03:00","dateModified":"2026-02-18T15:34:29+03:00"},{"@type":"WebSite","@id":"https:\/\/enermak.com\/en\/#website","url":"https:\/\/enermak.com\/en\/","name":"Enermak Enerji","alternateName":"Yeralt\u0131ndan Haberler","description":"Yeralt\u0131ndan Haberler","inLanguage":"en-US","publisher":{"@id":"https:\/\/enermak.com\/en\/#organization"}}]},"og:locale":"en_US","og:site_name":"Enermak Enerji - Yeralt\u0131ndan Haberler","og:type":"article","og:title":"MICRO Automatic Plus Boru Hatt\u0131 Yenileme - Enermak Enerji","og:description":"Altyap\u0131 ve \u015febeke tespitinde kullanabilece\u011finiz, profesy\u00f6nelli\u011finizi bir ad\u0131m ileri ta\u015f\u0131yacak bir \u00e7ok \u00fcr\u00fcn Enermak Enerji'de.Boru Hatt\u0131 Yenileme","og:url":"https:\/\/enermak.com\/en\/urunler\/micro-automatic-plus-boru-hatti-yenileme\/","og:image":"https:\/\/enermak.com\/wp-content\/uploads\/2022\/03\/logo-tr-1.png","og:image:secure_url":"https:\/\/enermak.com\/wp-content\/uploads\/2022\/03\/logo-tr-1.png","article:published_time":"2022-05-05T09:21:11+00:00","article:modified_time":"2026-02-18T12:34:29+00:00","article:publisher":"https:\/\/www.facebook.com\/YERALTINDANHABERLER\/","twitter:card":"summary_large_image","twitter:site":"@enerjienermak","twitter:title":"MICRO Automatic Plus Boru Hatt\u0131 Yenileme - Enermak Enerji","twitter:description":"Altyap\u0131 ve \u015febeke tespitinde kullanabilece\u011finiz, profesy\u00f6nelli\u011finizi bir ad\u0131m ileri ta\u015f\u0131yacak bir \u00e7ok \u00fcr\u00fcn Enermak Enerji'de.Boru Hatt\u0131 Yenileme","twitter:image":"https:\/\/enermak.com\/wp-content\/uploads\/2022\/03\/logo-tr-1.png"},"aioseo_meta_data":{"post_id":"9307","title":null,"description":"Altyap\u0131 ve \u015febeke tespitinde kullanabilece\u011finiz, profesy\u00f6nelli\u011finizi bir ad\u0131m ileri ta\u015f\u0131yacak bir \u00e7ok \u00fcr\u00fcn Enermak Enerji'de.Boru Hatt\u0131 Yenileme","keywords":null,"keyphrases":{"focus":{"keyphrase":"Boru Hatt\u0131 Yenileme","analysis":{"keyphraseInTitle":{"score":9,"maxScore":9,"error":0},"keyphraseInDescription":{"score":9,"maxScore":9,"error":0},"keyphraseLength":{"score":9,"maxScore":9,"error":0,"length":3},"keyphraseInURL":{"score":1,"maxScore":5,"error":1},"keyphraseInIntroduction":{"score":3,"maxScore":9,"error":1},"keyphraseInSubHeadings":{"score":9,"maxScore":9,"error":0},"keyphraseInImageAlt":{"score":9,"maxScore":9,"error":0},"keywordDensity":{"type":"best","score":9,"maxScore":9,"error":0}},"score":85},"additional":[]},"primary_term":null,"canonical_url":null,"og_title":null,"og_description":null,"og_object_type":"default","og_image_type":"default","og_image_url":null,"og_image_width":null,"og_image_height":null,"og_image_custom_url":null,"og_image_custom_fields":null,"og_video":"","og_custom_url":null,"og_article_section":null,"og_article_tags":null,"twitter_use_og":false,"twitter_card":"default","twitter_image_type":"default","twitter_image_url":null,"twitter_image_custom_url":null,"twitter_image_custom_fields":null,"twitter_title":null,"twitter_description":null,"schema":{"blockGraphs":[],"customGraphs":[],"default":{"data":{"Article":[],"Course":[],"Dataset":[],"FAQPage":[],"Movie":[],"Person":[],"Product":[],"ProductReview":[],"Car":[],"Recipe":[],"Service":[],"SoftwareApplication":[],"WebPage":[]},"graphName":"ItemPage","isEnabled":false},"graphs":[]},"schema_type":"default","schema_type_options":null,"pillar_content":false,"robots_default":false,"robots_noindex":false,"robots_noarchive":false,"robots_nosnippet":false,"robots_nofollow":false,"robots_noimageindex":false,"robots_noodp":false,"robots_notranslate":false,"robots_max_snippet":"-1","robots_max_videopreview":"-1","robots_max_imagepreview":"large","priority":null,"frequency":"default","local_seo":null,"seo_analyzer_scan_date":"2026-02-18 12:45:17","breadcrumb_settings":null,"limit_modified_date":false,"reviewed_by":null,"open_ai":"{\"title\":{\"suggestions\":[],\"usage\":0},\"description\":{\"suggestions\":[],\"usage\":0}}","ai":null,"created":"2022-09-12 10:39:26","updated":"2026-02-18 12:45:17"},"aioseo_breadcrumb":"<div class=\"aioseo-breadcrumbs\"><span class=\"aioseo-breadcrumb\">\n\t<a href=\"https:\/\/enermak.com\/en\" title=\"Home\">Home<\/a>\n<\/span><span class=\"aioseo-breadcrumb-separator\">\u00bb<\/span><span class=\"aioseo-breadcrumb\">\n\t<a href=\"https:\/\/enermak.com\/en\/urunler\/\" title=\"\u00dcr\u00fcnler\">\u00dcr\u00fcnler<\/a>\n<\/span><span class=\"aioseo-breadcrumb-separator\">\u00bb<\/span><span class=\"aioseo-breadcrumb\">\n\t<a href=\"https:\/\/enermak.com\/en\/urunler\/kategori\/kanal-freze-ve-rehabilitasyon\/\" title=\"Kanal Freze ve Rehabilitasyon\">Kanal Freze ve Rehabilitasyon<\/a>\n<\/span><span class=\"aioseo-breadcrumb-separator\">\u00bb<\/span><span class=\"aioseo-breadcrumb\">\n\tMICRO Automatic Plus Boru Hatt\u0131 Yenileme\n<\/span><\/div>","aioseo_breadcrumb_json":[{"label":"Home","link":"https:\/\/enermak.com\/en"},{"label":"\u00dcr\u00fcnler","link":"https:\/\/enermak.com\/en\/urunler\/"},{"label":"Kanal Freze ve Rehabilitasyon","link":"https:\/\/enermak.com\/en\/urunler\/kategori\/kanal-freze-ve-rehabilitasyon\/"},{"label":"MICRO Automatic Plus Boru Hatt\u0131 Yenileme","link":"https:\/\/enermak.com\/en\/urunler\/micro-automatic-plus-boru-hatti-yenileme\/"}],"_links":{"self":[{"href":"https:\/\/enermak.com\/en\/wp-json\/wp\/v2\/product\/9307","targetHints":{"allow":["GET"]}}],"collection":[{"href":"https:\/\/enermak.com\/en\/wp-json\/wp\/v2\/product"}],"about":[{"href":"https:\/\/enermak.com\/en\/wp-json\/wp\/v2\/types\/product"}],"version-history":[{"count":0,"href":"https:\/\/enermak.com\/en\/wp-json\/wp\/v2\/product\/9307\/revisions"}],"wp:featuredmedia":[{"embeddable":true,"href":"https:\/\/enermak.com\/en\/wp-json\/wp\/v2\/media\/9308"}],"wp:attachment":[{"href":"https:\/\/enermak.com\/en\/wp-json\/wp\/v2\/media?parent=9307"}],"wp:term":[{"taxonomy":"product_brand","embeddable":true,"href":"https:\/\/enermak.com\/en\/wp-json\/wp\/v2\/product_brand?post=9307"},{"taxonomy":"product_cat","embeddable":true,"href":"https:\/\/enermak.com\/en\/wp-json\/wp\/v2\/product_cat?post=9307"},{"taxonomy":"product_tag","embeddable":true,"href":"https:\/\/enermak.com\/en\/wp-json\/wp\/v2\/product_tag?post=9307"},{"taxonomy":"product_brands","embeddable":true,"href":"https:\/\/enermak.com\/en\/wp-json\/wp\/v2\/product_brands?post=9307"}],"curies":[{"name":"wp","href":"https:\/\/api.w.org\/{rel}","templated":true}]}}