{"id":9301,"date":"2024-04-04T16:00:31","date_gmt":"2024-04-04T13:00:31","guid":{"rendered":"http:\/\/isimmedya.com\/?post_type=product&#038;p=9301"},"modified":"2026-02-18T14:14:52","modified_gmt":"2026-02-18T11:14:52","slug":"kanal-tikama-balonu","status":"publish","type":"product","link":"https:\/\/enermak.com\/en\/urunler\/kanal-tikama-balonu\/","title":{"rendered":"Kanal T\u0131kama Balonu (1,5 BAR)"},"content":{"rendered":"<p><!--StartFragment --><\/p>\n<h2 class=\"wp-block-heading has-medium-font-size\"><strong>Multi Ebat Kanal T\u0131kama Balonu (1,5 BAR)<\/strong><\/h2>\n<p><span style=\"color: #000000;\"><em>Kanal T\u0131kama Balonu\u00a0 (1,5 BAR) : Kanal ve boru hatlar\u0131nda g\u00fcvenli s\u0131zd\u0131rmazl\u0131k i\u00e7in y\u00fcksek kaliteli \u00e7\u00f6z\u00fcm<\/em><\/span><\/p>\n<h2 class=\"wp-block-heading has-medium-font-size\"><strong>Kanal T\u0131kama Balonu Nedir?<\/strong><\/h2>\n<p><span style=\"color: #000000;\"><em>Kanal t\u0131kama balonu<\/em>, altyap\u0131 sistemlerinde kanal, boru, ek yerleri ve giri\u015f noktalar\u0131n\u0131 h\u0131zl\u0131 ve g\u00fcvenli \u015fekilde t\u0131kamak amac\u0131yla kullan\u0131lan bir s\u0131zd\u0131rmazl\u0131k ekipman\u0131d\u0131r. \u00d6zellikle hava ve su ka\u00e7ak testi s\u0131ras\u0131nda, tamir s\u00fcre\u00e7lerinde, teknik m\u00fcdahalelerde ve kazalara kar\u015f\u0131 \u00f6nlem olarak tercih edilir.<\/span><\/p>\n<h2 class=\"wp-block-heading has-medium-font-size\"><strong>Malzeme Kalitesi ve \u00dcretim Standartlar\u0131<\/strong><\/h2>\n<p><span style=\"color: #000000;\">Bu kanal t\u0131kama balonlar\u0131, y\u00fcksek kaliteli kau\u00e7uk \u00fczerine tekstil kaplama kullan\u0131larak \u00fcretilir. -40\u00b0C ile +70\u00b0C aras\u0131ndaki zorlu \u00e7evre ko\u015fullar\u0131na ve \u00e7e\u015fitli kimyasallara kar\u015f\u0131 dayan\u0131kl\u0131d\u0131r. Geni\u015f \u00fcr\u00fcn yelpazesi sayesinde 50 mm&#8217;den 2000 mm&#8217;ye kadar farkl\u0131 boru \u00e7aplar\u0131na uygulanabilir.<\/span><\/p>","protected":false},"excerpt":{"rendered":"<h3><strong><span class=\"forminator-checkbox-label\" style=\"color: #000000;\">Multi Ebat Kanal T\u0131kama Balonu (1,5 BAR)<\/span><\/strong><\/h3>\n<h3><span style=\"color: #000000;\"><strong>Kanal T\u0131kama Balonu Nedir?<\/strong><\/span><\/h3>\n<p><span style=\"color: #000000;\"><em>Kanal t\u0131kama balonu<\/em>, altyap\u0131 sistemlerinde kanal, boru, ek yerleri ve giri\u015f noktalar\u0131n\u0131 h\u0131zl\u0131 ve g\u00fcvenli \u015fekilde t\u0131kamak amac\u0131yla kullan\u0131lan bir s\u0131zd\u0131rmazl\u0131k ekipman\u0131d\u0131r. \u00d6zellikle hava ve su ka\u00e7ak testi s\u0131ras\u0131nda, tamir s\u00fcre\u00e7lerinde, teknik m\u00fcdahalelerde ve kazalara kar\u015f\u0131 \u00f6nlem olarak tercih edilir.<\/span><\/p>\n<h3><span style=\"color: #000000;\"><strong>Malzeme Kalitesi ve \u00dcretim Standartlar\u0131<\/strong><\/span><\/h3>\n<p><span style=\"color: #000000;\">Bu kanal t\u0131kama balonlar\u0131, y\u00fcksek kaliteli kau\u00e7uk \u00fczerine tekstil kaplama kullan\u0131larak \u00fcretilir. -40\u00b0C ile +70\u00b0C aras\u0131ndaki zorlu \u00e7evre ko\u015fullar\u0131na ve \u00e7e\u015fitli kimyasallara kar\u015f\u0131 dayan\u0131kl\u0131d\u0131r. Geni\u015f \u00fcr\u00fcn yelpazesi sayesinde 50 mm&#8217;den 2000 mm&#8217;ye kadar farkl\u0131 boru \u00e7aplar\u0131na uygulanabilir.<\/span><\/p>","protected":false},"featured_media":34936,"template":"","meta":{"_bst_post_transparent":"default","_bst_post_title":"","_bst_post_layout":"default","_bst_post_sidebar_id":"","_bst_post_content_style":"default","_bst_post_vertical_padding":"default","_bst_post_feature":"","_bst_post_feature_position":"","_bst_post_header":false,"_bst_post_footer":false},"product_brand":[],"product_cat":[149],"product_tag":[909,908,912],"product_brands":[],"class_list":{"0":"post-9301","1":"product","2":"type-product","3":"status-publish","4":"has-post-thumbnail","6":"product_cat-kanal-boru-tikama-balonu","7":"product_tag-boru-tikama-balonu","8":"product_tag-kanal-tikama-balonu","9":"product_tag-korleme","11":"first","12":"instock","13":"shipping-taxable","14":"product-type-simple","15":"entry","16":"content-bg","17":"loop-entry"},"aioseo_notices":[],"aioseo_head":"\n\t\t<!-- All in One SEO Pro 4.9.6.2 - aioseo.com -->\n\t<meta name=\"description\" content=\"Altyap\u0131 ve \u015febeke tespitinde kullanabilece\u011finiz, profesy\u00f6nelli\u011finizi bir ad\u0131m ileri ta\u015f\u0131yacak bir \u00e7ok \u00fcr\u00fcn Enermak Enerji&#039;de. Kanal t\u0131kama balonu i\u00e7in teklif al\" \/>\n\t<meta name=\"robots\" content=\"max-snippet:-1, max-image-preview:large, max-video-preview:-1\" \/>\n\t<meta name=\"yandex-verification\" content=\"yandex-verification: 61c39bc218eec6a9\" \/>\n\t<link rel=\"canonical\" href=\"https:\/\/enermak.com\/en\/urunler\/kanal-tikama-balonu\/\" \/>\n\t<meta name=\"generator\" content=\"All in One SEO Pro (AIOSEO) 4.9.6.2\" \/>\n\t\t<meta property=\"og:locale\" content=\"en_US\" \/>\n\t\t<meta property=\"og:site_name\" content=\"Enermak Enerji - Yeralt\u0131ndan Haberler\" \/>\n\t\t<meta property=\"og:type\" content=\"article\" \/>\n\t\t<meta property=\"og:title\" content=\"Kanal T\u0131kama Balonu (1,5 BAR) - Enermak Enerji\" \/>\n\t\t<meta property=\"og:description\" content=\"Altyap\u0131 ve \u015febeke tespitinde kullanabilece\u011finiz, profesy\u00f6nelli\u011finizi bir ad\u0131m ileri ta\u015f\u0131yacak bir \u00e7ok \u00fcr\u00fcn Enermak Enerji&#039;de. Kanal t\u0131kama balonu i\u00e7in teklif al\" \/>\n\t\t<meta property=\"og:url\" content=\"https:\/\/enermak.com\/en\/urunler\/kanal-tikama-balonu\/\" \/>\n\t\t<meta property=\"og:image\" content=\"https:\/\/enermak.com\/wp-content\/uploads\/2022\/03\/logo-tr-1.png\" \/>\n\t\t<meta property=\"og:image:secure_url\" content=\"https:\/\/enermak.com\/wp-content\/uploads\/2022\/03\/logo-tr-1.png\" \/>\n\t\t<meta property=\"article:published_time\" content=\"2024-04-04T13:00:31+00:00\" \/>\n\t\t<meta property=\"article:modified_time\" content=\"2026-02-18T11:14:52+00:00\" \/>\n\t\t<meta property=\"article:publisher\" content=\"https:\/\/www.facebook.com\/YERALTINDANHABERLER\/\" \/>\n\t\t<meta name=\"twitter:card\" content=\"summary_large_image\" \/>\n\t\t<meta name=\"twitter:site\" content=\"@enerjienermak\" \/>\n\t\t<meta name=\"twitter:title\" content=\"Kanal T\u0131kama Balonu (1,5 BAR) - Enermak Enerji\" \/>\n\t\t<meta name=\"twitter:description\" content=\"Altyap\u0131 ve \u015febeke tespitinde kullanabilece\u011finiz, profesy\u00f6nelli\u011finizi bir ad\u0131m ileri ta\u015f\u0131yacak bir \u00e7ok \u00fcr\u00fcn Enermak Enerji&#039;de. Kanal t\u0131kama balonu i\u00e7in teklif al\" \/>\n\t\t<meta name=\"twitter:image\" content=\"https:\/\/enermak.com\/wp-content\/uploads\/2022\/03\/logo-tr-1.png\" \/>\n\t\t<script type=\"application\/ld+json\" class=\"aioseo-schema\">\n\t\t\t{\"@context\":\"https:\\\/\\\/schema.org\",\"@graph\":[{\"@type\":\"BreadcrumbList\",\"@id\":\"https:\\\/\\\/enermak.com\\\/en\\\/urunler\\\/kanal-tikama-balonu\\\/#breadcrumblist\",\"itemListElement\":[{\"@type\":\"ListItem\",\"@id\":\"https:\\\/\\\/enermak.com\\\/en#listItem\",\"position\":1,\"name\":\"Home\",\"item\":\"https:\\\/\\\/enermak.com\\\/en\",\"nextItem\":{\"@type\":\"ListItem\",\"@id\":\"https:\\\/\\\/enermak.com\\\/en\\\/urunler\\\/#listItem\",\"name\":\"\\u00dcr\\u00fcnler\"}},{\"@type\":\"ListItem\",\"@id\":\"https:\\\/\\\/enermak.com\\\/en\\\/urunler\\\/#listItem\",\"position\":2,\"name\":\"\\u00dcr\\u00fcnler\",\"item\":\"https:\\\/\\\/enermak.com\\\/en\\\/urunler\\\/\",\"nextItem\":{\"@type\":\"ListItem\",\"@id\":\"https:\\\/\\\/enermak.com\\\/en\\\/urunler\\\/kategori\\\/kanal-boru-tikama-balonu\\\/#listItem\",\"name\":\"Boru K\\u00f6rleme &amp; Hava Yast\\u0131\\u011f\\u0131\"},\"previousItem\":{\"@type\":\"ListItem\",\"@id\":\"https:\\\/\\\/enermak.com\\\/en#listItem\",\"name\":\"Home\"}},{\"@type\":\"ListItem\",\"@id\":\"https:\\\/\\\/enermak.com\\\/en\\\/urunler\\\/kategori\\\/kanal-boru-tikama-balonu\\\/#listItem\",\"position\":3,\"name\":\"Boru K\\u00f6rleme &amp; Hava Yast\\u0131\\u011f\\u0131\",\"item\":\"https:\\\/\\\/enermak.com\\\/en\\\/urunler\\\/kategori\\\/kanal-boru-tikama-balonu\\\/\",\"nextItem\":{\"@type\":\"ListItem\",\"@id\":\"https:\\\/\\\/enermak.com\\\/en\\\/urunler\\\/kanal-tikama-balonu\\\/#listItem\",\"name\":\"Kanal T\\u0131kama Balonu (1,5 BAR)\"},\"previousItem\":{\"@type\":\"ListItem\",\"@id\":\"https:\\\/\\\/enermak.com\\\/en\\\/urunler\\\/#listItem\",\"name\":\"\\u00dcr\\u00fcnler\"}},{\"@type\":\"ListItem\",\"@id\":\"https:\\\/\\\/enermak.com\\\/en\\\/urunler\\\/kanal-tikama-balonu\\\/#listItem\",\"position\":4,\"name\":\"Kanal T\\u0131kama Balonu (1,5 BAR)\",\"previousItem\":{\"@type\":\"ListItem\",\"@id\":\"https:\\\/\\\/enermak.com\\\/en\\\/urunler\\\/kategori\\\/kanal-boru-tikama-balonu\\\/#listItem\",\"name\":\"Boru K\\u00f6rleme &amp; Hava Yast\\u0131\\u011f\\u0131\"}}]},{\"@type\":\"ItemPage\",\"@id\":\"https:\\\/\\\/enermak.com\\\/en\\\/urunler\\\/kanal-tikama-balonu\\\/#itempage\",\"url\":\"https:\\\/\\\/enermak.com\\\/en\\\/urunler\\\/kanal-tikama-balonu\\\/\",\"name\":\"Kanal T\\u0131kama Balonu (1,5 BAR) - Enermak Enerji\",\"description\":\"Altyap\\u0131 ve \\u015febeke tespitinde kullanabilece\\u011finiz, profesy\\u00f6nelli\\u011finizi bir ad\\u0131m ileri ta\\u015f\\u0131yacak bir \\u00e7ok \\u00fcr\\u00fcn Enermak Enerji'de. Kanal t\\u0131kama balonu i\\u00e7in teklif al\",\"inLanguage\":\"en-US\",\"isPartOf\":{\"@id\":\"https:\\\/\\\/enermak.com\\\/en\\\/#website\"},\"breadcrumb\":{\"@id\":\"https:\\\/\\\/enermak.com\\\/en\\\/urunler\\\/kanal-tikama-balonu\\\/#breadcrumblist\"},\"image\":{\"@type\":\"ImageObject\",\"url\":\"https:\\\/\\\/enermak.com\\\/wp-content\\\/uploads\\\/2024\\\/04\\\/Basliksiz-5.jpg\",\"@id\":\"https:\\\/\\\/enermak.com\\\/en\\\/urunler\\\/kanal-tikama-balonu\\\/#mainImage\",\"width\":500,\"height\":504,\"caption\":\"Kanal T\\u0131kama Balonu\"},\"primaryImageOfPage\":{\"@id\":\"https:\\\/\\\/enermak.com\\\/en\\\/urunler\\\/kanal-tikama-balonu\\\/#mainImage\"},\"datePublished\":\"2024-04-04T16:00:31+03:00\",\"dateModified\":\"2026-02-18T14:14:52+03:00\"},{\"@type\":\"Organization\",\"@id\":\"https:\\\/\\\/enermak.com\\\/en\\\/#organization\",\"name\":\"Enermak Enerji\",\"description\":\"Yeralt\\u0131ndan Haberler\",\"url\":\"https:\\\/\\\/enermak.com\\\/en\\\/\",\"telephone\":\"+903123851102\",\"logo\":{\"@type\":\"ImageObject\",\"url\":\"https:\\\/\\\/enermak.com\\\/wp-content\\\/uploads\\\/2022\\\/03\\\/logo-tr-1.png\",\"@id\":\"https:\\\/\\\/enermak.com\\\/en\\\/urunler\\\/kanal-tikama-balonu\\\/#organizationLogo\"},\"image\":{\"@id\":\"https:\\\/\\\/enermak.com\\\/en\\\/urunler\\\/kanal-tikama-balonu\\\/#organizationLogo\"},\"sameAs\":[\"https:\\\/\\\/www.facebook.com\\\/YERALTINDANHABERLER\\\/\",\"https:\\\/\\\/twitter.com\\\/enerjienermak\",\"https:\\\/\\\/www.instagram.com\\\/enermakenerji\\\/\",\"https:\\\/\\\/www.youtube.com\\\/c\\\/EnermakEnerji\",\"https:\\\/\\\/www.linkedin.com\\\/in\\\/enermak\"]},{\"@type\":\"WebPage\",\"@id\":\"https:\\\/\\\/enermak.com\\\/en\\\/urunler\\\/kanal-tikama-balonu\\\/#webpage\",\"url\":\"https:\\\/\\\/enermak.com\\\/en\\\/urunler\\\/kanal-tikama-balonu\\\/\",\"name\":\"Kanal T\\u0131kama Balonu (1,5 BAR) - Enermak Enerji\",\"description\":\"Altyap\\u0131 ve \\u015febeke tespitinde kullanabilece\\u011finiz, profesy\\u00f6nelli\\u011finizi bir ad\\u0131m ileri ta\\u015f\\u0131yacak bir \\u00e7ok \\u00fcr\\u00fcn Enermak Enerji'de. Kanal t\\u0131kama balonu i\\u00e7in teklif al\",\"inLanguage\":\"en-US\",\"isPartOf\":{\"@id\":\"https:\\\/\\\/enermak.com\\\/en\\\/#website\"},\"breadcrumb\":{\"@id\":\"https:\\\/\\\/enermak.com\\\/en\\\/urunler\\\/kanal-tikama-balonu\\\/#breadcrumblist\"},\"image\":{\"@type\":\"ImageObject\",\"url\":\"https:\\\/\\\/enermak.com\\\/wp-content\\\/uploads\\\/2024\\\/04\\\/Basliksiz-5.jpg\",\"@id\":\"https:\\\/\\\/enermak.com\\\/en\\\/urunler\\\/kanal-tikama-balonu\\\/#mainImage\",\"width\":500,\"height\":504,\"caption\":\"Kanal T\\u0131kama Balonu\"},\"primaryImageOfPage\":{\"@id\":\"https:\\\/\\\/enermak.com\\\/en\\\/urunler\\\/kanal-tikama-balonu\\\/#mainImage\"},\"datePublished\":\"2024-04-04T16:00:31+03:00\",\"dateModified\":\"2026-02-18T14:14:52+03:00\"},{\"@type\":\"WebSite\",\"@id\":\"https:\\\/\\\/enermak.com\\\/en\\\/#website\",\"url\":\"https:\\\/\\\/enermak.com\\\/en\\\/\",\"name\":\"Enermak Enerji\",\"alternateName\":\"Yeralt\\u0131ndan Haberler\",\"description\":\"Yeralt\\u0131ndan Haberler\",\"inLanguage\":\"en-US\",\"publisher\":{\"@id\":\"https:\\\/\\\/enermak.com\\\/en\\\/#organization\"}}]}\n\t\t<\/script>\n\t\t<!-- All in One SEO Pro -->\r\n\t\t<title>Kanal T\u0131kama Balonu (1,5 BAR) - Enermak Enerji<\/title>\n\n","aioseo_head_json":{"title":"Kanal T\u0131kama Balonu (1,5 BAR) - Enermak Enerji","description":"Altyap\u0131 ve \u015febeke tespitinde kullanabilece\u011finiz, profesy\u00f6nelli\u011finizi bir ad\u0131m ileri ta\u015f\u0131yacak bir \u00e7ok \u00fcr\u00fcn Enermak Enerji'de. Kanal t\u0131kama balonu i\u00e7in teklif al","canonical_url":"https:\/\/enermak.com\/en\/urunler\/kanal-tikama-balonu\/","robots":"max-snippet:-1, max-image-preview:large, max-video-preview:-1","keywords":"","webmasterTools":{"yandex-verification":"yandex-verification: 61c39bc218eec6a9","miscellaneous":""},"schema":{"@context":"https:\/\/schema.org","@graph":[{"@type":"BreadcrumbList","@id":"https:\/\/enermak.com\/en\/urunler\/kanal-tikama-balonu\/#breadcrumblist","itemListElement":[{"@type":"ListItem","@id":"https:\/\/enermak.com\/en#listItem","position":1,"name":"Home","item":"https:\/\/enermak.com\/en","nextItem":{"@type":"ListItem","@id":"https:\/\/enermak.com\/en\/urunler\/#listItem","name":"\u00dcr\u00fcnler"}},{"@type":"ListItem","@id":"https:\/\/enermak.com\/en\/urunler\/#listItem","position":2,"name":"\u00dcr\u00fcnler","item":"https:\/\/enermak.com\/en\/urunler\/","nextItem":{"@type":"ListItem","@id":"https:\/\/enermak.com\/en\/urunler\/kategori\/kanal-boru-tikama-balonu\/#listItem","name":"Boru K\u00f6rleme &amp; Hava Yast\u0131\u011f\u0131"},"previousItem":{"@type":"ListItem","@id":"https:\/\/enermak.com\/en#listItem","name":"Home"}},{"@type":"ListItem","@id":"https:\/\/enermak.com\/en\/urunler\/kategori\/kanal-boru-tikama-balonu\/#listItem","position":3,"name":"Boru K\u00f6rleme &amp; Hava Yast\u0131\u011f\u0131","item":"https:\/\/enermak.com\/en\/urunler\/kategori\/kanal-boru-tikama-balonu\/","nextItem":{"@type":"ListItem","@id":"https:\/\/enermak.com\/en\/urunler\/kanal-tikama-balonu\/#listItem","name":"Kanal T\u0131kama Balonu (1,5 BAR)"},"previousItem":{"@type":"ListItem","@id":"https:\/\/enermak.com\/en\/urunler\/#listItem","name":"\u00dcr\u00fcnler"}},{"@type":"ListItem","@id":"https:\/\/enermak.com\/en\/urunler\/kanal-tikama-balonu\/#listItem","position":4,"name":"Kanal T\u0131kama Balonu (1,5 BAR)","previousItem":{"@type":"ListItem","@id":"https:\/\/enermak.com\/en\/urunler\/kategori\/kanal-boru-tikama-balonu\/#listItem","name":"Boru K\u00f6rleme &amp; Hava Yast\u0131\u011f\u0131"}}]},{"@type":"ItemPage","@id":"https:\/\/enermak.com\/en\/urunler\/kanal-tikama-balonu\/#itempage","url":"https:\/\/enermak.com\/en\/urunler\/kanal-tikama-balonu\/","name":"Kanal T\u0131kama Balonu (1,5 BAR) - Enermak Enerji","description":"Altyap\u0131 ve \u015febeke tespitinde kullanabilece\u011finiz, profesy\u00f6nelli\u011finizi bir ad\u0131m ileri ta\u015f\u0131yacak bir \u00e7ok \u00fcr\u00fcn Enermak Enerji'de. Kanal t\u0131kama balonu i\u00e7in teklif al","inLanguage":"en-US","isPartOf":{"@id":"https:\/\/enermak.com\/en\/#website"},"breadcrumb":{"@id":"https:\/\/enermak.com\/en\/urunler\/kanal-tikama-balonu\/#breadcrumblist"},"image":{"@type":"ImageObject","url":"https:\/\/enermak.com\/wp-content\/uploads\/2024\/04\/Basliksiz-5.jpg","@id":"https:\/\/enermak.com\/en\/urunler\/kanal-tikama-balonu\/#mainImage","width":500,"height":504,"caption":"Kanal T\u0131kama Balonu"},"primaryImageOfPage":{"@id":"https:\/\/enermak.com\/en\/urunler\/kanal-tikama-balonu\/#mainImage"},"datePublished":"2024-04-04T16:00:31+03:00","dateModified":"2026-02-18T14:14:52+03:00"},{"@type":"Organization","@id":"https:\/\/enermak.com\/en\/#organization","name":"Enermak Enerji","description":"Yeralt\u0131ndan Haberler","url":"https:\/\/enermak.com\/en\/","telephone":"+903123851102","logo":{"@type":"ImageObject","url":"https:\/\/enermak.com\/wp-content\/uploads\/2022\/03\/logo-tr-1.png","@id":"https:\/\/enermak.com\/en\/urunler\/kanal-tikama-balonu\/#organizationLogo"},"image":{"@id":"https:\/\/enermak.com\/en\/urunler\/kanal-tikama-balonu\/#organizationLogo"},"sameAs":["https:\/\/www.facebook.com\/YERALTINDANHABERLER\/","https:\/\/twitter.com\/enerjienermak","https:\/\/www.instagram.com\/enermakenerji\/","https:\/\/www.youtube.com\/c\/EnermakEnerji","https:\/\/www.linkedin.com\/in\/enermak"]},{"@type":"WebPage","@id":"https:\/\/enermak.com\/en\/urunler\/kanal-tikama-balonu\/#webpage","url":"https:\/\/enermak.com\/en\/urunler\/kanal-tikama-balonu\/","name":"Kanal T\u0131kama Balonu (1,5 BAR) - Enermak Enerji","description":"Altyap\u0131 ve \u015febeke tespitinde kullanabilece\u011finiz, profesy\u00f6nelli\u011finizi bir ad\u0131m ileri ta\u015f\u0131yacak bir \u00e7ok \u00fcr\u00fcn Enermak Enerji'de. Kanal t\u0131kama balonu i\u00e7in teklif al","inLanguage":"en-US","isPartOf":{"@id":"https:\/\/enermak.com\/en\/#website"},"breadcrumb":{"@id":"https:\/\/enermak.com\/en\/urunler\/kanal-tikama-balonu\/#breadcrumblist"},"image":{"@type":"ImageObject","url":"https:\/\/enermak.com\/wp-content\/uploads\/2024\/04\/Basliksiz-5.jpg","@id":"https:\/\/enermak.com\/en\/urunler\/kanal-tikama-balonu\/#mainImage","width":500,"height":504,"caption":"Kanal T\u0131kama Balonu"},"primaryImageOfPage":{"@id":"https:\/\/enermak.com\/en\/urunler\/kanal-tikama-balonu\/#mainImage"},"datePublished":"2024-04-04T16:00:31+03:00","dateModified":"2026-02-18T14:14:52+03:00"},{"@type":"WebSite","@id":"https:\/\/enermak.com\/en\/#website","url":"https:\/\/enermak.com\/en\/","name":"Enermak Enerji","alternateName":"Yeralt\u0131ndan Haberler","description":"Yeralt\u0131ndan Haberler","inLanguage":"en-US","publisher":{"@id":"https:\/\/enermak.com\/en\/#organization"}}]},"og:locale":"en_US","og:site_name":"Enermak Enerji - Yeralt\u0131ndan Haberler","og:type":"article","og:title":"Kanal T\u0131kama Balonu (1,5 BAR) - Enermak Enerji","og:description":"Altyap\u0131 ve \u015febeke tespitinde kullanabilece\u011finiz, profesy\u00f6nelli\u011finizi bir ad\u0131m ileri ta\u015f\u0131yacak bir \u00e7ok \u00fcr\u00fcn Enermak Enerji'de. Kanal t\u0131kama balonu i\u00e7in teklif al","og:url":"https:\/\/enermak.com\/en\/urunler\/kanal-tikama-balonu\/","og:image":"https:\/\/enermak.com\/wp-content\/uploads\/2022\/03\/logo-tr-1.png","og:image:secure_url":"https:\/\/enermak.com\/wp-content\/uploads\/2022\/03\/logo-tr-1.png","article:published_time":"2024-04-04T13:00:31+00:00","article:modified_time":"2026-02-18T11:14:52+00:00","article:publisher":"https:\/\/www.facebook.com\/YERALTINDANHABERLER\/","twitter:card":"summary_large_image","twitter:site":"@enerjienermak","twitter:title":"Kanal T\u0131kama Balonu (1,5 BAR) - Enermak Enerji","twitter:description":"Altyap\u0131 ve \u015febeke tespitinde kullanabilece\u011finiz, profesy\u00f6nelli\u011finizi bir ad\u0131m ileri ta\u015f\u0131yacak bir \u00e7ok \u00fcr\u00fcn Enermak Enerji'de. Kanal t\u0131kama balonu i\u00e7in teklif al","twitter:image":"https:\/\/enermak.com\/wp-content\/uploads\/2022\/03\/logo-tr-1.png"},"aioseo_meta_data":{"post_id":"9301","title":null,"description":"Altyap\u0131 ve \u015febeke tespitinde kullanabilece\u011finiz, profesy\u00f6nelli\u011finizi bir ad\u0131m ileri ta\u015f\u0131yacak bir \u00e7ok \u00fcr\u00fcn Enermak Enerji'de. Kanal t\u0131kama balonu i\u00e7in teklif al","keywords":null,"keyphrases":{"focus":{"keyphrase":"Kanal T\u0131kama Balonu","analysis":{"keyphraseInTitle":{"score":9,"maxScore":9,"error":0},"keyphraseInDescription":{"score":9,"maxScore":9,"error":0},"keyphraseLength":{"score":9,"maxScore":9,"error":0,"length":4},"keyphraseInURL":{"score":5,"maxScore":5,"error":0},"keyphraseInIntroduction":{"score":3,"maxScore":9,"error":1},"keyphraseInSubHeadings":{"score":9,"maxScore":9,"error":0},"keyphraseInImageAlt":[],"keywordDensity":{"type":"high","score":0,"maxScore":9,"error":1}},"score":75},"additional":[]},"primary_term":null,"canonical_url":null,"og_title":null,"og_description":null,"og_object_type":"default","og_image_type":"default","og_image_url":null,"og_image_width":null,"og_image_height":null,"og_image_custom_url":null,"og_image_custom_fields":null,"og_video":"","og_custom_url":null,"og_article_section":null,"og_article_tags":null,"twitter_use_og":false,"twitter_card":"default","twitter_image_type":"default","twitter_image_url":null,"twitter_image_custom_url":null,"twitter_image_custom_fields":null,"twitter_title":null,"twitter_description":null,"schema":{"blockGraphs":[],"customGraphs":[],"default":{"data":{"Article":[],"Course":[],"Dataset":[],"FAQPage":[],"Movie":[],"Person":[],"Product":[],"ProductReview":[],"Car":[],"Recipe":[],"Service":[],"SoftwareApplication":[],"WebPage":[]},"graphName":"ItemPage","isEnabled":true},"graphs":[]},"schema_type":"default","schema_type_options":null,"pillar_content":true,"robots_default":false,"robots_noindex":false,"robots_noarchive":false,"robots_nosnippet":false,"robots_nofollow":false,"robots_noimageindex":false,"robots_noodp":false,"robots_notranslate":false,"robots_max_snippet":"-1","robots_max_videopreview":"-1","robots_max_imagepreview":"large","priority":null,"frequency":"default","local_seo":null,"seo_analyzer_scan_date":"2026-02-18 11:15:00","breadcrumb_settings":null,"limit_modified_date":false,"reviewed_by":null,"open_ai":"{\"title\":{\"suggestions\":[],\"usage\":0},\"description\":{\"suggestions\":[],\"usage\":0}}","ai":{"faqs":[],"keyPoints":[],"titles":[],"descriptions":[],"socialPosts":{"email":[],"linkedin":[],"twitter":[],"facebook":[],"instagram":[]}},"created":"2022-09-12 10:39:26","updated":"2026-02-18 11:23:05"},"aioseo_breadcrumb":"<div class=\"aioseo-breadcrumbs\"><span class=\"aioseo-breadcrumb\">\n\t<a href=\"https:\/\/enermak.com\/en\" title=\"Home\">Home<\/a>\n<\/span><span class=\"aioseo-breadcrumb-separator\">\u00bb<\/span><span class=\"aioseo-breadcrumb\">\n\t<a href=\"https:\/\/enermak.com\/en\/urunler\/\" title=\"\u00dcr\u00fcnler\">\u00dcr\u00fcnler<\/a>\n<\/span><span class=\"aioseo-breadcrumb-separator\">\u00bb<\/span><span class=\"aioseo-breadcrumb\">\n\t<a href=\"https:\/\/enermak.com\/en\/urunler\/kategori\/kanal-boru-tikama-balonu\/\" title=\"Boru K\u00f6rleme &amp; Hava Yast\u0131\u011f\u0131\">Boru K\u00f6rleme &amp; Hava Yast\u0131\u011f\u0131<\/a>\n<\/span><span class=\"aioseo-breadcrumb-separator\">\u00bb<\/span><span class=\"aioseo-breadcrumb\">\n\tKanal T\u0131kama Balonu (1,5 BAR)\n<\/span><\/div>","aioseo_breadcrumb_json":[{"label":"Home","link":"https:\/\/enermak.com\/en"},{"label":"\u00dcr\u00fcnler","link":"https:\/\/enermak.com\/en\/urunler\/"},{"label":"Boru K\u00f6rleme &amp; Hava Yast\u0131\u011f\u0131","link":"https:\/\/enermak.com\/en\/urunler\/kategori\/kanal-boru-tikama-balonu\/"},{"label":"Kanal T\u0131kama Balonu (1,5 BAR)","link":"https:\/\/enermak.com\/en\/urunler\/kanal-tikama-balonu\/"}],"_links":{"self":[{"href":"https:\/\/enermak.com\/en\/wp-json\/wp\/v2\/product\/9301","targetHints":{"allow":["GET"]}}],"collection":[{"href":"https:\/\/enermak.com\/en\/wp-json\/wp\/v2\/product"}],"about":[{"href":"https:\/\/enermak.com\/en\/wp-json\/wp\/v2\/types\/product"}],"version-history":[{"count":0,"href":"https:\/\/enermak.com\/en\/wp-json\/wp\/v2\/product\/9301\/revisions"}],"wp:featuredmedia":[{"embeddable":true,"href":"https:\/\/enermak.com\/en\/wp-json\/wp\/v2\/media\/34936"}],"wp:attachment":[{"href":"https:\/\/enermak.com\/en\/wp-json\/wp\/v2\/media?parent=9301"}],"wp:term":[{"taxonomy":"product_brand","embeddable":true,"href":"https:\/\/enermak.com\/en\/wp-json\/wp\/v2\/product_brand?post=9301"},{"taxonomy":"product_cat","embeddable":true,"href":"https:\/\/enermak.com\/en\/wp-json\/wp\/v2\/product_cat?post=9301"},{"taxonomy":"product_tag","embeddable":true,"href":"https:\/\/enermak.com\/en\/wp-json\/wp\/v2\/product_tag?post=9301"},{"taxonomy":"product_brands","embeddable":true,"href":"https:\/\/enermak.com\/en\/wp-json\/wp\/v2\/product_brands?post=9301"}],"curies":[{"name":"wp","href":"https:\/\/api.w.org\/{rel}","templated":true}]}}