{"id":9296,"date":"2024-04-04T15:59:05","date_gmt":"2024-04-04T12:59:05","guid":{"rendered":"http:\/\/isimmedya.com\/?post_type=product&#038;p=9296"},"modified":"2026-02-18T14:15:10","modified_gmt":"2026-02-18T11:15:10","slug":"kanal-ve-boru-tikama-tapasi-2-5-bar","status":"publish","type":"product","link":"https:\/\/enermak.com\/en\/urunler\/kanal-ve-boru-tikama-tapasi-2-5-bar\/","title":{"rendered":"Kanal T\u0131kama Balonu (2,5 BAR)"},"content":{"rendered":"<h2 class=\"wp-block-heading has-medium-font-size\"><span style=\"color: #000000;\">Boru ve kanal T\u0131kama Balonu 2.5 BAR<\/span><\/h2>\r\n<h2 class=\"wp-block-heading has-medium-font-size\"><span style=\"color: #000000;\">K\u00f6rleme<\/span><\/h2>\r\n<p><span style=\"color: #000000;\">Bu k\u00f6rlemeler \u00f6zel NR \u2013 SRB kau\u00e7uk ile kal\u0131pland\u0131r\u0131lm\u0131\u015ft\u0131r ve Kevlar kord bezi ile kuvvetlendirilmi\u015ftir.\u00a0T\u00fcm k\u00f6rlemeler dayan\u0131kl\u0131l\u0131k ve g\u00fcvenlik ama\u00e7l\u0131 \u00e7al\u0131\u015fma bas\u0131n\u00e7lar\u0131nda \u00fc\u00e7 defa test edilmi\u015ftir. Hafif a\u011f\u0131rl\u0131\u011f\u0131 ve k\u0131sa uzunlu\u011fu sayesinde b\u00fcy\u00fck \u00e7apl\u0131 k\u00f6rlemelerin bile idaresi olduk\u00e7a kolayd\u0131r. 35 ila 1200mm \u00e7apl\u0131 borular i\u00e7in \u00e7e\u015fitli versiyonlar\u0131 mevcuttur. T\u00fcm k\u00f6rlemeler h\u0131zl\u0131-ba\u011flan\u0131r rakor ve u\u00e7larla donat\u0131lm\u0131\u015ft\u0131r.\u00a0A\u011f\u0131r i\u015flerde kullan\u0131m i\u00e7in g\u00fc\u00e7lendirilmi\u015f kollar\u0131 mevcuttur.<\/span><\/p>\r\n<p><span style=\"color: #000000;\"><\/span><\/p>\r\n<figure class=\"wp-block-table\">\r\n<table class=\"has-fixed-layout\">\r\n<thead>\r\n<tr>\r\n<th><span style=\"color: #000000;\"><strong>\u00dcr\u00fcn Kodu<\/strong><\/span><\/th>\r\n<th><span style=\"color: #000000;\"><strong>Nominal Boyut<\/strong><\/span><\/th>\r\n<th><span style=\"color: #000000;\"><strong>Min. Boru \u00c7ap\u0131<\/strong> <strong>(mm)<\/strong><\/span><\/th>\r\n<th><span style=\"color: #000000;\"><strong>Max. Boru \u00c7ap\u0131<\/strong> <strong>(mm)<\/strong><\/span><\/th>\r\n<th><span style=\"color: #000000;\"><strong>Max. \u00c7al\u0131\u015fma Bas\u0131nc\u0131<\/strong> <strong>(bar)<\/strong><\/span><\/th>\r\n<th><span style=\"color: #000000;\"><strong>\u00dcr\u00fcn \u00c7ap\u0131<\/strong> <strong>(mm)<\/strong><\/span><\/th>\r\n<th><span style=\"color: #000000;\"><strong>\u00dcr\u00fcn Uzunlu\u011fu<\/strong> <strong>(mm)<\/strong><\/span><\/th>\r\n<th><span style=\"color: #000000;\"><strong>\u00dcr\u00fcn A\u011f\u0131rl\u0131\u011f\u0131<\/strong> <strong>(kg)<\/strong><\/span><\/th>\r\n<\/tr>\r\n<\/thead>\r\n<tbody>\r\n<tr>\r\n<td><span style=\"color: #000000;\"><strong>KAB3570<\/strong><\/span><\/td>\r\n<td><span style=\"color: #000000;\"><strong>35-70<\/strong><\/span><\/td>\r\n<td><span style=\"color: #000000;\"><strong>35<\/strong><\/span><\/td>\r\n<td><span style=\"color: #000000;\"><strong>70<\/strong><\/span><\/td>\r\n<td><span style=\"color: #000000;\"><strong>2,5<\/strong><\/span><\/td>\r\n<td><span style=\"color: #000000;\"><strong>33<\/strong><\/span><\/td>\r\n<td><span style=\"color: #000000;\"><strong>300<\/strong><\/span><\/td>\r\n<td><span style=\"color: #000000;\"><strong>0,2<\/strong><\/span><\/td>\r\n<\/tr>\r\n<tr>\r\n<td><span style=\"color: #000000;\"><strong>KAP50100<\/strong><\/span><\/td>\r\n<td><span style=\"color: #000000;\"><strong>50-100<\/strong><\/span><\/td>\r\n<td><span style=\"color: #000000;\"><strong>50<\/strong><\/span><\/td>\r\n<td><span style=\"color: #000000;\"><strong>100<\/strong><\/span><\/td>\r\n<td><span style=\"color: #000000;\"><strong>2,5<\/strong><\/span><\/td>\r\n<td><span style=\"color: #000000;\"><strong>45<\/strong><\/span><\/td>\r\n<td><span style=\"color: #000000;\"><strong>330<\/strong><\/span><\/td>\r\n<td><span style=\"color: #000000;\"><strong>0,4<\/strong><\/span><\/td>\r\n<\/tr>\r\n<tr>\r\n<td><span style=\"color: #000000;\"><strong>KAB70150<\/strong><\/span><\/td>\r\n<td>\r\n<p style=\"text-align: left;\"><span style=\"color: #000000;\"><strong>70-150<\/strong><\/span><\/p>\r\n<\/td>\r\n<td><span style=\"color: #000000;\"><strong>70<\/strong><\/span><\/td>\r\n<td><span style=\"color: #000000;\"><strong>150<\/strong><\/span><\/td>\r\n<td><span style=\"color: #000000;\"><strong>2,5<\/strong><\/span><\/td>\r\n<td><span style=\"color: #000000;\"><strong>64<\/strong><\/span><\/td>\r\n<td><span style=\"color: #000000;\"><strong>370<\/strong><\/span><\/td>\r\n<td><span style=\"color: #000000;\"><strong>0,6<\/strong><\/span><\/td>\r\n<\/tr>\r\n<tr>\r\n<td><span style=\"color: #000000;\"><strong>KAB100200<\/strong><\/span><\/td>\r\n<td><span style=\"color: #000000;\"><strong>100-200<\/strong><\/span><\/td>\r\n<td><span style=\"color: #000000;\"><strong>100<\/strong><\/span><\/td>\r\n<td><span style=\"color: #000000;\"><strong>200<\/strong><\/span><\/td>\r\n<td><span style=\"color: #000000;\"><strong>2,5<\/strong><\/span><\/td>\r\n<td><span style=\"color: #000000;\"><strong>88<\/strong><\/span><\/td>\r\n<td><span style=\"color: #000000;\"><strong>550<\/strong><\/span><\/td>\r\n<td><span style=\"color: #000000;\"><strong>1,15<\/strong><\/span><\/td>\r\n<\/tr>\r\n<tr>\r\n<td><span style=\"color: #000000;\"><strong>KAB150300<\/strong><\/span><\/td>\r\n<td><span style=\"color: #000000;\"><strong>150-300<\/strong><\/span><\/td>\r\n<td><span style=\"color: #000000;\"><strong>150<\/strong><\/span><\/td>\r\n<td><span style=\"color: #000000;\"><strong>300<\/strong><\/span><\/td>\r\n<td><span style=\"color: #000000;\"><strong>2,5<\/strong><\/span><\/td>\r\n<td><span style=\"color: #000000;\"><strong>138<\/strong><\/span><\/td>\r\n<td><span style=\"color: #000000;\"><strong>550<\/strong><\/span><\/td>\r\n<td><span style=\"color: #000000;\"><strong>2,1<\/strong><\/span><\/td>\r\n<\/tr>\r\n<tr>\r\n<td><span style=\"color: #000000;\"><strong>KAB200400<\/strong><\/span><\/td>\r\n<td><span style=\"color: #000000;\"><strong>200-400<\/strong><\/span><\/td>\r\n<td><span style=\"color: #000000;\"><strong>200<\/strong><\/span><\/td>\r\n<td><span style=\"color: #000000;\"><strong>400<\/strong><\/span><\/td>\r\n<td><span style=\"color: #000000;\"><strong>2,5<\/strong><\/span><\/td>\r\n<td><span style=\"color: #000000;\"><strong>185<\/strong><\/span><\/td>\r\n<td><span style=\"color: #000000;\"><strong>650<\/strong><\/span><\/td>\r\n<td><span style=\"color: #000000;\"><strong>3,1<\/strong><\/span><\/td>\r\n<\/tr>\r\n<tr>\r\n<td><span style=\"color: #000000;\"><strong>KAB300600<\/strong><\/span><\/td>\r\n<td><span style=\"color: #000000;\"><strong>300-600<\/strong><\/span><\/td>\r\n<td><span style=\"color: #000000;\"><strong>300<\/strong><\/span><\/td>\r\n<td><span style=\"color: #000000;\"><strong>600<\/strong><\/span><\/td>\r\n<td><span style=\"color: #000000;\"><strong>2,5<\/strong><\/span><\/td>\r\n<td><span style=\"color: #000000;\"><strong>285<\/strong><\/span><\/td>\r\n<td><span style=\"color: #000000;\"><strong>850<\/strong><\/span><\/td>\r\n<td><span style=\"color: #000000;\"><strong>9,5<\/strong><\/span><\/td>\r\n<\/tr>\r\n<tr>\r\n<td><span style=\"color: #000000;\"><strong>KAB375750<\/strong><\/span><\/td>\r\n<td><span style=\"color: #000000;\"><strong>375-750<\/strong><\/span><\/td>\r\n<td><span style=\"color: #000000;\"><strong>375<\/strong><\/span><\/td>\r\n<td><span style=\"color: #000000;\"><strong>750<\/strong><\/span><\/td>\r\n<td><span style=\"color: #000000;\"><strong>2,5<\/strong><\/span><\/td>\r\n<td><span style=\"color: #000000;\"><strong>360<\/strong><\/span><\/td>\r\n<td><span style=\"color: #000000;\"><strong>1000<\/strong><\/span><\/td>\r\n<td><span style=\"color: #000000;\"><strong>15,7<\/strong><\/span><\/td>\r\n<\/tr>\r\n<tr>\r\n<td><span style=\"color: #000000;\"><strong>KAB5001000<\/strong><\/span><\/td>\r\n<td><span style=\"color: #000000;\"><strong>500-1000<\/strong><\/span><\/td>\r\n<td><span style=\"color: #000000;\"><strong>500<\/strong><\/span><\/td>\r\n<td><span style=\"color: #000000;\"><strong>1000<\/strong><\/span><\/td>\r\n<td><span style=\"color: #000000;\"><strong>2,5<\/strong><\/span><\/td>\r\n<td><span style=\"color: #000000;\"><strong>485<\/strong><\/span><\/td>\r\n<td><span style=\"color: #000000;\"><strong>1150<\/strong><\/span><\/td>\r\n<td><span style=\"color: #000000;\"><strong>26,5<\/strong><\/span><\/td>\r\n<\/tr>\r\n<tr>\r\n<td><span style=\"color: #000000;\"><strong>KAB6001200<\/strong><\/span><\/td>\r\n<td><span style=\"color: #000000;\"><strong>600-1200<\/strong><\/span><\/td>\r\n<td><span style=\"color: #000000;\"><strong>600<\/strong><\/span><\/td>\r\n<td><span style=\"color: #000000;\"><strong>1200<\/strong><\/span><\/td>\r\n<td><span style=\"color: #000000;\"><strong>2,5<\/strong><\/span><\/td>\r\n<td><span style=\"color: #000000;\"><strong>585<\/strong><\/span><\/td>\r\n<td><span style=\"color: #000000;\"><strong>1300<\/strong><\/span><\/td>\r\n<td><span style=\"color: #000000;\"><strong>35<\/strong><\/span><\/td>\r\n<\/tr>\r\n<tr>\r\n<td>\u00a0<\/td>\r\n<td>\u00a0<\/td>\r\n<td>\u00a0<\/td>\r\n<td>\u00a0<\/td>\r\n<td>\u00a0<\/td>\r\n<td>\u00a0<\/td>\r\n<td>\u00a0<\/td>\r\n<td>\u00a0<\/td>\r\n<\/tr>\r\n<tr>\r\n<td>\u00a0<\/td>\r\n<td>\u00a0<\/td>\r\n<td>\u00a0<\/td>\r\n<td>\u00a0<\/td>\r\n<td>\u00a0<\/td>\r\n<td>\u00a0<\/td>\r\n<td>\u00a0<\/td>\r\n<td>\u00a0<\/td>\r\n<\/tr>\r\n<\/tbody>\r\n<\/table>\r\n<\/figure>\r\n<p><span style=\"color: #000000;\"><\/span><\/p>\r\n<p>&nbsp;<\/p>","protected":false},"excerpt":{"rendered":"<h3><span style=\"color: #000000;\">2,5 Bar Multi Ebat Kanal T\u0131kama Tapas\u0131<\/span><\/h3>\n<p><span style=\"color: #000000;\">Bu k\u00f6rlemeler \u00f6zel NR \u2013 SRB kau\u00e7uk ile kal\u0131pland\u0131r\u0131lm\u0131\u015ft\u0131r ve Kevlar kord bezi ile kuvvetlendirilmi\u015ftir. T\u00fcm k\u00f6rlemeler dayan\u0131kl\u0131l\u0131k ve g\u00fcvenlik ama\u00e7l\u0131 \u00e7al\u0131\u015fma bas\u0131n\u00e7lar\u0131nda \u00fc\u00e7 defa test edilmi\u015ftir. Hafif a\u011f\u0131rl\u0131\u011f\u0131 ve k\u0131sa uzunlu\u011fu sayesinde b\u00fcy\u00fck \u00e7apl\u0131 k\u00f6rlemelerin bile idaresi olduk\u00e7a kolayd\u0131r. 35 ila 1200mm \u00e7apl\u0131 borular i\u00e7in \u00e7e\u015fitli versiyonlar\u0131 mevcuttur. T\u00fcm k\u00f6rlemeler h\u0131zl\u0131-ba\u011flan\u0131r rakor ve u\u00e7larla donat\u0131lm\u0131\u015ft\u0131r. A\u011f\u0131r i\u015flerde kullan\u0131m i\u00e7in g\u00fc\u00e7lendirilmi\u015f kollar\u0131 mevcuttur.<\/span><\/p>","protected":false},"featured_media":34942,"template":"","meta":{"_bst_post_transparent":"default","_bst_post_title":"","_bst_post_layout":"default","_bst_post_sidebar_id":"","_bst_post_content_style":"default","_bst_post_vertical_padding":"default","_bst_post_feature":"","_bst_post_feature_position":"","_bst_post_header":false,"_bst_post_footer":false},"product_brand":[],"product_cat":[149],"product_tag":[863,508,900,897],"product_brands":[],"class_list":{"0":"post-9296","1":"product","2":"type-product","3":"status-publish","4":"has-post-thumbnail","6":"product_cat-kanal-boru-tikama-balonu","7":"product_tag-kanal-freze","8":"product_tag-kanal-rehabilitasyon","9":"product_tag-kevlar-kord","10":"product_tag-tikama-tapasi","12":"first","13":"instock","14":"shipping-taxable","15":"product-type-simple","16":"entry","17":"content-bg","18":"loop-entry"},"aioseo_notices":[],"_links":{"self":[{"href":"https:\/\/enermak.com\/en\/wp-json\/wp\/v2\/product\/9296","targetHints":{"allow":["GET"]}}],"collection":[{"href":"https:\/\/enermak.com\/en\/wp-json\/wp\/v2\/product"}],"about":[{"href":"https:\/\/enermak.com\/en\/wp-json\/wp\/v2\/types\/product"}],"version-history":[{"count":0,"href":"https:\/\/enermak.com\/en\/wp-json\/wp\/v2\/product\/9296\/revisions"}],"wp:featuredmedia":[{"embeddable":true,"href":"https:\/\/enermak.com\/en\/wp-json\/wp\/v2\/media\/34942"}],"wp:attachment":[{"href":"https:\/\/enermak.com\/en\/wp-json\/wp\/v2\/media?parent=9296"}],"wp:term":[{"taxonomy":"product_brand","embeddable":true,"href":"https:\/\/enermak.com\/en\/wp-json\/wp\/v2\/product_brand?post=9296"},{"taxonomy":"product_cat","embeddable":true,"href":"https:\/\/enermak.com\/en\/wp-json\/wp\/v2\/product_cat?post=9296"},{"taxonomy":"product_tag","embeddable":true,"href":"https:\/\/enermak.com\/en\/wp-json\/wp\/v2\/product_tag?post=9296"},{"taxonomy":"product_brands","embeddable":true,"href":"https:\/\/enermak.com\/en\/wp-json\/wp\/v2\/product_brands?post=9296"}],"curies":[{"name":"wp","href":"https:\/\/api.w.org\/{rel}","templated":true}]}}