{"id":9285,"date":"2022-05-05T12:00:38","date_gmt":"2022-05-05T09:00:38","guid":{"rendered":"http:\/\/isimmedya.com\/?post_type=product&#038;p=9285"},"modified":"2026-02-18T15:15:24","modified_gmt":"2026-02-18T12:15:24","slug":"multi-ebat-kisa-boru-tapasi","status":"publish","type":"product","link":"https:\/\/enermak.com\/en\/urunler\/multi-ebat-kisa-boru-tapasi\/","title":{"rendered":"MULT\u0130 EBAT KISA BORU TAPASI"},"content":{"rendered":"<h2 class=\"wp-block-heading has-medium-font-size\"><span style=\"color: #000000;\"><strong>MUTL\u0130 EBAT KISA BORU TAPASI<\/strong><\/span><\/h2>\n<p><span style=\"color: #000000;\">Bu k\u00f6rlemeler genellikle kanalizasyon ba\u011flant\u0131lar\u0131n\u0131 t\u0131kamak i\u00e7in kullan\u0131l\u0131r. K\u00f6rlemeler y\u00fcksek kalite kau\u00e7uk ve anti-korozyon metal \u00f6\u011felerden yap\u0131l\u0131r. Standart tip seriler 50 \u2013 300mm \u00e7aplar aras\u0131nda imal edilir.<\/span><\/p>\n<table style=\"height: 482px;\" width=\"742\">\n<tbody>\n<tr>\n<td><span style=\"color: #000000;\"><strong>\u00dcr\u00fcn<br \/>\nKodu<\/strong><\/span><\/td>\n<td><span style=\"color: #000000;\"><strong>Nominal<br \/>\nSize<\/strong><\/span><\/td>\n<td><span style=\"color: #000000;\"><strong>Min.<br \/>\nBoru<br \/>\n\u00c7ap\u0131<\/strong><\/span><\/td>\n<td><span style=\"color: #000000;\"><strong>Max.<br \/>\nBoru<br \/>\n\u00c7ap\u0131<\/strong><\/span><\/td>\n<td><span style=\"color: #000000;\"><strong>Max.<br \/>\n\u00c7al\u0131\u015fma<br \/>\nBas\u0131nc\u0131<\/strong><\/span><\/td>\n<td><span style=\"color: #000000;\"><strong>\u00dcr\u00fcn<br \/>\n\u00c7ap\u0131<\/strong><\/span><\/td>\n<td><span style=\"color: #000000;\"><strong>\u00dcr\u00fcn<br \/>\nUzunlu\u011fu<\/strong><\/span><\/td>\n<td><span style=\"color: #000000;\"><strong>\u00dcr\u00fcn<br \/>\nA\u011f\u0131rl\u0131\u011f\u0131<\/strong><\/span><\/td>\n<\/tr>\n<tr>\n<td><span style=\"color: #000000;\"><strong>\u00a0<\/strong><\/span><\/td>\n<td><span style=\"color: #000000;\"><strong>\u00a0<\/strong><\/span><\/td>\n<td><span style=\"color: #000000;\"><strong>(mm)<\/strong><\/span><\/td>\n<td><span style=\"color: #000000;\"><strong>(mm)<\/strong><\/span><\/td>\n<td><span style=\"color: #000000;\"><strong>(bar)<\/strong><\/span><\/td>\n<td><span style=\"color: #000000;\"><strong>(mm)<\/strong><\/span><\/td>\n<td><span style=\"color: #000000;\"><strong>(mm)<\/strong><\/span><\/td>\n<td><span style=\"color: #000000;\"><strong>(kg)<\/strong><\/span><\/td>\n<\/tr>\n<tr>\n<td><span style=\"color: #000000;\">ABS50100<\/span><\/td>\n<td><span style=\"color: #000000;\">50-100<\/span><\/td>\n<td><span style=\"color: #000000;\">50<\/span><\/td>\n<td><span style=\"color: #000000;\">100<\/span><\/td>\n<td><span style=\"color: #000000;\">2,5<\/span><\/td>\n<td><span style=\"color: #000000;\">45<\/span><\/td>\n<td><span style=\"color: #000000;\">200<\/span><\/td>\n<td><span style=\"color: #000000;\">0,3<\/span><\/td>\n<\/tr>\n<tr>\n<td><span style=\"color: #000000;\">ABS70150<\/span><\/td>\n<td><span style=\"color: #000000;\">70-150<\/span><\/td>\n<td><span style=\"color: #000000;\">70<\/span><\/td>\n<td><span style=\"color: #000000;\">150<\/span><\/td>\n<td><span style=\"color: #000000;\">2,5<\/span><\/td>\n<td><span style=\"color: #000000;\">65<\/span><\/td>\n<td><span style=\"color: #000000;\">250<\/span><\/td>\n<td><span style=\"color: #000000;\">0,4<\/span><\/td>\n<\/tr>\n<tr>\n<td><span style=\"color: #000000;\">ABS100200<\/span><\/td>\n<td><span style=\"color: #000000;\">100-200<\/span><\/td>\n<td><span style=\"color: #000000;\">100<\/span><\/td>\n<td><span style=\"color: #000000;\">200<\/span><\/td>\n<td><span style=\"color: #000000;\">2,5<\/span><\/td>\n<td><span style=\"color: #000000;\">88<\/span><\/td>\n<td><span style=\"color: #000000;\">250<\/span><\/td>\n<td><span style=\"color: #000000;\">1<\/span><\/td>\n<\/tr>\n<tr>\n<td><span style=\"color: #000000;\">ABS150300<\/span><\/td>\n<td><span style=\"color: #000000;\">150-300<\/span><\/td>\n<td><span style=\"color: #000000;\">150<\/span><\/td>\n<td><span style=\"color: #000000;\">300<\/span><\/td>\n<td><span style=\"color: #000000;\">2,5<\/span><\/td>\n<td><span style=\"color: #000000;\">140<\/span><\/td>\n<td><span style=\"color: #000000;\">350<\/span><\/td>\n<td><span style=\"color: #000000;\">1,6<\/span><\/td>\n<\/tr>\n<\/tbody>\n<\/table>","protected":false},"excerpt":{"rendered":"<h3><span style=\"color: #000000;\">ENERMAK<\/span><\/h3>\n<h4><span style=\"color: #000000;\">MULT\u0130 EBAT KISA BORU TAPASI<\/span><\/h4>\n<p><span style=\"color: #000000;\">Bu k\u00f6rlemeler genellikle kanalizasyon ba\u011flant\u0131lar\u0131n\u0131 t\u0131kamak i\u00e7in kullan\u0131l\u0131r. K\u00f6rlemeler y\u00fcksek kalite kau\u00e7uk ve anti-korozyon metal \u00f6\u011felerden yap\u0131l\u0131r. Standart tip seriler 50 \u2013 300mm \u00e7aplar aras\u0131nda imal edilir.<\/span><\/p>","protected":false},"featured_media":27776,"template":"","meta":{"_bst_post_transparent":"default","_bst_post_title":"","_bst_post_layout":"default","_bst_post_sidebar_id":"","_bst_post_content_style":"default","_bst_post_vertical_padding":"default","_bst_post_feature":"","_bst_post_feature_position":"","_bst_post_header":false,"_bst_post_footer":false},"product_brand":[],"product_cat":[149],"product_tag":[914,901,909,908,912],"product_brands":[],"class_list":{"0":"post-9285","1":"product","2":"type-product","3":"status-publish","4":"has-post-thumbnail","6":"product_cat-kanal-boru-tikama-balonu","7":"product_tag-anti-korozyon","8":"product_tag-boru-tapasi","9":"product_tag-boru-tikama-balonu","10":"product_tag-kanal-tikama-balonu","11":"product_tag-korleme","13":"first","14":"instock","15":"shipping-taxable","16":"product-type-simple","17":"entry","18":"content-bg","19":"loop-entry"},"aioseo_notices":[],"_links":{"self":[{"href":"https:\/\/enermak.com\/en\/wp-json\/wp\/v2\/product\/9285","targetHints":{"allow":["GET"]}}],"collection":[{"href":"https:\/\/enermak.com\/en\/wp-json\/wp\/v2\/product"}],"about":[{"href":"https:\/\/enermak.com\/en\/wp-json\/wp\/v2\/types\/product"}],"version-history":[{"count":0,"href":"https:\/\/enermak.com\/en\/wp-json\/wp\/v2\/product\/9285\/revisions"}],"wp:featuredmedia":[{"embeddable":true,"href":"https:\/\/enermak.com\/en\/wp-json\/wp\/v2\/media\/27776"}],"wp:attachment":[{"href":"https:\/\/enermak.com\/en\/wp-json\/wp\/v2\/media?parent=9285"}],"wp:term":[{"taxonomy":"product_brand","embeddable":true,"href":"https:\/\/enermak.com\/en\/wp-json\/wp\/v2\/product_brand?post=9285"},{"taxonomy":"product_cat","embeddable":true,"href":"https:\/\/enermak.com\/en\/wp-json\/wp\/v2\/product_cat?post=9285"},{"taxonomy":"product_tag","embeddable":true,"href":"https:\/\/enermak.com\/en\/wp-json\/wp\/v2\/product_tag?post=9285"},{"taxonomy":"product_brands","embeddable":true,"href":"https:\/\/enermak.com\/en\/wp-json\/wp\/v2\/product_brands?post=9285"}],"curies":[{"name":"wp","href":"https:\/\/api.w.org\/{rel}","templated":true}]}}