{"id":9283,"date":"2022-05-05T11:58:34","date_gmt":"2022-05-05T08:58:34","guid":{"rendered":"http:\/\/isimmedya.com\/?post_type=product&#038;p=9283"},"modified":"2026-02-18T15:15:26","modified_gmt":"2026-02-18T12:15:26","slug":"yuksek-basincli-korleme","status":"publish","type":"product","link":"https:\/\/enermak.com\/en\/urunler\/yuksek-basincli-korleme\/","title":{"rendered":"Y\u00dcKSEK BASIN\u00c7LI K\u00d6RLEME 6 BAR"},"content":{"rendered":"<h2 class=\"wp-block-heading has-medium-font-size\"><span style=\"color: #000000;\"><strong>Y\u00fcksek Bas\u0131n\u00e7l\u0131 K\u00f6rleme<\/strong><\/span><\/h2>\n<p><span style=\"color: #000000;\">Y\u00dcKSEK BASIN\u00c7LI K\u00d6RLEME , Tepme bas\u0131nc\u0131n\u0131n standart k\u00f6rlemelerin \u00e7al\u0131\u015fma bas\u0131n\u00e7 aral\u0131\u011f\u0131n\u0131 a\u015ft\u0131\u011f\u0131 durumlarda boruyu t\u0131kamak i\u00e7in kullan\u0131l\u0131r. G\u00fc\u00e7lendirilmi\u015f \u00fcst ve alt ba\u015fl\u0131klar\u0131 ve aramid sayesinde y\u00fcksek bas\u0131n\u00e7larda da g\u00fcvenilir ve emniyetli \u00e7al\u0131\u015fmalara ula\u015f\u0131lm\u0131\u015ft\u0131r. K\u00f6rlemeler \u015fi\u015firme\/s\u00f6nd\u00fcrme i\u00e7in delik halka civata di\u015fleri ve h\u0131zl\u0131 ba\u011flant\u0131 elemanlar\u0131 ile donat\u0131lm\u0131\u015ft\u0131r. 6 bar tepme bas\u0131nc\u0131 vard\u0131r.<\/span><\/p>\n<p>&nbsp;<\/p>\n<h2 class=\"wp-block-heading has-medium-font-size\"><span style=\"color: #000000;\">\u00dcr\u00fcn kod ve detaylar\u0131<\/span><\/h2>\n<figure id=\"attachment_32498\" aria-describedby=\"caption-attachment-32498\" style=\"width: 797px\" class=\"wp-caption alignleft\"><a href=\"https:\/\/enermak.com\/wp-content\/uploads\/2022\/05\/YUKSEK-BASINCLI-KORLEME-6-BAR.JPG\" target=\"_blank\" rel=\"noopener sponsored\"><img fetchpriority=\"high\" decoding=\"async\" class=\"size-full wp-image-32498\" src=\"https:\/\/enermak.com\/wp-content\/uploads\/2022\/05\/YUKSEK-BASINCLI-KORLEME-6-BAR.JPG\" alt=\"\" width=\"797\" height=\"282\" srcset=\"https:\/\/enermak.com\/wp-content\/uploads\/2022\/05\/YUKSEK-BASINCLI-KORLEME-6-BAR.JPG 797w, https:\/\/enermak.com\/wp-content\/uploads\/2022\/05\/YUKSEK-BASINCLI-KORLEME-6-BAR-300x106.jpg 300w, https:\/\/enermak.com\/wp-content\/uploads\/2022\/05\/YUKSEK-BASINCLI-KORLEME-6-BAR-768x272.jpg 768w, https:\/\/enermak.com\/wp-content\/uploads\/2022\/05\/YUKSEK-BASINCLI-KORLEME-6-BAR-18x6.jpg 18w\" sizes=\"(max-width: 797px) 100vw, 797px\" \/><\/a><figcaption id=\"caption-attachment-32498\" class=\"wp-caption-text\">Y\u00dcKSEK BASIN\u00c7LI K\u00d6RLEME 6 BAR<\/figcaption><\/figure>","protected":false},"excerpt":{"rendered":"<h2><span style=\"color: #000000;\"><strong>Y\u00dcKSEK BASIN\u00c7LI K\u00d6RLEME<\/strong><\/span><\/h2>\n<p><span style=\"color: #000000;\">Y\u00dcKSEK BASIN\u00c7LI K\u00d6RLEME , Tepme bas\u0131nc\u0131n\u0131n standart k\u00f6rlemelerin \u00e7al\u0131\u015fma bas\u0131n\u00e7 aral\u0131\u011f\u0131n\u0131 a\u015ft\u0131\u011f\u0131 durumlarda boruyu t\u0131kamak i\u00e7in kullan\u0131l\u0131r. G\u00fc\u00e7lendirilmi\u015f \u00fcst ve alt ba\u015fl\u0131klar\u0131 ve aramid sayesinde y\u00fcksek bas\u0131n\u00e7larda da g\u00fcvenilir ve emniyetli \u00e7al\u0131\u015fmalara ula\u015f\u0131lm\u0131\u015ft\u0131r. K\u00f6rlemeler \u015fi\u015firme\/s\u00f6nd\u00fcrme i\u00e7in delik halka civata di\u015fleri ve h\u0131zl\u0131 ba\u011flant\u0131 elemanlar\u0131 ile donat\u0131lm\u0131\u015ft\u0131r. 6 bar tepme bas\u0131nc\u0131 vard\u0131r.<\/span><\/p>","protected":false},"featured_media":27777,"template":"","meta":{"_monsterinsights_skip_tracking":false,"_monsterinsights_sitenote_active":false,"_monsterinsights_sitenote_note":"","_monsterinsights_sitenote_category":0,"_uf_show_specific_survey":0,"_uf_disable_surveys":false,"_bst_post_transparent":"default","_bst_post_title":"","_bst_post_layout":"default","_bst_post_sidebar_id":"","_bst_post_content_style":"default","_bst_post_vertical_padding":"default","_bst_post_feature":"","_bst_post_feature_position":"","_bst_post_header":false,"_bst_post_footer":false},"product_brand":[],"product_cat":[149],"product_tag":[909,908,912],"product_brands":[],"class_list":{"0":"post-9283","1":"product","2":"type-product","3":"status-publish","4":"has-post-thumbnail","6":"product_cat-kanal-boru-tikama-balonu","7":"product_tag-boru-tikama-balonu","8":"product_tag-kanal-tikama-balonu","9":"product_tag-korleme","11":"first","12":"instock","13":"shipping-taxable","14":"product-type-simple","15":"entry","16":"content-bg","17":"loop-entry"},"aioseo_notices":[],"aioseo_head":"\n\t\t<!-- All in One SEO Pro 4.9.5.2 - aioseo.com -->\n\t<meta name=\"description\" content=\"Altyap\u0131 ve \u015febeke tespitinde kullanabilece\u011finiz, profesy\u00f6nelli\u011finizi bir ad\u0131m ileri ta\u015f\u0131yacak bir \u00e7ok \u00fcr\u00fcn Enermak Enerji&#039;de.Y\u00dcKSEK BASIN\u00c7LI K\u00d6RLEME\" \/>\n\t<meta name=\"robots\" content=\"max-snippet:-1, max-image-preview:large, max-video-preview:-1\" \/>\n\t<meta name=\"yandex-verification\" content=\"yandex-verification: 61c39bc218eec6a9\" \/>\n\t<link rel=\"canonical\" href=\"https:\/\/enermak.com\/en\/urunler\/yuksek-basincli-korleme\/\" \/>\n\t<meta name=\"generator\" content=\"All in One SEO Pro (AIOSEO) 4.9.5.2\" \/>\n\t\t<meta property=\"og:locale\" content=\"en_US\" \/>\n\t\t<meta property=\"og:site_name\" content=\"Enermak Enerji - Yeralt\u0131ndan Haberler\" \/>\n\t\t<meta property=\"og:type\" content=\"article\" \/>\n\t\t<meta property=\"og:title\" content=\"Y\u00dcKSEK BASIN\u00c7LI K\u00d6RLEME 6 BAR - Enermak Enerji\" \/>\n\t\t<meta property=\"og:description\" content=\"Altyap\u0131 ve \u015febeke tespitinde kullanabilece\u011finiz, profesy\u00f6nelli\u011finizi bir ad\u0131m ileri ta\u015f\u0131yacak bir \u00e7ok \u00fcr\u00fcn Enermak Enerji&#039;de.Y\u00dcKSEK BASIN\u00c7LI K\u00d6RLEME\" \/>\n\t\t<meta property=\"og:url\" content=\"https:\/\/enermak.com\/en\/urunler\/yuksek-basincli-korleme\/\" \/>\n\t\t<meta property=\"og:image\" content=\"https:\/\/enermak.com\/wp-content\/uploads\/2022\/03\/logo-tr-1.png\" \/>\n\t\t<meta property=\"og:image:secure_url\" content=\"https:\/\/enermak.com\/wp-content\/uploads\/2022\/03\/logo-tr-1.png\" \/>\n\t\t<meta property=\"article:published_time\" content=\"2022-05-05T08:58:34+00:00\" \/>\n\t\t<meta property=\"article:modified_time\" content=\"2026-02-18T12:15:26+00:00\" \/>\n\t\t<meta property=\"article:publisher\" content=\"https:\/\/www.facebook.com\/YERALTINDANHABERLER\/\" \/>\n\t\t<meta name=\"twitter:card\" content=\"summary_large_image\" \/>\n\t\t<meta name=\"twitter:site\" content=\"@enerjienermak\" \/>\n\t\t<meta name=\"twitter:title\" content=\"Y\u00dcKSEK BASIN\u00c7LI K\u00d6RLEME 6 BAR - Enermak Enerji\" \/>\n\t\t<meta name=\"twitter:description\" content=\"Altyap\u0131 ve \u015febeke tespitinde kullanabilece\u011finiz, profesy\u00f6nelli\u011finizi bir ad\u0131m ileri ta\u015f\u0131yacak bir \u00e7ok \u00fcr\u00fcn Enermak Enerji&#039;de.Y\u00dcKSEK BASIN\u00c7LI K\u00d6RLEME\" \/>\n\t\t<meta name=\"twitter:image\" content=\"https:\/\/enermak.com\/wp-content\/uploads\/2022\/03\/logo-tr-1.png\" \/>\n\t\t<script type=\"application\/ld+json\" class=\"aioseo-schema\">\n\t\t\t{\"@context\":\"https:\\\/\\\/schema.org\",\"@graph\":[{\"@type\":\"BreadcrumbList\",\"@id\":\"https:\\\/\\\/enermak.com\\\/en\\\/urunler\\\/yuksek-basincli-korleme\\\/#breadcrumblist\",\"itemListElement\":[{\"@type\":\"ListItem\",\"@id\":\"https:\\\/\\\/enermak.com\\\/en#listItem\",\"position\":1,\"name\":\"Home\",\"item\":\"https:\\\/\\\/enermak.com\\\/en\",\"nextItem\":{\"@type\":\"ListItem\",\"@id\":\"https:\\\/\\\/enermak.com\\\/en\\\/urunler\\\/#listItem\",\"name\":\"\\u00dcr\\u00fcnler\"}},{\"@type\":\"ListItem\",\"@id\":\"https:\\\/\\\/enermak.com\\\/en\\\/urunler\\\/#listItem\",\"position\":2,\"name\":\"\\u00dcr\\u00fcnler\",\"item\":\"https:\\\/\\\/enermak.com\\\/en\\\/urunler\\\/\",\"nextItem\":{\"@type\":\"ListItem\",\"@id\":\"https:\\\/\\\/enermak.com\\\/en\\\/urunler\\\/kategori\\\/kanal-boru-tikama-balonu\\\/#listItem\",\"name\":\"Boru K\\u00f6rleme &amp; Hava Yast\\u0131\\u011f\\u0131\"},\"previousItem\":{\"@type\":\"ListItem\",\"@id\":\"https:\\\/\\\/enermak.com\\\/en#listItem\",\"name\":\"Home\"}},{\"@type\":\"ListItem\",\"@id\":\"https:\\\/\\\/enermak.com\\\/en\\\/urunler\\\/kategori\\\/kanal-boru-tikama-balonu\\\/#listItem\",\"position\":3,\"name\":\"Boru K\\u00f6rleme &amp; Hava Yast\\u0131\\u011f\\u0131\",\"item\":\"https:\\\/\\\/enermak.com\\\/en\\\/urunler\\\/kategori\\\/kanal-boru-tikama-balonu\\\/\",\"nextItem\":{\"@type\":\"ListItem\",\"@id\":\"https:\\\/\\\/enermak.com\\\/en\\\/urunler\\\/yuksek-basincli-korleme\\\/#listItem\",\"name\":\"Y\\u00dcKSEK BASIN\\u00c7LI K\\u00d6RLEME 6 BAR\"},\"previousItem\":{\"@type\":\"ListItem\",\"@id\":\"https:\\\/\\\/enermak.com\\\/en\\\/urunler\\\/#listItem\",\"name\":\"\\u00dcr\\u00fcnler\"}},{\"@type\":\"ListItem\",\"@id\":\"https:\\\/\\\/enermak.com\\\/en\\\/urunler\\\/yuksek-basincli-korleme\\\/#listItem\",\"position\":4,\"name\":\"Y\\u00dcKSEK BASIN\\u00c7LI K\\u00d6RLEME 6 BAR\",\"previousItem\":{\"@type\":\"ListItem\",\"@id\":\"https:\\\/\\\/enermak.com\\\/en\\\/urunler\\\/kategori\\\/kanal-boru-tikama-balonu\\\/#listItem\",\"name\":\"Boru K\\u00f6rleme &amp; Hava Yast\\u0131\\u011f\\u0131\"}}]},{\"@type\":\"Organization\",\"@id\":\"https:\\\/\\\/enermak.com\\\/en\\\/#organization\",\"name\":\"Enermak Enerji\",\"description\":\"Yeralt\\u0131ndan Haberler\",\"url\":\"https:\\\/\\\/enermak.com\\\/en\\\/\",\"telephone\":\"+903123851102\",\"logo\":{\"@type\":\"ImageObject\",\"url\":\"https:\\\/\\\/enermak.com\\\/wp-content\\\/uploads\\\/2022\\\/03\\\/logo-tr-1.png\",\"@id\":\"https:\\\/\\\/enermak.com\\\/en\\\/urunler\\\/yuksek-basincli-korleme\\\/#organizationLogo\"},\"image\":{\"@id\":\"https:\\\/\\\/enermak.com\\\/en\\\/urunler\\\/yuksek-basincli-korleme\\\/#organizationLogo\"},\"sameAs\":[\"https:\\\/\\\/www.facebook.com\\\/YERALTINDANHABERLER\\\/\",\"https:\\\/\\\/twitter.com\\\/enerjienermak\",\"https:\\\/\\\/www.instagram.com\\\/enermakenerji\\\/\",\"https:\\\/\\\/www.youtube.com\\\/c\\\/EnermakEnerji\",\"https:\\\/\\\/www.linkedin.com\\\/in\\\/enermak\"]},{\"@type\":\"WebPage\",\"@id\":\"https:\\\/\\\/enermak.com\\\/en\\\/urunler\\\/yuksek-basincli-korleme\\\/#webpage\",\"url\":\"https:\\\/\\\/enermak.com\\\/en\\\/urunler\\\/yuksek-basincli-korleme\\\/\",\"name\":\"Y\\u00dcKSEK BASIN\\u00c7LI K\\u00d6RLEME 6 BAR - Enermak Enerji\",\"description\":\"Altyap\\u0131 ve \\u015febeke tespitinde kullanabilece\\u011finiz, profesy\\u00f6nelli\\u011finizi bir ad\\u0131m ileri ta\\u015f\\u0131yacak bir \\u00e7ok \\u00fcr\\u00fcn Enermak Enerji'de.Y\\u00dcKSEK BASIN\\u00c7LI K\\u00d6RLEME\",\"inLanguage\":\"en-US\",\"isPartOf\":{\"@id\":\"https:\\\/\\\/enermak.com\\\/en\\\/#website\"},\"breadcrumb\":{\"@id\":\"https:\\\/\\\/enermak.com\\\/en\\\/urunler\\\/yuksek-basincli-korleme\\\/#breadcrumblist\"},\"image\":{\"@type\":\"ImageObject\",\"url\":\"https:\\\/\\\/enermak.com\\\/wp-content\\\/uploads\\\/2022\\\/05\\\/YUKSEK-BASINCLI-KORLEME.jpg\",\"@id\":\"https:\\\/\\\/enermak.com\\\/en\\\/urunler\\\/yuksek-basincli-korleme\\\/#mainImage\",\"width\":803,\"height\":658,\"caption\":\"Y\\u00dcKSEK BASIN\\u00c7LI K\\u00d6RLEME\"},\"primaryImageOfPage\":{\"@id\":\"https:\\\/\\\/enermak.com\\\/en\\\/urunler\\\/yuksek-basincli-korleme\\\/#mainImage\"},\"datePublished\":\"2022-05-05T11:58:34+03:00\",\"dateModified\":\"2026-02-18T15:15:26+03:00\"},{\"@type\":\"WebSite\",\"@id\":\"https:\\\/\\\/enermak.com\\\/en\\\/#website\",\"url\":\"https:\\\/\\\/enermak.com\\\/en\\\/\",\"name\":\"Enermak Enerji\",\"alternateName\":\"Yeralt\\u0131ndan Haberler\",\"description\":\"Yeralt\\u0131ndan Haberler\",\"inLanguage\":\"en-US\",\"publisher\":{\"@id\":\"https:\\\/\\\/enermak.com\\\/en\\\/#organization\"}}]}\n\t\t<\/script>\n\t\t<!-- All in One SEO Pro -->\r\n\t\t<title>Y\u00dcKSEK BASIN\u00c7LI K\u00d6RLEME 6 BAR - Enermak Enerji<\/title>\n\n","aioseo_head_json":{"title":"Y\u00dcKSEK BASIN\u00c7LI K\u00d6RLEME 6 BAR - Enermak Enerji","description":"Altyap\u0131 ve \u015febeke tespitinde kullanabilece\u011finiz, profesy\u00f6nelli\u011finizi bir ad\u0131m ileri ta\u015f\u0131yacak bir \u00e7ok \u00fcr\u00fcn Enermak Enerji'de.Y\u00dcKSEK BASIN\u00c7LI K\u00d6RLEME","canonical_url":"https:\/\/enermak.com\/en\/urunler\/yuksek-basincli-korleme\/","robots":"max-snippet:-1, max-image-preview:large, max-video-preview:-1","keywords":"","webmasterTools":{"yandex-verification":"yandex-verification: 61c39bc218eec6a9","miscellaneous":""},"schema":{"@context":"https:\/\/schema.org","@graph":[{"@type":"BreadcrumbList","@id":"https:\/\/enermak.com\/en\/urunler\/yuksek-basincli-korleme\/#breadcrumblist","itemListElement":[{"@type":"ListItem","@id":"https:\/\/enermak.com\/en#listItem","position":1,"name":"Home","item":"https:\/\/enermak.com\/en","nextItem":{"@type":"ListItem","@id":"https:\/\/enermak.com\/en\/urunler\/#listItem","name":"\u00dcr\u00fcnler"}},{"@type":"ListItem","@id":"https:\/\/enermak.com\/en\/urunler\/#listItem","position":2,"name":"\u00dcr\u00fcnler","item":"https:\/\/enermak.com\/en\/urunler\/","nextItem":{"@type":"ListItem","@id":"https:\/\/enermak.com\/en\/urunler\/kategori\/kanal-boru-tikama-balonu\/#listItem","name":"Boru K\u00f6rleme &amp; Hava Yast\u0131\u011f\u0131"},"previousItem":{"@type":"ListItem","@id":"https:\/\/enermak.com\/en#listItem","name":"Home"}},{"@type":"ListItem","@id":"https:\/\/enermak.com\/en\/urunler\/kategori\/kanal-boru-tikama-balonu\/#listItem","position":3,"name":"Boru K\u00f6rleme &amp; Hava Yast\u0131\u011f\u0131","item":"https:\/\/enermak.com\/en\/urunler\/kategori\/kanal-boru-tikama-balonu\/","nextItem":{"@type":"ListItem","@id":"https:\/\/enermak.com\/en\/urunler\/yuksek-basincli-korleme\/#listItem","name":"Y\u00dcKSEK BASIN\u00c7LI K\u00d6RLEME 6 BAR"},"previousItem":{"@type":"ListItem","@id":"https:\/\/enermak.com\/en\/urunler\/#listItem","name":"\u00dcr\u00fcnler"}},{"@type":"ListItem","@id":"https:\/\/enermak.com\/en\/urunler\/yuksek-basincli-korleme\/#listItem","position":4,"name":"Y\u00dcKSEK BASIN\u00c7LI K\u00d6RLEME 6 BAR","previousItem":{"@type":"ListItem","@id":"https:\/\/enermak.com\/en\/urunler\/kategori\/kanal-boru-tikama-balonu\/#listItem","name":"Boru K\u00f6rleme &amp; Hava Yast\u0131\u011f\u0131"}}]},{"@type":"Organization","@id":"https:\/\/enermak.com\/en\/#organization","name":"Enermak Enerji","description":"Yeralt\u0131ndan Haberler","url":"https:\/\/enermak.com\/en\/","telephone":"+903123851102","logo":{"@type":"ImageObject","url":"https:\/\/enermak.com\/wp-content\/uploads\/2022\/03\/logo-tr-1.png","@id":"https:\/\/enermak.com\/en\/urunler\/yuksek-basincli-korleme\/#organizationLogo"},"image":{"@id":"https:\/\/enermak.com\/en\/urunler\/yuksek-basincli-korleme\/#organizationLogo"},"sameAs":["https:\/\/www.facebook.com\/YERALTINDANHABERLER\/","https:\/\/twitter.com\/enerjienermak","https:\/\/www.instagram.com\/enermakenerji\/","https:\/\/www.youtube.com\/c\/EnermakEnerji","https:\/\/www.linkedin.com\/in\/enermak"]},{"@type":"WebPage","@id":"https:\/\/enermak.com\/en\/urunler\/yuksek-basincli-korleme\/#webpage","url":"https:\/\/enermak.com\/en\/urunler\/yuksek-basincli-korleme\/","name":"Y\u00dcKSEK BASIN\u00c7LI K\u00d6RLEME 6 BAR - Enermak Enerji","description":"Altyap\u0131 ve \u015febeke tespitinde kullanabilece\u011finiz, profesy\u00f6nelli\u011finizi bir ad\u0131m ileri ta\u015f\u0131yacak bir \u00e7ok \u00fcr\u00fcn Enermak Enerji'de.Y\u00dcKSEK BASIN\u00c7LI K\u00d6RLEME","inLanguage":"en-US","isPartOf":{"@id":"https:\/\/enermak.com\/en\/#website"},"breadcrumb":{"@id":"https:\/\/enermak.com\/en\/urunler\/yuksek-basincli-korleme\/#breadcrumblist"},"image":{"@type":"ImageObject","url":"https:\/\/enermak.com\/wp-content\/uploads\/2022\/05\/YUKSEK-BASINCLI-KORLEME.jpg","@id":"https:\/\/enermak.com\/en\/urunler\/yuksek-basincli-korleme\/#mainImage","width":803,"height":658,"caption":"Y\u00dcKSEK BASIN\u00c7LI K\u00d6RLEME"},"primaryImageOfPage":{"@id":"https:\/\/enermak.com\/en\/urunler\/yuksek-basincli-korleme\/#mainImage"},"datePublished":"2022-05-05T11:58:34+03:00","dateModified":"2026-02-18T15:15:26+03:00"},{"@type":"WebSite","@id":"https:\/\/enermak.com\/en\/#website","url":"https:\/\/enermak.com\/en\/","name":"Enermak Enerji","alternateName":"Yeralt\u0131ndan Haberler","description":"Yeralt\u0131ndan Haberler","inLanguage":"en-US","publisher":{"@id":"https:\/\/enermak.com\/en\/#organization"}}]},"og:locale":"en_US","og:site_name":"Enermak Enerji - Yeralt\u0131ndan Haberler","og:type":"article","og:title":"Y\u00dcKSEK BASIN\u00c7LI K\u00d6RLEME 6 BAR - Enermak Enerji","og:description":"Altyap\u0131 ve \u015febeke tespitinde kullanabilece\u011finiz, profesy\u00f6nelli\u011finizi bir ad\u0131m ileri ta\u015f\u0131yacak bir \u00e7ok \u00fcr\u00fcn Enermak Enerji'de.Y\u00dcKSEK BASIN\u00c7LI K\u00d6RLEME","og:url":"https:\/\/enermak.com\/en\/urunler\/yuksek-basincli-korleme\/","og:image":"https:\/\/enermak.com\/wp-content\/uploads\/2022\/03\/logo-tr-1.png","og:image:secure_url":"https:\/\/enermak.com\/wp-content\/uploads\/2022\/03\/logo-tr-1.png","article:published_time":"2022-05-05T08:58:34+00:00","article:modified_time":"2026-02-18T12:15:26+00:00","article:publisher":"https:\/\/www.facebook.com\/YERALTINDANHABERLER\/","twitter:card":"summary_large_image","twitter:site":"@enerjienermak","twitter:title":"Y\u00dcKSEK BASIN\u00c7LI K\u00d6RLEME 6 BAR - Enermak Enerji","twitter:description":"Altyap\u0131 ve \u015febeke tespitinde kullanabilece\u011finiz, profesy\u00f6nelli\u011finizi bir ad\u0131m ileri ta\u015f\u0131yacak bir \u00e7ok \u00fcr\u00fcn Enermak Enerji'de.Y\u00dcKSEK BASIN\u00c7LI K\u00d6RLEME","twitter:image":"https:\/\/enermak.com\/wp-content\/uploads\/2022\/03\/logo-tr-1.png"},"aioseo_meta_data":{"post_id":"9283","title":null,"description":"Altyap\u0131 ve \u015febeke tespitinde kullanabilece\u011finiz, profesy\u00f6nelli\u011finizi bir ad\u0131m ileri ta\u015f\u0131yacak bir \u00e7ok \u00fcr\u00fcn Enermak Enerji'de.Y\u00dcKSEK BASIN\u00c7LI K\u00d6RLEME","keywords":null,"keyphrases":{"focus":{"keyphrase":"Y\u00dcKSEK BASIN\u00c7LI K\u00d6RLEME","analysis":{"keyphraseInTitle":{"score":9,"maxScore":9,"error":0},"keyphraseInDescription":{"score":9,"maxScore":9,"error":0},"keyphraseLength":{"score":6,"maxScore":9,"error":1,"length":6},"keyphraseInURL":{"score":5,"maxScore":5,"error":0},"keyphraseInIntroduction":{"score":9,"maxScore":9,"error":0},"keyphraseInSubHeadings":{"score":3,"maxScore":9,"error":1},"keyphraseInImageAlt":{"score":3,"maxScore":9,"error":1},"keywordDensity":{"type":"best","score":9,"maxScore":9,"error":0}},"score":78},"additional":[]},"primary_term":null,"canonical_url":null,"og_title":null,"og_description":null,"og_object_type":"default","og_image_type":"default","og_image_url":null,"og_image_width":null,"og_image_height":null,"og_image_custom_url":null,"og_image_custom_fields":null,"og_video":"","og_custom_url":null,"og_article_section":null,"og_article_tags":null,"twitter_use_og":false,"twitter_card":"default","twitter_image_type":"default","twitter_image_url":null,"twitter_image_custom_url":null,"twitter_image_custom_fields":null,"twitter_title":null,"twitter_description":null,"schema":{"blockGraphs":[],"customGraphs":[],"default":{"data":{"Article":[],"Course":[],"Dataset":[],"FAQPage":[],"Movie":[],"Person":[],"Product":[],"ProductReview":[],"Car":[],"Recipe":[],"Service":[],"SoftwareApplication":[],"WebPage":[]},"graphName":"ItemPage","isEnabled":false},"graphs":[]},"schema_type":"default","schema_type_options":null,"pillar_content":false,"robots_default":false,"robots_noindex":false,"robots_noarchive":false,"robots_nosnippet":false,"robots_nofollow":false,"robots_noimageindex":false,"robots_noodp":false,"robots_notranslate":false,"robots_max_snippet":"-1","robots_max_videopreview":"-1","robots_max_imagepreview":"large","priority":null,"frequency":"default","local_seo":null,"seo_analyzer_scan_date":"2026-02-18 12:16:05","breadcrumb_settings":null,"limit_modified_date":false,"reviewed_by":null,"open_ai":"{\"title\":{\"suggestions\":[],\"usage\":0},\"description\":{\"suggestions\":[],\"usage\":0}}","ai":{"faqs":[],"keyPoints":[],"titles":[],"descriptions":[],"socialPosts":{"email":[],"linkedin":[],"twitter":[],"facebook":[],"instagram":[]}},"created":"2022-09-12 10:39:32","updated":"2026-02-18 12:16:05"},"aioseo_breadcrumb":"<div class=\"aioseo-breadcrumbs\"><span class=\"aioseo-breadcrumb\">\n\t<a href=\"https:\/\/enermak.com\/en\" title=\"Home\">Home<\/a>\n<\/span><span class=\"aioseo-breadcrumb-separator\">\u00bb<\/span><span class=\"aioseo-breadcrumb\">\n\t<a href=\"https:\/\/enermak.com\/en\/urunler\/\" title=\"\u00dcr\u00fcnler\">\u00dcr\u00fcnler<\/a>\n<\/span><span class=\"aioseo-breadcrumb-separator\">\u00bb<\/span><span class=\"aioseo-breadcrumb\">\n\t<a href=\"https:\/\/enermak.com\/en\/urunler\/kategori\/kanal-boru-tikama-balonu\/\" title=\"Boru K\u00f6rleme &amp; Hava Yast\u0131\u011f\u0131\">Boru K\u00f6rleme &amp; Hava Yast\u0131\u011f\u0131<\/a>\n<\/span><span class=\"aioseo-breadcrumb-separator\">\u00bb<\/span><span class=\"aioseo-breadcrumb\">\n\tY\u00dcKSEK BASIN\u00c7LI K\u00d6RLEME 6 BAR\n<\/span><\/div>","aioseo_breadcrumb_json":[{"label":"Home","link":"https:\/\/enermak.com\/en"},{"label":"\u00dcr\u00fcnler","link":"https:\/\/enermak.com\/en\/urunler\/"},{"label":"Boru K\u00f6rleme &amp; Hava Yast\u0131\u011f\u0131","link":"https:\/\/enermak.com\/en\/urunler\/kategori\/kanal-boru-tikama-balonu\/"},{"label":"Y\u00dcKSEK BASIN\u00c7LI K\u00d6RLEME 6 BAR","link":"https:\/\/enermak.com\/en\/urunler\/yuksek-basincli-korleme\/"}],"_links":{"self":[{"href":"https:\/\/enermak.com\/en\/wp-json\/wp\/v2\/product\/9283","targetHints":{"allow":["GET"]}}],"collection":[{"href":"https:\/\/enermak.com\/en\/wp-json\/wp\/v2\/product"}],"about":[{"href":"https:\/\/enermak.com\/en\/wp-json\/wp\/v2\/types\/product"}],"version-history":[{"count":0,"href":"https:\/\/enermak.com\/en\/wp-json\/wp\/v2\/product\/9283\/revisions"}],"wp:featuredmedia":[{"embeddable":true,"href":"https:\/\/enermak.com\/en\/wp-json\/wp\/v2\/media\/27777"}],"wp:attachment":[{"href":"https:\/\/enermak.com\/en\/wp-json\/wp\/v2\/media?parent=9283"}],"wp:term":[{"taxonomy":"product_brand","embeddable":true,"href":"https:\/\/enermak.com\/en\/wp-json\/wp\/v2\/product_brand?post=9283"},{"taxonomy":"product_cat","embeddable":true,"href":"https:\/\/enermak.com\/en\/wp-json\/wp\/v2\/product_cat?post=9283"},{"taxonomy":"product_tag","embeddable":true,"href":"https:\/\/enermak.com\/en\/wp-json\/wp\/v2\/product_tag?post=9283"},{"taxonomy":"product_brands","embeddable":true,"href":"https:\/\/enermak.com\/en\/wp-json\/wp\/v2\/product_brands?post=9283"}],"curies":[{"name":"wp","href":"https:\/\/api.w.org\/{rel}","templated":true}]}}