{"id":9279,"date":"2022-03-06T11:56:17","date_gmt":"2022-03-06T08:56:17","guid":{"rendered":"http:\/\/isimmedya.com\/?post_type=product&#038;p=9279"},"modified":"2026-02-18T15:25:05","modified_gmt":"2026-02-18T12:25:05","slug":"oval-boru-tapasi","status":"publish","type":"product","link":"https:\/\/enermak.com\/en\/urunler\/oval-boru-tapasi\/","title":{"rendered":"OVAL BORU TAPASI"},"content":{"rendered":"<h2 class=\"wp-block-heading has-medium-font-size\"><span style=\"color: #000000;\"><strong>OVAL BORU TAPASI<\/strong><\/span><\/h2>\n<p><span style=\"color: #000000;\">\u00c7e\u015fitli oval k\u00f6rlemeler.\u00a0Engelleme\u00a0ile\u00a0\u00fcr\u00fcnlerin\u00a0\u00fc\u00e7 boyu\u00a0mevcuttur.\u00a0Bu k\u00f6rlemeler\u00a0oval\u00a0profilleri\u00a0t\u0131kamak\u00a0i\u00e7in kullan\u0131l\u0131r.\u00a0Test s\u0131zd\u0131rmazl\u0131\u011f\u0131\u00a0\u00fcretmek i\u00e7in\u00a0kullan\u0131labilir.\u00a0Boru hatt\u0131n\u0131n taklidi \u015feklindedir.<\/span><\/p>\n<table style=\"height: 337px;\" width=\"1023\">\n<tbody>\n<tr>\n<td width=\"103\"><span style=\"color: #000000;\">\u00dcr\u00fcn Kodu<\/span><\/td>\n<td width=\"168\"><span style=\"color: #000000;\"><strong>Nominal Boyut<\/strong><\/span><\/td>\n<td width=\"102\"><span style=\"color: #000000;\"><strong>Min. Boru \u00c7ap\u0131(mm)<\/strong><\/span><\/td>\n<td width=\"111\"><span style=\"color: #000000;\"><strong>Max. Boru \u00a0\u00c7ap\u0131(mm)<\/strong><\/span><\/td>\n<td width=\"111\"><span style=\"color: #000000;\"><strong>Max.<\/strong><\/span><\/p>\n<p><span style=\"color: #000000;\"><strong>\u00c7al\u0131\u015fma Bas\u0131nc\u0131(bar)<\/strong><\/span><\/td>\n<td width=\"93\"><span style=\"color: #000000;\"><strong>\u00dcr\u00fcn \u00c7ap\u0131(mm)<\/strong><\/span><\/td>\n<td width=\"111\"><span style=\"color: #000000;\"><strong>\u00dcr\u00fcn Uzunlu\u011fu(mm)<\/strong><\/span><\/td>\n<td width=\"129\"><span style=\"color: #000000;\"><strong>\u00dcr\u00fcn \u00a0A\u011f\u0131rl\u0131\u011f\u0131<\/strong><strong>(kg)<\/strong><\/span><\/td>\n<\/tr>\n<tr>\n<td width=\"103\"><\/td>\n<td width=\"168\"><\/td>\n<td width=\"102\"><\/td>\n<td width=\"111\"><\/td>\n<td width=\"111\"><\/td>\n<td width=\"93\"><\/td>\n<td width=\"111\"><\/td>\n<td width=\"129\"><\/td>\n<\/tr>\n<tr>\n<td width=\"103\"><span style=\"color: #000000;\"><strong>OAB200300<\/strong><\/span><\/td>\n<td width=\"168\"><span style=\"color: #000000;\"><strong>200\/300250\/375300\/450<\/strong><\/span><\/td>\n<td width=\"102\"><span style=\"color: #000000;\"><strong>200\/300<\/strong><\/span><\/td>\n<td width=\"111\"><span style=\"color: #000000;\"><strong>300\/450<\/strong><\/span><\/td>\n<td width=\"111\"><span style=\"color: #000000;\"><strong>1,5<\/strong><\/span><\/td>\n<td width=\"93\"><span style=\"color: #000000;\"><strong>180X280<\/strong><\/span><\/td>\n<td width=\"111\"><span style=\"color: #000000;\"><strong>750<\/strong><\/span><\/td>\n<td width=\"129\"><span style=\"color: #000000;\"><strong>9<\/strong><\/span><\/td>\n<\/tr>\n<tr>\n<td width=\"103\"><span style=\"color: #000000;\"><strong>OAB300500<\/strong><\/span><\/td>\n<td width=\"168\"><span style=\"color: #000000;\"><strong>300\/450350\/525400\/600<\/strong><\/span><\/td>\n<td width=\"102\"><span style=\"color: #000000;\"><strong>300\/400<\/strong><\/span><\/td>\n<td width=\"111\"><span style=\"color: #000000;\"><strong>500\/750<\/strong><\/span><\/td>\n<td width=\"111\"><span style=\"color: #000000;\"><strong>1,5<\/strong><\/span><\/td>\n<td width=\"93\"><span style=\"color: #000000;\"><strong>280X380<\/strong><\/span><\/td>\n<td width=\"111\"><span style=\"color: #000000;\"><strong>800<\/strong><\/span><\/td>\n<td width=\"129\"><span style=\"color: #000000;\"><strong>15<\/strong><\/span><\/td>\n<\/tr>\n<tr>\n<td width=\"103\"><span style=\"color: #000000;\"><strong>OAB400600<\/strong><\/span><\/td>\n<td width=\"168\"><span style=\"color: #000000;\"><strong>400\/600600\/900<\/strong><\/span><\/td>\n<td width=\"102\"><span style=\"color: #000000;\"><strong>300\/400<\/strong><\/span><\/td>\n<td width=\"111\"><span style=\"color: #000000;\"><strong>600\/900<\/strong><\/span><\/td>\n<td width=\"111\"><span style=\"color: #000000;\"><strong>1,5<\/strong><\/span><\/td>\n<td width=\"93\"><span style=\"color: #000000;\"><strong>280X380<\/strong><\/span><\/td>\n<td width=\"111\"><span style=\"color: #000000;\"><strong>1000<\/strong><\/span><\/td>\n<td width=\"129\"><span style=\"color: #000000;\"><strong>25<\/strong><\/span><\/td>\n<\/tr>\n<\/tbody>\n<\/table>","protected":false},"excerpt":{"rendered":"<h3>ENERMAK<\/h3>\n<h4>OVAL BORU TAPASI<\/h4>\n<p>\u00c7e\u015fitli oval k\u00f6rlemeler.\u00a0Engelleme\u00a0ile\u00a0\u00fcr\u00fcnlerin\u00a0\u00fc\u00e7 boyu\u00a0mevcuttur.\u00a0Bu k\u00f6rlemeler\u00a0oval\u00a0profilleri\u00a0t\u0131kamak\u00a0i\u00e7in kullan\u0131l\u0131r.\u00a0Test s\u0131zd\u0131rmazl\u0131\u011f\u0131\u00a0\u00fcretmek i\u00e7in\u00a0kullan\u0131labilir.\u00a0Boru hatt\u0131n\u0131n taklidi \u015feklindedir.<\/p>","protected":false},"featured_media":9281,"template":"","meta":{"_bst_post_transparent":"default","_bst_post_title":"","_bst_post_layout":"default","_bst_post_sidebar_id":"","_bst_post_content_style":"default","_bst_post_vertical_padding":"default","_bst_post_feature":"","_bst_post_feature_position":"","_bst_post_header":false,"_bst_post_footer":false},"product_brand":[],"product_cat":[149],"product_tag":[901,909,908,912,920],"product_brands":[],"class_list":{"0":"post-9279","1":"product","2":"type-product","3":"status-publish","4":"has-post-thumbnail","6":"product_cat-kanal-boru-tikama-balonu","7":"product_tag-boru-tapasi","8":"product_tag-boru-tikama-balonu","9":"product_tag-kanal-tikama-balonu","10":"product_tag-korleme","11":"product_tag-test-sizdirmazligi","13":"first","14":"instock","15":"shipping-taxable","16":"product-type-external","17":"entry","18":"content-bg","19":"loop-entry"},"aioseo_notices":[],"_links":{"self":[{"href":"https:\/\/enermak.com\/en\/wp-json\/wp\/v2\/product\/9279","targetHints":{"allow":["GET"]}}],"collection":[{"href":"https:\/\/enermak.com\/en\/wp-json\/wp\/v2\/product"}],"about":[{"href":"https:\/\/enermak.com\/en\/wp-json\/wp\/v2\/types\/product"}],"version-history":[{"count":0,"href":"https:\/\/enermak.com\/en\/wp-json\/wp\/v2\/product\/9279\/revisions"}],"wp:featuredmedia":[{"embeddable":true,"href":"https:\/\/enermak.com\/en\/wp-json\/wp\/v2\/media\/9281"}],"wp:attachment":[{"href":"https:\/\/enermak.com\/en\/wp-json\/wp\/v2\/media?parent=9279"}],"wp:term":[{"taxonomy":"product_brand","embeddable":true,"href":"https:\/\/enermak.com\/en\/wp-json\/wp\/v2\/product_brand?post=9279"},{"taxonomy":"product_cat","embeddable":true,"href":"https:\/\/enermak.com\/en\/wp-json\/wp\/v2\/product_cat?post=9279"},{"taxonomy":"product_tag","embeddable":true,"href":"https:\/\/enermak.com\/en\/wp-json\/wp\/v2\/product_tag?post=9279"},{"taxonomy":"product_brands","embeddable":true,"href":"https:\/\/enermak.com\/en\/wp-json\/wp\/v2\/product_brands?post=9279"}],"curies":[{"name":"wp","href":"https:\/\/api.w.org\/{rel}","templated":true}]}}