{"id":9276,"date":"2024-04-03T11:49:10","date_gmt":"2024-04-03T08:49:10","guid":{"rendered":"http:\/\/isimmedya.com\/?post_type=product&#038;p=9276"},"modified":"2026-02-18T15:32:52","modified_gmt":"2026-02-18T12:32:52","slug":"tek-ebat-mekanik-boru-tapasi","status":"publish","type":"product","link":"https:\/\/enermak.com\/en\/urunler\/tek-ebat-mekanik-boru-tapasi\/","title":{"rendered":"TEK EBAT MEKAN\u0130K BORU TAPASI"},"content":{"rendered":"<h2 class=\"wp-block-heading has-medium-font-size\"><span style=\"color: #000000;\"><strong>TEK EBAT MEKAN\u0130K BORU TAPASI<\/strong><\/span><\/h2>\n<p data-start=\"61\" data-end=\"279\">K\u00f6rlemeler, kanalizasyon borular\u0131n\u0131 bloke etmek; tamirat, hidrostatik testler ve boru kayna\u011f\u0131 gibi i\u015flemlerde kullan\u0131lmak \u00fczere tasarlanm\u0131\u015ft\u0131r. Kolay kurulum sa\u011flar, 3 atm bas\u0131nca ve 70\u202f\u00b0C s\u0131cakl\u0131\u011fa kadar dayan\u0131kl\u0131d\u0131r.<\/p>\n<table width=\"589\">\n<tbody>\n<tr>\n<td><span style=\"color: #000000;\"><strong>\u00dcr\u00fcn Kodu<\/strong><\/span><\/td>\n<td><span style=\"color: #000000;\"><strong>Nominal Boyut<\/strong><\/span><\/td>\n<td><span style=\"color: #000000;\"><strong>Min Boru \u00c7ap\u0131<\/strong><\/span><\/td>\n<td><span style=\"color: #000000;\"><strong>Max Boru \u00a0\u00c7ap\u0131<\/strong><\/span><\/td>\n<td><span style=\"color: #000000;\"><strong>\u00dcr\u00fcn \u00c7ap\u0131<\/strong><\/span><\/td>\n<td><span style=\"color: #000000;\"><strong>\u00dcr\u00fcn Uzunlu\u011fu<\/strong><\/span><\/td>\n<\/tr>\n<tr>\n<td><span style=\"color: #000000;\"><strong>\u00a0<\/strong><\/span><\/td>\n<td><span style=\"color: #000000;\"><strong>\u00a0<\/strong><\/span><\/td>\n<td><span style=\"color: #000000;\"><strong>(mm)<\/strong><\/span><\/td>\n<td><span style=\"color: #000000;\"><strong>(mm)<\/strong><\/span><\/td>\n<td><span style=\"color: #000000;\"><strong>(mm)<\/strong><\/span><\/td>\n<td><span style=\"color: #000000;\"><strong>(mm)<\/strong><\/span><\/td>\n<\/tr>\n<tr>\n<td><span style=\"color: #000000;\"><strong>MTP6<\/strong><\/span><\/td>\n<td><span style=\"color: #000000;\"><strong>\u00bc\u201d<\/strong><\/span><\/td>\n<td><span style=\"color: #000000;\"><strong>6<\/strong><\/span><\/td>\n<td><\/td>\n<td><span style=\"color: #000000;\"><strong>5,5<\/strong><\/span><\/td>\n<td><span style=\"color: #000000;\"><strong>40<\/strong><\/span><\/td>\n<\/tr>\n<tr>\n<td><span style=\"color: #000000;\"><strong>MTP9<\/strong><\/span><\/td>\n<td><span style=\"color: #000000;\"><strong>3\/8\u201d<\/strong><\/span><\/td>\n<td><span style=\"color: #000000;\"><strong>9<\/strong><\/span><\/td>\n<td><span style=\"color: #000000;\"><strong>10<\/strong><\/span><\/td>\n<td><span style=\"color: #000000;\"><strong>8,5<\/strong><\/span><\/td>\n<td><span style=\"color: #000000;\"><strong>40<\/strong><\/span><\/td>\n<\/tr>\n<tr>\n<td><span style=\"color: #000000;\"><strong>MTP12<\/strong><\/span><\/td>\n<td><span style=\"color: #000000;\"><strong>\u00bd\u201d<\/strong><\/span><\/td>\n<td><span style=\"color: #000000;\"><strong>12<\/strong><\/span><\/td>\n<td><span style=\"color: #000000;\"><strong>13<\/strong><\/span><\/td>\n<td><span style=\"color: #000000;\"><strong>11,5<\/strong><\/span><\/td>\n<td><span style=\"color: #000000;\"><strong>40<\/strong><\/span><\/td>\n<\/tr>\n<tr>\n<td><span style=\"color: #000000;\"><strong>MTP30<\/strong><\/span><\/td>\n<td><span style=\"color: #000000;\"><strong>1 \u00bc\u201d<\/strong><\/span><\/td>\n<td><span style=\"color: #000000;\"><strong>29<\/strong><\/span><\/td>\n<td><span style=\"color: #000000;\"><strong>32<\/strong><\/span><\/td>\n<td><span style=\"color: #000000;\"><strong>28<\/strong><\/span><\/td>\n<td><span style=\"color: #000000;\"><strong>40<\/strong><\/span><\/td>\n<\/tr>\n<tr>\n<td><span style=\"color: #000000;\"><strong>MTP38<\/strong><\/span><\/td>\n<td><span style=\"color: #000000;\"><strong>1 \u00bd\u201d<\/strong><\/span><\/td>\n<td><span style=\"color: #000000;\"><strong>38<\/strong><\/span><\/td>\n<td><span style=\"color: #000000;\"><strong>40<\/strong><\/span><\/td>\n<td><span style=\"color: #000000;\"><strong>37<\/strong><\/span><\/td>\n<td><span style=\"color: #000000;\"><strong>40<\/strong><\/span><\/td>\n<\/tr>\n<tr>\n<td><span style=\"color: #000000;\"><strong>MTP50<\/strong><\/span><\/td>\n<td><span style=\"color: #000000;\"><strong>2\u201d<\/strong><\/span><\/td>\n<td><span style=\"color: #000000;\"><strong>49<\/strong><\/span><\/td>\n<td><span style=\"color: #000000;\"><strong>51<\/strong><\/span><\/td>\n<td><span style=\"color: #000000;\"><strong>47<\/strong><\/span><\/td>\n<td><span style=\"color: #000000;\"><strong>40<\/strong><\/span><\/td>\n<\/tr>\n<tr>\n<td><span style=\"color: #000000;\"><strong>MTP75<\/strong><\/span><\/td>\n<td><span style=\"color: #000000;\"><strong>3\u201d<\/strong><\/span><\/td>\n<td><span style=\"color: #000000;\"><strong>74<\/strong><\/span><\/td>\n<td><span style=\"color: #000000;\"><strong>77<\/strong><\/span><\/td>\n<td><span style=\"color: #000000;\"><strong>72<\/strong><\/span><\/td>\n<td><span style=\"color: #000000;\"><strong>40<\/strong><\/span><\/td>\n<\/tr>\n<tr>\n<td><span style=\"color: #000000;\"><strong>MTP100<\/strong><\/span><\/td>\n<td><span style=\"color: #000000;\"><strong>4\u201d<\/strong><\/span><\/td>\n<td><span style=\"color: #000000;\"><strong>98<\/strong><\/span><\/td>\n<td><span style=\"color: #000000;\"><strong>102<\/strong><\/span><\/td>\n<td><span style=\"color: #000000;\"><strong>96<\/strong><\/span><\/td>\n<td><span style=\"color: #000000;\"><strong>40<\/strong><\/span><\/td>\n<\/tr>\n<tr>\n<td><span style=\"color: #000000;\"><strong>MTP150<\/strong><\/span><\/td>\n<td><span style=\"color: #000000;\"><strong>6\u201d<\/strong><\/span><\/td>\n<td><span style=\"color: #000000;\"><strong>148<\/strong><\/span><\/td>\n<td><span style=\"color: #000000;\"><strong>153<\/strong><\/span><\/td>\n<td><span style=\"color: #000000;\"><strong>146<\/strong><\/span><\/td>\n<td><span style=\"color: #000000;\"><strong>40<\/strong><\/span><\/td>\n<\/tr>\n<tr>\n<td><span style=\"color: #000000;\"><strong>MTP200<\/strong><\/span><\/td>\n<td><span style=\"color: #000000;\"><strong>8\u201d<\/strong><\/span><\/td>\n<td><span style=\"color: #000000;\"><strong>195<\/strong><\/span><\/td>\n<td><span style=\"color: #000000;\"><strong>202<\/strong><\/span><\/td>\n<td><span style=\"color: #000000;\"><strong>192<\/strong><\/span><\/td>\n<td><span style=\"color: #000000;\"><strong>40<\/strong><\/span><\/td>\n<\/tr>\n<\/tbody>\n<\/table>\n<p>&nbsp;<\/p>\n<p>&nbsp;<\/p>","protected":false},"excerpt":{"rendered":"<h3><span style=\"color: #000000;\">ENERMAK<\/span><\/h3>\n<h4><span style=\"color: #000000;\">TEK EBAT MEKAN\u0130K BORU TAPASI<\/span><\/h4>\n<p data-start=\"61\" data-end=\"279\"><span style=\"color: #000000;\">K\u00f6rlemeler, kanalizasyon borular\u0131n\u0131 bloke etmek; tamirat, hidrostatik testler ve boru kayna\u011f\u0131 gibi i\u015flemlerde kullan\u0131lmak \u00fczere tasarlanm\u0131\u015ft\u0131r. Kolay kurulum sa\u011flar, 3 atm bas\u0131nca ve 70\u202f\u00b0C s\u0131cakl\u0131\u011fa kadar dayan\u0131kl\u0131d\u0131r.<\/span><\/p>","protected":false},"featured_media":27766,"template":"","meta":{"_bst_post_transparent":"default","_bst_post_title":"","_bst_post_layout":"default","_bst_post_sidebar_id":"","_bst_post_content_style":"default","_bst_post_vertical_padding":"default","_bst_post_feature":"","_bst_post_feature_position":"","_bst_post_header":false,"_bst_post_footer":false},"product_brand":[],"product_cat":[149],"product_tag":[901,909,908,912],"product_brands":[],"class_list":{"0":"post-9276","1":"product","2":"type-product","3":"status-publish","4":"has-post-thumbnail","6":"product_cat-kanal-boru-tikama-balonu","7":"product_tag-boru-tapasi","8":"product_tag-boru-tikama-balonu","9":"product_tag-kanal-tikama-balonu","10":"product_tag-korleme","12":"first","13":"instock","14":"shipping-taxable","15":"product-type-simple","16":"entry","17":"content-bg","18":"loop-entry"},"aioseo_notices":[],"_links":{"self":[{"href":"https:\/\/enermak.com\/en\/wp-json\/wp\/v2\/product\/9276","targetHints":{"allow":["GET"]}}],"collection":[{"href":"https:\/\/enermak.com\/en\/wp-json\/wp\/v2\/product"}],"about":[{"href":"https:\/\/enermak.com\/en\/wp-json\/wp\/v2\/types\/product"}],"version-history":[{"count":0,"href":"https:\/\/enermak.com\/en\/wp-json\/wp\/v2\/product\/9276\/revisions"}],"wp:featuredmedia":[{"embeddable":true,"href":"https:\/\/enermak.com\/en\/wp-json\/wp\/v2\/media\/27766"}],"wp:attachment":[{"href":"https:\/\/enermak.com\/en\/wp-json\/wp\/v2\/media?parent=9276"}],"wp:term":[{"taxonomy":"product_brand","embeddable":true,"href":"https:\/\/enermak.com\/en\/wp-json\/wp\/v2\/product_brand?post=9276"},{"taxonomy":"product_cat","embeddable":true,"href":"https:\/\/enermak.com\/en\/wp-json\/wp\/v2\/product_cat?post=9276"},{"taxonomy":"product_tag","embeddable":true,"href":"https:\/\/enermak.com\/en\/wp-json\/wp\/v2\/product_tag?post=9276"},{"taxonomy":"product_brands","embeddable":true,"href":"https:\/\/enermak.com\/en\/wp-json\/wp\/v2\/product_brands?post=9276"}],"curies":[{"name":"wp","href":"https:\/\/api.w.org\/{rel}","templated":true}]}}