{"id":9270,"date":"2022-05-05T11:46:58","date_gmt":"2022-05-05T08:46:58","guid":{"rendered":"http:\/\/isimmedya.com\/?post_type=product&#038;p=9270"},"modified":"2026-02-18T15:15:35","modified_gmt":"2026-02-18T12:15:35","slug":"korleme","status":"publish","type":"product","link":"https:\/\/enermak.com\/en\/urunler\/korleme\/","title":{"rendered":"BORU TAPASI"},"content":{"rendered":"<h2 class=\"wp-block-heading has-medium-font-size\"><span style=\"color: #000000;\"><strong>H\u0130DRO KARBONA DAYANLIKLI K\u00dc\u00c7\u00dcK \u00c7APLARDAN G\u0130REB\u0130LEN BORU TAPASI &#8211; K\u00d6RLEME<\/strong><\/span><\/h2>\n<p><span style=\"color: #000000;\">Boru hatt\u0131 eklemeli k\u00f6rlemeler y\u00fcksek kalite nitril kau\u00e7uk ile \u00f6rt\u00fcl\u00fc %100 polyester kuma\u015f kaplamas\u0131ndan olu\u015fmu\u015ftur. Pn\u00f6matik k\u00f6rleme gaz boru hatlar\u0131nda kullan\u0131l\u0131r. Kurulum ve kullan\u0131m i\u00e7in y\u00fcksek verimlilik ve g\u00fcven ile kolay ve emniyetlidir.Y\u00fcksek elastikiyet ve y\u00fcksek diren\u00e7 i\u00e7in do\u011fal kau\u00e7uk kullan\u0131yoruz. Gaz k\u00f6rlemeleri k\u00fc\u00e7\u00fck deliklerden ge\u00e7irilebilir ve boru i\u00e7erisinde geni\u015fletilebilir. Anti-korrosif kau\u00e7uk ve kat\u0131 pirin\u00e7 tasar\u0131m gaz ve s\u0131v\u0131 uygulamalar\u0131 i\u00e7in idealdir. Gaz k\u00f6rlemeleri k\u00fc\u00e7\u00fclt\u00fclm\u00fc\u015ft\u00fcr ve karot delinmi\u015f \u00e7ok k\u00fc\u00e7\u00fck a\u00e7\u0131kl\u0131klardan bile ana gaz borular\u0131na bas\u0131n\u00e7 alt\u0131nda girebilir. Bypass, tamir, b\u00f6l\u00fcm de\u011fi\u015fimi ve testler hizmet kesintisi olmadan yap\u0131labilir.<\/span><\/p>\n<p>&nbsp;<\/p>\n<table>\n<tbody>\n<tr>\n<td><span style=\"color: #000000;\"><strong>\u00dcr\u00fcn Kodu<\/strong><\/span><\/td>\n<td><span style=\"color: #000000;\"><strong>Nominal Boyut<\/strong><\/span><\/td>\n<td><span style=\"color: #000000;\"><strong>Min. Boru \u00c7ap\u0131<\/strong><\/span><\/td>\n<td><span style=\"color: #000000;\"><strong>Max. Boru \u00a0\u00c7ap\u0131<\/strong><\/span><\/td>\n<td><span style=\"color: #000000;\"><strong>Max. \u00c7al\u0131\u015fma Bas\u0131nc\u0131<\/strong><\/span><\/td>\n<td><span style=\"color: #000000;\"><strong>\u00dcr\u00fcn \u00c7ap\u0131<\/strong><\/span><\/td>\n<td><span style=\"color: #000000;\"><strong>\u00dcr\u00fcn Uzunlu\u011fu<\/strong><\/span><\/td>\n<td><span style=\"color: #000000;\"><strong>\u00dcr\u00fcn A\u011f\u0131rl\u0131\u011f\u0131<\/strong><\/span><\/td>\n<td><span style=\"color: #000000;\"><strong>Max. Tepme Bas\u0131nc\u0131<\/strong><\/span><\/td>\n<\/tr>\n<tr>\n<td><span style=\"color: #000000;\"><strong>\u00a0<\/strong><\/span><\/td>\n<td><span style=\"color: #000000;\"><strong>(mm)<\/strong><\/span><\/td>\n<td><span style=\"color: #000000;\"><strong>(mm)<\/strong><\/span><\/td>\n<td><span style=\"color: #000000;\"><strong>(mm)<\/strong><\/span><\/td>\n<td><span style=\"color: #000000;\"><strong>(bar)<\/strong><\/span><\/td>\n<td><span style=\"color: #000000;\"><strong>(mm)<\/strong><\/span><\/td>\n<td><span style=\"color: #000000;\"><strong>(mm)<\/strong><\/span><\/td>\n<td><span style=\"color: #000000;\"><strong>(kg)<\/strong><\/span><\/td>\n<td><span style=\"color: #000000;\"><strong>(bar)<\/strong><\/span><\/td>\n<\/tr>\n<tr>\n<td><span style=\"color: #000000;\"><strong>GT70100<\/strong><\/span><\/td>\n<td><span style=\"color: #000000;\"><strong>70-100<\/strong><\/span><\/td>\n<td><span style=\"color: #000000;\"><strong>70<\/strong><\/span><\/td>\n<td><span style=\"color: #000000;\"><strong>100<\/strong><\/span><\/td>\n<td><span style=\"color: #000000;\"><strong>2,5<\/strong><\/span><\/td>\n<td><span style=\"color: #000000;\"><strong>65<\/strong><\/span><\/td>\n<td><span style=\"color: #000000;\"><strong>250<\/strong><\/span><\/td>\n<td><span style=\"color: #000000;\"><strong>0,5<\/strong><\/span><\/td>\n<td><span style=\"color: #000000;\"><strong>1<\/strong><\/span><\/td>\n<\/tr>\n<tr>\n<td><span style=\"color: #000000;\"><strong>GT100150<\/strong><\/span><\/td>\n<td><span style=\"color: #000000;\"><strong>100-150<\/strong><\/span><\/td>\n<td><span style=\"color: #000000;\"><strong>100<\/strong><\/span><\/td>\n<td><span style=\"color: #000000;\"><strong>150<\/strong><\/span><\/td>\n<td><span style=\"color: #000000;\"><strong>2,5<\/strong><\/span><\/td>\n<td><span style=\"color: #000000;\"><strong>90<\/strong><\/span><\/td>\n<td><span style=\"color: #000000;\"><strong>350<\/strong><\/span><\/td>\n<td><span style=\"color: #000000;\"><strong>0,8<\/strong><\/span><\/td>\n<td><span style=\"color: #000000;\"><strong>1<\/strong><\/span><\/td>\n<\/tr>\n<tr>\n<td><span style=\"color: #000000;\"><strong>GT150200<\/strong><\/span><\/td>\n<td><span style=\"color: #000000;\"><strong>150-200<\/strong><\/span><\/td>\n<td><span style=\"color: #000000;\"><strong>150<\/strong><\/span><\/td>\n<td><span style=\"color: #000000;\"><strong>200<\/strong><\/span><\/td>\n<td><span style=\"color: #000000;\"><strong>2,5<\/strong><\/span><\/td>\n<td><span style=\"color: #000000;\"><strong>140<\/strong><\/span><\/td>\n<td><span style=\"color: #000000;\"><strong>400<\/strong><\/span><\/td>\n<td><span style=\"color: #000000;\"><strong>1,2<\/strong><\/span><\/td>\n<td><span style=\"color: #000000;\"><strong>1<\/strong><\/span><\/td>\n<\/tr>\n<tr>\n<td><span style=\"color: #000000;\"><strong>GT200250<\/strong><\/span><\/td>\n<td><span style=\"color: #000000;\"><strong>200-250<\/strong><\/span><\/td>\n<td><span style=\"color: #000000;\"><strong>200<\/strong><\/span><\/td>\n<td><span style=\"color: #000000;\"><strong>250<\/strong><\/span><\/td>\n<td><span style=\"color: #000000;\"><strong>2,5<\/strong><\/span><\/td>\n<td><span style=\"color: #000000;\"><strong>190<\/strong><\/span><\/td>\n<td><span style=\"color: #000000;\"><strong>500<\/strong><\/span><\/td>\n<td><span style=\"color: #000000;\"><strong>2,0<\/strong><\/span><\/td>\n<td><span style=\"color: #000000;\"><strong>1<\/strong><\/span><\/td>\n<\/tr>\n<tr>\n<td><span style=\"color: #000000;\"><strong>GT250300<\/strong><\/span><\/td>\n<td><span style=\"color: #000000;\"><strong>250-300<\/strong><\/span><\/td>\n<td><span style=\"color: #000000;\"><strong>250<\/strong><\/span><\/td>\n<td><span style=\"color: #000000;\"><strong>300<\/strong><\/span><\/td>\n<td><span style=\"color: #000000;\"><strong>2,5<\/strong><\/span><\/td>\n<td><span style=\"color: #000000;\"><strong>240<\/strong><\/span><\/td>\n<td><span style=\"color: #000000;\"><strong>550<\/strong><\/span><\/td>\n<td><span style=\"color: #000000;\"><strong>3,0<\/strong><\/span><\/td>\n<td><span style=\"color: #000000;\"><strong>1<\/strong><\/span><\/td>\n<\/tr>\n<tr>\n<td><span style=\"color: #000000;\"><strong>GT300350<\/strong><\/span><\/td>\n<td><span style=\"color: #000000;\"><strong>300-350<\/strong><\/span><\/td>\n<td><span style=\"color: #000000;\"><strong>300<\/strong><\/span><\/td>\n<td><span style=\"color: #000000;\"><strong>350<\/strong><\/span><\/td>\n<td><span style=\"color: #000000;\"><strong>2,5<\/strong><\/span><\/td>\n<td><span style=\"color: #000000;\"><strong>290<\/strong><\/span><\/td>\n<td><span style=\"color: #000000;\"><strong>600<\/strong><\/span><\/td>\n<td><span style=\"color: #000000;\"><strong>4,0<\/strong><\/span><\/td>\n<td><span style=\"color: #000000;\"><strong>1<\/strong><\/span><\/td>\n<\/tr>\n<tr>\n<td><span style=\"color: #000000;\"><strong>GT350400<\/strong><\/span><\/td>\n<td><span style=\"color: #000000;\"><strong>350-400<\/strong><\/span><\/td>\n<td><span style=\"color: #000000;\"><strong>350<\/strong><\/span><\/td>\n<td><span style=\"color: #000000;\"><strong>400<\/strong><\/span><\/td>\n<td><span style=\"color: #000000;\"><strong>2,5<\/strong><\/span><\/td>\n<td><span style=\"color: #000000;\"><strong>340<\/strong><\/span><\/td>\n<td><span style=\"color: #000000;\"><strong>700<\/strong><\/span><\/td>\n<td><span style=\"color: #000000;\"><strong>5<\/strong><\/span><\/td>\n<td><span style=\"color: #000000;\"><strong>1<\/strong><\/span><\/td>\n<\/tr>\n<tr>\n<td><span style=\"color: #000000;\"><strong>GT400500<\/strong><\/span><\/td>\n<td><span style=\"color: #000000;\"><strong>400-500<\/strong><\/span><\/td>\n<td><span style=\"color: #000000;\"><strong>400<\/strong><\/span><\/td>\n<td><span style=\"color: #000000;\"><strong>500<\/strong><\/span><\/td>\n<td><span style=\"color: #000000;\"><strong>2,5<\/strong><\/span><\/td>\n<td><span style=\"color: #000000;\"><strong>390<\/strong><\/span><\/td>\n<td><span style=\"color: #000000;\"><strong>1000<\/strong><\/span><\/td>\n<td><span style=\"color: #000000;\"><strong>8<\/strong><\/span><\/td>\n<td><span style=\"color: #000000;\"><strong>1<\/strong><\/span><\/td>\n<\/tr>\n<\/tbody>\n<\/table>\n<p>&nbsp;<\/p>","protected":false},"excerpt":{"rendered":"<h3><span style=\"color: #000000;\"><strong>H\u0130DRO KARBONA DAYANLIKLI K\u00dc\u00c7\u00dcK \u00c7APLARDAN G\u0130REB\u0130LEN BORU TAPASI &#8211; K\u00d6RLEME<\/strong><\/span><\/h3>\n<h3><span style=\"color: #000000;\"><strong>K\u00d6RLEME<\/strong><\/span><\/h3>\n<p><span style=\"color: #000000;\">Boru hatt\u0131 eklemeli k\u00f6rlemeler y\u00fcksek kalite nitril kau\u00e7uk ile \u00f6rt\u00fcl\u00fc %100 polyester kuma\u015f kaplamas\u0131ndan olu\u015fmu\u015ftur. Pn\u00f6matik k\u00f6rleme gaz boru hatlar\u0131nda kullan\u0131l\u0131r. Kurulum ve kullan\u0131m i\u00e7in y\u00fcksek verimlilik ve g\u00fcven ile kolay ve emniyetlidir.Y\u00fcksek elastikiyet ve y\u00fcksek diren\u00e7 i\u00e7in do\u011fal kau\u00e7uk kullan\u0131yoruz. Gaz k\u00f6rlemeleri k\u00fc\u00e7\u00fck deliklerden ge\u00e7irilebilir ve boru i\u00e7erisinde geni\u015fletilebilir. Anti-korrosif kau\u00e7uk ve kat\u0131 pirin\u00e7 tasar\u0131m gaz ve s\u0131v\u0131 uygulamalar\u0131 i\u00e7in idealdir. Gaz k\u00f6rlemeleri k\u00fc\u00e7\u00fclt\u00fclm\u00fc\u015ft\u00fcr ve karot delinmi\u015f \u00e7ok k\u00fc\u00e7\u00fck a\u00e7\u0131kl\u0131klardan bile ana gaz borular\u0131na bas\u0131n\u00e7 alt\u0131nda girebilir. Bypass, tamir, b\u00f6l\u00fcm de\u011fi\u015fimi ve testler hizmet kesintisi olmadan yap\u0131labilir.<\/span><\/p>","protected":false},"featured_media":32112,"template":"","meta":{"_bst_post_transparent":"default","_bst_post_title":"","_bst_post_layout":"default","_bst_post_sidebar_id":"","_bst_post_content_style":"default","_bst_post_vertical_padding":"default","_bst_post_feature":"","_bst_post_feature_position":"","_bst_post_header":false,"_bst_post_footer":false},"product_brand":[],"product_cat":[149],"product_tag":[929,832,901,909,922,908,912,928],"product_brands":[],"class_list":{"0":"post-9270","1":"product","2":"type-product","3":"status-publish","4":"has-post-thumbnail","6":"product_cat-kanal-boru-tikama-balonu","7":"product_tag-anti-korrosif","8":"product_tag-boru-hatti","9":"product_tag-boru-tapasi","10":"product_tag-boru-tikama-balonu","11":"product_tag-hidro-karbon","12":"product_tag-kanal-tikama-balonu","13":"product_tag-korleme","14":"product_tag-pnomatik-korleme","16":"first","17":"instock","18":"shipping-taxable","19":"product-type-simple","20":"entry","21":"content-bg","22":"loop-entry"},"aioseo_notices":[],"_links":{"self":[{"href":"https:\/\/enermak.com\/en\/wp-json\/wp\/v2\/product\/9270","targetHints":{"allow":["GET"]}}],"collection":[{"href":"https:\/\/enermak.com\/en\/wp-json\/wp\/v2\/product"}],"about":[{"href":"https:\/\/enermak.com\/en\/wp-json\/wp\/v2\/types\/product"}],"version-history":[{"count":0,"href":"https:\/\/enermak.com\/en\/wp-json\/wp\/v2\/product\/9270\/revisions"}],"wp:featuredmedia":[{"embeddable":true,"href":"https:\/\/enermak.com\/en\/wp-json\/wp\/v2\/media\/32112"}],"wp:attachment":[{"href":"https:\/\/enermak.com\/en\/wp-json\/wp\/v2\/media?parent=9270"}],"wp:term":[{"taxonomy":"product_brand","embeddable":true,"href":"https:\/\/enermak.com\/en\/wp-json\/wp\/v2\/product_brand?post=9270"},{"taxonomy":"product_cat","embeddable":true,"href":"https:\/\/enermak.com\/en\/wp-json\/wp\/v2\/product_cat?post=9270"},{"taxonomy":"product_tag","embeddable":true,"href":"https:\/\/enermak.com\/en\/wp-json\/wp\/v2\/product_tag?post=9270"},{"taxonomy":"product_brands","embeddable":true,"href":"https:\/\/enermak.com\/en\/wp-json\/wp\/v2\/product_brands?post=9270"}],"curies":[{"name":"wp","href":"https:\/\/api.w.org\/{rel}","templated":true}]}}