{"id":9262,"date":"2024-03-30T11:40:39","date_gmt":"2024-03-30T08:40:39","guid":{"rendered":"http:\/\/isimmedya.com\/?post_type=product&#038;p=9262"},"modified":"2026-02-18T14:15:38","modified_gmt":"2026-02-18T11:15:38","slug":"multi-ebat-esnek-kanal-test-tapasi-25-bar","status":"publish","type":"product","link":"https:\/\/enermak.com\/en\/urunler\/multi-ebat-esnek-kanal-test-tapasi-25-bar\/","title":{"rendered":"MULT\u0130 EBAT ESNEK KANAL TEST TAPASI 2,5 BAR"},"content":{"rendered":"<h2 class=\"wp-block-heading has-medium-font-size\"><span style=\"color: #000000;\"><strong>MULT\u0130 EBAT ESNEK KANAL TEST TAPASI 2,5 BAR<\/strong><\/span><\/h2>\n<p><span style=\"color: #000000;\">Bu k\u00f6rlemeler \u00f6zel NR \u2013 SRB kau\u00e7uk ile kal\u0131pland\u0131r\u0131lm\u0131\u015ft\u0131r ve Kevlar kord bezi ile kuvvetlendirilmi\u015ftir, tesisat sistemlerinin testleri i\u00e7in idealdir.\u00a035 ila 1200mm \u00e7apl\u0131 borular i\u00e7in \u00e7e\u015fitli versiyonlar\u0131 mevcuttur. Y\u00fcksek kalite materyalleri sayesinde \u00fcst s\u0131n\u0131f g\u00fcvenilirlik ve g\u00fcvenli\u011fi garanti eder. T\u00fcm k\u00f6rlemeler h\u0131zl\u0131-ba\u011flan\u0131r rakor ve u\u00e7larla donat\u0131lm\u0131\u015ft\u0131r.\u00a0A\u011f\u0131r i\u015flerde kullan\u0131m i\u00e7in g\u00fc\u00e7lendirilmi\u015f kollar\u0131 mevcuttur.<\/span><\/p>\n<table>\n<tbody>\n<tr>\n<td><span style=\"color: #000000;\"><strong>\u00dcr\u00fcn Kodu<\/strong><\/span><\/td>\n<td><span style=\"color: #000000;\"><strong>Nominal Boyut<\/strong><\/span><\/td>\n<td><span style=\"color: #000000;\"><strong>Min. Boru \u00c7ap\u0131<\/strong><\/span><\/td>\n<td><span style=\"color: #000000;\"><strong>Max. Boru \u00a0\u00c7ap\u0131<\/strong><\/span><\/td>\n<td><span style=\"color: #000000;\"><strong>Max. \u00c7al\u0131\u015fma Bas\u0131nc\u0131<\/strong><\/span><\/td>\n<td><span style=\"color: #000000;\"><strong>\u00dcr\u00fcn \u00c7ap\u0131<\/strong><\/span><\/td>\n<td><span style=\"color: #000000;\"><strong>\u00dcr\u00fcn Uzunlu\u011fu<\/strong><\/span><\/td>\n<td><span style=\"color: #000000;\"><strong>Bypass \u00a0\u00c7aplar\u0131<\/strong><\/span><\/td>\n<td><span style=\"color: #000000;\"><strong>\u00dcr\u00fcn A\u011f\u0131rl\u0131\u011f\u0131<\/strong><\/span><\/td>\n<\/tr>\n<tr>\n<td><span style=\"color: #000000;\"><strong>\u00a0<\/strong><\/span><\/td>\n<td><span style=\"color: #000000;\"><strong>\u00a0<\/strong><\/span><\/td>\n<td><span style=\"color: #000000;\"><strong>(mm)<\/strong><\/span><\/td>\n<td><span style=\"color: #000000;\"><strong>(mm)<\/strong><\/span><\/td>\n<td><span style=\"color: #000000;\"><strong>(bar)<\/strong><\/span><\/td>\n<td><span style=\"color: #000000;\"><strong>(mm)<\/strong><\/span><\/td>\n<td><span style=\"color: #000000;\"><strong>(mm)<\/strong><\/span><\/td>\n<td><span style=\"color: #000000;\"><strong>(inch)<\/strong><\/span><\/td>\n<td><span style=\"color: #000000;\"><strong>(kg)<\/strong><\/span><\/td>\n<\/tr>\n<tr>\n<td><span style=\"color: #000000;\"><strong>KAPB35701<\/strong><\/span><\/td>\n<td><span style=\"color: #000000;\"><strong>35-70<\/strong><\/span><\/td>\n<td><span style=\"color: #000000;\"><strong>35<\/strong><\/span><\/td>\n<td><span style=\"color: #000000;\"><strong>70<\/strong><\/span><\/td>\n<td><span style=\"color: #000000;\"><strong>2,5<\/strong><\/span><\/td>\n<td><span style=\"color: #000000;\"><strong>33<\/strong><\/span><\/td>\n<td><span style=\"color: #000000;\"><strong>300<\/strong><\/span><\/td>\n<td><span style=\"color: #000000;\"><strong>1\/16\u201d<\/strong><\/span><\/td>\n<td><span style=\"color: #000000;\"><strong>0,3<\/strong><\/span><\/td>\n<\/tr>\n<tr>\n<td><span style=\"color: #000000;\"><strong>KAPB5001001<\/strong><\/span><\/td>\n<td><span style=\"color: #000000;\"><strong>50-100<\/strong><\/span><\/td>\n<td><span style=\"color: #000000;\"><strong>50<\/strong><\/span><\/td>\n<td><span style=\"color: #000000;\"><strong>100<\/strong><\/span><\/td>\n<td><span style=\"color: #000000;\"><strong>2,5<\/strong><\/span><\/td>\n<td><span style=\"color: #000000;\"><strong>45<\/strong><\/span><\/td>\n<td><span style=\"color: #000000;\"><strong>330<\/strong><\/span><\/td>\n<td><span style=\"color: #000000;\"><strong>\u00bd\u201d<\/strong><\/span><\/td>\n<td><span style=\"color: #000000;\"><strong>1,2<\/strong><\/span><\/td>\n<\/tr>\n<tr>\n<td><span style=\"color: #000000;\"><strong>KAPB501002<\/strong><\/span><\/td>\n<td><span style=\"color: #000000;\"><strong>50-100<\/strong><\/span><\/td>\n<td><span style=\"color: #000000;\"><strong>50<\/strong><\/span><\/td>\n<td><span style=\"color: #000000;\"><strong>100<\/strong><\/span><\/td>\n<td><span style=\"color: #000000;\"><strong>2,5<\/strong><\/span><\/td>\n<td><span style=\"color: #000000;\"><strong>45<\/strong><\/span><\/td>\n<td><span style=\"color: #000000;\"><strong>330<\/strong><\/span><\/td>\n<td><span style=\"color: #000000;\"><strong>2&#215;1\/16\u201d<\/strong><\/span><\/td>\n<td><span style=\"color: #000000;\"><strong>1,2<\/strong><\/span><\/td>\n<\/tr>\n<tr>\n<td><span style=\"color: #000000;\"><strong>KAPB701501<\/strong><\/span><\/td>\n<td><span style=\"color: #000000;\"><strong>70-150<\/strong><\/span><\/td>\n<td><span style=\"color: #000000;\"><strong>70<\/strong><\/span><\/td>\n<td><span style=\"color: #000000;\"><strong>150<\/strong><\/span><\/td>\n<td><span style=\"color: #000000;\"><strong>2,5<\/strong><\/span><\/td>\n<td><span style=\"color: #000000;\"><strong>64<\/strong><\/span><\/td>\n<td><span style=\"color: #000000;\"><strong>400<\/strong><\/span><\/td>\n<td><span style=\"color: #000000;\"><strong>1&#8243;<\/strong><\/span><\/td>\n<td><span style=\"color: #000000;\"><strong>1,5<\/strong><\/span><\/td>\n<\/tr>\n<tr>\n<td><span style=\"color: #000000;\"><strong>KAPB701502<\/strong><\/span><\/td>\n<td><span style=\"color: #000000;\"><strong>70-150<\/strong><\/span><\/td>\n<td><span style=\"color: #000000;\"><strong>70<\/strong><\/span><\/td>\n<td><span style=\"color: #000000;\"><strong>150<\/strong><\/span><\/td>\n<td><span style=\"color: #000000;\"><strong>2,5<\/strong><\/span><\/td>\n<td><span style=\"color: #000000;\"><strong>64<\/strong><\/span><\/td>\n<td><span style=\"color: #000000;\"><strong>400<\/strong><\/span><\/td>\n<td><span style=\"color: #000000;\"><strong>2&#215;1\/4\u201d<\/strong><\/span><\/td>\n<td><span style=\"color: #000000;\"><strong>1,5<\/strong><\/span><\/td>\n<\/tr>\n<tr>\n<td><span style=\"color: #000000;\"><strong>KAPB1002001<\/strong><\/span><\/td>\n<td><span style=\"color: #000000;\"><strong>100-200<\/strong><\/span><\/td>\n<td><span style=\"color: #000000;\"><strong>100<\/strong><\/span><\/td>\n<td><span style=\"color: #000000;\"><strong>200<\/strong><\/span><\/td>\n<td><span style=\"color: #000000;\"><strong>2,5<\/strong><\/span><\/td>\n<td><span style=\"color: #000000;\"><strong>88<\/strong><\/span><\/td>\n<td><span style=\"color: #000000;\"><strong>500<\/strong><\/span><\/td>\n<td><span style=\"color: #000000;\"><strong>1\u201d<\/strong><\/span><\/td>\n<td><span style=\"color: #000000;\"><strong>2,6<\/strong><\/span><\/td>\n<\/tr>\n<tr>\n<td><span style=\"color: #000000;\"><strong>KAPB1002003<\/strong><\/span><\/td>\n<td><span style=\"color: #000000;\"><strong>100-200<\/strong><\/span><\/td>\n<td><span style=\"color: #000000;\"><strong>100<\/strong><\/span><\/td>\n<td><span style=\"color: #000000;\"><strong>200<\/strong><\/span><\/td>\n<td><span style=\"color: #000000;\"><strong>2,5<\/strong><\/span><\/td>\n<td><span style=\"color: #000000;\"><strong>88<\/strong><\/span><\/td>\n<td><span style=\"color: #000000;\"><strong>500<\/strong><\/span><\/td>\n<td><span style=\"color: #000000;\"><strong>2&#215;1\/2\u201d<\/strong><\/span><\/td>\n<td><span style=\"color: #000000;\"><strong>2,6<\/strong><\/span><\/td>\n<\/tr>\n<tr>\n<td><span style=\"color: #000000;\"><strong>KAPB1503001<\/strong><\/span><\/td>\n<td><span style=\"color: #000000;\"><strong>150-300<\/strong><\/span><\/td>\n<td><span style=\"color: #000000;\"><strong>150<\/strong><\/span><\/td>\n<td><span style=\"color: #000000;\"><strong>300<\/strong><\/span><\/td>\n<td><span style=\"color: #000000;\"><strong>2,5<\/strong><\/span><\/td>\n<td><span style=\"color: #000000;\"><strong>138<\/strong><\/span><\/td>\n<td><span style=\"color: #000000;\"><strong>580<\/strong><\/span><\/td>\n<td><span style=\"color: #000000;\"><strong>2\u201d<\/strong><\/span><\/td>\n<td><span style=\"color: #000000;\"><strong>4,5<\/strong><\/span><\/td>\n<\/tr>\n<tr>\n<td><span style=\"color: #000000;\"><strong>KAPB1503002<\/strong><\/span><\/td>\n<td><span style=\"color: #000000;\"><strong>150-300<\/strong><\/span><\/td>\n<td><span style=\"color: #000000;\"><strong>150<\/strong><\/span><\/td>\n<td><span style=\"color: #000000;\"><strong>300<\/strong><\/span><\/td>\n<td><span style=\"color: #000000;\"><strong>2,5<\/strong><\/span><\/td>\n<td><span style=\"color: #000000;\"><strong>138<\/strong><\/span><\/td>\n<td><span style=\"color: #000000;\"><strong>580<\/strong><\/span><\/td>\n<td><span style=\"color: #000000;\"><strong>2&#215;1\u201d<\/strong><\/span><\/td>\n<td><span style=\"color: #000000;\"><strong>4,5<\/strong><\/span><\/td>\n<\/tr>\n<tr>\n<td><span style=\"color: #000000;\"><strong>KAPB2004001<\/strong><\/span><\/td>\n<td><span style=\"color: #000000;\"><strong>200-400<\/strong><\/span><\/td>\n<td><span style=\"color: #000000;\"><strong>200<\/strong><\/span><\/td>\n<td><span style=\"color: #000000;\"><strong>400<\/strong><\/span><\/td>\n<td><span style=\"color: #000000;\"><strong>2,5<\/strong><\/span><\/td>\n<td><span style=\"color: #000000;\"><strong>185<\/strong><\/span><\/td>\n<td><span style=\"color: #000000;\"><strong>680<\/strong><\/span><\/td>\n<td><span style=\"color: #000000;\"><strong>2\u201d<\/strong><\/span><\/td>\n<td><span style=\"color: #000000;\"><strong>8,5<\/strong><\/span><\/td>\n<\/tr>\n<tr>\n<td><span style=\"color: #000000;\"><strong>KAPB2004002<\/strong><\/span><\/td>\n<td><span style=\"color: #000000;\"><strong>200-400<\/strong><\/span><\/td>\n<td><span style=\"color: #000000;\"><strong>200<\/strong><\/span><\/td>\n<td><span style=\"color: #000000;\"><strong>400<\/strong><\/span><\/td>\n<td><span style=\"color: #000000;\"><strong>2,5<\/strong><\/span><\/td>\n<td><span style=\"color: #000000;\"><strong>185<\/strong><\/span><\/td>\n<td><span style=\"color: #000000;\"><strong>680<\/strong><\/span><\/td>\n<td><span style=\"color: #000000;\"><strong>2&#215;1\u201d<\/strong><\/span><\/td>\n<td><span style=\"color: #000000;\"><strong>8,5<\/strong><\/span><\/td>\n<\/tr>\n<tr>\n<td><span style=\"color: #000000;\"><strong>KAPB3006001<\/strong><\/span><\/td>\n<td><span style=\"color: #000000;\"><strong>300-600<\/strong><\/span><\/td>\n<td><span style=\"color: #000000;\"><strong>300<\/strong><\/span><\/td>\n<td><span style=\"color: #000000;\"><strong>600<\/strong><\/span><\/td>\n<td><span style=\"color: #000000;\"><strong>2,5<\/strong><\/span><\/td>\n<td><span style=\"color: #000000;\"><strong>285<\/strong><\/span><\/td>\n<td><span style=\"color: #000000;\"><strong>850<\/strong><\/span><\/td>\n<td><span style=\"color: #000000;\"><strong>2\u201d<\/strong><\/span><\/td>\n<td><span style=\"color: #000000;\"><strong>15,2<\/strong><\/span><\/td>\n<\/tr>\n<tr>\n<td><span style=\"color: #000000;\"><strong>KAPB3006002<\/strong><\/span><\/td>\n<td><span style=\"color: #000000;\"><strong>300-600<\/strong><\/span><\/td>\n<td><span style=\"color: #000000;\"><strong>300<\/strong><\/span><\/td>\n<td><span style=\"color: #000000;\"><strong>600<\/strong><\/span><\/td>\n<td><span style=\"color: #000000;\"><strong>2,5<\/strong><\/span><\/td>\n<td><span style=\"color: #000000;\"><strong>285<\/strong><\/span><\/td>\n<td><span style=\"color: #000000;\"><strong>850<\/strong><\/span><\/td>\n<td><span style=\"color: #000000;\"><strong>2&#215;2\u201d<\/strong><\/span><\/td>\n<td><span style=\"color: #000000;\"><strong>18,5<\/strong><\/span><\/td>\n<\/tr>\n<tr>\n<td><span style=\"color: #000000;\"><strong>KAPB3006003<\/strong><\/span><\/td>\n<td><span style=\"color: #000000;\"><strong>300-600<\/strong><\/span><\/td>\n<td><span style=\"color: #000000;\"><strong>300<\/strong><\/span><\/td>\n<td><span style=\"color: #000000;\"><strong>600<\/strong><\/span><\/td>\n<td><span style=\"color: #000000;\"><strong>2,5<\/strong><\/span><\/td>\n<td><span style=\"color: #000000;\"><strong>285<\/strong><\/span><\/td>\n<td><span style=\"color: #000000;\"><strong>850<\/strong><\/span><\/td>\n<td><span style=\"color: #000000;\"><strong>1&#215;3\u201d<\/strong><\/span><\/td>\n<td><span style=\"color: #000000;\"><strong>18,5<\/strong><\/span><\/td>\n<\/tr>\n<tr>\n<td><span style=\"color: #000000;\"><strong>KAPB3757501<\/strong><\/span><\/td>\n<td><span style=\"color: #000000;\"><strong>375-750<\/strong><\/span><\/td>\n<td><span style=\"color: #000000;\"><strong>375<\/strong><\/span><\/td>\n<td><span style=\"color: #000000;\"><strong>750<\/strong><\/span><\/td>\n<td><span style=\"color: #000000;\"><strong>2,5<\/strong><\/span><\/td>\n<td><span style=\"color: #000000;\"><strong>360<\/strong><\/span><\/td>\n<td><span style=\"color: #000000;\"><strong>1000<\/strong><\/span><\/td>\n<td><span style=\"color: #000000;\"><strong>2\u201d<\/strong><\/span><\/td>\n<td><span style=\"color: #000000;\"><strong>29,5<\/strong><\/span><\/td>\n<\/tr>\n<tr>\n<td><span style=\"color: #000000;\"><strong>KAPB3757502<\/strong><\/span><\/td>\n<td><span style=\"color: #000000;\"><strong>375-750<\/strong><\/span><\/td>\n<td><span style=\"color: #000000;\"><strong>375<\/strong><\/span><\/td>\n<td><span style=\"color: #000000;\"><strong>750<\/strong><\/span><\/td>\n<td><span style=\"color: #000000;\"><strong>2,5<\/strong><\/span><\/td>\n<td><span style=\"color: #000000;\"><strong>360<\/strong><\/span><\/td>\n<td><span style=\"color: #000000;\"><strong>1000<\/strong><\/span><\/td>\n<td><span style=\"color: #000000;\"><strong>2&#215;2\u201d<\/strong><\/span><\/td>\n<td><span style=\"color: #000000;\"><strong>35,2<\/strong><\/span><\/td>\n<\/tr>\n<tr>\n<td><span style=\"color: #000000;\"><strong>KAPB3757503<\/strong><\/span><\/td>\n<td><span style=\"color: #000000;\"><strong>375-750<\/strong><\/span><\/td>\n<td><span style=\"color: #000000;\"><strong>375<\/strong><\/span><\/td>\n<td><span style=\"color: #000000;\"><strong>750<\/strong><\/span><\/td>\n<td><span style=\"color: #000000;\"><strong>2,5<\/strong><\/span><\/td>\n<td><span style=\"color: #000000;\"><strong>360<\/strong><\/span><\/td>\n<td><span style=\"color: #000000;\"><strong>1000<\/strong><\/span><\/td>\n<td><span style=\"color: #000000;\"><strong>3\u201d<\/strong><\/span><\/td>\n<td><span style=\"color: #000000;\"><strong>35<\/strong><\/span><\/td>\n<\/tr>\n<tr>\n<td><span style=\"color: #000000;\"><strong>KAPB50010001<\/strong><\/span><\/td>\n<td><span style=\"color: #000000;\"><strong>500-1000<\/strong><\/span><\/td>\n<td><span style=\"color: #000000;\"><strong>500<\/strong><\/span><\/td>\n<td><span style=\"color: #000000;\"><strong>1000<\/strong><\/span><\/td>\n<td><span style=\"color: #000000;\"><strong>2,5<\/strong><\/span><\/td>\n<td><span style=\"color: #000000;\"><strong>485<\/strong><\/span><\/td>\n<td><span style=\"color: #000000;\"><strong>1200<\/strong><\/span><\/td>\n<td><span style=\"color: #000000;\"><strong>2\u201d<\/strong><\/span><\/td>\n<td><span style=\"color: #000000;\"><strong>42<\/strong><\/span><\/td>\n<\/tr>\n<tr>\n<td><span style=\"color: #000000;\"><strong>KAPB50010002<\/strong><\/span><\/td>\n<td><span style=\"color: #000000;\"><strong>500-1000<\/strong><\/span><\/td>\n<td><span style=\"color: #000000;\"><strong>500<\/strong><\/span><\/td>\n<td><span style=\"color: #000000;\"><strong>1000<\/strong><\/span><\/td>\n<td><span style=\"color: #000000;\"><strong>2,5<\/strong><\/span><\/td>\n<td><span style=\"color: #000000;\"><strong>485<\/strong><\/span><\/td>\n<td><span style=\"color: #000000;\"><strong>1200<\/strong><\/span><\/td>\n<td><span style=\"color: #000000;\"><strong>2&#215;2\u201d<\/strong><\/span><\/td>\n<td><span style=\"color: #000000;\"><strong>52<\/strong><\/span><\/td>\n<\/tr>\n<tr>\n<td><span style=\"color: #000000;\"><strong>KAPB5001003<\/strong><\/span><\/td>\n<td><span style=\"color: #000000;\"><strong>500-1000<\/strong><\/span><\/td>\n<td><span style=\"color: #000000;\"><strong>500<\/strong><\/span><\/td>\n<td><span style=\"color: #000000;\"><strong>1000<\/strong><\/span><\/td>\n<td><span style=\"color: #000000;\"><strong>2,5<\/strong><\/span><\/td>\n<td><span style=\"color: #000000;\"><strong>485<\/strong><\/span><\/td>\n<td><span style=\"color: #000000;\"><strong>1200<\/strong><\/span><\/td>\n<td><span style=\"color: #000000;\"><strong>4\u201d<\/strong><\/span><\/td>\n<td><span style=\"color: #000000;\"><strong>55<\/strong><\/span><\/td>\n<\/tr>\n<tr>\n<td><span style=\"color: #000000;\"><strong>KAPB60012001<\/strong><\/span><\/td>\n<td><span style=\"color: #000000;\"><strong>600-1200<\/strong><\/span><\/td>\n<td><span style=\"color: #000000;\"><strong>600<\/strong><\/span><\/td>\n<td><span style=\"color: #000000;\"><strong>1200<\/strong><\/span><\/td>\n<td><span style=\"color: #000000;\"><strong>2,5<\/strong><\/span><\/td>\n<td><span style=\"color: #000000;\"><strong>585<\/strong><\/span><\/td>\n<td><span style=\"color: #000000;\"><strong>1400<\/strong><\/span><\/td>\n<td><span style=\"color: #000000;\"><strong>2\u201d<\/strong><\/span><\/td>\n<td><span style=\"color: #000000;\"><strong>50<\/strong><\/span><\/td>\n<\/tr>\n<tr>\n<td><span style=\"color: #000000;\"><strong>KAPB60012002<\/strong><\/span><\/td>\n<td><span style=\"color: #000000;\"><strong>600-1200<\/strong><\/span><\/td>\n<td><span style=\"color: #000000;\"><strong>600<\/strong><\/span><\/td>\n<td><span style=\"color: #000000;\"><strong>1200<\/strong><\/span><\/td>\n<td><span style=\"color: #000000;\"><strong>2,5<\/strong><\/span><\/td>\n<td><span style=\"color: #000000;\"><strong>585<\/strong><\/span><\/td>\n<td><span style=\"color: #000000;\"><strong>1400<\/strong><\/span><\/td>\n<td><span style=\"color: #000000;\"><strong>2&#215;2\u201d<\/strong><\/span><\/td>\n<td><span style=\"color: #000000;\"><strong>61<\/strong><\/span><\/td>\n<\/tr>\n<\/tbody>\n<\/table>\n<p>&nbsp;<\/p>","protected":false},"excerpt":{"rendered":"<h2><span style=\"color: #000000;\"><strong>MULT\u0130 EBAT ESNEK KANAL TEST TAPASI 2,5 BAR<\/strong><\/span><\/h2>\n<p><span style=\"color: #000000;\">Bu k\u00f6rlemeler \u00f6zel NR \u2013 SRB kau\u00e7uk ile kal\u0131pland\u0131r\u0131lm\u0131\u015ft\u0131r ve Kevlar kord bezi ile kuvvetlendirilmi\u015ftir, tesisat sistemlerinin testleri i\u00e7in idealdir.\u00a035 ila 1200mm \u00e7apl\u0131 borular i\u00e7in \u00e7e\u015fitli versiyonlar\u0131 mevcuttur. Y\u00fcksek kalite materyalleri sayesinde \u00fcst s\u0131n\u0131f g\u00fcvenilirlik ve g\u00fcvenli\u011fi garanti eder. T\u00fcm k\u00f6rlemeler h\u0131zl\u0131-ba\u011flan\u0131r rakor ve u\u00e7larla donat\u0131lm\u0131\u015ft\u0131r.\u00a0A\u011f\u0131r i\u015flerde kullan\u0131m i\u00e7in g\u00fc\u00e7lendirilmi\u015f kollar\u0131 mevcuttur.<\/span><\/p>","protected":false},"featured_media":32104,"template":"","meta":{"_bst_post_transparent":"default","_bst_post_title":"","_bst_post_layout":"default","_bst_post_sidebar_id":"","_bst_post_content_style":"default","_bst_post_vertical_padding":"default","_bst_post_feature":"","_bst_post_feature_position":"","_bst_post_header":false,"_bst_post_footer":false},"product_brand":[],"product_cat":[149],"product_tag":[1356],"product_brands":[],"class_list":{"0":"post-9262","1":"product","2":"type-product","3":"status-publish","4":"has-post-thumbnail","6":"product_cat-kanal-boru-tikama-balonu","7":"product_tag-esnek-kanal-test-tapasi","9":"first","10":"instock","11":"shipping-taxable","12":"product-type-simple","13":"entry","14":"content-bg","15":"loop-entry"},"aioseo_notices":[],"_links":{"self":[{"href":"https:\/\/enermak.com\/en\/wp-json\/wp\/v2\/product\/9262","targetHints":{"allow":["GET"]}}],"collection":[{"href":"https:\/\/enermak.com\/en\/wp-json\/wp\/v2\/product"}],"about":[{"href":"https:\/\/enermak.com\/en\/wp-json\/wp\/v2\/types\/product"}],"version-history":[{"count":0,"href":"https:\/\/enermak.com\/en\/wp-json\/wp\/v2\/product\/9262\/revisions"}],"wp:featuredmedia":[{"embeddable":true,"href":"https:\/\/enermak.com\/en\/wp-json\/wp\/v2\/media\/32104"}],"wp:attachment":[{"href":"https:\/\/enermak.com\/en\/wp-json\/wp\/v2\/media?parent=9262"}],"wp:term":[{"taxonomy":"product_brand","embeddable":true,"href":"https:\/\/enermak.com\/en\/wp-json\/wp\/v2\/product_brand?post=9262"},{"taxonomy":"product_cat","embeddable":true,"href":"https:\/\/enermak.com\/en\/wp-json\/wp\/v2\/product_cat?post=9262"},{"taxonomy":"product_tag","embeddable":true,"href":"https:\/\/enermak.com\/en\/wp-json\/wp\/v2\/product_tag?post=9262"},{"taxonomy":"product_brands","embeddable":true,"href":"https:\/\/enermak.com\/en\/wp-json\/wp\/v2\/product_brands?post=9262"}],"curies":[{"name":"wp","href":"https:\/\/api.w.org\/{rel}","templated":true}]}}