{"id":9257,"date":"2022-05-05T11:38:26","date_gmt":"2022-05-05T08:38:26","guid":{"rendered":"http:\/\/isimmedya.com\/?post_type=product&#038;p=9257"},"modified":"2026-02-18T15:15:40","modified_gmt":"2026-02-18T12:15:40","slug":"kucuk-boru-test-tapasi","status":"publish","type":"product","link":"https:\/\/enermak.com\/en\/urunler\/kucuk-boru-test-tapasi\/","title":{"rendered":"K\u00dc\u00c7\u00dcK BORU TEST TAPASI"},"content":{"rendered":"<h2 class=\"wp-block-heading has-medium-font-size\"><span style=\"color: #000000;\"><strong>K\u00dc\u00c7\u00dcK BORU TEST TAPASI<\/strong><\/span><\/h2>\n<p><span style=\"color: #000000;\"><strong>\u00a0<\/strong>Kanallar\u0131, borular\u0131, ek yerlerini ve giri\u015f noktalar\u0131n\u0131 h\u0131zl\u0131 ve g\u00fcvenilir bir \u015fekilde t\u0131kamak ve engellemek i\u00e7in tasarlanm\u0131\u015ft\u0131r.\u00a0Hava ya da su s\u0131zd\u0131rmazl\u0131\u011f\u0131 test edilirken tamir, teknik destek ve kazalara kar\u015f\u0131 \u00f6ncelikli olarak kullan\u0131l\u0131r.K\u00f6rlemeler tekstil kaplama ile y\u00fcksek kalite kau\u00e7uktan yap\u0131lm\u0131\u015ft\u0131r.\u00a0 \u00c7evreye,\u00a0 -40 ve\u00a080\u00a0\u00b0\u00a0C\u00a0s\u0131cakl\u0131klar aras\u0131nda dayan\u0131kl\u0131\u00a0ayr\u0131ca kimyasallara kar\u015f\u0131da y\u00fcksek dayan\u0131kl\u0131l\u0131\u011fa sahiptir. 30 \u2013 650 mm \u00e7aplar\u0131 aras\u0131nda imal edilmi\u015ftir.<\/span><\/p>\n<p><img fetchpriority=\"high\" decoding=\"async\" class=\"size-full wp-image-33129\" src=\"https:\/\/enermak.com\/wp-content\/uploads\/2022\/05\/KUCUK-BORU-TEST-TAPASI-2.jpg\" alt=\"K\u00dc\u00c7\u00dcK BORU TEST TAPASI\" width=\"1528\" height=\"374\" srcset=\"https:\/\/enermak.com\/wp-content\/uploads\/2022\/05\/KUCUK-BORU-TEST-TAPASI-2.jpg 1528w, https:\/\/enermak.com\/wp-content\/uploads\/2022\/05\/KUCUK-BORU-TEST-TAPASI-2-300x73.jpg 300w, https:\/\/enermak.com\/wp-content\/uploads\/2022\/05\/KUCUK-BORU-TEST-TAPASI-2-1024x251.jpg 1024w, https:\/\/enermak.com\/wp-content\/uploads\/2022\/05\/KUCUK-BORU-TEST-TAPASI-2-768x188.jpg 768w, https:\/\/enermak.com\/wp-content\/uploads\/2022\/05\/KUCUK-BORU-TEST-TAPASI-2-18x4.jpg 18w\" sizes=\"(max-width: 1528px) 100vw, 1528px\" \/><\/p>","protected":false},"excerpt":{"rendered":"<h3><span style=\"color: #000000;\">ENERMAK<\/span><\/h3>\n<h4><span style=\"color: #000000;\">K\u00dc\u00c7\u00dcK BORU TEST TAPASI<\/span><\/h4>\n<p><span style=\"color: #000000;\"><strong>\u00a0<\/strong>Kanallar\u0131, borular\u0131, ek yerlerini ve giri\u015f noktalar\u0131n\u0131 h\u0131zl\u0131 ve g\u00fcvenilir bir \u015fekilde t\u0131kamak ve engellemek i\u00e7in tasarlanm\u0131\u015ft\u0131r.\u00a0Hava ya da su s\u0131zd\u0131rmazl\u0131\u011f\u0131 test edilirken tamir, teknik destek ve kazalara kar\u015f\u0131 \u00f6ncelikli olarak kullan\u0131l\u0131r.K\u00f6rlemeler tekstil kaplama ile y\u00fcksek kalite kau\u00e7uktan yap\u0131lm\u0131\u015ft\u0131r.\u00a0 \u00c7evreye,\u00a0 -40 ve\u00a080\u00a0\u00b0\u00a0C\u00a0s\u0131cakl\u0131klar aras\u0131nda dayan\u0131kl\u0131\u00a0ayr\u0131ca kimyasallara kar\u015f\u0131da y\u00fcksek dayan\u0131kl\u0131l\u0131\u011fa sahiptir. 30 \u2013 650 mm \u00e7aplar\u0131 aras\u0131nda imal edilmi\u015ftir.<\/span><\/p>","protected":false},"featured_media":32113,"template":"","meta":{"_monsterinsights_skip_tracking":false,"_monsterinsights_sitenote_active":false,"_monsterinsights_sitenote_note":"","_monsterinsights_sitenote_category":0,"_uf_show_specific_survey":0,"_uf_disable_surveys":false,"_bst_post_transparent":"default","_bst_post_title":"","_bst_post_layout":"default","_bst_post_sidebar_id":"","_bst_post_content_style":"default","_bst_post_vertical_padding":"default","_bst_post_feature":"","_bst_post_feature_position":"","_bst_post_header":false,"_bst_post_footer":false},"product_brand":[],"product_cat":[149],"product_tag":[],"product_brands":[],"class_list":{"0":"post-9257","1":"product","2":"type-product","3":"status-publish","4":"has-post-thumbnail","6":"product_cat-kanal-boru-tikama-balonu","8":"first","9":"instock","10":"shipping-taxable","11":"product-type-simple","12":"entry","13":"content-bg","14":"loop-entry"},"aioseo_notices":[],"aioseo_head":"\n\t\t<!-- All in One SEO Pro 4.9.5.2 - aioseo.com -->\n\t<meta name=\"description\" content=\"Altyap\u0131 ve \u015febeke tespitinde kullanabilece\u011finiz, profesy\u00f6nelli\u011finizi bir ad\u0131m ileri ta\u015f\u0131yacak bir \u00e7ok \u00fcr\u00fcn Enermak Enerji&#039;de. K\u00dc\u00c7\u00dcK BORU TEST TAPASI\" \/>\n\t<meta name=\"robots\" content=\"max-snippet:-1, max-image-preview:large, max-video-preview:-1\" \/>\n\t<meta name=\"yandex-verification\" content=\"yandex-verification: 61c39bc218eec6a9\" \/>\n\t<link rel=\"canonical\" href=\"https:\/\/enermak.com\/en\/urunler\/kucuk-boru-test-tapasi\/\" \/>\n\t<meta name=\"generator\" content=\"All in One SEO Pro (AIOSEO) 4.9.5.2\" \/>\n\t\t<meta property=\"og:locale\" content=\"en_US\" \/>\n\t\t<meta property=\"og:site_name\" content=\"Enermak Enerji - Yeralt\u0131ndan Haberler\" \/>\n\t\t<meta property=\"og:type\" content=\"article\" \/>\n\t\t<meta property=\"og:title\" content=\"K\u00dc\u00c7\u00dcK BORU TEST TAPASI - Enermak Enerji\" \/>\n\t\t<meta property=\"og:description\" content=\"Altyap\u0131 ve \u015febeke tespitinde kullanabilece\u011finiz, profesy\u00f6nelli\u011finizi bir ad\u0131m ileri ta\u015f\u0131yacak bir \u00e7ok \u00fcr\u00fcn Enermak Enerji&#039;de. K\u00dc\u00c7\u00dcK BORU TEST TAPASI\" \/>\n\t\t<meta property=\"og:url\" content=\"https:\/\/enermak.com\/en\/urunler\/kucuk-boru-test-tapasi\/\" \/>\n\t\t<meta property=\"og:image\" content=\"https:\/\/enermak.com\/wp-content\/uploads\/2022\/03\/logo-tr-1.png\" \/>\n\t\t<meta property=\"og:image:secure_url\" content=\"https:\/\/enermak.com\/wp-content\/uploads\/2022\/03\/logo-tr-1.png\" \/>\n\t\t<meta property=\"article:published_time\" content=\"2022-05-05T08:38:26+00:00\" \/>\n\t\t<meta property=\"article:modified_time\" content=\"2026-02-18T12:15:40+00:00\" \/>\n\t\t<meta property=\"article:publisher\" content=\"https:\/\/www.facebook.com\/YERALTINDANHABERLER\/\" \/>\n\t\t<meta name=\"twitter:card\" content=\"summary_large_image\" \/>\n\t\t<meta name=\"twitter:site\" content=\"@enerjienermak\" \/>\n\t\t<meta name=\"twitter:title\" content=\"K\u00dc\u00c7\u00dcK BORU TEST TAPASI - Enermak Enerji\" \/>\n\t\t<meta name=\"twitter:description\" content=\"Altyap\u0131 ve \u015febeke tespitinde kullanabilece\u011finiz, profesy\u00f6nelli\u011finizi bir ad\u0131m ileri ta\u015f\u0131yacak bir \u00e7ok \u00fcr\u00fcn Enermak Enerji&#039;de. K\u00dc\u00c7\u00dcK BORU TEST TAPASI\" \/>\n\t\t<meta name=\"twitter:image\" content=\"https:\/\/enermak.com\/wp-content\/uploads\/2022\/03\/logo-tr-1.png\" \/>\n\t\t<script type=\"application\/ld+json\" class=\"aioseo-schema\">\n\t\t\t{\"@context\":\"https:\\\/\\\/schema.org\",\"@graph\":[{\"@type\":\"BreadcrumbList\",\"@id\":\"https:\\\/\\\/enermak.com\\\/en\\\/urunler\\\/kucuk-boru-test-tapasi\\\/#breadcrumblist\",\"itemListElement\":[{\"@type\":\"ListItem\",\"@id\":\"https:\\\/\\\/enermak.com\\\/en#listItem\",\"position\":1,\"name\":\"Home\",\"item\":\"https:\\\/\\\/enermak.com\\\/en\",\"nextItem\":{\"@type\":\"ListItem\",\"@id\":\"https:\\\/\\\/enermak.com\\\/en\\\/urunler\\\/#listItem\",\"name\":\"\\u00dcr\\u00fcnler\"}},{\"@type\":\"ListItem\",\"@id\":\"https:\\\/\\\/enermak.com\\\/en\\\/urunler\\\/#listItem\",\"position\":2,\"name\":\"\\u00dcr\\u00fcnler\",\"item\":\"https:\\\/\\\/enermak.com\\\/en\\\/urunler\\\/\",\"nextItem\":{\"@type\":\"ListItem\",\"@id\":\"https:\\\/\\\/enermak.com\\\/en\\\/urunler\\\/kategori\\\/kanal-boru-tikama-balonu\\\/#listItem\",\"name\":\"Boru K\\u00f6rleme &amp; Hava Yast\\u0131\\u011f\\u0131\"},\"previousItem\":{\"@type\":\"ListItem\",\"@id\":\"https:\\\/\\\/enermak.com\\\/en#listItem\",\"name\":\"Home\"}},{\"@type\":\"ListItem\",\"@id\":\"https:\\\/\\\/enermak.com\\\/en\\\/urunler\\\/kategori\\\/kanal-boru-tikama-balonu\\\/#listItem\",\"position\":3,\"name\":\"Boru K\\u00f6rleme &amp; Hava Yast\\u0131\\u011f\\u0131\",\"item\":\"https:\\\/\\\/enermak.com\\\/en\\\/urunler\\\/kategori\\\/kanal-boru-tikama-balonu\\\/\",\"nextItem\":{\"@type\":\"ListItem\",\"@id\":\"https:\\\/\\\/enermak.com\\\/en\\\/urunler\\\/kucuk-boru-test-tapasi\\\/#listItem\",\"name\":\"K\\u00dc\\u00c7\\u00dcK BORU TEST TAPASI\"},\"previousItem\":{\"@type\":\"ListItem\",\"@id\":\"https:\\\/\\\/enermak.com\\\/en\\\/urunler\\\/#listItem\",\"name\":\"\\u00dcr\\u00fcnler\"}},{\"@type\":\"ListItem\",\"@id\":\"https:\\\/\\\/enermak.com\\\/en\\\/urunler\\\/kucuk-boru-test-tapasi\\\/#listItem\",\"position\":4,\"name\":\"K\\u00dc\\u00c7\\u00dcK BORU TEST TAPASI\",\"previousItem\":{\"@type\":\"ListItem\",\"@id\":\"https:\\\/\\\/enermak.com\\\/en\\\/urunler\\\/kategori\\\/kanal-boru-tikama-balonu\\\/#listItem\",\"name\":\"Boru K\\u00f6rleme &amp; Hava Yast\\u0131\\u011f\\u0131\"}}]},{\"@type\":\"ItemPage\",\"@id\":\"https:\\\/\\\/enermak.com\\\/en\\\/urunler\\\/kucuk-boru-test-tapasi\\\/#itempage\",\"url\":\"https:\\\/\\\/enermak.com\\\/en\\\/urunler\\\/kucuk-boru-test-tapasi\\\/\",\"name\":\"K\\u00dc\\u00c7\\u00dcK BORU TEST TAPASI - Enermak Enerji\",\"description\":\"Altyap\\u0131 ve \\u015febeke tespitinde kullanabilece\\u011finiz, profesy\\u00f6nelli\\u011finizi bir ad\\u0131m ileri ta\\u015f\\u0131yacak bir \\u00e7ok \\u00fcr\\u00fcn Enermak Enerji'de. K\\u00dc\\u00c7\\u00dcK BORU TEST TAPASI\",\"inLanguage\":\"en-US\",\"isPartOf\":{\"@id\":\"https:\\\/\\\/enermak.com\\\/en\\\/#website\"},\"breadcrumb\":{\"@id\":\"https:\\\/\\\/enermak.com\\\/en\\\/urunler\\\/kucuk-boru-test-tapasi\\\/#breadcrumblist\"},\"image\":{\"@type\":\"ImageObject\",\"url\":\"https:\\\/\\\/enermak.com\\\/wp-content\\\/uploads\\\/2022\\\/05\\\/KUCUK-BORU-TEST-TAPASI-1.jpg\",\"@id\":\"https:\\\/\\\/enermak.com\\\/en\\\/urunler\\\/kucuk-boru-test-tapasi\\\/#mainImage\",\"width\":803,\"height\":658,\"caption\":\"K\\u00dc\\u00c7\\u00dcK BORU TEST TAPASI\"},\"primaryImageOfPage\":{\"@id\":\"https:\\\/\\\/enermak.com\\\/en\\\/urunler\\\/kucuk-boru-test-tapasi\\\/#mainImage\"},\"datePublished\":\"2022-05-05T11:38:26+03:00\",\"dateModified\":\"2026-02-18T15:15:40+03:00\"},{\"@type\":\"Organization\",\"@id\":\"https:\\\/\\\/enermak.com\\\/en\\\/#organization\",\"name\":\"Enermak Enerji\",\"description\":\"Yeralt\\u0131ndan Haberler\",\"url\":\"https:\\\/\\\/enermak.com\\\/en\\\/\",\"telephone\":\"+903123851102\",\"logo\":{\"@type\":\"ImageObject\",\"url\":\"https:\\\/\\\/enermak.com\\\/wp-content\\\/uploads\\\/2022\\\/03\\\/logo-tr-1.png\",\"@id\":\"https:\\\/\\\/enermak.com\\\/en\\\/urunler\\\/kucuk-boru-test-tapasi\\\/#organizationLogo\"},\"image\":{\"@id\":\"https:\\\/\\\/enermak.com\\\/en\\\/urunler\\\/kucuk-boru-test-tapasi\\\/#organizationLogo\"},\"sameAs\":[\"https:\\\/\\\/www.facebook.com\\\/YERALTINDANHABERLER\\\/\",\"https:\\\/\\\/twitter.com\\\/enerjienermak\",\"https:\\\/\\\/www.instagram.com\\\/enermakenerji\\\/\",\"https:\\\/\\\/www.youtube.com\\\/c\\\/EnermakEnerji\",\"https:\\\/\\\/www.linkedin.com\\\/in\\\/enermak\"]},{\"@type\":\"WebPage\",\"@id\":\"https:\\\/\\\/enermak.com\\\/en\\\/urunler\\\/kucuk-boru-test-tapasi\\\/#webpage\",\"url\":\"https:\\\/\\\/enermak.com\\\/en\\\/urunler\\\/kucuk-boru-test-tapasi\\\/\",\"name\":\"K\\u00dc\\u00c7\\u00dcK BORU TEST TAPASI - Enermak Enerji\",\"description\":\"Altyap\\u0131 ve \\u015febeke tespitinde kullanabilece\\u011finiz, profesy\\u00f6nelli\\u011finizi bir ad\\u0131m ileri ta\\u015f\\u0131yacak bir \\u00e7ok \\u00fcr\\u00fcn Enermak Enerji'de. K\\u00dc\\u00c7\\u00dcK BORU TEST TAPASI\",\"inLanguage\":\"en-US\",\"isPartOf\":{\"@id\":\"https:\\\/\\\/enermak.com\\\/en\\\/#website\"},\"breadcrumb\":{\"@id\":\"https:\\\/\\\/enermak.com\\\/en\\\/urunler\\\/kucuk-boru-test-tapasi\\\/#breadcrumblist\"},\"image\":{\"@type\":\"ImageObject\",\"url\":\"https:\\\/\\\/enermak.com\\\/wp-content\\\/uploads\\\/2022\\\/05\\\/KUCUK-BORU-TEST-TAPASI-1.jpg\",\"@id\":\"https:\\\/\\\/enermak.com\\\/en\\\/urunler\\\/kucuk-boru-test-tapasi\\\/#mainImage\",\"width\":803,\"height\":658,\"caption\":\"K\\u00dc\\u00c7\\u00dcK BORU TEST TAPASI\"},\"primaryImageOfPage\":{\"@id\":\"https:\\\/\\\/enermak.com\\\/en\\\/urunler\\\/kucuk-boru-test-tapasi\\\/#mainImage\"},\"datePublished\":\"2022-05-05T11:38:26+03:00\",\"dateModified\":\"2026-02-18T15:15:40+03:00\"},{\"@type\":\"WebSite\",\"@id\":\"https:\\\/\\\/enermak.com\\\/en\\\/#website\",\"url\":\"https:\\\/\\\/enermak.com\\\/en\\\/\",\"name\":\"Enermak Enerji\",\"alternateName\":\"Yeralt\\u0131ndan Haberler\",\"description\":\"Yeralt\\u0131ndan Haberler\",\"inLanguage\":\"en-US\",\"publisher\":{\"@id\":\"https:\\\/\\\/enermak.com\\\/en\\\/#organization\"}}]}\n\t\t<\/script>\n\t\t<!-- All in One SEO Pro -->\r\n\t\t<title>K\u00dc\u00c7\u00dcK BORU TEST TAPASI - Enermak Enerji<\/title>\n\n","aioseo_head_json":{"title":"K\u00dc\u00c7\u00dcK BORU TEST TAPASI - Enermak Enerji","description":"Altyap\u0131 ve \u015febeke tespitinde kullanabilece\u011finiz, profesy\u00f6nelli\u011finizi bir ad\u0131m ileri ta\u015f\u0131yacak bir \u00e7ok \u00fcr\u00fcn Enermak Enerji'de. K\u00dc\u00c7\u00dcK BORU TEST TAPASI","canonical_url":"https:\/\/enermak.com\/en\/urunler\/kucuk-boru-test-tapasi\/","robots":"max-snippet:-1, max-image-preview:large, max-video-preview:-1","keywords":"","webmasterTools":{"yandex-verification":"yandex-verification: 61c39bc218eec6a9","miscellaneous":""},"schema":{"@context":"https:\/\/schema.org","@graph":[{"@type":"BreadcrumbList","@id":"https:\/\/enermak.com\/en\/urunler\/kucuk-boru-test-tapasi\/#breadcrumblist","itemListElement":[{"@type":"ListItem","@id":"https:\/\/enermak.com\/en#listItem","position":1,"name":"Home","item":"https:\/\/enermak.com\/en","nextItem":{"@type":"ListItem","@id":"https:\/\/enermak.com\/en\/urunler\/#listItem","name":"\u00dcr\u00fcnler"}},{"@type":"ListItem","@id":"https:\/\/enermak.com\/en\/urunler\/#listItem","position":2,"name":"\u00dcr\u00fcnler","item":"https:\/\/enermak.com\/en\/urunler\/","nextItem":{"@type":"ListItem","@id":"https:\/\/enermak.com\/en\/urunler\/kategori\/kanal-boru-tikama-balonu\/#listItem","name":"Boru K\u00f6rleme &amp; Hava Yast\u0131\u011f\u0131"},"previousItem":{"@type":"ListItem","@id":"https:\/\/enermak.com\/en#listItem","name":"Home"}},{"@type":"ListItem","@id":"https:\/\/enermak.com\/en\/urunler\/kategori\/kanal-boru-tikama-balonu\/#listItem","position":3,"name":"Boru K\u00f6rleme &amp; Hava Yast\u0131\u011f\u0131","item":"https:\/\/enermak.com\/en\/urunler\/kategori\/kanal-boru-tikama-balonu\/","nextItem":{"@type":"ListItem","@id":"https:\/\/enermak.com\/en\/urunler\/kucuk-boru-test-tapasi\/#listItem","name":"K\u00dc\u00c7\u00dcK BORU TEST TAPASI"},"previousItem":{"@type":"ListItem","@id":"https:\/\/enermak.com\/en\/urunler\/#listItem","name":"\u00dcr\u00fcnler"}},{"@type":"ListItem","@id":"https:\/\/enermak.com\/en\/urunler\/kucuk-boru-test-tapasi\/#listItem","position":4,"name":"K\u00dc\u00c7\u00dcK BORU TEST TAPASI","previousItem":{"@type":"ListItem","@id":"https:\/\/enermak.com\/en\/urunler\/kategori\/kanal-boru-tikama-balonu\/#listItem","name":"Boru K\u00f6rleme &amp; Hava Yast\u0131\u011f\u0131"}}]},{"@type":"ItemPage","@id":"https:\/\/enermak.com\/en\/urunler\/kucuk-boru-test-tapasi\/#itempage","url":"https:\/\/enermak.com\/en\/urunler\/kucuk-boru-test-tapasi\/","name":"K\u00dc\u00c7\u00dcK BORU TEST TAPASI - Enermak Enerji","description":"Altyap\u0131 ve \u015febeke tespitinde kullanabilece\u011finiz, profesy\u00f6nelli\u011finizi bir ad\u0131m ileri ta\u015f\u0131yacak bir \u00e7ok \u00fcr\u00fcn Enermak Enerji'de. K\u00dc\u00c7\u00dcK BORU TEST TAPASI","inLanguage":"en-US","isPartOf":{"@id":"https:\/\/enermak.com\/en\/#website"},"breadcrumb":{"@id":"https:\/\/enermak.com\/en\/urunler\/kucuk-boru-test-tapasi\/#breadcrumblist"},"image":{"@type":"ImageObject","url":"https:\/\/enermak.com\/wp-content\/uploads\/2022\/05\/KUCUK-BORU-TEST-TAPASI-1.jpg","@id":"https:\/\/enermak.com\/en\/urunler\/kucuk-boru-test-tapasi\/#mainImage","width":803,"height":658,"caption":"K\u00dc\u00c7\u00dcK BORU TEST TAPASI"},"primaryImageOfPage":{"@id":"https:\/\/enermak.com\/en\/urunler\/kucuk-boru-test-tapasi\/#mainImage"},"datePublished":"2022-05-05T11:38:26+03:00","dateModified":"2026-02-18T15:15:40+03:00"},{"@type":"Organization","@id":"https:\/\/enermak.com\/en\/#organization","name":"Enermak Enerji","description":"Yeralt\u0131ndan Haberler","url":"https:\/\/enermak.com\/en\/","telephone":"+903123851102","logo":{"@type":"ImageObject","url":"https:\/\/enermak.com\/wp-content\/uploads\/2022\/03\/logo-tr-1.png","@id":"https:\/\/enermak.com\/en\/urunler\/kucuk-boru-test-tapasi\/#organizationLogo"},"image":{"@id":"https:\/\/enermak.com\/en\/urunler\/kucuk-boru-test-tapasi\/#organizationLogo"},"sameAs":["https:\/\/www.facebook.com\/YERALTINDANHABERLER\/","https:\/\/twitter.com\/enerjienermak","https:\/\/www.instagram.com\/enermakenerji\/","https:\/\/www.youtube.com\/c\/EnermakEnerji","https:\/\/www.linkedin.com\/in\/enermak"]},{"@type":"WebPage","@id":"https:\/\/enermak.com\/en\/urunler\/kucuk-boru-test-tapasi\/#webpage","url":"https:\/\/enermak.com\/en\/urunler\/kucuk-boru-test-tapasi\/","name":"K\u00dc\u00c7\u00dcK BORU TEST TAPASI - Enermak Enerji","description":"Altyap\u0131 ve \u015febeke tespitinde kullanabilece\u011finiz, profesy\u00f6nelli\u011finizi bir ad\u0131m ileri ta\u015f\u0131yacak bir \u00e7ok \u00fcr\u00fcn Enermak Enerji'de. K\u00dc\u00c7\u00dcK BORU TEST TAPASI","inLanguage":"en-US","isPartOf":{"@id":"https:\/\/enermak.com\/en\/#website"},"breadcrumb":{"@id":"https:\/\/enermak.com\/en\/urunler\/kucuk-boru-test-tapasi\/#breadcrumblist"},"image":{"@type":"ImageObject","url":"https:\/\/enermak.com\/wp-content\/uploads\/2022\/05\/KUCUK-BORU-TEST-TAPASI-1.jpg","@id":"https:\/\/enermak.com\/en\/urunler\/kucuk-boru-test-tapasi\/#mainImage","width":803,"height":658,"caption":"K\u00dc\u00c7\u00dcK BORU TEST TAPASI"},"primaryImageOfPage":{"@id":"https:\/\/enermak.com\/en\/urunler\/kucuk-boru-test-tapasi\/#mainImage"},"datePublished":"2022-05-05T11:38:26+03:00","dateModified":"2026-02-18T15:15:40+03:00"},{"@type":"WebSite","@id":"https:\/\/enermak.com\/en\/#website","url":"https:\/\/enermak.com\/en\/","name":"Enermak Enerji","alternateName":"Yeralt\u0131ndan Haberler","description":"Yeralt\u0131ndan Haberler","inLanguage":"en-US","publisher":{"@id":"https:\/\/enermak.com\/en\/#organization"}}]},"og:locale":"en_US","og:site_name":"Enermak Enerji - Yeralt\u0131ndan Haberler","og:type":"article","og:title":"K\u00dc\u00c7\u00dcK BORU TEST TAPASI - Enermak Enerji","og:description":"Altyap\u0131 ve \u015febeke tespitinde kullanabilece\u011finiz, profesy\u00f6nelli\u011finizi bir ad\u0131m ileri ta\u015f\u0131yacak bir \u00e7ok \u00fcr\u00fcn Enermak Enerji'de. K\u00dc\u00c7\u00dcK BORU TEST TAPASI","og:url":"https:\/\/enermak.com\/en\/urunler\/kucuk-boru-test-tapasi\/","og:image":"https:\/\/enermak.com\/wp-content\/uploads\/2022\/03\/logo-tr-1.png","og:image:secure_url":"https:\/\/enermak.com\/wp-content\/uploads\/2022\/03\/logo-tr-1.png","article:published_time":"2022-05-05T08:38:26+00:00","article:modified_time":"2026-02-18T12:15:40+00:00","article:publisher":"https:\/\/www.facebook.com\/YERALTINDANHABERLER\/","twitter:card":"summary_large_image","twitter:site":"@enerjienermak","twitter:title":"K\u00dc\u00c7\u00dcK BORU TEST TAPASI - Enermak Enerji","twitter:description":"Altyap\u0131 ve \u015febeke tespitinde kullanabilece\u011finiz, profesy\u00f6nelli\u011finizi bir ad\u0131m ileri ta\u015f\u0131yacak bir \u00e7ok \u00fcr\u00fcn Enermak Enerji'de. K\u00dc\u00c7\u00dcK BORU TEST TAPASI","twitter:image":"https:\/\/enermak.com\/wp-content\/uploads\/2022\/03\/logo-tr-1.png"},"aioseo_meta_data":{"post_id":"9257","title":null,"description":"Altyap\u0131 ve \u015febeke tespitinde kullanabilece\u011finiz, profesy\u00f6nelli\u011finizi bir ad\u0131m ileri ta\u015f\u0131yacak bir \u00e7ok \u00fcr\u00fcn Enermak Enerji'de. K\u00dc\u00c7\u00dcK BORU TEST TAPASI","keywords":null,"keyphrases":{"focus":{"keyphrase":"K\u00dc\u00c7\u00dcK BORU TEST TAPASI","score":87,"analysis":{"keyphraseInTitle":{"score":9,"maxScore":9,"error":0},"keyphraseInDescription":{"score":9,"maxScore":9,"error":0},"keyphraseLength":{"score":6,"maxScore":9,"error":1,"length":5},"keyphraseInURL":{"score":5,"maxScore":5,"error":0},"keyphraseInIntroduction":{"score":3,"maxScore":9,"error":1},"keyphraseInSubHeadings":{"score":9,"maxScore":9,"error":0},"keyphraseInImageAlt":{"score":9,"maxScore":9,"error":0},"keywordDensity":{"type":"best","score":9,"maxScore":9,"error":0}}},"additional":[]},"primary_term":null,"canonical_url":null,"og_title":null,"og_description":null,"og_object_type":"default","og_image_type":"default","og_image_url":null,"og_image_width":null,"og_image_height":null,"og_image_custom_url":null,"og_image_custom_fields":null,"og_video":"","og_custom_url":null,"og_article_section":null,"og_article_tags":null,"twitter_use_og":false,"twitter_card":"default","twitter_image_type":"default","twitter_image_url":null,"twitter_image_custom_url":null,"twitter_image_custom_fields":null,"twitter_title":null,"twitter_description":null,"schema":{"blockGraphs":[],"customGraphs":[],"default":{"data":{"Article":[],"Course":[],"Dataset":[],"FAQPage":[],"Movie":[],"Person":[],"Product":[],"ProductReview":[],"Car":[],"Recipe":[],"Service":[],"SoftwareApplication":[],"WebPage":[]},"graphName":"ItemPage","isEnabled":true},"graphs":[]},"schema_type":"default","schema_type_options":"{\"article\":{\"articleType\":\"BlogPosting\"},\"course\":{\"name\":\"\",\"description\":\"\",\"provider\":\"\"},\"faq\":{\"pages\":[]},\"product\":{\"reviews\":[]},\"recipe\":{\"ingredients\":[],\"instructions\":[],\"keywords\":[]},\"software\":{\"reviews\":[],\"operatingSystems\":[]},\"webPage\":{\"webPageType\":\"WebPage\"},\"blockGraphs\":[]}","pillar_content":false,"robots_default":false,"robots_noindex":false,"robots_noarchive":false,"robots_nosnippet":false,"robots_nofollow":false,"robots_noimageindex":false,"robots_noodp":false,"robots_notranslate":false,"robots_max_snippet":"-1","robots_max_videopreview":"-1","robots_max_imagepreview":"large","priority":null,"frequency":"default","local_seo":null,"seo_analyzer_scan_date":"2026-02-18 12:18:00","breadcrumb_settings":null,"limit_modified_date":false,"reviewed_by":null,"open_ai":"{\"title\":{\"suggestions\":[],\"usage\":0},\"description\":{\"suggestions\":[],\"usage\":0}}","ai":{"faqs":[],"keyPoints":[],"titles":[],"descriptions":[],"socialPosts":{"email":[],"linkedin":[],"twitter":[],"facebook":[],"instagram":[]}},"created":"2022-09-12 10:39:39","updated":"2026-02-18 12:18:00"},"aioseo_breadcrumb":"<div class=\"aioseo-breadcrumbs\"><span class=\"aioseo-breadcrumb\">\n\t<a href=\"https:\/\/enermak.com\/en\" title=\"Home\">Home<\/a>\n<\/span><span class=\"aioseo-breadcrumb-separator\">\u00bb<\/span><span class=\"aioseo-breadcrumb\">\n\t<a href=\"https:\/\/enermak.com\/en\/urunler\/\" title=\"\u00dcr\u00fcnler\">\u00dcr\u00fcnler<\/a>\n<\/span><span class=\"aioseo-breadcrumb-separator\">\u00bb<\/span><span class=\"aioseo-breadcrumb\">\n\t<a href=\"https:\/\/enermak.com\/en\/urunler\/kategori\/kanal-boru-tikama-balonu\/\" title=\"Boru K\u00f6rleme &amp; Hava Yast\u0131\u011f\u0131\">Boru K\u00f6rleme &amp; Hava Yast\u0131\u011f\u0131<\/a>\n<\/span><span class=\"aioseo-breadcrumb-separator\">\u00bb<\/span><span class=\"aioseo-breadcrumb\">\n\tK\u00dc\u00c7\u00dcK BORU TEST TAPASI\n<\/span><\/div>","aioseo_breadcrumb_json":[{"label":"Home","link":"https:\/\/enermak.com\/en"},{"label":"\u00dcr\u00fcnler","link":"https:\/\/enermak.com\/en\/urunler\/"},{"label":"Boru K\u00f6rleme &amp; Hava Yast\u0131\u011f\u0131","link":"https:\/\/enermak.com\/en\/urunler\/kategori\/kanal-boru-tikama-balonu\/"},{"label":"K\u00dc\u00c7\u00dcK BORU TEST TAPASI","link":"https:\/\/enermak.com\/en\/urunler\/kucuk-boru-test-tapasi\/"}],"_links":{"self":[{"href":"https:\/\/enermak.com\/en\/wp-json\/wp\/v2\/product\/9257","targetHints":{"allow":["GET"]}}],"collection":[{"href":"https:\/\/enermak.com\/en\/wp-json\/wp\/v2\/product"}],"about":[{"href":"https:\/\/enermak.com\/en\/wp-json\/wp\/v2\/types\/product"}],"version-history":[{"count":0,"href":"https:\/\/enermak.com\/en\/wp-json\/wp\/v2\/product\/9257\/revisions"}],"wp:featuredmedia":[{"embeddable":true,"href":"https:\/\/enermak.com\/en\/wp-json\/wp\/v2\/media\/32113"}],"wp:attachment":[{"href":"https:\/\/enermak.com\/en\/wp-json\/wp\/v2\/media?parent=9257"}],"wp:term":[{"taxonomy":"product_brand","embeddable":true,"href":"https:\/\/enermak.com\/en\/wp-json\/wp\/v2\/product_brand?post=9257"},{"taxonomy":"product_cat","embeddable":true,"href":"https:\/\/enermak.com\/en\/wp-json\/wp\/v2\/product_cat?post=9257"},{"taxonomy":"product_tag","embeddable":true,"href":"https:\/\/enermak.com\/en\/wp-json\/wp\/v2\/product_tag?post=9257"},{"taxonomy":"product_brands","embeddable":true,"href":"https:\/\/enermak.com\/en\/wp-json\/wp\/v2\/product_brands?post=9257"}],"curies":[{"name":"wp","href":"https:\/\/api.w.org\/{rel}","templated":true}]}}