{"id":9188,"date":"2024-04-01T10:55:44","date_gmt":"2024-04-01T07:55:44","guid":{"rendered":"http:\/\/isimmedya.com\/?post_type=product&#038;p=9188"},"modified":"2026-02-18T14:15:30","modified_gmt":"2026-02-18T11:15:30","slug":"ek-yeri-testi","status":"publish","type":"product","link":"https:\/\/enermak.com\/en\/urunler\/ek-yeri-testi\/","title":{"rendered":"BORU EK YER\u0130 TEST\u0130 \u0130\u00c7\u0130N APARAT S\u0130STEM\u0130"},"content":{"rendered":"<h2 class=\"wp-block-heading has-medium-font-size\"><span style=\"color: #000000;\"><strong>EK YER\u0130 TEST\u0130<\/strong><\/span><\/h2>\n<p><span style=\"color: #000000;\">Boru hatlar\u0131ndaki ek yerlerinin testi i\u00e7indir. Boru i\u00e7ine s\u00fcr\u00fcl\u00fcr, her taraf \u015fi\u015fmeye ba\u015flar ve boruyu s\u0131k\u0131ca t\u0131kar. Borunun hata da ya \u00e7atlaklara kar\u015f\u0131 kontrol\u00fc i\u00e7in hava ya da su ile \u015fi\u015firilir. Boru giri\u015finin boru \u00e7ap\u0131ndan k\u00fc\u00e7\u00fck oldu\u011fu durumlarda 3 ya da 4 noktadan s\u00f6k\u00fcl\u00fcp, ard\u0131ndan boru i\u00e7inde birle\u015ftirilerek test yap\u0131m\u0131 m\u00fcmk\u00fcnd\u00fcr.<\/span><\/p>\n<table width=\"615\">\n<tbody>\n<tr>\n<td><span style=\"color: #000000;\"><strong>\u00dcr\u00fcn Kodu<\/strong><\/span><\/td>\n<td><span style=\"color: #000000;\"><strong>Nominal Boyut<\/strong><\/span><\/td>\n<td><span style=\"color: #000000;\"><strong>\u00dcr\u00fcn \u00c7ap\u0131<\/strong><\/span><\/td>\n<td><span style=\"color: #000000;\"><strong>\u00dcr\u00fcn Uzunlu\u011fu<\/strong><\/span><\/td>\n<td><span style=\"color: #000000;\"><strong>Max. \u00c7al\u0131\u015fma Bas\u0131nc\u0131<\/strong><\/span><\/td>\n<\/tr>\n<tr>\n<td><\/td>\n<td><span style=\"color: #000000;\"><strong>(mm)<\/strong><\/span><\/td>\n<td><span style=\"color: #000000;\"><strong>(mm)<\/strong><\/span><\/td>\n<td><span style=\"color: #000000;\"><strong>(mm)<\/strong><\/span><\/td>\n<td><span style=\"color: #000000;\"><strong>(bar)<\/strong><\/span><\/td>\n<\/tr>\n<tr>\n<td><span style=\"color: #000000;\"><strong>J100<\/strong><\/span><\/td>\n<td><span style=\"color: #000000;\"><strong>100<\/strong><\/span><\/td>\n<td><span style=\"color: #000000;\"><strong>80<\/strong><\/span><\/td>\n<td><span style=\"color: #000000;\"><strong>380<\/strong><\/span><\/td>\n<td><span style=\"color: #000000;\"><strong>2,5<\/strong><\/span><\/td>\n<\/tr>\n<tr>\n<td><span style=\"color: #000000;\"><strong>J200<\/strong><\/span><\/td>\n<td><span style=\"color: #000000;\"><strong>200<\/strong><\/span><\/td>\n<td><span style=\"color: #000000;\"><strong>180<\/strong><\/span><\/td>\n<td><span style=\"color: #000000;\"><strong>380<\/strong><\/span><\/td>\n<td><span style=\"color: #000000;\"><strong>2,5<\/strong><\/span><\/td>\n<\/tr>\n<tr>\n<td><span style=\"color: #000000;\"><strong>J300<\/strong><\/span><\/td>\n<td><span style=\"color: #000000;\"><strong>300<\/strong><\/span><\/td>\n<td><span style=\"color: #000000;\"><strong>280<\/strong><\/span><\/td>\n<td><span style=\"color: #000000;\"><strong>380<\/strong><\/span><\/td>\n<td><span style=\"color: #000000;\"><strong>2,5<\/strong><\/span><\/td>\n<\/tr>\n<tr>\n<td><span style=\"color: #000000;\"><strong>J400<\/strong><\/span><\/td>\n<td><span style=\"color: #000000;\"><strong>400<\/strong><\/span><\/td>\n<td><span style=\"color: #000000;\"><strong>380<\/strong><\/span><\/td>\n<td><span style=\"color: #000000;\"><strong>380<\/strong><\/span><\/td>\n<td><span style=\"color: #000000;\"><strong>2,5<\/strong><\/span><\/td>\n<\/tr>\n<tr>\n<td><span style=\"color: #000000;\"><strong>J500<\/strong><\/span><\/td>\n<td><span style=\"color: #000000;\"><strong>500<\/strong><\/span><\/td>\n<td><span style=\"color: #000000;\"><strong>480<\/strong><\/span><\/td>\n<td><span style=\"color: #000000;\"><strong>380<\/strong><\/span><\/td>\n<td><span style=\"color: #000000;\"><strong>2,5<\/strong><\/span><\/td>\n<\/tr>\n<tr>\n<td><span style=\"color: #000000;\"><strong>J600<\/strong><\/span><\/td>\n<td><span style=\"color: #000000;\"><strong>600<\/strong><\/span><\/td>\n<td><span style=\"color: #000000;\"><strong>580<\/strong><\/span><\/td>\n<td><span style=\"color: #000000;\"><strong>380<\/strong><\/span><\/td>\n<td><span style=\"color: #000000;\"><strong>2,5<\/strong><\/span><\/td>\n<\/tr>\n<tr>\n<td><span style=\"color: #000000;\"><strong>J700<\/strong><\/span><\/td>\n<td><span style=\"color: #000000;\"><strong>700<\/strong><\/span><\/td>\n<td><span style=\"color: #000000;\"><strong>680<\/strong><\/span><\/td>\n<td><span style=\"color: #000000;\"><strong>380<\/strong><\/span><\/td>\n<td><span style=\"color: #000000;\"><strong>2,5<\/strong><\/span><\/td>\n<\/tr>\n<tr>\n<td><span style=\"color: #000000;\"><strong>J800<\/strong><\/span><\/td>\n<td><span style=\"color: #000000;\"><strong>800<\/strong><\/span><\/td>\n<td><span style=\"color: #000000;\"><strong>780<\/strong><\/span><\/td>\n<td><span style=\"color: #000000;\"><strong>380<\/strong><\/span><\/td>\n<td><span style=\"color: #000000;\"><strong>2,5<\/strong><\/span><\/td>\n<\/tr>\n<tr>\n<td><span style=\"color: #000000;\"><strong>J900<\/strong><\/span><\/td>\n<td><span style=\"color: #000000;\"><strong>900<\/strong><\/span><\/td>\n<td><span style=\"color: #000000;\"><strong>880<\/strong><\/span><\/td>\n<td><span style=\"color: #000000;\"><strong>380<\/strong><\/span><\/td>\n<td><span style=\"color: #000000;\"><strong>2,5<\/strong><\/span><\/td>\n<\/tr>\n<tr>\n<td><span style=\"color: #000000;\"><strong>J1000<\/strong><\/span><\/td>\n<td><span style=\"color: #000000;\"><strong>1000<\/strong><\/span><\/td>\n<td><span style=\"color: #000000;\"><strong>980<\/strong><\/span><\/td>\n<td><span style=\"color: #000000;\"><strong>380<\/strong><\/span><\/td>\n<td><span style=\"color: #000000;\"><strong>2,5<\/strong><\/span><\/td>\n<\/tr>\n<tr>\n<td><span style=\"color: #000000;\"><strong>J1100<\/strong><\/span><\/td>\n<td><span style=\"color: #000000;\"><strong>1100<\/strong><\/span><\/td>\n<td><span style=\"color: #000000;\"><strong>1080<\/strong><\/span><\/td>\n<td><span style=\"color: #000000;\"><strong>380<\/strong><\/span><\/td>\n<td><span style=\"color: #000000;\"><strong>2,5<\/strong><\/span><\/td>\n<\/tr>\n<tr>\n<td><span style=\"color: #000000;\"><strong>J1200<\/strong><\/span><\/td>\n<td><span style=\"color: #000000;\"><strong>1200<\/strong><\/span><\/td>\n<td><span style=\"color: #000000;\"><strong>1180<\/strong><\/span><\/td>\n<td><span style=\"color: #000000;\"><strong>380<\/strong><\/span><\/td>\n<td><span style=\"color: #000000;\"><strong>2,5<\/strong><\/span><\/td>\n<\/tr>\n<tr>\n<td><span style=\"color: #000000;\"><strong>J1300<\/strong><\/span><\/td>\n<td><span style=\"color: #000000;\"><strong>1300<\/strong><\/span><\/td>\n<td><span style=\"color: #000000;\"><strong>1280<\/strong><\/span><\/td>\n<td><span style=\"color: #000000;\"><strong>380<\/strong><\/span><\/td>\n<td><span style=\"color: #000000;\"><strong>2,5<\/strong><\/span><\/td>\n<\/tr>\n<tr>\n<td><span style=\"color: #000000;\"><strong>J1400<\/strong><\/span><\/td>\n<td><span style=\"color: #000000;\"><strong>1400<\/strong><\/span><\/td>\n<td><span style=\"color: #000000;\"><strong>1380<\/strong><\/span><\/td>\n<td><span style=\"color: #000000;\"><strong>380<\/strong><\/span><\/td>\n<td><span style=\"color: #000000;\"><strong>2,5<\/strong><\/span><\/td>\n<\/tr>\n<tr>\n<td><span style=\"color: #000000;\"><strong>J1500<\/strong><\/span><\/td>\n<td><span style=\"color: #000000;\"><strong>1500<\/strong><\/span><\/td>\n<td><span style=\"color: #000000;\"><strong>1480<\/strong><\/span><\/td>\n<td><span style=\"color: #000000;\"><strong>380<\/strong><\/span><\/td>\n<td><span style=\"color: #000000;\"><strong>2,5<\/strong><\/span><\/td>\n<\/tr>\n<tr>\n<td><span style=\"color: #000000;\"><strong>J1600<\/strong><\/span><\/td>\n<td><span style=\"color: #000000;\"><strong>1600<\/strong><\/span><\/td>\n<td><span style=\"color: #000000;\"><strong>1580<\/strong><\/span><\/td>\n<td><span style=\"color: #000000;\"><strong>380<\/strong><\/span><\/td>\n<td><span style=\"color: #000000;\"><strong>2,5<\/strong><\/span><\/td>\n<\/tr>\n<tr>\n<td><span style=\"color: #000000;\"><strong>J1700<\/strong><\/span><\/td>\n<td><span style=\"color: #000000;\"><strong>1700<\/strong><\/span><\/td>\n<td><span style=\"color: #000000;\"><strong>1680<\/strong><\/span><\/td>\n<td><span style=\"color: #000000;\"><strong>380<\/strong><\/span><\/td>\n<td><span style=\"color: #000000;\"><strong>2,5<\/strong><\/span><\/td>\n<\/tr>\n<tr>\n<td><span style=\"color: #000000;\"><strong>J1800<\/strong><\/span><\/td>\n<td><span style=\"color: #000000;\"><strong>1800<\/strong><\/span><\/td>\n<td><span style=\"color: #000000;\"><strong>1780<\/strong><\/span><\/td>\n<td><span style=\"color: #000000;\"><strong>380<\/strong><\/span><\/td>\n<td><span style=\"color: #000000;\"><strong>2,5<\/strong><\/span><\/td>\n<\/tr>\n<tr>\n<td><span style=\"color: #000000;\"><strong>J1900<\/strong><\/span><\/td>\n<td><span style=\"color: #000000;\"><strong>1900<\/strong><\/span><\/td>\n<td><span style=\"color: #000000;\"><strong>1880<\/strong><\/span><\/td>\n<td><span style=\"color: #000000;\"><strong>380<\/strong><\/span><\/td>\n<td><span style=\"color: #000000;\"><strong>2,5<\/strong><\/span><\/td>\n<\/tr>\n<tr>\n<td><span style=\"color: #000000;\"><strong>J2000<\/strong><\/span><\/td>\n<td><span style=\"color: #000000;\"><strong>2000<\/strong><\/span><\/td>\n<td><span style=\"color: #000000;\"><strong>1980<\/strong><\/span><\/td>\n<td><span style=\"color: #000000;\"><strong>380<\/strong><\/span><\/td>\n<td><span style=\"color: #000000;\"><strong>2,5<\/strong><\/span><\/td>\n<\/tr>\n<tr>\n<td><span style=\"color: #000000;\"><strong>J2100<\/strong><\/span><\/td>\n<td><span style=\"color: #000000;\"><strong>2100<\/strong><\/span><\/td>\n<td><span style=\"color: #000000;\"><strong>2080<\/strong><\/span><\/td>\n<td><span style=\"color: #000000;\"><strong>380<\/strong><\/span><\/td>\n<td><span style=\"color: #000000;\"><strong>2,5<\/strong><\/span><\/td>\n<\/tr>\n<tr>\n<td><span style=\"color: #000000;\"><strong>J2200<\/strong><\/span><\/td>\n<td><span style=\"color: #000000;\"><strong>2200<\/strong><\/span><\/td>\n<td><span style=\"color: #000000;\"><strong>2180<\/strong><\/span><\/td>\n<td><span style=\"color: #000000;\"><strong>380<\/strong><\/span><\/td>\n<td><span style=\"color: #000000;\"><strong>2,5<\/strong><\/span><\/td>\n<\/tr>\n<tr>\n<td><span style=\"color: #000000;\"><strong>J2300<\/strong><\/span><\/td>\n<td><span style=\"color: #000000;\"><strong>2300<\/strong><\/span><\/td>\n<td><span style=\"color: #000000;\"><strong>2280<\/strong><\/span><\/td>\n<td><span style=\"color: #000000;\"><strong>380<\/strong><\/span><\/td>\n<td><span style=\"color: #000000;\"><strong>2,5<\/strong><\/span><\/td>\n<\/tr>\n<tr>\n<td><span style=\"color: #000000;\"><strong>J2400<\/strong><\/span><\/td>\n<td><span style=\"color: #000000;\"><strong>2400<\/strong><\/span><\/td>\n<td><span style=\"color: #000000;\"><strong>2380<\/strong><\/span><\/td>\n<td><span style=\"color: #000000;\"><strong>380<\/strong><\/span><\/td>\n<td><span style=\"color: #000000;\"><strong>2,5<\/strong><\/span><\/td>\n<\/tr>\n<tr>\n<td><span style=\"color: #000000;\"><strong>J2500<\/strong><\/span><\/td>\n<td><span style=\"color: #000000;\"><strong>2500<\/strong><\/span><\/td>\n<td><span style=\"color: #000000;\"><strong>2480<\/strong><\/span><\/td>\n<td><span style=\"color: #000000;\"><strong>380<\/strong><\/span><\/td>\n<td><span style=\"color: #000000;\"><strong>2,5<\/strong><\/span><\/td>\n<\/tr>\n<tr>\n<td><span style=\"color: #000000;\"><strong>J3000<\/strong><\/span><\/td>\n<td><span style=\"color: #000000;\"><strong>3000<\/strong><\/span><\/td>\n<td><span style=\"color: #000000;\"><strong>2980<\/strong><\/span><\/td>\n<td><span style=\"color: #000000;\"><strong>380<\/strong><\/span><\/td>\n<td><span style=\"color: #000000;\"><strong>2,5<\/strong><\/span><\/td>\n<\/tr>\n<\/tbody>\n<\/table>\n<p>bu \u00fcr\u00fcn a\u00e7\u0131klamas\u0131n\u0131 daha modern hale getir<\/p>","protected":false},"excerpt":{"rendered":"<h2><span style=\"color: #000000;\"><strong>EK YER\u0130 TEST\u0130<\/strong><\/span><\/h2>\n<p><span style=\"color: #000000;\">Boru hatlar\u0131ndaki ek yerlerinin testi i\u00e7indir. Boru i\u00e7ine s\u00fcr\u00fcl\u00fcr, her taraf \u015fi\u015fmeye ba\u015flar ve boruyu s\u0131k\u0131ca t\u0131kar. Borunun hata da ya \u00e7atlaklara kar\u015f\u0131 kontrol\u00fc i\u00e7in hava ya da su ile \u015fi\u015firilir. Boru giri\u015finin boru \u00e7ap\u0131ndan k\u00fc\u00e7\u00fck oldu\u011fu durumlarda 3 ya da 4 noktadan s\u00f6k\u00fcl\u00fcp, ard\u0131ndan boru i\u00e7inde birle\u015ftirilerek test yap\u0131m\u0131 m\u00fcmk\u00fcnd\u00fcr.<\/span><\/p>","protected":false},"featured_media":27772,"template":"","meta":{"_bst_post_transparent":"default","_bst_post_title":"","_bst_post_layout":"default","_bst_post_sidebar_id":"","_bst_post_content_style":"default","_bst_post_vertical_padding":"default","_bst_post_feature":"","_bst_post_feature_position":"","_bst_post_header":false,"_bst_post_footer":false},"product_brand":[],"product_cat":[149],"product_tag":[],"product_brands":[],"class_list":{"0":"post-9188","1":"product","2":"type-product","3":"status-publish","4":"has-post-thumbnail","6":"product_cat-kanal-boru-tikama-balonu","8":"first","9":"instock","10":"shipping-taxable","11":"product-type-simple","12":"entry","13":"content-bg","14":"loop-entry"},"aioseo_notices":[],"_links":{"self":[{"href":"https:\/\/enermak.com\/en\/wp-json\/wp\/v2\/product\/9188","targetHints":{"allow":["GET"]}}],"collection":[{"href":"https:\/\/enermak.com\/en\/wp-json\/wp\/v2\/product"}],"about":[{"href":"https:\/\/enermak.com\/en\/wp-json\/wp\/v2\/types\/product"}],"version-history":[{"count":0,"href":"https:\/\/enermak.com\/en\/wp-json\/wp\/v2\/product\/9188\/revisions"}],"wp:featuredmedia":[{"embeddable":true,"href":"https:\/\/enermak.com\/en\/wp-json\/wp\/v2\/media\/27772"}],"wp:attachment":[{"href":"https:\/\/enermak.com\/en\/wp-json\/wp\/v2\/media?parent=9188"}],"wp:term":[{"taxonomy":"product_brand","embeddable":true,"href":"https:\/\/enermak.com\/en\/wp-json\/wp\/v2\/product_brand?post=9188"},{"taxonomy":"product_cat","embeddable":true,"href":"https:\/\/enermak.com\/en\/wp-json\/wp\/v2\/product_cat?post=9188"},{"taxonomy":"product_tag","embeddable":true,"href":"https:\/\/enermak.com\/en\/wp-json\/wp\/v2\/product_tag?post=9188"},{"taxonomy":"product_brands","embeddable":true,"href":"https:\/\/enermak.com\/en\/wp-json\/wp\/v2\/product_brands?post=9188"}],"curies":[{"name":"wp","href":"https:\/\/api.w.org\/{rel}","templated":true}]}}