{"id":9165,"date":"2024-03-26T10:26:17","date_gmt":"2024-03-26T07:26:17","guid":{"rendered":"http:\/\/isimmedya.com\/?post_type=product&#038;p=9165"},"modified":"2026-02-18T14:15:43","modified_gmt":"2026-02-18T11:15:43","slug":"esnek-bypass-ve-tekerli-tamir-korugu","status":"publish","type":"product","link":"https:\/\/enermak.com\/en\/urunler\/esnek-bypass-ve-tekerli-tamir-korugu\/","title":{"rendered":"Kanalizasyon Tamir K\u00f6r\u00fc\u011f\u00fc"},"content":{"rendered":"<h2 class=\"wp-block-heading has-medium-font-size\"><span style=\"color: #000000;\"><strong>ESNEK BAYPASS VE TEKERL\u0130 TAM\u0130R K\u00d6R\u00dc\u011e\u00dc<\/strong><\/span><\/h2>\n<p><span style=\"color: #000000;\">Esnek paketleyicilerin sonlar\u0131ndaki tek kat tekstil kau\u00e7uk kaplamalar 120\u00a0\u00b0\u00a0lik a\u00e7\u0131yla yerle\u015ftirilmi\u015f tekerlere sahiptir. Bu tekerler boru i\u00e7i hareketlerde sabitli\u011fi destekler. Paketleyici tasar\u0131m\u0131 tamir esnas\u0131nda su ak\u0131\u015f\u0131na izin verir. Aktif alan uzunlu\u011fu paketleyicilerin tasar\u0131m\u0131 esnekle\u015fti\u011finden beri 600mmden 5000mmye kadard\u0131r ve boru hatlar\u0131na kolayl\u0131kla kurulabilir.<\/span><\/p>\n<table width=\"639\">\n<tbody>\n<tr>\n<td><span style=\"color: #000000;\"><strong>\u00dcr\u00fcn Kodu<\/strong><\/span><\/td>\n<td><span style=\"color: #000000;\"><strong>Nominal Boyut<\/strong><\/span><\/td>\n<td><span style=\"color: #000000;\"><strong>Silindir Uzunlu\u011fu<\/strong><\/span><\/td>\n<td><span style=\"color: #000000;\"><strong>Min. Temas<\/strong><\/span><\/td>\n<td><span style=\"color: #000000;\"><strong>Gerekli \u015ei\u015firme Bas\u0131nc\u0131<\/strong><\/span><\/td>\n<td><span style=\"color: #000000;\"><strong>\u00dcr\u00fcn \u00c7ap\u0131<\/strong><\/span><\/td>\n<td><span style=\"color: #000000;\"><strong>\u00dcr\u00fcn Uzunlu\u011fu<\/strong><\/span><\/td>\n<td><span style=\"color: #000000;\"><strong>Bypass \u00c7ap\u0131<\/strong><\/span><\/td>\n<td><span style=\"color: #000000;\"><strong>\u00dcr\u00fcn A\u011f\u0131rl\u0131\u011f\u0131<\/strong><\/span><\/td>\n<\/tr>\n<tr>\n<td><span style=\"color: #000000;\"><strong>\u00a0<\/strong><\/span><\/td>\n<td><span style=\"color: #000000;\"><strong>\u00a0<\/strong><\/span><\/td>\n<td><span style=\"color: #000000;\"><strong>(mm)<\/strong><\/span><\/td>\n<td><span style=\"color: #000000;\"><strong>(mm)<\/strong><\/span><\/td>\n<td><span style=\"color: #000000;\"><strong>(bar)<\/strong><\/span><\/td>\n<td><span style=\"color: #000000;\"><strong>(mm)<\/strong><\/span><\/td>\n<td><span style=\"color: #000000;\"><strong>(mm)<\/strong><\/span><\/td>\n<td><span style=\"color: #000000;\"><strong>(inch)<\/strong><\/span><\/td>\n<td><span style=\"color: #000000;\"><strong>(kg\/m)<\/strong><\/span><\/td>\n<\/tr>\n<tr>\n<td><span style=\"color: #000000;\"><strong>FRP100150XX<\/strong><\/span><\/td>\n<td><span style=\"color: #000000;\"><strong>100-150<\/strong><\/span><\/td>\n<td><span style=\"color: #000000;\"><strong>1000-5000<\/strong><\/span><\/td>\n<td><span style=\"color: #000000;\"><strong>S,U-170<\/strong><\/span><\/td>\n<td><span style=\"color: #000000;\"><strong>2,5<\/strong><\/span><\/td>\n<td><span style=\"color: #000000;\"><strong>65<\/strong><\/span><\/td>\n<td><span style=\"color: #000000;\"><strong>S,U+350<\/strong><\/span><\/td>\n<td><span style=\"color: #000000;\"><strong>NA<\/strong><\/span><\/td>\n<td><span style=\"color: #000000;\"><strong>1,7<\/strong><\/span><\/td>\n<\/tr>\n<tr>\n<td><span style=\"color: #000000;\"><strong>FRP150250XX<\/strong><\/span><\/td>\n<td><span style=\"color: #000000;\"><strong>150-250<\/strong><\/span><\/td>\n<td><span style=\"color: #000000;\"><strong>1000-5000<\/strong><\/span><\/td>\n<td><span style=\"color: #000000;\"><strong>S,U-225<\/strong><\/span><\/td>\n<td><span style=\"color: #000000;\"><strong>2<\/strong><\/span><\/td>\n<td><span style=\"color: #000000;\"><strong>116<\/strong><\/span><\/td>\n<td><span style=\"color: #000000;\"><strong>S,U+350<\/strong><\/span><\/td>\n<td><span style=\"color: #000000;\"><strong>1\u201d<\/strong><\/span><\/td>\n<td><span style=\"color: #000000;\"><strong>3,3<\/strong><\/span><\/td>\n<\/tr>\n<tr>\n<td><span style=\"color: #000000;\"><strong>FRP200300XX<\/strong><\/span><\/td>\n<td><span style=\"color: #000000;\"><strong>200-300<\/strong><\/span><\/td>\n<td><span style=\"color: #000000;\"><strong>1000-5000<\/strong><\/span><\/td>\n<td><span style=\"color: #000000;\"><strong>S,U-280<\/strong><\/span><\/td>\n<td><span style=\"color: #000000;\"><strong>2<\/strong><\/span><\/td>\n<td><span style=\"color: #000000;\"><strong>170<\/strong><\/span><\/td>\n<td><span style=\"color: #000000;\"><strong>S,U+350<\/strong><\/span><\/td>\n<td><span style=\"color: #000000;\"><strong>2\u201d<\/strong><\/span><\/td>\n<td><span style=\"color: #000000;\"><strong>5,4<\/strong><\/span><\/td>\n<\/tr>\n<tr>\n<td><span style=\"color: #000000;\"><strong>FRP300400XX<\/strong><\/span><\/td>\n<td><span style=\"color: #000000;\"><strong>300-400<\/strong><\/span><\/td>\n<td><span style=\"color: #000000;\"><strong>1000-5000<\/strong><\/span><\/td>\n<td><span style=\"color: #000000;\"><strong>S,U-300<\/strong><\/span><\/td>\n<td><span style=\"color: #000000;\"><strong>1,5<\/strong><\/span><\/td>\n<td><span style=\"color: #000000;\"><strong>231<\/strong><\/span><\/td>\n<td><span style=\"color: #000000;\"><strong>S,U+350<\/strong><\/span><\/td>\n<td><span style=\"color: #000000;\"><strong>2\u201d<\/strong><\/span><\/td>\n<td><span style=\"color: #000000;\"><strong>7,3<\/strong><\/span><\/td>\n<\/tr>\n<tr>\n<td><span style=\"color: #000000;\"><strong>FRP400600XX<\/strong><\/span><\/td>\n<td><span style=\"color: #000000;\"><strong>400-600<\/strong><\/span><\/td>\n<td><span style=\"color: #000000;\"><strong>1000-5000<\/strong><\/span><\/td>\n<td><span style=\"color: #000000;\"><strong>S,U-300<\/strong><\/span><\/td>\n<td><span style=\"color: #000000;\"><strong>1<\/strong><\/span><\/td>\n<td><span style=\"color: #000000;\"><strong>345<\/strong><\/span><\/td>\n<td><span style=\"color: #000000;\"><strong>S,U+350<\/strong><\/span><\/td>\n<td><span style=\"color: #000000;\"><strong>2\u201d<\/strong><\/span><\/td>\n<td><span style=\"color: #000000;\"><strong>11,6<\/strong><\/span><\/td>\n<\/tr>\n<tr>\n<td><span style=\"color: #000000;\"><strong>FRP600800XX<\/strong><\/span><\/td>\n<td><span style=\"color: #000000;\"><strong>600-800<\/strong><\/span><\/td>\n<td><span style=\"color: #000000;\"><strong>1000-5000<\/strong><\/span><\/td>\n<td><span style=\"color: #000000;\"><strong>S,U-300<\/strong><\/span><\/td>\n<td><span style=\"color: #000000;\"><strong>1<\/strong><\/span><\/td>\n<td><span style=\"color: #000000;\"><strong>4440<\/strong><\/span><\/td>\n<td><span style=\"color: #000000;\"><strong>S,U+350<\/strong><\/span><\/td>\n<td><span style=\"color: #000000;\"><strong>2\u201d<\/strong><\/span><\/td>\n<td><span style=\"color: #000000;\"><strong>15,5<\/strong><\/span><\/td>\n<\/tr>\n<\/tbody>\n<\/table>\n<p>&nbsp;<\/p>\n<p>&nbsp;<\/p>","protected":false},"excerpt":{"rendered":"<h3><span style=\"color: #000000;\"><strong>ESNEK BAYPASS VE TEKERL\u0130 TAM\u0130R K\u00d6R\u00dc\u011e\u00dc<\/strong><\/span><\/h3>\n<p><span style=\"color: #000000;\">Esnek paketleyicilerin sonlar\u0131ndaki tek kat tekstil kau\u00e7uk kaplamalar 120\u00a0\u00b0\u00a0lik a\u00e7\u0131yla yerle\u015ftirilmi\u015f tekerlere sahiptir. Bu tekerler boru i\u00e7i hareketlerde sabitli\u011fi destekler. Paketleyici tasar\u0131m\u0131 tamir esnas\u0131nda su ak\u0131\u015f\u0131na izin verir. Aktif alan uzunlu\u011fu paketleyicilerin tasar\u0131m\u0131 esnekle\u015fti\u011finden beri 600mmden 5000mmye kadard\u0131r ve boru hatlar\u0131na kolayl\u0131kla kurulabilir.<\/span><\/p>","protected":false},"featured_media":9166,"template":"","meta":{"_monsterinsights_skip_tracking":false,"_monsterinsights_sitenote_active":false,"_monsterinsights_sitenote_note":"","_monsterinsights_sitenote_category":0,"_uf_show_specific_survey":0,"_uf_disable_surveys":false,"_bst_post_transparent":"default","_bst_post_title":"","_bst_post_layout":"default","_bst_post_sidebar_id":"","_bst_post_content_style":"default","_bst_post_vertical_padding":"default","_bst_post_feature":"","_bst_post_feature_position":"","_bst_post_header":false,"_bst_post_footer":false},"product_brand":[],"product_cat":[149],"product_tag":[],"product_brands":[],"class_list":{"0":"post-9165","1":"product","2":"type-product","3":"status-publish","4":"has-post-thumbnail","6":"product_cat-kanal-boru-tikama-balonu","8":"first","9":"instock","10":"shipping-taxable","11":"product-type-simple","12":"entry","13":"content-bg","14":"loop-entry"},"aioseo_notices":[],"aioseo_head":"\n\t\t<!-- All in One SEO Pro 4.9.5.2 - aioseo.com -->\n\t<meta name=\"description\" content=\"Altyap\u0131 ve \u015febeke tespitinde kullanabilece\u011finiz, profesy\u00f6nelli\u011finizi bir ad\u0131m ileri ta\u015f\u0131yacak bir \u00e7ok \u00fcr\u00fcn Enermak Enerji&#039;de.TEKERL\u0130 TAM\u0130R K\u00d6R\u00dc\u011e\u00dc\" \/>\n\t<meta name=\"robots\" content=\"max-snippet:-1, max-image-preview:large, max-video-preview:-1\" \/>\n\t<meta name=\"yandex-verification\" content=\"yandex-verification: 61c39bc218eec6a9\" \/>\n\t<link rel=\"canonical\" href=\"https:\/\/enermak.com\/en\/urunler\/esnek-bypass-ve-tekerli-tamir-korugu\/\" \/>\n\t<meta name=\"generator\" content=\"All in One SEO Pro (AIOSEO) 4.9.5.2\" \/>\n\t\t<meta property=\"og:locale\" content=\"en_US\" \/>\n\t\t<meta property=\"og:site_name\" content=\"Enermak Enerji - Yeralt\u0131ndan Haberler\" \/>\n\t\t<meta property=\"og:type\" content=\"article\" \/>\n\t\t<meta property=\"og:title\" content=\"Kanalizasyon Tamir K\u00f6r\u00fc\u011f\u00fc - Enermak Enerji\" \/>\n\t\t<meta property=\"og:description\" content=\"Altyap\u0131 ve \u015febeke tespitinde kullanabilece\u011finiz, profesy\u00f6nelli\u011finizi bir ad\u0131m ileri ta\u015f\u0131yacak bir \u00e7ok \u00fcr\u00fcn Enermak Enerji&#039;de.TEKERL\u0130 TAM\u0130R K\u00d6R\u00dc\u011e\u00dc\" \/>\n\t\t<meta property=\"og:url\" content=\"https:\/\/enermak.com\/en\/urunler\/esnek-bypass-ve-tekerli-tamir-korugu\/\" \/>\n\t\t<meta property=\"og:image\" content=\"https:\/\/enermak.com\/wp-content\/uploads\/2022\/03\/logo-tr-1.png\" \/>\n\t\t<meta property=\"og:image:secure_url\" content=\"https:\/\/enermak.com\/wp-content\/uploads\/2022\/03\/logo-tr-1.png\" \/>\n\t\t<meta property=\"article:published_time\" content=\"2024-03-26T07:26:17+00:00\" \/>\n\t\t<meta property=\"article:modified_time\" content=\"2026-02-18T11:15:43+00:00\" \/>\n\t\t<meta property=\"article:publisher\" content=\"https:\/\/www.facebook.com\/YERALTINDANHABERLER\/\" \/>\n\t\t<meta name=\"twitter:card\" content=\"summary_large_image\" \/>\n\t\t<meta name=\"twitter:site\" content=\"@enerjienermak\" \/>\n\t\t<meta name=\"twitter:title\" content=\"Kanalizasyon Tamir K\u00f6r\u00fc\u011f\u00fc - Enermak Enerji\" \/>\n\t\t<meta name=\"twitter:description\" content=\"Altyap\u0131 ve \u015febeke tespitinde kullanabilece\u011finiz, profesy\u00f6nelli\u011finizi bir ad\u0131m ileri ta\u015f\u0131yacak bir \u00e7ok \u00fcr\u00fcn Enermak Enerji&#039;de.TEKERL\u0130 TAM\u0130R K\u00d6R\u00dc\u011e\u00dc\" \/>\n\t\t<meta name=\"twitter:image\" content=\"https:\/\/enermak.com\/wp-content\/uploads\/2022\/03\/logo-tr-1.png\" \/>\n\t\t<script type=\"application\/ld+json\" class=\"aioseo-schema\">\n\t\t\t{\"@context\":\"https:\\\/\\\/schema.org\",\"@graph\":[{\"@type\":\"BreadcrumbList\",\"@id\":\"https:\\\/\\\/enermak.com\\\/en\\\/urunler\\\/esnek-bypass-ve-tekerli-tamir-korugu\\\/#breadcrumblist\",\"itemListElement\":[{\"@type\":\"ListItem\",\"@id\":\"https:\\\/\\\/enermak.com\\\/en#listItem\",\"position\":1,\"name\":\"Home\",\"item\":\"https:\\\/\\\/enermak.com\\\/en\",\"nextItem\":{\"@type\":\"ListItem\",\"@id\":\"https:\\\/\\\/enermak.com\\\/en\\\/urunler\\\/#listItem\",\"name\":\"\\u00dcr\\u00fcnler\"}},{\"@type\":\"ListItem\",\"@id\":\"https:\\\/\\\/enermak.com\\\/en\\\/urunler\\\/#listItem\",\"position\":2,\"name\":\"\\u00dcr\\u00fcnler\",\"item\":\"https:\\\/\\\/enermak.com\\\/en\\\/urunler\\\/\",\"nextItem\":{\"@type\":\"ListItem\",\"@id\":\"https:\\\/\\\/enermak.com\\\/en\\\/urunler\\\/kategori\\\/kanal-boru-tikama-balonu\\\/#listItem\",\"name\":\"Boru K\\u00f6rleme &amp; Hava Yast\\u0131\\u011f\\u0131\"},\"previousItem\":{\"@type\":\"ListItem\",\"@id\":\"https:\\\/\\\/enermak.com\\\/en#listItem\",\"name\":\"Home\"}},{\"@type\":\"ListItem\",\"@id\":\"https:\\\/\\\/enermak.com\\\/en\\\/urunler\\\/kategori\\\/kanal-boru-tikama-balonu\\\/#listItem\",\"position\":3,\"name\":\"Boru K\\u00f6rleme &amp; Hava Yast\\u0131\\u011f\\u0131\",\"item\":\"https:\\\/\\\/enermak.com\\\/en\\\/urunler\\\/kategori\\\/kanal-boru-tikama-balonu\\\/\",\"nextItem\":{\"@type\":\"ListItem\",\"@id\":\"https:\\\/\\\/enermak.com\\\/en\\\/urunler\\\/esnek-bypass-ve-tekerli-tamir-korugu\\\/#listItem\",\"name\":\"Kanalizasyon Tamir K\\u00f6r\\u00fc\\u011f\\u00fc\"},\"previousItem\":{\"@type\":\"ListItem\",\"@id\":\"https:\\\/\\\/enermak.com\\\/en\\\/urunler\\\/#listItem\",\"name\":\"\\u00dcr\\u00fcnler\"}},{\"@type\":\"ListItem\",\"@id\":\"https:\\\/\\\/enermak.com\\\/en\\\/urunler\\\/esnek-bypass-ve-tekerli-tamir-korugu\\\/#listItem\",\"position\":4,\"name\":\"Kanalizasyon Tamir K\\u00f6r\\u00fc\\u011f\\u00fc\",\"previousItem\":{\"@type\":\"ListItem\",\"@id\":\"https:\\\/\\\/enermak.com\\\/en\\\/urunler\\\/kategori\\\/kanal-boru-tikama-balonu\\\/#listItem\",\"name\":\"Boru K\\u00f6rleme &amp; Hava Yast\\u0131\\u011f\\u0131\"}}]},{\"@type\":\"Organization\",\"@id\":\"https:\\\/\\\/enermak.com\\\/en\\\/#organization\",\"name\":\"Enermak Enerji\",\"description\":\"Yeralt\\u0131ndan Haberler\",\"url\":\"https:\\\/\\\/enermak.com\\\/en\\\/\",\"telephone\":\"+903123851102\",\"logo\":{\"@type\":\"ImageObject\",\"url\":\"https:\\\/\\\/enermak.com\\\/wp-content\\\/uploads\\\/2022\\\/03\\\/logo-tr-1.png\",\"@id\":\"https:\\\/\\\/enermak.com\\\/en\\\/urunler\\\/esnek-bypass-ve-tekerli-tamir-korugu\\\/#organizationLogo\"},\"image\":{\"@id\":\"https:\\\/\\\/enermak.com\\\/en\\\/urunler\\\/esnek-bypass-ve-tekerli-tamir-korugu\\\/#organizationLogo\"},\"sameAs\":[\"https:\\\/\\\/www.facebook.com\\\/YERALTINDANHABERLER\\\/\",\"https:\\\/\\\/twitter.com\\\/enerjienermak\",\"https:\\\/\\\/www.instagram.com\\\/enermakenerji\\\/\",\"https:\\\/\\\/www.youtube.com\\\/c\\\/EnermakEnerji\",\"https:\\\/\\\/www.linkedin.com\\\/in\\\/enermak\"]},{\"@type\":\"WebPage\",\"@id\":\"https:\\\/\\\/enermak.com\\\/en\\\/urunler\\\/esnek-bypass-ve-tekerli-tamir-korugu\\\/#webpage\",\"url\":\"https:\\\/\\\/enermak.com\\\/en\\\/urunler\\\/esnek-bypass-ve-tekerli-tamir-korugu\\\/\",\"name\":\"Kanalizasyon Tamir K\\u00f6r\\u00fc\\u011f\\u00fc - Enermak Enerji\",\"description\":\"Altyap\\u0131 ve \\u015febeke tespitinde kullanabilece\\u011finiz, profesy\\u00f6nelli\\u011finizi bir ad\\u0131m ileri ta\\u015f\\u0131yacak bir \\u00e7ok \\u00fcr\\u00fcn Enermak Enerji'de.TEKERL\\u0130 TAM\\u0130R K\\u00d6R\\u00dc\\u011e\\u00dc\",\"inLanguage\":\"en-US\",\"isPartOf\":{\"@id\":\"https:\\\/\\\/enermak.com\\\/en\\\/#website\"},\"breadcrumb\":{\"@id\":\"https:\\\/\\\/enermak.com\\\/en\\\/urunler\\\/esnek-bypass-ve-tekerli-tamir-korugu\\\/#breadcrumblist\"},\"image\":{\"@type\":\"ImageObject\",\"url\":\"https:\\\/\\\/enermak.com\\\/wp-content\\\/uploads\\\/2022\\\/05\\\/enermak-korlemeler-1-scaled.jpg\",\"@id\":\"https:\\\/\\\/enermak.com\\\/en\\\/urunler\\\/esnek-bypass-ve-tekerli-tamir-korugu\\\/#mainImage\",\"width\":574,\"height\":480,\"caption\":\"K\\u00f6rleme- Kanal t\\u0131kama tapas\\u0131\"},\"primaryImageOfPage\":{\"@id\":\"https:\\\/\\\/enermak.com\\\/en\\\/urunler\\\/esnek-bypass-ve-tekerli-tamir-korugu\\\/#mainImage\"},\"datePublished\":\"2024-03-26T10:26:17+03:00\",\"dateModified\":\"2026-02-18T14:15:43+03:00\"},{\"@type\":\"WebSite\",\"@id\":\"https:\\\/\\\/enermak.com\\\/en\\\/#website\",\"url\":\"https:\\\/\\\/enermak.com\\\/en\\\/\",\"name\":\"Enermak Enerji\",\"alternateName\":\"Yeralt\\u0131ndan Haberler\",\"description\":\"Yeralt\\u0131ndan Haberler\",\"inLanguage\":\"en-US\",\"publisher\":{\"@id\":\"https:\\\/\\\/enermak.com\\\/en\\\/#organization\"}}]}\n\t\t<\/script>\n\t\t<!-- All in One SEO Pro -->\r\n\t\t<title>Kanalizasyon Tamir K\u00f6r\u00fc\u011f\u00fc - Enermak Enerji<\/title>\n\n","aioseo_head_json":{"title":"Kanalizasyon Tamir K\u00f6r\u00fc\u011f\u00fc - Enermak Enerji","description":"Altyap\u0131 ve \u015febeke tespitinde kullanabilece\u011finiz, profesy\u00f6nelli\u011finizi bir ad\u0131m ileri ta\u015f\u0131yacak bir \u00e7ok \u00fcr\u00fcn Enermak Enerji'de.TEKERL\u0130 TAM\u0130R K\u00d6R\u00dc\u011e\u00dc","canonical_url":"https:\/\/enermak.com\/en\/urunler\/esnek-bypass-ve-tekerli-tamir-korugu\/","robots":"max-snippet:-1, max-image-preview:large, max-video-preview:-1","keywords":"","webmasterTools":{"yandex-verification":"yandex-verification: 61c39bc218eec6a9","miscellaneous":""},"schema":{"@context":"https:\/\/schema.org","@graph":[{"@type":"BreadcrumbList","@id":"https:\/\/enermak.com\/en\/urunler\/esnek-bypass-ve-tekerli-tamir-korugu\/#breadcrumblist","itemListElement":[{"@type":"ListItem","@id":"https:\/\/enermak.com\/en#listItem","position":1,"name":"Home","item":"https:\/\/enermak.com\/en","nextItem":{"@type":"ListItem","@id":"https:\/\/enermak.com\/en\/urunler\/#listItem","name":"\u00dcr\u00fcnler"}},{"@type":"ListItem","@id":"https:\/\/enermak.com\/en\/urunler\/#listItem","position":2,"name":"\u00dcr\u00fcnler","item":"https:\/\/enermak.com\/en\/urunler\/","nextItem":{"@type":"ListItem","@id":"https:\/\/enermak.com\/en\/urunler\/kategori\/kanal-boru-tikama-balonu\/#listItem","name":"Boru K\u00f6rleme &amp; Hava Yast\u0131\u011f\u0131"},"previousItem":{"@type":"ListItem","@id":"https:\/\/enermak.com\/en#listItem","name":"Home"}},{"@type":"ListItem","@id":"https:\/\/enermak.com\/en\/urunler\/kategori\/kanal-boru-tikama-balonu\/#listItem","position":3,"name":"Boru K\u00f6rleme &amp; Hava Yast\u0131\u011f\u0131","item":"https:\/\/enermak.com\/en\/urunler\/kategori\/kanal-boru-tikama-balonu\/","nextItem":{"@type":"ListItem","@id":"https:\/\/enermak.com\/en\/urunler\/esnek-bypass-ve-tekerli-tamir-korugu\/#listItem","name":"Kanalizasyon Tamir K\u00f6r\u00fc\u011f\u00fc"},"previousItem":{"@type":"ListItem","@id":"https:\/\/enermak.com\/en\/urunler\/#listItem","name":"\u00dcr\u00fcnler"}},{"@type":"ListItem","@id":"https:\/\/enermak.com\/en\/urunler\/esnek-bypass-ve-tekerli-tamir-korugu\/#listItem","position":4,"name":"Kanalizasyon Tamir K\u00f6r\u00fc\u011f\u00fc","previousItem":{"@type":"ListItem","@id":"https:\/\/enermak.com\/en\/urunler\/kategori\/kanal-boru-tikama-balonu\/#listItem","name":"Boru K\u00f6rleme &amp; Hava Yast\u0131\u011f\u0131"}}]},{"@type":"Organization","@id":"https:\/\/enermak.com\/en\/#organization","name":"Enermak Enerji","description":"Yeralt\u0131ndan Haberler","url":"https:\/\/enermak.com\/en\/","telephone":"+903123851102","logo":{"@type":"ImageObject","url":"https:\/\/enermak.com\/wp-content\/uploads\/2022\/03\/logo-tr-1.png","@id":"https:\/\/enermak.com\/en\/urunler\/esnek-bypass-ve-tekerli-tamir-korugu\/#organizationLogo"},"image":{"@id":"https:\/\/enermak.com\/en\/urunler\/esnek-bypass-ve-tekerli-tamir-korugu\/#organizationLogo"},"sameAs":["https:\/\/www.facebook.com\/YERALTINDANHABERLER\/","https:\/\/twitter.com\/enerjienermak","https:\/\/www.instagram.com\/enermakenerji\/","https:\/\/www.youtube.com\/c\/EnermakEnerji","https:\/\/www.linkedin.com\/in\/enermak"]},{"@type":"WebPage","@id":"https:\/\/enermak.com\/en\/urunler\/esnek-bypass-ve-tekerli-tamir-korugu\/#webpage","url":"https:\/\/enermak.com\/en\/urunler\/esnek-bypass-ve-tekerli-tamir-korugu\/","name":"Kanalizasyon Tamir K\u00f6r\u00fc\u011f\u00fc - Enermak Enerji","description":"Altyap\u0131 ve \u015febeke tespitinde kullanabilece\u011finiz, profesy\u00f6nelli\u011finizi bir ad\u0131m ileri ta\u015f\u0131yacak bir \u00e7ok \u00fcr\u00fcn Enermak Enerji'de.TEKERL\u0130 TAM\u0130R K\u00d6R\u00dc\u011e\u00dc","inLanguage":"en-US","isPartOf":{"@id":"https:\/\/enermak.com\/en\/#website"},"breadcrumb":{"@id":"https:\/\/enermak.com\/en\/urunler\/esnek-bypass-ve-tekerli-tamir-korugu\/#breadcrumblist"},"image":{"@type":"ImageObject","url":"https:\/\/enermak.com\/wp-content\/uploads\/2022\/05\/enermak-korlemeler-1-scaled.jpg","@id":"https:\/\/enermak.com\/en\/urunler\/esnek-bypass-ve-tekerli-tamir-korugu\/#mainImage","width":574,"height":480,"caption":"K\u00f6rleme- Kanal t\u0131kama tapas\u0131"},"primaryImageOfPage":{"@id":"https:\/\/enermak.com\/en\/urunler\/esnek-bypass-ve-tekerli-tamir-korugu\/#mainImage"},"datePublished":"2024-03-26T10:26:17+03:00","dateModified":"2026-02-18T14:15:43+03:00"},{"@type":"WebSite","@id":"https:\/\/enermak.com\/en\/#website","url":"https:\/\/enermak.com\/en\/","name":"Enermak Enerji","alternateName":"Yeralt\u0131ndan Haberler","description":"Yeralt\u0131ndan Haberler","inLanguage":"en-US","publisher":{"@id":"https:\/\/enermak.com\/en\/#organization"}}]},"og:locale":"en_US","og:site_name":"Enermak Enerji - Yeralt\u0131ndan Haberler","og:type":"article","og:title":"Kanalizasyon Tamir K\u00f6r\u00fc\u011f\u00fc - Enermak Enerji","og:description":"Altyap\u0131 ve \u015febeke tespitinde kullanabilece\u011finiz, profesy\u00f6nelli\u011finizi bir ad\u0131m ileri ta\u015f\u0131yacak bir \u00e7ok \u00fcr\u00fcn Enermak Enerji'de.TEKERL\u0130 TAM\u0130R K\u00d6R\u00dc\u011e\u00dc","og:url":"https:\/\/enermak.com\/en\/urunler\/esnek-bypass-ve-tekerli-tamir-korugu\/","og:image":"https:\/\/enermak.com\/wp-content\/uploads\/2022\/03\/logo-tr-1.png","og:image:secure_url":"https:\/\/enermak.com\/wp-content\/uploads\/2022\/03\/logo-tr-1.png","article:published_time":"2024-03-26T07:26:17+00:00","article:modified_time":"2026-02-18T11:15:43+00:00","article:publisher":"https:\/\/www.facebook.com\/YERALTINDANHABERLER\/","twitter:card":"summary_large_image","twitter:site":"@enerjienermak","twitter:title":"Kanalizasyon Tamir K\u00f6r\u00fc\u011f\u00fc - Enermak Enerji","twitter:description":"Altyap\u0131 ve \u015febeke tespitinde kullanabilece\u011finiz, profesy\u00f6nelli\u011finizi bir ad\u0131m ileri ta\u015f\u0131yacak bir \u00e7ok \u00fcr\u00fcn Enermak Enerji'de.TEKERL\u0130 TAM\u0130R K\u00d6R\u00dc\u011e\u00dc","twitter:image":"https:\/\/enermak.com\/wp-content\/uploads\/2022\/03\/logo-tr-1.png"},"aioseo_meta_data":{"post_id":"9165","title":null,"description":"Altyap\u0131 ve \u015febeke tespitinde kullanabilece\u011finiz, profesy\u00f6nelli\u011finizi bir ad\u0131m ileri ta\u015f\u0131yacak bir \u00e7ok \u00fcr\u00fcn Enermak Enerji'de.TEKERL\u0130 TAM\u0130R K\u00d6R\u00dc\u011e\u00dc","keywords":null,"keyphrases":{"focus":{"keyphrase":"TEKERL\u0130 TAM\u0130R K\u00d6R\u00dc\u011e\u00dc","score":75,"analysis":{"keyphraseInTitle":{"score":3,"maxScore":9,"error":1},"keyphraseInDescription":{"score":9,"maxScore":9,"error":0},"keyphraseLength":{"score":6,"maxScore":9,"error":1,"length":5},"keyphraseInURL":{"score":5,"maxScore":5,"error":0},"keyphraseInIntroduction":{"score":3,"maxScore":9,"error":1},"keyphraseInSubHeadings":{"score":9,"maxScore":9,"error":0},"keyphraseInImageAlt":[],"keywordDensity":{"type":"best","score":9,"maxScore":9,"error":0}}},"additional":[]},"primary_term":null,"canonical_url":null,"og_title":null,"og_description":null,"og_object_type":"default","og_image_type":"default","og_image_url":null,"og_image_width":null,"og_image_height":null,"og_image_custom_url":null,"og_image_custom_fields":null,"og_video":"","og_custom_url":null,"og_article_section":null,"og_article_tags":null,"twitter_use_og":false,"twitter_card":"default","twitter_image_type":"default","twitter_image_url":null,"twitter_image_custom_url":null,"twitter_image_custom_fields":null,"twitter_title":null,"twitter_description":null,"schema":{"blockGraphs":[],"customGraphs":[],"default":{"data":{"Article":[],"Course":[],"Dataset":[],"FAQPage":[],"Movie":[],"Person":[],"Product":[],"ProductReview":[],"Car":[],"Recipe":[],"Service":[],"SoftwareApplication":[],"WebPage":[]},"graphName":"ItemPage","isEnabled":false},"graphs":[]},"schema_type":"default","schema_type_options":null,"pillar_content":false,"robots_default":false,"robots_noindex":false,"robots_noarchive":false,"robots_nosnippet":false,"robots_nofollow":false,"robots_noimageindex":false,"robots_noodp":false,"robots_notranslate":false,"robots_max_snippet":"-1","robots_max_videopreview":"-1","robots_max_imagepreview":"large","priority":null,"frequency":"default","local_seo":null,"seo_analyzer_scan_date":"2026-02-18 11:17:41","breadcrumb_settings":null,"limit_modified_date":false,"reviewed_by":null,"open_ai":"{\"title\":{\"suggestions\":[],\"usage\":0},\"description\":{\"suggestions\":[],\"usage\":0}}","ai":{"faqs":[],"keyPoints":[],"titles":[],"descriptions":[],"socialPosts":{"email":[],"linkedin":[],"twitter":[],"facebook":[],"instagram":[]}},"created":"2022-09-12 10:39:39","updated":"2026-02-18 11:21:49"},"aioseo_breadcrumb":"<div class=\"aioseo-breadcrumbs\"><span class=\"aioseo-breadcrumb\">\n\t<a href=\"https:\/\/enermak.com\/en\" title=\"Home\">Home<\/a>\n<\/span><span class=\"aioseo-breadcrumb-separator\">\u00bb<\/span><span class=\"aioseo-breadcrumb\">\n\t<a href=\"https:\/\/enermak.com\/en\/urunler\/\" title=\"\u00dcr\u00fcnler\">\u00dcr\u00fcnler<\/a>\n<\/span><span class=\"aioseo-breadcrumb-separator\">\u00bb<\/span><span class=\"aioseo-breadcrumb\">\n\t<a href=\"https:\/\/enermak.com\/en\/urunler\/kategori\/kanal-boru-tikama-balonu\/\" title=\"Boru K\u00f6rleme &amp; Hava Yast\u0131\u011f\u0131\">Boru K\u00f6rleme &amp; Hava Yast\u0131\u011f\u0131<\/a>\n<\/span><span class=\"aioseo-breadcrumb-separator\">\u00bb<\/span><span class=\"aioseo-breadcrumb\">\n\tKanalizasyon Tamir K\u00f6r\u00fc\u011f\u00fc\n<\/span><\/div>","aioseo_breadcrumb_json":[{"label":"Home","link":"https:\/\/enermak.com\/en"},{"label":"\u00dcr\u00fcnler","link":"https:\/\/enermak.com\/en\/urunler\/"},{"label":"Boru K\u00f6rleme &amp; Hava Yast\u0131\u011f\u0131","link":"https:\/\/enermak.com\/en\/urunler\/kategori\/kanal-boru-tikama-balonu\/"},{"label":"Kanalizasyon Tamir K\u00f6r\u00fc\u011f\u00fc","link":"https:\/\/enermak.com\/en\/urunler\/esnek-bypass-ve-tekerli-tamir-korugu\/"}],"_links":{"self":[{"href":"https:\/\/enermak.com\/en\/wp-json\/wp\/v2\/product\/9165","targetHints":{"allow":["GET"]}}],"collection":[{"href":"https:\/\/enermak.com\/en\/wp-json\/wp\/v2\/product"}],"about":[{"href":"https:\/\/enermak.com\/en\/wp-json\/wp\/v2\/types\/product"}],"version-history":[{"count":0,"href":"https:\/\/enermak.com\/en\/wp-json\/wp\/v2\/product\/9165\/revisions"}],"wp:featuredmedia":[{"embeddable":true,"href":"https:\/\/enermak.com\/en\/wp-json\/wp\/v2\/media\/9166"}],"wp:attachment":[{"href":"https:\/\/enermak.com\/en\/wp-json\/wp\/v2\/media?parent=9165"}],"wp:term":[{"taxonomy":"product_brand","embeddable":true,"href":"https:\/\/enermak.com\/en\/wp-json\/wp\/v2\/product_brand?post=9165"},{"taxonomy":"product_cat","embeddable":true,"href":"https:\/\/enermak.com\/en\/wp-json\/wp\/v2\/product_cat?post=9165"},{"taxonomy":"product_tag","embeddable":true,"href":"https:\/\/enermak.com\/en\/wp-json\/wp\/v2\/product_tag?post=9165"},{"taxonomy":"product_brands","embeddable":true,"href":"https:\/\/enermak.com\/en\/wp-json\/wp\/v2\/product_brands?post=9165"}],"curies":[{"name":"wp","href":"https:\/\/api.w.org\/{rel}","templated":true}]}}