{"id":9154,"date":"2022-05-05T10:17:02","date_gmt":"2022-05-05T07:17:02","guid":{"rendered":"http:\/\/isimmedya.com\/?post_type=product&#038;p=9154"},"modified":"2026-02-18T15:16:00","modified_gmt":"2026-02-18T12:16:00","slug":"sizinti-hava-yastigi","status":"publish","type":"product","link":"https:\/\/enermak.com\/en\/urunler\/sizinti-hava-yastigi\/","title":{"rendered":"SIZINTI HAVA YASTI\u011eI"},"content":{"rendered":"<h2 class=\"wp-block-heading has-medium-font-size\"><span style=\"color: #000000;\"><strong>SIZINTI HAVA YASTI\u011eI<\/strong><\/span><\/h2>\n<p><span style=\"color: #000000;\">Bu k\u00f6rlemeler su depolar\u0131nda, ar\u0131tma tesislerinde ve boru hatlar\u0131nda olu\u015fabilecek s\u0131z\u0131nt\u0131lar\u0131 h\u0131zl\u0131ca t\u0131kamak i\u00e7in kullan\u0131l\u0131r. Delikleri kapamak i\u00e7in ke\u00e7eler, s\u0131k\u0131\u015ft\u0131r\u0131lm\u0131\u015f kay\u0131\u015flarla kapatmak ciddi hasarlara neden olabilir.<\/span><\/p>\n<table width=\"607\">\n<tbody>\n<tr>\n<td><span style=\"color: #000000;\"><strong>\u00dcr\u00fcn Kodu<\/strong><\/span><\/td>\n<td><span style=\"color: #000000;\"><strong>\u00dcr\u00fcn Eni<\/strong><\/span><\/td>\n<td><span style=\"color: #000000;\"><strong>\u00dcr\u00fcn \u00a0Boyu<\/strong><\/span><\/td>\n<td><span style=\"color: #000000;\"><strong>Kal\u0131nl\u0131k<\/strong><\/span><\/td>\n<td><span style=\"color: #000000;\"><strong>Max.<br \/>\n\u00c7al\u0131\u015fma<br \/>\nBas\u0131nc\u0131<\/strong><\/span><\/td>\n<td><span style=\"color: #000000;\"><strong>\u00dcr\u00fcn A\u011f\u0131rl\u0131\u011f\u0131<\/strong><\/span><\/td>\n<td><span style=\"color: #000000;\"><strong>Y\u00fczey Bas\u0131nc\u0131<\/strong><\/span><\/td>\n<\/tr>\n<tr>\n<td><span style=\"color: #000000;\"><strong>\u00a0<\/strong><\/span><\/td>\n<td><span style=\"color: #000000;\"><strong>(mm)<\/strong><\/span><\/td>\n<td><span style=\"color: #000000;\"><strong>(mm)<\/strong><\/span><\/td>\n<td><span style=\"color: #000000;\"><strong>(mm)<\/strong><\/span><\/td>\n<td><span style=\"color: #000000;\"><strong>(bar)<\/strong><\/span><\/td>\n<td><span style=\"color: #000000;\"><strong>(kg)<\/strong><\/span><\/td>\n<td><span style=\"color: #000000;\"><strong>(bar)<\/strong><\/span><\/td>\n<\/tr>\n<tr>\n<td><span style=\"color: #000000;\"><strong>L3006002015<\/strong><\/span><\/td>\n<td><span style=\"color: #000000;\"><strong>300<\/strong><\/span><\/td>\n<td><span style=\"color: #000000;\"><strong>600<\/strong><\/span><\/td>\n<td><span style=\"color: #000000;\"><strong>20<\/strong><\/span><\/td>\n<td><span style=\"color: #000000;\"><strong>1,5<\/strong><\/span><\/td>\n<td><span style=\"color: #000000;\"><strong>7<\/strong><\/span><\/td>\n<td><span style=\"color: #000000;\"><strong>1,4<\/strong><\/span><\/td>\n<\/tr>\n<tr>\n<td><span style=\"color: #000000;\"><strong>L3006005060<\/strong><\/span><\/td>\n<td><span style=\"color: #000000;\"><strong>300<\/strong><\/span><\/td>\n<td><span style=\"color: #000000;\"><strong>600<\/strong><\/span><\/td>\n<td><span style=\"color: #000000;\"><strong>50<\/strong><\/span><\/td>\n<td><span style=\"color: #000000;\"><strong>6<\/strong><\/span><\/td>\n<td><span style=\"color: #000000;\"><strong>10<\/strong><\/span><\/td>\n<td><span style=\"color: #000000;\"><strong>5,9<\/strong><\/span><\/td>\n<\/tr>\n<\/tbody>\n<\/table>","protected":false},"excerpt":{"rendered":"<h3>ENERMAK<\/h3>\n<h4>SIZINTI HAVA YASTI\u011eI<\/h4>\n<p>Bu k\u00f6rlemeler su depolar\u0131nda, ar\u0131tma tesislerinde ve boru hatlar\u0131nda olu\u015fabilecek s\u0131z\u0131nt\u0131lar\u0131 h\u0131zl\u0131ca t\u0131kamak i\u00e7in kullan\u0131l\u0131r. Delikleri kapamak i\u00e7in ke\u00e7eler, s\u0131k\u0131\u015ft\u0131r\u0131lm\u0131\u015f kay\u0131\u015flarla kapatmak ciddi hasarlara neden olabilir.<\/p>","protected":false},"featured_media":9155,"template":"","meta":{"_bst_post_transparent":"default","_bst_post_title":"","_bst_post_layout":"default","_bst_post_sidebar_id":"","_bst_post_content_style":"default","_bst_post_vertical_padding":"default","_bst_post_feature":"","_bst_post_feature_position":"","_bst_post_header":false,"_bst_post_footer":false},"product_brand":[],"product_cat":[149],"product_tag":[],"product_brands":[],"class_list":{"0":"post-9154","1":"product","2":"type-product","3":"status-publish","4":"has-post-thumbnail","6":"product_cat-kanal-boru-tikama-balonu","8":"first","9":"instock","10":"shipping-taxable","11":"product-type-simple","12":"entry","13":"content-bg","14":"loop-entry"},"aioseo_notices":[],"aioseo_head":"\n\t\t<!-- All in One SEO Pro 4.9.6.2 - aioseo.com -->\n\t<meta name=\"description\" content=\"Altyap\u0131 ve \u015febeke tespitinde kullanabilece\u011finiz, profesy\u00f6nelli\u011finizi bir ad\u0131m ileri ta\u015f\u0131yacak bir \u00e7ok \u00fcr\u00fcn Enermak Enerji&#039;de. SIZINTI HAVA YASTI\u011eI\" \/>\n\t<meta name=\"robots\" content=\"max-snippet:-1, max-image-preview:large, max-video-preview:-1\" \/>\n\t<meta name=\"yandex-verification\" content=\"yandex-verification: 61c39bc218eec6a9\" \/>\n\t<link rel=\"canonical\" href=\"https:\/\/enermak.com\/en\/urunler\/sizinti-hava-yastigi\/\" \/>\n\t<meta name=\"generator\" content=\"All in One SEO Pro (AIOSEO) 4.9.6.2\" \/>\n\t\t<meta property=\"og:locale\" content=\"en_US\" \/>\n\t\t<meta property=\"og:site_name\" content=\"Enermak Enerji - Yeralt\u0131ndan Haberler\" \/>\n\t\t<meta property=\"og:type\" content=\"article\" \/>\n\t\t<meta property=\"og:title\" content=\"SIZINTI HAVA YASTI\u011eI - Enermak Enerji\" \/>\n\t\t<meta property=\"og:description\" content=\"Altyap\u0131 ve \u015febeke tespitinde kullanabilece\u011finiz, profesy\u00f6nelli\u011finizi bir ad\u0131m ileri ta\u015f\u0131yacak bir \u00e7ok \u00fcr\u00fcn Enermak Enerji&#039;de. SIZINTI HAVA YASTI\u011eI\" \/>\n\t\t<meta property=\"og:url\" content=\"https:\/\/enermak.com\/en\/urunler\/sizinti-hava-yastigi\/\" \/>\n\t\t<meta property=\"og:image\" content=\"https:\/\/enermak.com\/wp-content\/uploads\/2022\/03\/logo-tr-1.png\" \/>\n\t\t<meta property=\"og:image:secure_url\" content=\"https:\/\/enermak.com\/wp-content\/uploads\/2022\/03\/logo-tr-1.png\" \/>\n\t\t<meta property=\"article:published_time\" content=\"2022-05-05T07:17:02+00:00\" \/>\n\t\t<meta property=\"article:modified_time\" content=\"2026-02-18T12:16:00+00:00\" \/>\n\t\t<meta property=\"article:publisher\" content=\"https:\/\/www.facebook.com\/YERALTINDANHABERLER\/\" \/>\n\t\t<meta name=\"twitter:card\" content=\"summary_large_image\" \/>\n\t\t<meta name=\"twitter:site\" content=\"@enerjienermak\" \/>\n\t\t<meta name=\"twitter:title\" content=\"SIZINTI HAVA YASTI\u011eI - Enermak Enerji\" \/>\n\t\t<meta name=\"twitter:description\" content=\"Altyap\u0131 ve \u015febeke tespitinde kullanabilece\u011finiz, profesy\u00f6nelli\u011finizi bir ad\u0131m ileri ta\u015f\u0131yacak bir \u00e7ok \u00fcr\u00fcn Enermak Enerji&#039;de. SIZINTI HAVA YASTI\u011eI\" \/>\n\t\t<meta name=\"twitter:image\" content=\"https:\/\/enermak.com\/wp-content\/uploads\/2022\/03\/logo-tr-1.png\" \/>\n\t\t<script type=\"application\/ld+json\" class=\"aioseo-schema\">\n\t\t\t{\"@context\":\"https:\\\/\\\/schema.org\",\"@graph\":[{\"@type\":\"BreadcrumbList\",\"@id\":\"https:\\\/\\\/enermak.com\\\/en\\\/urunler\\\/sizinti-hava-yastigi\\\/#breadcrumblist\",\"itemListElement\":[{\"@type\":\"ListItem\",\"@id\":\"https:\\\/\\\/enermak.com\\\/en#listItem\",\"position\":1,\"name\":\"Home\",\"item\":\"https:\\\/\\\/enermak.com\\\/en\",\"nextItem\":{\"@type\":\"ListItem\",\"@id\":\"https:\\\/\\\/enermak.com\\\/en\\\/urunler\\\/#listItem\",\"name\":\"\\u00dcr\\u00fcnler\"}},{\"@type\":\"ListItem\",\"@id\":\"https:\\\/\\\/enermak.com\\\/en\\\/urunler\\\/#listItem\",\"position\":2,\"name\":\"\\u00dcr\\u00fcnler\",\"item\":\"https:\\\/\\\/enermak.com\\\/en\\\/urunler\\\/\",\"nextItem\":{\"@type\":\"ListItem\",\"@id\":\"https:\\\/\\\/enermak.com\\\/en\\\/urunler\\\/kategori\\\/kanal-boru-tikama-balonu\\\/#listItem\",\"name\":\"Boru K\\u00f6rleme &amp; Hava Yast\\u0131\\u011f\\u0131\"},\"previousItem\":{\"@type\":\"ListItem\",\"@id\":\"https:\\\/\\\/enermak.com\\\/en#listItem\",\"name\":\"Home\"}},{\"@type\":\"ListItem\",\"@id\":\"https:\\\/\\\/enermak.com\\\/en\\\/urunler\\\/kategori\\\/kanal-boru-tikama-balonu\\\/#listItem\",\"position\":3,\"name\":\"Boru K\\u00f6rleme &amp; Hava Yast\\u0131\\u011f\\u0131\",\"item\":\"https:\\\/\\\/enermak.com\\\/en\\\/urunler\\\/kategori\\\/kanal-boru-tikama-balonu\\\/\",\"nextItem\":{\"@type\":\"ListItem\",\"@id\":\"https:\\\/\\\/enermak.com\\\/en\\\/urunler\\\/sizinti-hava-yastigi\\\/#listItem\",\"name\":\"SIZINTI HAVA YASTI\\u011eI\"},\"previousItem\":{\"@type\":\"ListItem\",\"@id\":\"https:\\\/\\\/enermak.com\\\/en\\\/urunler\\\/#listItem\",\"name\":\"\\u00dcr\\u00fcnler\"}},{\"@type\":\"ListItem\",\"@id\":\"https:\\\/\\\/enermak.com\\\/en\\\/urunler\\\/sizinti-hava-yastigi\\\/#listItem\",\"position\":4,\"name\":\"SIZINTI HAVA YASTI\\u011eI\",\"previousItem\":{\"@type\":\"ListItem\",\"@id\":\"https:\\\/\\\/enermak.com\\\/en\\\/urunler\\\/kategori\\\/kanal-boru-tikama-balonu\\\/#listItem\",\"name\":\"Boru K\\u00f6rleme &amp; Hava Yast\\u0131\\u011f\\u0131\"}}]},{\"@type\":\"ItemPage\",\"@id\":\"https:\\\/\\\/enermak.com\\\/en\\\/urunler\\\/sizinti-hava-yastigi\\\/#itempage\",\"url\":\"https:\\\/\\\/enermak.com\\\/en\\\/urunler\\\/sizinti-hava-yastigi\\\/\",\"name\":\"SIZINTI HAVA YASTI\\u011eI - Enermak Enerji\",\"description\":\"Altyap\\u0131 ve \\u015febeke tespitinde kullanabilece\\u011finiz, profesy\\u00f6nelli\\u011finizi bir ad\\u0131m ileri ta\\u015f\\u0131yacak bir \\u00e7ok \\u00fcr\\u00fcn Enermak Enerji'de. SIZINTI HAVA YASTI\\u011eI\",\"inLanguage\":\"en-US\",\"isPartOf\":{\"@id\":\"https:\\\/\\\/enermak.com\\\/en\\\/#website\"},\"breadcrumb\":{\"@id\":\"https:\\\/\\\/enermak.com\\\/en\\\/urunler\\\/sizinti-hava-yastigi\\\/#breadcrumblist\"},\"image\":{\"@type\":\"ImageObject\",\"url\":\"https:\\\/\\\/enermak.com\\\/wp-content\\\/uploads\\\/2022\\\/05\\\/enermak-korlemeler-scaled.jpg\",\"@id\":\"https:\\\/\\\/enermak.com\\\/en\\\/urunler\\\/sizinti-hava-yastigi\\\/#mainImage\",\"width\":574,\"height\":480,\"caption\":\"SIZINTI HAVA YASTI\\u011eI\"},\"primaryImageOfPage\":{\"@id\":\"https:\\\/\\\/enermak.com\\\/en\\\/urunler\\\/sizinti-hava-yastigi\\\/#mainImage\"},\"datePublished\":\"2022-05-05T10:17:02+03:00\",\"dateModified\":\"2026-02-18T15:16:00+03:00\"},{\"@type\":\"Organization\",\"@id\":\"https:\\\/\\\/enermak.com\\\/en\\\/#organization\",\"name\":\"Enermak Enerji\",\"description\":\"Yeralt\\u0131ndan Haberler\",\"url\":\"https:\\\/\\\/enermak.com\\\/en\\\/\",\"telephone\":\"+903123851102\",\"logo\":{\"@type\":\"ImageObject\",\"url\":\"https:\\\/\\\/enermak.com\\\/wp-content\\\/uploads\\\/2022\\\/03\\\/logo-tr-1.png\",\"@id\":\"https:\\\/\\\/enermak.com\\\/en\\\/urunler\\\/sizinti-hava-yastigi\\\/#organizationLogo\"},\"image\":{\"@id\":\"https:\\\/\\\/enermak.com\\\/en\\\/urunler\\\/sizinti-hava-yastigi\\\/#organizationLogo\"},\"sameAs\":[\"https:\\\/\\\/www.facebook.com\\\/YERALTINDANHABERLER\\\/\",\"https:\\\/\\\/twitter.com\\\/enerjienermak\",\"https:\\\/\\\/www.instagram.com\\\/enermakenerji\\\/\",\"https:\\\/\\\/www.youtube.com\\\/c\\\/EnermakEnerji\",\"https:\\\/\\\/www.linkedin.com\\\/in\\\/enermak\"]},{\"@type\":\"WebPage\",\"@id\":\"https:\\\/\\\/enermak.com\\\/en\\\/urunler\\\/sizinti-hava-yastigi\\\/#webpage\",\"url\":\"https:\\\/\\\/enermak.com\\\/en\\\/urunler\\\/sizinti-hava-yastigi\\\/\",\"name\":\"SIZINTI HAVA YASTI\\u011eI - Enermak Enerji\",\"description\":\"Altyap\\u0131 ve \\u015febeke tespitinde kullanabilece\\u011finiz, profesy\\u00f6nelli\\u011finizi bir ad\\u0131m ileri ta\\u015f\\u0131yacak bir \\u00e7ok \\u00fcr\\u00fcn Enermak Enerji'de. SIZINTI HAVA YASTI\\u011eI\",\"inLanguage\":\"en-US\",\"isPartOf\":{\"@id\":\"https:\\\/\\\/enermak.com\\\/en\\\/#website\"},\"breadcrumb\":{\"@id\":\"https:\\\/\\\/enermak.com\\\/en\\\/urunler\\\/sizinti-hava-yastigi\\\/#breadcrumblist\"},\"image\":{\"@type\":\"ImageObject\",\"url\":\"https:\\\/\\\/enermak.com\\\/wp-content\\\/uploads\\\/2022\\\/05\\\/enermak-korlemeler-scaled.jpg\",\"@id\":\"https:\\\/\\\/enermak.com\\\/en\\\/urunler\\\/sizinti-hava-yastigi\\\/#mainImage\",\"width\":574,\"height\":480,\"caption\":\"SIZINTI HAVA YASTI\\u011eI\"},\"primaryImageOfPage\":{\"@id\":\"https:\\\/\\\/enermak.com\\\/en\\\/urunler\\\/sizinti-hava-yastigi\\\/#mainImage\"},\"datePublished\":\"2022-05-05T10:17:02+03:00\",\"dateModified\":\"2026-02-18T15:16:00+03:00\"},{\"@type\":\"WebSite\",\"@id\":\"https:\\\/\\\/enermak.com\\\/en\\\/#website\",\"url\":\"https:\\\/\\\/enermak.com\\\/en\\\/\",\"name\":\"Enermak Enerji\",\"alternateName\":\"Yeralt\\u0131ndan Haberler\",\"description\":\"Yeralt\\u0131ndan Haberler\",\"inLanguage\":\"en-US\",\"publisher\":{\"@id\":\"https:\\\/\\\/enermak.com\\\/en\\\/#organization\"}}]}\n\t\t<\/script>\n\t\t<!-- All in One SEO Pro -->\r\n\t\t<title>SIZINTI HAVA YASTI\u011eI - Enermak Enerji<\/title>\n\n","aioseo_head_json":{"title":"SIZINTI HAVA YASTI\u011eI - Enermak Enerji","description":"Altyap\u0131 ve \u015febeke tespitinde kullanabilece\u011finiz, profesy\u00f6nelli\u011finizi bir ad\u0131m ileri ta\u015f\u0131yacak bir \u00e7ok \u00fcr\u00fcn Enermak Enerji'de. SIZINTI HAVA YASTI\u011eI","canonical_url":"https:\/\/enermak.com\/en\/urunler\/sizinti-hava-yastigi\/","robots":"max-snippet:-1, max-image-preview:large, max-video-preview:-1","keywords":"","webmasterTools":{"yandex-verification":"yandex-verification: 61c39bc218eec6a9","miscellaneous":""},"schema":{"@context":"https:\/\/schema.org","@graph":[{"@type":"BreadcrumbList","@id":"https:\/\/enermak.com\/en\/urunler\/sizinti-hava-yastigi\/#breadcrumblist","itemListElement":[{"@type":"ListItem","@id":"https:\/\/enermak.com\/en#listItem","position":1,"name":"Home","item":"https:\/\/enermak.com\/en","nextItem":{"@type":"ListItem","@id":"https:\/\/enermak.com\/en\/urunler\/#listItem","name":"\u00dcr\u00fcnler"}},{"@type":"ListItem","@id":"https:\/\/enermak.com\/en\/urunler\/#listItem","position":2,"name":"\u00dcr\u00fcnler","item":"https:\/\/enermak.com\/en\/urunler\/","nextItem":{"@type":"ListItem","@id":"https:\/\/enermak.com\/en\/urunler\/kategori\/kanal-boru-tikama-balonu\/#listItem","name":"Boru K\u00f6rleme &amp; Hava Yast\u0131\u011f\u0131"},"previousItem":{"@type":"ListItem","@id":"https:\/\/enermak.com\/en#listItem","name":"Home"}},{"@type":"ListItem","@id":"https:\/\/enermak.com\/en\/urunler\/kategori\/kanal-boru-tikama-balonu\/#listItem","position":3,"name":"Boru K\u00f6rleme &amp; Hava Yast\u0131\u011f\u0131","item":"https:\/\/enermak.com\/en\/urunler\/kategori\/kanal-boru-tikama-balonu\/","nextItem":{"@type":"ListItem","@id":"https:\/\/enermak.com\/en\/urunler\/sizinti-hava-yastigi\/#listItem","name":"SIZINTI HAVA YASTI\u011eI"},"previousItem":{"@type":"ListItem","@id":"https:\/\/enermak.com\/en\/urunler\/#listItem","name":"\u00dcr\u00fcnler"}},{"@type":"ListItem","@id":"https:\/\/enermak.com\/en\/urunler\/sizinti-hava-yastigi\/#listItem","position":4,"name":"SIZINTI HAVA YASTI\u011eI","previousItem":{"@type":"ListItem","@id":"https:\/\/enermak.com\/en\/urunler\/kategori\/kanal-boru-tikama-balonu\/#listItem","name":"Boru K\u00f6rleme &amp; Hava Yast\u0131\u011f\u0131"}}]},{"@type":"ItemPage","@id":"https:\/\/enermak.com\/en\/urunler\/sizinti-hava-yastigi\/#itempage","url":"https:\/\/enermak.com\/en\/urunler\/sizinti-hava-yastigi\/","name":"SIZINTI HAVA YASTI\u011eI - Enermak Enerji","description":"Altyap\u0131 ve \u015febeke tespitinde kullanabilece\u011finiz, profesy\u00f6nelli\u011finizi bir ad\u0131m ileri ta\u015f\u0131yacak bir \u00e7ok \u00fcr\u00fcn Enermak Enerji'de. SIZINTI HAVA YASTI\u011eI","inLanguage":"en-US","isPartOf":{"@id":"https:\/\/enermak.com\/en\/#website"},"breadcrumb":{"@id":"https:\/\/enermak.com\/en\/urunler\/sizinti-hava-yastigi\/#breadcrumblist"},"image":{"@type":"ImageObject","url":"https:\/\/enermak.com\/wp-content\/uploads\/2022\/05\/enermak-korlemeler-scaled.jpg","@id":"https:\/\/enermak.com\/en\/urunler\/sizinti-hava-yastigi\/#mainImage","width":574,"height":480,"caption":"SIZINTI HAVA YASTI\u011eI"},"primaryImageOfPage":{"@id":"https:\/\/enermak.com\/en\/urunler\/sizinti-hava-yastigi\/#mainImage"},"datePublished":"2022-05-05T10:17:02+03:00","dateModified":"2026-02-18T15:16:00+03:00"},{"@type":"Organization","@id":"https:\/\/enermak.com\/en\/#organization","name":"Enermak Enerji","description":"Yeralt\u0131ndan Haberler","url":"https:\/\/enermak.com\/en\/","telephone":"+903123851102","logo":{"@type":"ImageObject","url":"https:\/\/enermak.com\/wp-content\/uploads\/2022\/03\/logo-tr-1.png","@id":"https:\/\/enermak.com\/en\/urunler\/sizinti-hava-yastigi\/#organizationLogo"},"image":{"@id":"https:\/\/enermak.com\/en\/urunler\/sizinti-hava-yastigi\/#organizationLogo"},"sameAs":["https:\/\/www.facebook.com\/YERALTINDANHABERLER\/","https:\/\/twitter.com\/enerjienermak","https:\/\/www.instagram.com\/enermakenerji\/","https:\/\/www.youtube.com\/c\/EnermakEnerji","https:\/\/www.linkedin.com\/in\/enermak"]},{"@type":"WebPage","@id":"https:\/\/enermak.com\/en\/urunler\/sizinti-hava-yastigi\/#webpage","url":"https:\/\/enermak.com\/en\/urunler\/sizinti-hava-yastigi\/","name":"SIZINTI HAVA YASTI\u011eI - Enermak Enerji","description":"Altyap\u0131 ve \u015febeke tespitinde kullanabilece\u011finiz, profesy\u00f6nelli\u011finizi bir ad\u0131m ileri ta\u015f\u0131yacak bir \u00e7ok \u00fcr\u00fcn Enermak Enerji'de. SIZINTI HAVA YASTI\u011eI","inLanguage":"en-US","isPartOf":{"@id":"https:\/\/enermak.com\/en\/#website"},"breadcrumb":{"@id":"https:\/\/enermak.com\/en\/urunler\/sizinti-hava-yastigi\/#breadcrumblist"},"image":{"@type":"ImageObject","url":"https:\/\/enermak.com\/wp-content\/uploads\/2022\/05\/enermak-korlemeler-scaled.jpg","@id":"https:\/\/enermak.com\/en\/urunler\/sizinti-hava-yastigi\/#mainImage","width":574,"height":480,"caption":"SIZINTI HAVA YASTI\u011eI"},"primaryImageOfPage":{"@id":"https:\/\/enermak.com\/en\/urunler\/sizinti-hava-yastigi\/#mainImage"},"datePublished":"2022-05-05T10:17:02+03:00","dateModified":"2026-02-18T15:16:00+03:00"},{"@type":"WebSite","@id":"https:\/\/enermak.com\/en\/#website","url":"https:\/\/enermak.com\/en\/","name":"Enermak Enerji","alternateName":"Yeralt\u0131ndan Haberler","description":"Yeralt\u0131ndan Haberler","inLanguage":"en-US","publisher":{"@id":"https:\/\/enermak.com\/en\/#organization"}}]},"og:locale":"en_US","og:site_name":"Enermak Enerji - Yeralt\u0131ndan Haberler","og:type":"article","og:title":"SIZINTI HAVA YASTI\u011eI - Enermak Enerji","og:description":"Altyap\u0131 ve \u015febeke tespitinde kullanabilece\u011finiz, profesy\u00f6nelli\u011finizi bir ad\u0131m ileri ta\u015f\u0131yacak bir \u00e7ok \u00fcr\u00fcn Enermak Enerji'de. SIZINTI HAVA YASTI\u011eI","og:url":"https:\/\/enermak.com\/en\/urunler\/sizinti-hava-yastigi\/","og:image":"https:\/\/enermak.com\/wp-content\/uploads\/2022\/03\/logo-tr-1.png","og:image:secure_url":"https:\/\/enermak.com\/wp-content\/uploads\/2022\/03\/logo-tr-1.png","article:published_time":"2022-05-05T07:17:02+00:00","article:modified_time":"2026-02-18T12:16:00+00:00","article:publisher":"https:\/\/www.facebook.com\/YERALTINDANHABERLER\/","twitter:card":"summary_large_image","twitter:site":"@enerjienermak","twitter:title":"SIZINTI HAVA YASTI\u011eI - Enermak Enerji","twitter:description":"Altyap\u0131 ve \u015febeke tespitinde kullanabilece\u011finiz, profesy\u00f6nelli\u011finizi bir ad\u0131m ileri ta\u015f\u0131yacak bir \u00e7ok \u00fcr\u00fcn Enermak Enerji'de. SIZINTI HAVA YASTI\u011eI","twitter:image":"https:\/\/enermak.com\/wp-content\/uploads\/2022\/03\/logo-tr-1.png"},"aioseo_meta_data":{"post_id":"9154","title":null,"description":"Altyap\u0131 ve \u015febeke tespitinde kullanabilece\u011finiz, profesy\u00f6nelli\u011finizi bir ad\u0131m ileri ta\u015f\u0131yacak bir \u00e7ok \u00fcr\u00fcn Enermak Enerji'de. SIZINTI HAVA YASTI\u011eI","keywords":null,"keyphrases":{"focus":{"keyphrase":"SIZINTI HAVA YASTI\u011eI","score":90,"analysis":{"keyphraseInTitle":{"score":9,"maxScore":9,"error":0},"keyphraseInDescription":{"score":9,"maxScore":9,"error":0},"keyphraseLength":{"score":9,"maxScore":9,"error":0,"length":4},"keyphraseInURL":{"score":5,"maxScore":5,"error":0},"keyphraseInIntroduction":{"score":3,"maxScore":9,"error":1},"keyphraseInSubHeadings":{"score":9,"maxScore":9,"error":0},"keyphraseInImageAlt":[],"keywordDensity":{"type":"best","score":9,"maxScore":9,"error":0}}},"additional":[]},"primary_term":null,"canonical_url":null,"og_title":null,"og_description":null,"og_object_type":"default","og_image_type":"default","og_image_url":null,"og_image_width":null,"og_image_height":null,"og_image_custom_url":null,"og_image_custom_fields":null,"og_video":"","og_custom_url":null,"og_article_section":null,"og_article_tags":null,"twitter_use_og":false,"twitter_card":"default","twitter_image_type":"default","twitter_image_url":null,"twitter_image_custom_url":null,"twitter_image_custom_fields":null,"twitter_title":null,"twitter_description":null,"schema":{"blockGraphs":[],"customGraphs":[],"default":{"data":{"Article":[],"Course":[],"Dataset":[],"FAQPage":[],"Movie":[],"Person":[],"Product":[],"ProductReview":[],"Car":[],"Recipe":[],"Service":[],"SoftwareApplication":[],"WebPage":[]},"graphName":"ItemPage","isEnabled":true},"graphs":[],"defaultGraph":"WebPage","defaultPostTypeGraph":""},"schema_type":"default","schema_type_options":"{\"article\":{\"articleType\":\"BlogPosting\"},\"course\":{\"name\":\"\",\"description\":\"\",\"provider\":\"\"},\"faq\":{\"pages\":[]},\"product\":{\"reviews\":[]},\"recipe\":{\"ingredients\":[],\"instructions\":[],\"keywords\":[]},\"software\":{\"reviews\":[],\"operatingSystems\":[]},\"webPage\":{\"webPageType\":\"WebPage\"},\"blockGraphs\":[]}","pillar_content":false,"robots_default":false,"robots_noindex":false,"robots_noarchive":false,"robots_nosnippet":false,"robots_nofollow":false,"robots_noimageindex":false,"robots_noodp":false,"robots_notranslate":false,"robots_max_snippet":"-1","robots_max_videopreview":"-1","robots_max_imagepreview":"large","priority":null,"frequency":"default","local_seo":null,"seo_analyzer_scan_date":"2026-02-18 12:17:58","breadcrumb_settings":null,"limit_modified_date":false,"reviewed_by":null,"open_ai":"{\"title\":{\"suggestions\":[],\"usage\":0},\"description\":{\"suggestions\":[],\"usage\":0}}","ai":{"faqs":[],"keyPoints":[],"titles":[],"descriptions":[],"socialPosts":{"email":[],"linkedin":[],"twitter":[],"facebook":[],"instagram":[]}},"created":"2022-09-12 10:39:45","updated":"2026-02-18 12:17:58"},"aioseo_breadcrumb":"<div class=\"aioseo-breadcrumbs\"><span class=\"aioseo-breadcrumb\">\n\t<a href=\"https:\/\/enermak.com\/en\" title=\"Home\">Home<\/a>\n<\/span><span class=\"aioseo-breadcrumb-separator\">\u00bb<\/span><span class=\"aioseo-breadcrumb\">\n\t<a href=\"https:\/\/enermak.com\/en\/urunler\/\" title=\"\u00dcr\u00fcnler\">\u00dcr\u00fcnler<\/a>\n<\/span><span class=\"aioseo-breadcrumb-separator\">\u00bb<\/span><span class=\"aioseo-breadcrumb\">\n\t<a href=\"https:\/\/enermak.com\/en\/urunler\/kategori\/kanal-boru-tikama-balonu\/\" title=\"Boru K\u00f6rleme &amp; Hava Yast\u0131\u011f\u0131\">Boru K\u00f6rleme &amp; Hava Yast\u0131\u011f\u0131<\/a>\n<\/span><span class=\"aioseo-breadcrumb-separator\">\u00bb<\/span><span class=\"aioseo-breadcrumb\">\n\tSIZINTI HAVA YASTI\u011eI\n<\/span><\/div>","aioseo_breadcrumb_json":[{"label":"Home","link":"https:\/\/enermak.com\/en"},{"label":"\u00dcr\u00fcnler","link":"https:\/\/enermak.com\/en\/urunler\/"},{"label":"Boru K\u00f6rleme &amp; Hava Yast\u0131\u011f\u0131","link":"https:\/\/enermak.com\/en\/urunler\/kategori\/kanal-boru-tikama-balonu\/"},{"label":"SIZINTI HAVA YASTI\u011eI","link":"https:\/\/enermak.com\/en\/urunler\/sizinti-hava-yastigi\/"}],"_links":{"self":[{"href":"https:\/\/enermak.com\/en\/wp-json\/wp\/v2\/product\/9154","targetHints":{"allow":["GET"]}}],"collection":[{"href":"https:\/\/enermak.com\/en\/wp-json\/wp\/v2\/product"}],"about":[{"href":"https:\/\/enermak.com\/en\/wp-json\/wp\/v2\/types\/product"}],"version-history":[{"count":0,"href":"https:\/\/enermak.com\/en\/wp-json\/wp\/v2\/product\/9154\/revisions"}],"wp:featuredmedia":[{"embeddable":true,"href":"https:\/\/enermak.com\/en\/wp-json\/wp\/v2\/media\/9155"}],"wp:attachment":[{"href":"https:\/\/enermak.com\/en\/wp-json\/wp\/v2\/media?parent=9154"}],"wp:term":[{"taxonomy":"product_brand","embeddable":true,"href":"https:\/\/enermak.com\/en\/wp-json\/wp\/v2\/product_brand?post=9154"},{"taxonomy":"product_cat","embeddable":true,"href":"https:\/\/enermak.com\/en\/wp-json\/wp\/v2\/product_cat?post=9154"},{"taxonomy":"product_tag","embeddable":true,"href":"https:\/\/enermak.com\/en\/wp-json\/wp\/v2\/product_tag?post=9154"},{"taxonomy":"product_brands","embeddable":true,"href":"https:\/\/enermak.com\/en\/wp-json\/wp\/v2\/product_brands?post=9154"}],"curies":[{"name":"wp","href":"https:\/\/api.w.org\/{rel}","templated":true}]}}