{"id":8946,"date":"2022-04-29T13:28:58","date_gmt":"2022-04-29T10:28:58","guid":{"rendered":"http:\/\/isimmedya.com\/?post_type=product&#038;p=8946"},"modified":"2026-02-18T15:17:35","modified_gmt":"2026-02-18T12:17:35","slug":"kanal-aynasi","status":"publish","type":"product","link":"https:\/\/enermak.com\/en\/urunler\/kanal-aynasi\/","title":{"rendered":"Kanal Aynas\u0131"},"content":{"rendered":"<h2 class=\"wp-block-heading has-medium-font-size\"><span style=\"color: #000000;\"><strong>Kanal Aynas\u0131<\/strong><\/span><\/h2>\n<ul>\n<li><span style=\"color: #000000;\">Son nesil kanal aynalar\u0131 cilal\u0131 paslanmaz \u00e7elikten yap\u0131lm\u0131\u015ft\u0131r.<\/span><\/li>\n<li><span style=\"color: #000000;\">Kullan\u0131m\u0131 kolay, bir s\u0131kma ve ayarlama mekanizmas\u0131, kanal aynalar\u0131n\u0131n h\u0131zl\u0131 ayarlanmas\u0131na izin verir.<\/span><\/li>\n<li><span style=\"color: #000000;\">Uzat\u0131labilir teleskopik direk 6 m&#8217;ye kadar uzamaktad\u0131r.<\/span><\/li>\n<li><span style=\"color: #000000;\">EX korumal\u0131 el feneri ile incelenecek her a\u00e7\u0131ya ula\u015fabilirsiniz.<\/span><\/li>\n<\/ul>\n<p>&nbsp;<\/p>\n<h2 class=\"wp-block-heading has-medium-font-size\"><span style=\"color: #000000;\"><strong>Features<\/strong><\/span><\/h2>\n<ul>\n<li><span style=\"color: #000000;\">Teleskopik \u00f6l\u00e7\u00fcm aynas\u0131 ba\u011flant\u0131s\u0131 4 par\u00e7al\u0131<\/span><\/li>\n<li><span style=\"color: #000000;\">EX-korumal\u0131 el feneri i\u00e7in kelep\u00e7e montaj\u0131<\/span><\/li>\n<li><span style=\"color: #000000;\">LED-lambal\u0131 EX-korumal\u0131 el feneri<\/span><\/li>\n<\/ul>","protected":false},"excerpt":{"rendered":"<h4><span style=\"color: #000000;\">Kanal Aynas\u0131<\/span><\/h4>\n<p><span style=\"color: #000000;\">Son nesil kanal aynalar\u0131 cilal\u0131 paslanmaz \u00e7elikten yap\u0131lm\u0131\u015ft\u0131r.<\/span><\/p>\n<p><span style=\"color: #000000;\">Kullan\u0131m\u0131 kolay, bir s\u0131kma ve ayarlama mekanizmas\u0131, kanal aynalar\u0131n\u0131n h\u0131zl\u0131 ayarlanmas\u0131na izin verir.<\/span><\/p>\n<p><span style=\"color: #000000;\">Uzat\u0131labilir teleskopik direk 6 m&#8217;ye kadar uzamaktad\u0131r.<\/span><\/p>\n<p><span style=\"color: #000000;\">EX korumal\u0131 el feneri ile incelenecek her a\u00e7\u0131ya ula\u015fabilirsiniz.<\/span><\/p>","protected":false},"featured_media":8942,"template":"","meta":{"_bst_post_transparent":"default","_bst_post_title":"","_bst_post_layout":"default","_bst_post_sidebar_id":"","_bst_post_content_style":"default","_bst_post_vertical_padding":"default","_bst_post_feature":"","_bst_post_feature_position":"","_bst_post_header":false,"_bst_post_footer":false},"product_brand":[],"product_cat":[157],"product_tag":[1015,1011,893],"product_brands":[],"class_list":{"0":"post-8946","1":"product","2":"type-product","3":"status-publish","4":"has-post-thumbnail","6":"product_cat-kanal-goruntuleme","7":"product_tag-ex-korumali","8":"product_tag-kanal-aynasi","9":"product_tag-paslanmaz-celik","11":"first","12":"instock","13":"shipping-taxable","14":"product-type-simple","15":"entry","16":"content-bg","17":"loop-entry"},"aioseo_notices":[],"_links":{"self":[{"href":"https:\/\/enermak.com\/en\/wp-json\/wp\/v2\/product\/8946","targetHints":{"allow":["GET"]}}],"collection":[{"href":"https:\/\/enermak.com\/en\/wp-json\/wp\/v2\/product"}],"about":[{"href":"https:\/\/enermak.com\/en\/wp-json\/wp\/v2\/types\/product"}],"version-history":[{"count":0,"href":"https:\/\/enermak.com\/en\/wp-json\/wp\/v2\/product\/8946\/revisions"}],"wp:featuredmedia":[{"embeddable":true,"href":"https:\/\/enermak.com\/en\/wp-json\/wp\/v2\/media\/8942"}],"wp:attachment":[{"href":"https:\/\/enermak.com\/en\/wp-json\/wp\/v2\/media?parent=8946"}],"wp:term":[{"taxonomy":"product_brand","embeddable":true,"href":"https:\/\/enermak.com\/en\/wp-json\/wp\/v2\/product_brand?post=8946"},{"taxonomy":"product_cat","embeddable":true,"href":"https:\/\/enermak.com\/en\/wp-json\/wp\/v2\/product_cat?post=8946"},{"taxonomy":"product_tag","embeddable":true,"href":"https:\/\/enermak.com\/en\/wp-json\/wp\/v2\/product_tag?post=8946"},{"taxonomy":"product_brands","embeddable":true,"href":"https:\/\/enermak.com\/en\/wp-json\/wp\/v2\/product_brands?post=8946"}],"curies":[{"name":"wp","href":"https:\/\/api.w.org\/{rel}","templated":true}]}}