{"id":8886,"date":"2024-04-17T07:11:51","date_gmt":"2024-04-17T04:11:51","guid":{"rendered":"http:\/\/isimmedya.com\/?post_type=product&#038;p=8886"},"modified":"2026-02-18T15:32:30","modified_gmt":"2026-02-18T12:32:30","slug":"multitech-410-gaz-kacak-dedektoru","status":"publish","type":"product","link":"https:\/\/enermak.com\/en\/urunler\/multitech-410-gaz-kacak-dedektoru\/","title":{"rendered":"Multitech 410 Gaz ka\u00e7ak dedekt\u00f6r\u00fc"},"content":{"rendered":"<h2 class=\"wp-block-heading has-medium-font-size\"><span style=\"color: #000000;\"><strong>Multitech 410<\/strong><\/span><\/h2>\n<p><span style=\"color: #000000;\"><strong>Katalitik sens\u00f6rl\u00fc gaz ka\u00e7ak dedekt\u00f6r\u00fc<\/strong><\/span><\/p>\n<p><span style=\"color: #000000;\">\u00d6zellikle \u0131s\u0131n\u0131n yo\u011fun oldu\u011fu ve yang\u0131n ile ilgili meydana gelen ka\u00e7aklarda ve m\u00fcdahaleler de kullan\u0131lmaktad\u0131r.<\/span><\/p>\n<ul>\n<li><span style=\"color: #000000;\">Propan ,B\u00fctan ve Nonane kalibrasyon opsiyonlar\u0131<\/span><\/li>\n<li><span style=\"color: #000000;\">250 mbar vakum kapasitesi<\/span><\/li>\n<li><span style=\"color: #000000;\">50l\/s +20 ak\u0131\u015f kapasitesi<\/span><\/li>\n<\/ul>\n<p><span style=\"color: #000000;\">Gaz ka\u00e7ak dedekt\u00f6r\u00fc <a style=\"color: #000000;\" href=\"https:\/\/enermak.com\/eski\/uploads\/dokuman\/pri_multitec_410_en.pdf\" target=\"_blank\" rel=\"noopener sponsored\">brochure<\/a><\/span><\/p>","protected":false},"excerpt":{"rendered":"<h3><span style=\"color: #000000;\">SEWERIN<\/span><\/h3>\n<h4><span style=\"color: #000000;\">Multitech 410<\/span><\/h4>\n<p><span style=\"color: #000000;\"><strong>Katalitik sens\u00f6rl\u00fc gaz ka\u00e7ak dedekt\u00f6r\u00fc<\/strong><\/span><\/p>\n<p><span style=\"color: #000000;\">\u00d6zellikle \u0131s\u0131n\u0131n yo\u011fun oldu\u011fu ve yang\u0131n ile ilgili meydana gelen ka\u00e7aklarda ve m\u00fcdahaleler de kullan\u0131lmaktad\u0131r.<\/span><\/p>","protected":false},"featured_media":32076,"template":"","meta":{"_bst_post_transparent":"default","_bst_post_title":"","_bst_post_layout":"default","_bst_post_sidebar_id":"","_bst_post_content_style":"default","_bst_post_vertical_padding":"default","_bst_post_feature":"","_bst_post_feature_position":"","_bst_post_header":false,"_bst_post_footer":false},"product_brand":[2002],"product_cat":[147],"product_tag":[1166,1378,1167],"product_brands":[],"class_list":{"0":"post-8886","1":"product","2":"type-product","3":"status-publish","4":"has-post-thumbnail","6":"product_brand-sewerin","7":"product_cat-gaz-kacak-tespit-ve-olcum","8":"product_tag-gaz-kacak","9":"product_tag-gaz-kacak-dedektoru","10":"product_tag-propan","12":"first","13":"instock","14":"shipping-taxable","15":"product-type-simple","16":"entry","17":"content-bg","18":"loop-entry"},"aioseo_notices":[],"_links":{"self":[{"href":"https:\/\/enermak.com\/en\/wp-json\/wp\/v2\/product\/8886","targetHints":{"allow":["GET"]}}],"collection":[{"href":"https:\/\/enermak.com\/en\/wp-json\/wp\/v2\/product"}],"about":[{"href":"https:\/\/enermak.com\/en\/wp-json\/wp\/v2\/types\/product"}],"version-history":[{"count":0,"href":"https:\/\/enermak.com\/en\/wp-json\/wp\/v2\/product\/8886\/revisions"}],"wp:featuredmedia":[{"embeddable":true,"href":"https:\/\/enermak.com\/en\/wp-json\/wp\/v2\/media\/32076"}],"wp:attachment":[{"href":"https:\/\/enermak.com\/en\/wp-json\/wp\/v2\/media?parent=8886"}],"wp:term":[{"taxonomy":"product_brand","embeddable":true,"href":"https:\/\/enermak.com\/en\/wp-json\/wp\/v2\/product_brand?post=8886"},{"taxonomy":"product_cat","embeddable":true,"href":"https:\/\/enermak.com\/en\/wp-json\/wp\/v2\/product_cat?post=8886"},{"taxonomy":"product_tag","embeddable":true,"href":"https:\/\/enermak.com\/en\/wp-json\/wp\/v2\/product_tag?post=8886"},{"taxonomy":"product_brands","embeddable":true,"href":"https:\/\/enermak.com\/en\/wp-json\/wp\/v2\/product_brands?post=8886"}],"curies":[{"name":"wp","href":"https:\/\/api.w.org\/{rel}","templated":true}]}}