{"id":8862,"date":"2022-04-29T10:51:01","date_gmt":"2022-04-29T07:51:01","guid":{"rendered":"http:\/\/isimmedya.com\/?post_type=product&#038;p=8862"},"modified":"2026-02-18T15:18:06","modified_gmt":"2026-02-18T12:18:06","slug":"gostergeli-basinc-sicaklik-kaydedici","status":"publish","type":"product","link":"https:\/\/enermak.com\/en\/urunler\/gostergeli-basinc-sicaklik-kaydedici\/","title":{"rendered":"G\u00f6stergeli Bas\u0131n\u00e7 S\u0131cakl\u0131k Kaydedici"},"content":{"rendered":"<p><strong>G\u00f6stergeli Bas\u0131n\u00e7 S\u0131cakl\u0131k Kaydedici<\/strong><\/p>\n<p>The Track-It\u2122 Bas\u0131n\u00e7 \/ S\u0131cakl\u0131k\u00a0 ve vakum \/ S\u0131cakl\u0131k kaydedicileri 130.000 \u00f6rne\u011fe kadar kay\u0131t yapabilen, pille \u00e7al\u0131\u015fan ba\u011f\u0131ms\u0131z su ge\u00e7irmez kompakt veri kaydedicilerdir.Veri depolama alanlar\u0131n\u0131 en \u00fcst d\u00fczeye \u00e7\u0131karmak i\u00e7in hem bas\u0131n\u00e7 hem de vakum ve s\u0131cakl\u0131\u011f\u0131 veya yaln\u0131zca parametrelerden birini kaydetmek \u00fczere yap\u0131land\u0131r\u0131labilirler. Ger\u00e7ek zamanl\u0131 veriler, alarmlar ve min\/max bilgileri \u00e7ok sat\u0131rl\u0131 LCD\u2019de g\u00f6r\u00fcnt\u00fclenebilir.. \u00dcnite \u00fccretsiz indirilebilir. Track-It yaz\u0131l\u0131m\u0131 kullanarak kolayca yap\u0131land\u0131r\u0131labilir. Birlikte verilen USB <a href=\"https:\/\/enermak.com\/en\/urunler\/lexxi-1660-tdr-kablo-ariza-tespit-cihazi\/\">kablosunu kay\u0131t cihaz<\/a>\u0131na ve bilgisayar\u0131n\u0131zdaki bo\u015f bir USB porta ba\u011flay\u0131n. Trackt-It yaz\u0131l\u0131m\u0131 kay\u0131t cihaz\u0131n\u0131 otomatik olara tan\u0131mlar. Birimi kayd\u0131 ba\u015flatmak veya durdurmak i\u00e7in yap\u0131land\u0131r\u0131n.<\/p>\n<p><strong>Numune saklama h\u0131z\u0131 saniyede 10 numuneden 24 saatte 1 numuneye kadar ayarlanabilir. Yerle\u015fik veri depolama u\u00e7ucu de\u011fildir, bu nedenle pilin bitmesi durumunda veriler kaybolmaz.<\/strong><\/p>\n<p><strong>Track-It\u2122 Yaz\u0131l\u0131m<\/strong><\/p>\n<p>Track-It\u2122 Yaz\u0131l\u0131m\u0131 kay\u0131tl\u0131 verilerin kolay kurulumunu geri al\u0131nmas\u0131n\u0131 yorumlanmas\u0131n\u0131 ve d\u0131\u015fa aktar\u0131lmas\u0131n\u0131 sa\u011flayan g\u00fc\u00e7l\u00fc Windows tabanl\u0131 bir yaz\u0131l\u0131m paketidir. Track-It very kaydediciniz a\u00e7\u0131k bir USB ba\u011flant\u0131 noktas\u0131na ba\u011flay\u0131n ve hemen ileti\u015fim kurmaya ba\u015flay\u0131n. KPA, MPA, Bar, miliBar mmHG inHg, Atm, PSI, pascal, inH2O ve torr&#8217;u i\u00e7eren bir listeden Mutlak veya \u00d6l\u00e7er okumalar\u0131n\u0131n yan s\u0131ra bas\u0131n\u00e7 \u00f6l\u00e7e\u011finizi se\u00e7in. Numune aral\u0131\u011f\u0131n\u0131z boyunca ortalama, anl\u0131k, maksimum veya minimum bas\u0131nc\u0131 kaydedin.<\/p>\n<p>\u0130\u015faretleyin ve \u00f6rnek aral\u0131\u011f\u0131n\u0131z\u0131, alarm ayar noktalar\u0131n\u0131, m\u00fchendislik birimlerini, kay\u0131t tetikleyicilerini se\u00e7mek i\u00e7in t\u0131klay\u0131n. Say\u0131sal bir veri tablosu veya zamana g\u00f6re veri okumalar\u0131n\u0131n grafiksel g\u00f6sterimini g\u00f6r\u00fcnt\u00fcleyin. Kayd\u0131 incelemek ve analiz etmek i\u00e7in zoom, imle\u00e7, min ve maks gibi grafik ara\u00e7lar\u0131n\u0131 kullan\u0131n. Track-It \u2122 Yaz\u0131l\u0131m\u0131, grafik veya tablo verilerini do\u011frudan PC&#8217;nize aktarabilmenizi sa\u011flayarak PC&#8217;nizi ger\u00e7ek zamanl\u0131 bir veri toplama sistemine d\u00f6n\u00fc\u015ft\u00fcr\u00fcr.<\/p>\n<p><strong>Track-It\u2122 Ula\u015f\u0131m App<\/strong><\/p>\n<p>Track-It\u2122 Transport, USB On-The-Go kablosu kullanarak veri kaydetmeye ba\u015flamak ve durdurmak ve veri aktarmak i\u00e7in Android cihaz\u0131n\u0131z\u0131 kullanman\u0131z\u0131 sa\u011flayan \u00fccretsiz bir Android Uygulamas\u0131d\u0131r. Google Play&#8217;de mevcut.<\/p>","protected":false},"excerpt":{"rendered":"<h3>Monarch Instrument<\/h3>\n<h4>G\u00f6stergeli Bas\u0131n\u00e7 S\u0131cakl\u0131k Kaydedici<\/h4>\n<p>The Track-It\u2122 Bas\u0131n\u00e7 \/ S\u0131cakl\u0131k\u00a0 ve vakum \/ S\u0131cakl\u0131k kaydedicileri 130.000 \u00f6rne\u011fe kadar kay\u0131t yapabilen, pille \u00e7al\u0131\u015fan ba\u011f\u0131ms\u0131z su ge\u00e7irmez kompakt veri kaydedicilerdir.Veri depolama alanlar\u0131n\u0131 en \u00fcst d\u00fczeye \u00e7\u0131karmak i\u00e7in hem bas\u0131n\u00e7 hem de vakum ve s\u0131cakl\u0131\u011f\u0131 veya yaln\u0131zca parametrelerden birini kaydetmek \u00fczere yap\u0131land\u0131r\u0131labilirler. Ger\u00e7ek zamanl\u0131 veriler, alarmlar ve min\/max bilgileri \u00e7ok sat\u0131rl\u0131 LCD\u2019de g\u00f6r\u00fcnt\u00fclenebilir.. \u00dcnite \u00fccretsiz indirilebilir. Track-It yaz\u0131l\u0131m\u0131 kullanarak kolayca yap\u0131land\u0131r\u0131labilir. Birlikte verilen USB kablosunu kay\u0131t cihaz\u0131na ve bilgisayar\u0131n\u0131zdaki bo\u015f bir USB porta ba\u011flay\u0131n. Trackt-It yaz\u0131l\u0131m\u0131 kay\u0131t cihaz\u0131n\u0131 otomatik olara tan\u0131mlar. Birimi kayd\u0131 ba\u015flatmak veya durdurmak i\u00e7in yap\u0131land\u0131r\u0131n.<\/p>","protected":false},"featured_media":8863,"template":"","meta":{"_bst_post_transparent":"default","_bst_post_title":"","_bst_post_layout":"default","_bst_post_sidebar_id":"","_bst_post_content_style":"default","_bst_post_vertical_padding":"default","_bst_post_feature":"","_bst_post_feature_position":"","_bst_post_header":false,"_bst_post_footer":false},"product_brand":[2008],"product_cat":[1413],"product_tag":[754,1132,1130,1129,677],"product_brands":[],"class_list":{"0":"post-8862","1":"product","2":"type-product","3":"status-publish","4":"has-post-thumbnail","6":"product_brand-monarch","7":"product_cat-kalinlik-sicaklik-akim-gerilim-olcumu","8":"product_tag-basinc","9":"product_tag-inh2o","10":"product_tag-kpa","11":"product_tag-track-it","12":"product_tag-usb","14":"first","15":"instock","16":"shipping-taxable","17":"product-type-simple","18":"entry","19":"content-bg","20":"loop-entry"},"aioseo_notices":[],"_links":{"self":[{"href":"https:\/\/enermak.com\/en\/wp-json\/wp\/v2\/product\/8862","targetHints":{"allow":["GET"]}}],"collection":[{"href":"https:\/\/enermak.com\/en\/wp-json\/wp\/v2\/product"}],"about":[{"href":"https:\/\/enermak.com\/en\/wp-json\/wp\/v2\/types\/product"}],"version-history":[{"count":0,"href":"https:\/\/enermak.com\/en\/wp-json\/wp\/v2\/product\/8862\/revisions"}],"wp:featuredmedia":[{"embeddable":true,"href":"https:\/\/enermak.com\/en\/wp-json\/wp\/v2\/media\/8863"}],"wp:attachment":[{"href":"https:\/\/enermak.com\/en\/wp-json\/wp\/v2\/media?parent=8862"}],"wp:term":[{"taxonomy":"product_brand","embeddable":true,"href":"https:\/\/enermak.com\/en\/wp-json\/wp\/v2\/product_brand?post=8862"},{"taxonomy":"product_cat","embeddable":true,"href":"https:\/\/enermak.com\/en\/wp-json\/wp\/v2\/product_cat?post=8862"},{"taxonomy":"product_tag","embeddable":true,"href":"https:\/\/enermak.com\/en\/wp-json\/wp\/v2\/product_tag?post=8862"},{"taxonomy":"product_brands","embeddable":true,"href":"https:\/\/enermak.com\/en\/wp-json\/wp\/v2\/product_brands?post=8862"}],"curies":[{"name":"wp","href":"https:\/\/api.w.org\/{rel}","templated":true}]}}