{"id":8848,"date":"2022-04-29T10:22:24","date_gmt":"2022-04-29T07:22:24","guid":{"rendered":"http:\/\/isimmedya.com\/?post_type=product&#038;p=8848"},"modified":"2026-02-18T15:18:34","modified_gmt":"2026-02-18T12:18:34","slug":"mrg-10-mikrodalga-seviye-gostergesi","status":"publish","type":"product","link":"https:\/\/enermak.com\/en\/urunler\/mrg-10-mikrodalga-seviye-gostergesi\/","title":{"rendered":"MRG 10"},"content":{"rendered":"<h2 class=\"wp-block-heading has-medium-font-size\"><span style=\"color: #000000;\"><strong>MRG-10 Microwave Level Indicator<\/strong><\/span><\/h2>\n<p><span style=\"color: #000000;\">The MRG-10 is a radar level indicator that operates with a range of power.<\/span><\/p>\n<p><span style=\"color: #000000;\">The MRG-10 uses a pulsed, non-contact radar level measurement principle.<\/span><\/p>\n<p><span style=\"color: #000000;\">The MRG-10 emits microwave signals and is suitable for level measurement in applications involving liquids, pastes, and slurries.<\/span><\/p>\n<p><span style=\"color: #000000;\">The MRG-10 uses low-power pulsed microwaves at 5.8GHz, which provides good measurement stability because microwave propagation in tanks is unaffected by temperature, pressure, or gas conditions.<\/span><\/p>\n<p><span style=\"color: #000000;\">The level measurement principle of the MRG-10 uses short microwave pulses in a time-of-flight method.<\/span><\/p>\n<p><span style=\"color: #000000;\">The device is mounted on the top of tanks and emits short microwave pulses. These microwaves reflect off the liquid or waste in the tank and are received by the antenna. The reflected signals are then processed electronically by a microprocessor to determine the distance.<\/span><\/p>\n<p><span style=\"color: #000000;\">With antennas and rods of 4\u201d, 6\u201d, and 8\u201d sizes, the MRG-10 can measure depths up to 20 meters depending on the application type and tank levels.<\/span><\/p>\n<p>&nbsp;<\/p>\n<h2 class=\"wp-block-heading has-medium-font-size\"><span style=\"color: #000000;\"><strong>Potential Sectors:<\/strong><\/span><\/h2>\n<ul>\n<li><span style=\"color: #000000;\">Chemical and Petrochemical<\/span><\/li>\n<li><span style=\"color: #000000;\">Refinery<\/span><\/li>\n<li><span style=\"color: #000000;\">Pharmaceutical Industry<\/span><\/li>\n<li><span style=\"color: #000000;\">Food and Beverage<\/span><\/li>\n<li><span style=\"color: #000000;\">Water Industry including:<\/span><\/li>\n<li><span style=\"color: #000000;\">River intake gates<\/span><\/li>\n<li><span style=\"color: #000000;\">Water reservoirs<\/span><\/li>\n<li><span style=\"color: #000000;\">Sewage treatment plants<\/span><\/li>\n<li><span style=\"color: #000000;\">Hydraulic power stations<\/span><\/li>\n<li><span style=\"color: #000000;\">Rivers and dams<\/span><\/li>\n<li><span style=\"color: #000000;\">Cooling pits in steel processing<\/span><\/li>\n<\/ul>","protected":false},"excerpt":{"rendered":"<h2 class=\"wp-block-heading has-medium-font-size\"><span style=\"color: #000000;\">\u25fc\ufe0fTOKYO \u2013 KEIKI<\/span><\/h2>\n<h3><span style=\"color: #000000;\">MRG 10<\/span><\/h3>\n<p><span style=\"color: #000000;\">The MRG-10 is a radar level indicator that operates with a range of power.<\/span><\/p>\n<p><span style=\"color: #000000;\">The MRG-10 uses a pulsed, non-contact radar level measurement principle.<\/span><\/p>","protected":false},"featured_media":27791,"template":"","meta":{"_bst_post_transparent":"default","_bst_post_title":"","_bst_post_layout":"default","_bst_post_sidebar_id":"","_bst_post_content_style":"default","_bst_post_vertical_padding":"default","_bst_post_feature":"","_bst_post_feature_position":"","_bst_post_header":false,"_bst_post_footer":false},"product_brand":[2008],"product_cat":[146],"product_tag":[1097,489,1330,1089,1104,1095,1101,1088],"product_brands":[],"class_list":{"0":"post-8848","1":"product","2":"type-product","3":"status-publish","4":"has-post-thumbnail","6":"product_brand-monarch","7":"product_cat-debi-basinc-seviye-olcumu","8":"product_tag-ilac-endustrisi","9":"product_tag-kanalizasyon","10":"product_tag-mikrodalga-seviye-gostergesi","11":"product_tag-mikrodalga-sinyali","12":"product_tag-mrg-10","13":"product_tag-petrokimya","14":"product_tag-power-hidrolik","15":"product_tag-seviye-gostergesi","17":"first","18":"instock","19":"shipping-taxable","20":"product-type-simple","21":"entry","22":"content-bg","23":"loop-entry"},"aioseo_notices":[],"aioseo_head":"\n\t\t<!-- All in One SEO Pro 4.9.6.2 - aioseo.com -->\n\t<meta name=\"description\" content=\"Altyap\u0131 ve \u015febeke tespitinde kullanabilece\u011finiz, profesy\u00f6nelli\u011finizi bir ad\u0131m ileri ta\u015f\u0131yacak bir \u00e7ok \u00fcr\u00fcn Enermak Enerji&#039;de.Mikrodalga Seviye G\u00f6stergesi\" \/>\n\t<meta name=\"robots\" content=\"max-snippet:-1, max-image-preview:large, max-video-preview:-1\" \/>\n\t<meta name=\"yandex-verification\" content=\"yandex-verification: 61c39bc218eec6a9\" \/>\n\t<link rel=\"canonical\" href=\"https:\/\/enermak.com\/en\/urunler\/mrg-10-mikrodalga-seviye-gostergesi\/\" \/>\n\t<meta name=\"generator\" content=\"All in One SEO Pro (AIOSEO) 4.9.6.2\" \/>\n\t\t<meta property=\"og:locale\" content=\"en_US\" \/>\n\t\t<meta property=\"og:site_name\" content=\"Enermak Enerji - Yeralt\u0131ndan Haberler\" \/>\n\t\t<meta property=\"og:type\" content=\"article\" \/>\n\t\t<meta property=\"og:title\" content=\"MRG 10 - Enermak Enerji\" \/>\n\t\t<meta property=\"og:description\" content=\"Altyap\u0131 ve \u015febeke tespitinde kullanabilece\u011finiz, profesy\u00f6nelli\u011finizi bir ad\u0131m ileri ta\u015f\u0131yacak bir \u00e7ok \u00fcr\u00fcn Enermak Enerji&#039;de.Mikrodalga Seviye G\u00f6stergesi\" \/>\n\t\t<meta property=\"og:url\" content=\"https:\/\/enermak.com\/en\/urunler\/mrg-10-mikrodalga-seviye-gostergesi\/\" \/>\n\t\t<meta property=\"og:image\" content=\"https:\/\/enermak.com\/wp-content\/uploads\/2022\/03\/logo-tr-1.png\" \/>\n\t\t<meta property=\"og:image:secure_url\" content=\"https:\/\/enermak.com\/wp-content\/uploads\/2022\/03\/logo-tr-1.png\" \/>\n\t\t<meta property=\"article:published_time\" content=\"2022-04-29T07:22:24+00:00\" \/>\n\t\t<meta property=\"article:modified_time\" content=\"2026-02-18T12:18:34+00:00\" \/>\n\t\t<meta property=\"article:publisher\" content=\"https:\/\/www.facebook.com\/YERALTINDANHABERLER\/\" \/>\n\t\t<meta name=\"twitter:card\" content=\"summary_large_image\" \/>\n\t\t<meta name=\"twitter:site\" content=\"@enerjienermak\" \/>\n\t\t<meta name=\"twitter:title\" content=\"MRG 10 - Enermak Enerji\" \/>\n\t\t<meta name=\"twitter:description\" content=\"Altyap\u0131 ve \u015febeke tespitinde kullanabilece\u011finiz, profesy\u00f6nelli\u011finizi bir ad\u0131m ileri ta\u015f\u0131yacak bir \u00e7ok \u00fcr\u00fcn Enermak Enerji&#039;de.Mikrodalga Seviye G\u00f6stergesi\" \/>\n\t\t<meta name=\"twitter:image\" content=\"https:\/\/enermak.com\/wp-content\/uploads\/2022\/03\/logo-tr-1.png\" \/>\n\t\t<script type=\"application\/ld+json\" class=\"aioseo-schema\">\n\t\t\t{\"@context\":\"https:\\\/\\\/schema.org\",\"@graph\":[{\"@type\":\"BreadcrumbList\",\"@id\":\"https:\\\/\\\/enermak.com\\\/en\\\/urunler\\\/mrg-10-mikrodalga-seviye-gostergesi\\\/#breadcrumblist\",\"itemListElement\":[{\"@type\":\"ListItem\",\"@id\":\"https:\\\/\\\/enermak.com\\\/en#listItem\",\"position\":1,\"name\":\"Home\",\"item\":\"https:\\\/\\\/enermak.com\\\/en\",\"nextItem\":{\"@type\":\"ListItem\",\"@id\":\"https:\\\/\\\/enermak.com\\\/en\\\/urunler\\\/#listItem\",\"name\":\"\\u00dcr\\u00fcnler\"}},{\"@type\":\"ListItem\",\"@id\":\"https:\\\/\\\/enermak.com\\\/en\\\/urunler\\\/#listItem\",\"position\":2,\"name\":\"\\u00dcr\\u00fcnler\",\"item\":\"https:\\\/\\\/enermak.com\\\/en\\\/urunler\\\/\",\"nextItem\":{\"@type\":\"ListItem\",\"@id\":\"https:\\\/\\\/enermak.com\\\/en\\\/brand\\\/monarch\\\/#listItem\",\"name\":\"MONARCH\"},\"previousItem\":{\"@type\":\"ListItem\",\"@id\":\"https:\\\/\\\/enermak.com\\\/en#listItem\",\"name\":\"Home\"}},{\"@type\":\"ListItem\",\"@id\":\"https:\\\/\\\/enermak.com\\\/en\\\/brand\\\/monarch\\\/#listItem\",\"position\":3,\"name\":\"MONARCH\",\"item\":\"https:\\\/\\\/enermak.com\\\/en\\\/brand\\\/monarch\\\/\",\"nextItem\":{\"@type\":\"ListItem\",\"@id\":\"https:\\\/\\\/enermak.com\\\/en\\\/urunler\\\/mrg-10-mikrodalga-seviye-gostergesi\\\/#listItem\",\"name\":\"MRG 10\"},\"previousItem\":{\"@type\":\"ListItem\",\"@id\":\"https:\\\/\\\/enermak.com\\\/en\\\/urunler\\\/#listItem\",\"name\":\"\\u00dcr\\u00fcnler\"}},{\"@type\":\"ListItem\",\"@id\":\"https:\\\/\\\/enermak.com\\\/en\\\/urunler\\\/mrg-10-mikrodalga-seviye-gostergesi\\\/#listItem\",\"position\":4,\"name\":\"MRG 10\",\"previousItem\":{\"@type\":\"ListItem\",\"@id\":\"https:\\\/\\\/enermak.com\\\/en\\\/brand\\\/monarch\\\/#listItem\",\"name\":\"MONARCH\"}}]},{\"@type\":\"ItemPage\",\"@id\":\"https:\\\/\\\/enermak.com\\\/en\\\/urunler\\\/mrg-10-mikrodalga-seviye-gostergesi\\\/#itempage\",\"url\":\"https:\\\/\\\/enermak.com\\\/en\\\/urunler\\\/mrg-10-mikrodalga-seviye-gostergesi\\\/\",\"name\":\"MRG 10 - Enermak Enerji\",\"description\":\"Altyap\\u0131 ve \\u015febeke tespitinde kullanabilece\\u011finiz, profesy\\u00f6nelli\\u011finizi bir ad\\u0131m ileri ta\\u015f\\u0131yacak bir \\u00e7ok \\u00fcr\\u00fcn Enermak Enerji'de.Mikrodalga Seviye G\\u00f6stergesi\",\"inLanguage\":\"en-US\",\"isPartOf\":{\"@id\":\"https:\\\/\\\/enermak.com\\\/en\\\/#website\"},\"breadcrumb\":{\"@id\":\"https:\\\/\\\/enermak.com\\\/en\\\/urunler\\\/mrg-10-mikrodalga-seviye-gostergesi\\\/#breadcrumblist\"},\"image\":{\"@type\":\"ImageObject\",\"url\":\"https:\\\/\\\/enermak.com\\\/wp-content\\\/uploads\\\/2022\\\/04\\\/MRG-10.jpg\",\"@id\":\"https:\\\/\\\/enermak.com\\\/en\\\/urunler\\\/mrg-10-mikrodalga-seviye-gostergesi\\\/#mainImage\",\"width\":518,\"height\":470,\"caption\":\"MRG 10 Mikrodalga Seviye G\\u00f6stergesi\"},\"primaryImageOfPage\":{\"@id\":\"https:\\\/\\\/enermak.com\\\/en\\\/urunler\\\/mrg-10-mikrodalga-seviye-gostergesi\\\/#mainImage\"},\"datePublished\":\"2022-04-29T10:22:24+03:00\",\"dateModified\":\"2026-02-18T15:18:34+03:00\"},{\"@type\":\"Organization\",\"@id\":\"https:\\\/\\\/enermak.com\\\/en\\\/#organization\",\"name\":\"Enermak Enerji\",\"description\":\"Yeralt\\u0131ndan Haberler\",\"url\":\"https:\\\/\\\/enermak.com\\\/en\\\/\",\"telephone\":\"+903123851102\",\"logo\":{\"@type\":\"ImageObject\",\"url\":\"https:\\\/\\\/enermak.com\\\/wp-content\\\/uploads\\\/2022\\\/03\\\/logo-tr-1.png\",\"@id\":\"https:\\\/\\\/enermak.com\\\/en\\\/urunler\\\/mrg-10-mikrodalga-seviye-gostergesi\\\/#organizationLogo\"},\"image\":{\"@id\":\"https:\\\/\\\/enermak.com\\\/en\\\/urunler\\\/mrg-10-mikrodalga-seviye-gostergesi\\\/#organizationLogo\"},\"sameAs\":[\"https:\\\/\\\/www.facebook.com\\\/YERALTINDANHABERLER\\\/\",\"https:\\\/\\\/twitter.com\\\/enerjienermak\",\"https:\\\/\\\/www.instagram.com\\\/enermakenerji\\\/\",\"https:\\\/\\\/www.youtube.com\\\/c\\\/EnermakEnerji\",\"https:\\\/\\\/www.linkedin.com\\\/in\\\/enermak\"]},{\"@type\":\"WebPage\",\"@id\":\"https:\\\/\\\/enermak.com\\\/en\\\/urunler\\\/mrg-10-mikrodalga-seviye-gostergesi\\\/#webpage\",\"url\":\"https:\\\/\\\/enermak.com\\\/en\\\/urunler\\\/mrg-10-mikrodalga-seviye-gostergesi\\\/\",\"name\":\"MRG 10 - Enermak Enerji\",\"description\":\"Altyap\\u0131 ve \\u015febeke tespitinde kullanabilece\\u011finiz, profesy\\u00f6nelli\\u011finizi bir ad\\u0131m ileri ta\\u015f\\u0131yacak bir \\u00e7ok \\u00fcr\\u00fcn Enermak Enerji'de.Mikrodalga Seviye G\\u00f6stergesi\",\"inLanguage\":\"en-US\",\"isPartOf\":{\"@id\":\"https:\\\/\\\/enermak.com\\\/en\\\/#website\"},\"breadcrumb\":{\"@id\":\"https:\\\/\\\/enermak.com\\\/en\\\/urunler\\\/mrg-10-mikrodalga-seviye-gostergesi\\\/#breadcrumblist\"},\"image\":{\"@type\":\"ImageObject\",\"url\":\"https:\\\/\\\/enermak.com\\\/wp-content\\\/uploads\\\/2022\\\/04\\\/MRG-10.jpg\",\"@id\":\"https:\\\/\\\/enermak.com\\\/en\\\/urunler\\\/mrg-10-mikrodalga-seviye-gostergesi\\\/#mainImage\",\"width\":518,\"height\":470,\"caption\":\"MRG 10 Mikrodalga Seviye G\\u00f6stergesi\"},\"primaryImageOfPage\":{\"@id\":\"https:\\\/\\\/enermak.com\\\/en\\\/urunler\\\/mrg-10-mikrodalga-seviye-gostergesi\\\/#mainImage\"},\"datePublished\":\"2022-04-29T10:22:24+03:00\",\"dateModified\":\"2026-02-18T15:18:34+03:00\"},{\"@type\":\"WebSite\",\"@id\":\"https:\\\/\\\/enermak.com\\\/en\\\/#website\",\"url\":\"https:\\\/\\\/enermak.com\\\/en\\\/\",\"name\":\"Enermak Enerji\",\"alternateName\":\"Yeralt\\u0131ndan Haberler\",\"description\":\"Yeralt\\u0131ndan Haberler\",\"inLanguage\":\"en-US\",\"publisher\":{\"@id\":\"https:\\\/\\\/enermak.com\\\/en\\\/#organization\"}}]}\n\t\t<\/script>\n\t\t<!-- All in One SEO Pro -->\r\n\t\t<title>MRG 10 - Enermak Enerji<\/title>\n\n","aioseo_head_json":{"title":"MRG 10 - Enermak Enerji","description":"Altyap\u0131 ve \u015febeke tespitinde kullanabilece\u011finiz, profesy\u00f6nelli\u011finizi bir ad\u0131m ileri ta\u015f\u0131yacak bir \u00e7ok \u00fcr\u00fcn Enermak Enerji'de.Mikrodalga Seviye G\u00f6stergesi","canonical_url":"https:\/\/enermak.com\/en\/urunler\/mrg-10-mikrodalga-seviye-gostergesi\/","robots":"max-snippet:-1, max-image-preview:large, max-video-preview:-1","keywords":"","webmasterTools":{"yandex-verification":"yandex-verification: 61c39bc218eec6a9","miscellaneous":""},"schema":{"@context":"https:\/\/schema.org","@graph":[{"@type":"BreadcrumbList","@id":"https:\/\/enermak.com\/en\/urunler\/mrg-10-mikrodalga-seviye-gostergesi\/#breadcrumblist","itemListElement":[{"@type":"ListItem","@id":"https:\/\/enermak.com\/en#listItem","position":1,"name":"Home","item":"https:\/\/enermak.com\/en","nextItem":{"@type":"ListItem","@id":"https:\/\/enermak.com\/en\/urunler\/#listItem","name":"\u00dcr\u00fcnler"}},{"@type":"ListItem","@id":"https:\/\/enermak.com\/en\/urunler\/#listItem","position":2,"name":"\u00dcr\u00fcnler","item":"https:\/\/enermak.com\/en\/urunler\/","nextItem":{"@type":"ListItem","@id":"https:\/\/enermak.com\/en\/brand\/monarch\/#listItem","name":"MONARCH"},"previousItem":{"@type":"ListItem","@id":"https:\/\/enermak.com\/en#listItem","name":"Home"}},{"@type":"ListItem","@id":"https:\/\/enermak.com\/en\/brand\/monarch\/#listItem","position":3,"name":"MONARCH","item":"https:\/\/enermak.com\/en\/brand\/monarch\/","nextItem":{"@type":"ListItem","@id":"https:\/\/enermak.com\/en\/urunler\/mrg-10-mikrodalga-seviye-gostergesi\/#listItem","name":"MRG 10"},"previousItem":{"@type":"ListItem","@id":"https:\/\/enermak.com\/en\/urunler\/#listItem","name":"\u00dcr\u00fcnler"}},{"@type":"ListItem","@id":"https:\/\/enermak.com\/en\/urunler\/mrg-10-mikrodalga-seviye-gostergesi\/#listItem","position":4,"name":"MRG 10","previousItem":{"@type":"ListItem","@id":"https:\/\/enermak.com\/en\/brand\/monarch\/#listItem","name":"MONARCH"}}]},{"@type":"ItemPage","@id":"https:\/\/enermak.com\/en\/urunler\/mrg-10-mikrodalga-seviye-gostergesi\/#itempage","url":"https:\/\/enermak.com\/en\/urunler\/mrg-10-mikrodalga-seviye-gostergesi\/","name":"MRG 10 - Enermak Enerji","description":"Altyap\u0131 ve \u015febeke tespitinde kullanabilece\u011finiz, profesy\u00f6nelli\u011finizi bir ad\u0131m ileri ta\u015f\u0131yacak bir \u00e7ok \u00fcr\u00fcn Enermak Enerji'de.Mikrodalga Seviye G\u00f6stergesi","inLanguage":"en-US","isPartOf":{"@id":"https:\/\/enermak.com\/en\/#website"},"breadcrumb":{"@id":"https:\/\/enermak.com\/en\/urunler\/mrg-10-mikrodalga-seviye-gostergesi\/#breadcrumblist"},"image":{"@type":"ImageObject","url":"https:\/\/enermak.com\/wp-content\/uploads\/2022\/04\/MRG-10.jpg","@id":"https:\/\/enermak.com\/en\/urunler\/mrg-10-mikrodalga-seviye-gostergesi\/#mainImage","width":518,"height":470,"caption":"MRG 10 Mikrodalga Seviye G\u00f6stergesi"},"primaryImageOfPage":{"@id":"https:\/\/enermak.com\/en\/urunler\/mrg-10-mikrodalga-seviye-gostergesi\/#mainImage"},"datePublished":"2022-04-29T10:22:24+03:00","dateModified":"2026-02-18T15:18:34+03:00"},{"@type":"Organization","@id":"https:\/\/enermak.com\/en\/#organization","name":"Enermak Enerji","description":"Yeralt\u0131ndan Haberler","url":"https:\/\/enermak.com\/en\/","telephone":"+903123851102","logo":{"@type":"ImageObject","url":"https:\/\/enermak.com\/wp-content\/uploads\/2022\/03\/logo-tr-1.png","@id":"https:\/\/enermak.com\/en\/urunler\/mrg-10-mikrodalga-seviye-gostergesi\/#organizationLogo"},"image":{"@id":"https:\/\/enermak.com\/en\/urunler\/mrg-10-mikrodalga-seviye-gostergesi\/#organizationLogo"},"sameAs":["https:\/\/www.facebook.com\/YERALTINDANHABERLER\/","https:\/\/twitter.com\/enerjienermak","https:\/\/www.instagram.com\/enermakenerji\/","https:\/\/www.youtube.com\/c\/EnermakEnerji","https:\/\/www.linkedin.com\/in\/enermak"]},{"@type":"WebPage","@id":"https:\/\/enermak.com\/en\/urunler\/mrg-10-mikrodalga-seviye-gostergesi\/#webpage","url":"https:\/\/enermak.com\/en\/urunler\/mrg-10-mikrodalga-seviye-gostergesi\/","name":"MRG 10 - Enermak Enerji","description":"Altyap\u0131 ve \u015febeke tespitinde kullanabilece\u011finiz, profesy\u00f6nelli\u011finizi bir ad\u0131m ileri ta\u015f\u0131yacak bir \u00e7ok \u00fcr\u00fcn Enermak Enerji'de.Mikrodalga Seviye G\u00f6stergesi","inLanguage":"en-US","isPartOf":{"@id":"https:\/\/enermak.com\/en\/#website"},"breadcrumb":{"@id":"https:\/\/enermak.com\/en\/urunler\/mrg-10-mikrodalga-seviye-gostergesi\/#breadcrumblist"},"image":{"@type":"ImageObject","url":"https:\/\/enermak.com\/wp-content\/uploads\/2022\/04\/MRG-10.jpg","@id":"https:\/\/enermak.com\/en\/urunler\/mrg-10-mikrodalga-seviye-gostergesi\/#mainImage","width":518,"height":470,"caption":"MRG 10 Mikrodalga Seviye G\u00f6stergesi"},"primaryImageOfPage":{"@id":"https:\/\/enermak.com\/en\/urunler\/mrg-10-mikrodalga-seviye-gostergesi\/#mainImage"},"datePublished":"2022-04-29T10:22:24+03:00","dateModified":"2026-02-18T15:18:34+03:00"},{"@type":"WebSite","@id":"https:\/\/enermak.com\/en\/#website","url":"https:\/\/enermak.com\/en\/","name":"Enermak Enerji","alternateName":"Yeralt\u0131ndan Haberler","description":"Yeralt\u0131ndan Haberler","inLanguage":"en-US","publisher":{"@id":"https:\/\/enermak.com\/en\/#organization"}}]},"og:locale":"en_US","og:site_name":"Enermak Enerji - Yeralt\u0131ndan Haberler","og:type":"article","og:title":"MRG 10 - Enermak Enerji","og:description":"Altyap\u0131 ve \u015febeke tespitinde kullanabilece\u011finiz, profesy\u00f6nelli\u011finizi bir ad\u0131m ileri ta\u015f\u0131yacak bir \u00e7ok \u00fcr\u00fcn Enermak Enerji'de.Mikrodalga Seviye G\u00f6stergesi","og:url":"https:\/\/enermak.com\/en\/urunler\/mrg-10-mikrodalga-seviye-gostergesi\/","og:image":"https:\/\/enermak.com\/wp-content\/uploads\/2022\/03\/logo-tr-1.png","og:image:secure_url":"https:\/\/enermak.com\/wp-content\/uploads\/2022\/03\/logo-tr-1.png","article:published_time":"2022-04-29T07:22:24+00:00","article:modified_time":"2026-02-18T12:18:34+00:00","article:publisher":"https:\/\/www.facebook.com\/YERALTINDANHABERLER\/","twitter:card":"summary_large_image","twitter:site":"@enerjienermak","twitter:title":"MRG 10 - Enermak Enerji","twitter:description":"Altyap\u0131 ve \u015febeke tespitinde kullanabilece\u011finiz, profesy\u00f6nelli\u011finizi bir ad\u0131m ileri ta\u015f\u0131yacak bir \u00e7ok \u00fcr\u00fcn Enermak Enerji'de.Mikrodalga Seviye G\u00f6stergesi","twitter:image":"https:\/\/enermak.com\/wp-content\/uploads\/2022\/03\/logo-tr-1.png"},"aioseo_meta_data":{"post_id":"8848","title":null,"description":"Altyap\u0131 ve \u015febeke tespitinde kullanabilece\u011finiz, profesy\u00f6nelli\u011finizi bir ad\u0131m ileri ta\u015f\u0131yacak bir \u00e7ok \u00fcr\u00fcn Enermak Enerji'de.Mikrodalga Seviye G\u00f6stergesi","keywords":null,"keyphrases":{"focus":{"keyphrase":"Mikrodalga Seviye G\u00f6stergesi","analysis":{"keyphraseInTitle":{"score":3,"maxScore":9,"error":1},"keyphraseInDescription":{"score":9,"maxScore":9,"error":0},"keyphraseLength":{"score":9,"maxScore":9,"error":0,"length":4},"keyphraseInURL":{"score":5,"maxScore":5,"error":0},"keyphraseInIntroduction":{"score":3,"maxScore":9,"error":1},"keyphraseInSubHeadings":{"score":9,"maxScore":9,"error":0},"keyphraseInImageAlt":[],"keywordDensity":{"score":0,"type":"low","maxScore":9,"error":1}},"score":64},"additional":[]},"primary_term":null,"canonical_url":null,"og_title":null,"og_description":null,"og_object_type":"default","og_image_type":"default","og_image_url":null,"og_image_width":null,"og_image_height":null,"og_image_custom_url":null,"og_image_custom_fields":null,"og_video":"","og_custom_url":null,"og_article_section":null,"og_article_tags":null,"twitter_use_og":false,"twitter_card":"default","twitter_image_type":"default","twitter_image_url":null,"twitter_image_custom_url":null,"twitter_image_custom_fields":null,"twitter_title":null,"twitter_description":null,"schema":{"blockGraphs":[],"customGraphs":[],"default":{"data":{"Article":[],"Course":[],"Dataset":[],"FAQPage":[],"Movie":[],"Person":[],"Product":[],"ProductReview":[],"Car":[],"Recipe":[],"Service":[],"SoftwareApplication":[],"WebPage":[]},"graphName":"ItemPage","isEnabled":true},"graphs":[],"defaultGraph":"WebPage","defaultPostTypeGraph":""},"schema_type":"default","schema_type_options":"{\"article\":{\"articleType\":\"BlogPosting\"},\"course\":{\"name\":\"\",\"description\":\"\",\"provider\":\"\"},\"faq\":{\"pages\":[]},\"product\":{\"reviews\":[]},\"recipe\":{\"ingredients\":[],\"instructions\":[],\"keywords\":[]},\"software\":{\"reviews\":[],\"operatingSystems\":[]},\"webPage\":{\"webPageType\":\"WebPage\"},\"blockGraphs\":[]}","pillar_content":false,"robots_default":false,"robots_noindex":false,"robots_noarchive":false,"robots_nosnippet":false,"robots_nofollow":false,"robots_noimageindex":false,"robots_noodp":false,"robots_notranslate":false,"robots_max_snippet":"-1","robots_max_videopreview":"-1","robots_max_imagepreview":"large","priority":null,"frequency":"default","local_seo":null,"seo_analyzer_scan_date":"2026-02-18 12:19:14","breadcrumb_settings":null,"limit_modified_date":false,"reviewed_by":null,"open_ai":"{\"title\":{\"suggestions\":[],\"usage\":0},\"description\":{\"suggestions\":[],\"usage\":0}}","ai":{"faqs":[],"keyPoints":[],"titles":[],"descriptions":[],"socialPosts":{"email":[],"linkedin":[],"twitter":[],"facebook":[],"instagram":[]}},"created":"2022-09-12 10:40:13","updated":"2026-02-18 12:19:14"},"aioseo_breadcrumb":"<div class=\"aioseo-breadcrumbs\"><span class=\"aioseo-breadcrumb\">\n\t<a href=\"https:\/\/enermak.com\/en\" title=\"Home\">Home<\/a>\n<\/span><span class=\"aioseo-breadcrumb-separator\">\u00bb<\/span><span class=\"aioseo-breadcrumb\">\n\t<a href=\"https:\/\/enermak.com\/en\/urunler\/\" title=\"\u00dcr\u00fcnler\">\u00dcr\u00fcnler<\/a>\n<\/span><span class=\"aioseo-breadcrumb-separator\">\u00bb<\/span><span class=\"aioseo-breadcrumb\">\n\t<a href=\"https:\/\/enermak.com\/en\/brand\/monarch\/\" title=\"MONARCH\">MONARCH<\/a>\n<\/span><span class=\"aioseo-breadcrumb-separator\">\u00bb<\/span><span class=\"aioseo-breadcrumb\">\n\tMRG 10\n<\/span><\/div>","aioseo_breadcrumb_json":[{"label":"Home","link":"https:\/\/enermak.com\/en"},{"label":"\u00dcr\u00fcnler","link":"https:\/\/enermak.com\/en\/urunler\/"},{"label":"MONARCH","link":"https:\/\/enermak.com\/en\/brand\/monarch\/"},{"label":"MRG 10","link":"https:\/\/enermak.com\/en\/urunler\/mrg-10-mikrodalga-seviye-gostergesi\/"}],"_links":{"self":[{"href":"https:\/\/enermak.com\/en\/wp-json\/wp\/v2\/product\/8848","targetHints":{"allow":["GET"]}}],"collection":[{"href":"https:\/\/enermak.com\/en\/wp-json\/wp\/v2\/product"}],"about":[{"href":"https:\/\/enermak.com\/en\/wp-json\/wp\/v2\/types\/product"}],"version-history":[{"count":0,"href":"https:\/\/enermak.com\/en\/wp-json\/wp\/v2\/product\/8848\/revisions"}],"wp:featuredmedia":[{"embeddable":true,"href":"https:\/\/enermak.com\/en\/wp-json\/wp\/v2\/media\/27791"}],"wp:attachment":[{"href":"https:\/\/enermak.com\/en\/wp-json\/wp\/v2\/media?parent=8848"}],"wp:term":[{"taxonomy":"product_brand","embeddable":true,"href":"https:\/\/enermak.com\/en\/wp-json\/wp\/v2\/product_brand?post=8848"},{"taxonomy":"product_cat","embeddable":true,"href":"https:\/\/enermak.com\/en\/wp-json\/wp\/v2\/product_cat?post=8848"},{"taxonomy":"product_tag","embeddable":true,"href":"https:\/\/enermak.com\/en\/wp-json\/wp\/v2\/product_tag?post=8848"},{"taxonomy":"product_brands","embeddable":true,"href":"https:\/\/enermak.com\/en\/wp-json\/wp\/v2\/product_brands?post=8848"}],"curies":[{"name":"wp","href":"https:\/\/api.w.org\/{rel}","templated":true}]}}