{"id":8411,"date":"2022-04-27T17:03:38","date_gmt":"2022-04-27T14:03:38","guid":{"rendered":"http:\/\/isimmedya.com\/?post_type=product&#038;p=8411"},"modified":"2026-02-18T15:22:08","modified_gmt":"2026-02-18T12:22:08","slug":"si-50-si-100-akilli-akim-kesici","status":"publish","type":"product","link":"https:\/\/enermak.com\/en\/urunler\/si-50-si-100-akilli-akim-kesici\/","title":{"rendered":"SI50 &#8211; SI100 Ak\u0131ll\u0131 Ak\u0131m Kesici"},"content":{"rendered":"<p><span style=\"color: #000000;\"><strong>50 \/ 100 Amp Ak\u0131ll\u0131 Ak\u0131m Kesici<\/strong><\/span><\/p>\n<p><span style=\"color: #000000;\"><strong>Radiodetection s\u00fcper g\u00fc\u00e7l\u00fc ikinci ku\u015fak ak\u0131m kesicisini gururla sunar.<\/strong><\/span><\/p>\n<p><span style=\"color: #000000;\">Geli\u015fmi\u015f g\u00fc\u00e7 y\u00f6netimi, y\u00fcksek ak\u0131m anahtarlama kapasitesi , kullan\u0131c\u0131 taraf\u0131ndan programlanabilme, devre korumal\u0131 ve kompakt \u00f6zelliklere sahiptir.<\/span><\/p>\n<ul>\n<li><span style=\"color: #000000;\">50 A ve 100 A versiyonu<\/span><\/li>\n<li><span style=\"color: #000000;\">Son derece kompakt ve hafif, dar ve zor b\u00f6lgelere uyumlu<\/span><\/li>\n<li><span style=\"color: #000000;\">0\u2019dan 100 saniyeye kadar istenilen aral\u0131kta A\u00e7ma- Kapama \u00f6l\u00e7\u00fcm d\u00f6ng\u00fcs\u00fc.<\/span><\/li>\n<li><span style=\"color: #000000;\">Ters kutupluluk (polarite) korumas\u0131<\/span><\/li>\n<li><span style=\"color: #000000;\">300 saat batarya \u00f6mr\u00fc veya (2xD pillerle) veya CP kayna\u011f\u0131ndan s\u00fcrekli besleme<\/span><\/li>\n<li><span style=\"color: #000000;\">Tamamen mikro i\u015flemci kontroll\u00fc<\/span><\/li>\n<li><span style=\"color: #000000;\">Kullan\u0131lan son 10 ayar\u0131 otomatik olarak haf\u0131zaya alma<\/span><\/li>\n<li><span style=\"color: #000000;\">Standart Master\/slave (ana veya uydu \u00fcnite se\u00e7imi) senkronizasyon \u00f6zelli\u011fi<\/span><\/li>\n<li><span style=\"color: #000000;\">GPS se\u00e7ene\u011fi sayesinde di\u011fer ak\u0131m kesici cihazlarla e\u015f zamanl\u0131 uzaktan kontrol edilebilme<\/span><\/li>\n<li><span style=\"color: #000000;\">GPS opsiyonu ile 24 saat zaman kurulum ve kontrol\u00fc (timer)<\/span><\/li>\n<li><span style=\"color: #000000;\">Geli\u015fmi\u015f g\u00fc\u00e7l\u00fc elektronik yap\u0131s\u0131 sayesinde y\u00fcksek s\u0131cakl\u0131k de\u011ferlerinde rahatl\u0131kla \u00e7al\u0131\u015fabilme<\/span><\/li>\n<li><span style=\"color: #000000;\">Radiodetection\u2019n\u0131n 4 Hz ve 8 Hz hassas boru yer tespit\u00e7ileri ile uyumlu (ayn\u0131 anda boru yer tespiti yap\u0131labilir)<\/span><\/li>\n<li><span style=\"color: #000000;\">Seri port sayesinde yaz\u0131l\u0131m g\u00fcncelleme<\/span><\/li>\n<li><span style=\"color: #000000;\">De\u011fi\u015ftirilebilir kablo seti<\/span><\/li>\n<\/ul>\n<p><span style=\"color: #000000;\"><strong>Ak\u0131ll\u0131 ak\u0131m kesici 50 A ila 100 A de\u011ferlerine kadar ak\u0131m kesme i\u015fini yapabilen Radiodetection imzas\u0131n\u0131 ta\u015f\u0131yan e\u015fsiz bir \u00fcr\u00fcnd\u00fcr.<\/strong><\/span><\/p>","protected":false},"excerpt":{"rendered":"<h3><span style=\"color: #000000;\">RADIODETECTION<\/span><\/h3>\n<p><span style=\"color: #000000;\"><strong>50 \/ 100 Amp Ak\u0131ll\u0131 Ak\u0131m Kesici<\/strong><\/span><\/p>\n<p><span style=\"color: #000000;\"><strong>Radiodetection s\u00fcper g\u00fc\u00e7l\u00fc ikinci ku\u015fak ak\u0131m kesicisini gururla sunar.<\/strong><\/span><\/p>\n<p><span style=\"color: #000000;\">Geli\u015fmi\u015f g\u00fc\u00e7 y\u00f6netimi, y\u00fcksek ak\u0131m anahtarlama kapasitesi , kullan\u0131c\u0131 taraf\u0131ndan programlanabilme, devre korumal\u0131 ve kompakt \u00f6zelliklere sahiptir.<\/span><\/p>","protected":false},"featured_media":32058,"template":"","meta":{"_bst_post_transparent":"default","_bst_post_title":"","_bst_post_layout":"default","_bst_post_sidebar_id":"","_bst_post_content_style":"default","_bst_post_vertical_padding":"default","_bst_post_feature":"","_bst_post_feature_position":"","_bst_post_header":false,"_bst_post_footer":false},"product_brand":[],"product_cat":[145],"product_tag":[818,658,599],"product_brands":[],"class_list":{"0":"post-8411","1":"product","2":"type-product","3":"status-publish","4":"has-post-thumbnail","6":"product_cat-boru-hatlari","7":"product_tag-akim-kesici","8":"product_tag-boru-hatlari","9":"product_tag-radiodetection","11":"first","12":"instock","13":"shipping-taxable","14":"product-type-simple","15":"entry","16":"content-bg","17":"loop-entry"},"aioseo_notices":[],"_links":{"self":[{"href":"https:\/\/enermak.com\/en\/wp-json\/wp\/v2\/product\/8411","targetHints":{"allow":["GET"]}}],"collection":[{"href":"https:\/\/enermak.com\/en\/wp-json\/wp\/v2\/product"}],"about":[{"href":"https:\/\/enermak.com\/en\/wp-json\/wp\/v2\/types\/product"}],"version-history":[{"count":0,"href":"https:\/\/enermak.com\/en\/wp-json\/wp\/v2\/product\/8411\/revisions"}],"wp:featuredmedia":[{"embeddable":true,"href":"https:\/\/enermak.com\/en\/wp-json\/wp\/v2\/media\/32058"}],"wp:attachment":[{"href":"https:\/\/enermak.com\/en\/wp-json\/wp\/v2\/media?parent=8411"}],"wp:term":[{"taxonomy":"product_brand","embeddable":true,"href":"https:\/\/enermak.com\/en\/wp-json\/wp\/v2\/product_brand?post=8411"},{"taxonomy":"product_cat","embeddable":true,"href":"https:\/\/enermak.com\/en\/wp-json\/wp\/v2\/product_cat?post=8411"},{"taxonomy":"product_tag","embeddable":true,"href":"https:\/\/enermak.com\/en\/wp-json\/wp\/v2\/product_tag?post=8411"},{"taxonomy":"product_brands","embeddable":true,"href":"https:\/\/enermak.com\/en\/wp-json\/wp\/v2\/product_brands?post=8411"}],"curies":[{"name":"wp","href":"https:\/\/api.w.org\/{rel}","templated":true}]}}