{"id":8389,"date":"2022-04-27T16:39:10","date_gmt":"2022-04-27T13:39:10","guid":{"rendered":"http:\/\/isimmedya.com\/?post_type=product&#038;p=8389"},"modified":"2026-02-18T15:23:18","modified_gmt":"2026-02-18T12:23:18","slug":"yuksek-gerilim-voltmetre","status":"publish","type":"product","link":"https:\/\/enermak.com\/en\/urunler\/yuksek-gerilim-voltmetre\/","title":{"rendered":"Isotest HV \u2013 High Voltage Voltmeter"},"content":{"rendered":"<h3><span style=\"color: #000000;\">Isotest HV \u2013 High Voltage Voltmeter<\/span><\/h3>\n<p><span style=\"color: #000000;\"><strong>Benefits at a Glance:<\/strong><\/span><br \/>\n<span style=\"color: #000000;\">Accurate Measurement of High Voltage: Ensures precise voltage readings.<\/span><br \/>\n<span style=\"color: #000000;\">Portable ISOTEST\u00ae Holiday Detectors: Test according to general rules and standards.<\/span><br \/>\n<span style=\"color: #000000;\">Easy to Use: User-friendly design for straightforward operation.<\/span><br \/>\n<span style=\"color: #000000;\">PTS Traceable Calibration: Ensures calibration is traceable to standards.<\/span><\/p>\n<p><span style=\"color: #000000;\"><strong>Isotest HV \u2013 High Voltage Voltmeter \u2013 Application:\u00a0<\/strong><\/span><br \/>\n<span style=\"color: #000000;\">The compact and robust measuring device provides precise measurement for impulse test voltages among ISOTEST\u00ae holiday detectors.<\/span><\/p>\n<p><span style=\"color: #000000;\">Portable ISOTEST\u00ae holiday detectors and fixed ISOTEST\u00ae test systems can be controlled according to general rules and standards.<\/span><\/p>\n<p><span style=\"color: #000000;\">Results are easily readable on a large screen with an accuracy of 0.1 kV.<\/span><br \/>\n<span style=\"color: #000000;\">The battery-operated device comes with PTB-traceable calibration recognized by all accredited certification bodies.<\/span><\/p>\n<p><span style=\"color: #000000;\"><strong>Service \u2013 Calibration:<\/strong><\/span><br \/>\n<span style=\"color: #000000;\">The Isotest HV High Voltage Voltmeter comes with traceable calibration and a certificate of authenticity.<\/span><\/p>\n<p><span style=\"color: #000000;\">A clearly visible test seal helps keep track of recommended inspection dates.<\/span><\/p>\n<figure id=\"attachment_8393\" aria-describedby=\"caption-attachment-8393\" style=\"width: 300px\" class=\"wp-caption alignnone\"><img fetchpriority=\"high\" decoding=\"async\" class=\"wp-image-8393 size-medium\" src=\"https:\/\/enermak.com\/wp-content\/uploads\/2022\/04\/enermak-isotest-hv-31-300x184.jpg\" alt=\"Y\u00fcksek gerilim voltmetre\" width=\"300\" height=\"184\" \/><figcaption id=\"caption-attachment-8393\" class=\"wp-caption-text\"><span style=\"color: #000000;\">High Voltage Voltmeter<\/span><\/figcaption><\/figure>\n<p><span style=\"color: #000000;\"><strong>Technical Data:\u00a0<\/strong><\/span><br \/>\n<span style=\"color: #000000;\">Test Range: 5 \u2013 35 kV impulse voltage measurement.<\/span><br \/>\n<span style=\"color: #000000;\">Resolution: 0.1 kV.<\/span><br \/>\n<span style=\"color: #000000;\">Power Supply: 4 standard mignon batteries (AA \/ LR6).<\/span><br \/>\n<span style=\"color: #000000;\">Current Consumption: Approx. 50 mA.<\/span><br \/>\n<span style=\"color: #000000;\">Ambient Temperature: -10 \u00b0C to +40 \u00b0C.<\/span><br \/>\n<span style=\"color: #000000;\">Weight: 1.7 kg.<\/span><br \/>\n<span style=\"color: #000000;\">Dimensions (W x H x D): 200 x 70 x 191 mm.<\/span><\/p>\n<p><span style=\"color: #000000;\"><strong>Delivery Scope:<\/strong><\/span><br \/>\n<span style=\"color: #000000;\">High Voltage Voltmeter Isotest HV.<\/span><br \/>\n<span style=\"color: #000000;\">Measurement Accessories: (measurement adapter, grounding cable set).<\/span><br \/>\n<span style=\"color: #000000;\">Carrying Case.<\/span><br \/>\n<span style=\"color: #000000;\">Battery Set: (4 x AA \/ LR6 mignon standard batteries).<\/span><\/p>\n<p><span style=\"color: #000000;\"><strong>Delivery Package Includes:<\/strong><\/span><br \/>\n<span style=\"color: #000000;\">Complete ISOTEST Control Device: Includes high voltage measurement probe with safety button.<\/span><br \/>\n<span style=\"color: #000000;\">Easy Battery Replacement: 6 V rechargeable lead-acid battery.<\/span><br \/>\n<span style=\"color: #000000;\">Charger: 230 V \/ 50 Hz.<\/span><br \/>\n<span style=\"color: #000000;\">10 m Grounding Cable: Includes sturdy clamp and instrument plug.<\/span><br \/>\n<span style=\"color: #000000;\">15 m Grounding Cable: With clips on both ends.<\/span><br \/>\n<span style=\"color: #000000;\">Grounding Foil Set.<\/span><br \/>\n<span style=\"color: #000000;\">Test Electrode Up to 500 mm.<\/span><br \/>\n<span style=\"color: #000000;\">Comfortable Tool Bag: With carrying strap and belt.<\/span><br \/>\n<span style=\"color: #000000;\">Durable Aluminum Carrying Case.<\/span><br \/>\n<span style=\"color: #000000;\">Comprehensive User Manual.<\/span><br \/>\n<span style=\"color: #000000;\">Operation and Calibration Certificate: Certifies the device's functionality and accuracy.<\/span><\/p>\n<p><span style=\"color: #000000;\"><strong>Features<\/strong><\/span><br \/>\n<span style=\"color: #000000;\">Accurate Measurement of High Voltage.<\/span><br \/>\n<span style=\"color: #000000;\">Portable ISOTEST\u00ae Holiday Test<\/span><br \/>\n<span style=\"color: #000000;\">Easy grip \/ user-friendly<\/span><br \/>\n<span style=\"color: #000000;\">PTS traceable calibration<\/span><br \/>\n<span style=\"color: #000000;\">.<\/span><br \/>\n<span style=\"color: #000000;\">.<\/span><br \/>\n<span style=\"color: #000000;\">.<\/span><\/p>\n<p>&nbsp;<\/p>\n<p><span style=\"color: #000000;\"><a style=\"color: #000000;\" href=\"https:\/\/enermak.com\/en\/eski\/uploads\/dokuman\/ISOTEST%20HV%20%28ID%20147070%29%20%28ID%20197142%29.pdf\/\" target=\"_blank\" rel=\"noopener sponsored\">High Voltage Voltmeter Isotest HV Brochure<\/a><\/span><\/p>","protected":false},"excerpt":{"rendered":"<h4><span style=\"color: #000000;\">Isotest HV<\/span><\/h4>\n<p><span style=\"color: #000000;\"><strong>Y\u00fcksek gerilim voltmetre &#8211; Uygulama\u00a0<\/strong><\/span><br \/>\n<span style=\"color: #000000;\">The compact and robust measuring device provides precise measurement for impulse test voltages among ISOTEST\u00ae holiday detectors.<\/span><\/p>\n<p><span style=\"color: #000000;\">Portable ISOTEST\u00ae holiday detectors and fixed ISOTEST\u00ae test systems can be controlled according to general rules and standards.<\/span><\/p>\n<p><span style=\"color: #000000;\">Results are easily readable on a large screen with an accuracy of 0.1 kV.<\/span><br \/>\n<span style=\"color: #000000;\">The battery-operated device comes with PTB-traceable calibration recognized by all accredited certification bodies.<\/span><\/p>","protected":false},"featured_media":32061,"template":"","meta":{"_bst_post_transparent":"default","_bst_post_title":"","_bst_post_layout":"default","_bst_post_sidebar_id":"","_bst_post_content_style":"default","_bst_post_vertical_padding":"default","_bst_post_feature":"","_bst_post_feature_position":"","_bst_post_header":false,"_bst_post_footer":false},"product_brand":[],"product_cat":[145],"product_tag":[658,806,1386],"product_brands":[],"class_list":{"0":"post-8389","1":"product","2":"type-product","3":"status-publish","4":"has-post-thumbnail","6":"product_cat-boru-hatlari","7":"product_tag-boru-hatlari","8":"product_tag-isotest-hv","9":"product_tag-isotest-hv-yuksek-gerilim-voltmetre","11":"first","12":"instock","13":"shipping-taxable","14":"product-type-simple","15":"entry","16":"content-bg","17":"loop-entry"},"aioseo_notices":[],"aioseo_head":"\n\t\t<!-- All in One SEO Pro 4.9.6.2 - aioseo.com -->\n\t<meta name=\"description\" content=\"Altyap\u0131 ve \u015febeke tespitinde kullanabilece\u011finiz, profesy\u00f6nelli\u011finizi bir ad\u0131m ileri ta\u015f\u0131yacak bir \u00e7ok \u00fcr\u00fcn Enermak Enerji&#039;de. Isotest HV - Y\u00fcksek gerilim voltmetre\" \/>\n\t<meta name=\"robots\" content=\"max-snippet:-1, max-image-preview:large, max-video-preview:-1\" \/>\n\t<meta name=\"yandex-verification\" content=\"yandex-verification: 61c39bc218eec6a9\" \/>\n\t<link rel=\"canonical\" href=\"https:\/\/enermak.com\/en\/urunler\/yuksek-gerilim-voltmetre\/\" \/>\n\t<meta name=\"generator\" content=\"All in One SEO Pro (AIOSEO) 4.9.6.2\" \/>\n\t\t<meta property=\"og:locale\" content=\"en_US\" \/>\n\t\t<meta property=\"og:site_name\" content=\"Enermak Enerji - Yeralt\u0131ndan Haberler\" \/>\n\t\t<meta property=\"og:type\" content=\"article\" \/>\n\t\t<meta property=\"og:title\" content=\"Isotest HV \u2013 Y\u00fcksek gerilim voltmetre - Enermak Enerji\" \/>\n\t\t<meta property=\"og:description\" content=\"Altyap\u0131 ve \u015febeke tespitinde kullanabilece\u011finiz, profesy\u00f6nelli\u011finizi bir ad\u0131m ileri ta\u015f\u0131yacak bir \u00e7ok \u00fcr\u00fcn Enermak Enerji&#039;de. Isotest HV - Y\u00fcksek gerilim voltmetre\" \/>\n\t\t<meta property=\"og:url\" content=\"https:\/\/enermak.com\/en\/urunler\/yuksek-gerilim-voltmetre\/\" \/>\n\t\t<meta property=\"og:image\" content=\"https:\/\/enermak.com\/wp-content\/uploads\/2022\/03\/logo-tr-1.png\" \/>\n\t\t<meta property=\"og:image:secure_url\" content=\"https:\/\/enermak.com\/wp-content\/uploads\/2022\/03\/logo-tr-1.png\" \/>\n\t\t<meta property=\"article:published_time\" content=\"2022-04-27T13:39:10+00:00\" \/>\n\t\t<meta property=\"article:modified_time\" content=\"2026-02-18T12:23:18+00:00\" \/>\n\t\t<meta property=\"article:publisher\" content=\"https:\/\/www.facebook.com\/YERALTINDANHABERLER\/\" \/>\n\t\t<meta name=\"twitter:card\" content=\"summary_large_image\" \/>\n\t\t<meta name=\"twitter:site\" content=\"@enerjienermak\" \/>\n\t\t<meta name=\"twitter:title\" content=\"Isotest HV \u2013 Y\u00fcksek gerilim voltmetre - Enermak Enerji\" \/>\n\t\t<meta name=\"twitter:description\" content=\"Altyap\u0131 ve \u015febeke tespitinde kullanabilece\u011finiz, profesy\u00f6nelli\u011finizi bir ad\u0131m ileri ta\u015f\u0131yacak bir \u00e7ok \u00fcr\u00fcn Enermak Enerji&#039;de. Isotest HV - Y\u00fcksek gerilim voltmetre\" \/>\n\t\t<meta name=\"twitter:image\" content=\"https:\/\/enermak.com\/wp-content\/uploads\/2022\/03\/logo-tr-1.png\" \/>\n\t\t<script type=\"application\/ld+json\" class=\"aioseo-schema\">\n\t\t\t{\"@context\":\"https:\\\/\\\/schema.org\",\"@graph\":[{\"@type\":\"BreadcrumbList\",\"@id\":\"https:\\\/\\\/enermak.com\\\/en\\\/urunler\\\/yuksek-gerilim-voltmetre\\\/#breadcrumblist\",\"itemListElement\":[{\"@type\":\"ListItem\",\"@id\":\"https:\\\/\\\/enermak.com\\\/en#listItem\",\"position\":1,\"name\":\"Home\",\"item\":\"https:\\\/\\\/enermak.com\\\/en\",\"nextItem\":{\"@type\":\"ListItem\",\"@id\":\"https:\\\/\\\/enermak.com\\\/en\\\/urunler\\\/#listItem\",\"name\":\"\\u00dcr\\u00fcnler\"}},{\"@type\":\"ListItem\",\"@id\":\"https:\\\/\\\/enermak.com\\\/en\\\/urunler\\\/#listItem\",\"position\":2,\"name\":\"\\u00dcr\\u00fcnler\",\"item\":\"https:\\\/\\\/enermak.com\\\/en\\\/urunler\\\/\",\"nextItem\":{\"@type\":\"ListItem\",\"@id\":\"https:\\\/\\\/enermak.com\\\/en\\\/urunler\\\/kategori\\\/boru-hatlari\\\/#listItem\",\"name\":\"Boru Hatlar\\u0131\"},\"previousItem\":{\"@type\":\"ListItem\",\"@id\":\"https:\\\/\\\/enermak.com\\\/en#listItem\",\"name\":\"Home\"}},{\"@type\":\"ListItem\",\"@id\":\"https:\\\/\\\/enermak.com\\\/en\\\/urunler\\\/kategori\\\/boru-hatlari\\\/#listItem\",\"position\":3,\"name\":\"Boru Hatlar\\u0131\",\"item\":\"https:\\\/\\\/enermak.com\\\/en\\\/urunler\\\/kategori\\\/boru-hatlari\\\/\",\"nextItem\":{\"@type\":\"ListItem\",\"@id\":\"https:\\\/\\\/enermak.com\\\/en\\\/urunler\\\/yuksek-gerilim-voltmetre\\\/#listItem\",\"name\":\"Isotest HV &#8211; Y\\u00fcksek gerilim voltmetre\"},\"previousItem\":{\"@type\":\"ListItem\",\"@id\":\"https:\\\/\\\/enermak.com\\\/en\\\/urunler\\\/#listItem\",\"name\":\"\\u00dcr\\u00fcnler\"}},{\"@type\":\"ListItem\",\"@id\":\"https:\\\/\\\/enermak.com\\\/en\\\/urunler\\\/yuksek-gerilim-voltmetre\\\/#listItem\",\"position\":4,\"name\":\"Isotest HV &#8211; Y\\u00fcksek gerilim voltmetre\",\"previousItem\":{\"@type\":\"ListItem\",\"@id\":\"https:\\\/\\\/enermak.com\\\/en\\\/urunler\\\/kategori\\\/boru-hatlari\\\/#listItem\",\"name\":\"Boru Hatlar\\u0131\"}}]},{\"@type\":\"Organization\",\"@id\":\"https:\\\/\\\/enermak.com\\\/en\\\/#organization\",\"name\":\"Enermak Enerji\",\"description\":\"Yeralt\\u0131ndan Haberler\",\"url\":\"https:\\\/\\\/enermak.com\\\/en\\\/\",\"telephone\":\"+903123851102\",\"logo\":{\"@type\":\"ImageObject\",\"url\":\"https:\\\/\\\/enermak.com\\\/wp-content\\\/uploads\\\/2022\\\/03\\\/logo-tr-1.png\",\"@id\":\"https:\\\/\\\/enermak.com\\\/en\\\/urunler\\\/yuksek-gerilim-voltmetre\\\/#organizationLogo\"},\"image\":{\"@id\":\"https:\\\/\\\/enermak.com\\\/en\\\/urunler\\\/yuksek-gerilim-voltmetre\\\/#organizationLogo\"},\"sameAs\":[\"https:\\\/\\\/www.facebook.com\\\/YERALTINDANHABERLER\\\/\",\"https:\\\/\\\/twitter.com\\\/enerjienermak\",\"https:\\\/\\\/www.instagram.com\\\/enermakenerji\\\/\",\"https:\\\/\\\/www.youtube.com\\\/c\\\/EnermakEnerji\",\"https:\\\/\\\/www.linkedin.com\\\/in\\\/enermak\"]},{\"@type\":\"WebPage\",\"@id\":\"https:\\\/\\\/enermak.com\\\/en\\\/urunler\\\/yuksek-gerilim-voltmetre\\\/#webpage\",\"url\":\"https:\\\/\\\/enermak.com\\\/en\\\/urunler\\\/yuksek-gerilim-voltmetre\\\/\",\"name\":\"Isotest HV \\u2013 Y\\u00fcksek gerilim voltmetre - Enermak Enerji\",\"description\":\"Altyap\\u0131 ve \\u015febeke tespitinde kullanabilece\\u011finiz, profesy\\u00f6nelli\\u011finizi bir ad\\u0131m ileri ta\\u015f\\u0131yacak bir \\u00e7ok \\u00fcr\\u00fcn Enermak Enerji'de. Isotest HV - Y\\u00fcksek gerilim voltmetre\",\"inLanguage\":\"en-US\",\"isPartOf\":{\"@id\":\"https:\\\/\\\/enermak.com\\\/en\\\/#website\"},\"breadcrumb\":{\"@id\":\"https:\\\/\\\/enermak.com\\\/en\\\/urunler\\\/yuksek-gerilim-voltmetre\\\/#breadcrumblist\"},\"image\":{\"@type\":\"ImageObject\",\"url\":\"https:\\\/\\\/enermak.com\\\/wp-content\\\/uploads\\\/2022\\\/04\\\/Isotest-HV-Yuksek-gerilim-voltmetre.jpg\",\"@id\":\"https:\\\/\\\/enermak.com\\\/en\\\/urunler\\\/yuksek-gerilim-voltmetre\\\/#mainImage\",\"width\":518,\"height\":470,\"caption\":\"Isotest HV - Y\\u00fcksek gerilim voltmetre\"},\"primaryImageOfPage\":{\"@id\":\"https:\\\/\\\/enermak.com\\\/en\\\/urunler\\\/yuksek-gerilim-voltmetre\\\/#mainImage\"},\"datePublished\":\"2022-04-27T16:39:10+03:00\",\"dateModified\":\"2026-02-18T15:23:18+03:00\"},{\"@type\":\"WebSite\",\"@id\":\"https:\\\/\\\/enermak.com\\\/en\\\/#website\",\"url\":\"https:\\\/\\\/enermak.com\\\/en\\\/\",\"name\":\"Enermak Enerji\",\"alternateName\":\"Yeralt\\u0131ndan Haberler\",\"description\":\"Yeralt\\u0131ndan Haberler\",\"inLanguage\":\"en-US\",\"publisher\":{\"@id\":\"https:\\\/\\\/enermak.com\\\/en\\\/#organization\"}}]}\n\t\t<\/script>\n\t\t<!-- All in One SEO Pro -->\r\n\t\t<title>Isotest HV \u2013 Y\u00fcksek gerilim voltmetre - Enermak Enerji<\/title>\n\n","aioseo_head_json":{"title":"Isotest HV \u2013 Y\u00fcksek gerilim voltmetre - Enermak Enerji","description":"Altyap\u0131 ve \u015febeke tespitinde kullanabilece\u011finiz, profesy\u00f6nelli\u011finizi bir ad\u0131m ileri ta\u015f\u0131yacak bir \u00e7ok \u00fcr\u00fcn Enermak Enerji'de. Isotest HV - Y\u00fcksek gerilim voltmetre","canonical_url":"https:\/\/enermak.com\/en\/urunler\/yuksek-gerilim-voltmetre\/","robots":"max-snippet:-1, max-image-preview:large, max-video-preview:-1","keywords":"","webmasterTools":{"yandex-verification":"yandex-verification: 61c39bc218eec6a9","miscellaneous":""},"schema":{"@context":"https:\/\/schema.org","@graph":[{"@type":"BreadcrumbList","@id":"https:\/\/enermak.com\/en\/urunler\/yuksek-gerilim-voltmetre\/#breadcrumblist","itemListElement":[{"@type":"ListItem","@id":"https:\/\/enermak.com\/en#listItem","position":1,"name":"Home","item":"https:\/\/enermak.com\/en","nextItem":{"@type":"ListItem","@id":"https:\/\/enermak.com\/en\/urunler\/#listItem","name":"\u00dcr\u00fcnler"}},{"@type":"ListItem","@id":"https:\/\/enermak.com\/en\/urunler\/#listItem","position":2,"name":"\u00dcr\u00fcnler","item":"https:\/\/enermak.com\/en\/urunler\/","nextItem":{"@type":"ListItem","@id":"https:\/\/enermak.com\/en\/urunler\/kategori\/boru-hatlari\/#listItem","name":"Boru Hatlar\u0131"},"previousItem":{"@type":"ListItem","@id":"https:\/\/enermak.com\/en#listItem","name":"Home"}},{"@type":"ListItem","@id":"https:\/\/enermak.com\/en\/urunler\/kategori\/boru-hatlari\/#listItem","position":3,"name":"Boru Hatlar\u0131","item":"https:\/\/enermak.com\/en\/urunler\/kategori\/boru-hatlari\/","nextItem":{"@type":"ListItem","@id":"https:\/\/enermak.com\/en\/urunler\/yuksek-gerilim-voltmetre\/#listItem","name":"Isotest HV &#8211; Y\u00fcksek gerilim voltmetre"},"previousItem":{"@type":"ListItem","@id":"https:\/\/enermak.com\/en\/urunler\/#listItem","name":"\u00dcr\u00fcnler"}},{"@type":"ListItem","@id":"https:\/\/enermak.com\/en\/urunler\/yuksek-gerilim-voltmetre\/#listItem","position":4,"name":"Isotest HV &#8211; Y\u00fcksek gerilim voltmetre","previousItem":{"@type":"ListItem","@id":"https:\/\/enermak.com\/en\/urunler\/kategori\/boru-hatlari\/#listItem","name":"Boru Hatlar\u0131"}}]},{"@type":"Organization","@id":"https:\/\/enermak.com\/en\/#organization","name":"Enermak Enerji","description":"Yeralt\u0131ndan Haberler","url":"https:\/\/enermak.com\/en\/","telephone":"+903123851102","logo":{"@type":"ImageObject","url":"https:\/\/enermak.com\/wp-content\/uploads\/2022\/03\/logo-tr-1.png","@id":"https:\/\/enermak.com\/en\/urunler\/yuksek-gerilim-voltmetre\/#organizationLogo"},"image":{"@id":"https:\/\/enermak.com\/en\/urunler\/yuksek-gerilim-voltmetre\/#organizationLogo"},"sameAs":["https:\/\/www.facebook.com\/YERALTINDANHABERLER\/","https:\/\/twitter.com\/enerjienermak","https:\/\/www.instagram.com\/enermakenerji\/","https:\/\/www.youtube.com\/c\/EnermakEnerji","https:\/\/www.linkedin.com\/in\/enermak"]},{"@type":"WebPage","@id":"https:\/\/enermak.com\/en\/urunler\/yuksek-gerilim-voltmetre\/#webpage","url":"https:\/\/enermak.com\/en\/urunler\/yuksek-gerilim-voltmetre\/","name":"Isotest HV \u2013 Y\u00fcksek gerilim voltmetre - Enermak Enerji","description":"Altyap\u0131 ve \u015febeke tespitinde kullanabilece\u011finiz, profesy\u00f6nelli\u011finizi bir ad\u0131m ileri ta\u015f\u0131yacak bir \u00e7ok \u00fcr\u00fcn Enermak Enerji'de. Isotest HV - Y\u00fcksek gerilim voltmetre","inLanguage":"en-US","isPartOf":{"@id":"https:\/\/enermak.com\/en\/#website"},"breadcrumb":{"@id":"https:\/\/enermak.com\/en\/urunler\/yuksek-gerilim-voltmetre\/#breadcrumblist"},"image":{"@type":"ImageObject","url":"https:\/\/enermak.com\/wp-content\/uploads\/2022\/04\/Isotest-HV-Yuksek-gerilim-voltmetre.jpg","@id":"https:\/\/enermak.com\/en\/urunler\/yuksek-gerilim-voltmetre\/#mainImage","width":518,"height":470,"caption":"Isotest HV - Y\u00fcksek gerilim voltmetre"},"primaryImageOfPage":{"@id":"https:\/\/enermak.com\/en\/urunler\/yuksek-gerilim-voltmetre\/#mainImage"},"datePublished":"2022-04-27T16:39:10+03:00","dateModified":"2026-02-18T15:23:18+03:00"},{"@type":"WebSite","@id":"https:\/\/enermak.com\/en\/#website","url":"https:\/\/enermak.com\/en\/","name":"Enermak Enerji","alternateName":"Yeralt\u0131ndan Haberler","description":"Yeralt\u0131ndan Haberler","inLanguage":"en-US","publisher":{"@id":"https:\/\/enermak.com\/en\/#organization"}}]},"og:locale":"en_US","og:site_name":"Enermak Enerji - Yeralt\u0131ndan Haberler","og:type":"article","og:title":"Isotest HV \u2013 Y\u00fcksek gerilim voltmetre - Enermak Enerji","og:description":"Altyap\u0131 ve \u015febeke tespitinde kullanabilece\u011finiz, profesy\u00f6nelli\u011finizi bir ad\u0131m ileri ta\u015f\u0131yacak bir \u00e7ok \u00fcr\u00fcn Enermak Enerji'de. Isotest HV - Y\u00fcksek gerilim voltmetre","og:url":"https:\/\/enermak.com\/en\/urunler\/yuksek-gerilim-voltmetre\/","og:image":"https:\/\/enermak.com\/wp-content\/uploads\/2022\/03\/logo-tr-1.png","og:image:secure_url":"https:\/\/enermak.com\/wp-content\/uploads\/2022\/03\/logo-tr-1.png","article:published_time":"2022-04-27T13:39:10+00:00","article:modified_time":"2026-02-18T12:23:18+00:00","article:publisher":"https:\/\/www.facebook.com\/YERALTINDANHABERLER\/","twitter:card":"summary_large_image","twitter:site":"@enerjienermak","twitter:title":"Isotest HV \u2013 Y\u00fcksek gerilim voltmetre - Enermak Enerji","twitter:description":"Altyap\u0131 ve \u015febeke tespitinde kullanabilece\u011finiz, profesy\u00f6nelli\u011finizi bir ad\u0131m ileri ta\u015f\u0131yacak bir \u00e7ok \u00fcr\u00fcn Enermak Enerji'de. Isotest HV - Y\u00fcksek gerilim voltmetre","twitter:image":"https:\/\/enermak.com\/wp-content\/uploads\/2022\/03\/logo-tr-1.png"},"aioseo_meta_data":{"post_id":"8389","title":null,"description":"Altyap\u0131 ve \u015febeke tespitinde kullanabilece\u011finiz, profesy\u00f6nelli\u011finizi bir ad\u0131m ileri ta\u015f\u0131yacak bir \u00e7ok \u00fcr\u00fcn Enermak Enerji'de. Isotest HV - Y\u00fcksek gerilim voltmetre","keywords":null,"keyphrases":{"focus":{"keyphrase":"Y\u00fcksek gerilim voltmetre","analysis":{"keyphraseInTitle":{"score":9,"maxScore":9,"error":0},"keyphraseInDescription":{"score":9,"maxScore":9,"error":0},"keyphraseLength":{"score":9,"maxScore":9,"error":0,"length":4},"keyphraseInURL":{"score":5,"maxScore":5,"error":0},"keyphraseInIntroduction":{"score":3,"maxScore":9,"error":1},"keyphraseInSubHeadings":{"score":9,"maxScore":9,"error":0},"keyphraseInImageAlt":{"score":9,"maxScore":9,"error":0},"keywordDensity":{"type":"best","score":9,"maxScore":9,"error":0}},"score":91},"additional":[]},"primary_term":null,"canonical_url":null,"og_title":null,"og_description":null,"og_object_type":"default","og_image_type":"default","og_image_url":null,"og_image_width":null,"og_image_height":null,"og_image_custom_url":null,"og_image_custom_fields":null,"og_video":"","og_custom_url":null,"og_article_section":null,"og_article_tags":null,"twitter_use_og":false,"twitter_card":"default","twitter_image_type":"default","twitter_image_url":null,"twitter_image_custom_url":null,"twitter_image_custom_fields":null,"twitter_title":null,"twitter_description":null,"schema":{"blockGraphs":[],"customGraphs":[],"default":{"data":{"Article":[],"Course":[],"Dataset":[],"FAQPage":[],"Movie":[],"Person":[],"Product":[],"ProductReview":[],"Car":[],"Recipe":[],"Service":[],"SoftwareApplication":[],"WebPage":[]},"graphName":"ItemPage","isEnabled":false},"graphs":[]},"schema_type":"default","schema_type_options":null,"pillar_content":false,"robots_default":false,"robots_noindex":false,"robots_noarchive":false,"robots_nosnippet":false,"robots_nofollow":false,"robots_noimageindex":false,"robots_noodp":false,"robots_notranslate":false,"robots_max_snippet":"-1","robots_max_videopreview":"-1","robots_max_imagepreview":"large","priority":null,"frequency":"default","local_seo":null,"seo_analyzer_scan_date":"2026-02-18 12:38:09","breadcrumb_settings":null,"limit_modified_date":false,"reviewed_by":null,"open_ai":"{\"title\":{\"suggestions\":[],\"usage\":0},\"description\":{\"suggestions\":[],\"usage\":0}}","ai":{"faqs":[],"keyPoints":[],"titles":[],"descriptions":[],"socialPosts":{"email":[],"linkedin":[],"twitter":[],"facebook":[],"instagram":[]}},"created":"2022-09-12 10:40:47","updated":"2026-02-18 12:38:09"},"aioseo_breadcrumb":"<div class=\"aioseo-breadcrumbs\"><span class=\"aioseo-breadcrumb\">\n\t<a href=\"https:\/\/enermak.com\/en\" title=\"Home\">Home<\/a>\n<\/span><span class=\"aioseo-breadcrumb-separator\">\u00bb<\/span><span class=\"aioseo-breadcrumb\">\n\t<a href=\"https:\/\/enermak.com\/en\/urunler\/\" title=\"\u00dcr\u00fcnler\">\u00dcr\u00fcnler<\/a>\n<\/span><span class=\"aioseo-breadcrumb-separator\">\u00bb<\/span><span class=\"aioseo-breadcrumb\">\n\t<a href=\"https:\/\/enermak.com\/en\/urunler\/kategori\/boru-hatlari\/\" title=\"Boru Hatlar\u0131\">Boru Hatlar\u0131<\/a>\n<\/span><span class=\"aioseo-breadcrumb-separator\">\u00bb<\/span><span class=\"aioseo-breadcrumb\">\n\tIsotest HV \u2013 Y\u00fcksek gerilim voltmetre\n<\/span><\/div>","aioseo_breadcrumb_json":[{"label":"Home","link":"https:\/\/enermak.com\/en"},{"label":"\u00dcr\u00fcnler","link":"https:\/\/enermak.com\/en\/urunler\/"},{"label":"Boru Hatlar\u0131","link":"https:\/\/enermak.com\/en\/urunler\/kategori\/boru-hatlari\/"},{"label":"Isotest HV &#8211; Y\u00fcksek gerilim voltmetre","link":"https:\/\/enermak.com\/en\/urunler\/yuksek-gerilim-voltmetre\/"}],"_links":{"self":[{"href":"https:\/\/enermak.com\/en\/wp-json\/wp\/v2\/product\/8389","targetHints":{"allow":["GET"]}}],"collection":[{"href":"https:\/\/enermak.com\/en\/wp-json\/wp\/v2\/product"}],"about":[{"href":"https:\/\/enermak.com\/en\/wp-json\/wp\/v2\/types\/product"}],"version-history":[{"count":0,"href":"https:\/\/enermak.com\/en\/wp-json\/wp\/v2\/product\/8389\/revisions"}],"wp:featuredmedia":[{"embeddable":true,"href":"https:\/\/enermak.com\/en\/wp-json\/wp\/v2\/media\/32061"}],"wp:attachment":[{"href":"https:\/\/enermak.com\/en\/wp-json\/wp\/v2\/media?parent=8389"}],"wp:term":[{"taxonomy":"product_brand","embeddable":true,"href":"https:\/\/enermak.com\/en\/wp-json\/wp\/v2\/product_brand?post=8389"},{"taxonomy":"product_cat","embeddable":true,"href":"https:\/\/enermak.com\/en\/wp-json\/wp\/v2\/product_cat?post=8389"},{"taxonomy":"product_tag","embeddable":true,"href":"https:\/\/enermak.com\/en\/wp-json\/wp\/v2\/product_tag?post=8389"},{"taxonomy":"product_brands","embeddable":true,"href":"https:\/\/enermak.com\/en\/wp-json\/wp\/v2\/product_brands?post=8389"}],"curies":[{"name":"wp","href":"https:\/\/api.w.org\/{rel}","templated":true}]}}