{"id":8371,"date":"2022-04-27T15:47:00","date_gmt":"2022-04-27T12:47:00","guid":{"rendered":"http:\/\/isimmedya.com\/?post_type=product&#038;p=8371"},"modified":"2026-02-18T15:34:44","modified_gmt":"2026-02-18T12:34:44","slug":"biyogaz-membran-sistemleri","status":"publish","type":"product","link":"https:\/\/enermak.com\/en\/urunler\/biyogaz-membran-sistemleri\/","title":{"rendered":"Biyogaz Membran Sistemleri"},"content":{"rendered":"<h2 class=\"wp-block-heading has-medium-font-size\"><span style=\"color: #000000;\">Biyogaz Membran Sistemleri<\/span><\/h2>\n<p><span style=\"color: #000000;\"><strong>Biyogaz ve At\u0131ksu Tesisleri \u0130\u00e7in Membran Sistemleri<\/strong><\/span><\/p>\n<p><span style=\"color: #000000;\">Membranlar biyogaz tesislerinden \u00e7\u0131kan biyogaz\u0131n depolanmas\u0131 i\u00e7in kullan\u0131lan gaz tutucu sistemlerdir. Membranlar genellikle i\u00e7 i\u00e7e ge\u00e7irilmi\u015f \u015fekilde olu\u015fmaktad\u0131r. Biyogaz\u2019\u0131n depoland\u0131\u011f\u0131 yere i\u00e7 membran ,d\u0131\u015f membran ise d\u0131\u015f etkenlere kar\u015f\u0131 i\u00e7 membrana koruma sa\u011flamaktad\u0131r .\u0130\u00e7 membran ve d\u0131\u015f membran aras\u0131nda bir hava bo\u015flu\u011fu bulunmak zorundad\u0131r bu\u00a0 hava bo\u015flu\u011fu hava fanlar\u0131 sayesinde pvc kapl\u0131 membran\u0131n sabit \u015fekilde durmas\u0131n\u0131 sa\u011flamaktad\u0131r.<\/span><\/p>\n<h2 class=\"wp-block-heading has-medium-font-size\"><span style=\"color: #000000;\"><strong>Membranlar\u0131n \u00fcretim \u015fekli :<\/strong><\/span><\/h2>\n<p><span style=\"color: #000000;\"><strong>D\u00fcnyada membranlar 2 tip \u00fcretilmektedir.<\/strong><\/span><\/p>\n<p><span style=\"color: #000000;\">\u2705 High frequency welded (Y\u00fcksek S\u0131kl\u0131kta Kaynak)<\/span><br \/>\n<span style=\"color: #000000;\">\u2705 Air welded \u00a0\u00a0(Hava Kaynakl\u0131)<\/span><\/p>\n<p><span style=\"color: #000000;\">High Frequency welded membranlar bu\u00a0 konuda ihtisasla\u015fabilen m\u00fchendislik ve arge k\u0131sm\u0131 b\u00fcy\u00fck olan firmalar taraf\u0131ndan \u00fcretilebilir. Maliyeti daha y\u00fcksektir sebebi membranlarda s\u0131zd\u0131rmazl\u0131k en \u00fcst seviyede olmakla birlikte zor\u00a0 hava \u015fartlar\u0131 olan b\u00f6lgeler i\u00e7in kullan\u0131lmaktad\u0131r.<\/span><\/p>\n<p><span style=\"color: #000000;\">Bu tip membranlar Eurocode 1 belgesine sahiptir. Eurocode 1 belgesi olmayan membranlar zor hava \u015fartlar\u0131na dayan\u0131kl\u0131k sa\u011flayamaz ve membranlarda y\u0131rt\u0131lma, kopmalara sebep olmaktad\u0131r.<\/span><\/p>\n<p><span style=\"color: #000000;\">Air welded membranlar zor hava \u015fartlar\u0131na kar\u015f\u0131 dayan\u0131m\u0131 olduk\u00e7a d\u00fc\u015f\u00fckt\u00fcr ve uzun \u00f6m\u00fcrl\u00fc verim sa\u011flamaz.Karasal iklim ve \u00e7ok r\u00fczgarl\u0131 alanlarda kullan\u0131m\u0131 olduk\u00e7a zordur.<\/span><\/p>\n<p><span style=\"color: #000000;\">Membrane Europe d\u00fcnyada en y\u00fcksek seviyede koruma sa\u011flayan membrand\u0131r. Zor hava \u015fartlar\u0131 i\u00e7in \u00f6zel olarak \u00fcretilerek m\u00fc\u015fteriye sunulmaktad\u0131r.<\/span><\/p>\n<p><span style=\"color: #000000;\">Membranlar\u0131n \u00fcretimi esnas\u0131nda membranlar radial veya pararel olarak \u00fcretilir.<\/span><\/p>\n<p><span style=\"color: #000000;\">D\u00fcnyada tek pararel dizayn \u00fcretimi yapabilen firma\u00a0<strong>Membrane Europe\u2019<\/strong>dur.<\/span><\/p>\n<h2 class=\"wp-block-heading has-medium-font-size\"><span style=\"color: #000000;\"><strong>Neden Europe Membrane ?<\/strong><\/span><\/h2>\n<p><span style=\"color: #000000;\">\u2705High Frequency welded \u00fcretim yapar<\/span><br \/>\n<span style=\"color: #000000;\">\u2705Kar y\u00fck\u00fc ve r\u00fczgar dayan\u0131m de\u011ferlerini en \u00e7ok sa\u011flayabilen firmad\u0131r.<\/span><br \/>\n<span style=\"color: #000000;\">\u2705D\u00fcnyada paralel tip membran \u00fcretimi yapabilen tek firmad\u0131r. Di\u011fer firmalar\u0131n hepsi radial\u00a0 \u00fcretim yapmaktad\u0131r.<\/span><br \/>\n<span style=\"color: #000000;\">\u2705Eurocode 1 (Germany DIN 1055) belgesi olan d\u00fcnyadaki 3 membran firmas\u0131ndan bir tanesidir.<\/span><\/p>","protected":false},"excerpt":{"rendered":"<h2 class=\"wp-block-heading has-medium-font-size\"><span style=\"color: #000000;\">Biyogaz Membran Sistemleri<\/span><\/h2>\n<p><span style=\"color: #000000;\"><strong>Biyogaz ve At\u0131ksu Tesisleri \u0130\u00e7in Membran Sistemleri<\/strong><\/span><\/p>\n<p><span style=\"color: #000000;\">Membranlar biyogaz tesislerinden \u00e7\u0131kan biyogaz\u0131n depolanmas\u0131 i\u00e7in kullan\u0131lan gaz tutucu sistemlerdir. Membranlar genellikle i\u00e7 i\u00e7e ge\u00e7irilmi\u015f \u015fekilde olu\u015fmaktad\u0131r. Biyogaz\u2019\u0131n depoland\u0131\u011f\u0131 yere i\u00e7 membran ,d\u0131\u015f membran ise d\u0131\u015f etkenlere kar\u015f\u0131 i\u00e7 membrana koruma sa\u011flamaktad\u0131r .\u0130\u00e7 membran ve d\u0131\u015f membran aras\u0131nda bir hava bo\u015flu\u011fu bulunmak zorundad\u0131r bu\u00a0 hava bo\u015flu\u011fu hava fanlar\u0131 sayesinde pvc kapl\u0131 membran\u0131n sabit \u015fekilde durmas\u0131n\u0131 sa\u011flamaktad\u0131r.<\/span><\/p>","protected":false},"featured_media":32312,"template":"","meta":{"_bst_post_transparent":"default","_bst_post_title":"","_bst_post_layout":"default","_bst_post_sidebar_id":"","_bst_post_content_style":"default","_bst_post_vertical_padding":"default","_bst_post_feature":"","_bst_post_feature_position":"","_bst_post_header":false,"_bst_post_footer":false},"product_brand":[],"product_cat":[144],"product_tag":[661,669,665,666,667,662,664],"product_brands":[],"class_list":{"0":"post-8371","1":"product","2":"type-product","3":"status-publish","4":"has-post-thumbnail","6":"product_cat-biyogaz-ekipmanlari","7":"product_tag-biyogaz","8":"product_tag-biyogaz-ekipmanlari","9":"product_tag-eurocode-1","10":"product_tag-germany-din-1055","11":"product_tag-high-frequency","12":"product_tag-membran","13":"product_tag-membrane-europe","15":"first","16":"instock","17":"shipping-taxable","18":"product-type-simple","19":"entry","20":"content-bg","21":"loop-entry"},"aioseo_notices":[],"aioseo_head":"\n\t\t<!-- All in One SEO Pro 4.9.6.2 - aioseo.com -->\n\t<meta name=\"description\" content=\"Altyap\u0131 ve \u015febeke tespitinde kullanabilece\u011finiz, profesy\u00f6nelli\u011finizi bir ad\u0131m ileri ta\u015f\u0131yacak bir \u00e7ok \u00fcr\u00fcn Enermak Enerji&#039;de. Biyogaz Membran Sistemleri\" \/>\n\t<meta name=\"robots\" content=\"max-snippet:-1, max-image-preview:large, max-video-preview:-1\" \/>\n\t<meta name=\"yandex-verification\" content=\"yandex-verification: 61c39bc218eec6a9\" \/>\n\t<link rel=\"canonical\" href=\"https:\/\/enermak.com\/en\/urunler\/biyogaz-membran-sistemleri\/\" \/>\n\t<meta name=\"generator\" content=\"All in One SEO Pro (AIOSEO) 4.9.6.2\" \/>\n\t\t<meta property=\"og:locale\" content=\"en_US\" \/>\n\t\t<meta property=\"og:site_name\" content=\"Enermak Enerji - Yeralt\u0131ndan Haberler\" \/>\n\t\t<meta property=\"og:type\" content=\"article\" \/>\n\t\t<meta property=\"og:title\" content=\"Biyogaz Membran Sistemleri - Enermak Enerji\" \/>\n\t\t<meta property=\"og:description\" content=\"Altyap\u0131 ve \u015febeke tespitinde kullanabilece\u011finiz, profesy\u00f6nelli\u011finizi bir ad\u0131m ileri ta\u015f\u0131yacak bir \u00e7ok \u00fcr\u00fcn Enermak Enerji&#039;de. Biyogaz Membran Sistemleri\" \/>\n\t\t<meta property=\"og:url\" content=\"https:\/\/enermak.com\/en\/urunler\/biyogaz-membran-sistemleri\/\" \/>\n\t\t<meta property=\"og:image\" content=\"https:\/\/enermak.com\/wp-content\/uploads\/2022\/03\/logo-tr-1.png\" \/>\n\t\t<meta property=\"og:image:secure_url\" content=\"https:\/\/enermak.com\/wp-content\/uploads\/2022\/03\/logo-tr-1.png\" \/>\n\t\t<meta property=\"article:published_time\" content=\"2022-04-27T12:47:00+00:00\" \/>\n\t\t<meta property=\"article:modified_time\" content=\"2026-02-18T12:34:44+00:00\" \/>\n\t\t<meta property=\"article:publisher\" content=\"https:\/\/www.facebook.com\/YERALTINDANHABERLER\/\" \/>\n\t\t<meta name=\"twitter:card\" content=\"summary_large_image\" \/>\n\t\t<meta name=\"twitter:site\" content=\"@enerjienermak\" \/>\n\t\t<meta name=\"twitter:title\" content=\"Biyogaz Membran Sistemleri - Enermak Enerji\" \/>\n\t\t<meta name=\"twitter:description\" content=\"Altyap\u0131 ve \u015febeke tespitinde kullanabilece\u011finiz, profesy\u00f6nelli\u011finizi bir ad\u0131m ileri ta\u015f\u0131yacak bir \u00e7ok \u00fcr\u00fcn Enermak Enerji&#039;de. Biyogaz Membran Sistemleri\" \/>\n\t\t<meta name=\"twitter:image\" content=\"https:\/\/enermak.com\/wp-content\/uploads\/2022\/03\/logo-tr-1.png\" \/>\n\t\t<script type=\"application\/ld+json\" class=\"aioseo-schema\">\n\t\t\t{\"@context\":\"https:\\\/\\\/schema.org\",\"@graph\":[{\"@type\":\"BreadcrumbList\",\"@id\":\"https:\\\/\\\/enermak.com\\\/en\\\/urunler\\\/biyogaz-membran-sistemleri\\\/#breadcrumblist\",\"itemListElement\":[{\"@type\":\"ListItem\",\"@id\":\"https:\\\/\\\/enermak.com\\\/en#listItem\",\"position\":1,\"name\":\"Home\",\"item\":\"https:\\\/\\\/enermak.com\\\/en\",\"nextItem\":{\"@type\":\"ListItem\",\"@id\":\"https:\\\/\\\/enermak.com\\\/en\\\/urunler\\\/#listItem\",\"name\":\"\\u00dcr\\u00fcnler\"}},{\"@type\":\"ListItem\",\"@id\":\"https:\\\/\\\/enermak.com\\\/en\\\/urunler\\\/#listItem\",\"position\":2,\"name\":\"\\u00dcr\\u00fcnler\",\"item\":\"https:\\\/\\\/enermak.com\\\/en\\\/urunler\\\/\",\"nextItem\":{\"@type\":\"ListItem\",\"@id\":\"https:\\\/\\\/enermak.com\\\/en\\\/urunler\\\/kategori\\\/biyogaz-ekipmanlari\\\/#listItem\",\"name\":\"Biyogaz Ekipmanlar\\u0131\"},\"previousItem\":{\"@type\":\"ListItem\",\"@id\":\"https:\\\/\\\/enermak.com\\\/en#listItem\",\"name\":\"Home\"}},{\"@type\":\"ListItem\",\"@id\":\"https:\\\/\\\/enermak.com\\\/en\\\/urunler\\\/kategori\\\/biyogaz-ekipmanlari\\\/#listItem\",\"position\":3,\"name\":\"Biyogaz Ekipmanlar\\u0131\",\"item\":\"https:\\\/\\\/enermak.com\\\/en\\\/urunler\\\/kategori\\\/biyogaz-ekipmanlari\\\/\",\"nextItem\":{\"@type\":\"ListItem\",\"@id\":\"https:\\\/\\\/enermak.com\\\/en\\\/urunler\\\/biyogaz-membran-sistemleri\\\/#listItem\",\"name\":\"Biyogaz Membran Sistemleri\"},\"previousItem\":{\"@type\":\"ListItem\",\"@id\":\"https:\\\/\\\/enermak.com\\\/en\\\/urunler\\\/#listItem\",\"name\":\"\\u00dcr\\u00fcnler\"}},{\"@type\":\"ListItem\",\"@id\":\"https:\\\/\\\/enermak.com\\\/en\\\/urunler\\\/biyogaz-membran-sistemleri\\\/#listItem\",\"position\":4,\"name\":\"Biyogaz Membran Sistemleri\",\"previousItem\":{\"@type\":\"ListItem\",\"@id\":\"https:\\\/\\\/enermak.com\\\/en\\\/urunler\\\/kategori\\\/biyogaz-ekipmanlari\\\/#listItem\",\"name\":\"Biyogaz Ekipmanlar\\u0131\"}}]},{\"@type\":\"ItemPage\",\"@id\":\"https:\\\/\\\/enermak.com\\\/en\\\/urunler\\\/biyogaz-membran-sistemleri\\\/#itempage\",\"url\":\"https:\\\/\\\/enermak.com\\\/en\\\/urunler\\\/biyogaz-membran-sistemleri\\\/\",\"name\":\"Biyogaz Membran Sistemleri - Enermak Enerji\",\"description\":\"Altyap\\u0131 ve \\u015febeke tespitinde kullanabilece\\u011finiz, profesy\\u00f6nelli\\u011finizi bir ad\\u0131m ileri ta\\u015f\\u0131yacak bir \\u00e7ok \\u00fcr\\u00fcn Enermak Enerji'de. Biyogaz Membran Sistemleri\",\"inLanguage\":\"en-US\",\"isPartOf\":{\"@id\":\"https:\\\/\\\/enermak.com\\\/en\\\/#website\"},\"breadcrumb\":{\"@id\":\"https:\\\/\\\/enermak.com\\\/en\\\/urunler\\\/biyogaz-membran-sistemleri\\\/#breadcrumblist\"},\"image\":{\"@type\":\"ImageObject\",\"url\":\"https:\\\/\\\/enermak.com\\\/wp-content\\\/uploads\\\/2022\\\/04\\\/Biyogaz-Membran-Sistemleri-1.jpg\",\"@id\":\"https:\\\/\\\/enermak.com\\\/en\\\/urunler\\\/biyogaz-membran-sistemleri\\\/#mainImage\",\"width\":600,\"height\":600,\"caption\":\"Biyogaz Membran Sistemleri\"},\"primaryImageOfPage\":{\"@id\":\"https:\\\/\\\/enermak.com\\\/en\\\/urunler\\\/biyogaz-membran-sistemleri\\\/#mainImage\"},\"datePublished\":\"2022-04-27T15:47:00+03:00\",\"dateModified\":\"2026-02-18T15:34:44+03:00\"},{\"@type\":\"Organization\",\"@id\":\"https:\\\/\\\/enermak.com\\\/en\\\/#organization\",\"name\":\"Enermak Enerji\",\"description\":\"Yeralt\\u0131ndan Haberler\",\"url\":\"https:\\\/\\\/enermak.com\\\/en\\\/\",\"telephone\":\"+903123851102\",\"logo\":{\"@type\":\"ImageObject\",\"url\":\"https:\\\/\\\/enermak.com\\\/wp-content\\\/uploads\\\/2022\\\/03\\\/logo-tr-1.png\",\"@id\":\"https:\\\/\\\/enermak.com\\\/en\\\/urunler\\\/biyogaz-membran-sistemleri\\\/#organizationLogo\"},\"image\":{\"@id\":\"https:\\\/\\\/enermak.com\\\/en\\\/urunler\\\/biyogaz-membran-sistemleri\\\/#organizationLogo\"},\"sameAs\":[\"https:\\\/\\\/www.facebook.com\\\/YERALTINDANHABERLER\\\/\",\"https:\\\/\\\/twitter.com\\\/enerjienermak\",\"https:\\\/\\\/www.instagram.com\\\/enermakenerji\\\/\",\"https:\\\/\\\/www.youtube.com\\\/c\\\/EnermakEnerji\",\"https:\\\/\\\/www.linkedin.com\\\/in\\\/enermak\"]},{\"@type\":\"WebPage\",\"@id\":\"https:\\\/\\\/enermak.com\\\/en\\\/urunler\\\/biyogaz-membran-sistemleri\\\/#webpage\",\"url\":\"https:\\\/\\\/enermak.com\\\/en\\\/urunler\\\/biyogaz-membran-sistemleri\\\/\",\"name\":\"Biyogaz Membran Sistemleri - Enermak Enerji\",\"description\":\"Altyap\\u0131 ve \\u015febeke tespitinde kullanabilece\\u011finiz, profesy\\u00f6nelli\\u011finizi bir ad\\u0131m ileri ta\\u015f\\u0131yacak bir \\u00e7ok \\u00fcr\\u00fcn Enermak Enerji'de. Biyogaz Membran Sistemleri\",\"inLanguage\":\"en-US\",\"isPartOf\":{\"@id\":\"https:\\\/\\\/enermak.com\\\/en\\\/#website\"},\"breadcrumb\":{\"@id\":\"https:\\\/\\\/enermak.com\\\/en\\\/urunler\\\/biyogaz-membran-sistemleri\\\/#breadcrumblist\"},\"image\":{\"@type\":\"ImageObject\",\"url\":\"https:\\\/\\\/enermak.com\\\/wp-content\\\/uploads\\\/2022\\\/04\\\/Biyogaz-Membran-Sistemleri-1.jpg\",\"@id\":\"https:\\\/\\\/enermak.com\\\/en\\\/urunler\\\/biyogaz-membran-sistemleri\\\/#mainImage\",\"width\":600,\"height\":600,\"caption\":\"Biyogaz Membran Sistemleri\"},\"primaryImageOfPage\":{\"@id\":\"https:\\\/\\\/enermak.com\\\/en\\\/urunler\\\/biyogaz-membran-sistemleri\\\/#mainImage\"},\"datePublished\":\"2022-04-27T15:47:00+03:00\",\"dateModified\":\"2026-02-18T15:34:44+03:00\"},{\"@type\":\"WebSite\",\"@id\":\"https:\\\/\\\/enermak.com\\\/en\\\/#website\",\"url\":\"https:\\\/\\\/enermak.com\\\/en\\\/\",\"name\":\"Enermak Enerji\",\"alternateName\":\"Yeralt\\u0131ndan Haberler\",\"description\":\"Yeralt\\u0131ndan Haberler\",\"inLanguage\":\"en-US\",\"publisher\":{\"@id\":\"https:\\\/\\\/enermak.com\\\/en\\\/#organization\"}}]}\n\t\t<\/script>\n\t\t<!-- All in One SEO Pro -->\r\n\t\t<title>Biyogaz Membran Sistemleri - Enermak Enerji<\/title>\n\n","aioseo_head_json":{"title":"Biyogaz Membran Sistemleri - Enermak Enerji","description":"Altyap\u0131 ve \u015febeke tespitinde kullanabilece\u011finiz, profesy\u00f6nelli\u011finizi bir ad\u0131m ileri ta\u015f\u0131yacak bir \u00e7ok \u00fcr\u00fcn Enermak Enerji'de. Biyogaz Membran Sistemleri","canonical_url":"https:\/\/enermak.com\/en\/urunler\/biyogaz-membran-sistemleri\/","robots":"max-snippet:-1, max-image-preview:large, max-video-preview:-1","keywords":"","webmasterTools":{"yandex-verification":"yandex-verification: 61c39bc218eec6a9","miscellaneous":""},"schema":{"@context":"https:\/\/schema.org","@graph":[{"@type":"BreadcrumbList","@id":"https:\/\/enermak.com\/en\/urunler\/biyogaz-membran-sistemleri\/#breadcrumblist","itemListElement":[{"@type":"ListItem","@id":"https:\/\/enermak.com\/en#listItem","position":1,"name":"Home","item":"https:\/\/enermak.com\/en","nextItem":{"@type":"ListItem","@id":"https:\/\/enermak.com\/en\/urunler\/#listItem","name":"\u00dcr\u00fcnler"}},{"@type":"ListItem","@id":"https:\/\/enermak.com\/en\/urunler\/#listItem","position":2,"name":"\u00dcr\u00fcnler","item":"https:\/\/enermak.com\/en\/urunler\/","nextItem":{"@type":"ListItem","@id":"https:\/\/enermak.com\/en\/urunler\/kategori\/biyogaz-ekipmanlari\/#listItem","name":"Biyogaz Ekipmanlar\u0131"},"previousItem":{"@type":"ListItem","@id":"https:\/\/enermak.com\/en#listItem","name":"Home"}},{"@type":"ListItem","@id":"https:\/\/enermak.com\/en\/urunler\/kategori\/biyogaz-ekipmanlari\/#listItem","position":3,"name":"Biyogaz Ekipmanlar\u0131","item":"https:\/\/enermak.com\/en\/urunler\/kategori\/biyogaz-ekipmanlari\/","nextItem":{"@type":"ListItem","@id":"https:\/\/enermak.com\/en\/urunler\/biyogaz-membran-sistemleri\/#listItem","name":"Biyogaz Membran Sistemleri"},"previousItem":{"@type":"ListItem","@id":"https:\/\/enermak.com\/en\/urunler\/#listItem","name":"\u00dcr\u00fcnler"}},{"@type":"ListItem","@id":"https:\/\/enermak.com\/en\/urunler\/biyogaz-membran-sistemleri\/#listItem","position":4,"name":"Biyogaz Membran Sistemleri","previousItem":{"@type":"ListItem","@id":"https:\/\/enermak.com\/en\/urunler\/kategori\/biyogaz-ekipmanlari\/#listItem","name":"Biyogaz Ekipmanlar\u0131"}}]},{"@type":"ItemPage","@id":"https:\/\/enermak.com\/en\/urunler\/biyogaz-membran-sistemleri\/#itempage","url":"https:\/\/enermak.com\/en\/urunler\/biyogaz-membran-sistemleri\/","name":"Biyogaz Membran Sistemleri - Enermak Enerji","description":"Altyap\u0131 ve \u015febeke tespitinde kullanabilece\u011finiz, profesy\u00f6nelli\u011finizi bir ad\u0131m ileri ta\u015f\u0131yacak bir \u00e7ok \u00fcr\u00fcn Enermak Enerji'de. Biyogaz Membran Sistemleri","inLanguage":"en-US","isPartOf":{"@id":"https:\/\/enermak.com\/en\/#website"},"breadcrumb":{"@id":"https:\/\/enermak.com\/en\/urunler\/biyogaz-membran-sistemleri\/#breadcrumblist"},"image":{"@type":"ImageObject","url":"https:\/\/enermak.com\/wp-content\/uploads\/2022\/04\/Biyogaz-Membran-Sistemleri-1.jpg","@id":"https:\/\/enermak.com\/en\/urunler\/biyogaz-membran-sistemleri\/#mainImage","width":600,"height":600,"caption":"Biyogaz Membran Sistemleri"},"primaryImageOfPage":{"@id":"https:\/\/enermak.com\/en\/urunler\/biyogaz-membran-sistemleri\/#mainImage"},"datePublished":"2022-04-27T15:47:00+03:00","dateModified":"2026-02-18T15:34:44+03:00"},{"@type":"Organization","@id":"https:\/\/enermak.com\/en\/#organization","name":"Enermak Enerji","description":"Yeralt\u0131ndan Haberler","url":"https:\/\/enermak.com\/en\/","telephone":"+903123851102","logo":{"@type":"ImageObject","url":"https:\/\/enermak.com\/wp-content\/uploads\/2022\/03\/logo-tr-1.png","@id":"https:\/\/enermak.com\/en\/urunler\/biyogaz-membran-sistemleri\/#organizationLogo"},"image":{"@id":"https:\/\/enermak.com\/en\/urunler\/biyogaz-membran-sistemleri\/#organizationLogo"},"sameAs":["https:\/\/www.facebook.com\/YERALTINDANHABERLER\/","https:\/\/twitter.com\/enerjienermak","https:\/\/www.instagram.com\/enermakenerji\/","https:\/\/www.youtube.com\/c\/EnermakEnerji","https:\/\/www.linkedin.com\/in\/enermak"]},{"@type":"WebPage","@id":"https:\/\/enermak.com\/en\/urunler\/biyogaz-membran-sistemleri\/#webpage","url":"https:\/\/enermak.com\/en\/urunler\/biyogaz-membran-sistemleri\/","name":"Biyogaz Membran Sistemleri - Enermak Enerji","description":"Altyap\u0131 ve \u015febeke tespitinde kullanabilece\u011finiz, profesy\u00f6nelli\u011finizi bir ad\u0131m ileri ta\u015f\u0131yacak bir \u00e7ok \u00fcr\u00fcn Enermak Enerji'de. Biyogaz Membran Sistemleri","inLanguage":"en-US","isPartOf":{"@id":"https:\/\/enermak.com\/en\/#website"},"breadcrumb":{"@id":"https:\/\/enermak.com\/en\/urunler\/biyogaz-membran-sistemleri\/#breadcrumblist"},"image":{"@type":"ImageObject","url":"https:\/\/enermak.com\/wp-content\/uploads\/2022\/04\/Biyogaz-Membran-Sistemleri-1.jpg","@id":"https:\/\/enermak.com\/en\/urunler\/biyogaz-membran-sistemleri\/#mainImage","width":600,"height":600,"caption":"Biyogaz Membran Sistemleri"},"primaryImageOfPage":{"@id":"https:\/\/enermak.com\/en\/urunler\/biyogaz-membran-sistemleri\/#mainImage"},"datePublished":"2022-04-27T15:47:00+03:00","dateModified":"2026-02-18T15:34:44+03:00"},{"@type":"WebSite","@id":"https:\/\/enermak.com\/en\/#website","url":"https:\/\/enermak.com\/en\/","name":"Enermak Enerji","alternateName":"Yeralt\u0131ndan Haberler","description":"Yeralt\u0131ndan Haberler","inLanguage":"en-US","publisher":{"@id":"https:\/\/enermak.com\/en\/#organization"}}]},"og:locale":"en_US","og:site_name":"Enermak Enerji - Yeralt\u0131ndan Haberler","og:type":"article","og:title":"Biyogaz Membran Sistemleri - Enermak Enerji","og:description":"Altyap\u0131 ve \u015febeke tespitinde kullanabilece\u011finiz, profesy\u00f6nelli\u011finizi bir ad\u0131m ileri ta\u015f\u0131yacak bir \u00e7ok \u00fcr\u00fcn Enermak Enerji'de. Biyogaz Membran Sistemleri","og:url":"https:\/\/enermak.com\/en\/urunler\/biyogaz-membran-sistemleri\/","og:image":"https:\/\/enermak.com\/wp-content\/uploads\/2022\/03\/logo-tr-1.png","og:image:secure_url":"https:\/\/enermak.com\/wp-content\/uploads\/2022\/03\/logo-tr-1.png","article:published_time":"2022-04-27T12:47:00+00:00","article:modified_time":"2026-02-18T12:34:44+00:00","article:publisher":"https:\/\/www.facebook.com\/YERALTINDANHABERLER\/","twitter:card":"summary_large_image","twitter:site":"@enerjienermak","twitter:title":"Biyogaz Membran Sistemleri - Enermak Enerji","twitter:description":"Altyap\u0131 ve \u015febeke tespitinde kullanabilece\u011finiz, profesy\u00f6nelli\u011finizi bir ad\u0131m ileri ta\u015f\u0131yacak bir \u00e7ok \u00fcr\u00fcn Enermak Enerji'de. Biyogaz Membran Sistemleri","twitter:image":"https:\/\/enermak.com\/wp-content\/uploads\/2022\/03\/logo-tr-1.png"},"aioseo_meta_data":{"post_id":"8371","title":null,"description":"Altyap\u0131 ve \u015febeke tespitinde kullanabilece\u011finiz, profesy\u00f6nelli\u011finizi bir ad\u0131m ileri ta\u015f\u0131yacak bir \u00e7ok \u00fcr\u00fcn Enermak Enerji'de. Biyogaz Membran Sistemleri","keywords":null,"keyphrases":{"focus":{"keyphrase":"Biyogaz Membran Sistemleri","analysis":{"keyphraseInTitle":{"score":9,"maxScore":9,"error":0},"keyphraseInDescription":{"score":9,"maxScore":9,"error":0},"keyphraseLength":{"score":9,"maxScore":9,"error":0,"length":3},"keyphraseInURL":{"score":5,"maxScore":5,"error":0},"keyphraseInIntroduction":{"score":3,"maxScore":9,"error":1},"keyphraseInSubHeadings":{"score":9,"maxScore":9,"error":0},"keyphraseInImageAlt":[],"keywordDensity":{"score":0,"type":"low","maxScore":9,"error":1}},"score":75},"additional":[]},"primary_term":null,"canonical_url":null,"og_title":null,"og_description":null,"og_object_type":"default","og_image_type":"default","og_image_url":null,"og_image_width":null,"og_image_height":null,"og_image_custom_url":null,"og_image_custom_fields":null,"og_video":"","og_custom_url":null,"og_article_section":null,"og_article_tags":null,"twitter_use_og":false,"twitter_card":"default","twitter_image_type":"default","twitter_image_url":null,"twitter_image_custom_url":null,"twitter_image_custom_fields":null,"twitter_title":null,"twitter_description":null,"schema":{"blockGraphs":[],"customGraphs":[],"default":{"data":{"Article":[],"Course":[],"Dataset":[],"FAQPage":[],"Movie":[],"Person":[],"Product":[],"ProductReview":[],"Car":[],"Recipe":[],"Service":[],"SoftwareApplication":[],"WebPage":[]},"graphName":"ItemPage","isEnabled":true},"graphs":[],"defaultGraph":"WebPage","defaultPostTypeGraph":""},"schema_type":"default","schema_type_options":"{\"article\":{\"articleType\":\"BlogPosting\"},\"course\":{\"name\":\"\",\"description\":\"\",\"provider\":\"\"},\"faq\":{\"pages\":[]},\"product\":{\"reviews\":[]},\"recipe\":{\"ingredients\":[],\"instructions\":[],\"keywords\":[]},\"software\":{\"reviews\":[],\"operatingSystems\":[]},\"webPage\":{\"webPageType\":\"WebPage\"},\"blockGraphs\":[]}","pillar_content":false,"robots_default":false,"robots_noindex":false,"robots_noarchive":false,"robots_nosnippet":false,"robots_nofollow":false,"robots_noimageindex":false,"robots_noodp":false,"robots_notranslate":false,"robots_max_snippet":"-1","robots_max_videopreview":"-1","robots_max_imagepreview":"large","priority":null,"frequency":"default","local_seo":null,"seo_analyzer_scan_date":"2026-02-18 12:36:13","breadcrumb_settings":null,"limit_modified_date":false,"reviewed_by":null,"open_ai":"{\"title\":{\"suggestions\":[],\"usage\":0},\"description\":{\"suggestions\":[],\"usage\":0}}","ai":{"faqs":[],"keyPoints":[],"titles":[],"descriptions":[],"socialPosts":{"email":[],"linkedin":[],"twitter":[],"facebook":[],"instagram":[]}},"created":"2022-09-12 10:40:47","updated":"2026-02-18 12:36:55"},"aioseo_breadcrumb":"<div class=\"aioseo-breadcrumbs\"><span class=\"aioseo-breadcrumb\">\n\t<a href=\"https:\/\/enermak.com\/en\" title=\"Home\">Home<\/a>\n<\/span><span class=\"aioseo-breadcrumb-separator\">\u00bb<\/span><span class=\"aioseo-breadcrumb\">\n\t<a href=\"https:\/\/enermak.com\/en\/urunler\/\" title=\"\u00dcr\u00fcnler\">\u00dcr\u00fcnler<\/a>\n<\/span><span class=\"aioseo-breadcrumb-separator\">\u00bb<\/span><span class=\"aioseo-breadcrumb\">\n\t<a href=\"https:\/\/enermak.com\/en\/urunler\/kategori\/biyogaz-ekipmanlari\/\" title=\"Biyogaz Ekipmanlar\u0131\">Biyogaz Ekipmanlar\u0131<\/a>\n<\/span><span class=\"aioseo-breadcrumb-separator\">\u00bb<\/span><span class=\"aioseo-breadcrumb\">\n\tBiyogaz Membran Sistemleri\n<\/span><\/div>","aioseo_breadcrumb_json":[{"label":"Home","link":"https:\/\/enermak.com\/en"},{"label":"\u00dcr\u00fcnler","link":"https:\/\/enermak.com\/en\/urunler\/"},{"label":"Biyogaz Ekipmanlar\u0131","link":"https:\/\/enermak.com\/en\/urunler\/kategori\/biyogaz-ekipmanlari\/"},{"label":"Biyogaz Membran Sistemleri","link":"https:\/\/enermak.com\/en\/urunler\/biyogaz-membran-sistemleri\/"}],"_links":{"self":[{"href":"https:\/\/enermak.com\/en\/wp-json\/wp\/v2\/product\/8371","targetHints":{"allow":["GET"]}}],"collection":[{"href":"https:\/\/enermak.com\/en\/wp-json\/wp\/v2\/product"}],"about":[{"href":"https:\/\/enermak.com\/en\/wp-json\/wp\/v2\/types\/product"}],"version-history":[{"count":0,"href":"https:\/\/enermak.com\/en\/wp-json\/wp\/v2\/product\/8371\/revisions"}],"wp:featuredmedia":[{"embeddable":true,"href":"https:\/\/enermak.com\/en\/wp-json\/wp\/v2\/media\/32312"}],"wp:attachment":[{"href":"https:\/\/enermak.com\/en\/wp-json\/wp\/v2\/media?parent=8371"}],"wp:term":[{"taxonomy":"product_brand","embeddable":true,"href":"https:\/\/enermak.com\/en\/wp-json\/wp\/v2\/product_brand?post=8371"},{"taxonomy":"product_cat","embeddable":true,"href":"https:\/\/enermak.com\/en\/wp-json\/wp\/v2\/product_cat?post=8371"},{"taxonomy":"product_tag","embeddable":true,"href":"https:\/\/enermak.com\/en\/wp-json\/wp\/v2\/product_tag?post=8371"},{"taxonomy":"product_brands","embeddable":true,"href":"https:\/\/enermak.com\/en\/wp-json\/wp\/v2\/product_brands?post=8371"}],"curies":[{"name":"wp","href":"https:\/\/api.w.org\/{rel}","templated":true}]}}