{"id":8356,"date":"2022-04-27T15:35:54","date_gmt":"2022-04-27T12:35:54","guid":{"rendered":"http:\/\/isimmedya.com\/?post_type=product&#038;p=8356"},"modified":"2026-02-18T15:23:55","modified_gmt":"2026-02-18T12:23:55","slug":"tasinabilir-pompali-gaz-dedektoru","status":"publish","type":"product","link":"https:\/\/enermak.com\/en\/urunler\/tasinabilir-pompali-gaz-dedektoru\/","title":{"rendered":"EX-TEC\u00ae PM 580"},"content":{"rendered":"<h2 class=\"wp-block-heading has-medium-font-size\" style=\"text-align: left;\"><strong>SEWERIN EX-TEC\u00ae PM 580 \u00b7 550 \u00b7 500 Ta\u015f\u0131nabilir Pompal\u0131 Gaz Dedekt\u00f6r\u00fc\u00a0<\/strong><\/h2>\n<p style=\"text-align: left;\">Ta\u015f\u0131nabilir Pompal\u0131 Gaz Dedekt\u00f6r\u00fc EX-TEC\u00ae PM 5xx serisinin mobil gaz \u00f6l\u00e7\u00fcm ve gaz uyar\u0131 cihazlar\u0131, gaz tesisat\u00e7\u0131lar\u0131n\u0131n, bak\u0131m personelinin ve di\u011fer teknik personelin g\u00fcnl\u00fck i\u015flerini kolayla\u015ft\u0131r\u0131r. Serbest\u00e7e eri\u015filebilen gaz borular\u0131ndaki s\u0131z\u0131nt\u0131lar\u0131 bulmak, patlama riskini de\u011ferlendirmek ve toksik gazlar\u0131n mesleki maruz kalma s\u0131n\u0131rlar\u0131 (OEL) dahilin de olup olmad\u0131\u011f\u0131n\u0131 belirlemek i\u00e7in kullan\u0131labilirler. Yap\u0131 uygulamas\u0131nda, EX-TEC\u00ae PM 580 oda havas\u0131ndaki karbon monoksit konsantrasyonunu g\u00f6sterir ve de\u011ferler \u00e7ok y\u00fcksekse sesli ve g\u00f6rsel bir alarm verir. Zehirli karbon monoksit, yetersiz havaland\u0131rma nedeniyle \u0131s\u0131tma sistemleri gibi yanma ekipman\u0131 taraf\u0131ndan \u00fcretilir ve insanlar i\u00e7in bir risk olu\u015fturur.<\/p>\n<h2 class=\"wp-block-heading has-medium-font-size\" style=\"text-align: left;\"><strong>\u0130\u015finizi kolayla\u015ft\u0131ran ergonomi<\/strong><\/h2>\n<p style=\"text-align: left;\">&#8220;Ta\u015f\u0131nabilir Pompal\u0131 Gaz Dedekt\u00f6r\u00fc&#8221; Bir kez tuttu\u011funuzda, patlamaya dayan\u0131kl\u0131 ve IP65 korumal\u0131 cihaz\u0131 yere koymak istemeyeceksiniz. Kaymaz lastikli muhafaza sayesinde ele g\u00fcvenli bir \u015fekilde oturur. Y\u00fcksek kontrastl\u0131 ekran, keskin bir ekrana sahiptir ve g\u00fcne\u015f \u0131\u015f\u0131\u011f\u0131nda bile kolayca okunabilir<\/p>\n<hr \/>\n<h2 class=\"wp-block-heading has-medium-font-size\" style=\"text-align: left;\"><strong>EX-TEC\u00ae PM 580 \u00b7 550 \u00b7 500&#8217;\u00fcn avantajlar\u0131<\/strong><\/h2>\n<p style=\"text-align: left;\">\u25fc\ufe0fCihaz inceleme sihirbaz\u0131 ile ak\u0131ll\u0131 yard\u0131m<\/p>\n<p style=\"text-align: left;\">\u25fc\ufe0f2,5 \u201dekran her ortamda kolayca okunabilir: canl\u0131, y\u00fcksek kontrastl\u0131, keskin, arkadan ayd\u0131nlatmal\u0131<\/p>\n<p style=\"text-align: left;\">\u25fc\ufe0f\u00c7ok kullan\u0131c\u0131 dostu: d\u00f6rt tu\u015f kullanarak kolay gezinme ve t\u00fcm uygulamalar i\u00e7in net men\u00fc yap\u0131s\u0131<\/p>\n<p style=\"text-align: left;\">\u25fc\ufe0fOrijinal tek elle kullan\u0131m: sa\u011f ve sol elle kullan\u0131m i\u00e7in uygundur<\/p>\n<p style=\"text-align: left;\">\u25fc\ufe0fKullan\u0131\u015fl\u0131 cihaz: kaymaz muhafaza ele g\u00fcvenli bir \u015fekilde oturur<\/p>\n<p style=\"text-align: left;\">\u25fc\ufe0fDe\u011fi\u015ftirilmesi kolay toz filtresindeki \u015feffaf conta, filtre kontaminasyonunun h\u0131zla tespit edildi\u011fi anlam\u0131na gelir<\/p>\n<p style=\"text-align: left;\">\u25fc\ufe0fHidrofobik filtre suyla temas etti\u011finde pompa alarm\u0131ndan koruma<\/p>\n<hr \/>\n<h2 class=\"wp-block-heading has-medium-font-size\" style=\"text-align: left;\">T\u00fcm ekstralar sens\u00f6rler\u00a0 tak\u0131ld\u0131\u011f\u0131nda be\u015f farkl\u0131 gaz\u0131 alg\u0131lar<\/h2>\n<p style=\"text-align: left;\">\u25fc\ufe0fMetan (IR)<\/p>\n<p style=\"text-align: left;\">\u25fc\ufe0fKarbondioksit (IR)<\/p>\n<p style=\"text-align: left;\">\u25fc\ufe0fKarbon monoksit (EC)<\/p>\n<p style=\"text-align: left;\">\u25fc\ufe0fHidrojen s\u00fclf\u00fcr (EC)<\/p>\n<hr \/>\n<h2 class=\"wp-block-heading has-medium-font-size\" style=\"text-align: left;\"><strong>Oksijen (EC)K\u0131sa prob ve kemer klipsi sayesinde pratik kullan\u0131m<\/strong><\/h2>\n<p>\u25fc\ufe0fGaz konsantrasyonu tehlikeli oldu\u011funda sesli ve g\u00f6rsel \u00f6n alarm ve ana alarm<\/p>\n<p>\u25fc\ufe0fEsnek g\u00fc\u00e7 kayna\u011f\u0131: AA boyutlu \u015farj edilebilir veya tek kullan\u0131ml\u0131k piller<\/p>\n<hr \/>\n<h2 class=\"wp-block-heading has-medium-font-size\" style=\"text-align: left;\"><strong>Potential Sectors:<\/strong><\/h2>\n<p style=\"text-align: left;\">\u25fc\ufe0fGaz Da\u011f\u0131t\u0131m Firmalar\u0131<\/p>\n<p style=\"text-align: left;\">\u25fc\ufe0fAcil M\u00fcdahale Ekibi<\/p>\n<p style=\"text-align: left;\">\u25fc\ufe0fTesisat\u00e7\u0131lar<\/p>\n<p style=\"text-align: left;\">\u25fc\ufe0fBelediyeler<\/p>\n<p style=\"text-align: left;\">\u25fc\ufe0fAt\u0131ksu Ar\u0131tma, Biyogaz ve \u00c7\u00f6p Gaz\u0131 Tesisleri<\/p>\n<p style=\"text-align: left;\">\u25fc\ufe0fFabrikalar<\/p>\n<p style=\"text-align: left;\">\u25fc\ufe0fPetrol\/Gaz Da\u011f\u0131t\u0131m\u0131 Yapan Kurumlar<\/p>\n<p style=\"text-align: left;\">\u25fc\ufe0fTehlikeli Madde Ta\u015f\u0131mas\u0131 Yapan Firmalar<\/p>","protected":false},"excerpt":{"rendered":"<h2 class=\"wp-block-heading has-medium-font-size\"><span style=\"color: #000000;\">SEWERIN<\/span><\/h2>\n<h2 class=\"wp-block-heading has-medium-font-size\"><span style=\"color: #000000;\">EX-TEC\u00ae PM 580 \u00b7 550 \u00b7 500<\/span><\/h2>\n<p><span style=\"color: #000000;\">Ta\u015f\u0131nabilir Pompal\u0131 Gaz Dedekt\u00f6r\u00fc<\/span><\/p>","protected":false},"featured_media":8357,"template":"","meta":{"_bst_post_transparent":"default","_bst_post_title":"","_bst_post_layout":"default","_bst_post_sidebar_id":"","_bst_post_content_style":"default","_bst_post_vertical_padding":"default","_bst_post_feature":"","_bst_post_feature_position":"","_bst_post_header":false,"_bst_post_footer":false},"product_brand":[2002],"product_cat":[144],"product_tag":[669,686,691,694,693,689,688,687,441],"product_brands":[],"class_list":{"0":"post-8356","1":"product","2":"type-product","3":"status-publish","4":"has-post-thumbnail","6":"product_brand-sewerin","7":"product_cat-biyogaz-ekipmanlari","8":"product_tag-biyogaz-ekipmanlari","9":"product_tag-ex-tec","10":"product_tag-hidrofobik-filtre","11":"product_tag-hidrojen-sulfur","12":"product_tag-karbon-monoksit","13":"product_tag-pm-500","14":"product_tag-pm-550","15":"product_tag-pm-580","16":"product_tag-sewerin","18":"first","19":"instock","20":"shipping-taxable","21":"product-type-simple","22":"entry","23":"content-bg","24":"loop-entry"},"aioseo_notices":[],"aioseo_head":"\n\t\t<!-- All in One SEO Pro 4.9.6.2 - aioseo.com -->\n\t<meta name=\"description\" content=\"Profesy\u00f6nelli\u011finizi bir ad\u0131m ileri ta\u015f\u0131yacak bir \u00e7ok \u00fcr\u00fcn Enermak Enerji&#039;de. Ta\u015f\u0131nabilir Pompal\u0131 Gaz Dedekt\u00f6r\u00fc inceleyin ve \u00fccretsiz bir teklif al\u0131n.\" \/>\n\t<meta name=\"robots\" content=\"max-snippet:-1, max-image-preview:large, max-video-preview:-1\" \/>\n\t<meta name=\"yandex-verification\" content=\"yandex-verification: 61c39bc218eec6a9\" \/>\n\t<link rel=\"canonical\" href=\"https:\/\/enermak.com\/en\/urunler\/tasinabilir-pompali-gaz-dedektoru\/\" \/>\n\t<meta name=\"generator\" content=\"All in One SEO Pro (AIOSEO) 4.9.6.2\" \/>\n\t\t<meta property=\"og:locale\" content=\"en_US\" \/>\n\t\t<meta property=\"og:site_name\" content=\"Enermak Enerji - Yeralt\u0131ndan Haberler\" \/>\n\t\t<meta property=\"og:type\" content=\"article\" \/>\n\t\t<meta property=\"og:title\" content=\"EX-TEC\u00ae PM 580 - Enermak Enerji\" \/>\n\t\t<meta property=\"og:description\" content=\"Profesy\u00f6nelli\u011finizi bir ad\u0131m ileri ta\u015f\u0131yacak bir \u00e7ok \u00fcr\u00fcn Enermak Enerji&#039;de. Ta\u015f\u0131nabilir Pompal\u0131 Gaz Dedekt\u00f6r\u00fc inceleyin ve \u00fccretsiz bir teklif al\u0131n.\" \/>\n\t\t<meta property=\"og:url\" content=\"https:\/\/enermak.com\/en\/urunler\/tasinabilir-pompali-gaz-dedektoru\/\" \/>\n\t\t<meta property=\"og:image\" content=\"https:\/\/enermak.com\/wp-content\/uploads\/2022\/03\/logo-tr-1.png\" \/>\n\t\t<meta property=\"og:image:secure_url\" content=\"https:\/\/enermak.com\/wp-content\/uploads\/2022\/03\/logo-tr-1.png\" \/>\n\t\t<meta property=\"article:published_time\" content=\"2022-04-27T12:35:54+00:00\" \/>\n\t\t<meta property=\"article:modified_time\" content=\"2026-02-18T12:23:55+00:00\" \/>\n\t\t<meta property=\"article:publisher\" content=\"https:\/\/www.facebook.com\/YERALTINDANHABERLER\/\" \/>\n\t\t<meta name=\"twitter:card\" content=\"summary_large_image\" \/>\n\t\t<meta name=\"twitter:site\" content=\"@enerjienermak\" \/>\n\t\t<meta name=\"twitter:title\" content=\"EX-TEC\u00ae PM 580 - Enermak Enerji\" \/>\n\t\t<meta name=\"twitter:description\" content=\"Profesy\u00f6nelli\u011finizi bir ad\u0131m ileri ta\u015f\u0131yacak bir \u00e7ok \u00fcr\u00fcn Enermak Enerji&#039;de. Ta\u015f\u0131nabilir Pompal\u0131 Gaz Dedekt\u00f6r\u00fc inceleyin ve \u00fccretsiz bir teklif al\u0131n.\" \/>\n\t\t<meta name=\"twitter:image\" content=\"https:\/\/enermak.com\/wp-content\/uploads\/2022\/03\/logo-tr-1.png\" \/>\n\t\t<script type=\"application\/ld+json\" class=\"aioseo-schema\">\n\t\t\t{\"@context\":\"https:\\\/\\\/schema.org\",\"@graph\":[{\"@type\":\"BreadcrumbList\",\"@id\":\"https:\\\/\\\/enermak.com\\\/en\\\/urunler\\\/tasinabilir-pompali-gaz-dedektoru\\\/#breadcrumblist\",\"itemListElement\":[{\"@type\":\"ListItem\",\"@id\":\"https:\\\/\\\/enermak.com\\\/en#listItem\",\"position\":1,\"name\":\"Home\",\"item\":\"https:\\\/\\\/enermak.com\\\/en\",\"nextItem\":{\"@type\":\"ListItem\",\"@id\":\"https:\\\/\\\/enermak.com\\\/en\\\/urunler\\\/#listItem\",\"name\":\"\\u00dcr\\u00fcnler\"}},{\"@type\":\"ListItem\",\"@id\":\"https:\\\/\\\/enermak.com\\\/en\\\/urunler\\\/#listItem\",\"position\":2,\"name\":\"\\u00dcr\\u00fcnler\",\"item\":\"https:\\\/\\\/enermak.com\\\/en\\\/urunler\\\/\",\"nextItem\":{\"@type\":\"ListItem\",\"@id\":\"https:\\\/\\\/enermak.com\\\/en\\\/brand\\\/sewerin\\\/#listItem\",\"name\":\"SEWERIN\"},\"previousItem\":{\"@type\":\"ListItem\",\"@id\":\"https:\\\/\\\/enermak.com\\\/en#listItem\",\"name\":\"Home\"}},{\"@type\":\"ListItem\",\"@id\":\"https:\\\/\\\/enermak.com\\\/en\\\/brand\\\/sewerin\\\/#listItem\",\"position\":3,\"name\":\"SEWERIN\",\"item\":\"https:\\\/\\\/enermak.com\\\/en\\\/brand\\\/sewerin\\\/\",\"nextItem\":{\"@type\":\"ListItem\",\"@id\":\"https:\\\/\\\/enermak.com\\\/en\\\/urunler\\\/tasinabilir-pompali-gaz-dedektoru\\\/#listItem\",\"name\":\"EX-TEC\\u00ae PM 580\"},\"previousItem\":{\"@type\":\"ListItem\",\"@id\":\"https:\\\/\\\/enermak.com\\\/en\\\/urunler\\\/#listItem\",\"name\":\"\\u00dcr\\u00fcnler\"}},{\"@type\":\"ListItem\",\"@id\":\"https:\\\/\\\/enermak.com\\\/en\\\/urunler\\\/tasinabilir-pompali-gaz-dedektoru\\\/#listItem\",\"position\":4,\"name\":\"EX-TEC\\u00ae PM 580\",\"previousItem\":{\"@type\":\"ListItem\",\"@id\":\"https:\\\/\\\/enermak.com\\\/en\\\/brand\\\/sewerin\\\/#listItem\",\"name\":\"SEWERIN\"}}]},{\"@type\":\"ItemPage\",\"@id\":\"https:\\\/\\\/enermak.com\\\/en\\\/urunler\\\/tasinabilir-pompali-gaz-dedektoru\\\/#itempage\",\"url\":\"https:\\\/\\\/enermak.com\\\/en\\\/urunler\\\/tasinabilir-pompali-gaz-dedektoru\\\/\",\"name\":\"EX-TEC\\u00ae PM 580 - Enermak Enerji\",\"description\":\"Profesy\\u00f6nelli\\u011finizi bir ad\\u0131m ileri ta\\u015f\\u0131yacak bir \\u00e7ok \\u00fcr\\u00fcn Enermak Enerji'de. Ta\\u015f\\u0131nabilir Pompal\\u0131 Gaz Dedekt\\u00f6r\\u00fc inceleyin ve \\u00fccretsiz bir teklif al\\u0131n.\",\"inLanguage\":\"en-US\",\"isPartOf\":{\"@id\":\"https:\\\/\\\/enermak.com\\\/en\\\/#website\"},\"breadcrumb\":{\"@id\":\"https:\\\/\\\/enermak.com\\\/en\\\/urunler\\\/tasinabilir-pompali-gaz-dedektoru\\\/#breadcrumblist\"},\"image\":{\"@type\":\"ImageObject\",\"url\":\"https:\\\/\\\/enermak.com\\\/wp-content\\\/uploads\\\/2022\\\/04\\\/1_pm05-103011.png\",\"@id\":\"https:\\\/\\\/enermak.com\\\/en\\\/urunler\\\/tasinabilir-pompali-gaz-dedektoru\\\/#mainImage\",\"width\":800,\"height\":800,\"caption\":\"Ta\\u015f\\u0131nabilir Pompal\\u0131 Gaz Dedekt\\u00f6r\\u00fc\"},\"primaryImageOfPage\":{\"@id\":\"https:\\\/\\\/enermak.com\\\/en\\\/urunler\\\/tasinabilir-pompali-gaz-dedektoru\\\/#mainImage\"},\"datePublished\":\"2022-04-27T15:35:54+03:00\",\"dateModified\":\"2026-02-18T15:23:55+03:00\"},{\"@type\":\"Organization\",\"@id\":\"https:\\\/\\\/enermak.com\\\/en\\\/#organization\",\"name\":\"Enermak Enerji\",\"description\":\"Yeralt\\u0131ndan Haberler\",\"url\":\"https:\\\/\\\/enermak.com\\\/en\\\/\",\"telephone\":\"+903123851102\",\"logo\":{\"@type\":\"ImageObject\",\"url\":\"https:\\\/\\\/enermak.com\\\/wp-content\\\/uploads\\\/2022\\\/03\\\/logo-tr-1.png\",\"@id\":\"https:\\\/\\\/enermak.com\\\/en\\\/urunler\\\/tasinabilir-pompali-gaz-dedektoru\\\/#organizationLogo\"},\"image\":{\"@id\":\"https:\\\/\\\/enermak.com\\\/en\\\/urunler\\\/tasinabilir-pompali-gaz-dedektoru\\\/#organizationLogo\"},\"sameAs\":[\"https:\\\/\\\/www.facebook.com\\\/YERALTINDANHABERLER\\\/\",\"https:\\\/\\\/twitter.com\\\/enerjienermak\",\"https:\\\/\\\/www.instagram.com\\\/enermakenerji\\\/\",\"https:\\\/\\\/www.youtube.com\\\/c\\\/EnermakEnerji\",\"https:\\\/\\\/www.linkedin.com\\\/in\\\/enermak\"]},{\"@type\":\"WebPage\",\"@id\":\"https:\\\/\\\/enermak.com\\\/en\\\/urunler\\\/tasinabilir-pompali-gaz-dedektoru\\\/#webpage\",\"url\":\"https:\\\/\\\/enermak.com\\\/en\\\/urunler\\\/tasinabilir-pompali-gaz-dedektoru\\\/\",\"name\":\"EX-TEC\\u00ae PM 580 - Enermak Enerji\",\"description\":\"Profesy\\u00f6nelli\\u011finizi bir ad\\u0131m ileri ta\\u015f\\u0131yacak bir \\u00e7ok \\u00fcr\\u00fcn Enermak Enerji'de. Ta\\u015f\\u0131nabilir Pompal\\u0131 Gaz Dedekt\\u00f6r\\u00fc inceleyin ve \\u00fccretsiz bir teklif al\\u0131n.\",\"inLanguage\":\"en-US\",\"isPartOf\":{\"@id\":\"https:\\\/\\\/enermak.com\\\/en\\\/#website\"},\"breadcrumb\":{\"@id\":\"https:\\\/\\\/enermak.com\\\/en\\\/urunler\\\/tasinabilir-pompali-gaz-dedektoru\\\/#breadcrumblist\"},\"image\":{\"@type\":\"ImageObject\",\"url\":\"https:\\\/\\\/enermak.com\\\/wp-content\\\/uploads\\\/2022\\\/04\\\/1_pm05-103011.png\",\"@id\":\"https:\\\/\\\/enermak.com\\\/en\\\/urunler\\\/tasinabilir-pompali-gaz-dedektoru\\\/#mainImage\",\"width\":800,\"height\":800,\"caption\":\"Ta\\u015f\\u0131nabilir Pompal\\u0131 Gaz Dedekt\\u00f6r\\u00fc\"},\"primaryImageOfPage\":{\"@id\":\"https:\\\/\\\/enermak.com\\\/en\\\/urunler\\\/tasinabilir-pompali-gaz-dedektoru\\\/#mainImage\"},\"datePublished\":\"2022-04-27T15:35:54+03:00\",\"dateModified\":\"2026-02-18T15:23:55+03:00\"},{\"@type\":\"WebSite\",\"@id\":\"https:\\\/\\\/enermak.com\\\/en\\\/#website\",\"url\":\"https:\\\/\\\/enermak.com\\\/en\\\/\",\"name\":\"Enermak Enerji\",\"alternateName\":\"Yeralt\\u0131ndan Haberler\",\"description\":\"Yeralt\\u0131ndan Haberler\",\"inLanguage\":\"en-US\",\"publisher\":{\"@id\":\"https:\\\/\\\/enermak.com\\\/en\\\/#organization\"}}]}\n\t\t<\/script>\n\t\t<!-- All in One SEO Pro -->\r\n\t\t<title>EX-TEC\u00ae PM 580 - Enermak Enerji<\/title>\n\n","aioseo_head_json":{"title":"EX-TEC\u00ae PM 580 - Enermak Enerji","description":"Profesy\u00f6nelli\u011finizi bir ad\u0131m ileri ta\u015f\u0131yacak bir \u00e7ok \u00fcr\u00fcn Enermak Enerji'de. Ta\u015f\u0131nabilir Pompal\u0131 Gaz Dedekt\u00f6r\u00fc inceleyin ve \u00fccretsiz bir teklif al\u0131n.","canonical_url":"https:\/\/enermak.com\/en\/urunler\/tasinabilir-pompali-gaz-dedektoru\/","robots":"max-snippet:-1, max-image-preview:large, max-video-preview:-1","keywords":"","webmasterTools":{"yandex-verification":"yandex-verification: 61c39bc218eec6a9","miscellaneous":""},"schema":{"@context":"https:\/\/schema.org","@graph":[{"@type":"BreadcrumbList","@id":"https:\/\/enermak.com\/en\/urunler\/tasinabilir-pompali-gaz-dedektoru\/#breadcrumblist","itemListElement":[{"@type":"ListItem","@id":"https:\/\/enermak.com\/en#listItem","position":1,"name":"Home","item":"https:\/\/enermak.com\/en","nextItem":{"@type":"ListItem","@id":"https:\/\/enermak.com\/en\/urunler\/#listItem","name":"\u00dcr\u00fcnler"}},{"@type":"ListItem","@id":"https:\/\/enermak.com\/en\/urunler\/#listItem","position":2,"name":"\u00dcr\u00fcnler","item":"https:\/\/enermak.com\/en\/urunler\/","nextItem":{"@type":"ListItem","@id":"https:\/\/enermak.com\/en\/brand\/sewerin\/#listItem","name":"SEWERIN"},"previousItem":{"@type":"ListItem","@id":"https:\/\/enermak.com\/en#listItem","name":"Home"}},{"@type":"ListItem","@id":"https:\/\/enermak.com\/en\/brand\/sewerin\/#listItem","position":3,"name":"SEWERIN","item":"https:\/\/enermak.com\/en\/brand\/sewerin\/","nextItem":{"@type":"ListItem","@id":"https:\/\/enermak.com\/en\/urunler\/tasinabilir-pompali-gaz-dedektoru\/#listItem","name":"EX-TEC\u00ae PM 580"},"previousItem":{"@type":"ListItem","@id":"https:\/\/enermak.com\/en\/urunler\/#listItem","name":"\u00dcr\u00fcnler"}},{"@type":"ListItem","@id":"https:\/\/enermak.com\/en\/urunler\/tasinabilir-pompali-gaz-dedektoru\/#listItem","position":4,"name":"EX-TEC\u00ae PM 580","previousItem":{"@type":"ListItem","@id":"https:\/\/enermak.com\/en\/brand\/sewerin\/#listItem","name":"SEWERIN"}}]},{"@type":"ItemPage","@id":"https:\/\/enermak.com\/en\/urunler\/tasinabilir-pompali-gaz-dedektoru\/#itempage","url":"https:\/\/enermak.com\/en\/urunler\/tasinabilir-pompali-gaz-dedektoru\/","name":"EX-TEC\u00ae PM 580 - Enermak Enerji","description":"Profesy\u00f6nelli\u011finizi bir ad\u0131m ileri ta\u015f\u0131yacak bir \u00e7ok \u00fcr\u00fcn Enermak Enerji'de. Ta\u015f\u0131nabilir Pompal\u0131 Gaz Dedekt\u00f6r\u00fc inceleyin ve \u00fccretsiz bir teklif al\u0131n.","inLanguage":"en-US","isPartOf":{"@id":"https:\/\/enermak.com\/en\/#website"},"breadcrumb":{"@id":"https:\/\/enermak.com\/en\/urunler\/tasinabilir-pompali-gaz-dedektoru\/#breadcrumblist"},"image":{"@type":"ImageObject","url":"https:\/\/enermak.com\/wp-content\/uploads\/2022\/04\/1_pm05-103011.png","@id":"https:\/\/enermak.com\/en\/urunler\/tasinabilir-pompali-gaz-dedektoru\/#mainImage","width":800,"height":800,"caption":"Ta\u015f\u0131nabilir Pompal\u0131 Gaz Dedekt\u00f6r\u00fc"},"primaryImageOfPage":{"@id":"https:\/\/enermak.com\/en\/urunler\/tasinabilir-pompali-gaz-dedektoru\/#mainImage"},"datePublished":"2022-04-27T15:35:54+03:00","dateModified":"2026-02-18T15:23:55+03:00"},{"@type":"Organization","@id":"https:\/\/enermak.com\/en\/#organization","name":"Enermak Enerji","description":"Yeralt\u0131ndan Haberler","url":"https:\/\/enermak.com\/en\/","telephone":"+903123851102","logo":{"@type":"ImageObject","url":"https:\/\/enermak.com\/wp-content\/uploads\/2022\/03\/logo-tr-1.png","@id":"https:\/\/enermak.com\/en\/urunler\/tasinabilir-pompali-gaz-dedektoru\/#organizationLogo"},"image":{"@id":"https:\/\/enermak.com\/en\/urunler\/tasinabilir-pompali-gaz-dedektoru\/#organizationLogo"},"sameAs":["https:\/\/www.facebook.com\/YERALTINDANHABERLER\/","https:\/\/twitter.com\/enerjienermak","https:\/\/www.instagram.com\/enermakenerji\/","https:\/\/www.youtube.com\/c\/EnermakEnerji","https:\/\/www.linkedin.com\/in\/enermak"]},{"@type":"WebPage","@id":"https:\/\/enermak.com\/en\/urunler\/tasinabilir-pompali-gaz-dedektoru\/#webpage","url":"https:\/\/enermak.com\/en\/urunler\/tasinabilir-pompali-gaz-dedektoru\/","name":"EX-TEC\u00ae PM 580 - Enermak Enerji","description":"Profesy\u00f6nelli\u011finizi bir ad\u0131m ileri ta\u015f\u0131yacak bir \u00e7ok \u00fcr\u00fcn Enermak Enerji'de. Ta\u015f\u0131nabilir Pompal\u0131 Gaz Dedekt\u00f6r\u00fc inceleyin ve \u00fccretsiz bir teklif al\u0131n.","inLanguage":"en-US","isPartOf":{"@id":"https:\/\/enermak.com\/en\/#website"},"breadcrumb":{"@id":"https:\/\/enermak.com\/en\/urunler\/tasinabilir-pompali-gaz-dedektoru\/#breadcrumblist"},"image":{"@type":"ImageObject","url":"https:\/\/enermak.com\/wp-content\/uploads\/2022\/04\/1_pm05-103011.png","@id":"https:\/\/enermak.com\/en\/urunler\/tasinabilir-pompali-gaz-dedektoru\/#mainImage","width":800,"height":800,"caption":"Ta\u015f\u0131nabilir Pompal\u0131 Gaz Dedekt\u00f6r\u00fc"},"primaryImageOfPage":{"@id":"https:\/\/enermak.com\/en\/urunler\/tasinabilir-pompali-gaz-dedektoru\/#mainImage"},"datePublished":"2022-04-27T15:35:54+03:00","dateModified":"2026-02-18T15:23:55+03:00"},{"@type":"WebSite","@id":"https:\/\/enermak.com\/en\/#website","url":"https:\/\/enermak.com\/en\/","name":"Enermak Enerji","alternateName":"Yeralt\u0131ndan Haberler","description":"Yeralt\u0131ndan Haberler","inLanguage":"en-US","publisher":{"@id":"https:\/\/enermak.com\/en\/#organization"}}]},"og:locale":"en_US","og:site_name":"Enermak Enerji - Yeralt\u0131ndan Haberler","og:type":"article","og:title":"EX-TEC\u00ae PM 580 - Enermak Enerji","og:description":"Profesy\u00f6nelli\u011finizi bir ad\u0131m ileri ta\u015f\u0131yacak bir \u00e7ok \u00fcr\u00fcn Enermak Enerji'de. Ta\u015f\u0131nabilir Pompal\u0131 Gaz Dedekt\u00f6r\u00fc inceleyin ve \u00fccretsiz bir teklif al\u0131n.","og:url":"https:\/\/enermak.com\/en\/urunler\/tasinabilir-pompali-gaz-dedektoru\/","og:image":"https:\/\/enermak.com\/wp-content\/uploads\/2022\/03\/logo-tr-1.png","og:image:secure_url":"https:\/\/enermak.com\/wp-content\/uploads\/2022\/03\/logo-tr-1.png","article:published_time":"2022-04-27T12:35:54+00:00","article:modified_time":"2026-02-18T12:23:55+00:00","article:publisher":"https:\/\/www.facebook.com\/YERALTINDANHABERLER\/","twitter:card":"summary_large_image","twitter:site":"@enerjienermak","twitter:title":"EX-TEC\u00ae PM 580 - Enermak Enerji","twitter:description":"Profesy\u00f6nelli\u011finizi bir ad\u0131m ileri ta\u015f\u0131yacak bir \u00e7ok \u00fcr\u00fcn Enermak Enerji'de. Ta\u015f\u0131nabilir Pompal\u0131 Gaz Dedekt\u00f6r\u00fc inceleyin ve \u00fccretsiz bir teklif al\u0131n.","twitter:image":"https:\/\/enermak.com\/wp-content\/uploads\/2022\/03\/logo-tr-1.png"},"aioseo_meta_data":{"post_id":"8356","title":null,"description":"Profesy\u00f6nelli\u011finizi bir ad\u0131m ileri ta\u015f\u0131yacak bir \u00e7ok \u00fcr\u00fcn Enermak Enerji'de. Ta\u015f\u0131nabilir Pompal\u0131 Gaz Dedekt\u00f6r\u00fc inceleyin ve \u00fccretsiz bir teklif al\u0131n.","keywords":null,"keyphrases":{"focus":{"keyphrase":"Ta\u015f\u0131nabilir Pompal\u0131 Gaz Dedekt\u00f6r\u00fc","analysis":{"keyphraseInTitle":{"score":3,"maxScore":9,"error":1},"keyphraseInDescription":{"score":9,"maxScore":9,"error":0},"keyphraseLength":{"score":6,"maxScore":9,"error":1,"length":6},"keyphraseInURL":{"score":5,"maxScore":5,"error":0},"keyphraseInIntroduction":{"score":9,"maxScore":9,"error":0},"keyphraseInSubHeadings":{"score":3,"maxScore":9,"error":1},"keyphraseInImageAlt":[],"keywordDensity":{"type":"best","score":9,"maxScore":9,"error":0}},"score":75},"additional":[]},"primary_term":null,"canonical_url":null,"og_title":null,"og_description":null,"og_object_type":"default","og_image_type":"default","og_image_url":null,"og_image_width":null,"og_image_height":null,"og_image_custom_url":null,"og_image_custom_fields":null,"og_video":"","og_custom_url":null,"og_article_section":null,"og_article_tags":null,"twitter_use_og":false,"twitter_card":"default","twitter_image_type":"default","twitter_image_url":null,"twitter_image_custom_url":null,"twitter_image_custom_fields":null,"twitter_title":null,"twitter_description":null,"schema":{"blockGraphs":[],"customGraphs":[],"default":{"data":{"Article":[],"Course":[],"Dataset":[],"FAQPage":[],"Movie":[],"Person":[],"Product":[],"ProductReview":[],"Car":[],"Recipe":[],"Service":[],"SoftwareApplication":[],"WebPage":[]},"graphName":"ItemPage","isEnabled":true},"graphs":[],"defaultGraph":"WebPage","defaultPostTypeGraph":""},"schema_type":"default","schema_type_options":"{\"article\":{\"articleType\":\"BlogPosting\"},\"course\":{\"name\":\"\",\"description\":\"\",\"provider\":\"\"},\"faq\":{\"pages\":[]},\"product\":{\"reviews\":[]},\"recipe\":{\"ingredients\":[],\"instructions\":[],\"keywords\":[]},\"software\":{\"reviews\":[],\"operatingSystems\":[]},\"webPage\":{\"webPageType\":\"WebPage\"},\"blockGraphs\":[]}","pillar_content":false,"robots_default":false,"robots_noindex":false,"robots_noarchive":false,"robots_nosnippet":false,"robots_nofollow":false,"robots_noimageindex":false,"robots_noodp":false,"robots_notranslate":false,"robots_max_snippet":"-1","robots_max_videopreview":"-1","robots_max_imagepreview":"large","priority":null,"frequency":"default","local_seo":null,"seo_analyzer_scan_date":"2026-02-18 12:24:18","breadcrumb_settings":null,"limit_modified_date":false,"reviewed_by":null,"open_ai":"{\"title\":{\"suggestions\":[],\"usage\":0},\"description\":{\"suggestions\":[],\"usage\":0}}","ai":{"faqs":[],"keyPoints":[],"titles":[],"descriptions":[],"socialPosts":{"email":[],"linkedin":[],"twitter":[],"facebook":[],"instagram":[]}},"created":"2022-09-12 10:40:48","updated":"2026-02-18 12:36:10"},"aioseo_breadcrumb":"<div class=\"aioseo-breadcrumbs\"><span class=\"aioseo-breadcrumb\">\n\t<a href=\"https:\/\/enermak.com\/en\" title=\"Home\">Home<\/a>\n<\/span><span class=\"aioseo-breadcrumb-separator\">\u00bb<\/span><span class=\"aioseo-breadcrumb\">\n\t<a href=\"https:\/\/enermak.com\/en\/urunler\/\" title=\"\u00dcr\u00fcnler\">\u00dcr\u00fcnler<\/a>\n<\/span><span class=\"aioseo-breadcrumb-separator\">\u00bb<\/span><span class=\"aioseo-breadcrumb\">\n\t<a href=\"https:\/\/enermak.com\/en\/brand\/sewerin\/\" title=\"SEWERIN\">SEWERIN<\/a>\n<\/span><span class=\"aioseo-breadcrumb-separator\">\u00bb<\/span><span class=\"aioseo-breadcrumb\">\n\tEX-TEC\u00ae PM 580\n<\/span><\/div>","aioseo_breadcrumb_json":[{"label":"Home","link":"https:\/\/enermak.com\/en"},{"label":"\u00dcr\u00fcnler","link":"https:\/\/enermak.com\/en\/urunler\/"},{"label":"SEWERIN","link":"https:\/\/enermak.com\/en\/brand\/sewerin\/"},{"label":"EX-TEC\u00ae PM 580","link":"https:\/\/enermak.com\/en\/urunler\/tasinabilir-pompali-gaz-dedektoru\/"}],"_links":{"self":[{"href":"https:\/\/enermak.com\/en\/wp-json\/wp\/v2\/product\/8356","targetHints":{"allow":["GET"]}}],"collection":[{"href":"https:\/\/enermak.com\/en\/wp-json\/wp\/v2\/product"}],"about":[{"href":"https:\/\/enermak.com\/en\/wp-json\/wp\/v2\/types\/product"}],"version-history":[{"count":0,"href":"https:\/\/enermak.com\/en\/wp-json\/wp\/v2\/product\/8356\/revisions"}],"wp:featuredmedia":[{"embeddable":true,"href":"https:\/\/enermak.com\/en\/wp-json\/wp\/v2\/media\/8357"}],"wp:attachment":[{"href":"https:\/\/enermak.com\/en\/wp-json\/wp\/v2\/media?parent=8356"}],"wp:term":[{"taxonomy":"product_brand","embeddable":true,"href":"https:\/\/enermak.com\/en\/wp-json\/wp\/v2\/product_brand?post=8356"},{"taxonomy":"product_cat","embeddable":true,"href":"https:\/\/enermak.com\/en\/wp-json\/wp\/v2\/product_cat?post=8356"},{"taxonomy":"product_tag","embeddable":true,"href":"https:\/\/enermak.com\/en\/wp-json\/wp\/v2\/product_tag?post=8356"},{"taxonomy":"product_brands","embeddable":true,"href":"https:\/\/enermak.com\/en\/wp-json\/wp\/v2\/product_brands?post=8356"}],"curies":[{"name":"wp","href":"https:\/\/api.w.org\/{rel}","templated":true}]}}