{"id":8351,"date":"2024-04-17T09:25:15","date_gmt":"2024-04-17T06:25:15","guid":{"rendered":"http:\/\/isimmedya.com\/?post_type=product&#038;p=8351"},"modified":"2026-02-18T14:13:34","modified_gmt":"2026-02-18T11:13:34","slug":"multitec-545","status":"publish","type":"product","link":"https:\/\/enermak.com\/en\/urunler\/multitec-545\/","title":{"rendered":"Sewerin Multitec 545"},"content":{"rendered":"<h2 class=\"wp-block-heading has-medium-font-size\" style=\"text-align: left;\"><span style=\"color: #000000;\"><strong>Key Features<\/strong><\/span><\/h2>\n<p style=\"text-align: left;\"><span style=\"color: #000000;\">\u2714 Sezgisel Kullan\u0131c\u0131 Aray\u00fcz\u00fc: Jog dial ve fonksiyon tu\u015flar\u0131yla kolay kontrol<\/span><br \/>\n<span style=\"color: #000000;\">\u2714 Y\u00fcksek G\u00f6r\u00fcn\u00fcrl\u00fck: B\u00fcy\u00fck transflektif ekran sayesinde do\u011frudan g\u00fcne\u015f \u0131\u015f\u0131\u011f\u0131nda bile m\u00fckemmel okunabilirlik<\/span><br \/>\n<span style=\"color: #000000;\">\u2714 Geli\u015fmi\u015f Sens\u00f6r Teknolojisi:<\/span><br \/>\n<span style=\"color: #000000;\">\u2714 Se\u00e7ici k\u0131z\u0131l\u00f6tesi sens\u00f6rler (Hidrokarbonlar ve Karbon Dioksit)<\/span><br \/>\n<span style=\"color: #000000;\">\u2714 Dayan\u0131kl\u0131 elektro-kimyasal sens\u00f6rler (Oksijen ve zehirli gazlar)<\/span><br \/>\n<span style=\"color: #000000;\">\u2714 G\u00fc\u00e7l\u00fc Batarya Se\u00e7enekleri:<\/span><br \/>\n<span style=\"color: #000000;\">\u2714 4 adet AA boyutlu \u015farj edilebilir pil veya tek kullan\u0131ml\u0131k piller<\/span><br \/>\n<span style=\"color: #000000;\">\u2714 En az 7 saat pil \u00f6mr\u00fc, h\u0131zl\u0131 \u015farj s\u00fcresi sadece 4 saat<\/span><br \/>\n<span style=\"color: #000000;\">\u2714 Patlama Korumas\u0131: T\u00dcV sertifikal\u0131 ATEX korumas\u0131 ile g\u00fcvenli kullan\u0131m<\/span><br \/>\n<span style=\"color: #000000;\">\u2714 Kolay PC Haberle\u015fmesi: USB ba\u011flant\u0131s\u0131 ile \u00f6l\u00e7\u00fcm verilerini zahmetsizce aktarma<\/span><br \/>\n<span style=\"color: #000000;\">\u2714 Ta\u015f\u0131nabilirlik: Hafif yap\u0131s\u0131 (1,000 gr) ve ta\u015f\u0131ma deste\u011fiyle maksimum kullan\u0131m kolayl\u0131\u011f\u0131<\/span><\/p>\n<hr \/>\n<h2 class=\"wp-block-heading has-medium-font-size\" style=\"text-align: left;\"><span style=\"color: #000000;\"><strong>Uygulama Alanlar\u0131<\/strong><\/span><\/h2>\n<p style=\"text-align: left;\"><span style=\"color: #000000;\">Multitec\u00ae 545, biyogaz tesisleri, kanalizasyon ar\u0131tma tesisleri ve at\u0131k bertaraf sahalar\u0131nda \u00e7oklu gaz analizi i\u00e7in geli\u015ftirilmi\u015f profesyonel bir \u00f6l\u00e7\u00fcm cihaz\u0131d\u0131r. Ayn\u0131 anda be\u015f farkl\u0131 gaz\u0131n konsantrasyonunu \u00f6l\u00e7ebilir ve k\u0131z\u0131l\u00f6tesi sens\u00f6rlerle y\u00fcksek hassasiyet sa\u011flar.<\/span><\/p>\n<hr \/>\n<h2 class=\"wp-block-heading has-medium-font-size\" style=\"text-align: left;\"><span style=\"color: #000000;\"><strong>Multitec 545 ile G\u00fcvenilir Gaz \u00d6l\u00e7\u00fcm\u00fc<\/strong><\/span><\/h2>\n<p style=\"text-align: left;\"><span style=\"color: #000000;\">Metan ve Karbondioksit i\u00e7in k\u0131z\u0131l\u00f6tesi \u00f6l\u00e7\u00fcm teknikleri sayesinde di\u011fer gazlarla etkile\u015fimi \u00f6nler ve do\u011fru sonu\u00e7lar verir.<\/span><\/p>\n<p style=\"text-align: left;\"><span style=\"color: #000000;\">Geni\u015f ekran, t\u00fcm parametrelerin ayn\u0131 anda g\u00f6r\u00fcnt\u00fclenmesini sa\u011flayarak h\u0131zl\u0131 ve pratik analiz imkan\u0131 sunar.<\/span><\/p>\n<p style=\"text-align: left;\"><span style=\"color: #000000;\">\u00d6l\u00e7\u00fcm verileri g\u00fcnl\u00fck dosyalarda saklan\u0131r ve USB ba\u011flant\u0131s\u0131 \u00fczerinden PC&#8217;ye kolayca aktar\u0131labilir.<\/span><\/p>\n<hr \/>\n<h2 class=\"wp-block-heading has-medium-font-size\" style=\"text-align: left;\"><span style=\"color: #000000;\"><strong>\u00d6l\u00e7\u00fcm Sens\u00f6rleri ve Gaz Aral\u0131klar\u0131<\/strong><\/span><\/h2>\n<table class=\"alignleft\">\n<thead>\n<tr>\n<td><span style=\"color: #000000;\"><strong>Gaz Tipi<\/strong><\/span><\/td>\n<td><span style=\"color: #000000;\"><strong>\u00d6l\u00e7\u00fcm Aral\u0131\u011f\u0131\u00a0 \u00a0 \u00a0 \u00a0 \u00a0 \u00a0 \u00a0 \u00a0 \u00a0 \u00a0<\/strong><\/span><\/td>\n<td><span style=\"color: #000000;\"><strong>Sens\u00f6r Tipi<\/strong><\/span><\/td>\n<\/tr>\n<\/thead>\n<tbody>\n<tr>\n<td><span style=\"color: #000000;\">Metan (CH\u2084)<\/span><\/td>\n<td><span style=\"color: #000000;\">0,0-100% hacim<\/span><\/td>\n<td><span style=\"color: #000000;\">K\u0131z\u0131l\u00f6tesi sens\u00f6r<\/span><\/td>\n<\/tr>\n<tr>\n<td><span style=\"color: #000000;\">Karbondioksit (CO\u2082)\u00a0 \u00a0 \u00a0 \u00a0 \u00a0 \u00a0 \u00a0 \u00a0\u00a0<\/span><\/td>\n<td><span style=\"color: #000000;\">0-100% vol.<\/span><\/td>\n<td><span style=\"color: #000000;\">K\u0131z\u0131l\u00f6tesi sens\u00f6r<\/span><\/td>\n<\/tr>\n<tr>\n<td><span style=\"color: #000000;\">Oksijen (O\u2082)<\/span><\/td>\n<td><span style=\"color: #000000;\">0,0-25% hacim<\/span><\/td>\n<td><span style=\"color: #000000;\">Elektro-kimyasal sens\u00f6r<\/span><\/td>\n<\/tr>\n<tr>\n<td><span style=\"color: #000000;\">Hidrojen S\u00fclf\u00fcr (H\u2082S)<\/span><\/td>\n<td><span style=\"color: #000000;\">0-5000 ppm<\/span><\/td>\n<td><span style=\"color: #000000;\">Elektro-kimyasal sens\u00f6r<\/span><\/td>\n<\/tr>\n<tr>\n<td><span style=\"color: #000000;\">Karbon Monoksit (CO)<\/span><\/td>\n<td><span style=\"color: #000000;\">0-500 ppm<\/span><\/td>\n<td><span style=\"color: #000000;\">Elektro-kimyasal sens\u00f6r<\/span><\/td>\n<\/tr>\n<\/tbody>\n<\/table>\n<p style=\"text-align: left;\">","protected":false},"excerpt":{"rendered":"<h3><!--StartFragment --><\/h3>\n<h2><!--StartFragment --><\/h2>\n<h2><span style=\"color: #000000;\"><strong>Sewerin Multitec 545<\/strong><\/span><\/h2>\n<h3><span style=\"color: #000000;\"><strong>G\u00fcvenilir ve Hassas \u00c7oklu Gaz Dedekt\u00f6r\u00fc<\/strong><\/span><\/h3>\n<p><strong><span style=\"color: #000000;\">End\u00fcstriyel gaz analizi i\u00e7in geli\u015ftirilmi\u015f Sewerin Multitec 545, \u00e7e\u015fitli gaz t\u00fcrlerini ayn\u0131 anda \u00f6l\u00e7ebilen y\u00fcksek hassasiyetli sens\u00f6rleri ile g\u00fcvenlik ve verimlili\u011fi maksimum d\u00fczeye \u00e7\u0131kar\u0131r.<\/span><\/strong><br \/>\n<span style=\"color: #000000;\">\ud83d\udd39 <strong>\u00c7oklu Gaz Alg\u0131lama:<\/strong> Metan, propan, karbon monoksit ve daha fazlas\u0131n\u0131 tespit edebilir.<\/span><br \/>\n<span style=\"color: #000000;\">\ud83d\udd39 <strong>Kullan\u0131c\u0131 Dostu Aray\u00fcz:<\/strong> Net ekran ve sezgisel men\u00fc ile kolay kullan\u0131m.<\/span><br \/>\n<span style=\"color: #000000;\">\ud83d\udd39 <strong>Dayan\u0131kl\u0131 Tasar\u0131m:<\/strong> Zorlu \u00e7al\u0131\u015fma ortamlar\u0131 i\u00e7in geli\u015ftirilmi\u015f sa\u011flam g\u00f6vde.<\/span><br \/>\n<span style=\"color: #000000;\">\ud83d\udd39 <strong>Hassas \u00d6l\u00e7\u00fcm Teknolojisi:<\/strong> G\u00fcvenilir analizler sa\u011flayarak hatal\u0131 sonu\u00e7lar\u0131n \u00f6n\u00fcne ge\u00e7er.<\/span><\/p>\n<p><strong><span style=\"color: #000000;\">Altyap\u0131, end\u00fcstriyel tesisler ve g\u00fcvenlik uygulamalar\u0131nda profesyonel kullan\u0131m i\u00e7in ideal!<\/span><\/strong><!--EndFragment --><\/p>\n<p><!--EndFragment --><\/p>","protected":false},"featured_media":8352,"template":"","meta":{"_bst_post_transparent":"default","_bst_post_title":"","_bst_post_layout":"default","_bst_post_sidebar_id":"","_bst_post_content_style":"default","_bst_post_vertical_padding":"default","_bst_post_feature":"","_bst_post_feature_position":"","_bst_post_header":false,"_bst_post_footer":false},"product_brand":[2002],"product_cat":[144,147],"product_tag":[661,694,693,697,696,441,677],"product_brands":[],"class_list":{"0":"post-8351","1":"product","2":"type-product","3":"status-publish","4":"has-post-thumbnail","6":"product_brand-sewerin","7":"product_cat-biyogaz-ekipmanlari","8":"product_cat-gaz-kacak-tespit-ve-olcum","9":"product_tag-biyogaz","10":"product_tag-hidrojen-sulfur","11":"product_tag-karbon-monoksit","12":"product_tag-kizilotesi-sensor","13":"product_tag-multitec-545","14":"product_tag-sewerin","15":"product_tag-usb","17":"first","18":"instock","19":"shipping-taxable","20":"product-type-simple","21":"entry","22":"content-bg","23":"loop-entry"},"aioseo_notices":[],"aioseo_head":"\n\t\t<!-- All in One SEO Pro 4.9.6.2 - aioseo.com -->\n\t<meta name=\"description\" content=\"Altyap\u0131 ve \u015febeke tespitinde kullanabilece\u011finiz, profesy\u00f6nelli\u011finizi bir ad\u0131m ileri ta\u015f\u0131yacak bir \u00e7ok \u00fcr\u00fcn Enermak Enerji&#039;de. Multitec 545\" \/>\n\t<meta name=\"robots\" content=\"max-snippet:-1, max-image-preview:large, max-video-preview:-1\" \/>\n\t<meta name=\"yandex-verification\" content=\"yandex-verification: 61c39bc218eec6a9\" \/>\n\t<link rel=\"canonical\" href=\"https:\/\/enermak.com\/en\/urunler\/multitec-545\/\" \/>\n\t<meta name=\"generator\" content=\"All in One SEO Pro (AIOSEO) 4.9.6.2\" \/>\n\t\t<meta property=\"og:locale\" content=\"en_US\" \/>\n\t\t<meta property=\"og:site_name\" content=\"Enermak Enerji - Yeralt\u0131ndan Haberler\" \/>\n\t\t<meta property=\"og:type\" content=\"article\" \/>\n\t\t<meta property=\"og:title\" content=\"Sewerin Multitec 545 - Enermak Enerji\" \/>\n\t\t<meta property=\"og:description\" content=\"Altyap\u0131 ve \u015febeke tespitinde kullanabilece\u011finiz, profesy\u00f6nelli\u011finizi bir ad\u0131m ileri ta\u015f\u0131yacak bir \u00e7ok \u00fcr\u00fcn Enermak Enerji&#039;de. Multitec 545\" \/>\n\t\t<meta property=\"og:url\" content=\"https:\/\/enermak.com\/en\/urunler\/multitec-545\/\" \/>\n\t\t<meta property=\"og:image\" content=\"https:\/\/enermak.com\/wp-content\/uploads\/2022\/03\/logo-tr-1.png\" \/>\n\t\t<meta property=\"og:image:secure_url\" content=\"https:\/\/enermak.com\/wp-content\/uploads\/2022\/03\/logo-tr-1.png\" \/>\n\t\t<meta property=\"article:published_time\" content=\"2024-04-17T06:25:15+00:00\" \/>\n\t\t<meta property=\"article:modified_time\" content=\"2026-02-18T11:13:34+00:00\" \/>\n\t\t<meta property=\"article:publisher\" content=\"https:\/\/www.facebook.com\/YERALTINDANHABERLER\/\" \/>\n\t\t<meta name=\"twitter:card\" content=\"summary_large_image\" \/>\n\t\t<meta name=\"twitter:site\" content=\"@enerjienermak\" \/>\n\t\t<meta name=\"twitter:title\" content=\"Sewerin Multitec 545 - Enermak Enerji\" \/>\n\t\t<meta name=\"twitter:description\" content=\"Altyap\u0131 ve \u015febeke tespitinde kullanabilece\u011finiz, profesy\u00f6nelli\u011finizi bir ad\u0131m ileri ta\u015f\u0131yacak bir \u00e7ok \u00fcr\u00fcn Enermak Enerji&#039;de. Multitec 545\" \/>\n\t\t<meta name=\"twitter:image\" content=\"https:\/\/enermak.com\/wp-content\/uploads\/2022\/03\/logo-tr-1.png\" \/>\n\t\t<script type=\"application\/ld+json\" class=\"aioseo-schema\">\n\t\t\t{\"@context\":\"https:\\\/\\\/schema.org\",\"@graph\":[{\"@type\":\"BreadcrumbList\",\"@id\":\"https:\\\/\\\/enermak.com\\\/en\\\/urunler\\\/multitec-545\\\/#breadcrumblist\",\"itemListElement\":[{\"@type\":\"ListItem\",\"@id\":\"https:\\\/\\\/enermak.com\\\/en#listItem\",\"position\":1,\"name\":\"Home\",\"item\":\"https:\\\/\\\/enermak.com\\\/en\",\"nextItem\":{\"@type\":\"ListItem\",\"@id\":\"https:\\\/\\\/enermak.com\\\/en\\\/urunler\\\/#listItem\",\"name\":\"\\u00dcr\\u00fcnler\"}},{\"@type\":\"ListItem\",\"@id\":\"https:\\\/\\\/enermak.com\\\/en\\\/urunler\\\/#listItem\",\"position\":2,\"name\":\"\\u00dcr\\u00fcnler\",\"item\":\"https:\\\/\\\/enermak.com\\\/en\\\/urunler\\\/\",\"nextItem\":{\"@type\":\"ListItem\",\"@id\":\"https:\\\/\\\/enermak.com\\\/en\\\/brand\\\/sewerin\\\/#listItem\",\"name\":\"SEWERIN\"},\"previousItem\":{\"@type\":\"ListItem\",\"@id\":\"https:\\\/\\\/enermak.com\\\/en#listItem\",\"name\":\"Home\"}},{\"@type\":\"ListItem\",\"@id\":\"https:\\\/\\\/enermak.com\\\/en\\\/brand\\\/sewerin\\\/#listItem\",\"position\":3,\"name\":\"SEWERIN\",\"item\":\"https:\\\/\\\/enermak.com\\\/en\\\/brand\\\/sewerin\\\/\",\"nextItem\":{\"@type\":\"ListItem\",\"@id\":\"https:\\\/\\\/enermak.com\\\/en\\\/urunler\\\/multitec-545\\\/#listItem\",\"name\":\"Sewerin Multitec 545\"},\"previousItem\":{\"@type\":\"ListItem\",\"@id\":\"https:\\\/\\\/enermak.com\\\/en\\\/urunler\\\/#listItem\",\"name\":\"\\u00dcr\\u00fcnler\"}},{\"@type\":\"ListItem\",\"@id\":\"https:\\\/\\\/enermak.com\\\/en\\\/urunler\\\/multitec-545\\\/#listItem\",\"position\":4,\"name\":\"Sewerin Multitec 545\",\"previousItem\":{\"@type\":\"ListItem\",\"@id\":\"https:\\\/\\\/enermak.com\\\/en\\\/brand\\\/sewerin\\\/#listItem\",\"name\":\"SEWERIN\"}}]},{\"@type\":\"ItemPage\",\"@id\":\"https:\\\/\\\/enermak.com\\\/en\\\/urunler\\\/multitec-545\\\/#itempage\",\"url\":\"https:\\\/\\\/enermak.com\\\/en\\\/urunler\\\/multitec-545\\\/\",\"name\":\"Sewerin Multitec 545 - Enermak Enerji\",\"description\":\"Altyap\\u0131 ve \\u015febeke tespitinde kullanabilece\\u011finiz, profesy\\u00f6nelli\\u011finizi bir ad\\u0131m ileri ta\\u015f\\u0131yacak bir \\u00e7ok \\u00fcr\\u00fcn Enermak Enerji'de. Multitec 545\",\"inLanguage\":\"en-US\",\"isPartOf\":{\"@id\":\"https:\\\/\\\/enermak.com\\\/en\\\/#website\"},\"breadcrumb\":{\"@id\":\"https:\\\/\\\/enermak.com\\\/en\\\/urunler\\\/multitec-545\\\/#breadcrumblist\"},\"image\":{\"@type\":\"ImageObject\",\"url\":\"https:\\\/\\\/enermak.com\\\/wp-content\\\/uploads\\\/2022\\\/04\\\/1676281.jpg\",\"@id\":\"https:\\\/\\\/enermak.com\\\/en\\\/urunler\\\/multitec-545\\\/#mainImage\",\"width\":480,\"height\":480},\"primaryImageOfPage\":{\"@id\":\"https:\\\/\\\/enermak.com\\\/en\\\/urunler\\\/multitec-545\\\/#mainImage\"},\"datePublished\":\"2024-04-17T09:25:15+03:00\",\"dateModified\":\"2026-02-18T14:13:34+03:00\"},{\"@type\":\"Organization\",\"@id\":\"https:\\\/\\\/enermak.com\\\/en\\\/#organization\",\"name\":\"Enermak Enerji\",\"description\":\"Yeralt\\u0131ndan Haberler\",\"url\":\"https:\\\/\\\/enermak.com\\\/en\\\/\",\"telephone\":\"+903123851102\",\"logo\":{\"@type\":\"ImageObject\",\"url\":\"https:\\\/\\\/enermak.com\\\/wp-content\\\/uploads\\\/2022\\\/03\\\/logo-tr-1.png\",\"@id\":\"https:\\\/\\\/enermak.com\\\/en\\\/urunler\\\/multitec-545\\\/#organizationLogo\"},\"image\":{\"@id\":\"https:\\\/\\\/enermak.com\\\/en\\\/urunler\\\/multitec-545\\\/#organizationLogo\"},\"sameAs\":[\"https:\\\/\\\/www.facebook.com\\\/YERALTINDANHABERLER\\\/\",\"https:\\\/\\\/twitter.com\\\/enerjienermak\",\"https:\\\/\\\/www.instagram.com\\\/enermakenerji\\\/\",\"https:\\\/\\\/www.youtube.com\\\/c\\\/EnermakEnerji\",\"https:\\\/\\\/www.linkedin.com\\\/in\\\/enermak\"]},{\"@type\":\"WebPage\",\"@id\":\"https:\\\/\\\/enermak.com\\\/en\\\/urunler\\\/multitec-545\\\/#webpage\",\"url\":\"https:\\\/\\\/enermak.com\\\/en\\\/urunler\\\/multitec-545\\\/\",\"name\":\"Sewerin Multitec 545 - Enermak Enerji\",\"description\":\"Altyap\\u0131 ve \\u015febeke tespitinde kullanabilece\\u011finiz, profesy\\u00f6nelli\\u011finizi bir ad\\u0131m ileri ta\\u015f\\u0131yacak bir \\u00e7ok \\u00fcr\\u00fcn Enermak Enerji'de. Multitec 545\",\"inLanguage\":\"en-US\",\"isPartOf\":{\"@id\":\"https:\\\/\\\/enermak.com\\\/en\\\/#website\"},\"breadcrumb\":{\"@id\":\"https:\\\/\\\/enermak.com\\\/en\\\/urunler\\\/multitec-545\\\/#breadcrumblist\"},\"image\":{\"@type\":\"ImageObject\",\"url\":\"https:\\\/\\\/enermak.com\\\/wp-content\\\/uploads\\\/2022\\\/04\\\/1676281.jpg\",\"@id\":\"https:\\\/\\\/enermak.com\\\/en\\\/urunler\\\/multitec-545\\\/#mainImage\",\"width\":480,\"height\":480},\"primaryImageOfPage\":{\"@id\":\"https:\\\/\\\/enermak.com\\\/en\\\/urunler\\\/multitec-545\\\/#mainImage\"},\"datePublished\":\"2024-04-17T09:25:15+03:00\",\"dateModified\":\"2026-02-18T14:13:34+03:00\"},{\"@type\":\"WebSite\",\"@id\":\"https:\\\/\\\/enermak.com\\\/en\\\/#website\",\"url\":\"https:\\\/\\\/enermak.com\\\/en\\\/\",\"name\":\"Enermak Enerji\",\"alternateName\":\"Yeralt\\u0131ndan Haberler\",\"description\":\"Yeralt\\u0131ndan Haberler\",\"inLanguage\":\"en-US\",\"publisher\":{\"@id\":\"https:\\\/\\\/enermak.com\\\/en\\\/#organization\"}}]}\n\t\t<\/script>\n\t\t<!-- All in One SEO Pro -->\r\n\t\t<title>Sewerin Multitec 545 - Enermak Enerji<\/title>\n\n","aioseo_head_json":{"title":"Sewerin Multitec 545 - Enermak Enerji","description":"Altyap\u0131 ve \u015febeke tespitinde kullanabilece\u011finiz, profesy\u00f6nelli\u011finizi bir ad\u0131m ileri ta\u015f\u0131yacak bir \u00e7ok \u00fcr\u00fcn Enermak Enerji'de. Multitec 545","canonical_url":"https:\/\/enermak.com\/en\/urunler\/multitec-545\/","robots":"max-snippet:-1, max-image-preview:large, max-video-preview:-1","keywords":"","webmasterTools":{"yandex-verification":"yandex-verification: 61c39bc218eec6a9","miscellaneous":""},"schema":{"@context":"https:\/\/schema.org","@graph":[{"@type":"BreadcrumbList","@id":"https:\/\/enermak.com\/en\/urunler\/multitec-545\/#breadcrumblist","itemListElement":[{"@type":"ListItem","@id":"https:\/\/enermak.com\/en#listItem","position":1,"name":"Home","item":"https:\/\/enermak.com\/en","nextItem":{"@type":"ListItem","@id":"https:\/\/enermak.com\/en\/urunler\/#listItem","name":"\u00dcr\u00fcnler"}},{"@type":"ListItem","@id":"https:\/\/enermak.com\/en\/urunler\/#listItem","position":2,"name":"\u00dcr\u00fcnler","item":"https:\/\/enermak.com\/en\/urunler\/","nextItem":{"@type":"ListItem","@id":"https:\/\/enermak.com\/en\/brand\/sewerin\/#listItem","name":"SEWERIN"},"previousItem":{"@type":"ListItem","@id":"https:\/\/enermak.com\/en#listItem","name":"Home"}},{"@type":"ListItem","@id":"https:\/\/enermak.com\/en\/brand\/sewerin\/#listItem","position":3,"name":"SEWERIN","item":"https:\/\/enermak.com\/en\/brand\/sewerin\/","nextItem":{"@type":"ListItem","@id":"https:\/\/enermak.com\/en\/urunler\/multitec-545\/#listItem","name":"Sewerin Multitec 545"},"previousItem":{"@type":"ListItem","@id":"https:\/\/enermak.com\/en\/urunler\/#listItem","name":"\u00dcr\u00fcnler"}},{"@type":"ListItem","@id":"https:\/\/enermak.com\/en\/urunler\/multitec-545\/#listItem","position":4,"name":"Sewerin Multitec 545","previousItem":{"@type":"ListItem","@id":"https:\/\/enermak.com\/en\/brand\/sewerin\/#listItem","name":"SEWERIN"}}]},{"@type":"ItemPage","@id":"https:\/\/enermak.com\/en\/urunler\/multitec-545\/#itempage","url":"https:\/\/enermak.com\/en\/urunler\/multitec-545\/","name":"Sewerin Multitec 545 - Enermak Enerji","description":"Altyap\u0131 ve \u015febeke tespitinde kullanabilece\u011finiz, profesy\u00f6nelli\u011finizi bir ad\u0131m ileri ta\u015f\u0131yacak bir \u00e7ok \u00fcr\u00fcn Enermak Enerji'de. Multitec 545","inLanguage":"en-US","isPartOf":{"@id":"https:\/\/enermak.com\/en\/#website"},"breadcrumb":{"@id":"https:\/\/enermak.com\/en\/urunler\/multitec-545\/#breadcrumblist"},"image":{"@type":"ImageObject","url":"https:\/\/enermak.com\/wp-content\/uploads\/2022\/04\/1676281.jpg","@id":"https:\/\/enermak.com\/en\/urunler\/multitec-545\/#mainImage","width":480,"height":480},"primaryImageOfPage":{"@id":"https:\/\/enermak.com\/en\/urunler\/multitec-545\/#mainImage"},"datePublished":"2024-04-17T09:25:15+03:00","dateModified":"2026-02-18T14:13:34+03:00"},{"@type":"Organization","@id":"https:\/\/enermak.com\/en\/#organization","name":"Enermak Enerji","description":"Yeralt\u0131ndan Haberler","url":"https:\/\/enermak.com\/en\/","telephone":"+903123851102","logo":{"@type":"ImageObject","url":"https:\/\/enermak.com\/wp-content\/uploads\/2022\/03\/logo-tr-1.png","@id":"https:\/\/enermak.com\/en\/urunler\/multitec-545\/#organizationLogo"},"image":{"@id":"https:\/\/enermak.com\/en\/urunler\/multitec-545\/#organizationLogo"},"sameAs":["https:\/\/www.facebook.com\/YERALTINDANHABERLER\/","https:\/\/twitter.com\/enerjienermak","https:\/\/www.instagram.com\/enermakenerji\/","https:\/\/www.youtube.com\/c\/EnermakEnerji","https:\/\/www.linkedin.com\/in\/enermak"]},{"@type":"WebPage","@id":"https:\/\/enermak.com\/en\/urunler\/multitec-545\/#webpage","url":"https:\/\/enermak.com\/en\/urunler\/multitec-545\/","name":"Sewerin Multitec 545 - Enermak Enerji","description":"Altyap\u0131 ve \u015febeke tespitinde kullanabilece\u011finiz, profesy\u00f6nelli\u011finizi bir ad\u0131m ileri ta\u015f\u0131yacak bir \u00e7ok \u00fcr\u00fcn Enermak Enerji'de. Multitec 545","inLanguage":"en-US","isPartOf":{"@id":"https:\/\/enermak.com\/en\/#website"},"breadcrumb":{"@id":"https:\/\/enermak.com\/en\/urunler\/multitec-545\/#breadcrumblist"},"image":{"@type":"ImageObject","url":"https:\/\/enermak.com\/wp-content\/uploads\/2022\/04\/1676281.jpg","@id":"https:\/\/enermak.com\/en\/urunler\/multitec-545\/#mainImage","width":480,"height":480},"primaryImageOfPage":{"@id":"https:\/\/enermak.com\/en\/urunler\/multitec-545\/#mainImage"},"datePublished":"2024-04-17T09:25:15+03:00","dateModified":"2026-02-18T14:13:34+03:00"},{"@type":"WebSite","@id":"https:\/\/enermak.com\/en\/#website","url":"https:\/\/enermak.com\/en\/","name":"Enermak Enerji","alternateName":"Yeralt\u0131ndan Haberler","description":"Yeralt\u0131ndan Haberler","inLanguage":"en-US","publisher":{"@id":"https:\/\/enermak.com\/en\/#organization"}}]},"og:locale":"en_US","og:site_name":"Enermak Enerji - Yeralt\u0131ndan Haberler","og:type":"article","og:title":"Sewerin Multitec 545 - Enermak Enerji","og:description":"Altyap\u0131 ve \u015febeke tespitinde kullanabilece\u011finiz, profesy\u00f6nelli\u011finizi bir ad\u0131m ileri ta\u015f\u0131yacak bir \u00e7ok \u00fcr\u00fcn Enermak Enerji'de. Multitec 545","og:url":"https:\/\/enermak.com\/en\/urunler\/multitec-545\/","og:image":"https:\/\/enermak.com\/wp-content\/uploads\/2022\/03\/logo-tr-1.png","og:image:secure_url":"https:\/\/enermak.com\/wp-content\/uploads\/2022\/03\/logo-tr-1.png","article:published_time":"2024-04-17T06:25:15+00:00","article:modified_time":"2026-02-18T11:13:34+00:00","article:publisher":"https:\/\/www.facebook.com\/YERALTINDANHABERLER\/","twitter:card":"summary_large_image","twitter:site":"@enerjienermak","twitter:title":"Sewerin Multitec 545 - Enermak Enerji","twitter:description":"Altyap\u0131 ve \u015febeke tespitinde kullanabilece\u011finiz, profesy\u00f6nelli\u011finizi bir ad\u0131m ileri ta\u015f\u0131yacak bir \u00e7ok \u00fcr\u00fcn Enermak Enerji'de. Multitec 545","twitter:image":"https:\/\/enermak.com\/wp-content\/uploads\/2022\/03\/logo-tr-1.png"},"aioseo_meta_data":{"post_id":"8351","title":null,"description":"Altyap\u0131 ve \u015febeke tespitinde kullanabilece\u011finiz, profesy\u00f6nelli\u011finizi bir ad\u0131m ileri ta\u015f\u0131yacak bir \u00e7ok \u00fcr\u00fcn Enermak Enerji'de. Multitec 545","keywords":null,"keyphrases":{"focus":{"keyphrase":"Multitec 545","analysis":{"keyphraseInTitle":{"score":9,"maxScore":9,"error":0},"keyphraseInDescription":{"score":9,"maxScore":9,"error":0},"keyphraseLength":{"score":9,"maxScore":9,"error":0,"length":2},"keyphraseInURL":{"score":5,"maxScore":5,"error":0},"keyphraseInIntroduction":{"score":3,"maxScore":9,"error":1},"keyphraseInSubHeadings":{"score":3,"maxScore":9,"error":1},"keyphraseInImageAlt":[],"keywordDensity":{"score":0,"type":"low","maxScore":9,"error":1}},"score":64},"additional":[]},"primary_term":null,"canonical_url":null,"og_title":null,"og_description":null,"og_object_type":"default","og_image_type":"default","og_image_url":null,"og_image_width":null,"og_image_height":null,"og_image_custom_url":null,"og_image_custom_fields":null,"og_video":"","og_custom_url":null,"og_article_section":null,"og_article_tags":null,"twitter_use_og":false,"twitter_card":"default","twitter_image_type":"default","twitter_image_url":null,"twitter_image_custom_url":null,"twitter_image_custom_fields":null,"twitter_title":null,"twitter_description":null,"schema":{"blockGraphs":[],"customGraphs":[],"default":{"data":{"Article":[],"Course":[],"Dataset":[],"FAQPage":[],"Movie":[],"Person":[],"Product":[],"ProductReview":[],"Car":[],"Recipe":[],"Service":[],"SoftwareApplication":[],"WebPage":[]},"graphName":"ItemPage","isEnabled":true},"graphs":[]},"schema_type":"default","schema_type_options":"{\"article\":{\"articleType\":\"BlogPosting\"},\"course\":{\"name\":\"\",\"description\":\"\",\"provider\":\"\"},\"faq\":{\"pages\":[]},\"product\":{\"reviews\":[]},\"recipe\":{\"ingredients\":[],\"instructions\":[],\"keywords\":[]},\"software\":{\"reviews\":[],\"operatingSystems\":[]},\"webPage\":{\"webPageType\":\"WebPage\"},\"blockGraphs\":[]}","pillar_content":false,"robots_default":false,"robots_noindex":false,"robots_noarchive":false,"robots_nosnippet":false,"robots_nofollow":false,"robots_noimageindex":false,"robots_noodp":false,"robots_notranslate":false,"robots_max_snippet":"-1","robots_max_videopreview":"-1","robots_max_imagepreview":"large","priority":null,"frequency":"default","local_seo":null,"seo_analyzer_scan_date":"2026-02-18 11:13:56","breadcrumb_settings":null,"limit_modified_date":false,"reviewed_by":null,"open_ai":"{\"title\":{\"suggestions\":[],\"usage\":0},\"description\":{\"suggestions\":[],\"usage\":0}}","ai":{"faqs":[],"keyPoints":[],"titles":[],"descriptions":[],"socialPosts":{"email":[],"linkedin":[],"twitter":[],"facebook":[],"instagram":[]}},"created":"2022-09-12 10:40:54","updated":"2026-02-18 11:23:05"},"aioseo_breadcrumb":"<div class=\"aioseo-breadcrumbs\"><span class=\"aioseo-breadcrumb\">\n\t<a href=\"https:\/\/enermak.com\/en\" title=\"Home\">Home<\/a>\n<\/span><span class=\"aioseo-breadcrumb-separator\">\u00bb<\/span><span class=\"aioseo-breadcrumb\">\n\t<a href=\"https:\/\/enermak.com\/en\/urunler\/\" title=\"\u00dcr\u00fcnler\">\u00dcr\u00fcnler<\/a>\n<\/span><span class=\"aioseo-breadcrumb-separator\">\u00bb<\/span><span class=\"aioseo-breadcrumb\">\n\t<a href=\"https:\/\/enermak.com\/en\/brand\/sewerin\/\" title=\"SEWERIN\">SEWERIN<\/a>\n<\/span><span class=\"aioseo-breadcrumb-separator\">\u00bb<\/span><span class=\"aioseo-breadcrumb\">\n\tSewerin Multitec 545\n<\/span><\/div>","aioseo_breadcrumb_json":[{"label":"Home","link":"https:\/\/enermak.com\/en"},{"label":"\u00dcr\u00fcnler","link":"https:\/\/enermak.com\/en\/urunler\/"},{"label":"SEWERIN","link":"https:\/\/enermak.com\/en\/brand\/sewerin\/"},{"label":"Sewerin Multitec 545","link":"https:\/\/enermak.com\/en\/urunler\/multitec-545\/"}],"_links":{"self":[{"href":"https:\/\/enermak.com\/en\/wp-json\/wp\/v2\/product\/8351","targetHints":{"allow":["GET"]}}],"collection":[{"href":"https:\/\/enermak.com\/en\/wp-json\/wp\/v2\/product"}],"about":[{"href":"https:\/\/enermak.com\/en\/wp-json\/wp\/v2\/types\/product"}],"version-history":[{"count":0,"href":"https:\/\/enermak.com\/en\/wp-json\/wp\/v2\/product\/8351\/revisions"}],"wp:featuredmedia":[{"embeddable":true,"href":"https:\/\/enermak.com\/en\/wp-json\/wp\/v2\/media\/8352"}],"wp:attachment":[{"href":"https:\/\/enermak.com\/en\/wp-json\/wp\/v2\/media?parent=8351"}],"wp:term":[{"taxonomy":"product_brand","embeddable":true,"href":"https:\/\/enermak.com\/en\/wp-json\/wp\/v2\/product_brand?post=8351"},{"taxonomy":"product_cat","embeddable":true,"href":"https:\/\/enermak.com\/en\/wp-json\/wp\/v2\/product_cat?post=8351"},{"taxonomy":"product_tag","embeddable":true,"href":"https:\/\/enermak.com\/en\/wp-json\/wp\/v2\/product_tag?post=8351"},{"taxonomy":"product_brands","embeddable":true,"href":"https:\/\/enermak.com\/en\/wp-json\/wp\/v2\/product_brands?post=8351"}],"curies":[{"name":"wp","href":"https:\/\/api.w.org\/{rel}","templated":true}]}}