{"id":36518,"date":"2025-09-29T13:28:57","date_gmt":"2025-09-29T10:28:57","guid":{"rendered":"https:\/\/enermak.com\/?post_type=product&#038;p=36518"},"modified":"2026-02-18T11:41:59","modified_gmt":"2026-02-18T08:41:59","slug":"ufp-30-ultrasonik-akis-olcer","status":"publish","type":"product","link":"https:\/\/enermak.com\/en\/urunler\/ufp-30-ultrasonik-akis-olcer\/","title":{"rendered":"UFP-30 Ultrasonik Ak\u0131\u015f \u00d6l\u00e7er"},"content":{"rendered":"<h2 class=\"wp-block-heading has-medium-font-size\"><span style=\"color: #000000;\">Tokio Keiki UFP-30<\/span><\/h2>\n<p><span style=\"color: #000000;\"><!--StartFragment --><\/span><\/p>\n<p><span style=\"color: #000000;\">End\u00fcstriyel uygulamalarda kullan\u0131lan bir <strong>ultrasonik ak\u0131\u015f \u00f6l\u00e7er<\/strong> (ultrasonic flowmeter) modelidir. \u00d6zellikle s\u0131v\u0131lar\u0131n boru i\u00e7indeki ak\u0131\u015f h\u0131z\u0131n\u0131 temass\u0131z \u015fekilde \u00f6l\u00e7mek i\u00e7in tasarlanm\u0131\u015ft\u0131r. \u0130\u015fte temel \u00f6zellikleri:<\/span><\/p>\n<h3 class=\"wp-block-heading has-medium-font-size\"><span style=\"color: #000000;\">Tokio Keiki UFP-30 \u00d6zellikleri<\/span><\/h3>\n<p><span style=\"color: #000000;\"><strong>Ultrasonik \u00f6l\u00e7\u00fcm prensibi<\/strong>: Boru d\u0131\u015f\u0131na monte edilen sens\u00f6rler sayesinde s\u0131v\u0131n\u0131n ak\u0131\u015f h\u0131z\u0131n\u0131 ultrasonik dalgalarla \u00f6l\u00e7er.<\/span><\/p>\n<p><span style=\"color: #000000;\"><strong>Temass\u0131z yap\u0131<\/strong>: S\u0131v\u0131yla do\u011frudan temas etmeden \u00f6l\u00e7\u00fcm yap\u0131l\u0131r, bu da hijyenik ve g\u00fcvenli kullan\u0131m sa\u011flar.<\/span><\/p>\n<p><span style=\"color: #000000;\"><strong>\u00c7e\u015fitli boru \u00e7aplar\u0131yla uyumlu<\/strong>: Farkl\u0131 \u00e7ap ve malzemedeki borulara kolayca adapte edilebilir.<\/span><\/p>\n<p><span style=\"color: #000000;\"><strong>Y\u00fcksek hassasiyet<\/strong>: \u00b11% do\u011fruluk oran\u0131 ile g\u00fcvenilir veri sa\u011flar.<\/span><\/p>\n<p><span style=\"color: #000000;\"><strong>Dijital ekran ve \u00e7\u0131k\u0131\u015flar<\/strong>: LCD ekran \u00fczerinden veri takibi yap\u0131labilir; analog ve dijital \u00e7\u0131k\u0131\u015flarla otomasyon sistemlerine entegre edilebilir.<\/span><\/p>\n<p><span style=\"color: #000000;\"><strong>Kompakt ve ta\u015f\u0131nabilir<\/strong>: Genellikle ta\u015f\u0131nabilir versiyonlar\u0131 da mevcuttur, saha \u00f6l\u00e7\u00fcmleri i\u00e7in idealdir.<\/span><\/p>\n<hr \/>\n<h2 class=\"wp-block-heading has-medium-font-size\"><span style=\"color: #000000;\">Kullan\u0131m Alanlar\u0131<\/span><\/h2>\n<p><span style=\"color: #000000;\">Su ve at\u0131k su y\u00f6netimi<\/span><br \/>\n<span style=\"color: #000000;\">Kimya ve petrokimya tesisleri<\/span><br \/>\n<span style=\"color: #000000;\">G\u0131da ve i\u00e7ecek end\u00fcstrisi<\/span><br \/>\n<span style=\"color: #000000;\">HVAC sistemleri<\/span><br \/>\n<span style=\"color: #000000;\">Enerji santralleri<\/span><\/p>\n<p><!--EndFragment --><\/p>\n<p><!--EndFragment --><\/p>","protected":false},"excerpt":{"rendered":"<h2 class=\"wp-block-heading has-medium-font-size\"><span style=\"color: #000000;\">Tokio Keiki UFP-30<\/span><\/h2>\n<p><span style=\"color: #000000;\"><!--StartFragment --><\/span><\/p>\n<p><span style=\"color: #000000;\">End\u00fcstriyel uygulamalarda kullan\u0131lan bir <strong>ultrasonik ak\u0131\u015f \u00f6l\u00e7er<\/strong> (ultrasonic flowmeter) modelidir. \u00d6zellikle s\u0131v\u0131lar\u0131n boru i\u00e7indeki ak\u0131\u015f h\u0131z\u0131n\u0131 temass\u0131z \u015fekilde \u00f6l\u00e7mek i\u00e7in tasarlanm\u0131\u015ft\u0131r.<\/span><\/p>\n<h2 class=\"wp-block-heading has-medium-font-size\"><span style=\"color: #000000;\">Kullan\u0131m Alanlar\u0131<\/span><\/h2>\n<p><span style=\"color: #000000;\">Su ve at\u0131k su y\u00f6netimi<\/span><\/p>\n<p><span style=\"color: #000000;\">Kimya ve petrokimya tesisleri<\/span><\/p>\n<p><span style=\"color: #000000;\">G\u0131da ve i\u00e7ecek end\u00fcstrisi<\/span><\/p>\n<p><span style=\"color: #000000;\">HVAC sistemleri<\/span><\/p>\n<p><span style=\"color: #000000;\">Enerji santralleri<\/span><\/p>\n<p>&nbsp;<\/p>","protected":false},"featured_media":36544,"template":"","meta":{"_bst_post_transparent":"default","_bst_post_title":"","_bst_post_layout":"default","_bst_post_sidebar_id":"","_bst_post_content_style":"default","_bst_post_vertical_padding":"default","_bst_post_feature":"","_bst_post_feature_position":"","_bst_post_header":false,"_bst_post_footer":false},"product_brand":[1782],"product_cat":[146],"product_tag":[757,1784,1783,728],"product_brands":[],"class_list":{"0":"post-36518","1":"product","2":"type-product","3":"status-publish","4":"has-post-thumbnail","6":"product_brand-tokyo-keiki","7":"product_cat-debi-basinc-seviye-olcumu","8":"product_tag-akis-olcer","9":"product_tag-tokio-keiki","10":"product_tag-ufp-30","11":"product_tag-ultrasonik","13":"first","14":"instock","15":"shipping-taxable","16":"product-type-simple","17":"entry","18":"content-bg","19":"loop-entry"},"aioseo_notices":[],"aioseo_head":"\n\t\t<!-- All in One SEO Pro 4.9.6.2 - aioseo.com -->\n\t<meta name=\"description\" content=\"Ta\u015f\u0131nabilir UFP-30 ultrasonik ak\u0131\u015f \u00f6l\u00e7er ile hassas debi \u00f6l\u00e7\u00fcm\u00fc! Boru d\u0131\u015f\u0131ndan m\u00fcdahalesiz \u00f6l\u00e7\u00fcm imkan\u0131 ve y\u00fcksek do\u011fruluk oran\u0131 sunan cihaz\u0131 hemen inceleyin.\" \/>\n\t<meta name=\"robots\" content=\"max-image-preview:large\" \/>\n\t<meta name=\"yandex-verification\" content=\"yandex-verification: 61c39bc218eec6a9\" \/>\n\t<link rel=\"canonical\" href=\"https:\/\/enermak.com\/en\/urunler\/ufp-30-ultrasonik-akis-olcer\/\" \/>\n\t<meta name=\"generator\" content=\"All in One SEO Pro (AIOSEO) 4.9.6.2\" \/>\n\t\t<meta property=\"og:locale\" content=\"en_US\" \/>\n\t\t<meta property=\"og:site_name\" content=\"Enermak Enerji - Yeralt\u0131ndan Haberler\" \/>\n\t\t<meta property=\"og:type\" content=\"article\" \/>\n\t\t<meta property=\"og:title\" content=\"UFP-30 Ultrasonik Ak\u0131\u015f \u00d6l\u00e7er - Enermak Enerji\" \/>\n\t\t<meta property=\"og:description\" content=\"Ta\u015f\u0131nabilir UFP-30 ultrasonik ak\u0131\u015f \u00f6l\u00e7er ile hassas debi \u00f6l\u00e7\u00fcm\u00fc! Boru d\u0131\u015f\u0131ndan m\u00fcdahalesiz \u00f6l\u00e7\u00fcm imkan\u0131 ve y\u00fcksek do\u011fruluk oran\u0131 sunan cihaz\u0131 hemen inceleyin.\" \/>\n\t\t<meta property=\"og:url\" content=\"https:\/\/enermak.com\/en\/urunler\/ufp-30-ultrasonik-akis-olcer\/\" \/>\n\t\t<meta property=\"og:image\" content=\"https:\/\/enermak.com\/wp-content\/uploads\/2022\/03\/logo-tr-1.png\" \/>\n\t\t<meta property=\"og:image:secure_url\" content=\"https:\/\/enermak.com\/wp-content\/uploads\/2022\/03\/logo-tr-1.png\" \/>\n\t\t<meta property=\"article:published_time\" content=\"2025-09-29T10:28:57+00:00\" \/>\n\t\t<meta property=\"article:modified_time\" content=\"2026-02-18T08:41:59+00:00\" \/>\n\t\t<meta property=\"article:publisher\" content=\"https:\/\/www.facebook.com\/YERALTINDANHABERLER\/\" \/>\n\t\t<meta name=\"twitter:card\" content=\"summary_large_image\" \/>\n\t\t<meta name=\"twitter:site\" content=\"@enerjienermak\" \/>\n\t\t<meta name=\"twitter:title\" content=\"UFP-30 Ultrasonik Ak\u0131\u015f \u00d6l\u00e7er - Enermak Enerji\" \/>\n\t\t<meta name=\"twitter:description\" content=\"Ta\u015f\u0131nabilir UFP-30 ultrasonik ak\u0131\u015f \u00f6l\u00e7er ile hassas debi \u00f6l\u00e7\u00fcm\u00fc! Boru d\u0131\u015f\u0131ndan m\u00fcdahalesiz \u00f6l\u00e7\u00fcm imkan\u0131 ve y\u00fcksek do\u011fruluk oran\u0131 sunan cihaz\u0131 hemen inceleyin.\" \/>\n\t\t<meta name=\"twitter:image\" content=\"https:\/\/enermak.com\/wp-content\/uploads\/2022\/03\/logo-tr-1.png\" \/>\n\t\t<script type=\"application\/ld+json\" class=\"aioseo-schema\">\n\t\t\t{\"@context\":\"https:\\\/\\\/schema.org\",\"@graph\":[{\"@type\":\"BreadcrumbList\",\"@id\":\"https:\\\/\\\/enermak.com\\\/en\\\/urunler\\\/ufp-30-ultrasonik-akis-olcer\\\/#breadcrumblist\",\"itemListElement\":[{\"@type\":\"ListItem\",\"@id\":\"https:\\\/\\\/enermak.com\\\/en#listItem\",\"position\":1,\"name\":\"Home\",\"item\":\"https:\\\/\\\/enermak.com\\\/en\",\"nextItem\":{\"@type\":\"ListItem\",\"@id\":\"https:\\\/\\\/enermak.com\\\/en\\\/urunler\\\/#listItem\",\"name\":\"\\u00dcr\\u00fcnler\"}},{\"@type\":\"ListItem\",\"@id\":\"https:\\\/\\\/enermak.com\\\/en\\\/urunler\\\/#listItem\",\"position\":2,\"name\":\"\\u00dcr\\u00fcnler\",\"item\":\"https:\\\/\\\/enermak.com\\\/en\\\/urunler\\\/\",\"nextItem\":{\"@type\":\"ListItem\",\"@id\":\"https:\\\/\\\/enermak.com\\\/en\\\/brand\\\/tokyo-keiki\\\/#listItem\",\"name\":\"TOKYO KEIKI\"},\"previousItem\":{\"@type\":\"ListItem\",\"@id\":\"https:\\\/\\\/enermak.com\\\/en#listItem\",\"name\":\"Home\"}},{\"@type\":\"ListItem\",\"@id\":\"https:\\\/\\\/enermak.com\\\/en\\\/brand\\\/tokyo-keiki\\\/#listItem\",\"position\":3,\"name\":\"TOKYO KEIKI\",\"item\":\"https:\\\/\\\/enermak.com\\\/en\\\/brand\\\/tokyo-keiki\\\/\",\"nextItem\":{\"@type\":\"ListItem\",\"@id\":\"https:\\\/\\\/enermak.com\\\/en\\\/urunler\\\/ufp-30-ultrasonik-akis-olcer\\\/#listItem\",\"name\":\"UFP-30 Ultrasonik Ak\\u0131\\u015f \\u00d6l\\u00e7er\"},\"previousItem\":{\"@type\":\"ListItem\",\"@id\":\"https:\\\/\\\/enermak.com\\\/en\\\/urunler\\\/#listItem\",\"name\":\"\\u00dcr\\u00fcnler\"}},{\"@type\":\"ListItem\",\"@id\":\"https:\\\/\\\/enermak.com\\\/en\\\/urunler\\\/ufp-30-ultrasonik-akis-olcer\\\/#listItem\",\"position\":4,\"name\":\"UFP-30 Ultrasonik Ak\\u0131\\u015f \\u00d6l\\u00e7er\",\"previousItem\":{\"@type\":\"ListItem\",\"@id\":\"https:\\\/\\\/enermak.com\\\/en\\\/brand\\\/tokyo-keiki\\\/#listItem\",\"name\":\"TOKYO KEIKI\"}}]},{\"@type\":\"ItemPage\",\"@id\":\"https:\\\/\\\/enermak.com\\\/en\\\/urunler\\\/ufp-30-ultrasonik-akis-olcer\\\/#itempage\",\"url\":\"https:\\\/\\\/enermak.com\\\/en\\\/urunler\\\/ufp-30-ultrasonik-akis-olcer\\\/\",\"name\":\"UFP-30 Ultrasonik Ak\\u0131\\u015f \\u00d6l\\u00e7er - Enermak Enerji\",\"description\":\"Ta\\u015f\\u0131nabilir UFP-30 ultrasonik ak\\u0131\\u015f \\u00f6l\\u00e7er ile hassas debi \\u00f6l\\u00e7\\u00fcm\\u00fc! Boru d\\u0131\\u015f\\u0131ndan m\\u00fcdahalesiz \\u00f6l\\u00e7\\u00fcm imkan\\u0131 ve y\\u00fcksek do\\u011fruluk oran\\u0131 sunan cihaz\\u0131 hemen inceleyin.\",\"inLanguage\":\"en-US\",\"isPartOf\":{\"@id\":\"https:\\\/\\\/enermak.com\\\/en\\\/#website\"},\"breadcrumb\":{\"@id\":\"https:\\\/\\\/enermak.com\\\/en\\\/urunler\\\/ufp-30-ultrasonik-akis-olcer\\\/#breadcrumblist\"},\"image\":{\"@type\":\"ImageObject\",\"url\":\"https:\\\/\\\/enermak.com\\\/wp-content\\\/uploads\\\/2025\\\/09\\\/UFP-30-Ultrasonik-Akis-Olcer.webp\",\"@id\":\"https:\\\/\\\/enermak.com\\\/en\\\/urunler\\\/ufp-30-ultrasonik-akis-olcer\\\/#mainImage\",\"width\":600,\"height\":600,\"caption\":\"UFP-30 Ultrasonik Ak\\u0131\\u015f \\u00d6l\\u00e7er\"},\"primaryImageOfPage\":{\"@id\":\"https:\\\/\\\/enermak.com\\\/en\\\/urunler\\\/ufp-30-ultrasonik-akis-olcer\\\/#mainImage\"},\"datePublished\":\"2025-09-29T13:28:57+03:00\",\"dateModified\":\"2026-02-18T11:41:59+03:00\"},{\"@type\":\"Organization\",\"@id\":\"https:\\\/\\\/enermak.com\\\/en\\\/#organization\",\"name\":\"Enermak Enerji\",\"description\":\"Yeralt\\u0131ndan Haberler\",\"url\":\"https:\\\/\\\/enermak.com\\\/en\\\/\",\"telephone\":\"+903123851102\",\"logo\":{\"@type\":\"ImageObject\",\"url\":\"https:\\\/\\\/enermak.com\\\/wp-content\\\/uploads\\\/2022\\\/03\\\/logo-tr-1.png\",\"@id\":\"https:\\\/\\\/enermak.com\\\/en\\\/urunler\\\/ufp-30-ultrasonik-akis-olcer\\\/#organizationLogo\"},\"image\":{\"@id\":\"https:\\\/\\\/enermak.com\\\/en\\\/urunler\\\/ufp-30-ultrasonik-akis-olcer\\\/#organizationLogo\"},\"sameAs\":[\"https:\\\/\\\/www.facebook.com\\\/YERALTINDANHABERLER\\\/\",\"https:\\\/\\\/twitter.com\\\/enerjienermak\",\"https:\\\/\\\/www.instagram.com\\\/enermakenerji\\\/\",\"https:\\\/\\\/www.youtube.com\\\/c\\\/EnermakEnerji\",\"https:\\\/\\\/www.linkedin.com\\\/in\\\/enermak\"]},{\"@type\":\"WebPage\",\"@id\":\"https:\\\/\\\/enermak.com\\\/en\\\/urunler\\\/ufp-30-ultrasonik-akis-olcer\\\/#webpage\",\"url\":\"https:\\\/\\\/enermak.com\\\/en\\\/urunler\\\/ufp-30-ultrasonik-akis-olcer\\\/\",\"name\":\"UFP-30 Ultrasonik Ak\\u0131\\u015f \\u00d6l\\u00e7er - Enermak Enerji\",\"description\":\"Ta\\u015f\\u0131nabilir UFP-30 ultrasonik ak\\u0131\\u015f \\u00f6l\\u00e7er ile hassas debi \\u00f6l\\u00e7\\u00fcm\\u00fc! Boru d\\u0131\\u015f\\u0131ndan m\\u00fcdahalesiz \\u00f6l\\u00e7\\u00fcm imkan\\u0131 ve y\\u00fcksek do\\u011fruluk oran\\u0131 sunan cihaz\\u0131 hemen inceleyin.\",\"inLanguage\":\"en-US\",\"isPartOf\":{\"@id\":\"https:\\\/\\\/enermak.com\\\/en\\\/#website\"},\"breadcrumb\":{\"@id\":\"https:\\\/\\\/enermak.com\\\/en\\\/urunler\\\/ufp-30-ultrasonik-akis-olcer\\\/#breadcrumblist\"},\"image\":{\"@type\":\"ImageObject\",\"url\":\"https:\\\/\\\/enermak.com\\\/wp-content\\\/uploads\\\/2025\\\/09\\\/UFP-30-Ultrasonik-Akis-Olcer.webp\",\"@id\":\"https:\\\/\\\/enermak.com\\\/en\\\/urunler\\\/ufp-30-ultrasonik-akis-olcer\\\/#mainImage\",\"width\":600,\"height\":600,\"caption\":\"UFP-30 Ultrasonik Ak\\u0131\\u015f \\u00d6l\\u00e7er\"},\"primaryImageOfPage\":{\"@id\":\"https:\\\/\\\/enermak.com\\\/en\\\/urunler\\\/ufp-30-ultrasonik-akis-olcer\\\/#mainImage\"},\"datePublished\":\"2025-09-29T13:28:57+03:00\",\"dateModified\":\"2026-02-18T11:41:59+03:00\"},{\"@type\":\"WebSite\",\"@id\":\"https:\\\/\\\/enermak.com\\\/en\\\/#website\",\"url\":\"https:\\\/\\\/enermak.com\\\/en\\\/\",\"name\":\"Enermak Enerji\",\"alternateName\":\"Yeralt\\u0131ndan Haberler\",\"description\":\"Yeralt\\u0131ndan Haberler\",\"inLanguage\":\"en-US\",\"publisher\":{\"@id\":\"https:\\\/\\\/enermak.com\\\/en\\\/#organization\"}}]}\n\t\t<\/script>\n\t\t<!-- All in One SEO Pro -->\r\n\t\t<title>UFP-30 Ultrasonik Ak\u0131\u015f \u00d6l\u00e7er - Enermak Enerji<\/title>\n\n","aioseo_head_json":{"title":"UFP-30 Ultrasonik Ak\u0131\u015f \u00d6l\u00e7er - Enermak Enerji","description":"Ta\u015f\u0131nabilir UFP-30 ultrasonik ak\u0131\u015f \u00f6l\u00e7er ile hassas debi \u00f6l\u00e7\u00fcm\u00fc! Boru d\u0131\u015f\u0131ndan m\u00fcdahalesiz \u00f6l\u00e7\u00fcm imkan\u0131 ve y\u00fcksek do\u011fruluk oran\u0131 sunan cihaz\u0131 hemen inceleyin.","canonical_url":"https:\/\/enermak.com\/en\/urunler\/ufp-30-ultrasonik-akis-olcer\/","robots":"max-image-preview:large","keywords":"","webmasterTools":{"yandex-verification":"yandex-verification: 61c39bc218eec6a9","miscellaneous":""},"schema":{"@context":"https:\/\/schema.org","@graph":[{"@type":"BreadcrumbList","@id":"https:\/\/enermak.com\/en\/urunler\/ufp-30-ultrasonik-akis-olcer\/#breadcrumblist","itemListElement":[{"@type":"ListItem","@id":"https:\/\/enermak.com\/en#listItem","position":1,"name":"Home","item":"https:\/\/enermak.com\/en","nextItem":{"@type":"ListItem","@id":"https:\/\/enermak.com\/en\/urunler\/#listItem","name":"\u00dcr\u00fcnler"}},{"@type":"ListItem","@id":"https:\/\/enermak.com\/en\/urunler\/#listItem","position":2,"name":"\u00dcr\u00fcnler","item":"https:\/\/enermak.com\/en\/urunler\/","nextItem":{"@type":"ListItem","@id":"https:\/\/enermak.com\/en\/brand\/tokyo-keiki\/#listItem","name":"TOKYO KEIKI"},"previousItem":{"@type":"ListItem","@id":"https:\/\/enermak.com\/en#listItem","name":"Home"}},{"@type":"ListItem","@id":"https:\/\/enermak.com\/en\/brand\/tokyo-keiki\/#listItem","position":3,"name":"TOKYO KEIKI","item":"https:\/\/enermak.com\/en\/brand\/tokyo-keiki\/","nextItem":{"@type":"ListItem","@id":"https:\/\/enermak.com\/en\/urunler\/ufp-30-ultrasonik-akis-olcer\/#listItem","name":"UFP-30 Ultrasonik Ak\u0131\u015f \u00d6l\u00e7er"},"previousItem":{"@type":"ListItem","@id":"https:\/\/enermak.com\/en\/urunler\/#listItem","name":"\u00dcr\u00fcnler"}},{"@type":"ListItem","@id":"https:\/\/enermak.com\/en\/urunler\/ufp-30-ultrasonik-akis-olcer\/#listItem","position":4,"name":"UFP-30 Ultrasonik Ak\u0131\u015f \u00d6l\u00e7er","previousItem":{"@type":"ListItem","@id":"https:\/\/enermak.com\/en\/brand\/tokyo-keiki\/#listItem","name":"TOKYO KEIKI"}}]},{"@type":"ItemPage","@id":"https:\/\/enermak.com\/en\/urunler\/ufp-30-ultrasonik-akis-olcer\/#itempage","url":"https:\/\/enermak.com\/en\/urunler\/ufp-30-ultrasonik-akis-olcer\/","name":"UFP-30 Ultrasonik Ak\u0131\u015f \u00d6l\u00e7er - Enermak Enerji","description":"Ta\u015f\u0131nabilir UFP-30 ultrasonik ak\u0131\u015f \u00f6l\u00e7er ile hassas debi \u00f6l\u00e7\u00fcm\u00fc! Boru d\u0131\u015f\u0131ndan m\u00fcdahalesiz \u00f6l\u00e7\u00fcm imkan\u0131 ve y\u00fcksek do\u011fruluk oran\u0131 sunan cihaz\u0131 hemen inceleyin.","inLanguage":"en-US","isPartOf":{"@id":"https:\/\/enermak.com\/en\/#website"},"breadcrumb":{"@id":"https:\/\/enermak.com\/en\/urunler\/ufp-30-ultrasonik-akis-olcer\/#breadcrumblist"},"image":{"@type":"ImageObject","url":"https:\/\/enermak.com\/wp-content\/uploads\/2025\/09\/UFP-30-Ultrasonik-Akis-Olcer.webp","@id":"https:\/\/enermak.com\/en\/urunler\/ufp-30-ultrasonik-akis-olcer\/#mainImage","width":600,"height":600,"caption":"UFP-30 Ultrasonik Ak\u0131\u015f \u00d6l\u00e7er"},"primaryImageOfPage":{"@id":"https:\/\/enermak.com\/en\/urunler\/ufp-30-ultrasonik-akis-olcer\/#mainImage"},"datePublished":"2025-09-29T13:28:57+03:00","dateModified":"2026-02-18T11:41:59+03:00"},{"@type":"Organization","@id":"https:\/\/enermak.com\/en\/#organization","name":"Enermak Enerji","description":"Yeralt\u0131ndan Haberler","url":"https:\/\/enermak.com\/en\/","telephone":"+903123851102","logo":{"@type":"ImageObject","url":"https:\/\/enermak.com\/wp-content\/uploads\/2022\/03\/logo-tr-1.png","@id":"https:\/\/enermak.com\/en\/urunler\/ufp-30-ultrasonik-akis-olcer\/#organizationLogo"},"image":{"@id":"https:\/\/enermak.com\/en\/urunler\/ufp-30-ultrasonik-akis-olcer\/#organizationLogo"},"sameAs":["https:\/\/www.facebook.com\/YERALTINDANHABERLER\/","https:\/\/twitter.com\/enerjienermak","https:\/\/www.instagram.com\/enermakenerji\/","https:\/\/www.youtube.com\/c\/EnermakEnerji","https:\/\/www.linkedin.com\/in\/enermak"]},{"@type":"WebPage","@id":"https:\/\/enermak.com\/en\/urunler\/ufp-30-ultrasonik-akis-olcer\/#webpage","url":"https:\/\/enermak.com\/en\/urunler\/ufp-30-ultrasonik-akis-olcer\/","name":"UFP-30 Ultrasonik Ak\u0131\u015f \u00d6l\u00e7er - Enermak Enerji","description":"Ta\u015f\u0131nabilir UFP-30 ultrasonik ak\u0131\u015f \u00f6l\u00e7er ile hassas debi \u00f6l\u00e7\u00fcm\u00fc! Boru d\u0131\u015f\u0131ndan m\u00fcdahalesiz \u00f6l\u00e7\u00fcm imkan\u0131 ve y\u00fcksek do\u011fruluk oran\u0131 sunan cihaz\u0131 hemen inceleyin.","inLanguage":"en-US","isPartOf":{"@id":"https:\/\/enermak.com\/en\/#website"},"breadcrumb":{"@id":"https:\/\/enermak.com\/en\/urunler\/ufp-30-ultrasonik-akis-olcer\/#breadcrumblist"},"image":{"@type":"ImageObject","url":"https:\/\/enermak.com\/wp-content\/uploads\/2025\/09\/UFP-30-Ultrasonik-Akis-Olcer.webp","@id":"https:\/\/enermak.com\/en\/urunler\/ufp-30-ultrasonik-akis-olcer\/#mainImage","width":600,"height":600,"caption":"UFP-30 Ultrasonik Ak\u0131\u015f \u00d6l\u00e7er"},"primaryImageOfPage":{"@id":"https:\/\/enermak.com\/en\/urunler\/ufp-30-ultrasonik-akis-olcer\/#mainImage"},"datePublished":"2025-09-29T13:28:57+03:00","dateModified":"2026-02-18T11:41:59+03:00"},{"@type":"WebSite","@id":"https:\/\/enermak.com\/en\/#website","url":"https:\/\/enermak.com\/en\/","name":"Enermak Enerji","alternateName":"Yeralt\u0131ndan Haberler","description":"Yeralt\u0131ndan Haberler","inLanguage":"en-US","publisher":{"@id":"https:\/\/enermak.com\/en\/#organization"}}]},"og:locale":"en_US","og:site_name":"Enermak Enerji - Yeralt\u0131ndan Haberler","og:type":"article","og:title":"UFP-30 Ultrasonik Ak\u0131\u015f \u00d6l\u00e7er - Enermak Enerji","og:description":"Ta\u015f\u0131nabilir UFP-30 ultrasonik ak\u0131\u015f \u00f6l\u00e7er ile hassas debi \u00f6l\u00e7\u00fcm\u00fc! Boru d\u0131\u015f\u0131ndan m\u00fcdahalesiz \u00f6l\u00e7\u00fcm imkan\u0131 ve y\u00fcksek do\u011fruluk oran\u0131 sunan cihaz\u0131 hemen inceleyin.","og:url":"https:\/\/enermak.com\/en\/urunler\/ufp-30-ultrasonik-akis-olcer\/","og:image":"https:\/\/enermak.com\/wp-content\/uploads\/2022\/03\/logo-tr-1.png","og:image:secure_url":"https:\/\/enermak.com\/wp-content\/uploads\/2022\/03\/logo-tr-1.png","article:published_time":"2025-09-29T10:28:57+00:00","article:modified_time":"2026-02-18T08:41:59+00:00","article:publisher":"https:\/\/www.facebook.com\/YERALTINDANHABERLER\/","twitter:card":"summary_large_image","twitter:site":"@enerjienermak","twitter:title":"UFP-30 Ultrasonik Ak\u0131\u015f \u00d6l\u00e7er - Enermak Enerji","twitter:description":"Ta\u015f\u0131nabilir UFP-30 ultrasonik ak\u0131\u015f \u00f6l\u00e7er ile hassas debi \u00f6l\u00e7\u00fcm\u00fc! Boru d\u0131\u015f\u0131ndan m\u00fcdahalesiz \u00f6l\u00e7\u00fcm imkan\u0131 ve y\u00fcksek do\u011fruluk oran\u0131 sunan cihaz\u0131 hemen inceleyin.","twitter:image":"https:\/\/enermak.com\/wp-content\/uploads\/2022\/03\/logo-tr-1.png"},"aioseo_meta_data":{"post_id":"36518","title":null,"description":"Ta\u015f\u0131nabilir UFP-30 ultrasonik ak\u0131\u015f \u00f6l\u00e7er ile hassas debi \u00f6l\u00e7\u00fcm\u00fc! Boru d\u0131\u015f\u0131ndan m\u00fcdahalesiz \u00f6l\u00e7\u00fcm imkan\u0131 ve y\u00fcksek do\u011fruluk oran\u0131 sunan cihaz\u0131 hemen inceleyin.","keywords":null,"keyphrases":{"focus":{"keyphrase":"UFP-30 Ultrasonik Ak\u0131\u015f \u00d6l\u00e7er","score":59,"analysis":{"keyphraseInTitle":{"score":9,"maxScore":9,"error":0},"keyphraseInDescription":{"score":9,"maxScore":9,"error":0},"keyphraseLength":{"score":6,"maxScore":9,"error":1,"length":5},"keyphraseInURL":{"score":5,"maxScore":5,"error":0},"keyphraseInIntroduction":{"score":3,"maxScore":9,"error":1},"keyphraseInSubHeadings":{"score":3,"maxScore":9,"error":1},"keyphraseInImageAlt":[],"keywordDensity":{"score":0,"type":"low","maxScore":9,"error":1}}},"additional":[]},"primary_term":null,"canonical_url":null,"og_title":null,"og_description":null,"og_object_type":"default","og_image_type":"default","og_image_url":null,"og_image_width":null,"og_image_height":null,"og_image_custom_url":null,"og_image_custom_fields":null,"og_video":"","og_custom_url":null,"og_article_section":null,"og_article_tags":null,"twitter_use_og":false,"twitter_card":"default","twitter_image_type":"default","twitter_image_url":null,"twitter_image_custom_url":null,"twitter_image_custom_fields":null,"twitter_title":null,"twitter_description":null,"schema":{"blockGraphs":[],"customGraphs":[],"default":{"data":{"Article":[],"Course":[],"Dataset":[],"FAQPage":[],"Movie":[],"Person":[],"Product":[],"ProductReview":[],"Car":[],"Recipe":[],"Service":[],"SoftwareApplication":[],"WebPage":[]},"graphName":"ItemPage","isEnabled":true},"graphs":[]},"schema_type":"default","schema_type_options":null,"pillar_content":false,"robots_default":true,"robots_noindex":false,"robots_noarchive":false,"robots_nosnippet":false,"robots_nofollow":false,"robots_noimageindex":false,"robots_noodp":false,"robots_notranslate":false,"robots_max_snippet":"-1","robots_max_videopreview":"-1","robots_max_imagepreview":"large","priority":null,"frequency":"default","local_seo":null,"seo_analyzer_scan_date":"2026-02-18 08:44:05","breadcrumb_settings":null,"limit_modified_date":false,"reviewed_by":null,"open_ai":null,"ai":{"faqs":[],"keyPoints":[],"titles":[],"descriptions":[],"socialPosts":{"email":[],"linkedin":[],"twitter":[],"facebook":[],"instagram":[]}},"created":"2025-09-29 09:14:27","updated":"2026-02-18 08:44:05"},"aioseo_breadcrumb":"<div class=\"aioseo-breadcrumbs\"><span class=\"aioseo-breadcrumb\">\n\t<a href=\"https:\/\/enermak.com\/en\" title=\"Home\">Home<\/a>\n<\/span><span class=\"aioseo-breadcrumb-separator\">\u00bb<\/span><span class=\"aioseo-breadcrumb\">\n\t<a href=\"https:\/\/enermak.com\/en\/urunler\/\" title=\"\u00dcr\u00fcnler\">\u00dcr\u00fcnler<\/a>\n<\/span><span class=\"aioseo-breadcrumb-separator\">\u00bb<\/span><span class=\"aioseo-breadcrumb\">\n\t<a href=\"https:\/\/enermak.com\/en\/brand\/tokyo-keiki\/\" title=\"TOKYO KEIKI\">TOKYO KEIKI<\/a>\n<\/span><span class=\"aioseo-breadcrumb-separator\">\u00bb<\/span><span class=\"aioseo-breadcrumb\">\n\tUFP-30 Ultrasonik Ak\u0131\u015f \u00d6l\u00e7er\n<\/span><\/div>","aioseo_breadcrumb_json":[{"label":"Home","link":"https:\/\/enermak.com\/en"},{"label":"\u00dcr\u00fcnler","link":"https:\/\/enermak.com\/en\/urunler\/"},{"label":"TOKYO KEIKI","link":"https:\/\/enermak.com\/en\/brand\/tokyo-keiki\/"},{"label":"UFP-30 Ultrasonik Ak\u0131\u015f \u00d6l\u00e7er","link":"https:\/\/enermak.com\/en\/urunler\/ufp-30-ultrasonik-akis-olcer\/"}],"_links":{"self":[{"href":"https:\/\/enermak.com\/en\/wp-json\/wp\/v2\/product\/36518","targetHints":{"allow":["GET"]}}],"collection":[{"href":"https:\/\/enermak.com\/en\/wp-json\/wp\/v2\/product"}],"about":[{"href":"https:\/\/enermak.com\/en\/wp-json\/wp\/v2\/types\/product"}],"version-history":[{"count":0,"href":"https:\/\/enermak.com\/en\/wp-json\/wp\/v2\/product\/36518\/revisions"}],"wp:featuredmedia":[{"embeddable":true,"href":"https:\/\/enermak.com\/en\/wp-json\/wp\/v2\/media\/36544"}],"wp:attachment":[{"href":"https:\/\/enermak.com\/en\/wp-json\/wp\/v2\/media?parent=36518"}],"wp:term":[{"taxonomy":"product_brand","embeddable":true,"href":"https:\/\/enermak.com\/en\/wp-json\/wp\/v2\/product_brand?post=36518"},{"taxonomy":"product_cat","embeddable":true,"href":"https:\/\/enermak.com\/en\/wp-json\/wp\/v2\/product_cat?post=36518"},{"taxonomy":"product_tag","embeddable":true,"href":"https:\/\/enermak.com\/en\/wp-json\/wp\/v2\/product_tag?post=36518"},{"taxonomy":"product_brands","embeddable":true,"href":"https:\/\/enermak.com\/en\/wp-json\/wp\/v2\/product_brands?post=36518"}],"curies":[{"name":"wp","href":"https:\/\/api.w.org\/{rel}","templated":true}]}}